{"id":9462,"date":"2023-08-10T09:39:07","date_gmt":"2023-08-10T06:39:07","guid":{"rendered":"https:\/\/vallox.com\/product\/montering-av-ram-for-vallox-takflaktar\/"},"modified":"2026-04-24T00:03:31","modified_gmt":"2026-04-23T21:03:31","slug":"montering-av-ram-for-vallox-takflaktar","status":"publish","type":"product","link":"https:\/\/www.vallox.com\/sv\/produkt\/montering-av-ram-for-vallox-takflaktar\/","title":{"rendered":"Montering av ram f\u00f6r Vallox 15P-EC och 15P-ECH -takfl\u00e4ktar"},"content":{"rendered":"","protected":false},"excerpt":{"rendered":"","protected":false},"featured_media":0,"template":"","meta":{"_acf_changed":false},"product_brand":[],"product_cat":[218],"product_tag":[],"class_list":{"0":"post-9462","1":"product","2":"type-product","3":"status-publish","5":"product_cat-takflaktar-flaktar","7":"first","8":"instock","9":"taxable","10":"shipping-taxable","11":"product-type-simple"},"acf":[],"yoast_head":"<!-- This site is optimized with the Yoast SEO plugin v26.9 - https:\/\/yoast.com\/product\/yoast-seo-wordpress\/ -->\n<title>Montering av ram f\u00f6r Vallox 15P-EC och 15P-ECH -takfl\u00e4ktar - Vallox<\/title>\n<meta name=\"description\" content=\"Montering av ram f\u00f6r Vallox 15P-EC och 15P-ECH -takfl\u00e4ktar\" \/>\n<meta name=\"robots\" content=\"index, follow, max-snippet:-1, max-image-preview:large, max-video-preview:-1\" \/>\n<link rel=\"canonical\" href=\"https:\/\/www.vallox.com\/sv\/produkt\/montering-av-ram-for-vallox-takflaktar\/\" \/>\n<meta property=\"og:locale\" content=\"sv_SE\" \/>\n<meta property=\"og:type\" content=\"article\" \/>\n<meta property=\"og:title\" content=\"Montering av ram f\u00f6r Vallox 15P-EC och 15P-ECH -takfl\u00e4ktar - Vallox\" \/>\n<meta property=\"og:description\" content=\"Montering av ram f\u00f6r Vallox 15P-EC och 15P-ECH -takfl\u00e4ktar\" \/>\n<meta property=\"og:url\" content=\"https:\/\/www.vallox.com\/sv\/produkt\/montering-av-ram-for-vallox-takflaktar\/\" \/>\n<meta property=\"og:site_name\" content=\"Vallox\" \/>\n<meta property=\"article:modified_time\" content=\"2026-04-23T21:03:31+00:00\" \/>\n<meta name=\"twitter:card\" content=\"summary_large_image\" \/>\n<script type=\"application\/ld+json\" class=\"yoast-schema-graph\">{\"@context\":\"https:\/\/schema.org\",\"@graph\":[{\"@type\":\"WebPage\",\"@id\":\"https:\/\/www.vallox.com\/sv\/produkt\/montering-av-ram-for-vallox-takflaktar\/\",\"url\":\"https:\/\/www.vallox.com\/sv\/produkt\/montering-av-ram-for-vallox-takflaktar\/\",\"name\":\"Montering av ram f\u00f6r Vallox 15P-EC och 15P-ECH -takfl\u00e4ktar - Vallox\",\"isPartOf\":{\"@id\":\"https:\/\/www.vallox.com\/sv\/#website\"},\"datePublished\":\"2023-08-10T06:39:07+00:00\",\"dateModified\":\"2026-04-23T21:03:31+00:00\",\"description\":\"Montering av ram f\u00f6r Vallox 15P-EC och 15P-ECH -takfl\u00e4ktar\",\"breadcrumb\":{\"@id\":\"https:\/\/www.vallox.com\/sv\/produkt\/montering-av-ram-for-vallox-takflaktar\/#breadcrumb\"},\"inLanguage\":\"sv-SE\",\"potentialAction\":[{\"@type\":\"ReadAction\",\"target\":[\"https:\/\/www.vallox.com\/sv\/produkt\/montering-av-ram-for-vallox-takflaktar\/\"]}]},{\"@type\":\"BreadcrumbList\",\"@id\":\"https:\/\/www.vallox.com\/sv\/produkt\/montering-av-ram-for-vallox-takflaktar\/#breadcrumb\",\"itemListElement\":[{\"@type\":\"ListItem\",\"position\":1,\"name\":\"Home\",\"item\":\"https:\/\/www.vallox.com\/sv\/\"},{\"@type\":\"ListItem\",\"position\":2,\"name\":\"Montering av ram f\u00f6r Vallox 15P-EC och 15P-ECH -takfl\u00e4ktar\"}]},{\"@type\":\"WebSite\",\"@id\":\"https:\/\/www.vallox.com\/sv\/#website\",\"url\":\"https:\/\/www.vallox.com\/sv\/\",\"name\":\"Vallox\",\"description\":\"\",\"potentialAction\":[{\"@type\":\"SearchAction\",\"target\":{\"@type\":\"EntryPoint\",\"urlTemplate\":\"https:\/\/www.vallox.com\/sv\/?s={search_term_string}\"},\"query-input\":{\"@type\":\"PropertyValueSpecification\",\"valueRequired\":true,\"valueName\":\"search_term_string\"}}],\"inLanguage\":\"sv-SE\"}]}<\/script>\n<!-- \/ Yoast SEO plugin. -->","yoast_head_json":{"title":"Montering av ram f\u00f6r Vallox 15P-EC och 15P-ECH -takfl\u00e4ktar - Vallox","description":"Montering av ram f\u00f6r Vallox 15P-EC och 15P-ECH -takfl\u00e4ktar","robots":{"index":"index","follow":"follow","max-snippet":"max-snippet:-1","max-image-preview":"max-image-preview:large","max-video-preview":"max-video-preview:-1"},"canonical":"https:\/\/www.vallox.com\/sv\/produkt\/montering-av-ram-for-vallox-takflaktar\/","og_locale":"sv_SE","og_type":"article","og_title":"Montering av ram f\u00f6r Vallox 15P-EC och 15P-ECH -takfl\u00e4ktar - Vallox","og_description":"Montering av ram f\u00f6r Vallox 15P-EC och 15P-ECH -takfl\u00e4ktar","og_url":"https:\/\/www.vallox.com\/sv\/produkt\/montering-av-ram-for-vallox-takflaktar\/","og_site_name":"Vallox","article_modified_time":"2026-04-23T21:03:31+00:00","twitter_card":"summary_large_image","schema":{"@context":"https:\/\/schema.org","@graph":[{"@type":"WebPage","@id":"https:\/\/www.vallox.com\/sv\/produkt\/montering-av-ram-for-vallox-takflaktar\/","url":"https:\/\/www.vallox.com\/sv\/produkt\/montering-av-ram-for-vallox-takflaktar\/","name":"Montering av ram f\u00f6r Vallox 15P-EC och 15P-ECH -takfl\u00e4ktar - Vallox","isPartOf":{"@id":"https:\/\/www.vallox.com\/sv\/#website"},"datePublished":"2023-08-10T06:39:07+00:00","dateModified":"2026-04-23T21:03:31+00:00","description":"Montering av ram f\u00f6r Vallox 15P-EC och 15P-ECH -takfl\u00e4ktar","breadcrumb":{"@id":"https:\/\/www.vallox.com\/sv\/produkt\/montering-av-ram-for-vallox-takflaktar\/#breadcrumb"},"inLanguage":"sv-SE","potentialAction":[{"@type":"ReadAction","target":["https:\/\/www.vallox.com\/sv\/produkt\/montering-av-ram-for-vallox-takflaktar\/"]}]},{"@type":"BreadcrumbList","@id":"https:\/\/www.vallox.com\/sv\/produkt\/montering-av-ram-for-vallox-takflaktar\/#breadcrumb","itemListElement":[{"@type":"ListItem","position":1,"name":"Home","item":"https:\/\/www.vallox.com\/sv\/"},{"@type":"ListItem","position":2,"name":"Montering av ram f\u00f6r Vallox 15P-EC och 15P-ECH -takfl\u00e4ktar"}]},{"@type":"WebSite","@id":"https:\/\/www.vallox.com\/sv\/#website","url":"https:\/\/www.vallox.com\/sv\/","name":"Vallox","description":"","potentialAction":[{"@type":"SearchAction","target":{"@type":"EntryPoint","urlTemplate":"https:\/\/www.vallox.com\/sv\/?s={search_term_string}"},"query-input":{"@type":"PropertyValueSpecification","valueRequired":true,"valueName":"search_term_string"}}],"inLanguage":"sv-SE"}]}},"_links":{"self":[{"href":"https:\/\/www.vallox.com\/sv\/wp-json\/wp\/v2\/product\/9462","targetHints":{"allow":["GET"]}}],"collection":[{"href":"https:\/\/www.vallox.com\/sv\/wp-json\/wp\/v2\/product"}],"about":[{"href":"https:\/\/www.vallox.com\/sv\/wp-json\/wp\/v2\/types\/product"}],"wp:attachment":[{"href":"https:\/\/www.vallox.com\/sv\/wp-json\/wp\/v2\/media?parent=9462"}],"wp:term":[{"taxonomy":"product_brand","embeddable":true,"href":"https:\/\/www.vallox.com\/sv\/wp-json\/wp\/v2\/product_brand?post=9462"},{"taxonomy":"product_cat","embeddable":true,"href":"https:\/\/www.vallox.com\/sv\/wp-json\/wp\/v2\/product_cat?post=9462"},{"taxonomy":"product_tag","embeddable":true,"href":"https:\/\/www.vallox.com\/sv\/wp-json\/wp\/v2\/product_tag?post=9462"}],"curies":[{"name":"wp","href":"https:\/\/api.w.org\/{rel}","templated":true}]}}