{"id":9005,"date":"2023-08-08T09:27:25","date_gmt":"2023-08-08T06:27:25","guid":{"rendered":"https:\/\/vallox.com\/product\/vallox-delico-ktd\/"},"modified":"2026-04-15T20:03:35","modified_gmt":"2026-04-15T17:03:35","slug":"vallox-delico-ktd","status":"publish","type":"product","link":"https:\/\/www.vallox.com\/sv\/produkt\/vallox-delico-ktd\/","title":{"rendered":"Vallox Delico KTD"},"content":{"rendered":"<p><a href=\"https:\/\/www.vallox.com\/sv\/vallox-delico\/\">L\u00e4s mer och se <strong>videor av produktintroduktion och installation<\/strong> av Vallox Delico -spisk\u00e5porna.<\/a><\/p>\n","protected":false},"excerpt":{"rendered":"<p>L\u00e4s mer och se videor av produktintroduktion och installation av Vallox Delico -spisk\u00e5porna.<\/p>\n","protected":false},"featured_media":0,"template":"","meta":{"_acf_changed":false},"product_brand":[],"product_cat":[214],"product_tag":[],"class_list":{"0":"post-9005","1":"product","2":"type-product","3":"status-publish","5":"product_cat-spisflaktar","7":"first","8":"instock","9":"taxable","10":"shipping-taxable","11":"product-type-simple"},"acf":[],"yoast_head":"<!-- This site is optimized with the Yoast SEO plugin v26.9 - https:\/\/yoast.com\/product\/yoast-seo-wordpress\/ -->\n<title>Vallox Delico KTD - Vallox<\/title>\n<meta name=\"description\" content=\"Vallox Delico KTD \u00e4r en spisk\u00e5pa f\u00f6r anslutning till gemensamma kanalsystem i flerv\u00e5ningshus.\" \/>\n<meta name=\"robots\" content=\"index, follow, max-snippet:-1, max-image-preview:large, max-video-preview:-1\" \/>\n<link rel=\"canonical\" href=\"https:\/\/www.vallox.com\/sv\/produkt\/vallox-delico-ktd\/\" \/>\n<meta property=\"og:locale\" content=\"sv_SE\" \/>\n<meta property=\"og:type\" content=\"article\" \/>\n<meta property=\"og:title\" content=\"Vallox Delico KTD - Vallox\" \/>\n<meta property=\"og:description\" content=\"Vallox Delico KTD \u00e4r en spisk\u00e5pa f\u00f6r anslutning till gemensamma kanalsystem i flerv\u00e5ningshus.\" \/>\n<meta property=\"og:url\" content=\"https:\/\/www.vallox.com\/sv\/produkt\/vallox-delico-ktd\/\" \/>\n<meta property=\"og:site_name\" content=\"Vallox\" \/>\n<meta property=\"article:modified_time\" content=\"2026-04-15T17:03:35+00:00\" \/>\n<meta name=\"twitter:card\" content=\"summary_large_image\" \/>\n<meta name=\"twitter:label1\" content=\"Est. reading time\" \/>\n\t<meta name=\"twitter:data1\" content=\"1 minute\" \/>\n<script type=\"application\/ld+json\" class=\"yoast-schema-graph\">{\"@context\":\"https:\/\/schema.org\",\"@graph\":[{\"@type\":\"WebPage\",\"@id\":\"https:\/\/www.vallox.com\/sv\/produkt\/vallox-delico-ktd\/\",\"url\":\"https:\/\/www.vallox.com\/sv\/produkt\/vallox-delico-ktd\/\",\"name\":\"Vallox Delico KTD - Vallox\",\"isPartOf\":{\"@id\":\"https:\/\/www.vallox.com\/sv\/#website\"},\"datePublished\":\"2023-08-08T06:27:25+00:00\",\"dateModified\":\"2026-04-15T17:03:35+00:00\",\"description\":\"Vallox Delico KTD \u00e4r en spisk\u00e5pa f\u00f6r anslutning till gemensamma kanalsystem i flerv\u00e5ningshus.\",\"breadcrumb\":{\"@id\":\"https:\/\/www.vallox.com\/sv\/produkt\/vallox-delico-ktd\/#breadcrumb\"},\"inLanguage\":\"sv-SE\",\"potentialAction\":[{\"@type\":\"ReadAction\",\"target\":[\"https:\/\/www.vallox.com\/sv\/produkt\/vallox-delico-ktd\/\"]}]},{\"@type\":\"BreadcrumbList\",\"@id\":\"https:\/\/www.vallox.com\/sv\/produkt\/vallox-delico-ktd\/#breadcrumb\",\"itemListElement\":[{\"@type\":\"ListItem\",\"position\":1,\"name\":\"Home\",\"item\":\"https:\/\/www.vallox.com\/sv\/\"},{\"@type\":\"ListItem\",\"position\":2,\"name\":\"Vallox Delico KTD\"}]},{\"@type\":\"WebSite\",\"@id\":\"https:\/\/www.vallox.com\/sv\/#website\",\"url\":\"https:\/\/www.vallox.com\/sv\/\",\"name\":\"Vallox\",\"description\":\"\",\"potentialAction\":[{\"@type\":\"SearchAction\",\"target\":{\"@type\":\"EntryPoint\",\"urlTemplate\":\"https:\/\/www.vallox.com\/sv\/?s={search_term_string}\"},\"query-input\":{\"@type\":\"PropertyValueSpecification\",\"valueRequired\":true,\"valueName\":\"search_term_string\"}}],\"inLanguage\":\"sv-SE\"}]}<\/script>\n<!-- \/ Yoast SEO plugin. -->","yoast_head_json":{"title":"Vallox Delico KTD - Vallox","description":"Vallox Delico KTD \u00e4r en spisk\u00e5pa f\u00f6r anslutning till gemensamma kanalsystem i flerv\u00e5ningshus.","robots":{"index":"index","follow":"follow","max-snippet":"max-snippet:-1","max-image-preview":"max-image-preview:large","max-video-preview":"max-video-preview:-1"},"canonical":"https:\/\/www.vallox.com\/sv\/produkt\/vallox-delico-ktd\/","og_locale":"sv_SE","og_type":"article","og_title":"Vallox Delico KTD - Vallox","og_description":"Vallox Delico KTD \u00e4r en spisk\u00e5pa f\u00f6r anslutning till gemensamma kanalsystem i flerv\u00e5ningshus.","og_url":"https:\/\/www.vallox.com\/sv\/produkt\/vallox-delico-ktd\/","og_site_name":"Vallox","article_modified_time":"2026-04-15T17:03:35+00:00","twitter_card":"summary_large_image","twitter_misc":{"Est. reading time":"1 minute"},"schema":{"@context":"https:\/\/schema.org","@graph":[{"@type":"WebPage","@id":"https:\/\/www.vallox.com\/sv\/produkt\/vallox-delico-ktd\/","url":"https:\/\/www.vallox.com\/sv\/produkt\/vallox-delico-ktd\/","name":"Vallox Delico KTD - Vallox","isPartOf":{"@id":"https:\/\/www.vallox.com\/sv\/#website"},"datePublished":"2023-08-08T06:27:25+00:00","dateModified":"2026-04-15T17:03:35+00:00","description":"Vallox Delico KTD \u00e4r en spisk\u00e5pa f\u00f6r anslutning till gemensamma kanalsystem i flerv\u00e5ningshus.","breadcrumb":{"@id":"https:\/\/www.vallox.com\/sv\/produkt\/vallox-delico-ktd\/#breadcrumb"},"inLanguage":"sv-SE","potentialAction":[{"@type":"ReadAction","target":["https:\/\/www.vallox.com\/sv\/produkt\/vallox-delico-ktd\/"]}]},{"@type":"BreadcrumbList","@id":"https:\/\/www.vallox.com\/sv\/produkt\/vallox-delico-ktd\/#breadcrumb","itemListElement":[{"@type":"ListItem","position":1,"name":"Home","item":"https:\/\/www.vallox.com\/sv\/"},{"@type":"ListItem","position":2,"name":"Vallox Delico KTD"}]},{"@type":"WebSite","@id":"https:\/\/www.vallox.com\/sv\/#website","url":"https:\/\/www.vallox.com\/sv\/","name":"Vallox","description":"","potentialAction":[{"@type":"SearchAction","target":{"@type":"EntryPoint","urlTemplate":"https:\/\/www.vallox.com\/sv\/?s={search_term_string}"},"query-input":{"@type":"PropertyValueSpecification","valueRequired":true,"valueName":"search_term_string"}}],"inLanguage":"sv-SE"}]}},"_links":{"self":[{"href":"https:\/\/www.vallox.com\/sv\/wp-json\/wp\/v2\/product\/9005","targetHints":{"allow":["GET"]}}],"collection":[{"href":"https:\/\/www.vallox.com\/sv\/wp-json\/wp\/v2\/product"}],"about":[{"href":"https:\/\/www.vallox.com\/sv\/wp-json\/wp\/v2\/types\/product"}],"wp:attachment":[{"href":"https:\/\/www.vallox.com\/sv\/wp-json\/wp\/v2\/media?parent=9005"}],"wp:term":[{"taxonomy":"product_brand","embeddable":true,"href":"https:\/\/www.vallox.com\/sv\/wp-json\/wp\/v2\/product_brand?post=9005"},{"taxonomy":"product_cat","embeddable":true,"href":"https:\/\/www.vallox.com\/sv\/wp-json\/wp\/v2\/product_cat?post=9005"},{"taxonomy":"product_tag","embeddable":true,"href":"https:\/\/www.vallox.com\/sv\/wp-json\/wp\/v2\/product_tag?post=9005"}],"curies":[{"name":"wp","href":"https:\/\/api.w.org\/{rel}","templated":true}]}}