{"id":3196,"date":"2023-06-19T12:54:23","date_gmt":"2023-06-19T09:54:23","guid":{"rendered":"https:\/\/vallox.com\/product\/vallox-pureo-tx-1800\/"},"modified":"2026-04-23T18:03:54","modified_gmt":"2026-04-23T15:03:54","slug":"vallox-pureo-tx-1800","status":"publish","type":"product","link":"https:\/\/www.vallox.com\/sv\/produkt\/vallox-pureo-tx-1800\/","title":{"rendered":"Vallox Pureo TX 1800"},"content":{"rendered":"<p><a href=\"https:\/\/www.vallox.com\/sv\/vallox-pureo\/\">L\u00e4s mer och se\u00a0<strong>produktintroduktionsvideo<\/strong>\u00a0av Vallox Pureo -luftbehandlingsaggregaten.<\/a><\/p>\n","protected":false},"excerpt":{"rendered":"<p>L\u00e4s mer och se\u00a0produktintroduktionsvideo\u00a0av Vallox Pureo -luftbehandlingsaggregaten.<\/p>\n","protected":false},"featured_media":0,"template":"","meta":{"_acf_changed":false},"product_brand":[],"product_cat":[300],"product_tag":[],"class_list":{"0":"post-3196","1":"product","2":"type-product","3":"status-publish","5":"product_cat-vallox-pureo-tx-luftbehandlingsaggregat","7":"first","8":"instock","9":"taxable","10":"shipping-taxable","11":"product-type-simple"},"acf":[],"yoast_head":"<!-- This site is optimized with the Yoast SEO plugin v26.9 - https:\/\/yoast.com\/product\/yoast-seo-wordpress\/ -->\n<title>Vallox Pureo TX 1800 - Vallox<\/title>\n<meta name=\"description\" content=\"Vallox Pureo TX 1800 \u00e4r ett modul\u00e4rt luftbehandlingsaggregat designat f\u00f6r stora lokaler, till exempel skolor, daghem, idrottshallar och aff\u00e4rslokaler.\" \/>\n<meta name=\"robots\" content=\"index, follow, max-snippet:-1, max-image-preview:large, max-video-preview:-1\" \/>\n<link rel=\"canonical\" href=\"https:\/\/www.vallox.com\/sv\/produkt\/vallox-pureo-tx-1800\/\" \/>\n<meta property=\"og:locale\" content=\"sv_SE\" \/>\n<meta property=\"og:type\" content=\"article\" \/>\n<meta property=\"og:title\" content=\"Vallox Pureo TX 1800 - Vallox\" \/>\n<meta property=\"og:description\" content=\"Vallox Pureo TX 1800 \u00e4r ett modul\u00e4rt luftbehandlingsaggregat designat f\u00f6r stora lokaler, till exempel skolor, daghem, idrottshallar och aff\u00e4rslokaler.\" \/>\n<meta property=\"og:url\" content=\"https:\/\/www.vallox.com\/sv\/produkt\/vallox-pureo-tx-1800\/\" \/>\n<meta property=\"og:site_name\" content=\"Vallox\" \/>\n<meta property=\"article:modified_time\" content=\"2026-04-23T15:03:54+00:00\" \/>\n<meta name=\"twitter:card\" content=\"summary_large_image\" \/>\n<meta name=\"twitter:label1\" content=\"Est. reading time\" \/>\n\t<meta name=\"twitter:data1\" content=\"1 minute\" \/>\n<script type=\"application\/ld+json\" class=\"yoast-schema-graph\">{\"@context\":\"https:\/\/schema.org\",\"@graph\":[{\"@type\":\"WebPage\",\"@id\":\"https:\/\/www.vallox.com\/sv\/produkt\/vallox-pureo-tx-1800\/\",\"url\":\"https:\/\/www.vallox.com\/sv\/produkt\/vallox-pureo-tx-1800\/\",\"name\":\"Vallox Pureo TX 1800 - Vallox\",\"isPartOf\":{\"@id\":\"https:\/\/www.vallox.com\/sv\/#website\"},\"datePublished\":\"2023-06-19T09:54:23+00:00\",\"dateModified\":\"2026-04-23T15:03:54+00:00\",\"description\":\"Vallox Pureo TX 1800 \u00e4r ett modul\u00e4rt luftbehandlingsaggregat designat f\u00f6r stora lokaler, till exempel skolor, daghem, idrottshallar och aff\u00e4rslokaler.\",\"breadcrumb\":{\"@id\":\"https:\/\/www.vallox.com\/sv\/produkt\/vallox-pureo-tx-1800\/#breadcrumb\"},\"inLanguage\":\"sv-SE\",\"potentialAction\":[{\"@type\":\"ReadAction\",\"target\":[\"https:\/\/www.vallox.com\/sv\/produkt\/vallox-pureo-tx-1800\/\"]}]},{\"@type\":\"BreadcrumbList\",\"@id\":\"https:\/\/www.vallox.com\/sv\/produkt\/vallox-pureo-tx-1800\/#breadcrumb\",\"itemListElement\":[{\"@type\":\"ListItem\",\"position\":1,\"name\":\"Home\",\"item\":\"https:\/\/www.vallox.com\/sv\/\"},{\"@type\":\"ListItem\",\"position\":2,\"name\":\"Vallox Pureo TX 1800\"}]},{\"@type\":\"WebSite\",\"@id\":\"https:\/\/www.vallox.com\/sv\/#website\",\"url\":\"https:\/\/www.vallox.com\/sv\/\",\"name\":\"Vallox\",\"description\":\"\",\"potentialAction\":[{\"@type\":\"SearchAction\",\"target\":{\"@type\":\"EntryPoint\",\"urlTemplate\":\"https:\/\/www.vallox.com\/sv\/?s={search_term_string}\"},\"query-input\":{\"@type\":\"PropertyValueSpecification\",\"valueRequired\":true,\"valueName\":\"search_term_string\"}}],\"inLanguage\":\"sv-SE\"}]}<\/script>\n<!-- \/ Yoast SEO plugin. -->","yoast_head_json":{"title":"Vallox Pureo TX 1800 - Vallox","description":"Vallox Pureo TX 1800 \u00e4r ett modul\u00e4rt luftbehandlingsaggregat designat f\u00f6r stora lokaler, till exempel skolor, daghem, idrottshallar och aff\u00e4rslokaler.","robots":{"index":"index","follow":"follow","max-snippet":"max-snippet:-1","max-image-preview":"max-image-preview:large","max-video-preview":"max-video-preview:-1"},"canonical":"https:\/\/www.vallox.com\/sv\/produkt\/vallox-pureo-tx-1800\/","og_locale":"sv_SE","og_type":"article","og_title":"Vallox Pureo TX 1800 - Vallox","og_description":"Vallox Pureo TX 1800 \u00e4r ett modul\u00e4rt luftbehandlingsaggregat designat f\u00f6r stora lokaler, till exempel skolor, daghem, idrottshallar och aff\u00e4rslokaler.","og_url":"https:\/\/www.vallox.com\/sv\/produkt\/vallox-pureo-tx-1800\/","og_site_name":"Vallox","article_modified_time":"2026-04-23T15:03:54+00:00","twitter_card":"summary_large_image","twitter_misc":{"Est. reading time":"1 minute"},"schema":{"@context":"https:\/\/schema.org","@graph":[{"@type":"WebPage","@id":"https:\/\/www.vallox.com\/sv\/produkt\/vallox-pureo-tx-1800\/","url":"https:\/\/www.vallox.com\/sv\/produkt\/vallox-pureo-tx-1800\/","name":"Vallox Pureo TX 1800 - Vallox","isPartOf":{"@id":"https:\/\/www.vallox.com\/sv\/#website"},"datePublished":"2023-06-19T09:54:23+00:00","dateModified":"2026-04-23T15:03:54+00:00","description":"Vallox Pureo TX 1800 \u00e4r ett modul\u00e4rt luftbehandlingsaggregat designat f\u00f6r stora lokaler, till exempel skolor, daghem, idrottshallar och aff\u00e4rslokaler.","breadcrumb":{"@id":"https:\/\/www.vallox.com\/sv\/produkt\/vallox-pureo-tx-1800\/#breadcrumb"},"inLanguage":"sv-SE","potentialAction":[{"@type":"ReadAction","target":["https:\/\/www.vallox.com\/sv\/produkt\/vallox-pureo-tx-1800\/"]}]},{"@type":"BreadcrumbList","@id":"https:\/\/www.vallox.com\/sv\/produkt\/vallox-pureo-tx-1800\/#breadcrumb","itemListElement":[{"@type":"ListItem","position":1,"name":"Home","item":"https:\/\/www.vallox.com\/sv\/"},{"@type":"ListItem","position":2,"name":"Vallox Pureo TX 1800"}]},{"@type":"WebSite","@id":"https:\/\/www.vallox.com\/sv\/#website","url":"https:\/\/www.vallox.com\/sv\/","name":"Vallox","description":"","potentialAction":[{"@type":"SearchAction","target":{"@type":"EntryPoint","urlTemplate":"https:\/\/www.vallox.com\/sv\/?s={search_term_string}"},"query-input":{"@type":"PropertyValueSpecification","valueRequired":true,"valueName":"search_term_string"}}],"inLanguage":"sv-SE"}]}},"_links":{"self":[{"href":"https:\/\/www.vallox.com\/sv\/wp-json\/wp\/v2\/product\/3196","targetHints":{"allow":["GET"]}}],"collection":[{"href":"https:\/\/www.vallox.com\/sv\/wp-json\/wp\/v2\/product"}],"about":[{"href":"https:\/\/www.vallox.com\/sv\/wp-json\/wp\/v2\/types\/product"}],"wp:attachment":[{"href":"https:\/\/www.vallox.com\/sv\/wp-json\/wp\/v2\/media?parent=3196"}],"wp:term":[{"taxonomy":"product_brand","embeddable":true,"href":"https:\/\/www.vallox.com\/sv\/wp-json\/wp\/v2\/product_brand?post=3196"},{"taxonomy":"product_cat","embeddable":true,"href":"https:\/\/www.vallox.com\/sv\/wp-json\/wp\/v2\/product_cat?post=3196"},{"taxonomy":"product_tag","embeddable":true,"href":"https:\/\/www.vallox.com\/sv\/wp-json\/wp\/v2\/product_tag?post=3196"}],"curies":[{"name":"wp","href":"https:\/\/api.w.org\/{rel}","templated":true}]}}