{"id":26733,"date":"2025-09-17T08:20:01","date_gmt":"2025-09-17T05:20:01","guid":{"rendered":"https:\/\/www.vallox.com\/product\/myvallox-125d-cfi\/"},"modified":"2026-04-15T22:03:22","modified_gmt":"2026-04-15T19:03:22","slug":"myvallox-125d-cfi","status":"publish","type":"product","link":"https:\/\/www.vallox.com\/sv\/produkt\/myvallox-125d-cfi\/","title":{"rendered":"MyVallox 125D CFi"},"content":{"rendered":"<p><a href=\"https:\/\/res.cloudinary.com\/vallox\/image\/upload\/v1759139955\/FileStock\/BrochuresAndGuides\/Vallox125MV-MyVallox125CFi_korrespondenstabell_SWE.pdf\">Se <strong>korrespondenstabellen<\/strong><\/a> f\u00f6r att se om denna modell \u00e4r l\u00e4mplig f\u00f6r att ers\u00e4tta ditt gamla ventilationsaggregat.<\/p>\n<p>L\u00e4s mer och se filmerna av <a href=\"https:\/\/www.vallox.com\/sv\/myvallox-125\/\">produktintroduktion och installation av ventilationsaggregatet.<\/a><\/p>\n","protected":false},"excerpt":{"rendered":"<p>Se korrespondenstabellen f\u00f6r att se om denna modell \u00e4r l\u00e4mplig f\u00f6r att ers\u00e4tta ditt gamla ventilationsaggregat. L\u00e4s mer och se filmerna av produktintroduktion och installation av ventilationsaggregatet.<\/p>\n","protected":false},"featured_media":0,"template":"","meta":{"_acf_changed":false},"product_brand":[],"product_cat":[348],"product_tag":[],"class_list":{"0":"post-26733","1":"product","2":"type-product","3":"status-publish","5":"product_cat-myvallox-125-cfi-ventilationsaggregat","7":"first","8":"instock","9":"taxable","10":"shipping-taxable","11":"product-type-simple"},"acf":[],"yoast_head":"<!-- This site is optimized with the Yoast SEO plugin v26.9 - https:\/\/yoast.com\/product\/yoast-seo-wordpress\/ -->\n<title>MyVallox 125D CFi - Vallox<\/title>\n<meta name=\"description\" content=\"MyVallox 125D CFi\" \/>\n<meta name=\"robots\" content=\"index, follow, max-snippet:-1, max-image-preview:large, max-video-preview:-1\" \/>\n<link rel=\"canonical\" href=\"https:\/\/www.vallox.com\/sv\/produkt\/myvallox-125d-cfi\/\" \/>\n<meta property=\"og:locale\" content=\"sv_SE\" \/>\n<meta property=\"og:type\" content=\"article\" \/>\n<meta property=\"og:title\" content=\"MyVallox 125D CFi - Vallox\" \/>\n<meta property=\"og:description\" content=\"MyVallox 125D CFi\" \/>\n<meta property=\"og:url\" content=\"https:\/\/www.vallox.com\/sv\/produkt\/myvallox-125d-cfi\/\" \/>\n<meta property=\"og:site_name\" content=\"Vallox\" \/>\n<meta property=\"article:modified_time\" content=\"2026-04-15T19:03:22+00:00\" \/>\n<meta name=\"twitter:card\" content=\"summary_large_image\" \/>\n<meta name=\"twitter:label1\" content=\"Est. reading time\" \/>\n\t<meta name=\"twitter:data1\" content=\"1 minute\" \/>\n<script type=\"application\/ld+json\" class=\"yoast-schema-graph\">{\"@context\":\"https:\/\/schema.org\",\"@graph\":[{\"@type\":\"WebPage\",\"@id\":\"https:\/\/www.vallox.com\/sv\/produkt\/myvallox-125d-cfi\/\",\"url\":\"https:\/\/www.vallox.com\/sv\/produkt\/myvallox-125d-cfi\/\",\"name\":\"MyVallox 125D CFi - Vallox\",\"isPartOf\":{\"@id\":\"https:\/\/www.vallox.com\/sv\/#website\"},\"datePublished\":\"2025-09-17T05:20:01+00:00\",\"dateModified\":\"2026-04-15T19:03:22+00:00\",\"description\":\"MyVallox 125D CFi\",\"breadcrumb\":{\"@id\":\"https:\/\/www.vallox.com\/sv\/produkt\/myvallox-125d-cfi\/#breadcrumb\"},\"inLanguage\":\"sv-SE\",\"potentialAction\":[{\"@type\":\"ReadAction\",\"target\":[\"https:\/\/www.vallox.com\/sv\/produkt\/myvallox-125d-cfi\/\"]}]},{\"@type\":\"BreadcrumbList\",\"@id\":\"https:\/\/www.vallox.com\/sv\/produkt\/myvallox-125d-cfi\/#breadcrumb\",\"itemListElement\":[{\"@type\":\"ListItem\",\"position\":1,\"name\":\"Home\",\"item\":\"https:\/\/www.vallox.com\/sv\/\"},{\"@type\":\"ListItem\",\"position\":2,\"name\":\"MyVallox 125D CFi\"}]},{\"@type\":\"WebSite\",\"@id\":\"https:\/\/www.vallox.com\/sv\/#website\",\"url\":\"https:\/\/www.vallox.com\/sv\/\",\"name\":\"Vallox\",\"description\":\"\",\"potentialAction\":[{\"@type\":\"SearchAction\",\"target\":{\"@type\":\"EntryPoint\",\"urlTemplate\":\"https:\/\/www.vallox.com\/sv\/?s={search_term_string}\"},\"query-input\":{\"@type\":\"PropertyValueSpecification\",\"valueRequired\":true,\"valueName\":\"search_term_string\"}}],\"inLanguage\":\"sv-SE\"}]}<\/script>\n<!-- \/ Yoast SEO plugin. -->","yoast_head_json":{"title":"MyVallox 125D CFi - Vallox","description":"MyVallox 125D CFi","robots":{"index":"index","follow":"follow","max-snippet":"max-snippet:-1","max-image-preview":"max-image-preview:large","max-video-preview":"max-video-preview:-1"},"canonical":"https:\/\/www.vallox.com\/sv\/produkt\/myvallox-125d-cfi\/","og_locale":"sv_SE","og_type":"article","og_title":"MyVallox 125D CFi - Vallox","og_description":"MyVallox 125D CFi","og_url":"https:\/\/www.vallox.com\/sv\/produkt\/myvallox-125d-cfi\/","og_site_name":"Vallox","article_modified_time":"2026-04-15T19:03:22+00:00","twitter_card":"summary_large_image","twitter_misc":{"Est. reading time":"1 minute"},"schema":{"@context":"https:\/\/schema.org","@graph":[{"@type":"WebPage","@id":"https:\/\/www.vallox.com\/sv\/produkt\/myvallox-125d-cfi\/","url":"https:\/\/www.vallox.com\/sv\/produkt\/myvallox-125d-cfi\/","name":"MyVallox 125D CFi - Vallox","isPartOf":{"@id":"https:\/\/www.vallox.com\/sv\/#website"},"datePublished":"2025-09-17T05:20:01+00:00","dateModified":"2026-04-15T19:03:22+00:00","description":"MyVallox 125D CFi","breadcrumb":{"@id":"https:\/\/www.vallox.com\/sv\/produkt\/myvallox-125d-cfi\/#breadcrumb"},"inLanguage":"sv-SE","potentialAction":[{"@type":"ReadAction","target":["https:\/\/www.vallox.com\/sv\/produkt\/myvallox-125d-cfi\/"]}]},{"@type":"BreadcrumbList","@id":"https:\/\/www.vallox.com\/sv\/produkt\/myvallox-125d-cfi\/#breadcrumb","itemListElement":[{"@type":"ListItem","position":1,"name":"Home","item":"https:\/\/www.vallox.com\/sv\/"},{"@type":"ListItem","position":2,"name":"MyVallox 125D CFi"}]},{"@type":"WebSite","@id":"https:\/\/www.vallox.com\/sv\/#website","url":"https:\/\/www.vallox.com\/sv\/","name":"Vallox","description":"","potentialAction":[{"@type":"SearchAction","target":{"@type":"EntryPoint","urlTemplate":"https:\/\/www.vallox.com\/sv\/?s={search_term_string}"},"query-input":{"@type":"PropertyValueSpecification","valueRequired":true,"valueName":"search_term_string"}}],"inLanguage":"sv-SE"}]}},"_links":{"self":[{"href":"https:\/\/www.vallox.com\/sv\/wp-json\/wp\/v2\/product\/26733","targetHints":{"allow":["GET"]}}],"collection":[{"href":"https:\/\/www.vallox.com\/sv\/wp-json\/wp\/v2\/product"}],"about":[{"href":"https:\/\/www.vallox.com\/sv\/wp-json\/wp\/v2\/types\/product"}],"wp:attachment":[{"href":"https:\/\/www.vallox.com\/sv\/wp-json\/wp\/v2\/media?parent=26733"}],"wp:term":[{"taxonomy":"product_brand","embeddable":true,"href":"https:\/\/www.vallox.com\/sv\/wp-json\/wp\/v2\/product_brand?post=26733"},{"taxonomy":"product_cat","embeddable":true,"href":"https:\/\/www.vallox.com\/sv\/wp-json\/wp\/v2\/product_cat?post=26733"},{"taxonomy":"product_tag","embeddable":true,"href":"https:\/\/www.vallox.com\/sv\/wp-json\/wp\/v2\/product_tag?post=26733"}],"curies":[{"name":"wp","href":"https:\/\/api.w.org\/{rel}","templated":true}]}}