{"id":15200,"date":"2023-09-01T16:03:04","date_gmt":"2023-09-01T13:03:04","guid":{"rendered":"https:\/\/vallox.com\/product\/vallox-exxeo-2500-takflagkt\/"},"modified":"2026-04-16T00:03:39","modified_gmt":"2026-04-15T21:03:39","slug":"vallox-exxeo-2500-takflagkt","status":"publish","type":"product","link":"https:\/\/www.vallox.com\/sv\/produkt\/vallox-exxeo-2500-takflagkt\/","title":{"rendered":"Vallox Exxeo 2500 takfl\u00e4kt"},"content":{"rendered":"<p class=\"elementtoproof\" style=\"margin-bottom: 8.0pt;\"><a href=\"https:\/\/res.cloudinary.com\/vallox\/image\/upload\/v1706169250\/FileStock\/BrochuresAndGuides\/TechnicalBrochure_ValloxExxeo_SWE.pdf\">Se broschyren f\u00f6r tekniska <\/a><a href=\"https:\/\/res.cloudinary.com\/vallox\/image\/upload\/v1706169250\/FileStock\/BrochuresAndGuides\/TechnicalBrochure_ValloxExxeo_SWE.pdf\">uppgifter om produkten.<\/a><\/p>\n<p><a href=\"https:\/\/www.vallox.com\/sv\/vallox-exxeo\/\">L\u00e4s mer och se <strong>produktintroduktionsvideo<\/strong> av Vallox Exxeo takfl\u00e4ktar.<\/a><\/p>\n<p><a href=\"https:\/\/res.cloudinary.com\/vallox\/image\/upload\/v1707985000\/FileStock\/BrochuresAndGuides\/Huippuimurien_vastaavuustaulukko_SWE.pdf\">Kontrollera i tabellen \u00f6ver motsvarighet vilken modell som kan ers\u00e4tta din gamla takfl\u00e4kt.<\/a><\/p>\n","protected":false},"excerpt":{"rendered":"<p>Se broschyren f\u00f6r tekniska uppgifter om produkten. L\u00e4s mer och se produktintroduktionsvideo av Vallox Exxeo takfl\u00e4ktar. Kontrollera i tabellen \u00f6ver motsvarighet vilken modell som kan ers\u00e4tta din gamla takfl\u00e4kt.<\/p>\n","protected":false},"featured_media":0,"template":"","meta":{"_acf_changed":false},"product_brand":[],"product_cat":[218],"product_tag":[],"class_list":{"0":"post-15200","1":"product","2":"type-product","3":"status-publish","5":"product_cat-takflaktar-flaktar","7":"first","8":"instock","9":"taxable","10":"shipping-taxable","11":"product-type-simple"},"acf":[],"yoast_head":"<!-- This site is optimized with the Yoast SEO plugin v26.9 - https:\/\/yoast.com\/product\/yoast-seo-wordpress\/ -->\n<title>Vallox Exxeo 2500 takfl\u00e4kt - Vallox<\/title>\n<meta name=\"description\" content=\"Vallox Exxeo 2500 takfl\u00e4kt\" \/>\n<meta name=\"robots\" content=\"index, follow, max-snippet:-1, max-image-preview:large, max-video-preview:-1\" \/>\n<link rel=\"canonical\" href=\"https:\/\/www.vallox.com\/sv\/produkt\/vallox-exxeo-2500-takflagkt\/\" \/>\n<meta property=\"og:locale\" content=\"sv_SE\" \/>\n<meta property=\"og:type\" content=\"article\" \/>\n<meta property=\"og:title\" content=\"Vallox Exxeo 2500 takfl\u00e4kt - Vallox\" \/>\n<meta property=\"og:description\" content=\"Vallox Exxeo 2500 takfl\u00e4kt\" \/>\n<meta property=\"og:url\" content=\"https:\/\/www.vallox.com\/sv\/produkt\/vallox-exxeo-2500-takflagkt\/\" \/>\n<meta property=\"og:site_name\" content=\"Vallox\" \/>\n<meta property=\"article:modified_time\" content=\"2026-04-15T21:03:39+00:00\" \/>\n<meta name=\"twitter:card\" content=\"summary_large_image\" \/>\n<meta name=\"twitter:label1\" content=\"Est. reading time\" \/>\n\t<meta name=\"twitter:data1\" content=\"1 minute\" \/>\n<script type=\"application\/ld+json\" class=\"yoast-schema-graph\">{\"@context\":\"https:\/\/schema.org\",\"@graph\":[{\"@type\":\"WebPage\",\"@id\":\"https:\/\/www.vallox.com\/sv\/produkt\/vallox-exxeo-2500-takflagkt\/\",\"url\":\"https:\/\/www.vallox.com\/sv\/produkt\/vallox-exxeo-2500-takflagkt\/\",\"name\":\"Vallox Exxeo 2500 takfl\u00e4kt - Vallox\",\"isPartOf\":{\"@id\":\"https:\/\/www.vallox.com\/sv\/#website\"},\"datePublished\":\"2023-09-01T13:03:04+00:00\",\"dateModified\":\"2026-04-15T21:03:39+00:00\",\"description\":\"Vallox Exxeo 2500 takfl\u00e4kt\",\"breadcrumb\":{\"@id\":\"https:\/\/www.vallox.com\/sv\/produkt\/vallox-exxeo-2500-takflagkt\/#breadcrumb\"},\"inLanguage\":\"sv-SE\",\"potentialAction\":[{\"@type\":\"ReadAction\",\"target\":[\"https:\/\/www.vallox.com\/sv\/produkt\/vallox-exxeo-2500-takflagkt\/\"]}]},{\"@type\":\"BreadcrumbList\",\"@id\":\"https:\/\/www.vallox.com\/sv\/produkt\/vallox-exxeo-2500-takflagkt\/#breadcrumb\",\"itemListElement\":[{\"@type\":\"ListItem\",\"position\":1,\"name\":\"Home\",\"item\":\"https:\/\/www.vallox.com\/sv\/\"},{\"@type\":\"ListItem\",\"position\":2,\"name\":\"Vallox Exxeo 2500 takfl\u00e4kt\"}]},{\"@type\":\"WebSite\",\"@id\":\"https:\/\/www.vallox.com\/sv\/#website\",\"url\":\"https:\/\/www.vallox.com\/sv\/\",\"name\":\"Vallox\",\"description\":\"\",\"potentialAction\":[{\"@type\":\"SearchAction\",\"target\":{\"@type\":\"EntryPoint\",\"urlTemplate\":\"https:\/\/www.vallox.com\/sv\/?s={search_term_string}\"},\"query-input\":{\"@type\":\"PropertyValueSpecification\",\"valueRequired\":true,\"valueName\":\"search_term_string\"}}],\"inLanguage\":\"sv-SE\"}]}<\/script>\n<!-- \/ Yoast SEO plugin. -->","yoast_head_json":{"title":"Vallox Exxeo 2500 takfl\u00e4kt - Vallox","description":"Vallox Exxeo 2500 takfl\u00e4kt","robots":{"index":"index","follow":"follow","max-snippet":"max-snippet:-1","max-image-preview":"max-image-preview:large","max-video-preview":"max-video-preview:-1"},"canonical":"https:\/\/www.vallox.com\/sv\/produkt\/vallox-exxeo-2500-takflagkt\/","og_locale":"sv_SE","og_type":"article","og_title":"Vallox Exxeo 2500 takfl\u00e4kt - Vallox","og_description":"Vallox Exxeo 2500 takfl\u00e4kt","og_url":"https:\/\/www.vallox.com\/sv\/produkt\/vallox-exxeo-2500-takflagkt\/","og_site_name":"Vallox","article_modified_time":"2026-04-15T21:03:39+00:00","twitter_card":"summary_large_image","twitter_misc":{"Est. reading time":"1 minute"},"schema":{"@context":"https:\/\/schema.org","@graph":[{"@type":"WebPage","@id":"https:\/\/www.vallox.com\/sv\/produkt\/vallox-exxeo-2500-takflagkt\/","url":"https:\/\/www.vallox.com\/sv\/produkt\/vallox-exxeo-2500-takflagkt\/","name":"Vallox Exxeo 2500 takfl\u00e4kt - Vallox","isPartOf":{"@id":"https:\/\/www.vallox.com\/sv\/#website"},"datePublished":"2023-09-01T13:03:04+00:00","dateModified":"2026-04-15T21:03:39+00:00","description":"Vallox Exxeo 2500 takfl\u00e4kt","breadcrumb":{"@id":"https:\/\/www.vallox.com\/sv\/produkt\/vallox-exxeo-2500-takflagkt\/#breadcrumb"},"inLanguage":"sv-SE","potentialAction":[{"@type":"ReadAction","target":["https:\/\/www.vallox.com\/sv\/produkt\/vallox-exxeo-2500-takflagkt\/"]}]},{"@type":"BreadcrumbList","@id":"https:\/\/www.vallox.com\/sv\/produkt\/vallox-exxeo-2500-takflagkt\/#breadcrumb","itemListElement":[{"@type":"ListItem","position":1,"name":"Home","item":"https:\/\/www.vallox.com\/sv\/"},{"@type":"ListItem","position":2,"name":"Vallox Exxeo 2500 takfl\u00e4kt"}]},{"@type":"WebSite","@id":"https:\/\/www.vallox.com\/sv\/#website","url":"https:\/\/www.vallox.com\/sv\/","name":"Vallox","description":"","potentialAction":[{"@type":"SearchAction","target":{"@type":"EntryPoint","urlTemplate":"https:\/\/www.vallox.com\/sv\/?s={search_term_string}"},"query-input":{"@type":"PropertyValueSpecification","valueRequired":true,"valueName":"search_term_string"}}],"inLanguage":"sv-SE"}]}},"_links":{"self":[{"href":"https:\/\/www.vallox.com\/sv\/wp-json\/wp\/v2\/product\/15200","targetHints":{"allow":["GET"]}}],"collection":[{"href":"https:\/\/www.vallox.com\/sv\/wp-json\/wp\/v2\/product"}],"about":[{"href":"https:\/\/www.vallox.com\/sv\/wp-json\/wp\/v2\/types\/product"}],"wp:attachment":[{"href":"https:\/\/www.vallox.com\/sv\/wp-json\/wp\/v2\/media?parent=15200"}],"wp:term":[{"taxonomy":"product_brand","embeddable":true,"href":"https:\/\/www.vallox.com\/sv\/wp-json\/wp\/v2\/product_brand?post=15200"},{"taxonomy":"product_cat","embeddable":true,"href":"https:\/\/www.vallox.com\/sv\/wp-json\/wp\/v2\/product_cat?post=15200"},{"taxonomy":"product_tag","embeddable":true,"href":"https:\/\/www.vallox.com\/sv\/wp-json\/wp\/v2\/product_tag?post=15200"}],"curies":[{"name":"wp","href":"https:\/\/api.w.org\/{rel}","templated":true}]}}