{"id":9679,"date":"2023-06-19T09:46:39","date_gmt":"2023-06-19T06:46:39","guid":{"rendered":"https:\/\/vallox.com\/huolto\/"},"modified":"2026-02-27T15:18:42","modified_gmt":"2026-02-27T13:18:42","slug":"service","status":"publish","type":"page","link":"https:\/\/www.vallox.com\/sv\/service\/","title":{"rendered":"Service"},"content":{"rendered":"<section class=\"mb-8 w-full FiftyFiftyVisualWrapper\"  >\n    <div>\n        <div class=\"FiftyFiftyVisual relative flex w-full justify-between flex-col xl:flex-row-reverse\">\n            <div class=\"h-min\n                w-full xl:w-5\/12 3xl:w-7\/12\n                pt-4 sm:pt-8 md:pt-12 lg:pt-20  3xl:pt-20\n                px-0\n                pl-8\n            \">\n                <div class=\"bgElement calc(100vw \/ 2 * ((100vw - 1860px) * 0.1))\n                    absolute z-0 reversewrap\n                    bgElement-left\n                    \n                    right-0 left-0 xl:left-[50%] 3xl:left-[calc((40vw+((100vw-1860px)*0.07)))] 3xl:min-w-[1200px] xl:rounded-tl-xl\n                    top-0\n                    bottom-24 xl:bottom-0\n                                        bg-[rgba(165,185,196,0.3)]\"\n                ><\/div>\n                                    <h2 class=\"Title Title-right relative z-10\n                        flex flex-col justify-start\n                        text-black\n                        text-2xl lg:text-3xl 2xl:text-4xl\n                        leading-7 lg:leading-8\n                        font-bold\n                        mb-4\n                        \n                        xl:pl-8\">\n                        Ta hand om din ventilationsmaskin &#8211; utf\u00f6r underh\u00e5llsprocedurer regelbundet\n                    <\/h2>\n                                                    <div class=\"Content Content-right flex flex-col justify-center relative z-10\n                        \n                        xl:pl-8\">\n                                                    <span class=\"Text text-black xl:text-custom-gray-dark pb-2\">\n                                <p>Regelbundet underh\u00e5ll s\u00e4kerst\u00e4ller att ventilationen fungerar r\u00e4tt. Du kan enkelt utf\u00f6ra underh\u00e5llet sj\u00e4lv hemma.<\/p>\n\n                            <\/span>\n                                                                        <div class=\"flex relative z-10\">\n                            \n\n\n\n    <a\n        href=\"https:\/\/vallox.com\/sv\/service\/ilmanvaihtokoneen-huolto-ohje\/\"\n        alt=\"\"\n        target=\"\"\n        class=\"\n            cursor-pointer\n            \n            \n            inline-flex\n            border-black\n            border-2\n            hover:border-primary\n            hover:text-primary\n            group\n            hover:bg-custom-gray-blueish-light\n            font-semibold\n            px-4\n            py-2\n            rounded-full\n            self-baseline\n        \"\n    >\n        Se instruktioner\n        <span class=\"ml-2 w-3 h-auto fill-black group-hover:fill-primary flex justify-center items-center\"><svg clip-rule=\"evenodd\" fill-rule=\"evenodd\" stroke-linejoin=\"round\" stroke-miterlimit=\"2\" viewBox=\"0 0 24 24\" width=\"100%\" xmlns=\"http:\/\/www.w3.org\/2000\/svg\"><path d=\"m13.022 14.999v3.251c0 .412.335.75.752.75.188 0 .375-.071.518-.206 1.775-1.685 4.945-4.692 6.396-6.069.2-.189.312-.452.312-.725 0-.274-.112-.536-.312-.725-1.451-1.377-4.621-4.385-6.396-6.068-.143-.136-.33-.207-.518-.207-.417 0-.752.337-.752.75v3.251h-9.02c-.531 0-1.002.47-1.002 1v3.998c0 .53.471 1 1.002 1z\" fill-rule=\"nonzero\"\/><\/svg><\/span>\n    <\/a>\n                        <\/div>\n                                            <\/div>\n                            <\/div>\n\n                            <div class=\"ImgWrap ImgWrap-left mt-8 xl:mt-20\n                    w-full xl:w-7\/12 xl:max-w-[950px]\n                    z-10 bottom-0 rounded-tl-[5rem] rounded-br-[5rem] overflow-hidden left-0 aspect-video\n                    xl:justify-start\n                    -ml-8 md:-ml-16 lg:-ml-20 xl:ml-0\n                \">\n                    <img decoding=\"async\"\n                    loading=\"lazy\"\n                    class=\"object-cover aspect-video w-full h-full\"\n                                            srcset=\"\n                            https:\/\/www.vallox.com\/app\/uploads\/2023\/06\/Suodattimen_vaihto_1694x953px_-150x150.png 150w,\n                            https:\/\/www.vallox.com\/app\/uploads\/2023\/06\/Suodattimen_vaihto_1694x953px_-300x169.png 300w,\n                            https:\/\/www.vallox.com\/app\/uploads\/2023\/06\/Suodattimen_vaihto_1694x953px_-768x432.png 768w,\n                            https:\/\/www.vallox.com\/app\/uploads\/2023\/06\/Suodattimen_vaihto_1694x953px_-1024x576.png 1024w,\n                            https:\/\/www.vallox.com\/app\/uploads\/2023\/06\/Suodattimen_vaihto_1694x953px_.png 1694w,\n                        \"\n                                        src=\"https:\/\/www.vallox.com\/app\/uploads\/2023\/06\/Suodattimen_vaihto_1694x953px_-768x432.png\"\n                    alt=\"suodattimien vaihto on osa koneen huoltoa\"\n                    \/>\n                <\/div>\n                    <\/div>\n    <\/div>\n<\/section>\n\n\n\n<div style=\"height:30px\" aria-hidden=\"true\" class=\"wp-block-spacer\"><\/div>\n\n\n<section class=\"IconHighlights mb-8\" >\n    <div class=\"flex flex-wrap justify-between\">\n                    <div class=\"IconCard w-full sm:w-1\/2 md:w-1\/4 px-4 mx-auto mb-20 max-w-[20rem] md:max-w-none hover:bg-gray-200 py-8\">\n                <div class=\"Icon w-full flex justify-center px-2 pb-8\">\n                    <span class=\"Svg\n                        w-2\/5 aspect-square\n                        border-4 border-custom-orange\n                        text-custom-orange rounded-full\n                        flex justify-center items-center p-[7.5%]\">\n                        <svg xmlns=\"http:\/\/www.w3.org\/2000\/svg\" fill=\"none\" viewBox=\"0 0 24 24\" stroke-width=\"1.5\" stroke=\"currentColor\" width=\"100%\">\n  <path stroke-linecap=\"round\" stroke-linejoin=\"round\" d=\"M16.5 18.75h-9m9 0a3 3 0 013 3h-15a3 3 0 013-3m9 0v-3.375c0-.621-.503-1.125-1.125-1.125h-.871M7.5 18.75v-3.375c0-.621.504-1.125 1.125-1.125h.872m5.007 0H9.497m5.007 0a7.454 7.454 0 01-.982-3.172M9.497 14.25a7.454 7.454 0 00.981-3.172M5.25 4.236c-.982.143-1.954.317-2.916.52A6.003 6.003 0 007.73 9.728M5.25 4.236V4.5c0 2.108.966 3.99 2.48 5.228M5.25 4.236V2.721C7.456 2.41 9.71 2.25 12 2.25c2.291 0 4.545.16 6.75.47v1.516M7.73 9.728a6.726 6.726 0 002.748 1.35m8.272-6.842V4.5c0 2.108-.966 3.99-2.48 5.228m2.48-5.492a46.32 46.32 0 012.916.52 6.003 6.003 0 01-5.395 4.972m0 0a6.726 6.726 0 01-2.749 1.35m0 0a6.772 6.772 0 01-3.044 0\" \/>\n<\/svg>\n\n                    <\/span>\n                <\/div>\n                <div class=\"Texts text-center\">\n                    <h2 class=\"Title font-bold text-lg sm:text-2xl md:text-xl xl:text-2xl 2xl:text-3xl mb-2\">Garanti<\/h2>\n                    <div class=\"Text text-custom-gray-dark\"><div>Vallox Oy beviljar en garanti om 24 m\u00e5nader f\u00f6r produkterna r\u00e4knat fr\u00e5n leverans samt en garanti om 12 m\u00e5nader f\u00f6r reservdelar.<\/div>\n<\/div>\n                <\/div>\n                <div class=\"Links mt-4\">\n                                                                        <a href=\"https:\/\/vallox.com\/sv\/service\/garantipolicyer\/\" alt=\"\" target=\"\" class=\"text-link flex hover:text-link-hover font-bold p-small text-primary hover:text-black fill-primary justify-center text-center mb-3 group\">\n\t<fragment class=\"relative\">\n\t\tL\u00e4s mer\n\t\t\t\t\t<span class=\"absolute ml-1 text-center w-3 h-3 bottom-1 group-hover:fill-link-hover \"><svg clip-rule=\"evenodd\" fill-rule=\"evenodd\" stroke-linejoin=\"round\" stroke-miterlimit=\"2\" viewBox=\"0 0 24 24\" width=\"100%\" xmlns=\"http:\/\/www.w3.org\/2000\/svg\"><path d=\"m13.022 14.999v3.251c0 .412.335.75.752.75.188 0 .375-.071.518-.206 1.775-1.685 4.945-4.692 6.396-6.069.2-.189.312-.452.312-.725 0-.274-.112-.536-.312-.725-1.451-1.377-4.621-4.385-6.396-6.068-.143-.136-.33-.207-.518-.207-.417 0-.752.337-.752.75v3.251h-9.02c-.531 0-1.002.47-1.002 1v3.998c0 .53.471 1 1.002 1z\" fill-rule=\"nonzero\"\/><\/svg><\/span>\n\t\t\t<\/fragment>\n<\/a>\n                                                            <\/div>\n            <\/div>\n                    <div class=\"IconCard w-full sm:w-1\/2 md:w-1\/4 px-4 mx-auto mb-20 max-w-[20rem] md:max-w-none hover:bg-gray-200 py-8\">\n                <div class=\"Icon w-full flex justify-center px-2 pb-8\">\n                    <span class=\"Svg\n                        w-2\/5 aspect-square\n                        border-4 border-custom-orange\n                        text-custom-orange rounded-full\n                        flex justify-center items-center p-[7.5%]\">\n                        <svg xmlns=\"http:\/\/www.w3.org\/2000\/svg\" fill=\"none\" viewBox=\"0 0 24 24\" stroke-width=\"1.5\" stroke=\"currentColor\" width=\"100%\">\n  <path stroke-linecap=\"round\" stroke-linejoin=\"round\" d=\"M9.879 7.519c1.171-1.025 3.071-1.025 4.242 0 1.172 1.025 1.172 2.687 0 3.712-.203.179-.43.326-.67.442-.745.361-1.45.999-1.45 1.827v.75M21 12a9 9 0 11-18 0 9 9 0 0118 0zm-9 5.25h.008v.008H12v-.008z\" \/>\n<\/svg>\n\n                    <\/span>\n                <\/div>\n                <div class=\"Texts text-center\">\n                    <h2 class=\"Title font-bold text-lg sm:text-2xl md:text-xl xl:text-2xl 2xl:text-3xl mb-2\">Proffs f\u00f6r att hj\u00e4lpa dig<\/h2>\n                    <div class=\"Text text-custom-gray-dark\"><p>Om du oroas \u00f6ver hur aggregatet fungerar \u00e4r det l\u00f6nt att kalla p\u00e5 proffs fr\u00e5n ett servicest\u00e4lle.<\/p>\n<\/div>\n                <\/div>\n                <div class=\"Links mt-4\">\n                                                                        <a href=\"https:\/\/map.vallox.com\/?channels=Valtuutettu+huoltoliike&#038;countries=&#038;language=sv\" alt=\"\" target=\"_blank\" class=\"text-link flex hover:text-link-hover font-bold p-small text-primary hover:text-black fill-primary justify-center text-center mb-3 group\">\n\t<fragment class=\"relative\">\n\t\tDin n\u00e4raste servicest\u00e4lle hittas h\u00e4r\n\t\t\t\t\t<span class=\"absolute ml-1 text-center w-3 h-3 bottom-1 group-hover:fill-link-hover \"><svg clip-rule=\"evenodd\" fill-rule=\"evenodd\" stroke-linejoin=\"round\" stroke-miterlimit=\"2\" viewBox=\"0 0 24 24\" width=\"100%\" xmlns=\"http:\/\/www.w3.org\/2000\/svg\"><path d=\"m13.022 14.999v3.251c0 .412.335.75.752.75.188 0 .375-.071.518-.206 1.775-1.685 4.945-4.692 6.396-6.069.2-.189.312-.452.312-.725 0-.274-.112-.536-.312-.725-1.451-1.377-4.621-4.385-6.396-6.068-.143-.136-.33-.207-.518-.207-.417 0-.752.337-.752.75v3.251h-9.02c-.531 0-1.002.47-1.002 1v3.998c0 .53.471 1 1.002 1z\" fill-rule=\"nonzero\"\/><\/svg><\/span>\n\t\t\t<\/fragment>\n<\/a>\n                                                            <\/div>\n            <\/div>\n            <\/div>\n<\/section>\n\n\n\n<div style=\"height:30px\" aria-hidden=\"true\" class=\"wp-block-spacer\"><\/div>\n\n\n<section class=\"bg-[rgba(165,185,196,0.3)]\" >\n    <div class=\"FiftyFifty\n\n        relative\n        flex\n        justify-between\n        flex-col-reverse lg:flex-row\n    \">\n        <div class=\"w-full lg:w-1\/2 p-4 sm:p-8 md:p-12 lg:p-28 xl:p-32 sm:!px-8\">\n                            <h2 class=\"Title\n                    flex flex-col justify-start\n                    text-black\n                    text-lg sm:text-2xl md:text-xl xl:text-2xl 2xl:text-3xl\n                    font-bold leading-6 xl:leading-7\n                    mb-4\n                \">\n                    Varf\u00f6r v\u00e4lja original filter?\n                <\/h2>\n                                        <div class=\"flex flex-col justify-center\">\n                                            <span class=\"Text text-custom-gray-dark pb-2\">\n                            <p>Original Vallox-filter ger optimal och designad filtreringsprestanda och v\u00e4rme\u00e5tervinning.<\/p>\n\n                        <\/span>\n                                                            <div class=\"flex mt-6\">\n                        \n\n\n\n    <a\n        href=\"https:\/\/vallox.com\/sv\/anvand-originalfilter\/\"\n        alt=\"\"\n        target=\"\"\n        class=\"\n            cursor-pointer\n            \n            \n            inline-flex\n            border-black\n            border-2\n            hover:border-primary\n            hover:text-primary\n            group\n            hover:bg-custom-gray-blueish-light\n            font-semibold\n            px-4\n            py-2\n            rounded-full\n            self-baseline\n        \"\n    >\n        L\u00e4s mer\n        <span class=\"ml-2 w-3 h-auto fill-black group-hover:fill-primary flex justify-center items-center\"><svg clip-rule=\"evenodd\" fill-rule=\"evenodd\" stroke-linejoin=\"round\" stroke-miterlimit=\"2\" viewBox=\"0 0 24 24\" width=\"100%\" xmlns=\"http:\/\/www.w3.org\/2000\/svg\"><path d=\"m13.022 14.999v3.251c0 .412.335.75.752.75.188 0 .375-.071.518-.206 1.775-1.685 4.945-4.692 6.396-6.069.2-.189.312-.452.312-.725 0-.274-.112-.536-.312-.725-1.451-1.377-4.621-4.385-6.396-6.068-.143-.136-.33-.207-.518-.207-.417 0-.752.337-.752.75v3.251h-9.02c-.531 0-1.002.47-1.002 1v3.998c0 .53.471 1 1.002 1z\" fill-rule=\"nonzero\"\/><\/svg><\/span>\n    <\/a>\n                    <\/div>\n                                    <\/div>\n                    <\/div>\n\n                    <div class=\"\n                self-stretch justify-self-stretch\n                w-full lg:w-1\/2\n                relative flex justify-center\n                lg:justify-end\n             \">\n                <img decoding=\"async\"\n                loading=\"lazy\"\n                class=\"object-cover h-full w-full\"\n                                    srcset=\"\n                        https:\/\/www.vallox.com\/app\/uploads\/2023\/06\/Suodatinpakkaukset_1452x992px-150x150.png 150w,\n                        https:\/\/www.vallox.com\/app\/uploads\/2023\/06\/Suodatinpakkaukset_1452x992px-300x205.png 300w,\n                        https:\/\/www.vallox.com\/app\/uploads\/2023\/06\/Suodatinpakkaukset_1452x992px-768x525.png 768w,\n                        https:\/\/www.vallox.com\/app\/uploads\/2023\/06\/Suodatinpakkaukset_1452x992px-1024x700.png 1024w,\n                        https:\/\/www.vallox.com\/app\/uploads\/2023\/06\/Suodatinpakkaukset_1452x992px.png 1452w,\n                    \"\n                                src=\"https:\/\/www.vallox.com\/app\/uploads\/2023\/06\/Suodatinpakkaukset_1452x992px-768x525.png\"\n                alt=\"Vallox suodatinpakkaukset\"\n                \/>\n            <\/div>\n            <\/div>\n<\/section>\n\n\n\n<div style=\"height:40px\" aria-hidden=\"true\" class=\"wp-block-spacer\"><\/div>\n\n\n    <div id=\"Section\" class=\"Block Section overflow-hidden w-full\">\n        <div class=\"Section-content relative max-w-[1088px] mx-auto w-full\">\n            \n\n<h3 class=\"wp-block-heading\">Instruktionsvideor f\u00f6r service<\/h3>\n\n\n\n<p>Videovalet \u00f6ppnas fr\u00e5n det \u00f6vre h\u00f6gra h\u00f6rnet av videon (endast p\u00e5 finska).<\/p>\n\n\n\n    <div  class=\"Video w-full h-auto mx-auto \" style=\"\">\n                                <iframe\n                class=\"w-full h-auto aspect-video\"\n                src=\"https:\/\/www.youtube.com\/embed\/videoseries?list=PLX0x60h671BO6bjWh6ol6eqTC_I12YNKF&#038;index=0\"\n                frameborder=\"0\"\n                allowfullscreen\n            ><\/iframe>\n\n            <\/div>\n\n\n    <\/div>\n<\/div>\n","protected":false},"excerpt":{"rendered":"","protected":false},"author":1,"featured_media":4483,"parent":0,"menu_order":40,"comment_status":"closed","ping_status":"closed","template":"","meta":{"_acf_changed":false,"footnotes":""},"class_list":["post-9679","page","type-page","status-publish","has-post-thumbnail","hentry"],"acf":[],"yoast_head":"<!-- This site is optimized with the Yoast SEO plugin v26.9 - https:\/\/yoast.com\/product\/yoast-seo-wordpress\/ -->\n<title>Service - Vallox<\/title>\n<meta name=\"description\" content=\"Regelbundet underh\u00e5ll s\u00e4kerst\u00e4ller att ventilationen fungerar r\u00e4tt. Du kan enkelt utf\u00f6ra underh\u00e5llet sj\u00e4lv hemma.\" \/>\n<meta name=\"robots\" content=\"index, follow, max-snippet:-1, max-image-preview:large, max-video-preview:-1\" \/>\n<link rel=\"canonical\" href=\"https:\/\/www.vallox.com\/sv\/service\/\" \/>\n<meta property=\"og:locale\" content=\"sv_SE\" \/>\n<meta property=\"og:type\" content=\"article\" \/>\n<meta property=\"og:title\" content=\"Service - Vallox\" \/>\n<meta property=\"og:description\" content=\"Regelbundet underh\u00e5ll s\u00e4kerst\u00e4ller att ventilationen fungerar r\u00e4tt. Du kan enkelt utf\u00f6ra underh\u00e5llet sj\u00e4lv hemma.\" \/>\n<meta property=\"og:url\" content=\"https:\/\/www.vallox.com\/sv\/service\/\" \/>\n<meta property=\"og:site_name\" content=\"Vallox\" \/>\n<meta property=\"article:modified_time\" content=\"2026-02-27T13:18:42+00:00\" \/>\n<meta property=\"og:image\" content=\"https:\/\/www.vallox.com\/app\/uploads\/2023\/06\/IlmanvaihtokoneenHuolto_1452x992px.jpg\" \/>\n\t<meta property=\"og:image:width\" content=\"1452\" \/>\n\t<meta property=\"og:image:height\" content=\"992\" \/>\n\t<meta property=\"og:image:type\" content=\"image\/jpeg\" \/>\n<meta name=\"twitter:card\" content=\"summary_large_image\" \/>\n<meta name=\"twitter:label1\" content=\"Est. reading time\" \/>\n\t<meta name=\"twitter:data1\" content=\"2 minutes\" \/>\n<script type=\"application\/ld+json\" class=\"yoast-schema-graph\">{\"@context\":\"https:\/\/schema.org\",\"@graph\":[{\"@type\":\"WebPage\",\"@id\":\"https:\/\/www.vallox.com\/sv\/service\/\",\"url\":\"https:\/\/www.vallox.com\/sv\/service\/\",\"name\":\"Service - Vallox\",\"isPartOf\":{\"@id\":\"https:\/\/www.vallox.com\/sv\/#website\"},\"primaryImageOfPage\":{\"@id\":\"https:\/\/www.vallox.com\/sv\/service\/#primaryimage\"},\"image\":{\"@id\":\"https:\/\/www.vallox.com\/sv\/service\/#primaryimage\"},\"thumbnailUrl\":\"https:\/\/www.vallox.com\/app\/uploads\/2023\/06\/IlmanvaihtokoneenHuolto_1452x992px.jpg\",\"datePublished\":\"2023-06-19T06:46:39+00:00\",\"dateModified\":\"2026-02-27T13:18:42+00:00\",\"description\":\"Regelbundet underh\u00e5ll s\u00e4kerst\u00e4ller att ventilationen fungerar r\u00e4tt. Du kan enkelt utf\u00f6ra underh\u00e5llet sj\u00e4lv hemma.\",\"breadcrumb\":{\"@id\":\"https:\/\/www.vallox.com\/sv\/service\/#breadcrumb\"},\"inLanguage\":\"sv-SE\",\"potentialAction\":[{\"@type\":\"ReadAction\",\"target\":[\"https:\/\/www.vallox.com\/sv\/service\/\"]}]},{\"@type\":\"ImageObject\",\"inLanguage\":\"sv-SE\",\"@id\":\"https:\/\/www.vallox.com\/sv\/service\/#primaryimage\",\"url\":\"https:\/\/www.vallox.com\/app\/uploads\/2023\/06\/IlmanvaihtokoneenHuolto_1452x992px.jpg\",\"contentUrl\":\"https:\/\/www.vallox.com\/app\/uploads\/2023\/06\/IlmanvaihtokoneenHuolto_1452x992px.jpg\",\"width\":1452,\"height\":992,\"caption\":\"suodattimien vaihto\"},{\"@type\":\"BreadcrumbList\",\"@id\":\"https:\/\/www.vallox.com\/sv\/service\/#breadcrumb\",\"itemListElement\":[{\"@type\":\"ListItem\",\"position\":1,\"name\":\"Home\",\"item\":\"https:\/\/www.vallox.com\/sv\/\"},{\"@type\":\"ListItem\",\"position\":2,\"name\":\"Service\"}]},{\"@type\":\"WebSite\",\"@id\":\"https:\/\/www.vallox.com\/sv\/#website\",\"url\":\"https:\/\/www.vallox.com\/sv\/\",\"name\":\"Vallox\",\"description\":\"\",\"potentialAction\":[{\"@type\":\"SearchAction\",\"target\":{\"@type\":\"EntryPoint\",\"urlTemplate\":\"https:\/\/www.vallox.com\/sv\/?s={search_term_string}\"},\"query-input\":{\"@type\":\"PropertyValueSpecification\",\"valueRequired\":true,\"valueName\":\"search_term_string\"}}],\"inLanguage\":\"sv-SE\"}]}<\/script>\n<!-- \/ Yoast SEO plugin. -->","yoast_head_json":{"title":"Service - Vallox","description":"Regelbundet underh\u00e5ll s\u00e4kerst\u00e4ller att ventilationen fungerar r\u00e4tt. Du kan enkelt utf\u00f6ra underh\u00e5llet sj\u00e4lv hemma.","robots":{"index":"index","follow":"follow","max-snippet":"max-snippet:-1","max-image-preview":"max-image-preview:large","max-video-preview":"max-video-preview:-1"},"canonical":"https:\/\/www.vallox.com\/sv\/service\/","og_locale":"sv_SE","og_type":"article","og_title":"Service - Vallox","og_description":"Regelbundet underh\u00e5ll s\u00e4kerst\u00e4ller att ventilationen fungerar r\u00e4tt. Du kan enkelt utf\u00f6ra underh\u00e5llet sj\u00e4lv hemma.","og_url":"https:\/\/www.vallox.com\/sv\/service\/","og_site_name":"Vallox","article_modified_time":"2026-02-27T13:18:42+00:00","og_image":[{"width":1452,"height":992,"url":"https:\/\/www.vallox.com\/app\/uploads\/2023\/06\/IlmanvaihtokoneenHuolto_1452x992px.jpg","type":"image\/jpeg"}],"twitter_card":"summary_large_image","twitter_misc":{"Est. reading time":"2 minutes"},"schema":{"@context":"https:\/\/schema.org","@graph":[{"@type":"WebPage","@id":"https:\/\/www.vallox.com\/sv\/service\/","url":"https:\/\/www.vallox.com\/sv\/service\/","name":"Service - Vallox","isPartOf":{"@id":"https:\/\/www.vallox.com\/sv\/#website"},"primaryImageOfPage":{"@id":"https:\/\/www.vallox.com\/sv\/service\/#primaryimage"},"image":{"@id":"https:\/\/www.vallox.com\/sv\/service\/#primaryimage"},"thumbnailUrl":"https:\/\/www.vallox.com\/app\/uploads\/2023\/06\/IlmanvaihtokoneenHuolto_1452x992px.jpg","datePublished":"2023-06-19T06:46:39+00:00","dateModified":"2026-02-27T13:18:42+00:00","description":"Regelbundet underh\u00e5ll s\u00e4kerst\u00e4ller att ventilationen fungerar r\u00e4tt. Du kan enkelt utf\u00f6ra underh\u00e5llet sj\u00e4lv hemma.","breadcrumb":{"@id":"https:\/\/www.vallox.com\/sv\/service\/#breadcrumb"},"inLanguage":"sv-SE","potentialAction":[{"@type":"ReadAction","target":["https:\/\/www.vallox.com\/sv\/service\/"]}]},{"@type":"ImageObject","inLanguage":"sv-SE","@id":"https:\/\/www.vallox.com\/sv\/service\/#primaryimage","url":"https:\/\/www.vallox.com\/app\/uploads\/2023\/06\/IlmanvaihtokoneenHuolto_1452x992px.jpg","contentUrl":"https:\/\/www.vallox.com\/app\/uploads\/2023\/06\/IlmanvaihtokoneenHuolto_1452x992px.jpg","width":1452,"height":992,"caption":"suodattimien vaihto"},{"@type":"BreadcrumbList","@id":"https:\/\/www.vallox.com\/sv\/service\/#breadcrumb","itemListElement":[{"@type":"ListItem","position":1,"name":"Home","item":"https:\/\/www.vallox.com\/sv\/"},{"@type":"ListItem","position":2,"name":"Service"}]},{"@type":"WebSite","@id":"https:\/\/www.vallox.com\/sv\/#website","url":"https:\/\/www.vallox.com\/sv\/","name":"Vallox","description":"","potentialAction":[{"@type":"SearchAction","target":{"@type":"EntryPoint","urlTemplate":"https:\/\/www.vallox.com\/sv\/?s={search_term_string}"},"query-input":{"@type":"PropertyValueSpecification","valueRequired":true,"valueName":"search_term_string"}}],"inLanguage":"sv-SE"}]}},"_links":{"self":[{"href":"https:\/\/www.vallox.com\/sv\/wp-json\/wp\/v2\/pages\/9679","targetHints":{"allow":["GET"]}}],"collection":[{"href":"https:\/\/www.vallox.com\/sv\/wp-json\/wp\/v2\/pages"}],"about":[{"href":"https:\/\/www.vallox.com\/sv\/wp-json\/wp\/v2\/types\/page"}],"author":[{"embeddable":true,"href":"https:\/\/www.vallox.com\/sv\/wp-json\/wp\/v2\/users\/1"}],"replies":[{"embeddable":true,"href":"https:\/\/www.vallox.com\/sv\/wp-json\/wp\/v2\/comments?post=9679"}],"version-history":[{"count":22,"href":"https:\/\/www.vallox.com\/sv\/wp-json\/wp\/v2\/pages\/9679\/revisions"}],"predecessor-version":[{"id":28872,"href":"https:\/\/www.vallox.com\/sv\/wp-json\/wp\/v2\/pages\/9679\/revisions\/28872"}],"wp:featuredmedia":[{"embeddable":true,"href":"https:\/\/www.vallox.com\/sv\/wp-json\/wp\/v2\/media\/4483"}],"wp:attachment":[{"href":"https:\/\/www.vallox.com\/sv\/wp-json\/wp\/v2\/media?parent=9679"}],"curies":[{"name":"wp","href":"https:\/\/api.w.org\/{rel}","templated":true}]}}