{"id":9340,"date":"2023-06-26T11:28:08","date_gmt":"2023-06-26T08:28:08","guid":{"rendered":"https:\/\/vallox.com\/tietoa-valloxista\/vallox-tyonantajana\/tyopaikat\/"},"modified":"2026-03-12T08:47:15","modified_gmt":"2026-03-12T06:47:15","slug":"arbetsuppgifter","status":"publish","type":"page","link":"https:\/\/www.vallox.com\/sv\/vallox-info\/vallox-som-arbetsplats\/arbetsuppgifter\/","title":{"rendered":"Arbetsuppgifter"},"content":{"rendered":"    <div id=\"Section\" class=\"Block Section overflow-hidden w-full\">\n        <div class=\"Section-content relative max-w-[1088px] mx-auto w-full\">\n            \n\n<p>Mer information om rekryteringen samt m\u00f6jligheterna till praktik och avl\u00e4ggande av l\u00e4rdomsprov ges av: <\/p>\n\n\n\n<p>HR specialist Tiina Vahalahti<\/p>\n\n\n\n<ul class=\"wp-block-list has-medium-font-size\">\n<li class=\"has-medium-font-size\">tfn. 010 7732 253<\/li>\n\n\n\n<li class=\"has-medium-font-size\">E-post rekry@vallox.com<\/li>\n<\/ul>\n\n\n\n<p><\/p>\n\n\n\n<p class=\"has-small-font-size\"><a href=\"https:\/\/www.vallox.com\/sv\/vallox-info\/policyer\/dataskyddspolicy\/dataskyddsbeskrivning-register-over-arbetssokande\/\"><em>Dataskyddsbeskrivning \u2013 register \u00f6ver arbetss\u00f6kande<\/em><\/a><\/p>\n\n\n    <\/div>\n<\/div>\n\n\n\n<div class=\"wp-block-columns is-layout-flex wp-container-core-columns-is-layout-9d6595d7 wp-block-columns-is-layout-flex\">\n<div class=\"wp-block-column is-layout-flow wp-block-column-is-layout-flow\" style=\"flex-basis:100%\"><\/div>\n<\/div>\n\n\n<div  class=\"textThumbHighlight wrap w-full mb-8\">\n\t<div class=\"flex flex-col sm:flex-row max-w-[1088px] mx-auto bg-custom-gray-blueish-light p-8\">\n\t\t<img decoding=\"async\" alt=\"Vallox ty\u00f6piste\" src=\"https:\/\/www.vallox.com\/app\/uploads\/2023\/06\/300x300px_customerserviceVallox-150x150.jpg\" class=\"object-cover mb-8 sm:mb-unset mx-auto sm:mx-unset w-[150px] h-[150px] rounded-br-[3rem] rounded-tl-[3rem]\"\/>\n\t\t<div class=\"Texts sm:pl-8\">\n\t\t\t\t\t\t\t<p class=\"font-bold\">Lediga tj\u00e4nster<\/p>\n\t\t\t\t\t\t<div class=\"Content\">\n\t\t\t\t<p><a href=\"https:\/\/www.vallox.com\/kesan-2026-vallox-freshtalent-harjoittelu\/\">Praktikplats inom marknadsf\u00f6ring och kommunikation (finsktalande) &#8211; l\u00e4s jobbannons p\u00e5 finska<\/a><\/p>\n\n\t\t\t<\/div>\n\t\t<\/div>\n\t<\/div>\n<\/div>\n\n\n<div  class=\"textThumbHighlight wrap w-full mb-8\">\n\t<div class=\"flex flex-col sm:flex-row max-w-[1088px] mx-auto bg-custom-gray-blueish-light p-8\">\n\t\t<img decoding=\"async\" alt=\"Vallox tekninen tuki\" src=\"https:\/\/www.vallox.com\/app\/uploads\/2023\/06\/300x300px_technicalsupport-150x150.jpg\" class=\"object-cover mb-8 sm:mb-unset mx-auto sm:mx-unset w-[150px] h-[150px] rounded-br-[3rem] rounded-tl-[3rem]\"\/>\n\t\t<div class=\"Texts sm:pl-8\">\n\t\t\t\t\t\t\t<p class=\"font-bold\">\u00d6ppen arbetsans\u00f6kan<\/p>\n\t\t\t\t\t\t<div class=\"Content\">\n\t\t\t\t<p>Om vi inte har lediga platser som intresserar dig kan du alltid skicka en \u00f6ppen ans\u00f6kan till oss.<\/p>\n<p>Skicka en \u00f6ppen ans\u00f6kan med bilagor och l\u00e4nkar per e-post till adressen rekry@vallox.com. Skriv in \u201c\u00d6ppen ans\u00f6kan\u201d som rubrik i ditt meddelande och ber\u00e4tta hurdant arbete du s\u00f6ker.<\/p>\n<p>Din ans\u00f6kan med tillh\u00f6rande bilagor f\u00f6rvaras i 6 m\u00e5nader med b\u00f6rjan den m\u00e5nad som f\u00f6ljer p\u00e5 m\u00e5naden n\u00e4r ans\u00f6kan mottagits. Ans\u00f6kningar och bilagor behandlas konfidentiellt.<\/p>\n\n\t\t\t<\/div>\n\t\t<\/div>\n\t<\/div>\n<\/div>\n\n\n<div  class=\"textThumbHighlight wrap w-full mb-8\">\n\t<div class=\"flex flex-col sm:flex-row max-w-[1088px] mx-auto bg-custom-gray-blueish-light p-8\">\n\t\t<img decoding=\"async\" alt=\"Vallox FreshTalent\" src=\"https:\/\/www.vallox.com\/app\/uploads\/2023\/06\/300x300pxValloxFreshTalent-150x150.jpg\" class=\"object-cover mb-8 sm:mb-unset mx-auto sm:mx-unset w-[150px] h-[150px] rounded-br-[3rem] rounded-tl-[3rem]\"\/>\n\t\t<div class=\"Texts sm:pl-8\">\n\t\t\t\t\t\t\t<p class=\"font-bold\">Praktikplatser f\u00f6r h\u00f6gskolestuderande<\/p>\n\t\t\t\t\t\t<div class=\"Content\">\n\t\t\t\t<p>Genom Vallox FreshTalent-praktiken kan h\u00f6gskolestuderande utveckla Vallox verksamhet genom att komma med fr\u00e4scha id\u00e9er och synvinklar f\u00f6r v\u00e5rt f\u00f6retag och f\u00e5r p\u00e5 s\u00e5 s\u00e4tt arbeta med betydelsefulla uppgifter redan under studietiden.<\/p>\n<p>Om ingen praktikplats som passar dig \u00e4r \u00f6ppen kan du skicka oss en \u00f6ppen ans\u00f6kan om praktik eller l\u00e4rdomsprov n\u00e4r som helst.<\/p>\n<p>Ber\u00e4tta i e-postmeddelandet vad du studerar och hurdana uppgifter du s\u00f6ker f\u00f6r praktik eller f\u00f6r att avl\u00e4gga ett l\u00e4rdomsprov. Skicka e-postmeddelandet till adressen rekry@vallox.com och skriv \u201cVallox FreshTalents \/ \u00f6ppen ans\u00f6kan\u201d i rubrikf\u00e4ltet.<\/p>\n\n\t\t\t<\/div>\n\t\t<\/div>\n\t<\/div>\n<\/div>\n\n\n<div  class=\"textThumbHighlight wrap w-full mb-8\">\n\t<div class=\"flex flex-col sm:flex-row max-w-[1088px] mx-auto bg-custom-gray-blueish-light p-8\">\n\t\t<img decoding=\"async\" alt=\"Vallox tuotanto ilmanvaihtokoneen kokoonpano\" src=\"https:\/\/www.vallox.com\/app\/uploads\/2023\/06\/300x300px_productionVallox-150x150.jpg\" class=\"object-cover mb-8 sm:mb-unset mx-auto sm:mx-unset w-[150px] h-[150px] rounded-br-[3rem] rounded-tl-[3rem]\"\/>\n\t\t<div class=\"Texts sm:pl-8\">\n\t\t\t\t\t\t\t<p class=\"font-bold\">Sommarjobba p\u00e5 Vallox<\/p>\n\t\t\t\t\t\t<div class=\"Content\">\n\t\t\t\t<p>P\u00e5 Vallox arbetar sommarjobbarna i regel inom olika produktionsuppgifter. F\u00f6r att sommarjobba p\u00e5 Vallox ska du vara minst 18 \u00e5r.<\/p>\n<p>Behovet av sommarjobbare blir klart vanligtvis f\u00f6rst i mars\u2013april. Om vi kan erbjuda sommarjobb f\u00f6r den kommande sommaren, v\u00e4ljer vi sommarjobbarna bland de s\u00f6kande. Skicka in ans\u00f6kan om sommarjobb senast i mars.<\/p>\n<p>Skicka din ans\u00f6kan om sommarjobb med bilagor och l\u00e4nkar per e-post till rekry@vallox.com. Skriv \u201cAns\u00f6kan om sommarjobb\u201d i rubrikf\u00e4ltet.<\/p>\n<p>Din ans\u00f6kan med tillh\u00f6rande bilagor f\u00f6rvaras i 12 m\u00e5nader fr\u00e5n det att ans\u00f6kan mottagits. Ans\u00f6kningar och bilagor behandlas konfidentiellt.<\/p>\n\n\t\t\t<\/div>\n\t\t<\/div>\n\t<\/div>\n<\/div>\n","protected":false},"excerpt":{"rendered":"","protected":false},"author":4,"featured_media":19386,"parent":9332,"menu_order":0,"comment_status":"closed","ping_status":"closed","template":"","meta":{"_acf_changed":false,"footnotes":""},"class_list":["post-9340","page","type-page","status-publish","has-post-thumbnail","hentry"],"acf":[],"yoast_head":"<!-- This site is optimized with the Yoast SEO plugin v26.9 - https:\/\/yoast.com\/product\/yoast-seo-wordpress\/ -->\n<title>Arbetsuppgifter - Vallox<\/title>\n<meta name=\"description\" content=\"Vi erbjuder m\u00e5nga slags karri\u00e4rm\u00f6jligheter. L\u00e4s mer om v\u00e5r arbetsuppgifter h\u00e4r.\" \/>\n<meta name=\"robots\" content=\"index, follow, max-snippet:-1, max-image-preview:large, max-video-preview:-1\" \/>\n<link rel=\"canonical\" href=\"https:\/\/www.vallox.com\/sv\/vallox-info\/vallox-som-arbetsplats\/arbetsuppgifter\/\" \/>\n<meta property=\"og:locale\" content=\"sv_SE\" \/>\n<meta property=\"og:type\" content=\"article\" \/>\n<meta property=\"og:title\" content=\"Arbetsuppgifter - Vallox\" \/>\n<meta property=\"og:description\" content=\"Vi erbjuder m\u00e5nga slags karri\u00e4rm\u00f6jligheter. L\u00e4s mer om v\u00e5r arbetsuppgifter h\u00e4r.\" \/>\n<meta property=\"og:url\" content=\"https:\/\/www.vallox.com\/sv\/vallox-info\/vallox-som-arbetsplats\/arbetsuppgifter\/\" \/>\n<meta property=\"og:site_name\" content=\"Vallox\" \/>\n<meta property=\"article:modified_time\" content=\"2026-03-12T06:47:15+00:00\" \/>\n<meta property=\"og:image\" content=\"https:\/\/www.vallox.com\/app\/uploads\/2023\/11\/aspatyopisteFeatured_720x480px.png\" \/>\n\t<meta property=\"og:image:width\" content=\"720\" \/>\n\t<meta property=\"og:image:height\" content=\"480\" \/>\n\t<meta property=\"og:image:type\" content=\"image\/png\" \/>\n<meta name=\"twitter:card\" content=\"summary_large_image\" \/>\n<meta name=\"twitter:label1\" content=\"Est. reading time\" \/>\n\t<meta name=\"twitter:data1\" content=\"3 minutes\" \/>\n<script type=\"application\/ld+json\" class=\"yoast-schema-graph\">{\"@context\":\"https:\/\/schema.org\",\"@graph\":[{\"@type\":\"WebPage\",\"@id\":\"https:\/\/www.vallox.com\/sv\/vallox-info\/vallox-som-arbetsplats\/arbetsuppgifter\/\",\"url\":\"https:\/\/www.vallox.com\/sv\/vallox-info\/vallox-som-arbetsplats\/arbetsuppgifter\/\",\"name\":\"Arbetsuppgifter - Vallox\",\"isPartOf\":{\"@id\":\"https:\/\/www.vallox.com\/sv\/#website\"},\"primaryImageOfPage\":{\"@id\":\"https:\/\/www.vallox.com\/sv\/vallox-info\/vallox-som-arbetsplats\/arbetsuppgifter\/#primaryimage\"},\"image\":{\"@id\":\"https:\/\/www.vallox.com\/sv\/vallox-info\/vallox-som-arbetsplats\/arbetsuppgifter\/#primaryimage\"},\"thumbnailUrl\":\"https:\/\/www.vallox.com\/app\/uploads\/2023\/11\/aspatyopisteFeatured_720x480px.png\",\"datePublished\":\"2023-06-26T08:28:08+00:00\",\"dateModified\":\"2026-03-12T06:47:15+00:00\",\"description\":\"Vi erbjuder m\u00e5nga slags karri\u00e4rm\u00f6jligheter. L\u00e4s mer om v\u00e5r arbetsuppgifter h\u00e4r.\",\"breadcrumb\":{\"@id\":\"https:\/\/www.vallox.com\/sv\/vallox-info\/vallox-som-arbetsplats\/arbetsuppgifter\/#breadcrumb\"},\"inLanguage\":\"sv-SE\",\"potentialAction\":[{\"@type\":\"ReadAction\",\"target\":[\"https:\/\/www.vallox.com\/sv\/vallox-info\/vallox-som-arbetsplats\/arbetsuppgifter\/\"]}]},{\"@type\":\"ImageObject\",\"inLanguage\":\"sv-SE\",\"@id\":\"https:\/\/www.vallox.com\/sv\/vallox-info\/vallox-som-arbetsplats\/arbetsuppgifter\/#primaryimage\",\"url\":\"https:\/\/www.vallox.com\/app\/uploads\/2023\/11\/aspatyopisteFeatured_720x480px.png\",\"contentUrl\":\"https:\/\/www.vallox.com\/app\/uploads\/2023\/11\/aspatyopisteFeatured_720x480px.png\",\"width\":720,\"height\":480,\"caption\":\"asiakaspalvelun ty\u00f6piste\"},{\"@type\":\"BreadcrumbList\",\"@id\":\"https:\/\/www.vallox.com\/sv\/vallox-info\/vallox-som-arbetsplats\/arbetsuppgifter\/#breadcrumb\",\"itemListElement\":[{\"@type\":\"ListItem\",\"position\":1,\"name\":\"Home\",\"item\":\"https:\/\/www.vallox.com\/sv\/\"},{\"@type\":\"ListItem\",\"position\":2,\"name\":\"Vallox info\",\"item\":\"https:\/\/www.vallox.com\/sv\/vallox-info\/\"},{\"@type\":\"ListItem\",\"position\":3,\"name\":\"Vallox som arbetsplats\",\"item\":\"https:\/\/www.vallox.com\/sv\/vallox-info\/vallox-som-arbetsplats\/\"},{\"@type\":\"ListItem\",\"position\":4,\"name\":\"Arbetsuppgifter\"}]},{\"@type\":\"WebSite\",\"@id\":\"https:\/\/www.vallox.com\/sv\/#website\",\"url\":\"https:\/\/www.vallox.com\/sv\/\",\"name\":\"Vallox\",\"description\":\"\",\"potentialAction\":[{\"@type\":\"SearchAction\",\"target\":{\"@type\":\"EntryPoint\",\"urlTemplate\":\"https:\/\/www.vallox.com\/sv\/?s={search_term_string}\"},\"query-input\":{\"@type\":\"PropertyValueSpecification\",\"valueRequired\":true,\"valueName\":\"search_term_string\"}}],\"inLanguage\":\"sv-SE\"}]}<\/script>\n<!-- \/ Yoast SEO plugin. -->","yoast_head_json":{"title":"Arbetsuppgifter - Vallox","description":"Vi erbjuder m\u00e5nga slags karri\u00e4rm\u00f6jligheter. L\u00e4s mer om v\u00e5r arbetsuppgifter h\u00e4r.","robots":{"index":"index","follow":"follow","max-snippet":"max-snippet:-1","max-image-preview":"max-image-preview:large","max-video-preview":"max-video-preview:-1"},"canonical":"https:\/\/www.vallox.com\/sv\/vallox-info\/vallox-som-arbetsplats\/arbetsuppgifter\/","og_locale":"sv_SE","og_type":"article","og_title":"Arbetsuppgifter - Vallox","og_description":"Vi erbjuder m\u00e5nga slags karri\u00e4rm\u00f6jligheter. L\u00e4s mer om v\u00e5r arbetsuppgifter h\u00e4r.","og_url":"https:\/\/www.vallox.com\/sv\/vallox-info\/vallox-som-arbetsplats\/arbetsuppgifter\/","og_site_name":"Vallox","article_modified_time":"2026-03-12T06:47:15+00:00","og_image":[{"width":720,"height":480,"url":"https:\/\/www.vallox.com\/app\/uploads\/2023\/11\/aspatyopisteFeatured_720x480px.png","type":"image\/png"}],"twitter_card":"summary_large_image","twitter_misc":{"Est. reading time":"3 minutes"},"schema":{"@context":"https:\/\/schema.org","@graph":[{"@type":"WebPage","@id":"https:\/\/www.vallox.com\/sv\/vallox-info\/vallox-som-arbetsplats\/arbetsuppgifter\/","url":"https:\/\/www.vallox.com\/sv\/vallox-info\/vallox-som-arbetsplats\/arbetsuppgifter\/","name":"Arbetsuppgifter - Vallox","isPartOf":{"@id":"https:\/\/www.vallox.com\/sv\/#website"},"primaryImageOfPage":{"@id":"https:\/\/www.vallox.com\/sv\/vallox-info\/vallox-som-arbetsplats\/arbetsuppgifter\/#primaryimage"},"image":{"@id":"https:\/\/www.vallox.com\/sv\/vallox-info\/vallox-som-arbetsplats\/arbetsuppgifter\/#primaryimage"},"thumbnailUrl":"https:\/\/www.vallox.com\/app\/uploads\/2023\/11\/aspatyopisteFeatured_720x480px.png","datePublished":"2023-06-26T08:28:08+00:00","dateModified":"2026-03-12T06:47:15+00:00","description":"Vi erbjuder m\u00e5nga slags karri\u00e4rm\u00f6jligheter. L\u00e4s mer om v\u00e5r arbetsuppgifter h\u00e4r.","breadcrumb":{"@id":"https:\/\/www.vallox.com\/sv\/vallox-info\/vallox-som-arbetsplats\/arbetsuppgifter\/#breadcrumb"},"inLanguage":"sv-SE","potentialAction":[{"@type":"ReadAction","target":["https:\/\/www.vallox.com\/sv\/vallox-info\/vallox-som-arbetsplats\/arbetsuppgifter\/"]}]},{"@type":"ImageObject","inLanguage":"sv-SE","@id":"https:\/\/www.vallox.com\/sv\/vallox-info\/vallox-som-arbetsplats\/arbetsuppgifter\/#primaryimage","url":"https:\/\/www.vallox.com\/app\/uploads\/2023\/11\/aspatyopisteFeatured_720x480px.png","contentUrl":"https:\/\/www.vallox.com\/app\/uploads\/2023\/11\/aspatyopisteFeatured_720x480px.png","width":720,"height":480,"caption":"asiakaspalvelun ty\u00f6piste"},{"@type":"BreadcrumbList","@id":"https:\/\/www.vallox.com\/sv\/vallox-info\/vallox-som-arbetsplats\/arbetsuppgifter\/#breadcrumb","itemListElement":[{"@type":"ListItem","position":1,"name":"Home","item":"https:\/\/www.vallox.com\/sv\/"},{"@type":"ListItem","position":2,"name":"Vallox info","item":"https:\/\/www.vallox.com\/sv\/vallox-info\/"},{"@type":"ListItem","position":3,"name":"Vallox som arbetsplats","item":"https:\/\/www.vallox.com\/sv\/vallox-info\/vallox-som-arbetsplats\/"},{"@type":"ListItem","position":4,"name":"Arbetsuppgifter"}]},{"@type":"WebSite","@id":"https:\/\/www.vallox.com\/sv\/#website","url":"https:\/\/www.vallox.com\/sv\/","name":"Vallox","description":"","potentialAction":[{"@type":"SearchAction","target":{"@type":"EntryPoint","urlTemplate":"https:\/\/www.vallox.com\/sv\/?s={search_term_string}"},"query-input":{"@type":"PropertyValueSpecification","valueRequired":true,"valueName":"search_term_string"}}],"inLanguage":"sv-SE"}]}},"_links":{"self":[{"href":"https:\/\/www.vallox.com\/sv\/wp-json\/wp\/v2\/pages\/9340","targetHints":{"allow":["GET"]}}],"collection":[{"href":"https:\/\/www.vallox.com\/sv\/wp-json\/wp\/v2\/pages"}],"about":[{"href":"https:\/\/www.vallox.com\/sv\/wp-json\/wp\/v2\/types\/page"}],"author":[{"embeddable":true,"href":"https:\/\/www.vallox.com\/sv\/wp-json\/wp\/v2\/users\/4"}],"replies":[{"embeddable":true,"href":"https:\/\/www.vallox.com\/sv\/wp-json\/wp\/v2\/comments?post=9340"}],"version-history":[{"count":7,"href":"https:\/\/www.vallox.com\/sv\/wp-json\/wp\/v2\/pages\/9340\/revisions"}],"predecessor-version":[{"id":29209,"href":"https:\/\/www.vallox.com\/sv\/wp-json\/wp\/v2\/pages\/9340\/revisions\/29209"}],"up":[{"embeddable":true,"href":"https:\/\/www.vallox.com\/sv\/wp-json\/wp\/v2\/pages\/9332"}],"wp:featuredmedia":[{"embeddable":true,"href":"https:\/\/www.vallox.com\/sv\/wp-json\/wp\/v2\/media\/19386"}],"wp:attachment":[{"href":"https:\/\/www.vallox.com\/sv\/wp-json\/wp\/v2\/media?parent=9340"}],"curies":[{"name":"wp","href":"https:\/\/api.w.org\/{rel}","templated":true}]}}