{"id":9332,"date":"2023-06-26T09:58:52","date_gmt":"2023-06-26T06:58:52","guid":{"rendered":"https:\/\/vallox.com\/tietoa-valloxista\/vallox-tyonantajana\/"},"modified":"2026-03-12T08:48:38","modified_gmt":"2026-03-12T06:48:38","slug":"vallox-som-arbetsplats","status":"publish","type":"page","link":"https:\/\/www.vallox.com\/sv\/vallox-info\/vallox-som-arbetsplats\/","title":{"rendered":"Vallox som arbetsplats"},"content":{"rendered":"<section class=\"mb-8 w-full FiftyFiftyVisualWrapper\"  >\n    <div>\n        <div class=\"FiftyFiftyVisual relative flex w-full justify-between flex-col xl:flex-row-reverse\">\n            <div class=\"h-min\n                w-full xl:w-5\/12 3xl:w-7\/12\n                pt-4 sm:pt-8 md:pt-12 lg:pt-20  3xl:pt-20\n                px-0\n                pl-8\n            \">\n                <div class=\"bgElement calc(100vw \/ 2 * ((100vw - 1860px) * 0.1))\n                    absolute z-0 reversewrap\n                    bgElement-left\n                    \n                    right-0 left-0 xl:left-[50%] 3xl:left-[calc((40vw+((100vw-1860px)*0.07)))] 3xl:min-w-[1200px] xl:rounded-tl-xl\n                    top-0\n                    bottom-24 xl:bottom-0\n                                        bg-[rgba(165,185,196,0.3)]\"\n                ><\/div>\n                                    <h2 class=\"Title Title-right relative z-10\n                        flex flex-col justify-start\n                        text-black\n                        text-2xl lg:text-3xl 2xl:text-4xl\n                        leading-7 lg:leading-8\n                        font-bold\n                        mb-4\n                        \n                        xl:pl-8\">\n                        Vad g\u00f6r vi?\n                    <\/h2>\n                                                    <div class=\"Content Content-right flex flex-col justify-center relative z-10\n                        \n                        xl:pl-8\">\n                                                    <span class=\"Text text-black xl:text-custom-gray-dark pb-2\">\n                                <p>Vallox \u00e4r ett v\u00e4lk\u00e4nt finl\u00e4ndskt f\u00f6retag med \u00f6ver 50 \u00e5rs erfarenhet av ventilationssystem. Vallox sk\u00f6ter tyst och diskret om byggnadens ventilation och h\u00e5ller inomhusluften frisk och ren att andas.<\/p>\n<p>Vi utvecklar och tillverkar tekniskt och funktionellt h\u00f6gklassiga, s\u00e4kra och till sin milj\u00f6belastning optimerade produkter. Vi lyssnar lyh\u00f6rt till s\u00e5v\u00e4l kunderna som personalen f\u00f6r att v\u00e5ra produkter alltid ska uppfylla anv\u00e4ndarnas f\u00f6rv\u00e4ntningar och krav.<\/p>\n<p>Vi ser till att h\u00e5lla milj\u00f6konsekvenserna av v\u00e5r verksamhet och v\u00e5ra produkter under kontroll under hela deras livscykel.<\/p>\n\n                            <\/span>\n                                                                    <\/div>\n                            <\/div>\n\n                            <div class=\"ImgWrap ImgWrap-left mt-8 xl:mt-20\n                    w-full xl:w-7\/12 xl:max-w-[950px]\n                    z-10 bottom-0 rounded-tl-[5rem] rounded-br-[5rem] overflow-hidden left-0 aspect-video\n                    xl:justify-start\n                    -ml-8 md:-ml-16 lg:-ml-20 xl:ml-0\n                \">\n                    <img decoding=\"async\"\n                    loading=\"lazy\"\n                    class=\"object-cover aspect-video w-full h-full\"\n                                            srcset=\"\n                            https:\/\/www.vallox.com\/app\/uploads\/2026\/03\/TekninenTuki_1452x992px-150x150.webp 150w,\n                            https:\/\/www.vallox.com\/app\/uploads\/2026\/03\/TekninenTuki_1452x992px-300x205.webp 300w,\n                            https:\/\/www.vallox.com\/app\/uploads\/2026\/03\/TekninenTuki_1452x992px-768x525.webp 768w,\n                            https:\/\/www.vallox.com\/app\/uploads\/2026\/03\/TekninenTuki_1452x992px-1024x700.webp 1024w,\n                            https:\/\/www.vallox.com\/app\/uploads\/2026\/03\/TekninenTuki_1452x992px.webp 1452w,\n                        \"\n                                        src=\"https:\/\/www.vallox.com\/app\/uploads\/2026\/03\/TekninenTuki_1452x992px-768x525.webp\"\n                    alt=\"tekninen tuki tutkimassa asiakkaan viesti\u00e4.\"\n                    \/>\n                <\/div>\n                    <\/div>\n    <\/div>\n<\/section>\n\n\n    <div id=\"Section\" class=\"Block Section overflow-hidden w-full\">\n        <div class=\"Section-content relative max-w-[1088px] mx-auto w-full\">\n            \n\n<h2 class=\"wp-block-heading\">Vem \u00e4r vi?<\/h2>\n\n\n\n<p>Vallox har ca 135 anst\u00e4llda. Ungef\u00e4r tv\u00e5 tredjedelar av oss arbetar inom produktionen och s\u00e4kerst\u00e4ller att v\u00e5ra produkter blir klara i r\u00e4tt tid och med r\u00e4tt volym och att de \u00e4r av toppkvalitet. Ut\u00f6ver detta beh\u00f6vs kunnig personal f\u00f6r m\u00e5nga andra uppgifter, till exempel inom produktutveckling, upphandling, inhemsk f\u00f6rs\u00e4ljning, export, marknadsf\u00f6ring, kundservice och det tekniska st\u00f6det samt inom informationshantering, ekonomi och personaladministration.<\/p>\n\n\n\n<p>V\u00e5ra v\u00e4rden \u00e4r uppskattning och respekt f\u00f6r varandra, p\u00e5litligt partnerskap, verksamhet och produkter av h\u00f6g kvalitet samt kontinuerlig utveckling.<\/p>\n\n\n\n<p>Vi s\u00f6rjer f\u00f6r s\u00e4kerheten och trivseln p\u00e5 v\u00e5r arbetsplats genom att s\u00e4kerst\u00e4lla att eventuella risker identifieras och hanteras. En h\u00f6gklassig f\u00f6retagsh\u00e4lsov\u00e5rd som \u00e4ven t\u00e4cker kostnader f\u00f6r specialiserad sjukv\u00e5rd st\u00f6der personalens v\u00e4lm\u00e5ende. Vi orkar alla b\u00e4ttre d\u00e5 arbetsgivaren st\u00f6der kultur- och motionsaktiviteter p\u00e5 fritiden samt anv\u00e4ndningen av v\u00e4lf\u00e4rdstj\u00e4nster.<\/p>\n\n\n\n<p>P\u00e5 Vallox satsar vi p\u00e5 att personalen kontinuerligt b\u00e5de kan och f\u00e5r utveckla sin kompetens. V\u00e5rt positiva och \u00f6ppna arbetsklimat underl\u00e4ttar v\u00e5rt vardagliga arbete.<\/p>\n\n\n\n<p><\/p>\n\n\n\n<h2 class=\"wp-block-heading\">Var jobbar vi?<\/h2>\n\n\n\n<p>Produktions- och kontorslokalerna ligger i Loimaa i Egentliga Finland d\u00e4r st\u00f6rsta delen av de anst\u00e4llda arbetar. De regionala cheferna f\u00f6r den inhemska f\u00f6rs\u00e4ljningen ser till att Vallox \u00e4r representerad p\u00e5 ett helt\u00e4ckande s\u00e4tt runtom i Finland.<\/p>\n\n\n\n<p>Kontorslokalerna \u00e4r moderna och i produktionen har man satsat p\u00e5 arbete enligt Lean-t\u00e4nkandet.<\/p>\n\n\n\n<p>F\u00f6retagsspr\u00e5ket \u00e4r finska.<\/p>\n\n\n\n<div style=\"height:47px\" aria-hidden=\"true\" class=\"wp-block-spacer\"><\/div>\n\n\n\n    <div  class=\"Video w-full h-auto mx-auto \" style=\"\">\n        \n                            <iframe class=\"w-full h-auto aspect-video\" src=\"https:\/\/www.youtube-nocookie.com\/embed\/SRnjyDc-UnU\" title=\"YouTube video player\" frameborder=\"0\" allow=\"accelerometer; autoplay; clipboard-write; encrypted-media; gyroscope; picture-in-picture; web-share\" allowfullscreen><\/iframe>\n            \n            <\/div>\n\n\n    <\/div>\n<\/div>\n\n\n\n<div style=\"height:42px\" aria-hidden=\"true\" class=\"wp-block-spacer\"><\/div>\n\n\n<section class=\"mb-8 w-full FiftyFiftyVisualWrapper\"  >\n    <div>\n        <div class=\"FiftyFiftyVisual relative flex w-full justify-between flex-col xl:flex-row-reverse\">\n            <div class=\"h-min\n                w-full xl:w-5\/12 3xl:w-7\/12\n                pt-4 sm:pt-8 md:pt-12 lg:pt-20  3xl:pt-20\n                px-0\n                pl-8\n            \">\n                <div class=\"bgElement calc(100vw \/ 2 * ((100vw - 1860px) * 0.1))\n                    absolute z-0 reversewrap\n                    bgElement-left\n                    \n                    right-0 left-0 xl:left-[50%] 3xl:left-[calc((40vw+((100vw-1860px)*0.07)))] 3xl:min-w-[1200px] xl:rounded-tl-xl\n                    top-0\n                    bottom-24 xl:bottom-0\n                                        bg-[rgba(165,185,196,0.3)]\"\n                ><\/div>\n                                    <h2 class=\"Title Title-right relative z-10\n                        flex flex-col justify-start\n                        text-black\n                        text-2xl lg:text-3xl 2xl:text-4xl\n                        leading-7 lg:leading-8\n                        font-bold\n                        mb-4\n                        \n                        xl:pl-8\">\n                        Vi erbjuder m\u00e5nga slags karri\u00e4rm\u00f6jligheter\n                    <\/h2>\n                                                    <div class=\"Content Content-right flex flex-col justify-center relative z-10\n                        \n                        xl:pl-8\">\n                                                    <span class=\"Text text-black xl:text-custom-gray-dark pb-2\">\n                                <p>Det finns m\u00e5nga slags arbetsuppgifter p\u00e5 Vallox: i fabriken kan du arbeta med hopmontering av ventilationsaggregat eller andra produktionsuppgifter, som tj\u00e4nsteman kan du arbeta bland annat inom produktutveckling och -design, inom olika uppgifter i kundgr\u00e4nssnittet samt inom administrationen.<\/p>\n\n                            <\/span>\n                                                                        <div class=\"flex relative z-10\">\n                            \n\n\n\n    <a\n        href=\"https:\/\/www.vallox.com\/sv\/vallox-info\/vallox-som-arbetsplats\/arbetsuppgifter\/\"\n        alt=\"\"\n        target=\"\"\n        class=\"\n            cursor-pointer\n            \n            \n            inline-flex\n            border-black\n            border-2\n            hover:border-primary\n            hover:text-primary\n            group\n            hover:bg-custom-gray-blueish-light\n            font-semibold\n            px-4\n            py-2\n            rounded-full\n            self-baseline\n        \"\n    >\n        B\u00f6rja jobba hos oss!\n        <span class=\"ml-2 w-3 h-auto fill-black group-hover:fill-primary flex justify-center items-center\"><svg clip-rule=\"evenodd\" fill-rule=\"evenodd\" stroke-linejoin=\"round\" stroke-miterlimit=\"2\" viewBox=\"0 0 24 24\" width=\"100%\" xmlns=\"http:\/\/www.w3.org\/2000\/svg\"><path d=\"m13.022 14.999v3.251c0 .412.335.75.752.75.188 0 .375-.071.518-.206 1.775-1.685 4.945-4.692 6.396-6.069.2-.189.312-.452.312-.725 0-.274-.112-.536-.312-.725-1.451-1.377-4.621-4.385-6.396-6.068-.143-.136-.33-.207-.518-.207-.417 0-.752.337-.752.75v3.251h-9.02c-.531 0-1.002.47-1.002 1v3.998c0 .53.471 1 1.002 1z\" fill-rule=\"nonzero\"\/><\/svg><\/span>\n    <\/a>\n                        <\/div>\n                                            <\/div>\n                            <\/div>\n\n                            <div class=\"ImgWrap ImgWrap-left mt-8 xl:mt-20\n                    w-full xl:w-7\/12 xl:max-w-[950px]\n                    z-10 bottom-0 rounded-tl-[5rem] rounded-br-[5rem] overflow-hidden left-0 aspect-video\n                    xl:justify-start\n                    -ml-8 md:-ml-16 lg:-ml-20 xl:ml-0\n                \">\n                    <img decoding=\"async\"\n                    loading=\"lazy\"\n                    class=\"object-cover aspect-video w-full h-full\"\n                                            srcset=\"\n                            https:\/\/www.vallox.com\/app\/uploads\/2026\/03\/Vallox_tehdas7_small-150x150.webp 150w,\n                            https:\/\/www.vallox.com\/app\/uploads\/2026\/03\/Vallox_tehdas7_small-300x206.webp 300w,\n                            https:\/\/www.vallox.com\/app\/uploads\/2026\/03\/Vallox_tehdas7_small-768x528.webp 768w,\n                            https:\/\/www.vallox.com\/app\/uploads\/2026\/03\/Vallox_tehdas7_small-1024x703.webp 1024w,\n                            https:\/\/www.vallox.com\/app\/uploads\/2026\/03\/Vallox_tehdas7_small.webp 1920w,\n                        \"\n                                        src=\"https:\/\/www.vallox.com\/app\/uploads\/2026\/03\/Vallox_tehdas7_small-768x528.webp\"\n                    alt=\"\"\n                    \/>\n                <\/div>\n                    <\/div>\n    <\/div>\n<\/section>\n","protected":false},"excerpt":{"rendered":"","protected":false},"author":4,"featured_media":19392,"parent":9077,"menu_order":40,"comment_status":"closed","ping_status":"closed","template":"","meta":{"_acf_changed":false,"footnotes":""},"class_list":["post-9332","page","type-page","status-publish","has-post-thumbnail","hentry"],"acf":[],"yoast_head":"<!-- This site is optimized with the Yoast SEO plugin v26.9 - https:\/\/yoast.com\/product\/yoast-seo-wordpress\/ -->\n<title>Vallox som arbetsplats - Vallox<\/title>\n<meta name=\"description\" content=\"Vallox utvecklar och tillverkar h\u00f6gkvalitativa ventilationsmaskiner i Loimaa, Finland. Vi erbjuder m\u00e5nga slags karriarm\u00f6jligheter.\" \/>\n<meta name=\"robots\" content=\"index, follow, max-snippet:-1, max-image-preview:large, max-video-preview:-1\" \/>\n<link rel=\"canonical\" href=\"https:\/\/www.vallox.com\/sv\/vallox-info\/vallox-som-arbetsplats\/\" \/>\n<meta property=\"og:locale\" content=\"sv_SE\" \/>\n<meta property=\"og:type\" content=\"article\" \/>\n<meta property=\"og:title\" content=\"Vallox som arbetsplats - Vallox\" \/>\n<meta property=\"og:description\" content=\"Vallox utvecklar och tillverkar h\u00f6gkvalitativa ventilationsmaskiner i Loimaa, Finland. Vi erbjuder m\u00e5nga slags karriarm\u00f6jligheter.\" \/>\n<meta property=\"og:url\" content=\"https:\/\/www.vallox.com\/sv\/vallox-info\/vallox-som-arbetsplats\/\" \/>\n<meta property=\"og:site_name\" content=\"Vallox\" \/>\n<meta property=\"article:modified_time\" content=\"2026-03-12T06:48:38+00:00\" \/>\n<meta property=\"og:image\" content=\"https:\/\/www.vallox.com\/app\/uploads\/2023\/11\/MillaJaMaalaamoFeatured_720x480px.png\" \/>\n\t<meta property=\"og:image:width\" content=\"720\" \/>\n\t<meta property=\"og:image:height\" content=\"480\" \/>\n\t<meta property=\"og:image:type\" content=\"image\/png\" \/>\n<meta name=\"twitter:card\" content=\"summary_large_image\" \/>\n<meta name=\"twitter:label1\" content=\"Est. reading time\" \/>\n\t<meta name=\"twitter:data1\" content=\"5 minutes\" \/>\n<script type=\"application\/ld+json\" class=\"yoast-schema-graph\">{\"@context\":\"https:\/\/schema.org\",\"@graph\":[{\"@type\":\"WebPage\",\"@id\":\"https:\/\/www.vallox.com\/sv\/vallox-info\/vallox-som-arbetsplats\/\",\"url\":\"https:\/\/www.vallox.com\/sv\/vallox-info\/vallox-som-arbetsplats\/\",\"name\":\"Vallox som arbetsplats - Vallox\",\"isPartOf\":{\"@id\":\"https:\/\/www.vallox.com\/sv\/#website\"},\"primaryImageOfPage\":{\"@id\":\"https:\/\/www.vallox.com\/sv\/vallox-info\/vallox-som-arbetsplats\/#primaryimage\"},\"image\":{\"@id\":\"https:\/\/www.vallox.com\/sv\/vallox-info\/vallox-som-arbetsplats\/#primaryimage\"},\"thumbnailUrl\":\"https:\/\/www.vallox.com\/app\/uploads\/2023\/11\/MillaJaMaalaamoFeatured_720x480px.png\",\"datePublished\":\"2023-06-26T06:58:52+00:00\",\"dateModified\":\"2026-03-12T06:48:38+00:00\",\"description\":\"Vallox utvecklar och tillverkar h\u00f6gkvalitativa ventilationsmaskiner i Loimaa, Finland. Vi erbjuder m\u00e5nga slags karriarm\u00f6jligheter.\",\"breadcrumb\":{\"@id\":\"https:\/\/www.vallox.com\/sv\/vallox-info\/vallox-som-arbetsplats\/#breadcrumb\"},\"inLanguage\":\"sv-SE\",\"potentialAction\":[{\"@type\":\"ReadAction\",\"target\":[\"https:\/\/www.vallox.com\/sv\/vallox-info\/vallox-som-arbetsplats\/\"]}]},{\"@type\":\"ImageObject\",\"inLanguage\":\"sv-SE\",\"@id\":\"https:\/\/www.vallox.com\/sv\/vallox-info\/vallox-som-arbetsplats\/#primaryimage\",\"url\":\"https:\/\/www.vallox.com\/app\/uploads\/2023\/11\/MillaJaMaalaamoFeatured_720x480px.png\",\"contentUrl\":\"https:\/\/www.vallox.com\/app\/uploads\/2023\/11\/MillaJaMaalaamoFeatured_720x480px.png\",\"width\":720,\"height\":480,\"caption\":\"Valloxin maalaamon ty\u00f6ntekij\u00e4 Milla ty\u00f6ss\u00e4\u00e4n\"},{\"@type\":\"BreadcrumbList\",\"@id\":\"https:\/\/www.vallox.com\/sv\/vallox-info\/vallox-som-arbetsplats\/#breadcrumb\",\"itemListElement\":[{\"@type\":\"ListItem\",\"position\":1,\"name\":\"Home\",\"item\":\"https:\/\/www.vallox.com\/sv\/\"},{\"@type\":\"ListItem\",\"position\":2,\"name\":\"Vallox info\",\"item\":\"https:\/\/www.vallox.com\/sv\/vallox-info\/\"},{\"@type\":\"ListItem\",\"position\":3,\"name\":\"Vallox som arbetsplats\"}]},{\"@type\":\"WebSite\",\"@id\":\"https:\/\/www.vallox.com\/sv\/#website\",\"url\":\"https:\/\/www.vallox.com\/sv\/\",\"name\":\"Vallox\",\"description\":\"\",\"potentialAction\":[{\"@type\":\"SearchAction\",\"target\":{\"@type\":\"EntryPoint\",\"urlTemplate\":\"https:\/\/www.vallox.com\/sv\/?s={search_term_string}\"},\"query-input\":{\"@type\":\"PropertyValueSpecification\",\"valueRequired\":true,\"valueName\":\"search_term_string\"}}],\"inLanguage\":\"sv-SE\"}]}<\/script>\n<!-- \/ Yoast SEO plugin. -->","yoast_head_json":{"title":"Vallox som arbetsplats - Vallox","description":"Vallox utvecklar och tillverkar h\u00f6gkvalitativa ventilationsmaskiner i Loimaa, Finland. Vi erbjuder m\u00e5nga slags karriarm\u00f6jligheter.","robots":{"index":"index","follow":"follow","max-snippet":"max-snippet:-1","max-image-preview":"max-image-preview:large","max-video-preview":"max-video-preview:-1"},"canonical":"https:\/\/www.vallox.com\/sv\/vallox-info\/vallox-som-arbetsplats\/","og_locale":"sv_SE","og_type":"article","og_title":"Vallox som arbetsplats - Vallox","og_description":"Vallox utvecklar och tillverkar h\u00f6gkvalitativa ventilationsmaskiner i Loimaa, Finland. Vi erbjuder m\u00e5nga slags karriarm\u00f6jligheter.","og_url":"https:\/\/www.vallox.com\/sv\/vallox-info\/vallox-som-arbetsplats\/","og_site_name":"Vallox","article_modified_time":"2026-03-12T06:48:38+00:00","og_image":[{"width":720,"height":480,"url":"https:\/\/www.vallox.com\/app\/uploads\/2023\/11\/MillaJaMaalaamoFeatured_720x480px.png","type":"image\/png"}],"twitter_card":"summary_large_image","twitter_misc":{"Est. reading time":"5 minutes"},"schema":{"@context":"https:\/\/schema.org","@graph":[{"@type":"WebPage","@id":"https:\/\/www.vallox.com\/sv\/vallox-info\/vallox-som-arbetsplats\/","url":"https:\/\/www.vallox.com\/sv\/vallox-info\/vallox-som-arbetsplats\/","name":"Vallox som arbetsplats - Vallox","isPartOf":{"@id":"https:\/\/www.vallox.com\/sv\/#website"},"primaryImageOfPage":{"@id":"https:\/\/www.vallox.com\/sv\/vallox-info\/vallox-som-arbetsplats\/#primaryimage"},"image":{"@id":"https:\/\/www.vallox.com\/sv\/vallox-info\/vallox-som-arbetsplats\/#primaryimage"},"thumbnailUrl":"https:\/\/www.vallox.com\/app\/uploads\/2023\/11\/MillaJaMaalaamoFeatured_720x480px.png","datePublished":"2023-06-26T06:58:52+00:00","dateModified":"2026-03-12T06:48:38+00:00","description":"Vallox utvecklar och tillverkar h\u00f6gkvalitativa ventilationsmaskiner i Loimaa, Finland. Vi erbjuder m\u00e5nga slags karriarm\u00f6jligheter.","breadcrumb":{"@id":"https:\/\/www.vallox.com\/sv\/vallox-info\/vallox-som-arbetsplats\/#breadcrumb"},"inLanguage":"sv-SE","potentialAction":[{"@type":"ReadAction","target":["https:\/\/www.vallox.com\/sv\/vallox-info\/vallox-som-arbetsplats\/"]}]},{"@type":"ImageObject","inLanguage":"sv-SE","@id":"https:\/\/www.vallox.com\/sv\/vallox-info\/vallox-som-arbetsplats\/#primaryimage","url":"https:\/\/www.vallox.com\/app\/uploads\/2023\/11\/MillaJaMaalaamoFeatured_720x480px.png","contentUrl":"https:\/\/www.vallox.com\/app\/uploads\/2023\/11\/MillaJaMaalaamoFeatured_720x480px.png","width":720,"height":480,"caption":"Valloxin maalaamon ty\u00f6ntekij\u00e4 Milla ty\u00f6ss\u00e4\u00e4n"},{"@type":"BreadcrumbList","@id":"https:\/\/www.vallox.com\/sv\/vallox-info\/vallox-som-arbetsplats\/#breadcrumb","itemListElement":[{"@type":"ListItem","position":1,"name":"Home","item":"https:\/\/www.vallox.com\/sv\/"},{"@type":"ListItem","position":2,"name":"Vallox info","item":"https:\/\/www.vallox.com\/sv\/vallox-info\/"},{"@type":"ListItem","position":3,"name":"Vallox som arbetsplats"}]},{"@type":"WebSite","@id":"https:\/\/www.vallox.com\/sv\/#website","url":"https:\/\/www.vallox.com\/sv\/","name":"Vallox","description":"","potentialAction":[{"@type":"SearchAction","target":{"@type":"EntryPoint","urlTemplate":"https:\/\/www.vallox.com\/sv\/?s={search_term_string}"},"query-input":{"@type":"PropertyValueSpecification","valueRequired":true,"valueName":"search_term_string"}}],"inLanguage":"sv-SE"}]}},"_links":{"self":[{"href":"https:\/\/www.vallox.com\/sv\/wp-json\/wp\/v2\/pages\/9332","targetHints":{"allow":["GET"]}}],"collection":[{"href":"https:\/\/www.vallox.com\/sv\/wp-json\/wp\/v2\/pages"}],"about":[{"href":"https:\/\/www.vallox.com\/sv\/wp-json\/wp\/v2\/types\/page"}],"author":[{"embeddable":true,"href":"https:\/\/www.vallox.com\/sv\/wp-json\/wp\/v2\/users\/4"}],"replies":[{"embeddable":true,"href":"https:\/\/www.vallox.com\/sv\/wp-json\/wp\/v2\/comments?post=9332"}],"version-history":[{"count":15,"href":"https:\/\/www.vallox.com\/sv\/wp-json\/wp\/v2\/pages\/9332\/revisions"}],"predecessor-version":[{"id":29210,"href":"https:\/\/www.vallox.com\/sv\/wp-json\/wp\/v2\/pages\/9332\/revisions\/29210"}],"up":[{"embeddable":true,"href":"https:\/\/www.vallox.com\/sv\/wp-json\/wp\/v2\/pages\/9077"}],"wp:featuredmedia":[{"embeddable":true,"href":"https:\/\/www.vallox.com\/sv\/wp-json\/wp\/v2\/media\/19392"}],"wp:attachment":[{"href":"https:\/\/www.vallox.com\/sv\/wp-json\/wp\/v2\/media?parent=9332"}],"curies":[{"name":"wp","href":"https:\/\/api.w.org\/{rel}","templated":true}]}}