{"id":9284,"date":"2023-06-26T09:56:05","date_gmt":"2023-06-26T06:56:05","guid":{"rendered":"https:\/\/vallox.com\/tietoa-valloxista\/laskutustiedot\/"},"modified":"2023-09-07T17:12:14","modified_gmt":"2023-09-07T14:12:14","slug":"faktureringsuppgifter","status":"publish","type":"page","link":"https:\/\/www.vallox.com\/sv\/vallox-info\/faktureringsuppgifter\/","title":{"rendered":"Faktureringsuppgifter"},"content":{"rendered":"    <div id=\"\" class=\"Block Section overflow-hidden w-full\">\n        <div class=\"Section-content relative max-w-[1088px] mx-auto w-full\">\n            \n\n<p>Vi \u00f6nskar att ni skickar er faktura huvudsakligen som n\u00e4tfaktura. V\u00e5r operat\u00f6r \u00e4r Pagero Oy.<\/p>\n\n\n\n<p>Fakturan ska i f\u00f6rsta hand inneh\u00e5lla v\u00e5rt 6-siffriga best\u00e4llningsnummer. Om inget best\u00e4llningsnummer finns, ska best\u00e4llarens referens anges p\u00e5 fakturan. Vi ber er ocks\u00e5 observera att varje best\u00e4llning och leverans faktureras skilt p\u00e5 egen faktura.<\/p>\n\n\n\n<p>Vallox Oy:s FO-nummer \u00e4r 0672350-9<\/p>\n\n\n\n<p><\/p>\n\n\n\n<h2 class=\"wp-block-heading\">N\u00e4tfakturor<\/h2>\n\n\n\n<p>N\u00e4tfakturaadressen \u00e4r 003706723509<br>F\u00f6rmedlarkoden \u00e4r 003723609900 eller PAGERO<\/p>\n\n\n\n<p><\/p>\n\n\n\n<h2 class=\"wp-block-heading\">Pdf-fakturor<\/h2>\n\n\n\n<p>Om ni inte har m\u00f6jlighet att skicka n\u00e4tfakturor, kan ni s\u00e4nda pdf-fakturor p\u00e5 e-postadressen:<\/p>\n\n\n\n<p>ValloxOy-ext@mail.paletteoy.readsoftonline.com<\/p>\n\n\n\n<p>Vi ber er observera att inget annat material \u00e4n fakturor f\u00e5r skickas till denna adress. Alla sidor i fakturan ska finnas i samma pdf-fil, skanna allts\u00e5 in eventuella bilagor till fakturan i samma pdf-fil som f\u00f6ljesida till fakturan. Ett e-postmeddelande kan inneh\u00e5lla endast en pdf-fil.<\/p>\n\n\n\n<p><\/p>\n\n\n\n<h2 class=\"wp-block-heading\">Pappersfakturor<\/h2>\n\n\n\n<p>Om ni inte kan skicka n\u00e4tfakturor eller pdf-fakturor ber vi er skicka pappersfakturor till adressen:<\/p>\n\n\n\n<p>Vallox Oy<br>Ostolaskut<br>Myllykyl\u00e4ntie 9-11<br>32200 LOIMAA<\/p>\n\n\n    <\/div>\n<\/div>\n\n\n    <div id=\"\" class=\"Block Section overflow-hidden w-full\">\n        <div class=\"Section-content relative max-w-[1088px] mx-auto w-full\">\n            \n\n<p><\/p>\n\n\n    <\/div>\n<\/div>\n\n\n\n<p><\/p>\n","protected":false},"excerpt":{"rendered":"","protected":false},"author":3,"featured_media":14879,"parent":9077,"menu_order":20,"comment_status":"closed","ping_status":"closed","template":"","meta":{"_acf_changed":false,"footnotes":""},"class_list":["post-9284","page","type-page","status-publish","has-post-thumbnail","hentry"],"acf":[],"yoast_head":"<!-- This site is optimized with the Yoast SEO plugin v26.9 - https:\/\/yoast.com\/product\/yoast-seo-wordpress\/ -->\n<title>Faktureringsuppgifter - Vallox<\/title>\n<meta name=\"description\" content=\"Vi \u00f6nskar att ni skickar er faktura huvudsakligen som n\u00e4tfaktura. V\u00e5r operat\u00f6r \u00e4r Pagero Oy.\" \/>\n<meta name=\"robots\" content=\"index, follow, max-snippet:-1, max-image-preview:large, max-video-preview:-1\" \/>\n<link rel=\"canonical\" href=\"https:\/\/www.vallox.com\/sv\/vallox-info\/faktureringsuppgifter\/\" \/>\n<meta property=\"og:locale\" content=\"sv_SE\" \/>\n<meta property=\"og:type\" content=\"article\" \/>\n<meta property=\"og:title\" content=\"Faktureringsuppgifter - Vallox\" \/>\n<meta property=\"og:description\" content=\"Vi \u00f6nskar att ni skickar er faktura huvudsakligen som n\u00e4tfaktura. V\u00e5r operat\u00f6r \u00e4r Pagero Oy.\" \/>\n<meta property=\"og:url\" content=\"https:\/\/www.vallox.com\/sv\/vallox-info\/faktureringsuppgifter\/\" \/>\n<meta property=\"og:site_name\" content=\"Vallox\" \/>\n<meta property=\"article:modified_time\" content=\"2023-09-07T14:12:14+00:00\" \/>\n<meta name=\"twitter:card\" content=\"summary_large_image\" \/>\n<meta name=\"twitter:label1\" content=\"Est. reading time\" \/>\n\t<meta name=\"twitter:data1\" content=\"1 minute\" \/>\n<script type=\"application\/ld+json\" class=\"yoast-schema-graph\">{\"@context\":\"https:\/\/schema.org\",\"@graph\":[{\"@type\":\"WebPage\",\"@id\":\"https:\/\/www.vallox.com\/sv\/vallox-info\/faktureringsuppgifter\/\",\"url\":\"https:\/\/www.vallox.com\/sv\/vallox-info\/faktureringsuppgifter\/\",\"name\":\"Faktureringsuppgifter - Vallox\",\"isPartOf\":{\"@id\":\"https:\/\/www.vallox.com\/sv\/#website\"},\"primaryImageOfPage\":{\"@id\":\"https:\/\/www.vallox.com\/sv\/vallox-info\/faktureringsuppgifter\/#primaryimage\"},\"image\":{\"@id\":\"https:\/\/www.vallox.com\/sv\/vallox-info\/faktureringsuppgifter\/#primaryimage\"},\"thumbnailUrl\":\"https:\/\/www.vallox.com\/app\/uploads\/2023\/09\/TarpeenmukainenIlmanvaihtoTyopaikalla_Featured720x480px.jpg\",\"datePublished\":\"2023-06-26T06:56:05+00:00\",\"dateModified\":\"2023-09-07T14:12:14+00:00\",\"description\":\"Vi \u00f6nskar att ni skickar er faktura huvudsakligen som n\u00e4tfaktura. V\u00e5r operat\u00f6r \u00e4r Pagero Oy.\",\"breadcrumb\":{\"@id\":\"https:\/\/www.vallox.com\/sv\/vallox-info\/faktureringsuppgifter\/#breadcrumb\"},\"inLanguage\":\"sv-SE\",\"potentialAction\":[{\"@type\":\"ReadAction\",\"target\":[\"https:\/\/www.vallox.com\/sv\/vallox-info\/faktureringsuppgifter\/\"]}]},{\"@type\":\"ImageObject\",\"inLanguage\":\"sv-SE\",\"@id\":\"https:\/\/www.vallox.com\/sv\/vallox-info\/faktureringsuppgifter\/#primaryimage\",\"url\":\"https:\/\/www.vallox.com\/app\/uploads\/2023\/09\/TarpeenmukainenIlmanvaihtoTyopaikalla_Featured720x480px.jpg\",\"contentUrl\":\"https:\/\/www.vallox.com\/app\/uploads\/2023\/09\/TarpeenmukainenIlmanvaihtoTyopaikalla_Featured720x480px.jpg\",\"width\":720,\"height\":480,\"caption\":\"ilmanvaihto ty\u00f6paikalla kuvituskuva\"},{\"@type\":\"BreadcrumbList\",\"@id\":\"https:\/\/www.vallox.com\/sv\/vallox-info\/faktureringsuppgifter\/#breadcrumb\",\"itemListElement\":[{\"@type\":\"ListItem\",\"position\":1,\"name\":\"Home\",\"item\":\"https:\/\/www.vallox.com\/sv\/\"},{\"@type\":\"ListItem\",\"position\":2,\"name\":\"Vallox info\",\"item\":\"https:\/\/www.vallox.com\/sv\/vallox-info\/\"},{\"@type\":\"ListItem\",\"position\":3,\"name\":\"Faktureringsuppgifter\"}]},{\"@type\":\"WebSite\",\"@id\":\"https:\/\/www.vallox.com\/sv\/#website\",\"url\":\"https:\/\/www.vallox.com\/sv\/\",\"name\":\"Vallox\",\"description\":\"\",\"potentialAction\":[{\"@type\":\"SearchAction\",\"target\":{\"@type\":\"EntryPoint\",\"urlTemplate\":\"https:\/\/www.vallox.com\/sv\/?s={search_term_string}\"},\"query-input\":{\"@type\":\"PropertyValueSpecification\",\"valueRequired\":true,\"valueName\":\"search_term_string\"}}],\"inLanguage\":\"sv-SE\"}]}<\/script>\n<!-- \/ Yoast SEO plugin. -->","yoast_head_json":{"title":"Faktureringsuppgifter - Vallox","description":"Vi \u00f6nskar att ni skickar er faktura huvudsakligen som n\u00e4tfaktura. V\u00e5r operat\u00f6r \u00e4r Pagero Oy.","robots":{"index":"index","follow":"follow","max-snippet":"max-snippet:-1","max-image-preview":"max-image-preview:large","max-video-preview":"max-video-preview:-1"},"canonical":"https:\/\/www.vallox.com\/sv\/vallox-info\/faktureringsuppgifter\/","og_locale":"sv_SE","og_type":"article","og_title":"Faktureringsuppgifter - Vallox","og_description":"Vi \u00f6nskar att ni skickar er faktura huvudsakligen som n\u00e4tfaktura. V\u00e5r operat\u00f6r \u00e4r Pagero Oy.","og_url":"https:\/\/www.vallox.com\/sv\/vallox-info\/faktureringsuppgifter\/","og_site_name":"Vallox","article_modified_time":"2023-09-07T14:12:14+00:00","twitter_card":"summary_large_image","twitter_misc":{"Est. reading time":"1 minute"},"schema":{"@context":"https:\/\/schema.org","@graph":[{"@type":"WebPage","@id":"https:\/\/www.vallox.com\/sv\/vallox-info\/faktureringsuppgifter\/","url":"https:\/\/www.vallox.com\/sv\/vallox-info\/faktureringsuppgifter\/","name":"Faktureringsuppgifter - Vallox","isPartOf":{"@id":"https:\/\/www.vallox.com\/sv\/#website"},"primaryImageOfPage":{"@id":"https:\/\/www.vallox.com\/sv\/vallox-info\/faktureringsuppgifter\/#primaryimage"},"image":{"@id":"https:\/\/www.vallox.com\/sv\/vallox-info\/faktureringsuppgifter\/#primaryimage"},"thumbnailUrl":"https:\/\/www.vallox.com\/app\/uploads\/2023\/09\/TarpeenmukainenIlmanvaihtoTyopaikalla_Featured720x480px.jpg","datePublished":"2023-06-26T06:56:05+00:00","dateModified":"2023-09-07T14:12:14+00:00","description":"Vi \u00f6nskar att ni skickar er faktura huvudsakligen som n\u00e4tfaktura. V\u00e5r operat\u00f6r \u00e4r Pagero Oy.","breadcrumb":{"@id":"https:\/\/www.vallox.com\/sv\/vallox-info\/faktureringsuppgifter\/#breadcrumb"},"inLanguage":"sv-SE","potentialAction":[{"@type":"ReadAction","target":["https:\/\/www.vallox.com\/sv\/vallox-info\/faktureringsuppgifter\/"]}]},{"@type":"ImageObject","inLanguage":"sv-SE","@id":"https:\/\/www.vallox.com\/sv\/vallox-info\/faktureringsuppgifter\/#primaryimage","url":"https:\/\/www.vallox.com\/app\/uploads\/2023\/09\/TarpeenmukainenIlmanvaihtoTyopaikalla_Featured720x480px.jpg","contentUrl":"https:\/\/www.vallox.com\/app\/uploads\/2023\/09\/TarpeenmukainenIlmanvaihtoTyopaikalla_Featured720x480px.jpg","width":720,"height":480,"caption":"ilmanvaihto ty\u00f6paikalla kuvituskuva"},{"@type":"BreadcrumbList","@id":"https:\/\/www.vallox.com\/sv\/vallox-info\/faktureringsuppgifter\/#breadcrumb","itemListElement":[{"@type":"ListItem","position":1,"name":"Home","item":"https:\/\/www.vallox.com\/sv\/"},{"@type":"ListItem","position":2,"name":"Vallox info","item":"https:\/\/www.vallox.com\/sv\/vallox-info\/"},{"@type":"ListItem","position":3,"name":"Faktureringsuppgifter"}]},{"@type":"WebSite","@id":"https:\/\/www.vallox.com\/sv\/#website","url":"https:\/\/www.vallox.com\/sv\/","name":"Vallox","description":"","potentialAction":[{"@type":"SearchAction","target":{"@type":"EntryPoint","urlTemplate":"https:\/\/www.vallox.com\/sv\/?s={search_term_string}"},"query-input":{"@type":"PropertyValueSpecification","valueRequired":true,"valueName":"search_term_string"}}],"inLanguage":"sv-SE"}]}},"_links":{"self":[{"href":"https:\/\/www.vallox.com\/sv\/wp-json\/wp\/v2\/pages\/9284","targetHints":{"allow":["GET"]}}],"collection":[{"href":"https:\/\/www.vallox.com\/sv\/wp-json\/wp\/v2\/pages"}],"about":[{"href":"https:\/\/www.vallox.com\/sv\/wp-json\/wp\/v2\/types\/page"}],"author":[{"embeddable":true,"href":"https:\/\/www.vallox.com\/sv\/wp-json\/wp\/v2\/users\/3"}],"replies":[{"embeddable":true,"href":"https:\/\/www.vallox.com\/sv\/wp-json\/wp\/v2\/comments?post=9284"}],"version-history":[{"count":1,"href":"https:\/\/www.vallox.com\/sv\/wp-json\/wp\/v2\/pages\/9284\/revisions"}],"predecessor-version":[{"id":9286,"href":"https:\/\/www.vallox.com\/sv\/wp-json\/wp\/v2\/pages\/9284\/revisions\/9286"}],"up":[{"embeddable":true,"href":"https:\/\/www.vallox.com\/sv\/wp-json\/wp\/v2\/pages\/9077"}],"wp:featuredmedia":[{"embeddable":true,"href":"https:\/\/www.vallox.com\/sv\/wp-json\/wp\/v2\/media\/14879"}],"wp:attachment":[{"href":"https:\/\/www.vallox.com\/sv\/wp-json\/wp\/v2\/media?parent=9284"}],"curies":[{"name":"wp","href":"https:\/\/api.w.org\/{rel}","templated":true}]}}