{"id":9254,"date":"2023-06-26T10:43:35","date_gmt":"2023-06-26T07:43:35","guid":{"rendered":"https:\/\/vallox.com\/tietoa-valloxista\/toimintatapamme\/"},"modified":"2023-11-29T10:53:31","modified_gmt":"2023-11-29T08:53:31","slug":"policyer","status":"publish","type":"page","link":"https:\/\/www.vallox.com\/sv\/vallox-info\/policyer\/","title":{"rendered":"Policyer"},"content":{"rendered":"<section class=\"mb-8 w-full FiftyFiftyVisualWrapper\"  >\n    <div>\n        <div class=\"FiftyFiftyVisual relative flex w-full justify-between flex-col xl:flex-row\">\n            <div class=\"h-min\n                w-full xl:w-5\/12 3xl:w-7\/12\n                pt-4 sm:pt-8 md:pt-12 lg:pt-20  3xl:pt-20\n                px-0\n                \n            \">\n                <div class=\"bgElement calc(100vw \/ 2 * ((100vw - 1860px) * 0.1))\n                    absolute z-0 reversewrap\n                    bgElement-right\n                    left-0 right-0 xl:right-[50%] 3xl:right-[calc((40vw-((100vw-1860px)*-0.03)))] 3xl:min-w-[1200px] xl:rounded-tr-xl\n                    \n                    top-0\n                    bottom-24 xl:bottom-0\n                                        bg-[rgba(165,185,196,0.3)]\"\n                ><\/div>\n                                    <h2 class=\"Title Title-left relative z-10\n                        flex flex-col justify-start\n                        text-black\n                        text-2xl lg:text-3xl 2xl:text-4xl\n                        leading-7 lg:leading-8\n                        font-bold\n                        mb-4\n                        xl:pr-8\n                        \">\n                        Verksamhetspolicy \n                    <\/h2>\n                                                    <div class=\"Content Content-left flex flex-col justify-center relative z-10\n                        xl:pr-8\n                        \">\n                                                                        <div class=\"flex relative z-10\">\n                            \n\n\n\n    <a\n        href=\"https:\/\/vallox.com\/sv\/vallox-info\/policyer\/verksamhetspolicy\/\"\n        alt=\"\"\n        target=\"\"\n        class=\"\n            cursor-pointer\n            \n            \n            inline-flex\n            border-black\n            border-2\n            hover:border-primary\n            hover:text-primary\n            group\n            hover:bg-custom-gray-blueish-light\n            font-semibold\n            px-4\n            py-2\n            rounded-full\n            self-baseline\n        \"\n    >\n        L\u00e4s mer\n        <span class=\"ml-2 w-3 h-auto fill-black group-hover:fill-primary flex justify-center items-center\"><svg clip-rule=\"evenodd\" fill-rule=\"evenodd\" stroke-linejoin=\"round\" stroke-miterlimit=\"2\" viewBox=\"0 0 24 24\" width=\"100%\" xmlns=\"http:\/\/www.w3.org\/2000\/svg\"><path d=\"m13.022 14.999v3.251c0 .412.335.75.752.75.188 0 .375-.071.518-.206 1.775-1.685 4.945-4.692 6.396-6.069.2-.189.312-.452.312-.725 0-.274-.112-.536-.312-.725-1.451-1.377-4.621-4.385-6.396-6.068-.143-.136-.33-.207-.518-.207-.417 0-.752.337-.752.75v3.251h-9.02c-.531 0-1.002.47-1.002 1v3.998c0 .53.471 1 1.002 1z\" fill-rule=\"nonzero\"\/><\/svg><\/span>\n    <\/a>\n                        <\/div>\n                                            <\/div>\n                            <\/div>\n\n                    <\/div>\n    <\/div>\n<\/section>\n\n\n\n<div style=\"height:30px\" aria-hidden=\"true\" class=\"wp-block-spacer\"><\/div>\n\n\n<section class=\"bg-[rgba(165,185,196,0.3)]\" >\n    <div class=\"FiftyFifty\n\n        relative\n        flex\n        justify-between\n        flex-col-reverse lg:flex-row\n    \">\n        <div class=\"w-full lg:w-1\/2 p-4 sm:p-8 md:p-12 lg:p-28 xl:p-32 sm:!px-8\">\n                            <h2 class=\"Title\n                    flex flex-col justify-start\n                    text-black\n                    text-lg sm:text-2xl md:text-xl xl:text-2xl 2xl:text-3xl\n                    font-bold leading-6 xl:leading-7\n                    mb-4\n                \">\n                    Dataskyddsbeskrivningar\n                <\/h2>\n                                        <div class=\"flex flex-col justify-center\">\n                                                            <div class=\"flex mt-6\">\n                        \n\n\n\n    <a\n        href=\"https:\/\/vallox.com\/sv\/vallox-info\/policyer\/dataskyddspolicy\/\"\n        alt=\"\"\n        target=\"\"\n        class=\"\n            cursor-pointer\n            \n            \n            inline-flex\n            border-black\n            border-2\n            hover:border-primary\n            hover:text-primary\n            group\n            hover:bg-custom-gray-blueish-light\n            font-semibold\n            px-4\n            py-2\n            rounded-full\n            self-baseline\n        \"\n    >\n        L\u00e4s mer\n        <span class=\"ml-2 w-3 h-auto fill-black group-hover:fill-primary flex justify-center items-center\"><svg clip-rule=\"evenodd\" fill-rule=\"evenodd\" stroke-linejoin=\"round\" stroke-miterlimit=\"2\" viewBox=\"0 0 24 24\" width=\"100%\" xmlns=\"http:\/\/www.w3.org\/2000\/svg\"><path d=\"m13.022 14.999v3.251c0 .412.335.75.752.75.188 0 .375-.071.518-.206 1.775-1.685 4.945-4.692 6.396-6.069.2-.189.312-.452.312-.725 0-.274-.112-.536-.312-.725-1.451-1.377-4.621-4.385-6.396-6.068-.143-.136-.33-.207-.518-.207-.417 0-.752.337-.752.75v3.251h-9.02c-.531 0-1.002.47-1.002 1v3.998c0 .53.471 1 1.002 1z\" fill-rule=\"nonzero\"\/><\/svg><\/span>\n    <\/a>\n                    <\/div>\n                                    <\/div>\n                    <\/div>\n\n                    <div class=\"\n                self-stretch justify-self-stretch\n                w-full lg:w-1\/2\n                relative flex justify-center\n                lg:justify-end\n             \">\n                <img decoding=\"async\"\n                loading=\"lazy\"\n                class=\"object-cover h-full w-full\"\n                                    srcset=\"\n                        https:\/\/www.vallox.com\/app\/uploads\/2023\/07\/tehdas_50_50_Text_with_image_1452x992px-150x150.jpg 150w,\n                        https:\/\/www.vallox.com\/app\/uploads\/2023\/07\/tehdas_50_50_Text_with_image_1452x992px-300x205.jpg 300w,\n                        https:\/\/www.vallox.com\/app\/uploads\/2023\/07\/tehdas_50_50_Text_with_image_1452x992px-768x525.jpg 768w,\n                        https:\/\/www.vallox.com\/app\/uploads\/2023\/07\/tehdas_50_50_Text_with_image_1452x992px-1024x700.jpg 1024w,\n                        https:\/\/www.vallox.com\/app\/uploads\/2023\/07\/tehdas_50_50_Text_with_image_1452x992px.jpg 1452w,\n                    \"\n                                src=\"https:\/\/www.vallox.com\/app\/uploads\/2023\/07\/tehdas_50_50_Text_with_image_1452x992px-768x525.jpg\"\n                alt=\"Valloxin tehtaan ty\u00f6ntekij\u00f6it\u00e4\"\n                \/>\n            <\/div>\n            <\/div>\n<\/section>\n\n\n\n<div style=\"height:15px\" aria-hidden=\"true\" class=\"wp-block-spacer\"><\/div>\n\n\n<section class=\"bg-[rgba(165,185,196,0.3)]\" >\n    <div class=\"FiftyFifty\n\n        relative\n        flex\n        justify-between\n        flex-col-reverse lg:flex-row-reverse\n    \">\n        <div class=\"w-full lg:w-1\/2 p-4 sm:p-8 md:p-12 lg:p-28 xl:p-32 sm:!px-8\">\n                            <h2 class=\"Title\n                    flex flex-col justify-start\n                    text-black\n                    text-lg sm:text-2xl md:text-xl xl:text-2xl 2xl:text-3xl\n                    font-bold leading-6 xl:leading-7\n                    mb-4\n                \">\n                    Kakpolicy\n                <\/h2>\n                                        <div class=\"flex flex-col justify-center\">\n                                                            <div class=\"flex mt-6\">\n                        \n\n\n\n    <a\n        href=\"https:\/\/www.vallox.com\/sv\/vallox-info\/policyer\/dataskyddspolicy\/kakpolicy\/\"\n        alt=\"\"\n        target=\"\"\n        class=\"\n            cursor-pointer\n            \n            \n            inline-flex\n            border-black\n            border-2\n            hover:border-primary\n            hover:text-primary\n            group\n            hover:bg-custom-gray-blueish-light\n            font-semibold\n            px-4\n            py-2\n            rounded-full\n            self-baseline\n        \"\n    >\n        L\u00e4s mer\n        <span class=\"ml-2 w-3 h-auto fill-black group-hover:fill-primary flex justify-center items-center\"><svg clip-rule=\"evenodd\" fill-rule=\"evenodd\" stroke-linejoin=\"round\" stroke-miterlimit=\"2\" viewBox=\"0 0 24 24\" width=\"100%\" xmlns=\"http:\/\/www.w3.org\/2000\/svg\"><path d=\"m13.022 14.999v3.251c0 .412.335.75.752.75.188 0 .375-.071.518-.206 1.775-1.685 4.945-4.692 6.396-6.069.2-.189.312-.452.312-.725 0-.274-.112-.536-.312-.725-1.451-1.377-4.621-4.385-6.396-6.068-.143-.136-.33-.207-.518-.207-.417 0-.752.337-.752.75v3.251h-9.02c-.531 0-1.002.47-1.002 1v3.998c0 .53.471 1 1.002 1z\" fill-rule=\"nonzero\"\/><\/svg><\/span>\n    <\/a>\n                    <\/div>\n                                    <\/div>\n                    <\/div>\n\n                    <div class=\"\n                self-stretch justify-self-stretch\n                w-full lg:w-1\/2\n                relative flex justify-center\n                lg:justify-start\n             \">\n                <img decoding=\"async\"\n                loading=\"lazy\"\n                class=\"object-cover h-full w-full\"\n                                    srcset=\"\n                        https:\/\/www.vallox.com\/app\/uploads\/2023\/07\/hiiri_1452x992px-150x150.jpg 150w,\n                        https:\/\/www.vallox.com\/app\/uploads\/2023\/07\/hiiri_1452x992px-300x205.jpg 300w,\n                        https:\/\/www.vallox.com\/app\/uploads\/2023\/07\/hiiri_1452x992px-768x525.jpg 768w,\n                        https:\/\/www.vallox.com\/app\/uploads\/2023\/07\/hiiri_1452x992px-1024x700.jpg 1024w,\n                        https:\/\/www.vallox.com\/app\/uploads\/2023\/07\/hiiri_1452x992px.jpg 1452w,\n                    \"\n                                src=\"https:\/\/www.vallox.com\/app\/uploads\/2023\/07\/hiiri_1452x992px-768x525.jpg\"\n                alt=\"tietokoneen n\u00e4pp\u00e4imist\u00f6 ja hiiri\"\n                \/>\n            <\/div>\n            <\/div>\n<\/section>\n","protected":false},"excerpt":{"rendered":"","protected":false},"author":5,"featured_media":19399,"parent":9077,"menu_order":50,"comment_status":"closed","ping_status":"closed","template":"","meta":{"_acf_changed":false,"footnotes":""},"class_list":["post-9254","page","type-page","status-publish","has-post-thumbnail","hentry"],"acf":[],"yoast_head":"<!-- This site is optimized with the Yoast SEO plugin v26.9 - https:\/\/yoast.com\/product\/yoast-seo-wordpress\/ -->\n<title>Policyer - Vallox<\/title>\n<meta name=\"description\" content=\"Verksamhetspolicy, dataskyddsbeskrivningar och kakpolicy.\" \/>\n<meta name=\"robots\" content=\"index, follow, max-snippet:-1, max-image-preview:large, max-video-preview:-1\" \/>\n<link rel=\"canonical\" href=\"https:\/\/www.vallox.com\/sv\/vallox-info\/policyer\/\" \/>\n<meta property=\"og:locale\" content=\"sv_SE\" \/>\n<meta property=\"og:type\" content=\"article\" \/>\n<meta property=\"og:title\" content=\"Policyer - Vallox\" \/>\n<meta property=\"og:description\" content=\"Verksamhetspolicy, dataskyddsbeskrivningar och kakpolicy.\" \/>\n<meta property=\"og:url\" content=\"https:\/\/www.vallox.com\/sv\/vallox-info\/policyer\/\" \/>\n<meta property=\"og:site_name\" content=\"Vallox\" \/>\n<meta property=\"article:modified_time\" content=\"2023-11-29T08:53:31+00:00\" \/>\n<meta property=\"og:image\" content=\"https:\/\/www.vallox.com\/app\/uploads\/2023\/11\/factoryFeatured_720x480px.png\" \/>\n\t<meta property=\"og:image:width\" content=\"720\" \/>\n\t<meta property=\"og:image:height\" content=\"480\" \/>\n\t<meta property=\"og:image:type\" content=\"image\/png\" \/>\n<meta name=\"twitter:card\" content=\"summary_large_image\" \/>\n<script type=\"application\/ld+json\" class=\"yoast-schema-graph\">{\"@context\":\"https:\/\/schema.org\",\"@graph\":[{\"@type\":\"WebPage\",\"@id\":\"https:\/\/www.vallox.com\/sv\/vallox-info\/policyer\/\",\"url\":\"https:\/\/www.vallox.com\/sv\/vallox-info\/policyer\/\",\"name\":\"Policyer - Vallox\",\"isPartOf\":{\"@id\":\"https:\/\/www.vallox.com\/sv\/#website\"},\"primaryImageOfPage\":{\"@id\":\"https:\/\/www.vallox.com\/sv\/vallox-info\/policyer\/#primaryimage\"},\"image\":{\"@id\":\"https:\/\/www.vallox.com\/sv\/vallox-info\/policyer\/#primaryimage\"},\"thumbnailUrl\":\"https:\/\/www.vallox.com\/app\/uploads\/2023\/11\/factoryFeatured_720x480px.png\",\"datePublished\":\"2023-06-26T07:43:35+00:00\",\"dateModified\":\"2023-11-29T08:53:31+00:00\",\"description\":\"Verksamhetspolicy, dataskyddsbeskrivningar och kakpolicy.\",\"breadcrumb\":{\"@id\":\"https:\/\/www.vallox.com\/sv\/vallox-info\/policyer\/#breadcrumb\"},\"inLanguage\":\"sv-SE\",\"potentialAction\":[{\"@type\":\"ReadAction\",\"target\":[\"https:\/\/www.vallox.com\/sv\/vallox-info\/policyer\/\"]}]},{\"@type\":\"ImageObject\",\"inLanguage\":\"sv-SE\",\"@id\":\"https:\/\/www.vallox.com\/sv\/vallox-info\/policyer\/#primaryimage\",\"url\":\"https:\/\/www.vallox.com\/app\/uploads\/2023\/11\/factoryFeatured_720x480px.png\",\"contentUrl\":\"https:\/\/www.vallox.com\/app\/uploads\/2023\/11\/factoryFeatured_720x480px.png\",\"width\":720,\"height\":480,\"caption\":\"Valloxin tehdas\"},{\"@type\":\"BreadcrumbList\",\"@id\":\"https:\/\/www.vallox.com\/sv\/vallox-info\/policyer\/#breadcrumb\",\"itemListElement\":[{\"@type\":\"ListItem\",\"position\":1,\"name\":\"Home\",\"item\":\"https:\/\/www.vallox.com\/sv\/\"},{\"@type\":\"ListItem\",\"position\":2,\"name\":\"Vallox info\",\"item\":\"https:\/\/www.vallox.com\/sv\/vallox-info\/\"},{\"@type\":\"ListItem\",\"position\":3,\"name\":\"Policyer\"}]},{\"@type\":\"WebSite\",\"@id\":\"https:\/\/www.vallox.com\/sv\/#website\",\"url\":\"https:\/\/www.vallox.com\/sv\/\",\"name\":\"Vallox\",\"description\":\"\",\"potentialAction\":[{\"@type\":\"SearchAction\",\"target\":{\"@type\":\"EntryPoint\",\"urlTemplate\":\"https:\/\/www.vallox.com\/sv\/?s={search_term_string}\"},\"query-input\":{\"@type\":\"PropertyValueSpecification\",\"valueRequired\":true,\"valueName\":\"search_term_string\"}}],\"inLanguage\":\"sv-SE\"}]}<\/script>\n<!-- \/ Yoast SEO plugin. -->","yoast_head_json":{"title":"Policyer - Vallox","description":"Verksamhetspolicy, dataskyddsbeskrivningar och kakpolicy.","robots":{"index":"index","follow":"follow","max-snippet":"max-snippet:-1","max-image-preview":"max-image-preview:large","max-video-preview":"max-video-preview:-1"},"canonical":"https:\/\/www.vallox.com\/sv\/vallox-info\/policyer\/","og_locale":"sv_SE","og_type":"article","og_title":"Policyer - Vallox","og_description":"Verksamhetspolicy, dataskyddsbeskrivningar och kakpolicy.","og_url":"https:\/\/www.vallox.com\/sv\/vallox-info\/policyer\/","og_site_name":"Vallox","article_modified_time":"2023-11-29T08:53:31+00:00","og_image":[{"width":720,"height":480,"url":"https:\/\/www.vallox.com\/app\/uploads\/2023\/11\/factoryFeatured_720x480px.png","type":"image\/png"}],"twitter_card":"summary_large_image","schema":{"@context":"https:\/\/schema.org","@graph":[{"@type":"WebPage","@id":"https:\/\/www.vallox.com\/sv\/vallox-info\/policyer\/","url":"https:\/\/www.vallox.com\/sv\/vallox-info\/policyer\/","name":"Policyer - Vallox","isPartOf":{"@id":"https:\/\/www.vallox.com\/sv\/#website"},"primaryImageOfPage":{"@id":"https:\/\/www.vallox.com\/sv\/vallox-info\/policyer\/#primaryimage"},"image":{"@id":"https:\/\/www.vallox.com\/sv\/vallox-info\/policyer\/#primaryimage"},"thumbnailUrl":"https:\/\/www.vallox.com\/app\/uploads\/2023\/11\/factoryFeatured_720x480px.png","datePublished":"2023-06-26T07:43:35+00:00","dateModified":"2023-11-29T08:53:31+00:00","description":"Verksamhetspolicy, dataskyddsbeskrivningar och kakpolicy.","breadcrumb":{"@id":"https:\/\/www.vallox.com\/sv\/vallox-info\/policyer\/#breadcrumb"},"inLanguage":"sv-SE","potentialAction":[{"@type":"ReadAction","target":["https:\/\/www.vallox.com\/sv\/vallox-info\/policyer\/"]}]},{"@type":"ImageObject","inLanguage":"sv-SE","@id":"https:\/\/www.vallox.com\/sv\/vallox-info\/policyer\/#primaryimage","url":"https:\/\/www.vallox.com\/app\/uploads\/2023\/11\/factoryFeatured_720x480px.png","contentUrl":"https:\/\/www.vallox.com\/app\/uploads\/2023\/11\/factoryFeatured_720x480px.png","width":720,"height":480,"caption":"Valloxin tehdas"},{"@type":"BreadcrumbList","@id":"https:\/\/www.vallox.com\/sv\/vallox-info\/policyer\/#breadcrumb","itemListElement":[{"@type":"ListItem","position":1,"name":"Home","item":"https:\/\/www.vallox.com\/sv\/"},{"@type":"ListItem","position":2,"name":"Vallox info","item":"https:\/\/www.vallox.com\/sv\/vallox-info\/"},{"@type":"ListItem","position":3,"name":"Policyer"}]},{"@type":"WebSite","@id":"https:\/\/www.vallox.com\/sv\/#website","url":"https:\/\/www.vallox.com\/sv\/","name":"Vallox","description":"","potentialAction":[{"@type":"SearchAction","target":{"@type":"EntryPoint","urlTemplate":"https:\/\/www.vallox.com\/sv\/?s={search_term_string}"},"query-input":{"@type":"PropertyValueSpecification","valueRequired":true,"valueName":"search_term_string"}}],"inLanguage":"sv-SE"}]}},"_links":{"self":[{"href":"https:\/\/www.vallox.com\/sv\/wp-json\/wp\/v2\/pages\/9254","targetHints":{"allow":["GET"]}}],"collection":[{"href":"https:\/\/www.vallox.com\/sv\/wp-json\/wp\/v2\/pages"}],"about":[{"href":"https:\/\/www.vallox.com\/sv\/wp-json\/wp\/v2\/types\/page"}],"author":[{"embeddable":true,"href":"https:\/\/www.vallox.com\/sv\/wp-json\/wp\/v2\/users\/5"}],"replies":[{"embeddable":true,"href":"https:\/\/www.vallox.com\/sv\/wp-json\/wp\/v2\/comments?post=9254"}],"version-history":[{"count":28,"href":"https:\/\/www.vallox.com\/sv\/wp-json\/wp\/v2\/pages\/9254\/revisions"}],"predecessor-version":[{"id":18227,"href":"https:\/\/www.vallox.com\/sv\/wp-json\/wp\/v2\/pages\/9254\/revisions\/18227"}],"up":[{"embeddable":true,"href":"https:\/\/www.vallox.com\/sv\/wp-json\/wp\/v2\/pages\/9077"}],"wp:featuredmedia":[{"embeddable":true,"href":"https:\/\/www.vallox.com\/sv\/wp-json\/wp\/v2\/media\/19399"}],"wp:attachment":[{"href":"https:\/\/www.vallox.com\/sv\/wp-json\/wp\/v2\/media?parent=9254"}],"curies":[{"name":"wp","href":"https:\/\/api.w.org\/{rel}","templated":true}]}}