{"id":9241,"date":"2023-06-26T13:29:28","date_gmt":"2023-06-26T10:29:28","guid":{"rendered":"https:\/\/vallox.com\/tietosuojaselosteet\/tietosuojaseloste-tyonhakijarekisteri\/"},"modified":"2023-09-27T08:48:16","modified_gmt":"2023-09-27T05:48:16","slug":"dataskyddsbeskrivning-register-over-arbetssokande","status":"publish","type":"page","link":"https:\/\/www.vallox.com\/sv\/vallox-info\/policyer\/dataskyddspolicy\/dataskyddsbeskrivning-register-over-arbetssokande\/","title":{"rendered":"Dataskyddsbeskrivning &#8211; register \u00f6ver arbetss\u00f6kande"},"content":{"rendered":"    <div id=\"\" class=\"Block Section overflow-hidden w-full\">\n        <div class=\"Section-content relative max-w-[1088px] mx-auto w-full\">\n            \n\n<h2 class=\"wp-block-heading\">1 PERSONUPPGIFTSANSVARIG<\/h2>\n\n\n\n<p>Vallox Oy<br>FO-nummer: 0672350-9<br>Myllykyl\u00e4ntie 9-11<br>32200 LOIMAA<br>Tfn 010 7732 200<\/p>\n\n\n\n<p><\/p>\n\n\n\n<h2 class=\"wp-block-heading\">2 KONTAKTUPPGIFTER I \u00c4RENDEN SOM G\u00c4LLER REGISTRET<\/h2>\n\n\n\n<p>Tiina Vahalahti<br>Tfn: 010 7732 253<br>E-post: <a href=\"mailto:tiina.vahalahti@vallox.com\">tiina.vahalahti@vallox.com<\/a><\/p>\n\n\n\n<p><\/p>\n\n\n\n<h2 class=\"wp-block-heading\">3 REGISTRETS NAMN<\/h2>\n\n\n\n<p>Vallox Oy:s register \u00f6ver arbetss\u00f6kande<\/p>\n\n\n\n<p><\/p>\n\n\n\n<h2 class=\"wp-block-heading\">4 GRUNDEN F\u00d6R BEHANDLINGEN AV PERSONUPPGIFTER OCH R\u00c4TTSLIG GRUND<\/h2>\n\n\n\n<p>Den fr\u00e4msta grunden f\u00f6r behandling av personuppgifter \u00e4r det samtycke som den arbetss\u00f6kande har gett genom att skicka in sin arbetsans\u00f6kan f\u00f6r behandling av arbetsans\u00f6kan och tillh\u00f6rande uppgifter.<\/p>\n\n\n\n<p>Personuppgifter kan behandlas av Vallox Oy och dess samarbetspartner f\u00f6r f\u00f6ljande \u00e4ndam\u00e5l:<\/p>\n\n\n\n<ul class=\"wp-block-list\">\n<li>Bed\u00f6mning av den arbetss\u00f6kandes l\u00e4mplighet.<\/li>\n\n\n\n<li>Planering av personal-, l\u00f6ne- och anst\u00e4llnings\u00e4renden.<\/li>\n\n\n\n<li>Skyddande av arbetsgivarens egendom och personalens s\u00e4kerhet.<\/li>\n<\/ul>\n\n\n\n<p>Registeruppgifterna \u00f6verf\u00f6rs enligt behov till olika samarbetspartners system f\u00f6r ovan n\u00e4mnda funktioner.<\/p>\n\n\n\n<p><\/p>\n\n\n\n<h2 class=\"wp-block-heading\">5 REGISTRETS INFORMATIONSINNEH\u00c5LL<\/h2>\n\n\n\n<p>Personalgrupper vars uppgifter kan behandlas \u00e4r de personer som skickat in en arbetsans\u00f6kan till Vallox Oy.<\/p>\n\n\n\n<ul class=\"wp-block-list\">\n<li>Personens grunduppgifter: namn, f\u00f6delsedatum, personbeteckning, kontaktuppgifter (t.ex. telefonnummer, e-post och adress), nationalitet.<\/li>\n\n\n\n<li>Uppgifter som g\u00e4ller arbetsans\u00f6kningen och meritf\u00f6rteckningen, s\u00e5som\n<ul class=\"wp-block-list\">\n<li>Arbetserfarenhet<\/li>\n\n\n\n<li>Uppgifter om den s\u00f6kandes utbildning och arbetsintroduktion<\/li>\n\n\n\n<li>\u00d6vriga uppgifter som den s\u00f6kande gett om sig sj\u00e4lv<\/li>\n<\/ul>\n<\/li>\n\n\n\n<li>Uppgifter som samlats in av system som \u00e4r avsedda f\u00f6r \u00f6vervakning av arbetsplatsen, bland annat passagekontroll och kamera\u00f6vervakning med inspelning.<\/li>\n\n\n\n<li>Uppgifter som f\u00e5tts fr\u00e5n de referenser som den registrerade angett.<\/li>\n\n\n\n<li>Bed\u00f6mning fr\u00e5n tredje part om l\u00e4mplighet f\u00f6r arbetet.<\/li>\n<\/ul>\n\n\n\n<p><\/p>\n\n\n\n<h2 class=\"wp-block-heading\">6 PERIOD UNDER VILKEN PERSONUPPGIFTERNA KOMMER ATT LAGRAS<\/h2>\n\n\n\n<p>Vallox Oy sparar personuppgifterna i registret tills grunden f\u00f6r lagring av personuppgifter upph\u00f6r. G\u00e4llande lagstiftning f\u00f6ljs i fr\u00e5ga om lagringstiden.<\/p>\n\n\n\n<p>Uppgifter om de som s\u00f6kt en ledig arbetsplats f\u00f6rvaras i tolv (12) m\u00e5nader efter att platsen fyllts.<\/p>\n\n\n\n<p>\u00d6ppna ans\u00f6kningar f\u00f6rvaras i sex (6) m\u00e5nader med b\u00f6rjan den m\u00e5nad som f\u00f6ljer p\u00e5 m\u00e5naden d\u00e5 ans\u00f6kan mottagits.<\/p>\n\n\n\n<p><\/p>\n\n\n\n<h2 class=\"wp-block-heading\">7 REGELM\u00c4SSIGA INFORMATIONSK\u00c4LLOR<\/h2>\n\n\n\n<p>Uppgifter f\u00e5s i f\u00f6rsta hand av den registrerade sj\u00e4lv, de instanser som den registrerade angett, till exempel referenser, tekniska system som \u00e4r avsedda f\u00f6r automatisk uppf\u00f6ljning och \u00f6vervakning samt fr\u00e5n tredje parter som deltar i rekryteringen och\/eller bed\u00f6mningen av den s\u00f6kandes l\u00e4mplighet.<\/p>\n\n\n\n<p><\/p>\n\n\n\n<h2 class=\"wp-block-heading\">8 REGELM\u00c4SSIGT UTL\u00c4MNANDE AV UPPGIFTER SAMT \u00d6VERF\u00d6RING AV UPPGIFTER TILL L\u00c4NDER UTANF\u00d6R EUROPEISKA UNIONEN ELLER EUROPEISKA EKONOMISKA SAMARBETSOMR\u00c5DET<\/h2>\n\n\n\n<p>Personuppgifter l\u00e4mnas inte ut till parter som inte \u00e4r v\u00e4sentliga f\u00f6r Vallox Oy:s aff\u00e4rsverksamhet annat \u00e4n i enlighet med ett avtal, separat samtycke och\/eller uttryckliga best\u00e4mmelser.<\/p>\n\n\n\n<p>Uppgifter \u00f6verf\u00f6rs i regel inte till l\u00e4nder utanf\u00f6r Europeiska unionen eller Europeiska ekonomiska samarbetsomr\u00e5det.<\/p>\n\n\n\n<p><\/p>\n\n\n\n<h2 class=\"wp-block-heading\">9 PRINCIPERNA F\u00d6R SKYDD AV REGISTRET<\/h2>\n\n\n\n<p>Eventuellt manuellt material f\u00f6rvaras i ett l\u00e5st utrymme till vilket enbart personer med s\u00e4rskilda r\u00e4ttigheter har tilltr\u00e4de. Enbart de av Vallox Oy:s anst\u00e4llda, yrkesut\u00f6vare med tystnadsplikt eller anst\u00e4llda hos samarbetspartner som med anledning av sitt arbete har r\u00e4tt att behandla personuppgifter och som binds av ett s\u00e4rskilt krav p\u00e5 dataskydd \u00e4r ber\u00e4ttigade att anv\u00e4nda system eller digitala material som inneh\u00e5ller personuppgifter. Informationen samlas i databaser som skyddas av brandv\u00e4ggar, l\u00f6senord och andra tekniska \u00e5tg\u00e4rder, inklusive kontrollerade och \u00f6vervakade beh\u00f6righeter, krypteringstekniker, instruktioner f\u00f6r personal som behandlar personuppgifter samt omsorg vid valet av underleverant\u00f6rer.<\/p>\n\n\n\n<p><\/p>\n\n\n\n<h2 class=\"wp-block-heading\">10 DEN REGISTRERADES R\u00c4TTIGHETER I SAMBAND MED BEHANDLINGEN AV PERSONUPPGIFTER<\/h2>\n\n\n\n<h3 class=\"wp-block-heading\">10.1 R\u00e4tt att inv\u00e4nda mot att personuppgifterna behandlas och mot direktmarknadsf\u00f6ring<\/h3>\n\n\n\n<p>Den registrerade har r\u00e4tt att p\u00e5 grund av sin individuella, s\u00e4rskilda situation inv\u00e4nda mot s\u00e5dan behandling som Vallox Oy utf\u00f6r p\u00e5 den registrerades personuppgifter till den del som grunden till behandlingen \u00e4r det samtycke som den registrerade gett i arbetsans\u00f6kan. Den registrerade kan framf\u00f6ra sitt krav ang\u00e5ende inv\u00e4ndningen i enlighet med punkt 11 i dataskyddsbeskrivningen. Den registrerade ska i samband med kravet specificera den s\u00e4rskilda omst\u00e4ndighet som \u00e5beropas f\u00f6r inv\u00e4ndningen. Vallox Oy kan neka att tillgodose beg\u00e4ran enligt de grunder som fastsl\u00e5s i lagen.<\/p>\n\n\n\n<h3 class=\"wp-block-heading\">10.2 R\u00e4tt till tillg\u00e5ng<\/h3>\n\n\n\n<p>Den registrerade har r\u00e4tt att kontrollera vilka uppgifter om den registrerade sj\u00e4lv som har sparats i Vallox Oy:s interna personregister. Beg\u00e4ran ska g\u00f6ras enligt punkt 11 i den h\u00e4r dataskyddsbeskrivningen. Beg\u00e4ran till tillg\u00e5ng kan avvisas enligt de grunder som fastsl\u00e5s i lagen.<\/p>\n\n\n\n<h3 class=\"wp-block-heading\">10.3 R\u00e4tt till r\u00e4ttelse, radering eller begr\u00e4nsning av behandlingen<\/h3>\n\n\n\n<p>En beg\u00e4ran om r\u00e4ttelse av felaktiga, \u00f6verfl\u00f6diga, ofullst\u00e4ndiga eller f\u00f6r\u00e5ldrade uppgifter ska g\u00f6ras i enlighet med punkt 11 i den h\u00e4r dataskyddsbeskrivningen.<\/p>\n\n\n\n<p>Den registrerade har ocks\u00e5 r\u00e4tt att kr\u00e4va att Vallox Oy begr\u00e4nsar sin behandling av personuppgifterna till exempel i det fall att den registrerade v\u00e4ntar p\u00e5 Vallox Oy:s svar ang\u00e5ende beg\u00e4ran om r\u00e4ttelse eller radering.<\/p>\n\n\n\n<h3 class=\"wp-block-heading\">10.4 R\u00e4tt till dataportalitet<\/h3>\n\n\n\n<p>Till den del som den registrerade sj\u00e4lv har uppgett s\u00e5dan information i registret som behandlas med st\u00f6d av den registrerades samtycke eller uppdrag, har den registrerade r\u00e4tt att f\u00e5 dessa uppgifter, i regel i maskinl\u00e4sbart format, och r\u00e4tt att \u00f6verf\u00f6ra uppgifterna till en annan personuppgiftsansvarig.<\/p>\n\n\n\n<h3 class=\"wp-block-heading\">10.5 R\u00e4tt att anf\u00f6ra klagom\u00e5l hos tillsynsmyndigheten<\/h3>\n\n\n\n<p>Den registrerade har r\u00e4tt att anf\u00f6ra klagom\u00e5l hos den beh\u00f6riga tillsynsmyndigheten om Vallox Oy inte har f\u00f6ljt den dataskyddsreglering som verksamheten omfattas av.<\/p>\n\n\n\n<p><\/p>\n\n\n\n<h2 class=\"wp-block-heading\">11 KONTAKT<\/h2>\n\n\n\n<p>F\u00f6r alla fr\u00e5gor g\u00e4llande dataskyddsbeskrivningen eller ut\u00f6vande av den registrerades r\u00e4ttigheter, kontakta den part som n\u00e4mns i punkt 2.<\/p>\n\n\n\n<p>Vallox Oy kan vid behov be den registrerade precisera sin beg\u00e4ran skriftligen, och den registrerades identitet kan alltefter behov bekr\u00e4ftas innan \u00e5tg\u00e4rder vidtas.<\/p>\n\n\n\n<p><\/p>\n\n\n\n<h2 class=\"wp-block-heading\">12 \u00c4NDRINGAR I DATASKYDDSBESKRIVNINGEN<\/h2>\n\n\n\n<p>Vi utvecklar v\u00e5ra tj\u00e4nster kontinuerligt och f\u00f6rbeh\u00e5ller oss r\u00e4tten att \u00e4ndra denna dataskyddspolicy genom att meddela om det i v\u00e5ra tj\u00e4nster. F\u00f6r\u00e4ndringar kan ocks\u00e5 basera sig p\u00e5 \u00e4ndringar i lagstiftningen. Vi rekommenderar att man regelbundet konsulterar inneh\u00e5llet i dataskyddsbeskrivningen.<\/p>\n\n\n\n<p><\/p>\n\n\n\n<p>23.1.2023<\/p>\n\n\n    <\/div>\n<\/div>\n","protected":false},"excerpt":{"rendered":"","protected":false},"author":5,"featured_media":19381,"parent":4579,"menu_order":0,"comment_status":"closed","ping_status":"closed","template":"","meta":{"_acf_changed":false,"footnotes":""},"class_list":["post-9241","page","type-page","status-publish","has-post-thumbnail","hentry"],"acf":[],"yoast_head":"<!-- This site is optimized with the Yoast SEO plugin v26.9 - https:\/\/yoast.com\/product\/yoast-seo-wordpress\/ -->\n<title>Dataskyddsbeskrivning - register \u00f6ver arbetss\u00f6kande - Vallox<\/title>\n<meta name=\"description\" content=\"Vallox Oys dataskyddsbeskrivning - register \u00f6ver arbetss\u00f6kande.\" \/>\n<meta name=\"robots\" content=\"index, follow, max-snippet:-1, max-image-preview:large, max-video-preview:-1\" \/>\n<link rel=\"canonical\" href=\"https:\/\/www.vallox.com\/sv\/vallox-info\/policyer\/dataskyddspolicy\/dataskyddsbeskrivning-register-over-arbetssokande\/\" \/>\n<meta property=\"og:locale\" content=\"sv_SE\" \/>\n<meta property=\"og:type\" content=\"article\" \/>\n<meta property=\"og:title\" content=\"Dataskyddsbeskrivning - register \u00f6ver arbetss\u00f6kande - Vallox\" \/>\n<meta property=\"og:description\" content=\"Vallox Oys dataskyddsbeskrivning - register \u00f6ver arbetss\u00f6kande.\" \/>\n<meta property=\"og:url\" content=\"https:\/\/www.vallox.com\/sv\/vallox-info\/policyer\/dataskyddspolicy\/dataskyddsbeskrivning-register-over-arbetssokande\/\" \/>\n<meta property=\"og:site_name\" content=\"Vallox\" \/>\n<meta property=\"article:modified_time\" content=\"2023-09-27T05:48:16+00:00\" \/>\n<meta name=\"twitter:card\" content=\"summary_large_image\" \/>\n<meta name=\"twitter:label1\" content=\"Est. reading time\" \/>\n\t<meta name=\"twitter:data1\" content=\"6 minutes\" \/>\n<script type=\"application\/ld+json\" class=\"yoast-schema-graph\">{\"@context\":\"https:\/\/schema.org\",\"@graph\":[{\"@type\":\"WebPage\",\"@id\":\"https:\/\/www.vallox.com\/sv\/vallox-info\/policyer\/dataskyddspolicy\/dataskyddsbeskrivning-register-over-arbetssokande\/\",\"url\":\"https:\/\/www.vallox.com\/sv\/vallox-info\/policyer\/dataskyddspolicy\/dataskyddsbeskrivning-register-over-arbetssokande\/\",\"name\":\"Dataskyddsbeskrivning - register \u00f6ver arbetss\u00f6kande - Vallox\",\"isPartOf\":{\"@id\":\"https:\/\/www.vallox.com\/sv\/#website\"},\"primaryImageOfPage\":{\"@id\":\"https:\/\/www.vallox.com\/sv\/vallox-info\/policyer\/dataskyddspolicy\/dataskyddsbeskrivning-register-over-arbetssokande\/#primaryimage\"},\"image\":{\"@id\":\"https:\/\/www.vallox.com\/sv\/vallox-info\/policyer\/dataskyddspolicy\/dataskyddsbeskrivning-register-over-arbetssokande\/#primaryimage\"},\"thumbnailUrl\":\"https:\/\/www.vallox.com\/app\/uploads\/2023\/11\/valloxlogoFetured_720x480px.png\",\"datePublished\":\"2023-06-26T10:29:28+00:00\",\"dateModified\":\"2023-09-27T05:48:16+00:00\",\"description\":\"Vallox Oys dataskyddsbeskrivning - register \u00f6ver arbetss\u00f6kande.\",\"breadcrumb\":{\"@id\":\"https:\/\/www.vallox.com\/sv\/vallox-info\/policyer\/dataskyddspolicy\/dataskyddsbeskrivning-register-over-arbetssokande\/#breadcrumb\"},\"inLanguage\":\"sv-SE\",\"potentialAction\":[{\"@type\":\"ReadAction\",\"target\":[\"https:\/\/www.vallox.com\/sv\/vallox-info\/policyer\/dataskyddspolicy\/dataskyddsbeskrivning-register-over-arbetssokande\/\"]}]},{\"@type\":\"ImageObject\",\"inLanguage\":\"sv-SE\",\"@id\":\"https:\/\/www.vallox.com\/sv\/vallox-info\/policyer\/dataskyddspolicy\/dataskyddsbeskrivning-register-over-arbetssokande\/#primaryimage\",\"url\":\"https:\/\/www.vallox.com\/app\/uploads\/2023\/11\/valloxlogoFetured_720x480px.png\",\"contentUrl\":\"https:\/\/www.vallox.com\/app\/uploads\/2023\/11\/valloxlogoFetured_720x480px.png\",\"width\":720,\"height\":480,\"caption\":\"Vallox logo\"},{\"@type\":\"BreadcrumbList\",\"@id\":\"https:\/\/www.vallox.com\/sv\/vallox-info\/policyer\/dataskyddspolicy\/dataskyddsbeskrivning-register-over-arbetssokande\/#breadcrumb\",\"itemListElement\":[{\"@type\":\"ListItem\",\"position\":1,\"name\":\"Home\",\"item\":\"https:\/\/www.vallox.com\/sv\/\"},{\"@type\":\"ListItem\",\"position\":2,\"name\":\"Vallox info\",\"item\":\"https:\/\/www.vallox.com\/sv\/vallox-info\/\"},{\"@type\":\"ListItem\",\"position\":3,\"name\":\"Policyer\",\"item\":\"https:\/\/www.vallox.com\/sv\/vallox-info\/policyer\/\"},{\"@type\":\"ListItem\",\"position\":4,\"name\":\"Dataskyddspolicy\",\"item\":\"https:\/\/www.vallox.com\/sv\/vallox-info\/policyer\/dataskyddspolicy\/\"},{\"@type\":\"ListItem\",\"position\":5,\"name\":\"Dataskyddsbeskrivning &#8211; register \u00f6ver arbetss\u00f6kande\"}]},{\"@type\":\"WebSite\",\"@id\":\"https:\/\/www.vallox.com\/sv\/#website\",\"url\":\"https:\/\/www.vallox.com\/sv\/\",\"name\":\"Vallox\",\"description\":\"\",\"potentialAction\":[{\"@type\":\"SearchAction\",\"target\":{\"@type\":\"EntryPoint\",\"urlTemplate\":\"https:\/\/www.vallox.com\/sv\/?s={search_term_string}\"},\"query-input\":{\"@type\":\"PropertyValueSpecification\",\"valueRequired\":true,\"valueName\":\"search_term_string\"}}],\"inLanguage\":\"sv-SE\"}]}<\/script>\n<!-- \/ Yoast SEO plugin. -->","yoast_head_json":{"title":"Dataskyddsbeskrivning - register \u00f6ver arbetss\u00f6kande - Vallox","description":"Vallox Oys dataskyddsbeskrivning - register \u00f6ver arbetss\u00f6kande.","robots":{"index":"index","follow":"follow","max-snippet":"max-snippet:-1","max-image-preview":"max-image-preview:large","max-video-preview":"max-video-preview:-1"},"canonical":"https:\/\/www.vallox.com\/sv\/vallox-info\/policyer\/dataskyddspolicy\/dataskyddsbeskrivning-register-over-arbetssokande\/","og_locale":"sv_SE","og_type":"article","og_title":"Dataskyddsbeskrivning - register \u00f6ver arbetss\u00f6kande - Vallox","og_description":"Vallox Oys dataskyddsbeskrivning - register \u00f6ver arbetss\u00f6kande.","og_url":"https:\/\/www.vallox.com\/sv\/vallox-info\/policyer\/dataskyddspolicy\/dataskyddsbeskrivning-register-over-arbetssokande\/","og_site_name":"Vallox","article_modified_time":"2023-09-27T05:48:16+00:00","twitter_card":"summary_large_image","twitter_misc":{"Est. reading time":"6 minutes"},"schema":{"@context":"https:\/\/schema.org","@graph":[{"@type":"WebPage","@id":"https:\/\/www.vallox.com\/sv\/vallox-info\/policyer\/dataskyddspolicy\/dataskyddsbeskrivning-register-over-arbetssokande\/","url":"https:\/\/www.vallox.com\/sv\/vallox-info\/policyer\/dataskyddspolicy\/dataskyddsbeskrivning-register-over-arbetssokande\/","name":"Dataskyddsbeskrivning - register \u00f6ver arbetss\u00f6kande - Vallox","isPartOf":{"@id":"https:\/\/www.vallox.com\/sv\/#website"},"primaryImageOfPage":{"@id":"https:\/\/www.vallox.com\/sv\/vallox-info\/policyer\/dataskyddspolicy\/dataskyddsbeskrivning-register-over-arbetssokande\/#primaryimage"},"image":{"@id":"https:\/\/www.vallox.com\/sv\/vallox-info\/policyer\/dataskyddspolicy\/dataskyddsbeskrivning-register-over-arbetssokande\/#primaryimage"},"thumbnailUrl":"https:\/\/www.vallox.com\/app\/uploads\/2023\/11\/valloxlogoFetured_720x480px.png","datePublished":"2023-06-26T10:29:28+00:00","dateModified":"2023-09-27T05:48:16+00:00","description":"Vallox Oys dataskyddsbeskrivning - register \u00f6ver arbetss\u00f6kande.","breadcrumb":{"@id":"https:\/\/www.vallox.com\/sv\/vallox-info\/policyer\/dataskyddspolicy\/dataskyddsbeskrivning-register-over-arbetssokande\/#breadcrumb"},"inLanguage":"sv-SE","potentialAction":[{"@type":"ReadAction","target":["https:\/\/www.vallox.com\/sv\/vallox-info\/policyer\/dataskyddspolicy\/dataskyddsbeskrivning-register-over-arbetssokande\/"]}]},{"@type":"ImageObject","inLanguage":"sv-SE","@id":"https:\/\/www.vallox.com\/sv\/vallox-info\/policyer\/dataskyddspolicy\/dataskyddsbeskrivning-register-over-arbetssokande\/#primaryimage","url":"https:\/\/www.vallox.com\/app\/uploads\/2023\/11\/valloxlogoFetured_720x480px.png","contentUrl":"https:\/\/www.vallox.com\/app\/uploads\/2023\/11\/valloxlogoFetured_720x480px.png","width":720,"height":480,"caption":"Vallox logo"},{"@type":"BreadcrumbList","@id":"https:\/\/www.vallox.com\/sv\/vallox-info\/policyer\/dataskyddspolicy\/dataskyddsbeskrivning-register-over-arbetssokande\/#breadcrumb","itemListElement":[{"@type":"ListItem","position":1,"name":"Home","item":"https:\/\/www.vallox.com\/sv\/"},{"@type":"ListItem","position":2,"name":"Vallox info","item":"https:\/\/www.vallox.com\/sv\/vallox-info\/"},{"@type":"ListItem","position":3,"name":"Policyer","item":"https:\/\/www.vallox.com\/sv\/vallox-info\/policyer\/"},{"@type":"ListItem","position":4,"name":"Dataskyddspolicy","item":"https:\/\/www.vallox.com\/sv\/vallox-info\/policyer\/dataskyddspolicy\/"},{"@type":"ListItem","position":5,"name":"Dataskyddsbeskrivning &#8211; register \u00f6ver arbetss\u00f6kande"}]},{"@type":"WebSite","@id":"https:\/\/www.vallox.com\/sv\/#website","url":"https:\/\/www.vallox.com\/sv\/","name":"Vallox","description":"","potentialAction":[{"@type":"SearchAction","target":{"@type":"EntryPoint","urlTemplate":"https:\/\/www.vallox.com\/sv\/?s={search_term_string}"},"query-input":{"@type":"PropertyValueSpecification","valueRequired":true,"valueName":"search_term_string"}}],"inLanguage":"sv-SE"}]}},"_links":{"self":[{"href":"https:\/\/www.vallox.com\/sv\/wp-json\/wp\/v2\/pages\/9241","targetHints":{"allow":["GET"]}}],"collection":[{"href":"https:\/\/www.vallox.com\/sv\/wp-json\/wp\/v2\/pages"}],"about":[{"href":"https:\/\/www.vallox.com\/sv\/wp-json\/wp\/v2\/types\/page"}],"author":[{"embeddable":true,"href":"https:\/\/www.vallox.com\/sv\/wp-json\/wp\/v2\/users\/5"}],"replies":[{"embeddable":true,"href":"https:\/\/www.vallox.com\/sv\/wp-json\/wp\/v2\/comments?post=9241"}],"version-history":[{"count":3,"href":"https:\/\/www.vallox.com\/sv\/wp-json\/wp\/v2\/pages\/9241\/revisions"}],"predecessor-version":[{"id":18119,"href":"https:\/\/www.vallox.com\/sv\/wp-json\/wp\/v2\/pages\/9241\/revisions\/18119"}],"up":[{"embeddable":true,"href":"https:\/\/www.vallox.com\/sv\/wp-json\/wp\/v2\/pages\/4579"}],"wp:featuredmedia":[{"embeddable":true,"href":"https:\/\/www.vallox.com\/sv\/wp-json\/wp\/v2\/media\/19381"}],"wp:attachment":[{"href":"https:\/\/www.vallox.com\/sv\/wp-json\/wp\/v2\/media?parent=9241"}],"curies":[{"name":"wp","href":"https:\/\/api.w.org\/{rel}","templated":true}]}}