{"id":9223,"date":"2023-06-27T14:07:03","date_gmt":"2023-06-27T11:07:03","guid":{"rendered":"https:\/\/vallox.com\/ilmanvaihtokoneen-huolto-ohje\/"},"modified":"2023-11-14T10:52:45","modified_gmt":"2023-11-14T08:52:45","slug":"serviceinstruktioner","status":"publish","type":"page","link":"https:\/\/www.vallox.com\/sv\/service\/serviceinstruktioner\/","title":{"rendered":"Serviceinstruktioner"},"content":{"rendered":"    <div id=\"\" class=\"Block Section overflow-hidden w-full\">\n        <div class=\"Section-content relative max-w-[1088px] mx-auto w-full\">\n            \n\n<h2 class=\"wp-block-heading\">Byt aggregatets filter regelbundet<\/h2>\n\n\n\n<p>F\u00f6r att ventilationen ska fungera s\u00e5 effektivt som m\u00f6jligt b\u00f6r ventilationsaggregatets filter bytas med ca ett halvt \u00e5rs mellanrum, minst tv\u00e5 g\u00e5nger om \u00e5ret. Om utomhusluften inneh\u00e5ller mycket avgas, pollen eller andra finpartiklar, kan det finnas behov av att byta filter oftare. En bra minnesregel \u00e4r att byta filter varje v\u00e5r och h\u00f6st.<br>N\u00e4r du byter filtren \u00e4r det bra att alltid v\u00e4lja Vallox-ursprungsfilter som i fr\u00e5ga om filtreringsklassen, m\u00e5tten och ventilmotst\u00e5ndet designats s\u00e5 att de passar just ditt aggregat.<\/p>\n\n\n\n<p><\/p>\n\n\n\n<h2 class=\"wp-block-heading\">S\u00e4kerst\u00e4ll kondensvattenstosens funktion<\/h2>\n\n\n\n<p>I samband med att du byter filter \u00e4r det bra att kontrollera att kondensvattenstosen i botten av ventilationsaggregatet inte \u00e4r tillt\u00e4ppt. Du kan g\u00f6ra detta genom att sl\u00e5 i lite vatten i aggregatets bottenbass\u00e4ng. Om vattnet inte rinner ner, \u00e4r det sk\u00e4l att reng\u00f6ra kondensvattenstosen.<\/p>\n\n\n\n<p><\/p>\n\n\n    <\/div>\n<\/div>\n\n\n\n<div style=\"height:30px\" aria-hidden=\"true\" class=\"wp-block-spacer\"><\/div>\n\n\n    <div id=\"Section\" class=\"Block Section overflow-hidden w-full\">\n        <div class=\"Section-content relative max-w-[1088px] mx-auto w-full\">\n            \n\n    <div  class=\"Video w-full h-auto mx-auto \" style=\"\">\n        \n                            <iframe class=\"w-full h-auto aspect-video\" src=\"https:\/\/www.youtube-nocookie.com\/embed\/5NPaGzjAkaQ\" title=\"YouTube video player\" frameborder=\"0\" allow=\"accelerometer; autoplay; clipboard-write; encrypted-media; gyroscope; picture-in-picture; web-share\" allowfullscreen><\/iframe>\n            \n            <\/div>\n\n\n\n<p><\/p>\n\n\n\n<p><\/p>\n\n\n\n<p><\/p>\n\n\n\n<h2 class=\"wp-block-heading\">Reng\u00f6ring av v\u00e4rmev\u00e4xlaren<\/h2>\n\n\n\n<p>Det l\u00f6nar sig att reng\u00f6ra ventilationsaggregatets v\u00e4rmev\u00e4xlare med 1\u20132 \u00e5rs mellanrum. Kom ih\u00e5g att torka v\u00e4rmev\u00e4xlaren v\u00e4l innan du l\u00e4gger den tillbaka p\u00e5 sin plats.<\/p>\n\n\n\n<div style=\"height:20px\" aria-hidden=\"true\" class=\"wp-block-spacer\"><\/div>\n\n\n\n    <div  class=\"Video w-full h-auto mx-auto \" style=\"\">\n        \n                            <iframe class=\"w-full h-auto aspect-video\" src=\"https:\/\/www.youtube-nocookie.com\/embed\/QXqQlQHf1vU\" title=\"YouTube video player\" frameborder=\"0\" allow=\"accelerometer; autoplay; clipboard-write; encrypted-media; gyroscope; picture-in-picture; web-share\" allowfullscreen><\/iframe>\n            \n            <\/div>\n\n\n\n<div style=\"height:20px\" aria-hidden=\"true\" class=\"wp-block-spacer\"><\/div>\n\n\n<section class=\"IconHighlights mb-8\" >\n    <div class=\"flex flex-wrap justify-between\">\n                    <div class=\"IconCard w-full sm:w-1\/2 md:w-1\/4 px-4 mx-auto mb-20 max-w-[20rem] md:max-w-none hover:bg-gray-200 py-8\">\n                <div class=\"Icon w-full flex justify-center px-2 pb-8\">\n                    <span class=\"Svg\n                        w-2\/5 aspect-square\n                        border-4 border-custom-orange\n                        text-custom-orange rounded-full\n                        flex justify-center items-center p-[7.5%]\">\n                        <svg xmlns=\"http:\/\/www.w3.org\/2000\/svg\" fill=\"none\" viewBox=\"0 0 24 24\" stroke-width=\"1.5\" stroke=\"currentColor\" width=\"100%\">\n  <path stroke-linecap=\"round\" stroke-linejoin=\"round\" d=\"M9.879 7.519c1.171-1.025 3.071-1.025 4.242 0 1.172 1.025 1.172 2.687 0 3.712-.203.179-.43.326-.67.442-.745.361-1.45.999-1.45 1.827v.75M21 12a9 9 0 11-18 0 9 9 0 0118 0zm-9 5.25h.008v.008H12v-.008z\" \/>\n<\/svg>\n\n                    <\/span>\n                <\/div>\n                <div class=\"Texts text-center\">\n                    <h2 class=\"Title font-bold text-lg sm:text-2xl md:text-xl xl:text-2xl 2xl:text-3xl mb-2\">Experter till hj\u00e4lp<\/h2>\n                    <div class=\"Text text-custom-gray-dark\"><p>Om du f\u00e5r problem, kontakta ett servicef\u00f6retag!<\/p>\n<\/div>\n                <\/div>\n                <div class=\"Links mt-4\">\n                                                                        <a href=\"https:\/\/locator.maplet.com\/public\/sv\/valloxmap\/\" alt=\"\" target=\"_blank\" class=\"text-link flex hover:text-link-hover font-bold p-small text-primary hover:text-black fill-primary justify-center text-center mb-3 group\">\n\t<fragment class=\"relative\">\n\t\tDu hittar det n\u00e4rmaste servicef\u00f6retaget h\u00e4r\n\t\t\t\t\t<span class=\"absolute ml-1 text-center w-3 h-3 bottom-1 group-hover:fill-link-hover \"><svg clip-rule=\"evenodd\" fill-rule=\"evenodd\" stroke-linejoin=\"round\" stroke-miterlimit=\"2\" viewBox=\"0 0 24 24\" width=\"100%\" xmlns=\"http:\/\/www.w3.org\/2000\/svg\"><path d=\"m13.022 14.999v3.251c0 .412.335.75.752.75.188 0 .375-.071.518-.206 1.775-1.685 4.945-4.692 6.396-6.069.2-.189.312-.452.312-.725 0-.274-.112-.536-.312-.725-1.451-1.377-4.621-4.385-6.396-6.068-.143-.136-.33-.207-.518-.207-.417 0-.752.337-.752.75v3.251h-9.02c-.531 0-1.002.47-1.002 1v3.998c0 .53.471 1 1.002 1z\" fill-rule=\"nonzero\"\/><\/svg><\/span>\n\t\t\t<\/fragment>\n<\/a>\n                                                            <\/div>\n            <\/div>\n            <\/div>\n<\/section>\n\n\n    <\/div>\n<\/div>\n","protected":false},"excerpt":{"rendered":"","protected":false},"author":5,"featured_media":19349,"parent":9679,"menu_order":0,"comment_status":"closed","ping_status":"closed","template":"","meta":{"_acf_changed":false,"footnotes":""},"class_list":["post-9223","page","type-page","status-publish","has-post-thumbnail","hentry"],"acf":[],"yoast_head":"<!-- This site is optimized with the Yoast SEO plugin v26.9 - https:\/\/yoast.com\/product\/yoast-seo-wordpress\/ -->\n<title>Serviceinstruktioner - Vallox<\/title>\n<meta name=\"description\" content=\"En regelbunden service av Vallox-ventilationsaggregatet l\u00f6nar sig, eftersom servicen har en stor inverkan p\u00e5 ventilationens effektivitet och livsl\u00e4ngd.\" \/>\n<meta name=\"robots\" content=\"index, follow, max-snippet:-1, max-image-preview:large, max-video-preview:-1\" \/>\n<link rel=\"canonical\" href=\"https:\/\/www.vallox.com\/sv\/service\/serviceinstruktioner\/\" \/>\n<meta property=\"og:locale\" content=\"sv_SE\" \/>\n<meta property=\"og:type\" content=\"article\" \/>\n<meta property=\"og:title\" content=\"Serviceinstruktioner - Vallox\" \/>\n<meta property=\"og:description\" content=\"En regelbunden service av Vallox-ventilationsaggregatet l\u00f6nar sig, eftersom servicen har en stor inverkan p\u00e5 ventilationens effektivitet och livsl\u00e4ngd.\" \/>\n<meta property=\"og:url\" content=\"https:\/\/www.vallox.com\/sv\/service\/serviceinstruktioner\/\" \/>\n<meta property=\"og:site_name\" content=\"Vallox\" \/>\n<meta property=\"article:modified_time\" content=\"2023-11-14T08:52:45+00:00\" \/>\n<meta property=\"og:image\" content=\"https:\/\/www.vallox.com\/app\/uploads\/2023\/11\/HuoltoFeatured_720x480px.png\" \/>\n\t<meta property=\"og:image:width\" content=\"720\" \/>\n\t<meta property=\"og:image:height\" content=\"480\" \/>\n\t<meta property=\"og:image:type\" content=\"image\/png\" \/>\n<meta name=\"twitter:card\" content=\"summary_large_image\" \/>\n<meta name=\"twitter:label1\" content=\"Est. reading time\" \/>\n\t<meta name=\"twitter:data1\" content=\"1 minute\" \/>\n<script type=\"application\/ld+json\" class=\"yoast-schema-graph\">{\"@context\":\"https:\/\/schema.org\",\"@graph\":[{\"@type\":\"WebPage\",\"@id\":\"https:\/\/www.vallox.com\/sv\/service\/serviceinstruktioner\/\",\"url\":\"https:\/\/www.vallox.com\/sv\/service\/serviceinstruktioner\/\",\"name\":\"Serviceinstruktioner - Vallox\",\"isPartOf\":{\"@id\":\"https:\/\/www.vallox.com\/sv\/#website\"},\"primaryImageOfPage\":{\"@id\":\"https:\/\/www.vallox.com\/sv\/service\/serviceinstruktioner\/#primaryimage\"},\"image\":{\"@id\":\"https:\/\/www.vallox.com\/sv\/service\/serviceinstruktioner\/#primaryimage\"},\"thumbnailUrl\":\"https:\/\/www.vallox.com\/app\/uploads\/2023\/11\/HuoltoFeatured_720x480px.png\",\"datePublished\":\"2023-06-27T11:07:03+00:00\",\"dateModified\":\"2023-11-14T08:52:45+00:00\",\"description\":\"En regelbunden service av Vallox-ventilationsaggregatet l\u00f6nar sig, eftersom servicen har en stor inverkan p\u00e5 ventilationens effektivitet och livsl\u00e4ngd.\",\"breadcrumb\":{\"@id\":\"https:\/\/www.vallox.com\/sv\/service\/serviceinstruktioner\/#breadcrumb\"},\"inLanguage\":\"sv-SE\",\"potentialAction\":[{\"@type\":\"ReadAction\",\"target\":[\"https:\/\/www.vallox.com\/sv\/service\/serviceinstruktioner\/\"]}]},{\"@type\":\"ImageObject\",\"inLanguage\":\"sv-SE\",\"@id\":\"https:\/\/www.vallox.com\/sv\/service\/serviceinstruktioner\/#primaryimage\",\"url\":\"https:\/\/www.vallox.com\/app\/uploads\/2023\/11\/HuoltoFeatured_720x480px.png\",\"contentUrl\":\"https:\/\/www.vallox.com\/app\/uploads\/2023\/11\/HuoltoFeatured_720x480px.png\",\"width\":720,\"height\":480,\"caption\":\"suodattimien vaihto\"},{\"@type\":\"BreadcrumbList\",\"@id\":\"https:\/\/www.vallox.com\/sv\/service\/serviceinstruktioner\/#breadcrumb\",\"itemListElement\":[{\"@type\":\"ListItem\",\"position\":1,\"name\":\"Home\",\"item\":\"https:\/\/www.vallox.com\/sv\/\"},{\"@type\":\"ListItem\",\"position\":2,\"name\":\"Service\",\"item\":\"https:\/\/www.vallox.com\/sv\/service\/\"},{\"@type\":\"ListItem\",\"position\":3,\"name\":\"Serviceinstruktioner\"}]},{\"@type\":\"WebSite\",\"@id\":\"https:\/\/www.vallox.com\/sv\/#website\",\"url\":\"https:\/\/www.vallox.com\/sv\/\",\"name\":\"Vallox\",\"description\":\"\",\"potentialAction\":[{\"@type\":\"SearchAction\",\"target\":{\"@type\":\"EntryPoint\",\"urlTemplate\":\"https:\/\/www.vallox.com\/sv\/?s={search_term_string}\"},\"query-input\":{\"@type\":\"PropertyValueSpecification\",\"valueRequired\":true,\"valueName\":\"search_term_string\"}}],\"inLanguage\":\"sv-SE\"}]}<\/script>\n<!-- \/ Yoast SEO plugin. -->","yoast_head_json":{"title":"Serviceinstruktioner - Vallox","description":"En regelbunden service av Vallox-ventilationsaggregatet l\u00f6nar sig, eftersom servicen har en stor inverkan p\u00e5 ventilationens effektivitet och livsl\u00e4ngd.","robots":{"index":"index","follow":"follow","max-snippet":"max-snippet:-1","max-image-preview":"max-image-preview:large","max-video-preview":"max-video-preview:-1"},"canonical":"https:\/\/www.vallox.com\/sv\/service\/serviceinstruktioner\/","og_locale":"sv_SE","og_type":"article","og_title":"Serviceinstruktioner - Vallox","og_description":"En regelbunden service av Vallox-ventilationsaggregatet l\u00f6nar sig, eftersom servicen har en stor inverkan p\u00e5 ventilationens effektivitet och livsl\u00e4ngd.","og_url":"https:\/\/www.vallox.com\/sv\/service\/serviceinstruktioner\/","og_site_name":"Vallox","article_modified_time":"2023-11-14T08:52:45+00:00","og_image":[{"width":720,"height":480,"url":"https:\/\/www.vallox.com\/app\/uploads\/2023\/11\/HuoltoFeatured_720x480px.png","type":"image\/png"}],"twitter_card":"summary_large_image","twitter_misc":{"Est. reading time":"1 minute"},"schema":{"@context":"https:\/\/schema.org","@graph":[{"@type":"WebPage","@id":"https:\/\/www.vallox.com\/sv\/service\/serviceinstruktioner\/","url":"https:\/\/www.vallox.com\/sv\/service\/serviceinstruktioner\/","name":"Serviceinstruktioner - Vallox","isPartOf":{"@id":"https:\/\/www.vallox.com\/sv\/#website"},"primaryImageOfPage":{"@id":"https:\/\/www.vallox.com\/sv\/service\/serviceinstruktioner\/#primaryimage"},"image":{"@id":"https:\/\/www.vallox.com\/sv\/service\/serviceinstruktioner\/#primaryimage"},"thumbnailUrl":"https:\/\/www.vallox.com\/app\/uploads\/2023\/11\/HuoltoFeatured_720x480px.png","datePublished":"2023-06-27T11:07:03+00:00","dateModified":"2023-11-14T08:52:45+00:00","description":"En regelbunden service av Vallox-ventilationsaggregatet l\u00f6nar sig, eftersom servicen har en stor inverkan p\u00e5 ventilationens effektivitet och livsl\u00e4ngd.","breadcrumb":{"@id":"https:\/\/www.vallox.com\/sv\/service\/serviceinstruktioner\/#breadcrumb"},"inLanguage":"sv-SE","potentialAction":[{"@type":"ReadAction","target":["https:\/\/www.vallox.com\/sv\/service\/serviceinstruktioner\/"]}]},{"@type":"ImageObject","inLanguage":"sv-SE","@id":"https:\/\/www.vallox.com\/sv\/service\/serviceinstruktioner\/#primaryimage","url":"https:\/\/www.vallox.com\/app\/uploads\/2023\/11\/HuoltoFeatured_720x480px.png","contentUrl":"https:\/\/www.vallox.com\/app\/uploads\/2023\/11\/HuoltoFeatured_720x480px.png","width":720,"height":480,"caption":"suodattimien vaihto"},{"@type":"BreadcrumbList","@id":"https:\/\/www.vallox.com\/sv\/service\/serviceinstruktioner\/#breadcrumb","itemListElement":[{"@type":"ListItem","position":1,"name":"Home","item":"https:\/\/www.vallox.com\/sv\/"},{"@type":"ListItem","position":2,"name":"Service","item":"https:\/\/www.vallox.com\/sv\/service\/"},{"@type":"ListItem","position":3,"name":"Serviceinstruktioner"}]},{"@type":"WebSite","@id":"https:\/\/www.vallox.com\/sv\/#website","url":"https:\/\/www.vallox.com\/sv\/","name":"Vallox","description":"","potentialAction":[{"@type":"SearchAction","target":{"@type":"EntryPoint","urlTemplate":"https:\/\/www.vallox.com\/sv\/?s={search_term_string}"},"query-input":{"@type":"PropertyValueSpecification","valueRequired":true,"valueName":"search_term_string"}}],"inLanguage":"sv-SE"}]}},"_links":{"self":[{"href":"https:\/\/www.vallox.com\/sv\/wp-json\/wp\/v2\/pages\/9223","targetHints":{"allow":["GET"]}}],"collection":[{"href":"https:\/\/www.vallox.com\/sv\/wp-json\/wp\/v2\/pages"}],"about":[{"href":"https:\/\/www.vallox.com\/sv\/wp-json\/wp\/v2\/types\/page"}],"author":[{"embeddable":true,"href":"https:\/\/www.vallox.com\/sv\/wp-json\/wp\/v2\/users\/5"}],"replies":[{"embeddable":true,"href":"https:\/\/www.vallox.com\/sv\/wp-json\/wp\/v2\/comments?post=9223"}],"version-history":[{"count":16,"href":"https:\/\/www.vallox.com\/sv\/wp-json\/wp\/v2\/pages\/9223\/revisions"}],"predecessor-version":[{"id":19592,"href":"https:\/\/www.vallox.com\/sv\/wp-json\/wp\/v2\/pages\/9223\/revisions\/19592"}],"up":[{"embeddable":true,"href":"https:\/\/www.vallox.com\/sv\/wp-json\/wp\/v2\/pages\/9679"}],"wp:featuredmedia":[{"embeddable":true,"href":"https:\/\/www.vallox.com\/sv\/wp-json\/wp\/v2\/media\/19349"}],"wp:attachment":[{"href":"https:\/\/www.vallox.com\/sv\/wp-json\/wp\/v2\/media?parent=9223"}],"curies":[{"name":"wp","href":"https:\/\/api.w.org\/{rel}","templated":true}]}}