{"id":9107,"date":"2023-06-28T10:23:26","date_gmt":"2023-06-28T07:23:26","guid":{"rendered":"https:\/\/vallox.com\/tuki-ja-ohjeet\/ohjelmistopaivitys\/"},"modified":"2024-03-12T13:45:25","modified_gmt":"2024-03-12T11:45:25","slug":"programuppdatering","status":"publish","type":"page","link":"https:\/\/www.vallox.com\/sv\/support-och-instruktioner\/programuppdatering\/","title":{"rendered":"Programuppdatering"},"content":{"rendered":"    <div id=\"Section\" class=\"Block Section overflow-hidden w-full\">\n        <div class=\"Section-content relative max-w-[1088px] mx-auto w-full\">\n            \n\n<p>Genom att uppdatera aggregatet har du alltid tillg\u00e5ng till v\u00e5ra senaste egenskaper. Ventilationen fungerar dock normalt ocks\u00e5 med den gamla programversionen. <\/p>\n\n\n\n<p>Du kan uppdatera din ventilationsaggregat med det nya programmet <strong><em>MyVallox Update Tool <\/em><\/strong>eller genom att registrera aggregaten i molntj\u00e4nsten <strong><em>MyVallox Cloud<\/em><\/strong>. Det g\u00e5r \u00e4ven att uppdatera med <strong><em>MyVallox Control <\/em><\/strong>eller <strong><em>MyVallox Touch <\/em><\/strong>controller. Uppdateringsinstruktioner finns nedan.<\/p>\n\n\n\n<p><strong>Obs. Genom att registrera dig i den avgiftsfria MyVallox Cloud- molntj\u00e4nsten uppdateras ditt ventilationsaggregat alltid automatiskt (programversion 2.0.18 och fram\u00e5t) Automatisk uppdatering kr\u00e4ver att ventilationsaggregatet \u00e4r anslutet till Internet.<\/strong><\/p>\n\n\n\n<div style=\"height:40px\" aria-hidden=\"true\" class=\"wp-block-spacer\"><\/div>\n\n\n    <\/div>\n<\/div>\n\n\n<div id=\"Lataa\" class=\"textThumbHighlight wrap w-full mb-8\">\n\t<div class=\"flex flex-col sm:flex-row max-w-[1088px] mx-auto bg-custom-gray-blueish-light p-8\">\n\t\t<img decoding=\"async\" alt=\"Download icon\" src=\"https:\/\/www.vallox.com\/app\/uploads\/2023\/06\/300x300px_Download-150x150.jpg\" class=\"object-cover mb-8 sm:mb-unset mx-auto sm:mx-unset w-[150px] h-[150px] rounded-br-[3rem] rounded-tl-[3rem]\"\/>\n\t\t<div class=\"Texts sm:pl-8\">\n\t\t\t\t\t\t\t<p class=\"font-bold\">Ladda ner den senaste versionen av programuppdateringen <\/p>\n\t\t\t\t\t\t<div class=\"Content\">\n\t\t\t\t<p><a href=\"https:\/\/firmware.vallox.com\/prod\/HSWUPD.BIN\">LADDA H\u00c4R<\/a><\/p>\n\n\t\t\t<\/div>\n\t\t<\/div>\n\t<\/div>\n<\/div>\n\n\n\n<div style=\"height:30px\" aria-hidden=\"true\" class=\"wp-block-spacer\"><\/div>\n\n\n    <div id=\"\" class=\"Block Section overflow-hidden w-full\">\n        <div class=\"Section-content relative max-w-[1088px] mx-auto w-full\">\n            \n\n<h2 class=\"wp-block-heading\">MyVallox Update Tool<\/h2>\n\n\n\n<p>Programmet MyVallox Update Tool \u00e4r avsett f\u00f6r uppdatering av MyVallox ventilationsaggregatets programversion. Med MyVallox Update Tool hittar du enkelt ventilationsaggregaten i lokaln\u00e4tet och kan snabbt \u00f6ppna gr\u00e4nssnittet MyVallox Home f\u00f6r att styra aggregatet och kontrollera uppgifterna.<\/p>\n\n\n\n<p><a href=\"https:\/\/res.cloudinary.com\/vallox\/image\/upload\/v1696922332\/FileStock\/ValidManuals\/Manual_Vallox_MyValloxUpdateTool_SWE.pdf\"><strong>Se instruktioner<\/strong><\/a> (pdf)<\/p>\n\n\n    <\/div>\n<\/div>\n\n\n<div  class=\"textThumbHighlight wrap w-full mb-8\">\n\t<div class=\"flex flex-col sm:flex-row max-w-[1088px] mx-auto bg-custom-gray-blueish-light p-8\">\n\t\t<img decoding=\"async\" alt=\"Download icon\" src=\"https:\/\/www.vallox.com\/app\/uploads\/2023\/06\/300x300px_Download-150x150.jpg\" class=\"object-cover mb-8 sm:mb-unset mx-auto sm:mx-unset w-[150px] h-[150px] rounded-br-[3rem] rounded-tl-[3rem]\"\/>\n\t\t<div class=\"Texts sm:pl-8\">\n\t\t\t\t\t\t\t<p class=\"font-bold\">Ladda ner MyVallox Update Tool<\/p>\n\t\t\t\t\t\t<div class=\"Content\">\n\t\t\t\t<p><a href=\"https:\/\/firmware.vallox.com\/updatetool\/Vallox_update_tool_setup.exe\">LADDA H\u00c4R<\/a><\/p>\n\n\t\t\t<\/div>\n\t\t<\/div>\n\t<\/div>\n<\/div>\n\n\n\n<div style=\"height:30px\" aria-hidden=\"true\" class=\"wp-block-spacer\"><\/div>\n\n\n    <div id=\"Section\" class=\"Block Section overflow-hidden w-full\">\n        <div class=\"Section-content relative max-w-[1088px] mx-auto w-full\">\n            \n\n<h2 class=\"wp-block-heading\">Programuppdatering via MyVallox-kontrollpanelen<\/h2>\n\n\n\n<p>Du kan uppdatera din ventilationsaggregat med MyVallox Control eller MyVallox Touch controller. <\/p>\n\n\n\n<p><a href=\"https:\/\/asset.cloudinary.com\/vallox\/9144fa87b14c83dc42279e8543d501be\"><strong>Se instruktioner (pdf)<\/strong><\/a><\/p>\n\n\n\n<p><\/p>\n\n\n\n<h3 class=\"wp-block-heading\">Videoinstruktioner<\/h3>\n\n\n    <\/div>\n<\/div>\n\n\n\n<div style=\"height:40px\" aria-hidden=\"true\" class=\"wp-block-spacer\"><\/div>\n\n\n\n    <div  class=\"Video w-full h-auto mx-auto \" style=\"max-width:60%;\">\n                                <iframe\n                class=\"w-full h-auto aspect-video\"\n                src=\"https:\/\/www.youtube.com\/embed\/videoseries?list=PLX0x60h671BPdQMlsVyvMgOrJQLqTdgJY&#038;index=0\"\n                frameborder=\"0\"\n                allowfullscreen\n            ><\/iframe>\n\n            <\/div>\n","protected":false},"excerpt":{"rendered":"","protected":false},"author":3,"featured_media":19355,"parent":9085,"menu_order":2,"comment_status":"closed","ping_status":"closed","template":"","meta":{"_acf_changed":false,"footnotes":""},"class_list":["post-9107","page","type-page","status-publish","has-post-thumbnail","hentry"],"acf":[],"yoast_head":"<!-- This site is optimized with the Yoast SEO plugin v26.9 - https:\/\/yoast.com\/product\/yoast-seo-wordpress\/ -->\n<title>Programuppdatering - Vallox<\/title>\n<meta name=\"description\" content=\"Installera den senaste MyVallox-versionen h\u00e4r s\u00e5 att du alltid har tillg\u00e5ng till v\u00e5ra senaste styrningsegenskaper.\" \/>\n<meta name=\"robots\" content=\"index, follow, max-snippet:-1, max-image-preview:large, max-video-preview:-1\" \/>\n<link rel=\"canonical\" href=\"https:\/\/www.vallox.com\/sv\/support-och-instruktioner\/programuppdatering\/\" \/>\n<meta property=\"og:locale\" content=\"sv_SE\" \/>\n<meta property=\"og:type\" content=\"article\" \/>\n<meta property=\"og:title\" content=\"Programuppdatering - Vallox\" \/>\n<meta property=\"og:description\" content=\"Installera den senaste MyVallox-versionen h\u00e4r s\u00e5 att du alltid har tillg\u00e5ng till v\u00e5ra senaste styrningsegenskaper.\" \/>\n<meta property=\"og:url\" content=\"https:\/\/www.vallox.com\/sv\/support-och-instruktioner\/programuppdatering\/\" \/>\n<meta property=\"og:site_name\" content=\"Vallox\" \/>\n<meta property=\"article:modified_time\" content=\"2024-03-12T11:45:25+00:00\" \/>\n<meta property=\"og:image\" content=\"https:\/\/www.vallox.com\/app\/uploads\/2023\/11\/updatetool_720x480.png\" \/>\n\t<meta property=\"og:image:width\" content=\"720\" \/>\n\t<meta property=\"og:image:height\" content=\"480\" \/>\n\t<meta property=\"og:image:type\" content=\"image\/png\" \/>\n<meta name=\"twitter:card\" content=\"summary_large_image\" \/>\n<meta name=\"twitter:label1\" content=\"Est. reading time\" \/>\n\t<meta name=\"twitter:data1\" content=\"3 minutes\" \/>\n<script type=\"application\/ld+json\" class=\"yoast-schema-graph\">{\"@context\":\"https:\/\/schema.org\",\"@graph\":[{\"@type\":\"WebPage\",\"@id\":\"https:\/\/www.vallox.com\/sv\/support-och-instruktioner\/programuppdatering\/\",\"url\":\"https:\/\/www.vallox.com\/sv\/support-och-instruktioner\/programuppdatering\/\",\"name\":\"Programuppdatering - Vallox\",\"isPartOf\":{\"@id\":\"https:\/\/www.vallox.com\/sv\/#website\"},\"primaryImageOfPage\":{\"@id\":\"https:\/\/www.vallox.com\/sv\/support-och-instruktioner\/programuppdatering\/#primaryimage\"},\"image\":{\"@id\":\"https:\/\/www.vallox.com\/sv\/support-och-instruktioner\/programuppdatering\/#primaryimage\"},\"thumbnailUrl\":\"https:\/\/www.vallox.com\/app\/uploads\/2023\/11\/updatetool_720x480.png\",\"datePublished\":\"2023-06-28T07:23:26+00:00\",\"dateModified\":\"2024-03-12T11:45:25+00:00\",\"description\":\"Installera den senaste MyVallox-versionen h\u00e4r s\u00e5 att du alltid har tillg\u00e5ng till v\u00e5ra senaste styrningsegenskaper.\",\"breadcrumb\":{\"@id\":\"https:\/\/www.vallox.com\/sv\/support-och-instruktioner\/programuppdatering\/#breadcrumb\"},\"inLanguage\":\"sv-SE\",\"potentialAction\":[{\"@type\":\"ReadAction\",\"target\":[\"https:\/\/www.vallox.com\/sv\/support-och-instruktioner\/programuppdatering\/\"]}]},{\"@type\":\"ImageObject\",\"inLanguage\":\"sv-SE\",\"@id\":\"https:\/\/www.vallox.com\/sv\/support-och-instruktioner\/programuppdatering\/#primaryimage\",\"url\":\"https:\/\/www.vallox.com\/app\/uploads\/2023\/11\/updatetool_720x480.png\",\"contentUrl\":\"https:\/\/www.vallox.com\/app\/uploads\/2023\/11\/updatetool_720x480.png\",\"width\":720,\"height\":480,\"caption\":\"MyVallox Update Tool -logo\"},{\"@type\":\"BreadcrumbList\",\"@id\":\"https:\/\/www.vallox.com\/sv\/support-och-instruktioner\/programuppdatering\/#breadcrumb\",\"itemListElement\":[{\"@type\":\"ListItem\",\"position\":1,\"name\":\"Home\",\"item\":\"https:\/\/www.vallox.com\/sv\/\"},{\"@type\":\"ListItem\",\"position\":2,\"name\":\"Support och instruktioner\",\"item\":\"https:\/\/www.vallox.com\/sv\/support-och-instruktioner\/\"},{\"@type\":\"ListItem\",\"position\":3,\"name\":\"Programuppdatering\"}]},{\"@type\":\"WebSite\",\"@id\":\"https:\/\/www.vallox.com\/sv\/#website\",\"url\":\"https:\/\/www.vallox.com\/sv\/\",\"name\":\"Vallox\",\"description\":\"\",\"potentialAction\":[{\"@type\":\"SearchAction\",\"target\":{\"@type\":\"EntryPoint\",\"urlTemplate\":\"https:\/\/www.vallox.com\/sv\/?s={search_term_string}\"},\"query-input\":{\"@type\":\"PropertyValueSpecification\",\"valueRequired\":true,\"valueName\":\"search_term_string\"}}],\"inLanguage\":\"sv-SE\"}]}<\/script>\n<!-- \/ Yoast SEO plugin. -->","yoast_head_json":{"title":"Programuppdatering - Vallox","description":"Installera den senaste MyVallox-versionen h\u00e4r s\u00e5 att du alltid har tillg\u00e5ng till v\u00e5ra senaste styrningsegenskaper.","robots":{"index":"index","follow":"follow","max-snippet":"max-snippet:-1","max-image-preview":"max-image-preview:large","max-video-preview":"max-video-preview:-1"},"canonical":"https:\/\/www.vallox.com\/sv\/support-och-instruktioner\/programuppdatering\/","og_locale":"sv_SE","og_type":"article","og_title":"Programuppdatering - Vallox","og_description":"Installera den senaste MyVallox-versionen h\u00e4r s\u00e5 att du alltid har tillg\u00e5ng till v\u00e5ra senaste styrningsegenskaper.","og_url":"https:\/\/www.vallox.com\/sv\/support-och-instruktioner\/programuppdatering\/","og_site_name":"Vallox","article_modified_time":"2024-03-12T11:45:25+00:00","og_image":[{"width":720,"height":480,"url":"https:\/\/www.vallox.com\/app\/uploads\/2023\/11\/updatetool_720x480.png","type":"image\/png"}],"twitter_card":"summary_large_image","twitter_misc":{"Est. reading time":"3 minutes"},"schema":{"@context":"https:\/\/schema.org","@graph":[{"@type":"WebPage","@id":"https:\/\/www.vallox.com\/sv\/support-och-instruktioner\/programuppdatering\/","url":"https:\/\/www.vallox.com\/sv\/support-och-instruktioner\/programuppdatering\/","name":"Programuppdatering - Vallox","isPartOf":{"@id":"https:\/\/www.vallox.com\/sv\/#website"},"primaryImageOfPage":{"@id":"https:\/\/www.vallox.com\/sv\/support-och-instruktioner\/programuppdatering\/#primaryimage"},"image":{"@id":"https:\/\/www.vallox.com\/sv\/support-och-instruktioner\/programuppdatering\/#primaryimage"},"thumbnailUrl":"https:\/\/www.vallox.com\/app\/uploads\/2023\/11\/updatetool_720x480.png","datePublished":"2023-06-28T07:23:26+00:00","dateModified":"2024-03-12T11:45:25+00:00","description":"Installera den senaste MyVallox-versionen h\u00e4r s\u00e5 att du alltid har tillg\u00e5ng till v\u00e5ra senaste styrningsegenskaper.","breadcrumb":{"@id":"https:\/\/www.vallox.com\/sv\/support-och-instruktioner\/programuppdatering\/#breadcrumb"},"inLanguage":"sv-SE","potentialAction":[{"@type":"ReadAction","target":["https:\/\/www.vallox.com\/sv\/support-och-instruktioner\/programuppdatering\/"]}]},{"@type":"ImageObject","inLanguage":"sv-SE","@id":"https:\/\/www.vallox.com\/sv\/support-och-instruktioner\/programuppdatering\/#primaryimage","url":"https:\/\/www.vallox.com\/app\/uploads\/2023\/11\/updatetool_720x480.png","contentUrl":"https:\/\/www.vallox.com\/app\/uploads\/2023\/11\/updatetool_720x480.png","width":720,"height":480,"caption":"MyVallox Update Tool -logo"},{"@type":"BreadcrumbList","@id":"https:\/\/www.vallox.com\/sv\/support-och-instruktioner\/programuppdatering\/#breadcrumb","itemListElement":[{"@type":"ListItem","position":1,"name":"Home","item":"https:\/\/www.vallox.com\/sv\/"},{"@type":"ListItem","position":2,"name":"Support och instruktioner","item":"https:\/\/www.vallox.com\/sv\/support-och-instruktioner\/"},{"@type":"ListItem","position":3,"name":"Programuppdatering"}]},{"@type":"WebSite","@id":"https:\/\/www.vallox.com\/sv\/#website","url":"https:\/\/www.vallox.com\/sv\/","name":"Vallox","description":"","potentialAction":[{"@type":"SearchAction","target":{"@type":"EntryPoint","urlTemplate":"https:\/\/www.vallox.com\/sv\/?s={search_term_string}"},"query-input":{"@type":"PropertyValueSpecification","valueRequired":true,"valueName":"search_term_string"}}],"inLanguage":"sv-SE"}]}},"_links":{"self":[{"href":"https:\/\/www.vallox.com\/sv\/wp-json\/wp\/v2\/pages\/9107","targetHints":{"allow":["GET"]}}],"collection":[{"href":"https:\/\/www.vallox.com\/sv\/wp-json\/wp\/v2\/pages"}],"about":[{"href":"https:\/\/www.vallox.com\/sv\/wp-json\/wp\/v2\/types\/page"}],"author":[{"embeddable":true,"href":"https:\/\/www.vallox.com\/sv\/wp-json\/wp\/v2\/users\/3"}],"replies":[{"embeddable":true,"href":"https:\/\/www.vallox.com\/sv\/wp-json\/wp\/v2\/comments?post=9107"}],"version-history":[{"count":22,"href":"https:\/\/www.vallox.com\/sv\/wp-json\/wp\/v2\/pages\/9107\/revisions"}],"predecessor-version":[{"id":21209,"href":"https:\/\/www.vallox.com\/sv\/wp-json\/wp\/v2\/pages\/9107\/revisions\/21209"}],"up":[{"embeddable":true,"href":"https:\/\/www.vallox.com\/sv\/wp-json\/wp\/v2\/pages\/9085"}],"wp:featuredmedia":[{"embeddable":true,"href":"https:\/\/www.vallox.com\/sv\/wp-json\/wp\/v2\/media\/19355"}],"wp:attachment":[{"href":"https:\/\/www.vallox.com\/sv\/wp-json\/wp\/v2\/media?parent=9107"}],"curies":[{"name":"wp","href":"https:\/\/api.w.org\/{rel}","templated":true}]}}