{"id":9081,"date":"2023-06-27T14:31:26","date_gmt":"2023-06-27T11:31:26","guid":{"rendered":"https:\/\/vallox.com\/takuuhuoltokaytannot\/"},"modified":"2026-02-27T15:52:34","modified_gmt":"2026-02-27T13:52:34","slug":"garantipolicyer","status":"publish","type":"page","link":"https:\/\/www.vallox.com\/sv\/service\/garantipolicyer\/","title":{"rendered":"Garantipolicyer"},"content":{"rendered":"\n<div style=\"height:17px\" aria-hidden=\"true\" class=\"wp-block-spacer\"><\/div>\n\n\n    <div id=\"Section\" class=\"Block Section overflow-hidden w-full\">\n        <div class=\"Section-content relative max-w-[1088px] mx-auto w-full\">\n            \n<div  class=\"Image w-full h-auto mb-8\">\n    <img decoding=\"async\"\n        srcset=\"\n            https:\/\/www.vallox.com\/app\/uploads\/2026\/02\/Takuuhuoltokaytannot-1920x500-1-1024x267.webp 1024w,\n            https:\/\/www.vallox.com\/app\/uploads\/2026\/02\/Takuuhuoltokaytannot-1920x500-1-768x200.webp 768w,\n            https:\/\/www.vallox.com\/app\/uploads\/2026\/02\/Takuuhuoltokaytannot-1920x500-1-300x78.webp 300w,\n            https:\/\/www.vallox.com\/app\/uploads\/2026\/02\/Takuuhuoltokaytannot-1920x500-1-150x150.webp 150w,\n        \"\n        alt=\"Takuuehdot\"\n        src=\"https:\/\/www.vallox.com\/app\/uploads\/2026\/02\/Takuuhuoltokaytannot-1920x500-1-300x78.webp\"\n        class=\"object-cover w-full h-auto\"\n    \/>\n    <\/div>\n\n\n\n<p>Vallox Oy beviljar 24 m\u00e5naders garanti p\u00e5 produkter och 12 m\u00e5naders garanti p\u00e5 reservdelar fr\u00e5n och med produktens leveransdatum. <strong>Ta alltid n\u00e4r det g\u00e4ller garantin i f\u00f6rsta hand kontakt med produktens s\u00e4ljare<\/strong>, som g\u00f6r en reklamation till tillverkaren.<\/p>\n\n\n\n<p>Garantin t\u00e4cker tillverknings- och konstruktionsfel samt andra fel och brister som framkommer under garantiperioden och som f\u00f6rs\u00e4mrar anv\u00e4ndningen. Garantin ers\u00e4tter dock inte till exempel fel som orsakats av felaktig installation av produkten, bristf\u00e4llig service eller annan felaktig hantering fr\u00e5n k\u00f6parens sida.<\/p>\n\n\n\n<p>F\u00f6r att ers\u00e4tta fel som omfattas av garantin \u00e4r s\u00e4ljaren skyldig att gottg\u00f6ra produktens ink\u00f6pspris till k\u00f6paren mot en \u00e5terl\u00e4mning av produkten, att reparera produkten eller ers\u00e4tta den defekta produkten med en ny.<\/p>\n\n\n\n<p>Eventuella reklamationer ska tillst\u00e4llas s\u00e4ljaren inom 14 dagar efter att felet observerats. Anv\u00e4ndningen av en defekt produkt eller en produkt som misst\u00e4nks vara defekt \u00e4r absolut f\u00f6rbjudet. S\u00e4ljaren ansvarar inte f\u00f6r produktskador som orsakats under transporten.<\/p>\n\n\n\n<p><\/p>\n\n\n\n<p><a href=\"https:\/\/vallox.com\/sv\/huolto\/takuuehdot\/\">L\u00e4s mer om Vallox Oy:s garantivillkor h\u00e4r<\/a><\/p>\n\n\n\n<p>eller<\/p>\n\n\n\n<p><strong><a href=\"https:\/\/vallox.com\/sv\/pro\/service-pro\/begaran-om-garantiservice\/\">Fyll i garantiserviceblanketten h\u00e4r<\/a><\/strong>.<\/p>\n\n\n\n<p><\/p>\n\n\n    <\/div>\n<\/div>\n","protected":false},"excerpt":{"rendered":"","protected":false},"author":5,"featured_media":28890,"parent":9679,"menu_order":0,"comment_status":"closed","ping_status":"closed","template":"","meta":{"_acf_changed":false,"footnotes":""},"class_list":["post-9081","page","type-page","status-publish","has-post-thumbnail","hentry"],"acf":[],"yoast_head":"<!-- This site is optimized with the Yoast SEO plugin v26.9 - https:\/\/yoast.com\/product\/yoast-seo-wordpress\/ -->\n<title>Garantipolicyer - Vallox<\/title>\n<meta name=\"description\" content=\"Vallox Oy beviljar alla sina produkter en 24 m\u00e5naders garanti fr\u00e5n och med produktens leveransdatum.\" \/>\n<meta name=\"robots\" content=\"index, follow, max-snippet:-1, max-image-preview:large, max-video-preview:-1\" \/>\n<link rel=\"canonical\" href=\"https:\/\/www.vallox.com\/sv\/service\/garantipolicyer\/\" \/>\n<meta property=\"og:locale\" content=\"sv_SE\" \/>\n<meta property=\"og:type\" content=\"article\" \/>\n<meta property=\"og:title\" content=\"Garantipolicyer - Vallox\" \/>\n<meta property=\"og:description\" content=\"Vallox Oy beviljar alla sina produkter en 24 m\u00e5naders garanti fr\u00e5n och med produktens leveransdatum.\" \/>\n<meta property=\"og:url\" content=\"https:\/\/www.vallox.com\/sv\/service\/garantipolicyer\/\" \/>\n<meta property=\"og:site_name\" content=\"Vallox\" \/>\n<meta property=\"article:modified_time\" content=\"2026-02-27T13:52:34+00:00\" \/>\n<meta property=\"og:image\" content=\"https:\/\/www.vallox.com\/app\/uploads\/2026\/02\/Takuuhuoltokaytannot_featured.webp\" \/>\n\t<meta property=\"og:image:width\" content=\"720\" \/>\n\t<meta property=\"og:image:height\" content=\"480\" \/>\n\t<meta property=\"og:image:type\" content=\"image\/webp\" \/>\n<meta name=\"twitter:card\" content=\"summary_large_image\" \/>\n<meta name=\"twitter:label1\" content=\"Est. reading time\" \/>\n\t<meta name=\"twitter:data1\" content=\"3 minutes\" \/>\n<script type=\"application\/ld+json\" class=\"yoast-schema-graph\">{\"@context\":\"https:\/\/schema.org\",\"@graph\":[{\"@type\":\"WebPage\",\"@id\":\"https:\/\/www.vallox.com\/sv\/service\/garantipolicyer\/\",\"url\":\"https:\/\/www.vallox.com\/sv\/service\/garantipolicyer\/\",\"name\":\"Garantipolicyer - Vallox\",\"isPartOf\":{\"@id\":\"https:\/\/www.vallox.com\/sv\/#website\"},\"primaryImageOfPage\":{\"@id\":\"https:\/\/www.vallox.com\/sv\/service\/garantipolicyer\/#primaryimage\"},\"image\":{\"@id\":\"https:\/\/www.vallox.com\/sv\/service\/garantipolicyer\/#primaryimage\"},\"thumbnailUrl\":\"https:\/\/www.vallox.com\/app\/uploads\/2026\/02\/Takuuhuoltokaytannot_featured.webp\",\"datePublished\":\"2023-06-27T11:31:26+00:00\",\"dateModified\":\"2026-02-27T13:52:34+00:00\",\"description\":\"Vallox Oy beviljar alla sina produkter en 24 m\u00e5naders garanti fr\u00e5n och med produktens leveransdatum.\",\"breadcrumb\":{\"@id\":\"https:\/\/www.vallox.com\/sv\/service\/garantipolicyer\/#breadcrumb\"},\"inLanguage\":\"sv-SE\",\"potentialAction\":[{\"@type\":\"ReadAction\",\"target\":[\"https:\/\/www.vallox.com\/sv\/service\/garantipolicyer\/\"]}]},{\"@type\":\"ImageObject\",\"inLanguage\":\"sv-SE\",\"@id\":\"https:\/\/www.vallox.com\/sv\/service\/garantipolicyer\/#primaryimage\",\"url\":\"https:\/\/www.vallox.com\/app\/uploads\/2026\/02\/Takuuhuoltokaytannot_featured.webp\",\"contentUrl\":\"https:\/\/www.vallox.com\/app\/uploads\/2026\/02\/Takuuhuoltokaytannot_featured.webp\",\"width\":720,\"height\":480,\"caption\":\"LVI-alan ammattilaisten tarvitsemia ty\u00f6kaluja.\"},{\"@type\":\"BreadcrumbList\",\"@id\":\"https:\/\/www.vallox.com\/sv\/service\/garantipolicyer\/#breadcrumb\",\"itemListElement\":[{\"@type\":\"ListItem\",\"position\":1,\"name\":\"Home\",\"item\":\"https:\/\/www.vallox.com\/sv\/\"},{\"@type\":\"ListItem\",\"position\":2,\"name\":\"Service\",\"item\":\"https:\/\/www.vallox.com\/sv\/service\/\"},{\"@type\":\"ListItem\",\"position\":3,\"name\":\"Garantipolicyer\"}]},{\"@type\":\"WebSite\",\"@id\":\"https:\/\/www.vallox.com\/sv\/#website\",\"url\":\"https:\/\/www.vallox.com\/sv\/\",\"name\":\"Vallox\",\"description\":\"\",\"potentialAction\":[{\"@type\":\"SearchAction\",\"target\":{\"@type\":\"EntryPoint\",\"urlTemplate\":\"https:\/\/www.vallox.com\/sv\/?s={search_term_string}\"},\"query-input\":{\"@type\":\"PropertyValueSpecification\",\"valueRequired\":true,\"valueName\":\"search_term_string\"}}],\"inLanguage\":\"sv-SE\"}]}<\/script>\n<!-- \/ Yoast SEO plugin. -->","yoast_head_json":{"title":"Garantipolicyer - Vallox","description":"Vallox Oy beviljar alla sina produkter en 24 m\u00e5naders garanti fr\u00e5n och med produktens leveransdatum.","robots":{"index":"index","follow":"follow","max-snippet":"max-snippet:-1","max-image-preview":"max-image-preview:large","max-video-preview":"max-video-preview:-1"},"canonical":"https:\/\/www.vallox.com\/sv\/service\/garantipolicyer\/","og_locale":"sv_SE","og_type":"article","og_title":"Garantipolicyer - Vallox","og_description":"Vallox Oy beviljar alla sina produkter en 24 m\u00e5naders garanti fr\u00e5n och med produktens leveransdatum.","og_url":"https:\/\/www.vallox.com\/sv\/service\/garantipolicyer\/","og_site_name":"Vallox","article_modified_time":"2026-02-27T13:52:34+00:00","og_image":[{"width":720,"height":480,"url":"https:\/\/www.vallox.com\/app\/uploads\/2026\/02\/Takuuhuoltokaytannot_featured.webp","type":"image\/webp"}],"twitter_card":"summary_large_image","twitter_misc":{"Est. reading time":"3 minutes"},"schema":{"@context":"https:\/\/schema.org","@graph":[{"@type":"WebPage","@id":"https:\/\/www.vallox.com\/sv\/service\/garantipolicyer\/","url":"https:\/\/www.vallox.com\/sv\/service\/garantipolicyer\/","name":"Garantipolicyer - Vallox","isPartOf":{"@id":"https:\/\/www.vallox.com\/sv\/#website"},"primaryImageOfPage":{"@id":"https:\/\/www.vallox.com\/sv\/service\/garantipolicyer\/#primaryimage"},"image":{"@id":"https:\/\/www.vallox.com\/sv\/service\/garantipolicyer\/#primaryimage"},"thumbnailUrl":"https:\/\/www.vallox.com\/app\/uploads\/2026\/02\/Takuuhuoltokaytannot_featured.webp","datePublished":"2023-06-27T11:31:26+00:00","dateModified":"2026-02-27T13:52:34+00:00","description":"Vallox Oy beviljar alla sina produkter en 24 m\u00e5naders garanti fr\u00e5n och med produktens leveransdatum.","breadcrumb":{"@id":"https:\/\/www.vallox.com\/sv\/service\/garantipolicyer\/#breadcrumb"},"inLanguage":"sv-SE","potentialAction":[{"@type":"ReadAction","target":["https:\/\/www.vallox.com\/sv\/service\/garantipolicyer\/"]}]},{"@type":"ImageObject","inLanguage":"sv-SE","@id":"https:\/\/www.vallox.com\/sv\/service\/garantipolicyer\/#primaryimage","url":"https:\/\/www.vallox.com\/app\/uploads\/2026\/02\/Takuuhuoltokaytannot_featured.webp","contentUrl":"https:\/\/www.vallox.com\/app\/uploads\/2026\/02\/Takuuhuoltokaytannot_featured.webp","width":720,"height":480,"caption":"LVI-alan ammattilaisten tarvitsemia ty\u00f6kaluja."},{"@type":"BreadcrumbList","@id":"https:\/\/www.vallox.com\/sv\/service\/garantipolicyer\/#breadcrumb","itemListElement":[{"@type":"ListItem","position":1,"name":"Home","item":"https:\/\/www.vallox.com\/sv\/"},{"@type":"ListItem","position":2,"name":"Service","item":"https:\/\/www.vallox.com\/sv\/service\/"},{"@type":"ListItem","position":3,"name":"Garantipolicyer"}]},{"@type":"WebSite","@id":"https:\/\/www.vallox.com\/sv\/#website","url":"https:\/\/www.vallox.com\/sv\/","name":"Vallox","description":"","potentialAction":[{"@type":"SearchAction","target":{"@type":"EntryPoint","urlTemplate":"https:\/\/www.vallox.com\/sv\/?s={search_term_string}"},"query-input":{"@type":"PropertyValueSpecification","valueRequired":true,"valueName":"search_term_string"}}],"inLanguage":"sv-SE"}]}},"_links":{"self":[{"href":"https:\/\/www.vallox.com\/sv\/wp-json\/wp\/v2\/pages\/9081","targetHints":{"allow":["GET"]}}],"collection":[{"href":"https:\/\/www.vallox.com\/sv\/wp-json\/wp\/v2\/pages"}],"about":[{"href":"https:\/\/www.vallox.com\/sv\/wp-json\/wp\/v2\/types\/page"}],"author":[{"embeddable":true,"href":"https:\/\/www.vallox.com\/sv\/wp-json\/wp\/v2\/users\/5"}],"replies":[{"embeddable":true,"href":"https:\/\/www.vallox.com\/sv\/wp-json\/wp\/v2\/comments?post=9081"}],"version-history":[{"count":11,"href":"https:\/\/www.vallox.com\/sv\/wp-json\/wp\/v2\/pages\/9081\/revisions"}],"predecessor-version":[{"id":28895,"href":"https:\/\/www.vallox.com\/sv\/wp-json\/wp\/v2\/pages\/9081\/revisions\/28895"}],"up":[{"embeddable":true,"href":"https:\/\/www.vallox.com\/sv\/wp-json\/wp\/v2\/pages\/9679"}],"wp:featuredmedia":[{"embeddable":true,"href":"https:\/\/www.vallox.com\/sv\/wp-json\/wp\/v2\/media\/28890"}],"wp:attachment":[{"href":"https:\/\/www.vallox.com\/sv\/wp-json\/wp\/v2\/media?parent=9081"}],"curies":[{"name":"wp","href":"https:\/\/api.w.org\/{rel}","templated":true}]}}