{"id":9051,"date":"2023-07-12T11:18:52","date_gmt":"2023-07-12T08:18:52","guid":{"rendered":"https:\/\/vallox.com\/vastuullisuus\/sertifikaatit\/"},"modified":"2026-04-21T09:56:07","modified_gmt":"2026-04-21T06:56:07","slug":"certifieringar","status":"publish","type":"page","link":"https:\/\/www.vallox.com\/sv\/ansvar\/administration\/certifieringar\/","title":{"rendered":"Certifieringar"},"content":{"rendered":"    <div id=\"\" class=\"Block Section overflow-hidden w-full\">\n        <div class=\"Section-content relative max-w-[1088px] mx-auto w-full\">\n            \n\n<h2 class=\"wp-block-heading\">Certifiering av verksamhetssystemet<\/h2>\n\n\n\n<p>F\u00f6r att f\u00f6rs\u00e4kra oss om kvalitet och kontinuerlig utveckling f\u00f6r v\u00e5ra produkter och v\u00e5r verksamhet har vi uppdaterat och certifierat v\u00e5rt verksamhetssystem enligt de senaste ISO-standarderna (ISO 9001:2015 och ISO 14001:2015).<\/p>\n\n\n\n<p>Auditeringen av systemet utf\u00f6rdes av DNV.<\/p>\n\n\n\n<p>Certifieringen \u00e4r en indikation f\u00f6r v\u00e5ra kunder om att de kan lita p\u00e5 v\u00e5ra produkter och tj\u00e4nster.<\/p>\n\n\n<div  class=\"textThumbHighlight wrap w-full mb-8\">\n\t<div class=\"flex flex-col sm:flex-row max-w-[1088px] mx-auto bg-custom-gray-blueish-light p-8\">\n\t\t<img decoding=\"async\" alt=\"\" src=\"https:\/\/www.vallox.com\/app\/uploads\/2025\/03\/DNV-logo_180x165px-150x150.webp\" class=\"object-cover mb-8 sm:mb-unset mx-auto sm:mx-unset w-[150px] h-[150px] rounded-br-[3rem] rounded-tl-[3rem]\"\/>\n\t\t<div class=\"Texts sm:pl-8\">\n\t\t\t\t\t\t<div class=\"Content\">\n\t\t\t\t<p><a href=\"https:\/\/res.cloudinary.com\/vallox\/image\/upload\/v1776754346\/FileStock\/AttachmentsForWeb\/ISO_9001-SWE-Kvalitetsledningssystem.pdf\" target=\"_blank\" rel=\"noopener\">ISO 9001:2015 Kvalitetsledningssystem (pdf)<\/a><\/p>\n<p><a href=\"https:\/\/res.cloudinary.com\/vallox\/image\/upload\/v1776754346\/FileStock\/AttachmentsForWeb\/ISO_14001-SWE-Miljoledningssystem.pdf\" target=\"_blank\" rel=\"noopener\">ISO 14001:2015 Milj\u00f6ledningssystem (pdf)<\/a><\/p>\n\n\t\t\t<\/div>\n\t\t<\/div>\n\t<\/div>\n<\/div>\n\n\n\n<p><\/p>\n\n\n    <\/div>\n<\/div>\n","protected":false},"excerpt":{"rendered":"","protected":false},"author":5,"featured_media":0,"parent":24838,"menu_order":50,"comment_status":"closed","ping_status":"closed","template":"","meta":{"_acf_changed":false,"footnotes":""},"class_list":["post-9051","page","type-page","status-publish","hentry"],"acf":[],"yoast_head":"<!-- This site is optimized with the Yoast SEO plugin v26.9 - https:\/\/yoast.com\/product\/yoast-seo-wordpress\/ -->\n<title>Certifieringar - Vallox<\/title>\n<meta name=\"description\" content=\"Certifiering av Vallox verksamhetssystemet\" \/>\n<meta name=\"robots\" content=\"index, follow, max-snippet:-1, max-image-preview:large, max-video-preview:-1\" \/>\n<link rel=\"canonical\" href=\"https:\/\/www.vallox.com\/sv\/ansvar\/administration\/certifieringar\/\" \/>\n<meta property=\"og:locale\" content=\"sv_SE\" \/>\n<meta property=\"og:type\" content=\"article\" \/>\n<meta property=\"og:title\" content=\"Certifieringar - Vallox\" \/>\n<meta property=\"og:description\" content=\"Certifiering av Vallox verksamhetssystemet\" \/>\n<meta property=\"og:url\" content=\"https:\/\/www.vallox.com\/sv\/ansvar\/administration\/certifieringar\/\" \/>\n<meta property=\"og:site_name\" content=\"Vallox\" \/>\n<meta property=\"article:modified_time\" content=\"2026-04-21T06:56:07+00:00\" \/>\n<meta name=\"twitter:card\" content=\"summary_large_image\" \/>\n<meta name=\"twitter:label1\" content=\"Est. reading time\" \/>\n\t<meta name=\"twitter:data1\" content=\"2 minutes\" \/>\n<script type=\"application\/ld+json\" class=\"yoast-schema-graph\">{\"@context\":\"https:\/\/schema.org\",\"@graph\":[{\"@type\":\"WebPage\",\"@id\":\"https:\/\/www.vallox.com\/sv\/ansvar\/administration\/certifieringar\/\",\"url\":\"https:\/\/www.vallox.com\/sv\/ansvar\/administration\/certifieringar\/\",\"name\":\"Certifieringar - Vallox\",\"isPartOf\":{\"@id\":\"https:\/\/www.vallox.com\/sv\/#website\"},\"datePublished\":\"2023-07-12T08:18:52+00:00\",\"dateModified\":\"2026-04-21T06:56:07+00:00\",\"description\":\"Certifiering av Vallox verksamhetssystemet\",\"breadcrumb\":{\"@id\":\"https:\/\/www.vallox.com\/sv\/ansvar\/administration\/certifieringar\/#breadcrumb\"},\"inLanguage\":\"sv-SE\",\"potentialAction\":[{\"@type\":\"ReadAction\",\"target\":[\"https:\/\/www.vallox.com\/sv\/ansvar\/administration\/certifieringar\/\"]}]},{\"@type\":\"BreadcrumbList\",\"@id\":\"https:\/\/www.vallox.com\/sv\/ansvar\/administration\/certifieringar\/#breadcrumb\",\"itemListElement\":[{\"@type\":\"ListItem\",\"position\":1,\"name\":\"Home\",\"item\":\"https:\/\/www.vallox.com\/sv\/\"},{\"@type\":\"ListItem\",\"position\":2,\"name\":\"Ansvar\",\"item\":\"https:\/\/www.vallox.com\/sv\/ansvar\/\"},{\"@type\":\"ListItem\",\"position\":3,\"name\":\"Administration\",\"item\":\"https:\/\/www.vallox.com\/sv\/ansvar\/administration\/\"},{\"@type\":\"ListItem\",\"position\":4,\"name\":\"Certifieringar\"}]},{\"@type\":\"WebSite\",\"@id\":\"https:\/\/www.vallox.com\/sv\/#website\",\"url\":\"https:\/\/www.vallox.com\/sv\/\",\"name\":\"Vallox\",\"description\":\"\",\"potentialAction\":[{\"@type\":\"SearchAction\",\"target\":{\"@type\":\"EntryPoint\",\"urlTemplate\":\"https:\/\/www.vallox.com\/sv\/?s={search_term_string}\"},\"query-input\":{\"@type\":\"PropertyValueSpecification\",\"valueRequired\":true,\"valueName\":\"search_term_string\"}}],\"inLanguage\":\"sv-SE\"}]}<\/script>\n<!-- \/ Yoast SEO plugin. -->","yoast_head_json":{"title":"Certifieringar - Vallox","description":"Certifiering av Vallox verksamhetssystemet","robots":{"index":"index","follow":"follow","max-snippet":"max-snippet:-1","max-image-preview":"max-image-preview:large","max-video-preview":"max-video-preview:-1"},"canonical":"https:\/\/www.vallox.com\/sv\/ansvar\/administration\/certifieringar\/","og_locale":"sv_SE","og_type":"article","og_title":"Certifieringar - Vallox","og_description":"Certifiering av Vallox verksamhetssystemet","og_url":"https:\/\/www.vallox.com\/sv\/ansvar\/administration\/certifieringar\/","og_site_name":"Vallox","article_modified_time":"2026-04-21T06:56:07+00:00","twitter_card":"summary_large_image","twitter_misc":{"Est. reading time":"2 minutes"},"schema":{"@context":"https:\/\/schema.org","@graph":[{"@type":"WebPage","@id":"https:\/\/www.vallox.com\/sv\/ansvar\/administration\/certifieringar\/","url":"https:\/\/www.vallox.com\/sv\/ansvar\/administration\/certifieringar\/","name":"Certifieringar - Vallox","isPartOf":{"@id":"https:\/\/www.vallox.com\/sv\/#website"},"datePublished":"2023-07-12T08:18:52+00:00","dateModified":"2026-04-21T06:56:07+00:00","description":"Certifiering av Vallox verksamhetssystemet","breadcrumb":{"@id":"https:\/\/www.vallox.com\/sv\/ansvar\/administration\/certifieringar\/#breadcrumb"},"inLanguage":"sv-SE","potentialAction":[{"@type":"ReadAction","target":["https:\/\/www.vallox.com\/sv\/ansvar\/administration\/certifieringar\/"]}]},{"@type":"BreadcrumbList","@id":"https:\/\/www.vallox.com\/sv\/ansvar\/administration\/certifieringar\/#breadcrumb","itemListElement":[{"@type":"ListItem","position":1,"name":"Home","item":"https:\/\/www.vallox.com\/sv\/"},{"@type":"ListItem","position":2,"name":"Ansvar","item":"https:\/\/www.vallox.com\/sv\/ansvar\/"},{"@type":"ListItem","position":3,"name":"Administration","item":"https:\/\/www.vallox.com\/sv\/ansvar\/administration\/"},{"@type":"ListItem","position":4,"name":"Certifieringar"}]},{"@type":"WebSite","@id":"https:\/\/www.vallox.com\/sv\/#website","url":"https:\/\/www.vallox.com\/sv\/","name":"Vallox","description":"","potentialAction":[{"@type":"SearchAction","target":{"@type":"EntryPoint","urlTemplate":"https:\/\/www.vallox.com\/sv\/?s={search_term_string}"},"query-input":{"@type":"PropertyValueSpecification","valueRequired":true,"valueName":"search_term_string"}}],"inLanguage":"sv-SE"}]}},"_links":{"self":[{"href":"https:\/\/www.vallox.com\/sv\/wp-json\/wp\/v2\/pages\/9051","targetHints":{"allow":["GET"]}}],"collection":[{"href":"https:\/\/www.vallox.com\/sv\/wp-json\/wp\/v2\/pages"}],"about":[{"href":"https:\/\/www.vallox.com\/sv\/wp-json\/wp\/v2\/types\/page"}],"author":[{"embeddable":true,"href":"https:\/\/www.vallox.com\/sv\/wp-json\/wp\/v2\/users\/5"}],"replies":[{"embeddable":true,"href":"https:\/\/www.vallox.com\/sv\/wp-json\/wp\/v2\/comments?post=9051"}],"version-history":[{"count":8,"href":"https:\/\/www.vallox.com\/sv\/wp-json\/wp\/v2\/pages\/9051\/revisions"}],"predecessor-version":[{"id":29556,"href":"https:\/\/www.vallox.com\/sv\/wp-json\/wp\/v2\/pages\/9051\/revisions\/29556"}],"up":[{"embeddable":true,"href":"https:\/\/www.vallox.com\/sv\/wp-json\/wp\/v2\/pages\/24838"}],"wp:attachment":[{"href":"https:\/\/www.vallox.com\/sv\/wp-json\/wp\/v2\/media?parent=9051"}],"curies":[{"name":"wp","href":"https:\/\/api.w.org\/{rel}","templated":true}]}}