{"id":8394,"date":"2023-06-19T09:47:01","date_gmt":"2023-06-19T06:47:01","guid":{"rendered":"https:\/\/vallox.com\/asiantuntija-lahella\/"},"modified":"2026-03-09T13:00:44","modified_gmt":"2026-03-09T11:00:44","slug":"expert-i-narheten","status":"publish","type":"page","link":"https:\/\/www.vallox.com\/sv\/expert-i-narheten\/","title":{"rendered":"Expert i n\u00e4rheten"},"content":{"rendered":"<div  class=\"Image w-full h-auto mb-8\">\n    <img decoding=\"async\"\n        srcset=\"\n            https:\/\/www.vallox.com\/app\/uploads\/2026\/03\/Asiantuntija_lahellasi_1920x720-1024x384.webp 1024w,\n            https:\/\/www.vallox.com\/app\/uploads\/2026\/03\/Asiantuntija_lahellasi_1920x720-768x288.webp 768w,\n            https:\/\/www.vallox.com\/app\/uploads\/2026\/03\/Asiantuntija_lahellasi_1920x720-300x113.webp 300w,\n            https:\/\/www.vallox.com\/app\/uploads\/2026\/03\/Asiantuntija_lahellasi_1920x720-150x150.webp 150w,\n        \"\n        alt=\"Kaksi Valloxlaista n\u00e4ytt\u00e4\u00e4 peukkua ilmanvaihtokoneen edess\u00e4\"\n        src=\"https:\/\/www.vallox.com\/app\/uploads\/2026\/03\/Asiantuntija_lahellasi_1920x720-300x113.webp\"\n        class=\"object-cover w-full h-auto\"\n    \/>\n    <\/div>\n\n\n<section class=\"IconHighlights mb-8\" >\n    <div class=\"flex flex-wrap justify-between\">\n                    <div class=\"IconCard w-full sm:w-1\/2 md:w-1\/4 px-4 mx-auto mb-20 max-w-[20rem] md:max-w-none hover:bg-gray-200 py-8\">\n                <div class=\"Icon w-full flex justify-center px-2 pb-8\">\n                    <span class=\"Svg\n                        w-2\/5 aspect-square\n                        border-4 border-custom-orange\n                        text-custom-orange rounded-full\n                        flex justify-center items-center p-[7.5%]\">\n                        <svg xmlns=\"http:\/\/www.w3.org\/2000\/svg\" fill=\"none\" viewBox=\"0 0 24 24\" stroke-width=\"1.5\" stroke=\"currentColor\" width=\"100%\">\n  <path stroke-linecap=\"round\" stroke-linejoin=\"round\" d=\"M13.5 21v-7.5a.75.75 0 01.75-.75h3a.75.75 0 01.75.75V21m-4.5 0H2.36m11.14 0H18m0 0h3.64m-1.39 0V9.349m-16.5 11.65V9.35m0 0a3.001 3.001 0 003.75-.615A2.993 2.993 0 009.75 9.75c.896 0 1.7-.393 2.25-1.016a2.993 2.993 0 002.25 1.016c.896 0 1.7-.393 2.25-1.016a3.001 3.001 0 003.75.614m-16.5 0a3.004 3.004 0 01-.621-4.72L4.318 3.44A1.5 1.5 0 015.378 3h13.243a1.5 1.5 0 011.06.44l1.19 1.189a3 3 0 01-.621 4.72m-13.5 8.65h3.75a.75.75 0 00.75-.75V13.5a.75.75 0 00-.75-.75H6.75a.75.75 0 00-.75.75v3.75c0 .415.336.75.75.75z\" \/>\n<\/svg>\n\n                    <\/span>\n                <\/div>\n                <div class=\"Texts text-center\">\n                    <h2 class=\"Title font-bold text-lg sm:text-2xl md:text-xl xl:text-2xl 2xl:text-3xl mb-2\">Jag vill k\u00f6p\u00e4<\/h2>\n                    <div class=\"Text text-custom-gray-dark\"><p>V\u00e5ra produkter s\u00e4ljs av \u00e5terf\u00f6rs\u00e4ljare och installationsfirma \u00f6ver hela Finland.<\/p>\n<\/div>\n                <\/div>\n                <div class=\"Links mt-4\">\n                                                                        <a href=\"https:\/\/map.vallox.com\/?channels=J%C3%A4lleenmyyj%C3%A4&#038;countries=&#038;language=sv\" alt=\"\" target=\"_blank\" class=\"text-link flex hover:text-link-hover font-bold p-small text-primary hover:text-black fill-primary justify-center text-center mb-3 group\">\n\t<fragment class=\"relative\">\n\t\tHitta n\u00e4raste \u00e5terf\u00f6rs\u00e4ljare \n\t\t\t\t\t<span class=\"absolute ml-1 text-center w-3 h-3 bottom-1 group-hover:fill-link-hover \"><svg clip-rule=\"evenodd\" fill-rule=\"evenodd\" stroke-linejoin=\"round\" stroke-miterlimit=\"2\" viewBox=\"0 0 24 24\" width=\"100%\" xmlns=\"http:\/\/www.w3.org\/2000\/svg\"><path d=\"m13.022 14.999v3.251c0 .412.335.75.752.75.188 0 .375-.071.518-.206 1.775-1.685 4.945-4.692 6.396-6.069.2-.189.312-.452.312-.725 0-.274-.112-.536-.312-.725-1.451-1.377-4.621-4.385-6.396-6.068-.143-.136-.33-.207-.518-.207-.417 0-.752.337-.752.75v3.251h-9.02c-.531 0-1.002.47-1.002 1v3.998c0 .53.471 1 1.002 1z\" fill-rule=\"nonzero\"\/><\/svg><\/span>\n\t\t\t<\/fragment>\n<\/a>\n                                                                                                <a href=\"https:\/\/map.vallox.com\/?channels=Asennusliike&#038;countries=&#038;language=sv\" alt=\"\" target=\"_blank\" class=\"text-link flex hover:text-link-hover font-bold p-small text-primary hover:text-black fill-primary justify-center text-center mb-3 group\">\n\t<fragment class=\"relative\">\n\t\teller installationstj\u00e4nster\n\t\t\t\t\t<span class=\"absolute ml-1 text-center w-3 h-3 bottom-1 group-hover:fill-link-hover \"><svg clip-rule=\"evenodd\" fill-rule=\"evenodd\" stroke-linejoin=\"round\" stroke-miterlimit=\"2\" viewBox=\"0 0 24 24\" width=\"100%\" xmlns=\"http:\/\/www.w3.org\/2000\/svg\"><path d=\"m13.022 14.999v3.251c0 .412.335.75.752.75.188 0 .375-.071.518-.206 1.775-1.685 4.945-4.692 6.396-6.069.2-.189.312-.452.312-.725 0-.274-.112-.536-.312-.725-1.451-1.377-4.621-4.385-6.396-6.068-.143-.136-.33-.207-.518-.207-.417 0-.752.337-.752.75v3.251h-9.02c-.531 0-1.002.47-1.002 1v3.998c0 .53.471 1 1.002 1z\" fill-rule=\"nonzero\"\/><\/svg><\/span>\n\t\t\t<\/fragment>\n<\/a>\n                                                            <\/div>\n            <\/div>\n                    <div class=\"IconCard w-full sm:w-1\/2 md:w-1\/4 px-4 mx-auto mb-20 max-w-[20rem] md:max-w-none hover:bg-gray-200 py-8\">\n                <div class=\"Icon w-full flex justify-center px-2 pb-8\">\n                    <span class=\"Svg\n                        w-2\/5 aspect-square\n                        border-4 border-custom-orange\n                        text-custom-orange rounded-full\n                        flex justify-center items-center p-[7.5%]\">\n                        <svg xmlns=\"http:\/\/www.w3.org\/2000\/svg\" fill=\"none\" viewBox=\"0 0 24 24\" stroke-width=\"1.5\" stroke=\"currentColor\" width=\"100%\">\n  <path stroke-linecap=\"round\" stroke-linejoin=\"round\" d=\"M11.42 15.17L17.25 21A2.652 2.652 0 0021 17.25l-5.877-5.877M11.42 15.17l2.496-3.03c.317-.384.74-.626 1.208-.766M11.42 15.17l-4.655 5.653a2.548 2.548 0 11-3.586-3.586l6.837-5.63m5.108-.233c.55-.164 1.163-.188 1.743-.14a4.5 4.5 0 004.486-6.336l-3.276 3.277a3.004 3.004 0 01-2.25-2.25l3.276-3.276a4.5 4.5 0 00-6.336 4.486c.091 1.076-.071 2.264-.904 2.95l-.102.085m-1.745 1.437L5.909 7.5H4.5L2.25 3.75l1.5-1.5L7.5 4.5v1.409l4.26 4.26m-1.745 1.437l1.745-1.437m6.615 8.206L15.75 15.75M4.867 19.125h.008v.008h-.008v-.008z\" \/>\n<\/svg>\n\n                    <\/span>\n                <\/div>\n                <div class=\"Texts text-center\">\n                    <h2 class=\"Title font-bold text-lg sm:text-2xl md:text-xl xl:text-2xl 2xl:text-3xl mb-2\">Jag vill best\u00e4lla service<\/h2>\n                    <div class=\"Text text-custom-gray-dark\"><p>Du hittar det n\u00e4rmaste servicef\u00f6retaget som kan hj\u00e4lpa dig i v\u00e5rt helt\u00e4ckande n\u00e4tverk av servicef\u00f6retag.<\/p>\n<\/div>\n                <\/div>\n                <div class=\"Links mt-4\">\n                                                                        <a href=\"https:\/\/map.vallox.com\/?channels=Valtuutettu+huoltoliike&#038;countries=&#038;language=sv\" alt=\"\" target=\"_blank\" class=\"text-link flex hover:text-link-hover font-bold p-small text-primary hover:text-black fill-primary justify-center text-center mb-3 group\">\n\t<fragment class=\"relative\">\n\t\tHitta n\u00e4rmaste servicef\u00f6retag\n\t\t\t\t\t<span class=\"absolute ml-1 text-center w-3 h-3 bottom-1 group-hover:fill-link-hover \"><svg clip-rule=\"evenodd\" fill-rule=\"evenodd\" stroke-linejoin=\"round\" stroke-miterlimit=\"2\" viewBox=\"0 0 24 24\" width=\"100%\" xmlns=\"http:\/\/www.w3.org\/2000\/svg\"><path d=\"m13.022 14.999v3.251c0 .412.335.75.752.75.188 0 .375-.071.518-.206 1.775-1.685 4.945-4.692 6.396-6.069.2-.189.312-.452.312-.725 0-.274-.112-.536-.312-.725-1.451-1.377-4.621-4.385-6.396-6.068-.143-.136-.33-.207-.518-.207-.417 0-.752.337-.752.75v3.251h-9.02c-.531 0-1.002.47-1.002 1v3.998c0 .53.471 1 1.002 1z\" fill-rule=\"nonzero\"\/><\/svg><\/span>\n\t\t\t<\/fragment>\n<\/a>\n                                                            <\/div>\n            <\/div>\n                    <div class=\"IconCard w-full sm:w-1\/2 md:w-1\/4 px-4 mx-auto mb-20 max-w-[20rem] md:max-w-none hover:bg-gray-200 py-8\">\n                <div class=\"Icon w-full flex justify-center px-2 pb-8\">\n                    <span class=\"Svg\n                        w-2\/5 aspect-square\n                        border-4 border-custom-orange\n                        text-custom-orange rounded-full\n                        flex justify-center items-center p-[7.5%]\">\n                        <svg xmlns=\"http:\/\/www.w3.org\/2000\/svg\" fill=\"none\" viewBox=\"0 0 24 24\" stroke-width=\"1.5\" width=\"100%\" stroke=\"currentColor\">\n  <path stroke-linecap=\"round\" stroke-linejoin=\"round\" d=\"M7.5 21L3 16.5m0 0L7.5 12M3 16.5h13.5m0-13.5L21 7.5m0 0L16.5 12M21 7.5H7.5\" \/>\n<\/svg>\n\n                    <\/span>\n                <\/div>\n                <div class=\"Texts text-center\">\n                    <h2 class=\"Title font-bold text-lg sm:text-2xl md:text-xl xl:text-2xl 2xl:text-3xl mb-2\">Jag vill best\u00e4lla filter<\/h2>\n                    <div class=\"Text text-custom-gray-dark\"><p>I l\u00e4nken hittar du kontaktuppgifter till firma som s\u00e4ljer originalfilter. Du kan ocks\u00e5 best\u00e4lla originalfiltret fr\u00e5n v\u00e5r webbutik.<\/p>\n<p><strong>F\u00f6r tillf\u00e4llet levererar vi filter endast i Finland.<\/strong><\/p>\n<\/div>\n                <\/div>\n                <div class=\"Links mt-4\">\n                                                                        <a href=\"https:\/\/map.vallox.com\/?channels=Suodatinmyyj%C3%A4&#038;countries=&#038;language=sv\" alt=\"\" target=\"_blank\" class=\"text-link flex hover:text-link-hover font-bold p-small text-primary hover:text-black fill-primary justify-center text-center mb-3 group\">\n\t<fragment class=\"relative\">\n\t\tFilter s\u00e4ljare i Finland\n\t\t\t\t\t<span class=\"absolute ml-1 text-center w-3 h-3 bottom-1 group-hover:fill-link-hover \"><svg clip-rule=\"evenodd\" fill-rule=\"evenodd\" stroke-linejoin=\"round\" stroke-miterlimit=\"2\" viewBox=\"0 0 24 24\" width=\"100%\" xmlns=\"http:\/\/www.w3.org\/2000\/svg\"><path d=\"m13.022 14.999v3.251c0 .412.335.75.752.75.188 0 .375-.071.518-.206 1.775-1.685 4.945-4.692 6.396-6.069.2-.189.312-.452.312-.725 0-.274-.112-.536-.312-.725-1.451-1.377-4.621-4.385-6.396-6.068-.143-.136-.33-.207-.518-.207-.417 0-.752.337-.752.75v3.251h-9.02c-.531 0-1.002.47-1.002 1v3.998c0 .53.471 1 1.002 1z\" fill-rule=\"nonzero\"\/><\/svg><\/span>\n\t\t\t<\/fragment>\n<\/a>\n                                                                                                <a href=\"https:\/\/valloxsuodattimet.fi\/sv\/\" alt=\"\" target=\"_blank\" class=\"text-link flex hover:text-link-hover font-bold p-small text-primary hover:text-black fill-primary justify-center text-center mb-3 group\">\n\t<fragment class=\"relative\">\n\t\tBest\u00e4lla originalfiltret fr\u00e5n v\u00e5r webbutik \n\t\t\t\t\t<span class=\"absolute ml-1 text-center w-3 h-3 bottom-1 group-hover:fill-link-hover \"><svg clip-rule=\"evenodd\" fill-rule=\"evenodd\" stroke-linejoin=\"round\" stroke-miterlimit=\"2\" viewBox=\"0 0 24 24\" width=\"100%\" xmlns=\"http:\/\/www.w3.org\/2000\/svg\"><path d=\"m13.022 14.999v3.251c0 .412.335.75.752.75.188 0 .375-.071.518-.206 1.775-1.685 4.945-4.692 6.396-6.069.2-.189.312-.452.312-.725 0-.274-.112-.536-.312-.725-1.451-1.377-4.621-4.385-6.396-6.068-.143-.136-.33-.207-.518-.207-.417 0-.752.337-.752.75v3.251h-9.02c-.531 0-1.002.47-1.002 1v3.998c0 .53.471 1 1.002 1z\" fill-rule=\"nonzero\"\/><\/svg><\/span>\n\t\t\t<\/fragment>\n<\/a>\n                                                            <\/div>\n            <\/div>\n            <\/div>\n<\/section>\n\n\n<section class=\"bg-[rgba(165,185,196,0.3)]\" >\n    <div class=\"FiftyFifty\n\n        relative\n        flex\n        justify-between\n        flex-col-reverse lg:flex-row\n    \">\n        <div class=\"w-full lg:w-1\/2 p-4 sm:p-8 md:p-12 lg:p-28 xl:p-32 sm:!px-8\">\n                            <h2 class=\"Title\n                    flex flex-col justify-start\n                    text-black\n                    text-lg sm:text-2xl md:text-xl xl:text-2xl 2xl:text-3xl\n                    font-bold leading-6 xl:leading-7\n                    mb-4\n                \">\n                    Bygger du nytt eller renoverar gammalt?  \n                <\/h2>\n                                        <div class=\"flex flex-col justify-center\">\n                                            <span class=\"Text text-custom-gray-dark pb-2\">\n                            <p>Planeringen av ventilationen p\u00e5verkar bostadens energieffektivitet och kvaliteten p\u00e5 inomhusluften. Montering eller sanering av ventilation b\u00f6rjar med att man anlitar en VVS-planerare.<\/p>\n<p>I ventilationsplanen beaktar planeraren kraven p\u00e5 ventilationen. Av planen framg\u00e5r till exempel luftfl\u00f6dena i bostaden, ljudisoleringens utf\u00f6rande och vilken typ av ventilationsaggregat som \u00e4r l\u00e4mplig. Den som bygger huset eller sanerar ventilationssystemet b\u00f6r diskutera med ventilationsplaneraren om exempelvis automation och styrs\u00e4tt som \u00f6nskas f\u00f6r ventilationen. D\u00e5 m\u00f6ter ventilationen behoven och \u00f6nskem\u00e5len b\u00e4st.<\/p>\n\n                        <\/span>\n                                                            <div class=\"flex mt-6\">\n                        \n\n\n\n    <a\n        href=\"https:\/\/map.vallox.com\/?channels=IV-suunnittelu+pientalot&#038;countries=&#038;language=sv\"\n        alt=\"\"\n        target=\"_blank\"\n        class=\"\n            cursor-pointer\n            \n            \n            inline-flex\n            border-black\n            border-2\n            hover:border-primary\n            hover:text-primary\n            group\n            hover:bg-custom-gray-blueish-light\n            font-semibold\n            px-4\n            py-2\n            rounded-full\n            self-baseline\n        \"\n    >\n        Kontaktinformation f\u00f6r VVS-planerare i ditt omr\u00e5de\n        <span class=\"ml-2 w-3 h-auto fill-black group-hover:fill-primary flex justify-center items-center\"><svg clip-rule=\"evenodd\" fill-rule=\"evenodd\" stroke-linejoin=\"round\" stroke-miterlimit=\"2\" viewBox=\"0 0 24 24\" width=\"100%\" xmlns=\"http:\/\/www.w3.org\/2000\/svg\"><path d=\"m13.022 14.999v3.251c0 .412.335.75.752.75.188 0 .375-.071.518-.206 1.775-1.685 4.945-4.692 6.396-6.069.2-.189.312-.452.312-.725 0-.274-.112-.536-.312-.725-1.451-1.377-4.621-4.385-6.396-6.068-.143-.136-.33-.207-.518-.207-.417 0-.752.337-.752.75v3.251h-9.02c-.531 0-1.002.47-1.002 1v3.998c0 .53.471 1 1.002 1z\" fill-rule=\"nonzero\"\/><\/svg><\/span>\n    <\/a>\n                    <\/div>\n                                    <\/div>\n                    <\/div>\n\n                    <div class=\"\n                self-stretch justify-self-stretch\n                w-full lg:w-1\/2\n                relative flex justify-center\n                lg:justify-end\n             \">\n                <img decoding=\"async\"\n                loading=\"lazy\"\n                class=\"object-cover h-full w-full\"\n                                    srcset=\"\n                        https:\/\/www.vallox.com\/app\/uploads\/2023\/07\/Suunnittelijanpoydalla_1452x992px-150x150.jpg 150w,\n                        https:\/\/www.vallox.com\/app\/uploads\/2023\/07\/Suunnittelijanpoydalla_1452x992px-300x205.jpg 300w,\n                        https:\/\/www.vallox.com\/app\/uploads\/2023\/07\/Suunnittelijanpoydalla_1452x992px-768x525.jpg 768w,\n                        https:\/\/www.vallox.com\/app\/uploads\/2023\/07\/Suunnittelijanpoydalla_1452x992px-1024x700.jpg 1024w,\n                        https:\/\/www.vallox.com\/app\/uploads\/2023\/07\/Suunnittelijanpoydalla_1452x992px.jpg 1452w,\n                    \"\n                                src=\"https:\/\/www.vallox.com\/app\/uploads\/2023\/07\/Suunnittelijanpoydalla_1452x992px-768x525.jpg\"\n                alt=\"LVI-suunnittelija ty\u00f6ss\u00e4\u00e4n\"\n                \/>\n            <\/div>\n            <\/div>\n<\/section>\n\n\n\n<p><\/p>\n","protected":false},"excerpt":{"rendered":"","protected":false},"author":1,"featured_media":0,"parent":0,"menu_order":60,"comment_status":"closed","ping_status":"closed","template":"","meta":{"_acf_changed":false,"footnotes":""},"class_list":["post-8394","page","type-page","status-publish","hentry"],"acf":[],"yoast_head":"<!-- This site is optimized with the Yoast SEO plugin v26.9 - https:\/\/yoast.com\/product\/yoast-seo-wordpress\/ -->\n<title>Expert i n\u00e4rheten - Vallox<\/title>\n<meta name=\"description\" content=\"Kontakt information f\u00f6r Vallox experter i n\u00e4rheten; \u00e5terf\u00f6rs\u00e4ljare, installationsfirma, auktoriserade servicef\u00f6retag och filter s\u00e4ljare i Finland.\" \/>\n<meta name=\"robots\" content=\"index, follow, max-snippet:-1, max-image-preview:large, max-video-preview:-1\" \/>\n<link rel=\"canonical\" href=\"https:\/\/www.vallox.com\/sv\/expert-i-narheten\/\" \/>\n<meta property=\"og:locale\" content=\"sv_SE\" \/>\n<meta property=\"og:type\" content=\"article\" \/>\n<meta property=\"og:title\" content=\"Expert i n\u00e4rheten - Vallox\" \/>\n<meta property=\"og:description\" content=\"Kontakt information f\u00f6r Vallox experter i n\u00e4rheten; \u00e5terf\u00f6rs\u00e4ljare, installationsfirma, auktoriserade servicef\u00f6retag och filter s\u00e4ljare i Finland.\" \/>\n<meta property=\"og:url\" content=\"https:\/\/www.vallox.com\/sv\/expert-i-narheten\/\" \/>\n<meta property=\"og:site_name\" content=\"Vallox\" \/>\n<meta property=\"article:modified_time\" content=\"2026-03-09T11:00:44+00:00\" \/>\n<meta name=\"twitter:card\" content=\"summary_large_image\" \/>\n<meta name=\"twitter:label1\" content=\"Est. reading time\" \/>\n\t<meta name=\"twitter:data1\" content=\"2 minutes\" \/>\n<script type=\"application\/ld+json\" class=\"yoast-schema-graph\">{\"@context\":\"https:\/\/schema.org\",\"@graph\":[{\"@type\":\"WebPage\",\"@id\":\"https:\/\/www.vallox.com\/sv\/expert-i-narheten\/\",\"url\":\"https:\/\/www.vallox.com\/sv\/expert-i-narheten\/\",\"name\":\"Expert i n\u00e4rheten - Vallox\",\"isPartOf\":{\"@id\":\"https:\/\/www.vallox.com\/sv\/#website\"},\"datePublished\":\"2023-06-19T06:47:01+00:00\",\"dateModified\":\"2026-03-09T11:00:44+00:00\",\"description\":\"Kontakt information f\u00f6r Vallox experter i n\u00e4rheten; \u00e5terf\u00f6rs\u00e4ljare, installationsfirma, auktoriserade servicef\u00f6retag och filter s\u00e4ljare i Finland.\",\"breadcrumb\":{\"@id\":\"https:\/\/www.vallox.com\/sv\/expert-i-narheten\/#breadcrumb\"},\"inLanguage\":\"sv-SE\",\"potentialAction\":[{\"@type\":\"ReadAction\",\"target\":[\"https:\/\/www.vallox.com\/sv\/expert-i-narheten\/\"]}]},{\"@type\":\"BreadcrumbList\",\"@id\":\"https:\/\/www.vallox.com\/sv\/expert-i-narheten\/#breadcrumb\",\"itemListElement\":[{\"@type\":\"ListItem\",\"position\":1,\"name\":\"Home\",\"item\":\"https:\/\/www.vallox.com\/sv\/\"},{\"@type\":\"ListItem\",\"position\":2,\"name\":\"Expert i n\u00e4rheten\"}]},{\"@type\":\"WebSite\",\"@id\":\"https:\/\/www.vallox.com\/sv\/#website\",\"url\":\"https:\/\/www.vallox.com\/sv\/\",\"name\":\"Vallox\",\"description\":\"\",\"potentialAction\":[{\"@type\":\"SearchAction\",\"target\":{\"@type\":\"EntryPoint\",\"urlTemplate\":\"https:\/\/www.vallox.com\/sv\/?s={search_term_string}\"},\"query-input\":{\"@type\":\"PropertyValueSpecification\",\"valueRequired\":true,\"valueName\":\"search_term_string\"}}],\"inLanguage\":\"sv-SE\"}]}<\/script>\n<!-- \/ Yoast SEO plugin. -->","yoast_head_json":{"title":"Expert i n\u00e4rheten - Vallox","description":"Kontakt information f\u00f6r Vallox experter i n\u00e4rheten; \u00e5terf\u00f6rs\u00e4ljare, installationsfirma, auktoriserade servicef\u00f6retag och filter s\u00e4ljare i Finland.","robots":{"index":"index","follow":"follow","max-snippet":"max-snippet:-1","max-image-preview":"max-image-preview:large","max-video-preview":"max-video-preview:-1"},"canonical":"https:\/\/www.vallox.com\/sv\/expert-i-narheten\/","og_locale":"sv_SE","og_type":"article","og_title":"Expert i n\u00e4rheten - Vallox","og_description":"Kontakt information f\u00f6r Vallox experter i n\u00e4rheten; \u00e5terf\u00f6rs\u00e4ljare, installationsfirma, auktoriserade servicef\u00f6retag och filter s\u00e4ljare i Finland.","og_url":"https:\/\/www.vallox.com\/sv\/expert-i-narheten\/","og_site_name":"Vallox","article_modified_time":"2026-03-09T11:00:44+00:00","twitter_card":"summary_large_image","twitter_misc":{"Est. reading time":"2 minutes"},"schema":{"@context":"https:\/\/schema.org","@graph":[{"@type":"WebPage","@id":"https:\/\/www.vallox.com\/sv\/expert-i-narheten\/","url":"https:\/\/www.vallox.com\/sv\/expert-i-narheten\/","name":"Expert i n\u00e4rheten - Vallox","isPartOf":{"@id":"https:\/\/www.vallox.com\/sv\/#website"},"datePublished":"2023-06-19T06:47:01+00:00","dateModified":"2026-03-09T11:00:44+00:00","description":"Kontakt information f\u00f6r Vallox experter i n\u00e4rheten; \u00e5terf\u00f6rs\u00e4ljare, installationsfirma, auktoriserade servicef\u00f6retag och filter s\u00e4ljare i Finland.","breadcrumb":{"@id":"https:\/\/www.vallox.com\/sv\/expert-i-narheten\/#breadcrumb"},"inLanguage":"sv-SE","potentialAction":[{"@type":"ReadAction","target":["https:\/\/www.vallox.com\/sv\/expert-i-narheten\/"]}]},{"@type":"BreadcrumbList","@id":"https:\/\/www.vallox.com\/sv\/expert-i-narheten\/#breadcrumb","itemListElement":[{"@type":"ListItem","position":1,"name":"Home","item":"https:\/\/www.vallox.com\/sv\/"},{"@type":"ListItem","position":2,"name":"Expert i n\u00e4rheten"}]},{"@type":"WebSite","@id":"https:\/\/www.vallox.com\/sv\/#website","url":"https:\/\/www.vallox.com\/sv\/","name":"Vallox","description":"","potentialAction":[{"@type":"SearchAction","target":{"@type":"EntryPoint","urlTemplate":"https:\/\/www.vallox.com\/sv\/?s={search_term_string}"},"query-input":{"@type":"PropertyValueSpecification","valueRequired":true,"valueName":"search_term_string"}}],"inLanguage":"sv-SE"}]}},"_links":{"self":[{"href":"https:\/\/www.vallox.com\/sv\/wp-json\/wp\/v2\/pages\/8394","targetHints":{"allow":["GET"]}}],"collection":[{"href":"https:\/\/www.vallox.com\/sv\/wp-json\/wp\/v2\/pages"}],"about":[{"href":"https:\/\/www.vallox.com\/sv\/wp-json\/wp\/v2\/types\/page"}],"author":[{"embeddable":true,"href":"https:\/\/www.vallox.com\/sv\/wp-json\/wp\/v2\/users\/1"}],"replies":[{"embeddable":true,"href":"https:\/\/www.vallox.com\/sv\/wp-json\/wp\/v2\/comments?post=8394"}],"version-history":[{"count":40,"href":"https:\/\/www.vallox.com\/sv\/wp-json\/wp\/v2\/pages\/8394\/revisions"}],"predecessor-version":[{"id":29146,"href":"https:\/\/www.vallox.com\/sv\/wp-json\/wp\/v2\/pages\/8394\/revisions\/29146"}],"wp:attachment":[{"href":"https:\/\/www.vallox.com\/sv\/wp-json\/wp\/v2\/media?parent=8394"}],"curies":[{"name":"wp","href":"https:\/\/api.w.org\/{rel}","templated":true}]}}