{"id":4579,"date":"2023-06-26T10:46:02","date_gmt":"2023-06-26T07:46:02","guid":{"rendered":"https:\/\/vallox.com\/tietosuojaselosteet\/"},"modified":"2023-11-29T10:55:33","modified_gmt":"2023-11-29T08:55:33","slug":"dataskyddspolicy","status":"publish","type":"page","link":"https:\/\/www.vallox.com\/sv\/vallox-info\/policyer\/dataskyddspolicy\/","title":{"rendered":"Dataskyddspolicy"},"content":{"rendered":"\n\n<div \n    class=\"\n        ThreeHighlightedLinkCards\n        w-full\n\n        mb-8\n    \"\n>\n    <div class=\"w-full flex flex-wrap flex-col xl:flex-row\">\n                    <div\n                class=\"\n                    element\n                    flex flex-col\n                    px-0 p-2 xl:pr-4\n                    w-full xl:w-1\/3\n                \"\n            >\n                <a href=\"https:\/\/vallox.com\/sv\/vallox-info\/policyer\/dataskyddspolicy\/dataskyddsbeskrivning\/\" target=\"\">\n                    <div\n                        class=\"\n                            h-full\n                            flex flex-col p-8 text-white\n                            bg-custom-gray-dark\n                            hover:bg-primary\n                        \"\n                    >\n                        <div class=\"flex justify-between\">\n                            <div\n                                class=\"\n                                    h-full\n                                    flex flex-col flex-nowrap\n                                    justify-start xl:justify-center break-words\n                                \"\n                            >\n                                <h3 class=\"title pr-2 font-bold text-2xl md:text-3xl xl:text-xl 2xl:text-3xl pb-8 break-words \" style=\"word-break: break-word;\">\n                                    Dataskyddsbeskrivning\n                                <\/h3>\n                            <\/div>\n                            <div class=\"image w-20 flex-shrink-0\">\n                                <img decoding=\"async\"\n                                    srcset=\"\n                                        https:\/\/www.vallox.com\/app\/uploads\/2023\/08\/Ikoni_Tietosuojaseloste.png 300w,\n                                        https:\/\/www.vallox.com\/app\/uploads\/2023\/08\/Ikoni_Tietosuojaseloste-150x150.png 150w,\n                                    \"\n                                    alt=\"\"\n                                    src=\"https:\/\/www.vallox.com\/app\/uploads\/2023\/08\/Ikoni_Tietosuojaseloste.png\"\n                                    class=\"object-cover w-20 h-20\"\n                                \/>\n                            <\/div>\n                        <\/div>\n                        <div class=\"flex self-stretch mt-auto\">\n                                <a href=\"https:\/\/vallox.com\/sv\/vallox-info\/policyer\/dataskyddspolicy\/dataskyddsbeskrivning\/\" alt=\"\" target=\"\" class=\"text-link flex hover:text-link-hover font-bold p-small text-white hover:!text-white group\">\n\t<fragment class=\"relative\">\n\t\tL\u00e4s\n\t\t\t<\/fragment>\n<\/a>\n                                                            <span class=\"pl-2\"><svg xmlns=\"http:\/\/www.w3.org\/2000\/svg\" fill=\"none\" viewBox=\"0 0 24 24\" stroke-width=\"1.5\" width=\"100%\" stroke=\"currentColor\" class=\"w-6 h-6\">\n  <path stroke-linecap=\"round\" stroke-linejoin=\"round\" d=\"M17.25 8.25L21 12m0 0l-3.75 3.75M21 12H3\" \/>\n<\/svg>\n<\/span>\n                                                    <\/div>\n                    <\/div>\n                <\/a>\n            <\/div>\n                    <div\n                class=\"\n                    element\n                    flex flex-col\n                    px-0 p-2 \n                    w-full xl:w-1\/3\n                \"\n            >\n                <a href=\"https:\/\/vallox.com\/sv\/vallox-info\/policyer\/dataskyddspolicy\/dataskyddsbeskrivning-kameraovervakning\/\" target=\"\">\n                    <div\n                        class=\"\n                            h-full\n                            flex flex-col p-8 text-white\n                            bg-custom-gray\n                            hover:bg-primary\n                        \"\n                    >\n                        <div class=\"flex justify-between\">\n                            <div\n                                class=\"\n                                    h-full\n                                    flex flex-col flex-nowrap\n                                    justify-start xl:justify-center break-words\n                                \"\n                            >\n                                <h3 class=\"title pr-2 font-bold text-2xl md:text-3xl xl:text-xl 2xl:text-3xl pb-8 break-words \" style=\"word-break: break-word;\">\n                                    Dataskyddsbeskrivning f\u00f6r kamera\u00f6vervakning p\u00e5 fabriksomr\u00e5det\n                                <\/h3>\n                            <\/div>\n                            <div class=\"image w-20 flex-shrink-0\">\n                                <img decoding=\"async\"\n                                    srcset=\"\n                                        https:\/\/www.vallox.com\/app\/uploads\/2023\/08\/Ikoni_Tietosuojaseloste-kameravalvonta.png 300w,\n                                        https:\/\/www.vallox.com\/app\/uploads\/2023\/08\/Ikoni_Tietosuojaseloste-kameravalvonta-150x150.png 150w,\n                                    \"\n                                    alt=\"\"\n                                    src=\"https:\/\/www.vallox.com\/app\/uploads\/2023\/08\/Ikoni_Tietosuojaseloste-kameravalvonta.png\"\n                                    class=\"object-cover w-20 h-20\"\n                                \/>\n                            <\/div>\n                        <\/div>\n                        <div class=\"flex self-stretch mt-auto\">\n                                <a href=\"https:\/\/vallox.com\/sv\/vallox-info\/policyer\/dataskyddspolicy\/dataskyddsbeskrivning-kameraovervakning\/\" alt=\"\" target=\"\" class=\"text-link flex hover:text-link-hover font-bold p-small text-white hover:!text-white group\">\n\t<fragment class=\"relative\">\n\t\tL\u00e4s\n\t\t\t<\/fragment>\n<\/a>\n                                                            <span class=\"pl-2\"><svg xmlns=\"http:\/\/www.w3.org\/2000\/svg\" fill=\"none\" viewBox=\"0 0 24 24\" stroke-width=\"1.5\" width=\"100%\" stroke=\"currentColor\" class=\"w-6 h-6\">\n  <path stroke-linecap=\"round\" stroke-linejoin=\"round\" d=\"M17.25 8.25L21 12m0 0l-3.75 3.75M21 12H3\" \/>\n<\/svg>\n<\/span>\n                                                    <\/div>\n                    <\/div>\n                <\/a>\n            <\/div>\n                    <div\n                class=\"\n                    element\n                    flex flex-col\n                    px-0 p-2 xl:pl-4\n                    w-full xl:w-1\/3\n                \"\n            >\n                <a href=\"https:\/\/vallox.com\/sv\/vallox-info\/policyer\/dataskyddspolicy\/dataskyddsbeskrivning-register-over-arbetssokande\/\" target=\"\">\n                    <div\n                        class=\"\n                            h-full\n                            flex flex-col p-8 text-white\n                            bg-custom-gray-light\n                            hover:bg-primary\n                        \"\n                    >\n                        <div class=\"flex justify-between\">\n                            <div\n                                class=\"\n                                    h-full\n                                    flex flex-col flex-nowrap\n                                    justify-start xl:justify-center break-words\n                                \"\n                            >\n                                <h3 class=\"title pr-2 font-bold text-2xl md:text-3xl xl:text-xl 2xl:text-3xl pb-8 break-words \" style=\"word-break: break-word;\">\n                                    Dataskyddsbeskrivning &#8211; Arbetss\u00f6kande register\n                                <\/h3>\n                            <\/div>\n                            <div class=\"image w-20 flex-shrink-0\">\n                                <img decoding=\"async\"\n                                    srcset=\"\n                                        https:\/\/www.vallox.com\/app\/uploads\/2023\/08\/Ikoni_Tietosuojaseloste-tyonhakijat.png 300w,\n                                        https:\/\/www.vallox.com\/app\/uploads\/2023\/08\/Ikoni_Tietosuojaseloste-tyonhakijat-150x150.png 150w,\n                                    \"\n                                    alt=\"\"\n                                    src=\"https:\/\/www.vallox.com\/app\/uploads\/2023\/08\/Ikoni_Tietosuojaseloste-tyonhakijat.png\"\n                                    class=\"object-cover w-20 h-20\"\n                                \/>\n                            <\/div>\n                        <\/div>\n                        <div class=\"flex self-stretch mt-auto\">\n                                <a href=\"https:\/\/vallox.com\/sv\/vallox-info\/policyer\/dataskyddspolicy\/dataskyddsbeskrivning-register-over-arbetssokande\/\" alt=\"\" target=\"\" class=\"text-link flex hover:text-link-hover font-bold p-small text-white hover:!text-white group\">\n\t<fragment class=\"relative\">\n\t\tL\u00e4s\n\t\t\t<\/fragment>\n<\/a>\n                                                            <span class=\"pl-2\"><svg xmlns=\"http:\/\/www.w3.org\/2000\/svg\" fill=\"none\" viewBox=\"0 0 24 24\" stroke-width=\"1.5\" width=\"100%\" stroke=\"currentColor\" class=\"w-6 h-6\">\n  <path stroke-linecap=\"round\" stroke-linejoin=\"round\" d=\"M17.25 8.25L21 12m0 0l-3.75 3.75M21 12H3\" \/>\n<\/svg>\n<\/span>\n                                                    <\/div>\n                    <\/div>\n                <\/a>\n            <\/div>\n            <\/div>\n<\/div>\n","protected":false},"excerpt":{"rendered":"","protected":false},"author":5,"featured_media":14879,"parent":9254,"menu_order":3,"comment_status":"closed","ping_status":"closed","template":"","meta":{"_acf_changed":false,"footnotes":""},"class_list":["post-4579","page","type-page","status-publish","has-post-thumbnail","hentry"],"acf":[],"yoast_head":"<!-- This site is optimized with the Yoast SEO plugin v26.9 - https:\/\/yoast.com\/product\/yoast-seo-wordpress\/ -->\n<title>Dataskyddspolicy - Vallox<\/title>\n<meta name=\"description\" content=\"Dataskyddsbeskrivning, dataskyddsbeskrivning f\u00f6r kamera\u00f6vervakning p\u00e5 fabriksomr\u00e5det och dataskyddsbeskrivning f\u00f6r arbetss\u00f6kande register.\" \/>\n<meta name=\"robots\" content=\"index, follow, max-snippet:-1, max-image-preview:large, max-video-preview:-1\" \/>\n<link rel=\"canonical\" href=\"https:\/\/www.vallox.com\/sv\/vallox-info\/policyer\/dataskyddspolicy\/\" \/>\n<meta property=\"og:locale\" content=\"sv_SE\" \/>\n<meta property=\"og:type\" content=\"article\" \/>\n<meta property=\"og:title\" content=\"Dataskyddspolicy - Vallox\" \/>\n<meta property=\"og:description\" content=\"Dataskyddsbeskrivning, dataskyddsbeskrivning f\u00f6r kamera\u00f6vervakning p\u00e5 fabriksomr\u00e5det och dataskyddsbeskrivning f\u00f6r arbetss\u00f6kande register.\" \/>\n<meta property=\"og:url\" content=\"https:\/\/www.vallox.com\/sv\/vallox-info\/policyer\/dataskyddspolicy\/\" \/>\n<meta property=\"og:site_name\" content=\"Vallox\" \/>\n<meta property=\"article:modified_time\" content=\"2023-11-29T08:55:33+00:00\" \/>\n<meta property=\"og:image\" content=\"https:\/\/www.vallox.com\/app\/uploads\/2023\/09\/TarpeenmukainenIlmanvaihtoTyopaikalla_Featured720x480px.jpg\" \/>\n\t<meta property=\"og:image:width\" content=\"720\" \/>\n\t<meta property=\"og:image:height\" content=\"480\" \/>\n\t<meta property=\"og:image:type\" content=\"image\/jpeg\" \/>\n<meta name=\"twitter:card\" content=\"summary_large_image\" \/>\n<script type=\"application\/ld+json\" class=\"yoast-schema-graph\">{\"@context\":\"https:\/\/schema.org\",\"@graph\":[{\"@type\":\"WebPage\",\"@id\":\"https:\/\/www.vallox.com\/sv\/vallox-info\/policyer\/dataskyddspolicy\/\",\"url\":\"https:\/\/www.vallox.com\/sv\/vallox-info\/policyer\/dataskyddspolicy\/\",\"name\":\"Dataskyddspolicy - Vallox\",\"isPartOf\":{\"@id\":\"https:\/\/www.vallox.com\/sv\/#website\"},\"primaryImageOfPage\":{\"@id\":\"https:\/\/www.vallox.com\/sv\/vallox-info\/policyer\/dataskyddspolicy\/#primaryimage\"},\"image\":{\"@id\":\"https:\/\/www.vallox.com\/sv\/vallox-info\/policyer\/dataskyddspolicy\/#primaryimage\"},\"thumbnailUrl\":\"https:\/\/www.vallox.com\/app\/uploads\/2023\/09\/TarpeenmukainenIlmanvaihtoTyopaikalla_Featured720x480px.jpg\",\"datePublished\":\"2023-06-26T07:46:02+00:00\",\"dateModified\":\"2023-11-29T08:55:33+00:00\",\"description\":\"Dataskyddsbeskrivning, dataskyddsbeskrivning f\u00f6r kamera\u00f6vervakning p\u00e5 fabriksomr\u00e5det och dataskyddsbeskrivning f\u00f6r arbetss\u00f6kande register.\",\"breadcrumb\":{\"@id\":\"https:\/\/www.vallox.com\/sv\/vallox-info\/policyer\/dataskyddspolicy\/#breadcrumb\"},\"inLanguage\":\"sv-SE\",\"potentialAction\":[{\"@type\":\"ReadAction\",\"target\":[\"https:\/\/www.vallox.com\/sv\/vallox-info\/policyer\/dataskyddspolicy\/\"]}]},{\"@type\":\"ImageObject\",\"inLanguage\":\"sv-SE\",\"@id\":\"https:\/\/www.vallox.com\/sv\/vallox-info\/policyer\/dataskyddspolicy\/#primaryimage\",\"url\":\"https:\/\/www.vallox.com\/app\/uploads\/2023\/09\/TarpeenmukainenIlmanvaihtoTyopaikalla_Featured720x480px.jpg\",\"contentUrl\":\"https:\/\/www.vallox.com\/app\/uploads\/2023\/09\/TarpeenmukainenIlmanvaihtoTyopaikalla_Featured720x480px.jpg\",\"width\":720,\"height\":480,\"caption\":\"ilmanvaihto ty\u00f6paikalla kuvituskuva\"},{\"@type\":\"BreadcrumbList\",\"@id\":\"https:\/\/www.vallox.com\/sv\/vallox-info\/policyer\/dataskyddspolicy\/#breadcrumb\",\"itemListElement\":[{\"@type\":\"ListItem\",\"position\":1,\"name\":\"Home\",\"item\":\"https:\/\/www.vallox.com\/sv\/\"},{\"@type\":\"ListItem\",\"position\":2,\"name\":\"Vallox info\",\"item\":\"https:\/\/www.vallox.com\/sv\/vallox-info\/\"},{\"@type\":\"ListItem\",\"position\":3,\"name\":\"Policyer\",\"item\":\"https:\/\/www.vallox.com\/sv\/vallox-info\/policyer\/\"},{\"@type\":\"ListItem\",\"position\":4,\"name\":\"Dataskyddspolicy\"}]},{\"@type\":\"WebSite\",\"@id\":\"https:\/\/www.vallox.com\/sv\/#website\",\"url\":\"https:\/\/www.vallox.com\/sv\/\",\"name\":\"Vallox\",\"description\":\"\",\"potentialAction\":[{\"@type\":\"SearchAction\",\"target\":{\"@type\":\"EntryPoint\",\"urlTemplate\":\"https:\/\/www.vallox.com\/sv\/?s={search_term_string}\"},\"query-input\":{\"@type\":\"PropertyValueSpecification\",\"valueRequired\":true,\"valueName\":\"search_term_string\"}}],\"inLanguage\":\"sv-SE\"}]}<\/script>\n<!-- \/ Yoast SEO plugin. -->","yoast_head_json":{"title":"Dataskyddspolicy - Vallox","description":"Dataskyddsbeskrivning, dataskyddsbeskrivning f\u00f6r kamera\u00f6vervakning p\u00e5 fabriksomr\u00e5det och dataskyddsbeskrivning f\u00f6r arbetss\u00f6kande register.","robots":{"index":"index","follow":"follow","max-snippet":"max-snippet:-1","max-image-preview":"max-image-preview:large","max-video-preview":"max-video-preview:-1"},"canonical":"https:\/\/www.vallox.com\/sv\/vallox-info\/policyer\/dataskyddspolicy\/","og_locale":"sv_SE","og_type":"article","og_title":"Dataskyddspolicy - Vallox","og_description":"Dataskyddsbeskrivning, dataskyddsbeskrivning f\u00f6r kamera\u00f6vervakning p\u00e5 fabriksomr\u00e5det och dataskyddsbeskrivning f\u00f6r arbetss\u00f6kande register.","og_url":"https:\/\/www.vallox.com\/sv\/vallox-info\/policyer\/dataskyddspolicy\/","og_site_name":"Vallox","article_modified_time":"2023-11-29T08:55:33+00:00","og_image":[{"width":720,"height":480,"url":"https:\/\/www.vallox.com\/app\/uploads\/2023\/09\/TarpeenmukainenIlmanvaihtoTyopaikalla_Featured720x480px.jpg","type":"image\/jpeg"}],"twitter_card":"summary_large_image","schema":{"@context":"https:\/\/schema.org","@graph":[{"@type":"WebPage","@id":"https:\/\/www.vallox.com\/sv\/vallox-info\/policyer\/dataskyddspolicy\/","url":"https:\/\/www.vallox.com\/sv\/vallox-info\/policyer\/dataskyddspolicy\/","name":"Dataskyddspolicy - Vallox","isPartOf":{"@id":"https:\/\/www.vallox.com\/sv\/#website"},"primaryImageOfPage":{"@id":"https:\/\/www.vallox.com\/sv\/vallox-info\/policyer\/dataskyddspolicy\/#primaryimage"},"image":{"@id":"https:\/\/www.vallox.com\/sv\/vallox-info\/policyer\/dataskyddspolicy\/#primaryimage"},"thumbnailUrl":"https:\/\/www.vallox.com\/app\/uploads\/2023\/09\/TarpeenmukainenIlmanvaihtoTyopaikalla_Featured720x480px.jpg","datePublished":"2023-06-26T07:46:02+00:00","dateModified":"2023-11-29T08:55:33+00:00","description":"Dataskyddsbeskrivning, dataskyddsbeskrivning f\u00f6r kamera\u00f6vervakning p\u00e5 fabriksomr\u00e5det och dataskyddsbeskrivning f\u00f6r arbetss\u00f6kande register.","breadcrumb":{"@id":"https:\/\/www.vallox.com\/sv\/vallox-info\/policyer\/dataskyddspolicy\/#breadcrumb"},"inLanguage":"sv-SE","potentialAction":[{"@type":"ReadAction","target":["https:\/\/www.vallox.com\/sv\/vallox-info\/policyer\/dataskyddspolicy\/"]}]},{"@type":"ImageObject","inLanguage":"sv-SE","@id":"https:\/\/www.vallox.com\/sv\/vallox-info\/policyer\/dataskyddspolicy\/#primaryimage","url":"https:\/\/www.vallox.com\/app\/uploads\/2023\/09\/TarpeenmukainenIlmanvaihtoTyopaikalla_Featured720x480px.jpg","contentUrl":"https:\/\/www.vallox.com\/app\/uploads\/2023\/09\/TarpeenmukainenIlmanvaihtoTyopaikalla_Featured720x480px.jpg","width":720,"height":480,"caption":"ilmanvaihto ty\u00f6paikalla kuvituskuva"},{"@type":"BreadcrumbList","@id":"https:\/\/www.vallox.com\/sv\/vallox-info\/policyer\/dataskyddspolicy\/#breadcrumb","itemListElement":[{"@type":"ListItem","position":1,"name":"Home","item":"https:\/\/www.vallox.com\/sv\/"},{"@type":"ListItem","position":2,"name":"Vallox info","item":"https:\/\/www.vallox.com\/sv\/vallox-info\/"},{"@type":"ListItem","position":3,"name":"Policyer","item":"https:\/\/www.vallox.com\/sv\/vallox-info\/policyer\/"},{"@type":"ListItem","position":4,"name":"Dataskyddspolicy"}]},{"@type":"WebSite","@id":"https:\/\/www.vallox.com\/sv\/#website","url":"https:\/\/www.vallox.com\/sv\/","name":"Vallox","description":"","potentialAction":[{"@type":"SearchAction","target":{"@type":"EntryPoint","urlTemplate":"https:\/\/www.vallox.com\/sv\/?s={search_term_string}"},"query-input":{"@type":"PropertyValueSpecification","valueRequired":true,"valueName":"search_term_string"}}],"inLanguage":"sv-SE"}]}},"_links":{"self":[{"href":"https:\/\/www.vallox.com\/sv\/wp-json\/wp\/v2\/pages\/4579","targetHints":{"allow":["GET"]}}],"collection":[{"href":"https:\/\/www.vallox.com\/sv\/wp-json\/wp\/v2\/pages"}],"about":[{"href":"https:\/\/www.vallox.com\/sv\/wp-json\/wp\/v2\/types\/page"}],"author":[{"embeddable":true,"href":"https:\/\/www.vallox.com\/sv\/wp-json\/wp\/v2\/users\/5"}],"replies":[{"embeddable":true,"href":"https:\/\/www.vallox.com\/sv\/wp-json\/wp\/v2\/comments?post=4579"}],"version-history":[{"count":10,"href":"https:\/\/www.vallox.com\/sv\/wp-json\/wp\/v2\/pages\/4579\/revisions"}],"predecessor-version":[{"id":16605,"href":"https:\/\/www.vallox.com\/sv\/wp-json\/wp\/v2\/pages\/4579\/revisions\/16605"}],"up":[{"embeddable":true,"href":"https:\/\/www.vallox.com\/sv\/wp-json\/wp\/v2\/pages\/9254"}],"wp:featuredmedia":[{"embeddable":true,"href":"https:\/\/www.vallox.com\/sv\/wp-json\/wp\/v2\/media\/14879"}],"wp:attachment":[{"href":"https:\/\/www.vallox.com\/sv\/wp-json\/wp\/v2\/media?parent=4579"}],"curies":[{"name":"wp","href":"https:\/\/api.w.org\/{rel}","templated":true}]}}