{"id":4357,"date":"2023-06-26T13:16:54","date_gmt":"2023-06-26T10:16:54","guid":{"rendered":"https:\/\/vallox.com\/tietosuojaseloste-kameravalvonta\/"},"modified":"2023-08-30T15:35:22","modified_gmt":"2023-08-30T12:35:22","slug":"dataskyddsbeskrivning-kameraovervakning","status":"publish","type":"page","link":"https:\/\/www.vallox.com\/sv\/vallox-info\/policyer\/dataskyddspolicy\/dataskyddsbeskrivning-kameraovervakning\/","title":{"rendered":"Dataskyddsbeskrivning \u2013 kamera\u00f6vervakning"},"content":{"rendered":"    <div id=\"\" class=\"Block Section overflow-hidden w-full\">\n        <div class=\"Section-content relative max-w-[1088px] mx-auto w-full\">\n            \n\n<h2 class=\"wp-block-heading\">1. Personuppgiftsansvarig<\/h2>\n\n\n\n<p>Vallox Oy<br>FO-nummer: 0672350-9<br>Myllykyl\u00e4ntie 9\u201311<br>32200 LOIMAA<br>Tfn 010 7732 200\u202f \u202f \u202f<\/p>\n\n\n\n<p><\/p>\n\n\n\n<h2 class=\"wp-block-heading\">2. Kontaktuppgifter f\u00f6r register\u00e4renden<\/h2>\n\n\n\n<p>Kundservice<br>Tfn: 010 7732 200<br>E-postadress: info@vallox.com<\/p>\n\n\n\n<p><\/p>\n\n\n\n<h2 class=\"wp-block-heading\">3. Vilka personuppgifter behandlar vi?<\/h2>\n\n\n\n<p>Vi behandlar videomaterial om personer och fordon som r\u00f6r sig p\u00e5 Vallox Oy:s kamera\u00f6vervakade utomhus- och lastningsomr\u00e5den samt inom processtyrningen av fabrikens pl\u00e5tarbetsmaskiner. I samband med bildmaterialet sparas h\u00e4ndelsedatumet och -tidpunkten.<\/p>\n\n\n\n<p><\/p>\n\n\n\n<h2 class=\"wp-block-heading\">4. Hur samlar vi in personuppgifter?<\/h2>\n\n\n\n<p>I omr\u00e5den som f\u00f6rvaltas av bolaget har vi installerat kamera\u00f6vervakningsutrustning. Med hj\u00e4lp av kamera\u00f6vervakningen spelar vi in och sparar bildmaterial av personer som r\u00f6r sig i ett omr\u00e5de som \u00e4r f\u00f6rsett med kamera\u00f6vervakning. Att omr\u00e5det \u00e4r kamera\u00f6vervakat anges med skyltning.<\/p>\n\n\n\n<p><\/p>\n\n\n\n<h2 class=\"wp-block-heading\">5. F\u00f6r vilka \u00e4ndam\u00e5l behandlar vi dina personuppgifter?<\/h2>\n\n\n\n<p>Vi behandlar personuppgifter f\u00f6r att fullg\u00f6ra Vallox Oy:s lagstadgade skyldigheter och r\u00e4ttigheter samt tvingande \u00e4ndam\u00e5l i syfte att garantera r\u00e4ttsskyddet och s\u00e4kerheten f\u00f6r bolagets anst\u00e4llda, samarbetspartner och kunder; f\u00f6r att skydda arbetsgivarens, arbetstagarnas och kundernas uppgifter och egendom samt f\u00f6r att f\u00f6rebygga och utreda brott.<\/p>\n\n\n\n<p>Uppgifterna kan ocks\u00e5 anv\u00e4ndas till hj\u00e4lp vid installations- och underh\u00e5llsarbeten.<\/p>\n\n\n\n<p><\/p>\n\n\n\n<h2 class=\"wp-block-heading\">6. Vem \u00f6verl\u00e4mnar vi dina personuppgifter till?<\/h2>\n\n\n\n<p>Uppgifter kan \u00f6verl\u00e4mnas till chefer, utomst\u00e5ende kontaktpersoner, kunder och\/eller myndigheter (t.ex. polisen) i den omfattning lagstiftningen till\u00e5ter och kr\u00e4ver det.<\/p>\n\n\n\n<p>Uppgifter \u00f6verl\u00e4mnas inte till l\u00e4nder utanf\u00f6r EU eller Europeiska ekonomiska samarbetsomr\u00e5det.<\/p>\n\n\n\n<p><\/p>\n\n\n\n<h2 class=\"wp-block-heading\">7. Dataskydd<\/h2>\n\n\n\n<p>Uppgifterna f\u00f6rvaras i ett l\u00e5st utrymme och de behandlas endast av personer som beh\u00f6ver dem f\u00f6r sina arbetsuppgifter. Kamera\u00f6vervakningssystemen finns i ett slutet n\u00e4t. \u00c5tkomst till systemet har begr\u00e4nsats med anv\u00e4ndarbefogenheter.<\/p>\n\n\n\n<p><\/p>\n\n\n\n<h2 class=\"wp-block-heading\">8. F\u00f6rvaringstid f\u00f6r personuppgifter<\/h2>\n\n\n\n<p>Vi f\u00f6rvarar dina personuppgifter endast under den tid som det \u00e4r n\u00f6dv\u00e4ndigt f\u00f6r de anv\u00e4ndningssyften som fastst\u00e4llts i dataskyddsbeskrivningen, om inte lagstiftningen f\u00f6ruts\u00e4tter annat. Vi f\u00f6rvarar inte f\u00f6r\u00e5ldrade eller on\u00f6diga uppgifter.<\/p>\n\n\n\n<p>Videoinspelningar f\u00f6rvaras tills kamerasystemet spelar in nytt videomaterial ovanp\u00e5 videon. F\u00f6rvaringstiden \u00e4r h\u00f6gst 2 m\u00e5nader. Om inspelningen \u00e4r n\u00f6dv\u00e4ndig f\u00f6r ovan n\u00e4mnda \u00e4ndam\u00e5l under en l\u00e4ngre tid, f\u00f6rvaras den s\u00e5 l\u00e4nge det finns behov till det.<\/p>\n\n\n\n<p><\/p>\n\n\n\n<h2 class=\"wp-block-heading\">9. Den registrerades r\u00e4ttigheter<\/h2>\n\n\n\n<p>Den registrerade har r\u00e4tt att:<\/p>\n\n\n\n<ul class=\"wp-block-list\">\n<li>beg\u00e4ra personuppgifterna som g\u00e4ller den registrerade sj\u00e4lv genom att kontakta personuppgiftsansvarige<\/li>\n\n\n\n<li>beg\u00e4ra att personuppgiftsansvarige r\u00e4ttar eller raderar felaktiga eller f\u00f6r\u00e5ldrade uppgifter<\/li>\n\n\n\n<li>mots\u00e4tta sig behandlingen av personuppgifter enligt de grunder som anges i EU:s allm\u00e4nna dataskyddsf\u00f6rordning. R\u00e4tten att mots\u00e4tta sig behandlingen kan endast riktas till befintliga videoinspelningar.<\/li>\n\n\n\n<li>anf\u00f6ra klagom\u00e5l hos tillsynsmyndigheten.<\/li>\n<\/ul>\n\n\n\n<p><\/p>\n\n\n\n<h2 class=\"wp-block-heading\">10. Automatiskt beslutsfattande och profilering<\/h2>\n\n\n\n<p>Kamera\u00f6vervakningen omfattar inte automatiskt beslutsfattande eller profilering.<\/p>\n\n\n\n<p><\/p>\n\n\n\n<h2 class=\"wp-block-heading\">11. \u00c4ndringar i dataskyddsbeskrivningen<\/h2>\n\n\n\n<p>Vi utvecklar v\u00e5ra tj\u00e4nster kontinuerligt och f\u00f6rbeh\u00e5ller oss r\u00e4tten att \u00e4ndra denna dataskyddsbeskrivning genom att meddela om det i v\u00e5ra tj\u00e4nster. F\u00f6r\u00e4ndringar kan ocks\u00e5 basera sig p\u00e5 \u00e4ndringar i lagstiftningen. Vi rekommenderar att man regelbundet konsulterar inneh\u00e5llet i dataskyddsbeskrivningen.<\/p>\n\n\n    <\/div>\n<\/div>\n","protected":false},"excerpt":{"rendered":"","protected":false},"author":5,"featured_media":19381,"parent":4579,"menu_order":0,"comment_status":"closed","ping_status":"closed","template":"","meta":{"_acf_changed":false,"footnotes":""},"class_list":["post-4357","page","type-page","status-publish","has-post-thumbnail","hentry"],"acf":[],"yoast_head":"<!-- This site is optimized with the Yoast SEO plugin v26.9 - https:\/\/yoast.com\/product\/yoast-seo-wordpress\/ -->\n<title>Dataskyddsbeskrivning \u2013 kamera\u00f6vervakning - Vallox<\/title>\n<meta name=\"description\" content=\"Vallox Oy dataskyddsbeskrivning \u2013 kamera\u00f6vervakning.\" \/>\n<meta name=\"robots\" content=\"index, follow, max-snippet:-1, max-image-preview:large, max-video-preview:-1\" \/>\n<link rel=\"canonical\" href=\"https:\/\/www.vallox.com\/sv\/vallox-info\/policyer\/dataskyddspolicy\/dataskyddsbeskrivning-kameraovervakning\/\" \/>\n<meta property=\"og:locale\" content=\"sv_SE\" \/>\n<meta property=\"og:type\" content=\"article\" \/>\n<meta property=\"og:title\" content=\"Dataskyddsbeskrivning \u2013 kamera\u00f6vervakning - Vallox\" \/>\n<meta property=\"og:description\" content=\"Vallox Oy dataskyddsbeskrivning \u2013 kamera\u00f6vervakning.\" \/>\n<meta property=\"og:url\" content=\"https:\/\/www.vallox.com\/sv\/vallox-info\/policyer\/dataskyddspolicy\/dataskyddsbeskrivning-kameraovervakning\/\" \/>\n<meta property=\"og:site_name\" content=\"Vallox\" \/>\n<meta property=\"article:modified_time\" content=\"2023-08-30T12:35:22+00:00\" \/>\n<meta name=\"twitter:card\" content=\"summary_large_image\" \/>\n<meta name=\"twitter:label1\" content=\"Est. reading time\" \/>\n\t<meta name=\"twitter:data1\" content=\"3 minutes\" \/>\n<script type=\"application\/ld+json\" class=\"yoast-schema-graph\">{\"@context\":\"https:\/\/schema.org\",\"@graph\":[{\"@type\":\"WebPage\",\"@id\":\"https:\/\/www.vallox.com\/sv\/vallox-info\/policyer\/dataskyddspolicy\/dataskyddsbeskrivning-kameraovervakning\/\",\"url\":\"https:\/\/www.vallox.com\/sv\/vallox-info\/policyer\/dataskyddspolicy\/dataskyddsbeskrivning-kameraovervakning\/\",\"name\":\"Dataskyddsbeskrivning \u2013 kamera\u00f6vervakning - Vallox\",\"isPartOf\":{\"@id\":\"https:\/\/www.vallox.com\/sv\/#website\"},\"primaryImageOfPage\":{\"@id\":\"https:\/\/www.vallox.com\/sv\/vallox-info\/policyer\/dataskyddspolicy\/dataskyddsbeskrivning-kameraovervakning\/#primaryimage\"},\"image\":{\"@id\":\"https:\/\/www.vallox.com\/sv\/vallox-info\/policyer\/dataskyddspolicy\/dataskyddsbeskrivning-kameraovervakning\/#primaryimage\"},\"thumbnailUrl\":\"https:\/\/www.vallox.com\/app\/uploads\/2023\/11\/valloxlogoFetured_720x480px.png\",\"datePublished\":\"2023-06-26T10:16:54+00:00\",\"dateModified\":\"2023-08-30T12:35:22+00:00\",\"description\":\"Vallox Oy dataskyddsbeskrivning \u2013 kamera\u00f6vervakning.\",\"breadcrumb\":{\"@id\":\"https:\/\/www.vallox.com\/sv\/vallox-info\/policyer\/dataskyddspolicy\/dataskyddsbeskrivning-kameraovervakning\/#breadcrumb\"},\"inLanguage\":\"sv-SE\",\"potentialAction\":[{\"@type\":\"ReadAction\",\"target\":[\"https:\/\/www.vallox.com\/sv\/vallox-info\/policyer\/dataskyddspolicy\/dataskyddsbeskrivning-kameraovervakning\/\"]}]},{\"@type\":\"ImageObject\",\"inLanguage\":\"sv-SE\",\"@id\":\"https:\/\/www.vallox.com\/sv\/vallox-info\/policyer\/dataskyddspolicy\/dataskyddsbeskrivning-kameraovervakning\/#primaryimage\",\"url\":\"https:\/\/www.vallox.com\/app\/uploads\/2023\/11\/valloxlogoFetured_720x480px.png\",\"contentUrl\":\"https:\/\/www.vallox.com\/app\/uploads\/2023\/11\/valloxlogoFetured_720x480px.png\",\"width\":720,\"height\":480,\"caption\":\"Vallox logo\"},{\"@type\":\"BreadcrumbList\",\"@id\":\"https:\/\/www.vallox.com\/sv\/vallox-info\/policyer\/dataskyddspolicy\/dataskyddsbeskrivning-kameraovervakning\/#breadcrumb\",\"itemListElement\":[{\"@type\":\"ListItem\",\"position\":1,\"name\":\"Home\",\"item\":\"https:\/\/www.vallox.com\/sv\/\"},{\"@type\":\"ListItem\",\"position\":2,\"name\":\"Vallox info\",\"item\":\"https:\/\/www.vallox.com\/sv\/vallox-info\/\"},{\"@type\":\"ListItem\",\"position\":3,\"name\":\"Policyer\",\"item\":\"https:\/\/www.vallox.com\/sv\/vallox-info\/policyer\/\"},{\"@type\":\"ListItem\",\"position\":4,\"name\":\"Dataskyddspolicy\",\"item\":\"https:\/\/www.vallox.com\/sv\/vallox-info\/policyer\/dataskyddspolicy\/\"},{\"@type\":\"ListItem\",\"position\":5,\"name\":\"Dataskyddsbeskrivning \u2013 kamera\u00f6vervakning\"}]},{\"@type\":\"WebSite\",\"@id\":\"https:\/\/www.vallox.com\/sv\/#website\",\"url\":\"https:\/\/www.vallox.com\/sv\/\",\"name\":\"Vallox\",\"description\":\"\",\"potentialAction\":[{\"@type\":\"SearchAction\",\"target\":{\"@type\":\"EntryPoint\",\"urlTemplate\":\"https:\/\/www.vallox.com\/sv\/?s={search_term_string}\"},\"query-input\":{\"@type\":\"PropertyValueSpecification\",\"valueRequired\":true,\"valueName\":\"search_term_string\"}}],\"inLanguage\":\"sv-SE\"}]}<\/script>\n<!-- \/ Yoast SEO plugin. -->","yoast_head_json":{"title":"Dataskyddsbeskrivning \u2013 kamera\u00f6vervakning - Vallox","description":"Vallox Oy dataskyddsbeskrivning \u2013 kamera\u00f6vervakning.","robots":{"index":"index","follow":"follow","max-snippet":"max-snippet:-1","max-image-preview":"max-image-preview:large","max-video-preview":"max-video-preview:-1"},"canonical":"https:\/\/www.vallox.com\/sv\/vallox-info\/policyer\/dataskyddspolicy\/dataskyddsbeskrivning-kameraovervakning\/","og_locale":"sv_SE","og_type":"article","og_title":"Dataskyddsbeskrivning \u2013 kamera\u00f6vervakning - Vallox","og_description":"Vallox Oy dataskyddsbeskrivning \u2013 kamera\u00f6vervakning.","og_url":"https:\/\/www.vallox.com\/sv\/vallox-info\/policyer\/dataskyddspolicy\/dataskyddsbeskrivning-kameraovervakning\/","og_site_name":"Vallox","article_modified_time":"2023-08-30T12:35:22+00:00","twitter_card":"summary_large_image","twitter_misc":{"Est. reading time":"3 minutes"},"schema":{"@context":"https:\/\/schema.org","@graph":[{"@type":"WebPage","@id":"https:\/\/www.vallox.com\/sv\/vallox-info\/policyer\/dataskyddspolicy\/dataskyddsbeskrivning-kameraovervakning\/","url":"https:\/\/www.vallox.com\/sv\/vallox-info\/policyer\/dataskyddspolicy\/dataskyddsbeskrivning-kameraovervakning\/","name":"Dataskyddsbeskrivning \u2013 kamera\u00f6vervakning - Vallox","isPartOf":{"@id":"https:\/\/www.vallox.com\/sv\/#website"},"primaryImageOfPage":{"@id":"https:\/\/www.vallox.com\/sv\/vallox-info\/policyer\/dataskyddspolicy\/dataskyddsbeskrivning-kameraovervakning\/#primaryimage"},"image":{"@id":"https:\/\/www.vallox.com\/sv\/vallox-info\/policyer\/dataskyddspolicy\/dataskyddsbeskrivning-kameraovervakning\/#primaryimage"},"thumbnailUrl":"https:\/\/www.vallox.com\/app\/uploads\/2023\/11\/valloxlogoFetured_720x480px.png","datePublished":"2023-06-26T10:16:54+00:00","dateModified":"2023-08-30T12:35:22+00:00","description":"Vallox Oy dataskyddsbeskrivning \u2013 kamera\u00f6vervakning.","breadcrumb":{"@id":"https:\/\/www.vallox.com\/sv\/vallox-info\/policyer\/dataskyddspolicy\/dataskyddsbeskrivning-kameraovervakning\/#breadcrumb"},"inLanguage":"sv-SE","potentialAction":[{"@type":"ReadAction","target":["https:\/\/www.vallox.com\/sv\/vallox-info\/policyer\/dataskyddspolicy\/dataskyddsbeskrivning-kameraovervakning\/"]}]},{"@type":"ImageObject","inLanguage":"sv-SE","@id":"https:\/\/www.vallox.com\/sv\/vallox-info\/policyer\/dataskyddspolicy\/dataskyddsbeskrivning-kameraovervakning\/#primaryimage","url":"https:\/\/www.vallox.com\/app\/uploads\/2023\/11\/valloxlogoFetured_720x480px.png","contentUrl":"https:\/\/www.vallox.com\/app\/uploads\/2023\/11\/valloxlogoFetured_720x480px.png","width":720,"height":480,"caption":"Vallox logo"},{"@type":"BreadcrumbList","@id":"https:\/\/www.vallox.com\/sv\/vallox-info\/policyer\/dataskyddspolicy\/dataskyddsbeskrivning-kameraovervakning\/#breadcrumb","itemListElement":[{"@type":"ListItem","position":1,"name":"Home","item":"https:\/\/www.vallox.com\/sv\/"},{"@type":"ListItem","position":2,"name":"Vallox info","item":"https:\/\/www.vallox.com\/sv\/vallox-info\/"},{"@type":"ListItem","position":3,"name":"Policyer","item":"https:\/\/www.vallox.com\/sv\/vallox-info\/policyer\/"},{"@type":"ListItem","position":4,"name":"Dataskyddspolicy","item":"https:\/\/www.vallox.com\/sv\/vallox-info\/policyer\/dataskyddspolicy\/"},{"@type":"ListItem","position":5,"name":"Dataskyddsbeskrivning \u2013 kamera\u00f6vervakning"}]},{"@type":"WebSite","@id":"https:\/\/www.vallox.com\/sv\/#website","url":"https:\/\/www.vallox.com\/sv\/","name":"Vallox","description":"","potentialAction":[{"@type":"SearchAction","target":{"@type":"EntryPoint","urlTemplate":"https:\/\/www.vallox.com\/sv\/?s={search_term_string}"},"query-input":{"@type":"PropertyValueSpecification","valueRequired":true,"valueName":"search_term_string"}}],"inLanguage":"sv-SE"}]}},"_links":{"self":[{"href":"https:\/\/www.vallox.com\/sv\/wp-json\/wp\/v2\/pages\/4357","targetHints":{"allow":["GET"]}}],"collection":[{"href":"https:\/\/www.vallox.com\/sv\/wp-json\/wp\/v2\/pages"}],"about":[{"href":"https:\/\/www.vallox.com\/sv\/wp-json\/wp\/v2\/types\/page"}],"author":[{"embeddable":true,"href":"https:\/\/www.vallox.com\/sv\/wp-json\/wp\/v2\/users\/5"}],"replies":[{"embeddable":true,"href":"https:\/\/www.vallox.com\/sv\/wp-json\/wp\/v2\/comments?post=4357"}],"version-history":[{"count":4,"href":"https:\/\/www.vallox.com\/sv\/wp-json\/wp\/v2\/pages\/4357\/revisions"}],"predecessor-version":[{"id":5158,"href":"https:\/\/www.vallox.com\/sv\/wp-json\/wp\/v2\/pages\/4357\/revisions\/5158"}],"up":[{"embeddable":true,"href":"https:\/\/www.vallox.com\/sv\/wp-json\/wp\/v2\/pages\/4579"}],"wp:featuredmedia":[{"embeddable":true,"href":"https:\/\/www.vallox.com\/sv\/wp-json\/wp\/v2\/media\/19381"}],"wp:attachment":[{"href":"https:\/\/www.vallox.com\/sv\/wp-json\/wp\/v2\/media?parent=4357"}],"curies":[{"name":"wp","href":"https:\/\/api.w.org\/{rel}","templated":true}]}}