{"id":4346,"date":"2023-06-26T12:55:15","date_gmt":"2023-06-26T09:55:15","guid":{"rendered":"https:\/\/vallox.com\/tietosuojaseloste\/"},"modified":"2025-12-17T16:02:28","modified_gmt":"2025-12-17T14:02:28","slug":"dataskyddsbeskrivning","status":"publish","type":"page","link":"https:\/\/www.vallox.com\/sv\/vallox-info\/policyer\/dataskyddspolicy\/dataskyddsbeskrivning\/","title":{"rendered":"Dataskyddsbeskrivning"},"content":{"rendered":"    <div id=\"Section\" class=\"Block Section overflow-hidden w-full\">\n        <div class=\"Section-content relative max-w-[1088px] mx-auto w-full\">\n            \n\n<h2 class=\"wp-block-heading\">1 PERSONUPPGIFTSANSVARIG<\/h2>\n\n\n\n<p>Vallox Oy<br>FO-nummer: 0672350-9<br>Myllykyl\u00e4ntie 9-11<br>32200 LOIMAA<br>Tfn 010 7732 200<\/p>\n\n\n\n<p><\/p>\n\n\n\n<h2 class=\"wp-block-heading\">2 KONTAKTUPPGIFTER F\u00d6R REGISTER\u00c4RENDEN<\/h2>\n\n\n\n<p>Kundservice<br>Tfn 010 7732 200<br>E-postadress: info@vallox.com<\/p>\n\n\n\n<p><\/p>\n\n\n\n<h2 class=\"wp-block-heading\">3 REGISTRETS NAMN<\/h2>\n\n\n\n<p>Vallox Oy:s kund- och leverant\u00f6rsregister<\/p>\n\n\n\n<p><\/p>\n\n\n\n<h2 class=\"wp-block-heading\">4 GRUNDEN F\u00d6R OCH \u00c4NDAM\u00c5LET MED PERSONUPPGIFTSBEHANDLING<\/h2>\n\n\n\n<p>Den huvudsakliga grunden f\u00f6r personuppgiftsbehandlingen \u00e4r en kundrelation eller ett uppdrag mellan Vallox Oy och kunden\/leverant\u00f6ren eller kundens\/leverant\u00f6rens samtycke till personuppgiftsbehandling.<\/p>\n\n\n\n<p>Personuppgifter kan behandlas f\u00f6r f\u00f6ljande \u00e4ndam\u00e5l av Vallox Oy eller av en samarbetspartner eller yrkesut\u00f6vare som denna befullm\u00e4ktigat:<\/p>\n\n\n\n<ul class=\"wp-block-list\">\n<li>Tillhandah\u00e5llande, leverans, produktion och planering av Vallox Oy:s tj\u00e4nster och produkter.<\/li>\n\n\n\n<li>Sk\u00f6tsel och underh\u00e5ll av en kundrelation mellan Vallox Oy och dess kund\/leverant\u00f6r, kundservice och \u00e5tf\u00f6ljande kommunikation och marknadsf\u00f6ring, utveckling och uppf\u00f6ljning.<\/li>\n\n\n\n<li>Personuppgifter kan \u00e4ven behandlas i samband med andra \u00e5tg\u00e4rder f\u00f6r sk\u00f6tsel av kundrelationen.<\/li>\n\n\n\n<li>Dessutom behandlas personuppgifter f\u00f6r de behov som uppst\u00e5r kring best\u00e4llningar, fakturering, kontakttillf\u00e4llen, sk\u00f6tsel av \u00e4renden och rapportering samt f\u00f6r utveckling av Vallox Oy:s aff\u00e4rsverksamhet.<\/li>\n\n\n\n<li>Uppgifter i anknytning till behandlingen kan i enlighet med och inom gr\u00e4nserna f\u00f6r lagstiftningen utkontrakteras till externa serviceleverant\u00f6rer eller yrkesut\u00f6vare.<\/li>\n<\/ul>\n\n\n\n<p><\/p>\n\n\n\n<h2 class=\"wp-block-heading\">5 REGISTRETS INFORMATIONSINNEH\u00c5LL<\/h2>\n\n\n\n<p>De personkategorier vars uppgifter kan behandlas \u00e4r personer som \u00e4r eller har varit kunder hos eller leverant\u00f6rer f\u00f6r Vallox Oy, p\u00e5 grund av sitt yrke r\u00e4knas som samarbetspartner och\/eller ing\u00e5r i marknadsf\u00f6ringens omr\u00e5de eller samt personer som kontaktat Vallox Oy.<\/p>\n\n\n\n<p>F\u00f6ljande uppgifter om den registrerade kan sparas:<\/p>\n\n\n\n<ul class=\"wp-block-list\">\n<li>Om kontaktpersoner f\u00f6r f\u00f6retag som \u00e4r eller har varit kund hos eller leverant\u00f6r f\u00f6r Vallox Oy eller om kunder\/leverant\u00f6rer som p\u00e5 annat s\u00e4tt har kontaktat Vallox Oy sparas basuppgifter, s\u00e5som namn, personbeteckning, titel och kontaktuppgifter (adress, e-postadress, telefonnummer).<\/li>\n\n\n\n<li>Information om personens beh\u00f6righeter i Vallox Oy:s system.<\/li>\n\n\n\n<li>Uppgifter om kundf\u00f6rh\u00e5llandet mellan Vallox Oy och de registrerade, till exempel orderinformation, kundhistorik, eventuella tillst\u00e5nd till eller f\u00f6rbud mot direktmarknadsf\u00f6ring samt andra bokf\u00f6ringsuppgifter.<\/li>\n\n\n\n<li>\u00d6vrig kontakt mellan parterna, exempelvis uppgifter om deltagande i aktiviteter som Vallox Oy ordnat samt information om kontakttillf\u00e4llen och andra uppgifter i relation till serviceproduktion.<\/li>\n\n\n\n<li>Eventuella andra uppgifter som kunden\/leverant\u00f6ren sj\u00e4lv har gett samt eventuellt egenproducerat inneh\u00e5ll (t.ex. beg\u00e4ran om kontakt som gjorts via webbplatsen).<\/li>\n<\/ul>\n\n\n\n<p>Uppgifter i anknytning till behandlingen kan i enlighet med och inom gr\u00e4nserna f\u00f6r lagstiftningen utkontrakteras till externa serviceleverant\u00f6rer eller yrkesut\u00f6vare som Vallox Oy v\u00e4ljer.<\/p>\n\n\n\n<h2 class=\"wp-block-heading\">6 ANV\u00c4NDARSP\u00c5RNING<\/h2>\n\n\n\n<p>Vallox Oy anv\u00e4nder oss av Leadoos anv\u00e4ndarsp\u00e5rning f\u00f6r att f\u00f6lja med hur v\u00e5ra anv\u00e4ndare r\u00f6r sig p\u00e5 v\u00e5ra webbsidor samt kombinerar detta data med anv\u00e4ndarinformation som bl.a. samlas upp via chat interaktioner. Leadoo anv\u00e4nder sig av etag sp\u00e5rning som tekniskt skiljer sig fr\u00e5n cookie sp\u00e5rning men som omfattas av samma lagstiftning. L\u00e4s n\u00e4rmare om Leadoo Marketing Technologies Ltd\u2019s integritetspolicy (https:\/\/leadoo.com\/privacy-policy\/) f\u00f6r mer information om vilken information sparas och vad dina r\u00e4ttigheter \u00e4r. Leadoo fungerar som Processor och vi sj\u00e4lva som Controller i GDPR termer. Du kan avsluta sp\u00e5rningen genom att t\u00f6mma din webbl\u00e4sares cache. F\u00f6r mer information om Leadoo\u2019s GDPR policy, kolla in&nbsp;<a href=\"https:\/\/eur02.safelinks.protection.outlook.com\/?url=https%3A%2F%2Fleadoo.com%2Fprivacy-policy-processor%2F&amp;data=05%7C02%7Canneli.ojala%40vallox.com%7C4963f248513e470bd92908de371a2875%7C76508011de5040cc9ed7af41e179aa6a%7C0%7C0%7C639008782638934152%7CUnknown%7CTWFpbGZsb3d8eyJFbXB0eU1hcGkiOnRydWUsIlYiOiIwLjAuMDAwMCIsIlAiOiJXaW4zMiIsIkFOIjoiTWFpbCIsIldUIjoyfQ%3D%3D%7C0%7C%7C%7C&amp;sdata=K7qVQAz0XfX8uBygWxb40d2DyZaSXF8D3e16kfXsS%2Fo%3D&amp;reserved=0\">https:\/\/leadoo.com\/privacy-policy-processor\/<\/a><\/p>\n\n\n\n<h2 class=\"wp-block-heading\">7 LAGRINGSTID F\u00d6R PERSONUPPGIFTER<\/h2>\n\n\n\n<p>Vallox Oy sparar personuppgifterna i registret tills grunden f\u00f6r lagringen upph\u00f6r. G\u00e4llande lagstiftning f\u00f6ljs i fr\u00e5ga om lagringstiden.<\/p>\n\n\n\n<p><\/p>\n\n\n\n<h2 class=\"wp-block-heading\">8 REGELM\u00c4SSIGA INFORMATIONSK\u00c4LLOR<\/h2>\n\n\n\n<p>Uppgifterna inh\u00e4mtas i f\u00f6rsta hand hos den registrerade sj\u00e4lv eller det samfund som den registrerade f\u00f6retr\u00e4der, samt i transaktioner som sker i kundrelationen, anv\u00e4ndningen av tj\u00e4nster, kommunikation och sk\u00f6tsel av \u00e4renden. Uppgifter kan ocks\u00e5 samlas in bland och uppdateras ur offentliga och kommersiella register.<\/p>\n\n\n\n<p><\/p>\n\n\n\n<h2 class=\"wp-block-heading\">9 REGELM\u00c4SSIGT UTL\u00c4MNANDE AV UPPGIFTER SAMT \u00d6VERF\u00d6RING AV UPPGIFTER TILL L\u00c4NDER UTANF\u00d6R EUROPEISKA UNION ELLER EUROPEISKA EKONOMISKA SAMARBETSOMR\u00c5DET<\/h2>\n\n\n\n<p>Personuppgifterna l\u00e4mnas inte ut till andra \u00e4n de parter som f\u00f6r Vallox Oy:s r\u00e4kning deltar i att producera, utveckla eller underh\u00e5lla tj\u00e4nsterna och kommunikationen i annat fall \u00e4n genom avtal, uttryckligt samtycke och\/eller direkta f\u00f6rfattningar.<\/p>\n\n\n\n<p>Uppgifter \u00f6verf\u00f6rs i regel inte till l\u00e4nder utanf\u00f6r Europeiska unionen eller Europeiska ekonomiska samarbetsomr\u00e5det. Om en \u00f6verf\u00f6ring \u00e4r n\u00f6dv\u00e4ndig, genomf\u00f6rs den med skydds\u00e5tg\u00e4rder i enlighet med EU:s dataskyddslagstiftning.<\/p>\n\n\n\n<p><\/p>\n\n\n\n<h2 class=\"wp-block-heading\">10 PRINCIPERNA F\u00d6R SKYDD AV REGISTRET<\/h2>\n\n\n\n<p>Eventuellt manuellt material f\u00f6rvaras i ett l\u00e5st utrymme till vilket enbart personer med s\u00e4rskilda r\u00e4ttigheter har tilltr\u00e4de. Enbart de av Vallox Oy:s anst\u00e4llda, yrkesut\u00f6vare med tystnadsplikt eller anst\u00e4llda hos samarbetspartner som med anledning av sitt arbete har r\u00e4tt att behandla personuppgifter och som binds av ett s\u00e4rskilt krav p\u00e5 dataskydd \u00e4r ber\u00e4ttigade att anv\u00e4nda system eller digitala material som inneh\u00e5ller personuppgifter. Informationen samlas i databaser som skyddas av brandv\u00e4ggar, l\u00f6senord och andra tekniska \u00e5tg\u00e4rder, inklusive kontrollerade och \u00f6vervakade beh\u00f6righeter, krypteringstekniker, instruktioner f\u00f6r personal som behandlar personuppgifter samt omsorg vid valet av underleverant\u00f6rer.<\/p>\n\n\n\n<p><\/p>\n\n\n\n<h2 class=\"wp-block-heading\">11 DEN REGISTRERADES R\u00c4TTIGHETER I SAMBAND MED PERSONUPPGIFTSBEHANDLING<\/h2>\n\n\n\n<h3 class=\"wp-block-heading\">11.1 R\u00e4tt att inv\u00e4nda mot personuppgiftsbehandling och direktmarknadsf\u00f6ringa<\/h3>\n\n\n\n<p>Den registrerade har r\u00e4tt att p\u00e5 grund av sin individuella, s\u00e4rskilda situation inv\u00e4nda mot s\u00e5dan behandling som Vallox Oy utf\u00f6r p\u00e5 den registrerades personuppgifter till den del som grunden till behandlingen \u00e4r en kundrelation mellan Vallox Oy och den registrerade. Den registrerade kan framf\u00f6ra sitt krav ang\u00e5ende inv\u00e4ndningen i enlighet med punkt 11 i dataskyddsbeskrivningen. Den registrerade ska i samband med kravet specificera den s\u00e4rskilda omst\u00e4ndighet som \u00e5beropas f\u00f6r inv\u00e4ndningen. Vallox Oy kan neka att tillgodose beg\u00e4ran enligt de grunder som fastsl\u00e5s i lagen.<\/p>\n\n\n\n<h3 class=\"wp-block-heading\">11.2 R\u00e4tt till tillg\u00e5ng<\/h3>\n\n\n\n<p>Den registrerade har r\u00e4tt att kontrollera vilka uppgifter om hen som sparats i Vallox Oy:s kundregister. Beg\u00e4ran ska g\u00f6ras enligt punkt 11 i den h\u00e4r dataskyddsbeskrivningen. Beg\u00e4ran till tillg\u00e5ng kan avvisas enligt de grunder som fastsl\u00e5s i lagen.<\/p>\n\n\n\n<h3 class=\"wp-block-heading\">11.3 R\u00e4tt till r\u00e4ttelse, radering eller begr\u00e4nsning av behandlingen<\/h3>\n\n\n\n<p>En beg\u00e4ran om r\u00e4ttelse av felaktiga, \u00f6verfl\u00f6diga, ofullst\u00e4ndiga eller f\u00f6r\u00e5ldrade uppgifter ska g\u00f6ras i enlighet med punkt 11 i den h\u00e4r dataskyddsbeskrivningen.<br>Den registrerade har ocks\u00e5 r\u00e4tt att kr\u00e4va att Vallox Oy begr\u00e4nsar sin behandling av personuppgifterna till exempel i det fall att den registrerade v\u00e4ntar p\u00e5 Vallox Oy:s svar ang\u00e5ende beg\u00e4ran om r\u00e4ttelse eller radering.<\/p>\n\n\n\n<h3 class=\"wp-block-heading\">11.4 R\u00e4tt till \u00f6verf\u00f6ring till ett annat system<\/h3>\n\n\n\n<p>Till den del som den registrerade sj\u00e4lv har uppgett s\u00e5dan information i registret som behandlas med st\u00f6d av den registrerades samtycke eller uppdrag, har den registrerade r\u00e4tt att f\u00e5 dessa uppgifter, i regel i maskinl\u00e4sbart format, och r\u00e4tt att \u00f6verf\u00f6ra uppgifterna till en annan personuppgiftsansvarig.<\/p>\n\n\n\n<h3 class=\"wp-block-heading\">11.5 R\u00e4tt att anf\u00f6ra klagom\u00e5l hos tillsynsmyndigheten<\/h3>\n\n\n\n<p>Den registrerade har r\u00e4tt att anf\u00f6ra klagom\u00e5l hos den beh\u00f6riga tillsynsmyndigheten om Vallox Oy inte har f\u00f6ljt den dataskyddsreglering som verksamheten omfattas av.<\/p>\n\n\n\n<p><\/p>\n\n\n\n<h2 class=\"wp-block-heading\">12 KONTAKT<\/h2>\n\n\n\n<p>F\u00f6r alla fr\u00e5gor g\u00e4llande dataskyddsbeskrivningen eller ut\u00f6vande av den registrerades r\u00e4ttigheter, kontakta den part som n\u00e4mns i punkt 2.<br>Vallox Oy kan vid behov be den registrerade precisera sin beg\u00e4ran skriftligen, och den registrerades identitet kan alltefter behov bekr\u00e4ftas innan \u00e5tg\u00e4rder vidtas.<\/p>\n\n\n\n<p><\/p>\n\n\n\n<h2 class=\"wp-block-heading\">13 F\u00d6R\u00c4NDRINGAR I DATASKYDDSBESKRIVNINGEN<\/h2>\n\n\n\n<p>Vi utvecklar v\u00e5ra tj\u00e4nster kontinuerligt och f\u00f6rbeh\u00e5ller oss r\u00e4tten att \u00e4ndra denna dataskyddspolicy genom att meddela om det i v\u00e5ra tj\u00e4nster. F\u00f6r\u00e4ndringar kan ocks\u00e5 basera sig p\u00e5 \u00e4ndringar i lagstiftningen. Vi rekommenderar att man regelbundet konsulterar inneh\u00e5llet i dataskyddsbeskrivningen.<\/p>\n\n\n\n<p><\/p>\n\n\n\n<p><strong>Denna dataskyddsbeskrivning uppdaterades senaste 17.12.2025.<\/strong><\/p>\n\n\n    <\/div>\n<\/div>\n","protected":false},"excerpt":{"rendered":"","protected":false},"author":5,"featured_media":19381,"parent":4579,"menu_order":0,"comment_status":"closed","ping_status":"closed","template":"","meta":{"_acf_changed":false,"footnotes":""},"class_list":["post-4346","page","type-page","status-publish","has-post-thumbnail","hentry"],"acf":[],"yoast_head":"<!-- This site is optimized with the Yoast SEO plugin v26.9 - https:\/\/yoast.com\/product\/yoast-seo-wordpress\/ -->\n<title>Dataskyddsbeskrivning - Vallox<\/title>\n<meta name=\"description\" content=\"Vallox Oys dataskyddsbeskrivning.\" \/>\n<meta name=\"robots\" content=\"index, follow, max-snippet:-1, max-image-preview:large, max-video-preview:-1\" \/>\n<link rel=\"canonical\" href=\"https:\/\/www.vallox.com\/sv\/vallox-info\/policyer\/dataskyddspolicy\/dataskyddsbeskrivning\/\" \/>\n<meta property=\"og:locale\" content=\"sv_SE\" \/>\n<meta property=\"og:type\" content=\"article\" \/>\n<meta property=\"og:title\" content=\"Dataskyddsbeskrivning - Vallox\" \/>\n<meta property=\"og:description\" content=\"Vallox Oys dataskyddsbeskrivning.\" \/>\n<meta property=\"og:url\" content=\"https:\/\/www.vallox.com\/sv\/vallox-info\/policyer\/dataskyddspolicy\/dataskyddsbeskrivning\/\" \/>\n<meta property=\"og:site_name\" content=\"Vallox\" \/>\n<meta property=\"article:modified_time\" content=\"2025-12-17T14:02:28+00:00\" \/>\n<meta property=\"og:image\" content=\"https:\/\/www.vallox.com\/app\/uploads\/2023\/11\/valloxlogoFetured_720x480px.png\" \/>\n\t<meta property=\"og:image:width\" content=\"720\" \/>\n\t<meta property=\"og:image:height\" content=\"480\" \/>\n\t<meta property=\"og:image:type\" content=\"image\/png\" \/>\n<meta name=\"twitter:card\" content=\"summary_large_image\" \/>\n<meta name=\"twitter:label1\" content=\"Est. reading time\" \/>\n\t<meta name=\"twitter:data1\" content=\"14 minutes\" \/>\n<script type=\"application\/ld+json\" class=\"yoast-schema-graph\">{\"@context\":\"https:\/\/schema.org\",\"@graph\":[{\"@type\":\"WebPage\",\"@id\":\"https:\/\/www.vallox.com\/sv\/vallox-info\/policyer\/dataskyddspolicy\/dataskyddsbeskrivning\/\",\"url\":\"https:\/\/www.vallox.com\/sv\/vallox-info\/policyer\/dataskyddspolicy\/dataskyddsbeskrivning\/\",\"name\":\"Dataskyddsbeskrivning - Vallox\",\"isPartOf\":{\"@id\":\"https:\/\/www.vallox.com\/sv\/#website\"},\"primaryImageOfPage\":{\"@id\":\"https:\/\/www.vallox.com\/sv\/vallox-info\/policyer\/dataskyddspolicy\/dataskyddsbeskrivning\/#primaryimage\"},\"image\":{\"@id\":\"https:\/\/www.vallox.com\/sv\/vallox-info\/policyer\/dataskyddspolicy\/dataskyddsbeskrivning\/#primaryimage\"},\"thumbnailUrl\":\"https:\/\/www.vallox.com\/app\/uploads\/2023\/11\/valloxlogoFetured_720x480px.png\",\"datePublished\":\"2023-06-26T09:55:15+00:00\",\"dateModified\":\"2025-12-17T14:02:28+00:00\",\"description\":\"Vallox Oys dataskyddsbeskrivning.\",\"breadcrumb\":{\"@id\":\"https:\/\/www.vallox.com\/sv\/vallox-info\/policyer\/dataskyddspolicy\/dataskyddsbeskrivning\/#breadcrumb\"},\"inLanguage\":\"sv-SE\",\"potentialAction\":[{\"@type\":\"ReadAction\",\"target\":[\"https:\/\/www.vallox.com\/sv\/vallox-info\/policyer\/dataskyddspolicy\/dataskyddsbeskrivning\/\"]}]},{\"@type\":\"ImageObject\",\"inLanguage\":\"sv-SE\",\"@id\":\"https:\/\/www.vallox.com\/sv\/vallox-info\/policyer\/dataskyddspolicy\/dataskyddsbeskrivning\/#primaryimage\",\"url\":\"https:\/\/www.vallox.com\/app\/uploads\/2023\/11\/valloxlogoFetured_720x480px.png\",\"contentUrl\":\"https:\/\/www.vallox.com\/app\/uploads\/2023\/11\/valloxlogoFetured_720x480px.png\",\"width\":720,\"height\":480,\"caption\":\"Vallox logo\"},{\"@type\":\"BreadcrumbList\",\"@id\":\"https:\/\/www.vallox.com\/sv\/vallox-info\/policyer\/dataskyddspolicy\/dataskyddsbeskrivning\/#breadcrumb\",\"itemListElement\":[{\"@type\":\"ListItem\",\"position\":1,\"name\":\"Home\",\"item\":\"https:\/\/www.vallox.com\/sv\/\"},{\"@type\":\"ListItem\",\"position\":2,\"name\":\"Vallox info\",\"item\":\"https:\/\/www.vallox.com\/sv\/vallox-info\/\"},{\"@type\":\"ListItem\",\"position\":3,\"name\":\"Policyer\",\"item\":\"https:\/\/www.vallox.com\/sv\/vallox-info\/policyer\/\"},{\"@type\":\"ListItem\",\"position\":4,\"name\":\"Dataskyddspolicy\",\"item\":\"https:\/\/www.vallox.com\/sv\/vallox-info\/policyer\/dataskyddspolicy\/\"},{\"@type\":\"ListItem\",\"position\":5,\"name\":\"Dataskyddsbeskrivning\"}]},{\"@type\":\"WebSite\",\"@id\":\"https:\/\/www.vallox.com\/sv\/#website\",\"url\":\"https:\/\/www.vallox.com\/sv\/\",\"name\":\"Vallox\",\"description\":\"\",\"potentialAction\":[{\"@type\":\"SearchAction\",\"target\":{\"@type\":\"EntryPoint\",\"urlTemplate\":\"https:\/\/www.vallox.com\/sv\/?s={search_term_string}\"},\"query-input\":{\"@type\":\"PropertyValueSpecification\",\"valueRequired\":true,\"valueName\":\"search_term_string\"}}],\"inLanguage\":\"sv-SE\"}]}<\/script>\n<!-- \/ Yoast SEO plugin. -->","yoast_head_json":{"title":"Dataskyddsbeskrivning - Vallox","description":"Vallox Oys dataskyddsbeskrivning.","robots":{"index":"index","follow":"follow","max-snippet":"max-snippet:-1","max-image-preview":"max-image-preview:large","max-video-preview":"max-video-preview:-1"},"canonical":"https:\/\/www.vallox.com\/sv\/vallox-info\/policyer\/dataskyddspolicy\/dataskyddsbeskrivning\/","og_locale":"sv_SE","og_type":"article","og_title":"Dataskyddsbeskrivning - Vallox","og_description":"Vallox Oys dataskyddsbeskrivning.","og_url":"https:\/\/www.vallox.com\/sv\/vallox-info\/policyer\/dataskyddspolicy\/dataskyddsbeskrivning\/","og_site_name":"Vallox","article_modified_time":"2025-12-17T14:02:28+00:00","og_image":[{"width":720,"height":480,"url":"https:\/\/www.vallox.com\/app\/uploads\/2023\/11\/valloxlogoFetured_720x480px.png","type":"image\/png"}],"twitter_card":"summary_large_image","twitter_misc":{"Est. reading time":"14 minutes"},"schema":{"@context":"https:\/\/schema.org","@graph":[{"@type":"WebPage","@id":"https:\/\/www.vallox.com\/sv\/vallox-info\/policyer\/dataskyddspolicy\/dataskyddsbeskrivning\/","url":"https:\/\/www.vallox.com\/sv\/vallox-info\/policyer\/dataskyddspolicy\/dataskyddsbeskrivning\/","name":"Dataskyddsbeskrivning - Vallox","isPartOf":{"@id":"https:\/\/www.vallox.com\/sv\/#website"},"primaryImageOfPage":{"@id":"https:\/\/www.vallox.com\/sv\/vallox-info\/policyer\/dataskyddspolicy\/dataskyddsbeskrivning\/#primaryimage"},"image":{"@id":"https:\/\/www.vallox.com\/sv\/vallox-info\/policyer\/dataskyddspolicy\/dataskyddsbeskrivning\/#primaryimage"},"thumbnailUrl":"https:\/\/www.vallox.com\/app\/uploads\/2023\/11\/valloxlogoFetured_720x480px.png","datePublished":"2023-06-26T09:55:15+00:00","dateModified":"2025-12-17T14:02:28+00:00","description":"Vallox Oys dataskyddsbeskrivning.","breadcrumb":{"@id":"https:\/\/www.vallox.com\/sv\/vallox-info\/policyer\/dataskyddspolicy\/dataskyddsbeskrivning\/#breadcrumb"},"inLanguage":"sv-SE","potentialAction":[{"@type":"ReadAction","target":["https:\/\/www.vallox.com\/sv\/vallox-info\/policyer\/dataskyddspolicy\/dataskyddsbeskrivning\/"]}]},{"@type":"ImageObject","inLanguage":"sv-SE","@id":"https:\/\/www.vallox.com\/sv\/vallox-info\/policyer\/dataskyddspolicy\/dataskyddsbeskrivning\/#primaryimage","url":"https:\/\/www.vallox.com\/app\/uploads\/2023\/11\/valloxlogoFetured_720x480px.png","contentUrl":"https:\/\/www.vallox.com\/app\/uploads\/2023\/11\/valloxlogoFetured_720x480px.png","width":720,"height":480,"caption":"Vallox logo"},{"@type":"BreadcrumbList","@id":"https:\/\/www.vallox.com\/sv\/vallox-info\/policyer\/dataskyddspolicy\/dataskyddsbeskrivning\/#breadcrumb","itemListElement":[{"@type":"ListItem","position":1,"name":"Home","item":"https:\/\/www.vallox.com\/sv\/"},{"@type":"ListItem","position":2,"name":"Vallox info","item":"https:\/\/www.vallox.com\/sv\/vallox-info\/"},{"@type":"ListItem","position":3,"name":"Policyer","item":"https:\/\/www.vallox.com\/sv\/vallox-info\/policyer\/"},{"@type":"ListItem","position":4,"name":"Dataskyddspolicy","item":"https:\/\/www.vallox.com\/sv\/vallox-info\/policyer\/dataskyddspolicy\/"},{"@type":"ListItem","position":5,"name":"Dataskyddsbeskrivning"}]},{"@type":"WebSite","@id":"https:\/\/www.vallox.com\/sv\/#website","url":"https:\/\/www.vallox.com\/sv\/","name":"Vallox","description":"","potentialAction":[{"@type":"SearchAction","target":{"@type":"EntryPoint","urlTemplate":"https:\/\/www.vallox.com\/sv\/?s={search_term_string}"},"query-input":{"@type":"PropertyValueSpecification","valueRequired":true,"valueName":"search_term_string"}}],"inLanguage":"sv-SE"}]}},"_links":{"self":[{"href":"https:\/\/www.vallox.com\/sv\/wp-json\/wp\/v2\/pages\/4346","targetHints":{"allow":["GET"]}}],"collection":[{"href":"https:\/\/www.vallox.com\/sv\/wp-json\/wp\/v2\/pages"}],"about":[{"href":"https:\/\/www.vallox.com\/sv\/wp-json\/wp\/v2\/types\/page"}],"author":[{"embeddable":true,"href":"https:\/\/www.vallox.com\/sv\/wp-json\/wp\/v2\/users\/5"}],"replies":[{"embeddable":true,"href":"https:\/\/www.vallox.com\/sv\/wp-json\/wp\/v2\/comments?post=4346"}],"version-history":[{"count":5,"href":"https:\/\/www.vallox.com\/sv\/wp-json\/wp\/v2\/pages\/4346\/revisions"}],"predecessor-version":[{"id":27898,"href":"https:\/\/www.vallox.com\/sv\/wp-json\/wp\/v2\/pages\/4346\/revisions\/27898"}],"up":[{"embeddable":true,"href":"https:\/\/www.vallox.com\/sv\/wp-json\/wp\/v2\/pages\/4579"}],"wp:featuredmedia":[{"embeddable":true,"href":"https:\/\/www.vallox.com\/sv\/wp-json\/wp\/v2\/media\/19381"}],"wp:attachment":[{"href":"https:\/\/www.vallox.com\/sv\/wp-json\/wp\/v2\/media?parent=4346"}],"curies":[{"name":"wp","href":"https:\/\/api.w.org\/{rel}","templated":true}]}}