{"id":4010,"date":"2023-06-26T10:45:29","date_gmt":"2023-06-26T07:45:29","guid":{"rendered":"https:\/\/vallox.com\/sponsorointiohje\/"},"modified":"2024-05-16T11:34:30","modified_gmt":"2024-05-16T08:34:30","slug":"sponsorverksamhet","status":"publish","type":"page","link":"https:\/\/www.vallox.com\/sv\/vallox-info\/sponsorverksamhet\/","title":{"rendered":"Sponsoring"},"content":{"rendered":"    <div id=\"Section\" class=\"Block Section overflow-hidden w-full\">\n        <div class=\"Section-content relative max-w-[1088px] mx-auto w-full\">\n            \n\n<h2 class=\"wp-block-heading\">Allm\u00e4nna principer f\u00f6r Vallox sponsorverksamhet<\/h2>\n\n\n\n<p>Denna anvisning fastst\u00e4ller allm\u00e4n praxis som g\u00e4ller Vallox sponsorverksamhet.<\/p>\n\n\n\n<p><\/p>\n\n\n\n<h2 class=\"wp-block-heading\">Sponsorverksamhetens m\u00e5l<\/h2>\n\n\n\n<p>De viktigaste m\u00e5len f\u00f6r Vallox sponsorverksamhet \u00e4r att \u00f6ka ryktbarheten samt att \u00e5stadkomma en positiv imagep\u00e5verkan hos v\u00e5ra intressentgrupper och d\u00e4rigenom st\u00f6dja aff\u00e4rsverksamheten. D\u00e4rut\u00f6ver \u00e4r v\u00e5rt m\u00e5l att vara en ansvarsfull del av samh\u00e4llet. Vi vill bevara den rena milj\u00f6n i Finland samt st\u00f6dja h\u00e4lsosamma levnadsvanor s\u00e4rskilt hos barn och unga.<\/p>\n\n\n\n<p>Inom ramarna f\u00f6r dessa m\u00e5l ing\u00e5r Vallox samarbetsavtal p\u00e5 tv\u00e5 olika niv\u00e5er, ut\u00f6ver vilka f\u00f6retaget enligt \u00f6verv\u00e4gande kan bevilja st\u00f6d i liten skala i form av produktg\u00e5vor.<\/p>\n\n\n\n<p><\/p>\n\n\n\n<h2 class=\"wp-block-heading\">Samarbetsavtal<\/h2>\n\n\n\n<h3 class=\"wp-block-heading\">Samarbetsavtal p\u00e5 nationell eller internationell niv\u00e5<\/h3>\n\n\n\n<p>Vallox har samtidigt 1\u20132 samarbetsavtal p\u00e5 <strong>nationell eller internationell <\/strong>niv\u00e5. Sponsringsobjekten kan h\u00e4nf\u00f6ra sig antingen till idrott eller kultur. Aktiviteterna i anslutning till samarbetsavtal som ing\u00e5s med samarbetspartner p\u00e5 nationell eller internationell niv\u00e5 ska uppfylla m\u00e5len i Vallox sponsorverksamhet. Avtalen och de aktiviteter som ing\u00e5r i dem \u00f6verenskoms separat \u00e5rligen, men p\u00e5 denna niv\u00e5 \u00e4r m\u00e5let ett l\u00e5ngvarigt (minst 3 \u00e5r) samarbete.<\/p>\n\n\n\n<p><\/p>\n\n\n\n<h3 class=\"wp-block-heading\">Lokala samarbetsavtal<\/h3>\n\n\n\n<p>F\u00f6rutom avtal p\u00e5 nationell eller internationell niv\u00e5 kan Vallox enligt sin \u00e5rliga budget st\u00f6dja idrottsf\u00f6reningar, sammanslutningar eller motsvarande akt\u00f6rer som \u00e4r verksamma inom idrotts- eller kulturbranschen <strong>i Loimaa<\/strong>. \u00c4ven de som deltar i individuella idrottsgrenar ska representera en idrottsf\u00f6rening eller n\u00e5gon annan f\u00f6rening i Loimaa. Vallox personal kan f\u00e5 st\u00f6d f\u00f6r individuella idrottsgrenar inom ramarna f\u00f6r sponsring av lokala objekt, om personen idrottar p\u00e5 FM-niv\u00e5.<\/p>\n\n\n\n<p>N\u00e4r det g\u00e4ller lokala samarbetsavtal \u00e4r det mer fr\u00e5ga om samh\u00e4llsansvar \u00e4n om en \u00f6kning i f\u00f6rs\u00e4ljningen. Det lokala st\u00f6det riktas till icke-vinstdrivande akt\u00f6rer och st\u00f6dbesluten fattas f\u00f6r ett \u00e5r \u00e5t g\u00e5ngen.<\/p>\n\n\n\n<p><\/p>\n\n\n\n<h3 class=\"wp-block-heading\">\u00d6vrigt st\u00f6d<\/h3>\n\n\n\n<p>Vi kan enligt \u00f6verv\u00e4gande bevilja bland annat produktg\u00e5vor f\u00f6r icke-vinstdrivande lokala sammanslutningar.<\/p>\n\n\n\n<p><\/p>\n\n\n\n<h2 class=\"wp-block-heading\">Allm\u00e4nna principer<\/h2>\n\n\n\n<p>Allm\u00e4nna principer f\u00f6r samarbetet med idrottsf\u00f6reningar, sammanslutningar och organisationer:<\/p>\n\n\n\n<ul class=\"wp-block-list\">\n<li>Vallox st\u00f6der i regel idrottsf\u00f6reningen, inte enskilda lag. Om Vallox har beviljat st\u00f6d f\u00f6r idrottsf\u00f6reningen, ska enskilda lag som h\u00f6r till f\u00f6reningen inte ans\u00f6ka om st\u00f6d under samarbetsavtalet.<\/li>\n\n\n\n<li>Om f\u00f6reningen har en periodisk publikation, omfattar samarbetsavtalet Vallox annonsering i publikationen utan extra kostnad.<\/li>\n\n\n\n<li>De sponsrings- och samarbetsavtal som fastst\u00e4llts i denna anvisning t\u00e4cks fr\u00e5n marknadsf\u00f6ringens kostnadsst\u00e4lle. Ett skriftligt avtal som godk\u00e4nns av marknadsf\u00f6ringschefen uppr\u00e4ttas om st\u00f6det.<\/li>\n<\/ul>\n\n\n\n<p>F\u00f6rutom ovan n\u00e4mnda avtal kan de ansvariga f\u00f6r kostnadsst\u00e4llet uppr\u00e4tta samarbetsavtal inom ramarna f\u00f6r sin egen budget.<\/p>\n\n\n\n<p><\/p>\n\n\n\n<h2 class=\"wp-block-heading\">Anvisningar f\u00f6r ans\u00f6kan<\/h2>\n\n\n\n<p>Ans\u00f6kningar f\u00f6r sponsringsst\u00f6d f\u00f6r l\u00e5ngvarig verksamhet behandlas tv\u00e5 g\u00e5nger om \u00e5ret. Ans\u00f6kningarna ska l\u00e4mnas in f\u00f6re den 15 november eller den 15 maj. Vi str\u00e4var efter att fatta beslut om st\u00f6d senast inom en m\u00e5nad fr\u00e5n ovan n\u00e4mnda datum.<\/p>\n\n\n\n<p>I ans\u00f6kningen ska anges f\u00f6r vilket \u00e4ndam\u00e5l st\u00f6det s\u00f6ks, st\u00f6dets belopp och vad den s\u00f6kande erbjuder i utbyte mot st\u00f6det. Ans\u00f6kningarna kan skickas via formul\u00e4ret nedan.<\/p>\n\n\n\n<p><\/p>\n\n\n\n<p><strong>Denna anvisning tr\u00e4der i kraft den 1 september 2019 och uppdateras vid behov.<\/strong><\/p>\n\n\n    <\/div>\n<\/div>\n\n\n    <div id=\"Section\" class=\"Block Section overflow-hidden w-full\">\n        <div class=\"Section-content relative max-w-[1088px] mx-auto w-full\">\n            \n<div  class=\"textThumbHighlight wrap w-full mb-8\">\n\t<div class=\"flex flex-col sm:flex-row max-w-[1088px] mx-auto bg-custom-gray-blueish-light p-8\">\n\t\t<img decoding=\"async\" alt=\"tiedosto-kuvake\" src=\"https:\/\/www.vallox.com\/app\/uploads\/2023\/08\/Files_300x300px-150x150.png\" class=\"object-cover mb-8 sm:mb-unset mx-auto sm:mx-unset w-[150px] h-[150px] rounded-br-[3rem] rounded-tl-[3rem]\"\/>\n\t\t<div class=\"Texts sm:pl-8\">\n\t\t\t\t\t\t\t<p class=\"font-bold\">Sponsorskap ans\u00f6kan<\/p>\n\t\t\t\t\t\t<div class=\"Content\">\n\t\t\t\t<p><a href=\"https:\/\/www.vallox.com\/sv\/vallox-info\/sponsorverksamhet\/sponsorskap-ansokan\/\">fyll i ans\u00f6kan h\u00e4r<\/a><\/p>\n\n\t\t\t<\/div>\n\t\t<\/div>\n\t<\/div>\n<\/div>\n\n\n    <\/div>\n<\/div>\n","protected":false},"excerpt":{"rendered":"","protected":false},"author":5,"featured_media":16213,"parent":9077,"menu_order":60,"comment_status":"closed","ping_status":"closed","template":"","meta":{"_acf_changed":false,"footnotes":""},"class_list":["post-4010","page","type-page","status-publish","has-post-thumbnail","hentry"],"acf":[],"yoast_head":"<!-- This site is optimized with the Yoast SEO plugin v26.9 - https:\/\/yoast.com\/product\/yoast-seo-wordpress\/ -->\n<title>Sponsoring - Vallox<\/title>\n<meta name=\"description\" content=\"De viktigaste m\u00e5len f\u00f6r Vallox sponsorverksamhet \u00e4r att \u00f6ka ryktbarheten samt att \u00e5stadkomma en positiv imagep\u00e5verkan hos v\u00e5ra intressentgrupper och d\u00e4rigenom st\u00f6dja aff\u00e4rsverksamheten.\" \/>\n<meta name=\"robots\" content=\"index, follow, max-snippet:-1, max-image-preview:large, max-video-preview:-1\" \/>\n<link rel=\"canonical\" href=\"https:\/\/www.vallox.com\/sv\/vallox-info\/sponsorverksamhet\/\" \/>\n<meta property=\"og:locale\" content=\"sv_SE\" \/>\n<meta property=\"og:type\" content=\"article\" \/>\n<meta property=\"og:title\" content=\"Sponsoring - Vallox\" \/>\n<meta property=\"og:description\" content=\"De viktigaste m\u00e5len f\u00f6r Vallox sponsorverksamhet \u00e4r att \u00f6ka ryktbarheten samt att \u00e5stadkomma en positiv imagep\u00e5verkan hos v\u00e5ra intressentgrupper och d\u00e4rigenom st\u00f6dja aff\u00e4rsverksamheten.\" \/>\n<meta property=\"og:url\" content=\"https:\/\/www.vallox.com\/sv\/vallox-info\/sponsorverksamhet\/\" \/>\n<meta property=\"og:site_name\" content=\"Vallox\" \/>\n<meta property=\"article:modified_time\" content=\"2024-05-16T08:34:30+00:00\" \/>\n<meta property=\"og:image\" content=\"https:\/\/www.vallox.com\/app\/uploads\/2023\/09\/Hurrikaani_featuredImage.jpg\" \/>\n\t<meta property=\"og:image:width\" content=\"720\" \/>\n\t<meta property=\"og:image:height\" content=\"480\" \/>\n\t<meta property=\"og:image:type\" content=\"image\/jpeg\" \/>\n<meta name=\"twitter:card\" content=\"summary_large_image\" \/>\n<meta name=\"twitter:label1\" content=\"Est. reading time\" \/>\n\t<meta name=\"twitter:data1\" content=\"7 minutes\" \/>\n<script type=\"application\/ld+json\" class=\"yoast-schema-graph\">{\"@context\":\"https:\/\/schema.org\",\"@graph\":[{\"@type\":\"WebPage\",\"@id\":\"https:\/\/www.vallox.com\/sv\/vallox-info\/sponsorverksamhet\/\",\"url\":\"https:\/\/www.vallox.com\/sv\/vallox-info\/sponsorverksamhet\/\",\"name\":\"Sponsoring - Vallox\",\"isPartOf\":{\"@id\":\"https:\/\/www.vallox.com\/sv\/#website\"},\"primaryImageOfPage\":{\"@id\":\"https:\/\/www.vallox.com\/sv\/vallox-info\/sponsorverksamhet\/#primaryimage\"},\"image\":{\"@id\":\"https:\/\/www.vallox.com\/sv\/vallox-info\/sponsorverksamhet\/#primaryimage\"},\"thumbnailUrl\":\"https:\/\/www.vallox.com\/app\/uploads\/2023\/09\/Hurrikaani_featuredImage.jpg\",\"datePublished\":\"2023-06-26T07:45:29+00:00\",\"dateModified\":\"2024-05-16T08:34:30+00:00\",\"description\":\"De viktigaste m\u00e5len f\u00f6r Vallox sponsorverksamhet \u00e4r att \u00f6ka ryktbarheten samt att \u00e5stadkomma en positiv imagep\u00e5verkan hos v\u00e5ra intressentgrupper och d\u00e4rigenom st\u00f6dja aff\u00e4rsverksamheten.\",\"breadcrumb\":{\"@id\":\"https:\/\/www.vallox.com\/sv\/vallox-info\/sponsorverksamhet\/#breadcrumb\"},\"inLanguage\":\"sv-SE\",\"potentialAction\":[{\"@type\":\"ReadAction\",\"target\":[\"https:\/\/www.vallox.com\/sv\/vallox-info\/sponsorverksamhet\/\"]}]},{\"@type\":\"ImageObject\",\"inLanguage\":\"sv-SE\",\"@id\":\"https:\/\/www.vallox.com\/sv\/vallox-info\/sponsorverksamhet\/#primaryimage\",\"url\":\"https:\/\/www.vallox.com\/app\/uploads\/2023\/09\/Hurrikaani_featuredImage.jpg\",\"contentUrl\":\"https:\/\/www.vallox.com\/app\/uploads\/2023\/09\/Hurrikaani_featuredImage.jpg\",\"width\":720,\"height\":480},{\"@type\":\"BreadcrumbList\",\"@id\":\"https:\/\/www.vallox.com\/sv\/vallox-info\/sponsorverksamhet\/#breadcrumb\",\"itemListElement\":[{\"@type\":\"ListItem\",\"position\":1,\"name\":\"Home\",\"item\":\"https:\/\/www.vallox.com\/sv\/\"},{\"@type\":\"ListItem\",\"position\":2,\"name\":\"Vallox info\",\"item\":\"https:\/\/www.vallox.com\/sv\/vallox-info\/\"},{\"@type\":\"ListItem\",\"position\":3,\"name\":\"Sponsoring\"}]},{\"@type\":\"WebSite\",\"@id\":\"https:\/\/www.vallox.com\/sv\/#website\",\"url\":\"https:\/\/www.vallox.com\/sv\/\",\"name\":\"Vallox\",\"description\":\"\",\"potentialAction\":[{\"@type\":\"SearchAction\",\"target\":{\"@type\":\"EntryPoint\",\"urlTemplate\":\"https:\/\/www.vallox.com\/sv\/?s={search_term_string}\"},\"query-input\":{\"@type\":\"PropertyValueSpecification\",\"valueRequired\":true,\"valueName\":\"search_term_string\"}}],\"inLanguage\":\"sv-SE\"}]}<\/script>\n<!-- \/ Yoast SEO plugin. -->","yoast_head_json":{"title":"Sponsoring - Vallox","description":"De viktigaste m\u00e5len f\u00f6r Vallox sponsorverksamhet \u00e4r att \u00f6ka ryktbarheten samt att \u00e5stadkomma en positiv imagep\u00e5verkan hos v\u00e5ra intressentgrupper och d\u00e4rigenom st\u00f6dja aff\u00e4rsverksamheten.","robots":{"index":"index","follow":"follow","max-snippet":"max-snippet:-1","max-image-preview":"max-image-preview:large","max-video-preview":"max-video-preview:-1"},"canonical":"https:\/\/www.vallox.com\/sv\/vallox-info\/sponsorverksamhet\/","og_locale":"sv_SE","og_type":"article","og_title":"Sponsoring - Vallox","og_description":"De viktigaste m\u00e5len f\u00f6r Vallox sponsorverksamhet \u00e4r att \u00f6ka ryktbarheten samt att \u00e5stadkomma en positiv imagep\u00e5verkan hos v\u00e5ra intressentgrupper och d\u00e4rigenom st\u00f6dja aff\u00e4rsverksamheten.","og_url":"https:\/\/www.vallox.com\/sv\/vallox-info\/sponsorverksamhet\/","og_site_name":"Vallox","article_modified_time":"2024-05-16T08:34:30+00:00","og_image":[{"width":720,"height":480,"url":"https:\/\/www.vallox.com\/app\/uploads\/2023\/09\/Hurrikaani_featuredImage.jpg","type":"image\/jpeg"}],"twitter_card":"summary_large_image","twitter_misc":{"Est. reading time":"7 minutes"},"schema":{"@context":"https:\/\/schema.org","@graph":[{"@type":"WebPage","@id":"https:\/\/www.vallox.com\/sv\/vallox-info\/sponsorverksamhet\/","url":"https:\/\/www.vallox.com\/sv\/vallox-info\/sponsorverksamhet\/","name":"Sponsoring - Vallox","isPartOf":{"@id":"https:\/\/www.vallox.com\/sv\/#website"},"primaryImageOfPage":{"@id":"https:\/\/www.vallox.com\/sv\/vallox-info\/sponsorverksamhet\/#primaryimage"},"image":{"@id":"https:\/\/www.vallox.com\/sv\/vallox-info\/sponsorverksamhet\/#primaryimage"},"thumbnailUrl":"https:\/\/www.vallox.com\/app\/uploads\/2023\/09\/Hurrikaani_featuredImage.jpg","datePublished":"2023-06-26T07:45:29+00:00","dateModified":"2024-05-16T08:34:30+00:00","description":"De viktigaste m\u00e5len f\u00f6r Vallox sponsorverksamhet \u00e4r att \u00f6ka ryktbarheten samt att \u00e5stadkomma en positiv imagep\u00e5verkan hos v\u00e5ra intressentgrupper och d\u00e4rigenom st\u00f6dja aff\u00e4rsverksamheten.","breadcrumb":{"@id":"https:\/\/www.vallox.com\/sv\/vallox-info\/sponsorverksamhet\/#breadcrumb"},"inLanguage":"sv-SE","potentialAction":[{"@type":"ReadAction","target":["https:\/\/www.vallox.com\/sv\/vallox-info\/sponsorverksamhet\/"]}]},{"@type":"ImageObject","inLanguage":"sv-SE","@id":"https:\/\/www.vallox.com\/sv\/vallox-info\/sponsorverksamhet\/#primaryimage","url":"https:\/\/www.vallox.com\/app\/uploads\/2023\/09\/Hurrikaani_featuredImage.jpg","contentUrl":"https:\/\/www.vallox.com\/app\/uploads\/2023\/09\/Hurrikaani_featuredImage.jpg","width":720,"height":480},{"@type":"BreadcrumbList","@id":"https:\/\/www.vallox.com\/sv\/vallox-info\/sponsorverksamhet\/#breadcrumb","itemListElement":[{"@type":"ListItem","position":1,"name":"Home","item":"https:\/\/www.vallox.com\/sv\/"},{"@type":"ListItem","position":2,"name":"Vallox info","item":"https:\/\/www.vallox.com\/sv\/vallox-info\/"},{"@type":"ListItem","position":3,"name":"Sponsoring"}]},{"@type":"WebSite","@id":"https:\/\/www.vallox.com\/sv\/#website","url":"https:\/\/www.vallox.com\/sv\/","name":"Vallox","description":"","potentialAction":[{"@type":"SearchAction","target":{"@type":"EntryPoint","urlTemplate":"https:\/\/www.vallox.com\/sv\/?s={search_term_string}"},"query-input":{"@type":"PropertyValueSpecification","valueRequired":true,"valueName":"search_term_string"}}],"inLanguage":"sv-SE"}]}},"_links":{"self":[{"href":"https:\/\/www.vallox.com\/sv\/wp-json\/wp\/v2\/pages\/4010","targetHints":{"allow":["GET"]}}],"collection":[{"href":"https:\/\/www.vallox.com\/sv\/wp-json\/wp\/v2\/pages"}],"about":[{"href":"https:\/\/www.vallox.com\/sv\/wp-json\/wp\/v2\/types\/page"}],"author":[{"embeddable":true,"href":"https:\/\/www.vallox.com\/sv\/wp-json\/wp\/v2\/users\/5"}],"replies":[{"embeddable":true,"href":"https:\/\/www.vallox.com\/sv\/wp-json\/wp\/v2\/comments?post=4010"}],"version-history":[{"count":11,"href":"https:\/\/www.vallox.com\/sv\/wp-json\/wp\/v2\/pages\/4010\/revisions"}],"predecessor-version":[{"id":21761,"href":"https:\/\/www.vallox.com\/sv\/wp-json\/wp\/v2\/pages\/4010\/revisions\/21761"}],"up":[{"embeddable":true,"href":"https:\/\/www.vallox.com\/sv\/wp-json\/wp\/v2\/pages\/9077"}],"wp:featuredmedia":[{"embeddable":true,"href":"https:\/\/www.vallox.com\/sv\/wp-json\/wp\/v2\/media\/16213"}],"wp:attachment":[{"href":"https:\/\/www.vallox.com\/sv\/wp-json\/wp\/v2\/media?parent=4010"}],"curies":[{"name":"wp","href":"https:\/\/api.w.org\/{rel}","templated":true}]}}