{"id":3976,"date":"2023-06-26T10:44:16","date_gmt":"2023-06-26T07:44:16","guid":{"rendered":"https:\/\/vallox.com\/toimintapolitiikka\/"},"modified":"2023-10-06T13:33:29","modified_gmt":"2023-10-06T10:33:29","slug":"verksamhetspolicy","status":"publish","type":"page","link":"https:\/\/www.vallox.com\/sv\/vallox-info\/policyer\/verksamhetspolicy\/","title":{"rendered":"Verksamhetspolicy"},"content":{"rendered":"    <div id=\"Section\" class=\"Block Section overflow-hidden w-full\">\n        <div class=\"Section-content relative max-w-[1088px] mx-auto w-full\">\n            \n\n<h2 class=\"wp-block-heading\">V\u00e5ra m\u00e5l och verksamhetsprinciper<\/h2>\n\n\n\n<p>I v\u00e5r verksamhet beaktar vi v\u00e5ra intressentgruppers behov och krav samt de risker och m\u00f6jligheter som g\u00e4ller dem och v\u00e5r verksamhetsmilj\u00f6.<\/p>\n\n\n\n<p>Vi \u00e4r innovativa och initiativrika. Vi planerar och tillverkar tekniskt och operativt h\u00f6gklassiga, s\u00e4kra och till sin milj\u00f6belastning optimerade produkter. Vi m\u00f6jligg\u00f6r f\u00f6rh\u00e5llanden och en verksamhetsmilj\u00f6 d\u00e4r b\u00e5de verksamhetens och produkternas kvalitet, personalens v\u00e4lm\u00e5ende och ork samt s\u00e4kerhetsfr\u00e5gorna och milj\u00f6konsekvenserna i v\u00e5r verksamhet \u00e4r under kontroll.<\/p>\n\n\n\n<p>Vi iakttar alltid en god aff\u00e4rspraxis, kraven i lagstiftningen samt principerna f\u00f6r socialt ansvar och h\u00e5llbar utveckling. V\u00e5r personal deltar i utvecklingen av v\u00e5ra verksamhetss\u00e4tt tillsammans med v\u00e5ra kunder och andra intressentgrupper.<\/p>\n\n\n\n<p><\/p>\n\n\n\n<h2 class=\"wp-block-heading\">Kvalitet<\/h2>\n\n\n\n<p>Vi f\u00f6r en dialog med v\u00e5ra produkters anv\u00e4ndare f\u00f6r att f\u00f6rst\u00e5 deras f\u00f6rv\u00e4ntningar och s\u00e4rskilt med v\u00e5ra kunder f\u00f6r att f\u00f6rst\u00e5 deras aff\u00e4rsverksamhet och f\u00f6r att kunna tillhandah\u00e5lla s\u00e5dana produkter och l\u00f6sningar som de beh\u00f6ver. V\u00e5ra produkter designas s\u00e5 att de \u00e4r l\u00e4ttanv\u00e4nda, h\u00f6gklassiga och kravenliga. I planeringen beaktar vi ocks\u00e5 deras tillverkningsbarhet. V\u00e5r verksamhet \u00e4r effektiv och l\u00f6nsam s\u00e5 att de krav som \u00e4garna och ledningen st\u00e4llt p\u00e5 verksamheten uppfylls. Vi tar tag i observerade avvikelser och utreder orsaken till dessa. Vi genomf\u00f6r \u00e5tg\u00e4rder enligt \u00f6verenskommelse. Det \u00e4r viktigt f\u00f6r oss att kunderna f\u00e5r de produkter de best\u00e4llt enligt \u00f6verenskommen tidtabell och levererade till r\u00e4tt plats.<\/p>\n\n\n\n<p><\/p>\n\n\n\n<h2 class=\"wp-block-heading\">Milj\u00f6<\/h2>\n\n\n\n<p>Vi k\u00e4nner till milj\u00f6konsekvenserna av v\u00e5r verksamhet och arbetar kontinuerligt f\u00f6r att minska dem. V\u00e5ra produkter designas s\u00e5 att de \u00e4r energieffektiva och h\u00e5llbara, de har en l\u00e5ng livsl\u00e4ngd och belastar milj\u00f6n s\u00e5 lite som m\u00f6jligt. Vi identifierar den milj\u00f6belastning som v\u00e5ra produkter orsakar under hela livscykeln och vi har f\u00f6rbundit oss att minska den. Vi fr\u00e4mjar v\u00e5ra intressentgruppers milj\u00f6medvetenhet f\u00f6r att uppn\u00e5 de ovan n\u00e4mnda m\u00e5len. Vi styr material som tagits ur bruk till \u00e5teranv\u00e4ndning alltid n\u00e4r det \u00e4r tekniskt m\u00f6jligt och ekonomiskt l\u00f6nsamt.<\/p>\n\n\n\n<p><\/p>\n\n\n\n<h2 class=\"wp-block-heading\">S\u00e4kerhet och v\u00e4lm\u00e5ende<\/h2>\n\n\n\n<p>Vi str\u00e4var alltid efter att handla p\u00e5 ett f\u00f6rutseende s\u00e4tt och att f\u00f6rebygga olycksfall p\u00e5 f\u00f6rhand. Vi rapporterar och unders\u00f6ker alla olycksfall som intr\u00e4ffat och iakttagelser som p\u00e5verkar s\u00e4kerheten f\u00f6r att kunna l\u00e4ra oss om dem. Vi planerar och tillverkar v\u00e5ra produkter s\u00e5 att tillverkningen av dem sker s\u00e4kert, det \u00e4r riskfritt att ta dem i bruk och s\u00e5 att anv\u00e4ndningen enligt anvisningarna garanterar en h\u00e4lsosam och trivsam inomhusluft. Vi s\u00f6rjer f\u00f6r s\u00e4kerheten och trivseln p\u00e5 v\u00e5r arbetsplats genom att s\u00e4kerst\u00e4lla att eventuella faror har identifierats och att riskerna hanteras. En h\u00f6gklassig f\u00f6retagsh\u00e4lsov\u00e5rd som \u00e4ven t\u00e4cker kostnader f\u00f6r specialiserad sjukv\u00e5rd st\u00f6der personalens v\u00e4lm\u00e5ende och s\u00e4kerhet. Ut\u00f6ver detta satsar vi p\u00e5 personalens v\u00e4lm\u00e5ende genom att st\u00f6dja bland annat kultur- och motionsaktiviteter.<\/p>\n\n\n\n<p><\/p>\n\n\n\n<h2 class=\"wp-block-heading\">Ansvar<\/h2>\n\n\n\n<p>F\u00f6retagets ledning och cheferna har ansvar f\u00f6r ledningen och utvecklingen av kvalitets- och milj\u00f6fr\u00e5gor samt av f\u00f6retagsh\u00e4lsov\u00e5rds- och s\u00e4kerhetsfr\u00e5gor. Alla Vallox-anst\u00e4llda har ansvar f\u00f6r att iaktta \u00f6verenskomna verksamhetss\u00e4tt samt f\u00f6r att aktivt lyfta fram och kontinuerligt bidra till att f\u00f6rb\u00e4ttra utvecklingsobjekt och brister som observerats i v\u00e5r verksamhet. Det \u00e4r viktigt f\u00f6r oss att sk\u00f6ta om b\u00e5de v\u00e5rt eget och medarbetarnas ork och v\u00e4lm\u00e5ende.<\/p>\n\n\n    <\/div>\n<\/div>\n","protected":false},"excerpt":{"rendered":"","protected":false},"author":5,"featured_media":19406,"parent":9254,"menu_order":1,"comment_status":"closed","ping_status":"closed","template":"","meta":{"_acf_changed":false,"footnotes":""},"class_list":["post-3976","page","type-page","status-publish","has-post-thumbnail","hentry"],"acf":[],"yoast_head":"<!-- This site is optimized with the Yoast SEO plugin v26.9 - https:\/\/yoast.com\/product\/yoast-seo-wordpress\/ -->\n<title>Verksamhetspolicy - Vallox<\/title>\n<meta name=\"description\" content=\"I v\u00e5r verksamhet beaktar vi v\u00e5ra intressentgruppers behov och krav samt de risker och m\u00f6jligheter som g\u00e4ller dem och v\u00e5r verksamhetsmilj\u00f6.\" \/>\n<meta name=\"robots\" content=\"index, follow, max-snippet:-1, max-image-preview:large, max-video-preview:-1\" \/>\n<link rel=\"canonical\" href=\"https:\/\/www.vallox.com\/sv\/vallox-info\/policyer\/verksamhetspolicy\/\" \/>\n<meta property=\"og:locale\" content=\"sv_SE\" \/>\n<meta property=\"og:type\" content=\"article\" \/>\n<meta property=\"og:title\" content=\"Verksamhetspolicy - Vallox\" \/>\n<meta property=\"og:description\" content=\"I v\u00e5r verksamhet beaktar vi v\u00e5ra intressentgruppers behov och krav samt de risker och m\u00f6jligheter som g\u00e4ller dem och v\u00e5r verksamhetsmilj\u00f6.\" \/>\n<meta property=\"og:url\" content=\"https:\/\/www.vallox.com\/sv\/vallox-info\/policyer\/verksamhetspolicy\/\" \/>\n<meta property=\"og:site_name\" content=\"Vallox\" \/>\n<meta property=\"article:modified_time\" content=\"2023-10-06T10:33:29+00:00\" \/>\n<meta name=\"twitter:card\" content=\"summary_large_image\" \/>\n<meta name=\"twitter:label1\" content=\"Est. reading time\" \/>\n\t<meta name=\"twitter:data1\" content=\"4 minutes\" \/>\n<script type=\"application\/ld+json\" class=\"yoast-schema-graph\">{\"@context\":\"https:\/\/schema.org\",\"@graph\":[{\"@type\":\"WebPage\",\"@id\":\"https:\/\/www.vallox.com\/sv\/vallox-info\/policyer\/verksamhetspolicy\/\",\"url\":\"https:\/\/www.vallox.com\/sv\/vallox-info\/policyer\/verksamhetspolicy\/\",\"name\":\"Verksamhetspolicy - Vallox\",\"isPartOf\":{\"@id\":\"https:\/\/www.vallox.com\/sv\/#website\"},\"primaryImageOfPage\":{\"@id\":\"https:\/\/www.vallox.com\/sv\/vallox-info\/policyer\/verksamhetspolicy\/#primaryimage\"},\"image\":{\"@id\":\"https:\/\/www.vallox.com\/sv\/vallox-info\/policyer\/verksamhetspolicy\/#primaryimage\"},\"thumbnailUrl\":\"https:\/\/www.vallox.com\/app\/uploads\/2023\/11\/lahettamontyontekijatFeatured_720x480px.png\",\"datePublished\":\"2023-06-26T07:44:16+00:00\",\"dateModified\":\"2023-10-06T10:33:29+00:00\",\"description\":\"I v\u00e5r verksamhet beaktar vi v\u00e5ra intressentgruppers behov och krav samt de risker och m\u00f6jligheter som g\u00e4ller dem och v\u00e5r verksamhetsmilj\u00f6.\",\"breadcrumb\":{\"@id\":\"https:\/\/www.vallox.com\/sv\/vallox-info\/policyer\/verksamhetspolicy\/#breadcrumb\"},\"inLanguage\":\"sv-SE\",\"potentialAction\":[{\"@type\":\"ReadAction\",\"target\":[\"https:\/\/www.vallox.com\/sv\/vallox-info\/policyer\/verksamhetspolicy\/\"]}]},{\"@type\":\"ImageObject\",\"inLanguage\":\"sv-SE\",\"@id\":\"https:\/\/www.vallox.com\/sv\/vallox-info\/policyer\/verksamhetspolicy\/#primaryimage\",\"url\":\"https:\/\/www.vallox.com\/app\/uploads\/2023\/11\/lahettamontyontekijatFeatured_720x480px.png\",\"contentUrl\":\"https:\/\/www.vallox.com\/app\/uploads\/2023\/11\/lahettamontyontekijatFeatured_720x480px.png\",\"width\":720,\"height\":480,\"caption\":\"Valloxin l\u00e4hett\u00e4m\u00f6n ty\u00f6ntekij\u00e4t\"},{\"@type\":\"BreadcrumbList\",\"@id\":\"https:\/\/www.vallox.com\/sv\/vallox-info\/policyer\/verksamhetspolicy\/#breadcrumb\",\"itemListElement\":[{\"@type\":\"ListItem\",\"position\":1,\"name\":\"Home\",\"item\":\"https:\/\/www.vallox.com\/sv\/\"},{\"@type\":\"ListItem\",\"position\":2,\"name\":\"Vallox info\",\"item\":\"https:\/\/www.vallox.com\/sv\/vallox-info\/\"},{\"@type\":\"ListItem\",\"position\":3,\"name\":\"Policyer\",\"item\":\"https:\/\/www.vallox.com\/sv\/vallox-info\/policyer\/\"},{\"@type\":\"ListItem\",\"position\":4,\"name\":\"Verksamhetspolicy\"}]},{\"@type\":\"WebSite\",\"@id\":\"https:\/\/www.vallox.com\/sv\/#website\",\"url\":\"https:\/\/www.vallox.com\/sv\/\",\"name\":\"Vallox\",\"description\":\"\",\"potentialAction\":[{\"@type\":\"SearchAction\",\"target\":{\"@type\":\"EntryPoint\",\"urlTemplate\":\"https:\/\/www.vallox.com\/sv\/?s={search_term_string}\"},\"query-input\":{\"@type\":\"PropertyValueSpecification\",\"valueRequired\":true,\"valueName\":\"search_term_string\"}}],\"inLanguage\":\"sv-SE\"}]}<\/script>\n<!-- \/ Yoast SEO plugin. -->","yoast_head_json":{"title":"Verksamhetspolicy - Vallox","description":"I v\u00e5r verksamhet beaktar vi v\u00e5ra intressentgruppers behov och krav samt de risker och m\u00f6jligheter som g\u00e4ller dem och v\u00e5r verksamhetsmilj\u00f6.","robots":{"index":"index","follow":"follow","max-snippet":"max-snippet:-1","max-image-preview":"max-image-preview:large","max-video-preview":"max-video-preview:-1"},"canonical":"https:\/\/www.vallox.com\/sv\/vallox-info\/policyer\/verksamhetspolicy\/","og_locale":"sv_SE","og_type":"article","og_title":"Verksamhetspolicy - Vallox","og_description":"I v\u00e5r verksamhet beaktar vi v\u00e5ra intressentgruppers behov och krav samt de risker och m\u00f6jligheter som g\u00e4ller dem och v\u00e5r verksamhetsmilj\u00f6.","og_url":"https:\/\/www.vallox.com\/sv\/vallox-info\/policyer\/verksamhetspolicy\/","og_site_name":"Vallox","article_modified_time":"2023-10-06T10:33:29+00:00","twitter_card":"summary_large_image","twitter_misc":{"Est. reading time":"4 minutes"},"schema":{"@context":"https:\/\/schema.org","@graph":[{"@type":"WebPage","@id":"https:\/\/www.vallox.com\/sv\/vallox-info\/policyer\/verksamhetspolicy\/","url":"https:\/\/www.vallox.com\/sv\/vallox-info\/policyer\/verksamhetspolicy\/","name":"Verksamhetspolicy - Vallox","isPartOf":{"@id":"https:\/\/www.vallox.com\/sv\/#website"},"primaryImageOfPage":{"@id":"https:\/\/www.vallox.com\/sv\/vallox-info\/policyer\/verksamhetspolicy\/#primaryimage"},"image":{"@id":"https:\/\/www.vallox.com\/sv\/vallox-info\/policyer\/verksamhetspolicy\/#primaryimage"},"thumbnailUrl":"https:\/\/www.vallox.com\/app\/uploads\/2023\/11\/lahettamontyontekijatFeatured_720x480px.png","datePublished":"2023-06-26T07:44:16+00:00","dateModified":"2023-10-06T10:33:29+00:00","description":"I v\u00e5r verksamhet beaktar vi v\u00e5ra intressentgruppers behov och krav samt de risker och m\u00f6jligheter som g\u00e4ller dem och v\u00e5r verksamhetsmilj\u00f6.","breadcrumb":{"@id":"https:\/\/www.vallox.com\/sv\/vallox-info\/policyer\/verksamhetspolicy\/#breadcrumb"},"inLanguage":"sv-SE","potentialAction":[{"@type":"ReadAction","target":["https:\/\/www.vallox.com\/sv\/vallox-info\/policyer\/verksamhetspolicy\/"]}]},{"@type":"ImageObject","inLanguage":"sv-SE","@id":"https:\/\/www.vallox.com\/sv\/vallox-info\/policyer\/verksamhetspolicy\/#primaryimage","url":"https:\/\/www.vallox.com\/app\/uploads\/2023\/11\/lahettamontyontekijatFeatured_720x480px.png","contentUrl":"https:\/\/www.vallox.com\/app\/uploads\/2023\/11\/lahettamontyontekijatFeatured_720x480px.png","width":720,"height":480,"caption":"Valloxin l\u00e4hett\u00e4m\u00f6n ty\u00f6ntekij\u00e4t"},{"@type":"BreadcrumbList","@id":"https:\/\/www.vallox.com\/sv\/vallox-info\/policyer\/verksamhetspolicy\/#breadcrumb","itemListElement":[{"@type":"ListItem","position":1,"name":"Home","item":"https:\/\/www.vallox.com\/sv\/"},{"@type":"ListItem","position":2,"name":"Vallox info","item":"https:\/\/www.vallox.com\/sv\/vallox-info\/"},{"@type":"ListItem","position":3,"name":"Policyer","item":"https:\/\/www.vallox.com\/sv\/vallox-info\/policyer\/"},{"@type":"ListItem","position":4,"name":"Verksamhetspolicy"}]},{"@type":"WebSite","@id":"https:\/\/www.vallox.com\/sv\/#website","url":"https:\/\/www.vallox.com\/sv\/","name":"Vallox","description":"","potentialAction":[{"@type":"SearchAction","target":{"@type":"EntryPoint","urlTemplate":"https:\/\/www.vallox.com\/sv\/?s={search_term_string}"},"query-input":{"@type":"PropertyValueSpecification","valueRequired":true,"valueName":"search_term_string"}}],"inLanguage":"sv-SE"}]}},"_links":{"self":[{"href":"https:\/\/www.vallox.com\/sv\/wp-json\/wp\/v2\/pages\/3976","targetHints":{"allow":["GET"]}}],"collection":[{"href":"https:\/\/www.vallox.com\/sv\/wp-json\/wp\/v2\/pages"}],"about":[{"href":"https:\/\/www.vallox.com\/sv\/wp-json\/wp\/v2\/types\/page"}],"author":[{"embeddable":true,"href":"https:\/\/www.vallox.com\/sv\/wp-json\/wp\/v2\/users\/5"}],"replies":[{"embeddable":true,"href":"https:\/\/www.vallox.com\/sv\/wp-json\/wp\/v2\/comments?post=3976"}],"version-history":[{"count":6,"href":"https:\/\/www.vallox.com\/sv\/wp-json\/wp\/v2\/pages\/3976\/revisions"}],"predecessor-version":[{"id":18526,"href":"https:\/\/www.vallox.com\/sv\/wp-json\/wp\/v2\/pages\/3976\/revisions\/18526"}],"up":[{"embeddable":true,"href":"https:\/\/www.vallox.com\/sv\/wp-json\/wp\/v2\/pages\/9254"}],"wp:featuredmedia":[{"embeddable":true,"href":"https:\/\/www.vallox.com\/sv\/wp-json\/wp\/v2\/media\/19406"}],"wp:attachment":[{"href":"https:\/\/www.vallox.com\/sv\/wp-json\/wp\/v2\/media?parent=3976"}],"curies":[{"name":"wp","href":"https:\/\/api.w.org\/{rel}","templated":true}]}}