{"id":3909,"date":"2023-06-26T09:48:07","date_gmt":"2023-06-26T06:48:07","guid":{"rendered":"https:\/\/vallox.com\/historia\/"},"modified":"2023-09-06T11:10:32","modified_gmt":"2023-09-06T08:10:32","slug":"historien","status":"publish","type":"page","link":"https:\/\/www.vallox.com\/sv\/vallox-info\/historien\/","title":{"rendered":"Historien om Vallox"},"content":{"rendered":"<div class=\"mb-8 antiwrap mt-0 xl:-mt-24 w-[calc(100%+2rem)] md:w-[calc(100%+7rem)] lg:w-[calc(100%+10rem)] xl:w-[calc(100%+5rem)] 2xl:w-[calc(100%+11rem)] max-w-[1838px]\" >\n    <div class=\"\n        HeroTall\n        z-10\n        w-full min-h-[calc(100vh-6.5rem)] xl:min-h-full xl:aspect-[2\/1] flex flex-col items-center justify-center relative bg-cover\n    \">\n        <div class=\"absolute left-0 right-0 bottom-0 top-0 xl:rounded-tl-[200px] rounded-br-[70px] md:rounded-br-[100px] xl:rounded-br-[200px] overflow-hidden\">\n            <picture class=\"w-full h-full\">\n                                                \n                                                                            <source\n                        media=\"(min-width: 0px) and (max-width: 640px)\"\n                        srcset=\"\n                                                                    https:\/\/www.vallox.com\/app\/uploads\/2023\/07\/historia_valmet-300x141.jpg 300w,\n                                                                    https:\/\/www.vallox.com\/app\/uploads\/2023\/07\/historia_valmet-768x360.jpg 768w,\n                                                                    https:\/\/www.vallox.com\/app\/uploads\/2023\/07\/historia_valmet-1024x480.jpg 1024w,\n                                                                    https:\/\/www.vallox.com\/app\/uploads\/2023\/07\/historia_valmet-1536x720.jpg 1536w,\n                                                                    https:\/\/www.vallox.com\/app\/uploads\/2023\/07\/historia_valmet.jpg 1920w,\n                                                                                            \"\n                    \/>\n                                <img decoding=\"async\" class=\"h-full w-full object-cover\" src=\"https:\/\/www.vallox.com\/app\/uploads\/2023\/07\/historia_valmet.jpg\" alt=\"Valmet\" \/>\n            <\/picture>\n        <\/div>\n        <h1 class=\"Title relative z-20 mb-8\n            text-4xl lg:text-5xl 2xl:text-6xl\n            leading-10 lg:leading[55px] 2xl:leading-[65px]\n            text-white\n            font-semibold\n            font-primary text-center w-9\/12 xl:w-2\/3\n        \">\n            Historia\n        <\/h1>\n\n            <\/div>\n<\/div>\n\n\n    <div id=\"\" class=\"Block Section overflow-hidden w-full\">\n        <div class=\"Section-content relative max-w-[1088px] mx-auto w-full\">\n            \n\n<div style=\"height:50px\" aria-hidden=\"true\" class=\"wp-block-spacer\"><\/div>\n\n\n\n<h3 class=\"wp-block-heading has-text-align-center\"><strong><em>Utvecklingen av de moderna bostadsvisa ventilationsaggregaten tog sin b\u00f6rjan med fl\u00e4ktar som tillverkades f\u00f6r att betala av p\u00e5 krigsskadest\u00e5ndet.<\/em><\/strong><\/h3>\n\n\n\n<div style=\"height:50px\" aria-hidden=\"true\" class=\"wp-block-spacer\"><\/div>\n\n\n\n<p>P\u00e5 Valtion Metallitehtaiden (Statens metallverkst\u00e4der), dvs. Valmets, flygmaskinsfabrik i Tammerfors b\u00f6rjade man p\u00e5 1940-talet tillverka fl\u00e4ktar f\u00f6r torkning av s\u00e5gat virke. \u00c5r 1964 flyttades tillverkningen av ventilationsaggregat, som d\u00e5 fortfarande n\u00e4rmast var \u00e4mnade f\u00f6r industribruk, fr\u00e5n Tammerfors till Valmets fabrik i Pansio d\u00e4r fartygsbygget minskade. \u00c5ret d\u00e4rp\u00e5 lanserade Valmet en takfl\u00e4ktsserie med ett alternativ \u00e4ven f\u00f6r bost\u00e4der.<\/p>\n\n\n\n<p>Under den snabba urbaniseringen p\u00e5 60-talet byggdes ett stort antal flerv\u00e5ningshus som f\u00f6rs\u00e5gs med centraliserad fr\u00e5nluftsventilation och man b\u00f6rjade \u00e4ven ansluta spisk\u00e5por till systemet. S\u00e5lunda b\u00f6rjade \u00e4ven Valmet tillverka spisk\u00e5por p\u00e5 underleverant\u00f6rsbasis 1970.<\/p>\n\n\n\n<p><\/p>\n\n\n\n<h2 class=\"wp-block-heading\">Valmet Loimaa fabrik etablerades<\/h2>\n\n\n\n<p>N\u00e4r utrymmet i Pansio tog slut, grundades Valmets fabrik i Loimaa och hops\u00e4ttningen av takfl\u00e4ktarna flyttades dit. Med energikrisen i b\u00f6rjan av 1970-talet utvecklades ventilation f\u00f6r bostadsbruk och 1976 lanserade Valmet det energisparande luftv\u00e4rmesystemet Kotil\u00e4mp\u00f6 som under f\u00f6ljande \u00e5rtionde s\u00e5lde i 15 000 exemplar. Andra k\u00e4nda produkter var fr\u00e5nluftspumpen Saituri och Valmet Vesitakka, en vattenmantel f\u00f6r montering i kaminer. Fabriken i Loimaa byggdes ut f\u00f6r andra g\u00e5ngen och var mycket innovativ, bland annat var det solv\u00e4rmesystem f\u00f6r sm\u00e5hus som lanserades redan 1980 f\u00f6rsett med en avancerad mikroprocessorstyrning. I mitten av 80-talet lanserades legendariska MUH Ilmava, ett till-\/fr\u00e5nluftsaggregat f\u00f6rsett med v\u00e4rme\u00e5tervinning, som fortfarande \u00e4r den mest s\u00e5lda ventilationsaggregatsmodellen i Finland n\u00e5gonsin.<\/p>\n\n\n\n<p>\u00c5r 1985 gick fartygsventilationsavdelningen p\u00e5 fabriken i Pansio samman med fabriken i Loimaa som d\u00e5 b\u00f6rjade tillverka \u00e4ven ventilationsaggregat f\u00f6r fartyg.<\/p>\n\n\n\n<p><\/p>\n\n\n\n<h2 class=\"wp-block-heading\">Valmet blir Vallox Oy<\/h2>\n\n\n\n<p>I b\u00f6rjan av 1980-talet delade Valmet och W\u00e4rtsil\u00e4 upp pappersmaskins- och fartygstillverkningen. Valmet ville koncentrera sig p\u00e5 pappersindustrin och s\u00e5lde 1987 ventilationsaggregatsfabriken i Loimaa genom ett MBO till den operativa ledningen. Vallox Oy f\u00f6ddes.<\/p>\n\n\n\n<p>N\u00e5gra \u00e5r senare inriktade sig Vallox p\u00e5 bostadsventilation och s\u00e5lde fartygsventilationsavdelningen till danska Novenco As. \u00c5r 2002 k\u00f6ptes aktiemajoriteten i Vallox upp av det tyska familjef\u00f6retaget TOP AIR AG.<\/p>\n\n\n\n<p>Vallox fortsatte i b\u00f6rjan av 2000-talet att huvudsakligen arbeta med ventilation i bost\u00e4der. \u00c5r 2011 blev den fj\u00e4rde utbyggnaden av fabriken i Loimaa klar, vilket m\u00e5ngdubblade fabrikens kapacitet.<\/p>\n\n\n\n<p><\/p>\n\n\n\n<h2 class=\"wp-block-heading\">Satsningar p\u00e5 produktutveckling<\/h2>\n\n\n\n<p>P\u00e5 2000-talet fortsatte Vallox utveckla energieffektiva ventilationsaggregat. \u00c5r 2015 lanserades ventilationsaggregaten MyVallox, som kan styras p\u00e5 distans via en molntj\u00e4nst och har inbyggda fukt- och koldioxidgivare. Tack vare givarna forcerar aggregatet ventilationen automatiskt efter behov. \u00c5r 2018 f\u00e4rdigst\u00e4lldes Vallox eget ljudlaboratorium i anslutning till fabriken. D\u00e4r testas och utvecklas produkternas ljudtekniska egenskaper.<\/p>\n\n\n\n<p>Vallox har under 2020-talet lanserat nya produkter f\u00f6r bostadsventilation, bland annat spisk\u00e5peserien Vallox Delico och marknadens tystaste ventilationsaggregat, Vallox 99 MV. F\u00f6retaget har ocks\u00e5 breddat utbudet med luftbehandlingsaggregaten Vallox Pureo, som l\u00e4mpar sig f\u00f6r verksamhets- och aff\u00e4rslokaler och offentliga byggnader.<\/p>\n\n\n\n<p>\u00c5r 2022 blev dessutom den nya utbyggnaden av fabriken f\u00e4rdig, vilket ut\u00f6kade lastningsavdelningen och lagerlokalerna med omkring 2000 kvadratmeter. Fabrikens \u00e5rliga kapacitet \u00e4r i dagsl\u00e4get cirka 50 000 ventilationsaggregat.<\/p>\n\n\n    <\/div>\n<\/div>\n\n\n\n<p><\/p>\n","protected":false},"excerpt":{"rendered":"","protected":false},"author":5,"featured_media":19411,"parent":9077,"menu_order":70,"comment_status":"closed","ping_status":"closed","template":"","meta":{"_acf_changed":false,"footnotes":""},"class_list":["post-3909","page","type-page","status-publish","has-post-thumbnail","hentry"],"acf":[],"yoast_head":"<!-- This site is optimized with the Yoast SEO plugin v26.9 - https:\/\/yoast.com\/product\/yoast-seo-wordpress\/ -->\n<title>Historien om Vallox - Vallox<\/title>\n<meta name=\"description\" content=\"Vallox \u00e4r ett k\u00e4nt f\u00f6retag som i 50 \u00e5r har tillverkat ventilationssystem i Finland. L\u00e4s mer av f\u00f6retagets historia.\" \/>\n<meta name=\"robots\" content=\"index, follow, max-snippet:-1, max-image-preview:large, max-video-preview:-1\" \/>\n<link rel=\"canonical\" href=\"https:\/\/www.vallox.com\/sv\/vallox-info\/historien\/\" \/>\n<meta property=\"og:locale\" content=\"sv_SE\" \/>\n<meta property=\"og:type\" content=\"article\" \/>\n<meta property=\"og:title\" content=\"Historien om Vallox - Vallox\" \/>\n<meta property=\"og:description\" content=\"Vallox \u00e4r ett k\u00e4nt f\u00f6retag som i 50 \u00e5r har tillverkat ventilationssystem i Finland. L\u00e4s mer av f\u00f6retagets historia.\" \/>\n<meta property=\"og:url\" content=\"https:\/\/www.vallox.com\/sv\/vallox-info\/historien\/\" \/>\n<meta property=\"og:site_name\" content=\"Vallox\" \/>\n<meta property=\"article:modified_time\" content=\"2023-09-06T08:10:32+00:00\" \/>\n<meta name=\"twitter:card\" content=\"summary_large_image\" \/>\n<meta name=\"twitter:label1\" content=\"Est. reading time\" \/>\n\t<meta name=\"twitter:data1\" content=\"3 minutes\" \/>\n<script type=\"application\/ld+json\" class=\"yoast-schema-graph\">{\"@context\":\"https:\/\/schema.org\",\"@graph\":[{\"@type\":\"WebPage\",\"@id\":\"https:\/\/www.vallox.com\/sv\/vallox-info\/historien\/\",\"url\":\"https:\/\/www.vallox.com\/sv\/vallox-info\/historien\/\",\"name\":\"Historien om Vallox - Vallox\",\"isPartOf\":{\"@id\":\"https:\/\/www.vallox.com\/sv\/#website\"},\"primaryImageOfPage\":{\"@id\":\"https:\/\/www.vallox.com\/sv\/vallox-info\/historien\/#primaryimage\"},\"image\":{\"@id\":\"https:\/\/www.vallox.com\/sv\/vallox-info\/historien\/#primaryimage\"},\"thumbnailUrl\":\"https:\/\/www.vallox.com\/app\/uploads\/2023\/11\/ilmakuvatehtaastaFeatured_720x480px.png\",\"datePublished\":\"2023-06-26T06:48:07+00:00\",\"dateModified\":\"2023-09-06T08:10:32+00:00\",\"description\":\"Vallox \u00e4r ett k\u00e4nt f\u00f6retag som i 50 \u00e5r har tillverkat ventilationssystem i Finland. L\u00e4s mer av f\u00f6retagets historia.\",\"breadcrumb\":{\"@id\":\"https:\/\/www.vallox.com\/sv\/vallox-info\/historien\/#breadcrumb\"},\"inLanguage\":\"sv-SE\",\"potentialAction\":[{\"@type\":\"ReadAction\",\"target\":[\"https:\/\/www.vallox.com\/sv\/vallox-info\/historien\/\"]}]},{\"@type\":\"ImageObject\",\"inLanguage\":\"sv-SE\",\"@id\":\"https:\/\/www.vallox.com\/sv\/vallox-info\/historien\/#primaryimage\",\"url\":\"https:\/\/www.vallox.com\/app\/uploads\/2023\/11\/ilmakuvatehtaastaFeatured_720x480px.png\",\"contentUrl\":\"https:\/\/www.vallox.com\/app\/uploads\/2023\/11\/ilmakuvatehtaastaFeatured_720x480px.png\",\"width\":720,\"height\":480,\"caption\":\"Valloxin tehdas Loimaalla\"},{\"@type\":\"BreadcrumbList\",\"@id\":\"https:\/\/www.vallox.com\/sv\/vallox-info\/historien\/#breadcrumb\",\"itemListElement\":[{\"@type\":\"ListItem\",\"position\":1,\"name\":\"Home\",\"item\":\"https:\/\/www.vallox.com\/sv\/\"},{\"@type\":\"ListItem\",\"position\":2,\"name\":\"Vallox info\",\"item\":\"https:\/\/www.vallox.com\/sv\/vallox-info\/\"},{\"@type\":\"ListItem\",\"position\":3,\"name\":\"Historien om Vallox\"}]},{\"@type\":\"WebSite\",\"@id\":\"https:\/\/www.vallox.com\/sv\/#website\",\"url\":\"https:\/\/www.vallox.com\/sv\/\",\"name\":\"Vallox\",\"description\":\"\",\"potentialAction\":[{\"@type\":\"SearchAction\",\"target\":{\"@type\":\"EntryPoint\",\"urlTemplate\":\"https:\/\/www.vallox.com\/sv\/?s={search_term_string}\"},\"query-input\":{\"@type\":\"PropertyValueSpecification\",\"valueRequired\":true,\"valueName\":\"search_term_string\"}}],\"inLanguage\":\"sv-SE\"}]}<\/script>\n<!-- \/ Yoast SEO plugin. -->","yoast_head_json":{"title":"Historien om Vallox - Vallox","description":"Vallox \u00e4r ett k\u00e4nt f\u00f6retag som i 50 \u00e5r har tillverkat ventilationssystem i Finland. L\u00e4s mer av f\u00f6retagets historia.","robots":{"index":"index","follow":"follow","max-snippet":"max-snippet:-1","max-image-preview":"max-image-preview:large","max-video-preview":"max-video-preview:-1"},"canonical":"https:\/\/www.vallox.com\/sv\/vallox-info\/historien\/","og_locale":"sv_SE","og_type":"article","og_title":"Historien om Vallox - Vallox","og_description":"Vallox \u00e4r ett k\u00e4nt f\u00f6retag som i 50 \u00e5r har tillverkat ventilationssystem i Finland. L\u00e4s mer av f\u00f6retagets historia.","og_url":"https:\/\/www.vallox.com\/sv\/vallox-info\/historien\/","og_site_name":"Vallox","article_modified_time":"2023-09-06T08:10:32+00:00","twitter_card":"summary_large_image","twitter_misc":{"Est. reading time":"3 minutes"},"schema":{"@context":"https:\/\/schema.org","@graph":[{"@type":"WebPage","@id":"https:\/\/www.vallox.com\/sv\/vallox-info\/historien\/","url":"https:\/\/www.vallox.com\/sv\/vallox-info\/historien\/","name":"Historien om Vallox - Vallox","isPartOf":{"@id":"https:\/\/www.vallox.com\/sv\/#website"},"primaryImageOfPage":{"@id":"https:\/\/www.vallox.com\/sv\/vallox-info\/historien\/#primaryimage"},"image":{"@id":"https:\/\/www.vallox.com\/sv\/vallox-info\/historien\/#primaryimage"},"thumbnailUrl":"https:\/\/www.vallox.com\/app\/uploads\/2023\/11\/ilmakuvatehtaastaFeatured_720x480px.png","datePublished":"2023-06-26T06:48:07+00:00","dateModified":"2023-09-06T08:10:32+00:00","description":"Vallox \u00e4r ett k\u00e4nt f\u00f6retag som i 50 \u00e5r har tillverkat ventilationssystem i Finland. L\u00e4s mer av f\u00f6retagets historia.","breadcrumb":{"@id":"https:\/\/www.vallox.com\/sv\/vallox-info\/historien\/#breadcrumb"},"inLanguage":"sv-SE","potentialAction":[{"@type":"ReadAction","target":["https:\/\/www.vallox.com\/sv\/vallox-info\/historien\/"]}]},{"@type":"ImageObject","inLanguage":"sv-SE","@id":"https:\/\/www.vallox.com\/sv\/vallox-info\/historien\/#primaryimage","url":"https:\/\/www.vallox.com\/app\/uploads\/2023\/11\/ilmakuvatehtaastaFeatured_720x480px.png","contentUrl":"https:\/\/www.vallox.com\/app\/uploads\/2023\/11\/ilmakuvatehtaastaFeatured_720x480px.png","width":720,"height":480,"caption":"Valloxin tehdas Loimaalla"},{"@type":"BreadcrumbList","@id":"https:\/\/www.vallox.com\/sv\/vallox-info\/historien\/#breadcrumb","itemListElement":[{"@type":"ListItem","position":1,"name":"Home","item":"https:\/\/www.vallox.com\/sv\/"},{"@type":"ListItem","position":2,"name":"Vallox info","item":"https:\/\/www.vallox.com\/sv\/vallox-info\/"},{"@type":"ListItem","position":3,"name":"Historien om Vallox"}]},{"@type":"WebSite","@id":"https:\/\/www.vallox.com\/sv\/#website","url":"https:\/\/www.vallox.com\/sv\/","name":"Vallox","description":"","potentialAction":[{"@type":"SearchAction","target":{"@type":"EntryPoint","urlTemplate":"https:\/\/www.vallox.com\/sv\/?s={search_term_string}"},"query-input":{"@type":"PropertyValueSpecification","valueRequired":true,"valueName":"search_term_string"}}],"inLanguage":"sv-SE"}]}},"_links":{"self":[{"href":"https:\/\/www.vallox.com\/sv\/wp-json\/wp\/v2\/pages\/3909","targetHints":{"allow":["GET"]}}],"collection":[{"href":"https:\/\/www.vallox.com\/sv\/wp-json\/wp\/v2\/pages"}],"about":[{"href":"https:\/\/www.vallox.com\/sv\/wp-json\/wp\/v2\/types\/page"}],"author":[{"embeddable":true,"href":"https:\/\/www.vallox.com\/sv\/wp-json\/wp\/v2\/users\/5"}],"replies":[{"embeddable":true,"href":"https:\/\/www.vallox.com\/sv\/wp-json\/wp\/v2\/comments?post=3909"}],"version-history":[{"count":7,"href":"https:\/\/www.vallox.com\/sv\/wp-json\/wp\/v2\/pages\/3909\/revisions"}],"predecessor-version":[{"id":16183,"href":"https:\/\/www.vallox.com\/sv\/wp-json\/wp\/v2\/pages\/3909\/revisions\/16183"}],"up":[{"embeddable":true,"href":"https:\/\/www.vallox.com\/sv\/wp-json\/wp\/v2\/pages\/9077"}],"wp:featuredmedia":[{"embeddable":true,"href":"https:\/\/www.vallox.com\/sv\/wp-json\/wp\/v2\/media\/19411"}],"wp:attachment":[{"href":"https:\/\/www.vallox.com\/sv\/wp-json\/wp\/v2\/media?parent=3909"}],"curies":[{"name":"wp","href":"https:\/\/api.w.org\/{rel}","templated":true}]}}