{"id":29006,"date":"2025-10-31T14:12:43","date_gmt":"2025-10-31T12:12:43","guid":{"rendered":"https:\/\/www.vallox.com\/support-och-instruktioner\/manual-search\/"},"modified":"2026-03-04T16:13:10","modified_gmt":"2026-03-04T14:13:10","slug":"manualsokning","status":"publish","type":"page","link":"https:\/\/www.vallox.com\/sv\/support-och-instruktioner\/manualsokning\/","title":{"rendered":"Manuals\u00f6kning"},"content":{"rendered":"\n<h3 class=\"wp-block-heading\">Kontrollera tillverkningsdatumet p\u00e5 typskylten<\/h3>\n\n\n\n<p>N\u00e4r du letar efter anvisningar \u00e4r det en god id\u00e9 att kontrollera enhetens tillverkningsdatum p\u00e5 typskylten och v\u00e4lja anvisningar d\u00e4refter.<\/p>\n\n\n\n<div id=\"js-document-search\" class=\"rounded-[1rem] overflow-hidden w-full mt-4 mb-4 bg-[rgba(165,185,196,0.3)]\">\n  <div class=\"header flex flex-wrap sm:flex-nowrap p-6 bg-[rgba(0,51,160,0.07)]\">\n    <div class=\"title md:w-4\/12 p-2\">\n      <h2 class=\"text-xl font-bold\">Manuell s\u00f6kning<\/h2>\n    <\/div>\n    <div class=\"search w-full flex flex-col sm:flex-row md:w-8\/12 justify-end\">\n      <div class=\"relative w-full sm:w-96 max-w-full\">\n        <input\n          type=\"text\"\n          id=\"js-document-search-query\"\n          class=\"rounded border border-[rgba(0,0,0,0.3)] min-h-[2rem] mb-4 sm:mb-unset pl-2 pr-2 text-sm w-full sm:w-96 max-w-full sm:h-full\"\n          placeholder=\"S\u00f6k med produktnamn, nummer eller VVS-nummer\"\n          >\n        <\/input>\n        <button class=\"font-bold absolute right-1 p-1 pt-0 sm:p-2 text-lg\" id=\"js-document-search-empty\">X<\/button>\n      <\/div>\n      <button id=\"js-document-search-button\" class=\"sm:w-min sm:ml-4 p-2 pl-8 pr-8 text-white rounded bg-[rgb(0,51,160,1)] font-bold uppercase text-sm\">\n        S\u00f6k\n      <\/button>\n    <\/div>\n  <\/div>\n  <div class=\"main flex flex-wrap p-4\">\n    <div class=\"categories w-full md:w-3\/12 lg:w-3\/12 sm:w-full p-4\">\n      <strong class=\"mb-4 mt-4 block uppercase\">V\u00e4lj en kategori<\/strong>\n      <ul class=\"pl-0\">\n                  <li data-id=\"358\" class=\"category-option mb-4 font-bold cursor-pointer text-[rgb(0,51,160,1)]\">Webbshop<\/li>\n                  <li data-id=\"202\" class=\"category-option mb-4 font-bold cursor-pointer text-[rgb(0,51,160,1)]\">Ventilationsaggregat<\/li>\n                  <li data-id=\"206\" class=\"category-option mb-4 font-bold cursor-pointer text-[rgb(0,51,160,1)]\">Luftbehandlingsaggregat<\/li>\n                  <li data-id=\"210\" class=\"category-option mb-4 font-bold cursor-pointer text-[rgb(0,51,160,1)]\">Luftv\u00e4rmeanordningar<\/li>\n                  <li data-id=\"214\" class=\"category-option mb-4 font-bold cursor-pointer text-[rgb(0,51,160,1)]\">Spisfl\u00e4ktar<\/li>\n                  <li data-id=\"222\" class=\"category-option mb-4 font-bold cursor-pointer text-[rgb(0,51,160,1)]\">Kanalprodukter<\/li>\n                  <li data-id=\"226\" class=\"category-option mb-4 font-bold cursor-pointer text-[rgb(0,51,160,1)]\">Kontrollpaneler och kontrollcentraler<\/li>\n                  <li data-id=\"278\" class=\"category-option mb-4 font-bold cursor-pointer text-[rgb(0,51,160,1)]\">Tillbeh\u00f6r<\/li>\n                  <li data-id=\"296\" class=\"category-option mb-4 font-bold cursor-pointer text-[rgb(0,51,160,1)]\">Fl\u00e4ktar<\/li>\n                  <li data-id=\"0\" class=\"category-option mb-4 font-bold cursor-pointer text-[rgb(0,51,160,1)]\">Andra manualer<\/li>\n              <\/ul>\n    <\/div>\n    <div class=\"content md:w-9\/12 p-4 pt-0 lg:w-9\/12 w-full\">\n      <div id=\"js-document-search-filters\" style=\"gap: 8px 0;\" class=\"hidden filters flex flex-wrap pt-2 pt-4 pb-4 border-b border-[rgba(0,0,0,0.15)] text-sm\">\n        <div class=\"w-full md:w-6\/12 lg:w-3\/12 sm:pr-4\">\n          <select id=\"js-document-search-filter-lang\" class=\"filter-input w-full p-2 rounded bg-white\" name=\"lang\">\n          <\/select>\n        <\/div>\n        <div class=\"w-full md:w-6\/12 lg:w-3\/12 sm:pr-4\">\n          <select id=\"js-document-search-filter-akeneo-type\" class=\"filter-input w-full p-2 rounded bg-white\" name=\"akeneotype\">\n            <option value=\"\">Typ<\/option>\n            <option value=\"model\">Produktmodell<\/option>\n            <option value=\"product\">Produkt<\/option>\n          <\/select>\n        <\/div>\n        <div class=\"w-full md:w-6\/12 lg:w-3\/12 sm:pr-4\">\n          <select id=\"js-document-search-filter-validfrom\" class=\"filter-input w-full p-2 rounded bg-white\" name=\"validfrom\">\n          <\/select>\n        <\/div>\n        <div class=\"w-full md:w-6\/12 lg:w-3\/12 sm:pr-4\">\n          <select id=\"js-document-search-filter-typenum\" class=\"filter-input w-full p-2 rounded bg-white\" name=\"typenum\">\n          <\/select>\n        <\/div>\n        <!--<div class=\"w-full md:w-6\/12 lg:w-3\/12 pr-4\">\n          <select id=\"js-document-search-filter-type\" class=\"filter-input w-full p-2 rounded bg-white\" name=\"type\">\n          <\/select>\n        <\/div>-->\n      <\/div>\n      <div class=\"results pt-4 pb-2\">\n        <div id=\"js-document-search-results\"><\/div>\n        <div id=\"js-document-search-intro\" class=\"mt-4 text-[rgba(0,0,0,0.50)]\">\n          <i>V\u00e4lj kategori eller s\u00f6k med produktnamn, nummer eller VVS-nummer.<\/i>\n        <\/div>\n        <div id=\"js-document-search-no-results\" class=\"hidden mt-4 text-[rgba(0,0,0,0.50)]\">\n          <i>Inga resultat.<\/i>\n        <\/div>\n      <\/div>\n    <\/div>\n  <\/div>\n<\/div>\n","protected":false},"excerpt":{"rendered":"<p>Kontrollera tillverkningsdatumet p\u00e5 typskylten N\u00e4r du letar efter anvisningar \u00e4r det en god id\u00e9 att kontrollera enhetens tillverkningsdatum p\u00e5 typskylten och v\u00e4lja anvisningar d\u00e4refter.<\/p>\n","protected":false},"author":3,"featured_media":0,"parent":9085,"menu_order":0,"comment_status":"closed","ping_status":"closed","template":"","meta":{"_acf_changed":false,"footnotes":""},"class_list":["post-29006","page","type-page","status-publish","hentry"],"acf":[],"yoast_head":"<!-- This site is optimized with the Yoast SEO plugin v26.9 - https:\/\/yoast.com\/product\/yoast-seo-wordpress\/ -->\n<title>Manuals\u00f6kning - Vallox<\/title>\n<meta name=\"description\" content=\"Manuals\u00f6kning\" \/>\n<meta name=\"robots\" content=\"index, follow, max-snippet:-1, max-image-preview:large, max-video-preview:-1\" \/>\n<link rel=\"canonical\" href=\"https:\/\/www.vallox.com\/sv\/support-och-instruktioner\/manualsokning\/\" \/>\n<meta property=\"og:locale\" content=\"sv_SE\" \/>\n<meta property=\"og:type\" content=\"article\" \/>\n<meta property=\"og:title\" content=\"Manuals\u00f6kning - Vallox\" \/>\n<meta property=\"og:description\" content=\"Manuals\u00f6kning\" \/>\n<meta property=\"og:url\" content=\"https:\/\/www.vallox.com\/sv\/support-och-instruktioner\/manualsokning\/\" \/>\n<meta property=\"og:site_name\" content=\"Vallox\" \/>\n<meta property=\"article:modified_time\" content=\"2026-03-04T14:13:10+00:00\" \/>\n<meta name=\"twitter:card\" content=\"summary_large_image\" \/>\n<meta name=\"twitter:label1\" content=\"Est. reading time\" \/>\n\t<meta name=\"twitter:data1\" content=\"1 minute\" \/>\n<script type=\"application\/ld+json\" class=\"yoast-schema-graph\">{\"@context\":\"https:\/\/schema.org\",\"@graph\":[{\"@type\":\"WebPage\",\"@id\":\"https:\/\/www.vallox.com\/sv\/support-och-instruktioner\/manualsokning\/\",\"url\":\"https:\/\/www.vallox.com\/sv\/support-och-instruktioner\/manualsokning\/\",\"name\":\"Manuals\u00f6kning - Vallox\",\"isPartOf\":{\"@id\":\"https:\/\/www.vallox.com\/sv\/#website\"},\"datePublished\":\"2025-10-31T12:12:43+00:00\",\"dateModified\":\"2026-03-04T14:13:10+00:00\",\"description\":\"Manuals\u00f6kning\",\"breadcrumb\":{\"@id\":\"https:\/\/www.vallox.com\/sv\/support-och-instruktioner\/manualsokning\/#breadcrumb\"},\"inLanguage\":\"sv-SE\",\"potentialAction\":[{\"@type\":\"ReadAction\",\"target\":[\"https:\/\/www.vallox.com\/sv\/support-och-instruktioner\/manualsokning\/\"]}]},{\"@type\":\"BreadcrumbList\",\"@id\":\"https:\/\/www.vallox.com\/sv\/support-och-instruktioner\/manualsokning\/#breadcrumb\",\"itemListElement\":[{\"@type\":\"ListItem\",\"position\":1,\"name\":\"Home\",\"item\":\"https:\/\/www.vallox.com\/sv\/\"},{\"@type\":\"ListItem\",\"position\":2,\"name\":\"Support och instruktioner\",\"item\":\"https:\/\/www.vallox.com\/sv\/support-och-instruktioner\/\"},{\"@type\":\"ListItem\",\"position\":3,\"name\":\"Manuals\u00f6kning\"}]},{\"@type\":\"WebSite\",\"@id\":\"https:\/\/www.vallox.com\/sv\/#website\",\"url\":\"https:\/\/www.vallox.com\/sv\/\",\"name\":\"Vallox\",\"description\":\"\",\"potentialAction\":[{\"@type\":\"SearchAction\",\"target\":{\"@type\":\"EntryPoint\",\"urlTemplate\":\"https:\/\/www.vallox.com\/sv\/?s={search_term_string}\"},\"query-input\":{\"@type\":\"PropertyValueSpecification\",\"valueRequired\":true,\"valueName\":\"search_term_string\"}}],\"inLanguage\":\"sv-SE\"}]}<\/script>\n<!-- \/ Yoast SEO plugin. -->","yoast_head_json":{"title":"Manuals\u00f6kning - Vallox","description":"Manuals\u00f6kning","robots":{"index":"index","follow":"follow","max-snippet":"max-snippet:-1","max-image-preview":"max-image-preview:large","max-video-preview":"max-video-preview:-1"},"canonical":"https:\/\/www.vallox.com\/sv\/support-och-instruktioner\/manualsokning\/","og_locale":"sv_SE","og_type":"article","og_title":"Manuals\u00f6kning - Vallox","og_description":"Manuals\u00f6kning","og_url":"https:\/\/www.vallox.com\/sv\/support-och-instruktioner\/manualsokning\/","og_site_name":"Vallox","article_modified_time":"2026-03-04T14:13:10+00:00","twitter_card":"summary_large_image","twitter_misc":{"Est. reading time":"1 minute"},"schema":{"@context":"https:\/\/schema.org","@graph":[{"@type":"WebPage","@id":"https:\/\/www.vallox.com\/sv\/support-och-instruktioner\/manualsokning\/","url":"https:\/\/www.vallox.com\/sv\/support-och-instruktioner\/manualsokning\/","name":"Manuals\u00f6kning - Vallox","isPartOf":{"@id":"https:\/\/www.vallox.com\/sv\/#website"},"datePublished":"2025-10-31T12:12:43+00:00","dateModified":"2026-03-04T14:13:10+00:00","description":"Manuals\u00f6kning","breadcrumb":{"@id":"https:\/\/www.vallox.com\/sv\/support-och-instruktioner\/manualsokning\/#breadcrumb"},"inLanguage":"sv-SE","potentialAction":[{"@type":"ReadAction","target":["https:\/\/www.vallox.com\/sv\/support-och-instruktioner\/manualsokning\/"]}]},{"@type":"BreadcrumbList","@id":"https:\/\/www.vallox.com\/sv\/support-och-instruktioner\/manualsokning\/#breadcrumb","itemListElement":[{"@type":"ListItem","position":1,"name":"Home","item":"https:\/\/www.vallox.com\/sv\/"},{"@type":"ListItem","position":2,"name":"Support och instruktioner","item":"https:\/\/www.vallox.com\/sv\/support-och-instruktioner\/"},{"@type":"ListItem","position":3,"name":"Manuals\u00f6kning"}]},{"@type":"WebSite","@id":"https:\/\/www.vallox.com\/sv\/#website","url":"https:\/\/www.vallox.com\/sv\/","name":"Vallox","description":"","potentialAction":[{"@type":"SearchAction","target":{"@type":"EntryPoint","urlTemplate":"https:\/\/www.vallox.com\/sv\/?s={search_term_string}"},"query-input":{"@type":"PropertyValueSpecification","valueRequired":true,"valueName":"search_term_string"}}],"inLanguage":"sv-SE"}]}},"_links":{"self":[{"href":"https:\/\/www.vallox.com\/sv\/wp-json\/wp\/v2\/pages\/29006","targetHints":{"allow":["GET"]}}],"collection":[{"href":"https:\/\/www.vallox.com\/sv\/wp-json\/wp\/v2\/pages"}],"about":[{"href":"https:\/\/www.vallox.com\/sv\/wp-json\/wp\/v2\/types\/page"}],"author":[{"embeddable":true,"href":"https:\/\/www.vallox.com\/sv\/wp-json\/wp\/v2\/users\/3"}],"replies":[{"embeddable":true,"href":"https:\/\/www.vallox.com\/sv\/wp-json\/wp\/v2\/comments?post=29006"}],"version-history":[{"count":2,"href":"https:\/\/www.vallox.com\/sv\/wp-json\/wp\/v2\/pages\/29006\/revisions"}],"predecessor-version":[{"id":29009,"href":"https:\/\/www.vallox.com\/sv\/wp-json\/wp\/v2\/pages\/29006\/revisions\/29009"}],"up":[{"embeddable":true,"href":"https:\/\/www.vallox.com\/sv\/wp-json\/wp\/v2\/pages\/9085"}],"wp:attachment":[{"href":"https:\/\/www.vallox.com\/sv\/wp-json\/wp\/v2\/media?parent=29006"}],"curies":[{"name":"wp","href":"https:\/\/api.w.org\/{rel}","templated":true}]}}