{"id":28767,"date":"2026-01-28T10:33:11","date_gmt":"2026-01-28T08:33:11","guid":{"rendered":"https:\/\/www.vallox.com\/ansvar\/miljon\/scipdatabase\/"},"modified":"2026-02-24T08:54:37","modified_gmt":"2026-02-24T06:54:37","slug":"scipdatabasen","status":"publish","type":"page","link":"https:\/\/www.vallox.com\/sv\/ansvar\/miljon\/scipdatabasen\/","title":{"rendered":"Anm\u00e4lan av \u00e4mnen som inger mycket stora bet\u00e4nkligheter till SCIP-databasen"},"content":{"rendered":"    <div id=\"\" class=\"Block Section overflow-hidden w-full\">\n        <div class=\"Section-content relative max-w-[1088px] mx-auto w-full\">\n            \n<div  class=\"Image w-full h-auto mb-8\">\n    <img decoding=\"async\"\n        srcset=\"\n            https:\/\/www.vallox.com\/app\/uploads\/2026\/01\/shutterstock_Tiwaporn-Khemwatcharalerd-SCIPdatabase-1024x683.webp 1024w,\n            https:\/\/www.vallox.com\/app\/uploads\/2026\/01\/shutterstock_Tiwaporn-Khemwatcharalerd-SCIPdatabase-768x512.webp 768w,\n            https:\/\/www.vallox.com\/app\/uploads\/2026\/01\/shutterstock_Tiwaporn-Khemwatcharalerd-SCIPdatabase-300x200.webp 300w,\n            https:\/\/www.vallox.com\/app\/uploads\/2026\/01\/shutterstock_Tiwaporn-Khemwatcharalerd-SCIPdatabase-150x150.webp 150w,\n        \"\n        alt=\"Tietokone, jonka ruudulla n\u00e4kyy SCIP-tietokannan logo kansion p\u00e4\u00e4ll\u00e4\"\n        src=\"https:\/\/www.vallox.com\/app\/uploads\/2026\/01\/shutterstock_Tiwaporn-Khemwatcharalerd-SCIPdatabase-300x200.webp\"\n        class=\"object-cover w-full h-auto\"\n    \/>\n    <\/div>\n\n\n\n<p>Vallox \u00e4r en produkttillverkare som f\u00f6ljer noggrant de internationella direktiven och standarderna vid val av r\u00e5varor, material och komponenter till sina produkter. Dessa direktiv och standarder omfattar bland annat Europeiska unionens <a href=\"https:\/\/eur-lex.europa.eu\/legal-content\/SV\/TXT\/HTML\/?uri=CELEX:32011L0065#d6698690\" target=\"_blank\" rel=\"noreferrer noopener\">RoHS-direktiv<\/a>\u00a0(2011\/65\/EU) och\u00a0<a href=\"https:\/\/eur-lex.europa.eu\/legal-content\/SV\/TXT\/HTML\/?uri=CELEX:02006R1907-20251023&amp;qid=1770276411243#d6698690\" target=\"_blank\" rel=\"noreferrer noopener\">REACH-f\u00f6rordning<\/a>\u00a0(EY 1907\/2006) som begr\u00e4nsar anv\u00e4ndningen av farliga metaller och kemikalier i produkter.<\/p>\n\n\n\n<p>Syftet med RoHS-direktivet \u00e4r att minska milj\u00f6belastningen av elektriska och elektroniska produkter som tas ur bruk och att fr\u00e4mja milj\u00f6v\u00e4nligare tillverkningsmetoder. Direktivet g\u00e4ller vissa metaller och flamskyddsmedel som identifierats som skadliga f\u00f6r h\u00e4lsan och milj\u00f6n. Alla Vallox produkter uppfyller RoHS-kraven.<\/p>\n\n\n\n<p>Syftet med REACH-f\u00f6rordningen \u00e4r att f\u00f6rb\u00e4ttra skyddet av m\u00e4nniskors h\u00e4lsa och milj\u00f6n mot de risker som kemikalier kan utg\u00f6ra.\u00a0Europeiska kemikaliedatabasen (ECHA) uppdaterar regelbundet en f\u00f6rteckning \u00f6ver \u00e4mnen som inger mycket stora bet\u00e4nkligheter (SVHC). Om en produkt inneh\u00e5ller \u00f6ver 0,1 % (viktprocent) av ett SVHC-\u00e4mne f\u00f6ruts\u00e4tter artikel 33 i REACH-f\u00f6rordningen att leverant\u00f6ren informerar sina kunder om att \u00e4mnet finns i produkten och tillhandah\u00e5ller tillr\u00e4cklig information s\u00e5 att produkten kan anv\u00e4ndas p\u00e5 ett s\u00e4kert s\u00e4tt samt anm\u00e4ler informationen till ECHA:s SCIP-databas. <\/p>\n\n\n\n<p>Dylika \u00e4mnen anv\u00e4nds bland annat i elektroniska komponenter. Enligt information som vi f\u00e5tt av v\u00e5ra leverant\u00f6rer \u00f6verskrids haltgr\u00e4nsen p\u00e5 0,1 % f\u00f6r \u00e4mnen p\u00e5 SVHC-kandidatf\u00f6rteckningen i vissa av v\u00e5ra produkter. Vi har l\u00e4mnar in de SCIP-anm\u00e4lningar som kr\u00e4vs f\u00f6r dessa produkter. SCIP-numren f\u00f6r dessa produkter finns i <a href=\"https:\/\/asset.cloudinary.com\/vallox\/e79371b8b4b121cd93cca84b63c3e074\" target=\"_blank\" rel=\"noreferrer noopener\">bilagan<\/a>. Dessa produkter uppfyller fortfarande kraven i REACH-f\u00f6rordningen, och vid adekvat anv\u00e4ndning medf\u00f6r dessa \u00e4mnen inte n\u00e5gon risk f\u00f6r h\u00e4lsan eller milj\u00f6n. Vi anv\u00e4nder \u00e4mnen som definierats i direktivet<\/p>\n\n\n    <\/div>\n<\/div>\n\n\n\n<p><\/p>\n","protected":false},"excerpt":{"rendered":"","protected":false},"author":3,"featured_media":0,"parent":24927,"menu_order":40,"comment_status":"closed","ping_status":"closed","template":"","meta":{"_acf_changed":false,"footnotes":""},"class_list":["post-28767","page","type-page","status-publish","hentry"],"acf":[],"yoast_head":"<!-- This site is optimized with the Yoast SEO plugin v26.9 - https:\/\/yoast.com\/product\/yoast-seo-wordpress\/ -->\n<title>Anm\u00e4lan av \u00e4mnen som inger mycket stora bet\u00e4nkligheter till SCIP-databasen - Vallox<\/title>\n<meta name=\"description\" content=\"Anm\u00e4lan av \u00e4mnen som inger mycket stora bet\u00e4nkligheter till SCIP-databasen\" \/>\n<meta name=\"robots\" content=\"index, follow, max-snippet:-1, max-image-preview:large, max-video-preview:-1\" \/>\n<link rel=\"canonical\" href=\"https:\/\/www.vallox.com\/sv\/ansvar\/miljon\/scipdatabasen\/\" \/>\n<meta property=\"og:locale\" content=\"sv_SE\" \/>\n<meta property=\"og:type\" content=\"article\" \/>\n<meta property=\"og:title\" content=\"Anm\u00e4lan av \u00e4mnen som inger mycket stora bet\u00e4nkligheter till SCIP-databasen - Vallox\" \/>\n<meta property=\"og:description\" content=\"Anm\u00e4lan av \u00e4mnen som inger mycket stora bet\u00e4nkligheter till SCIP-databasen\" \/>\n<meta property=\"og:url\" content=\"https:\/\/www.vallox.com\/sv\/ansvar\/miljon\/scipdatabasen\/\" \/>\n<meta property=\"og:site_name\" content=\"Vallox\" \/>\n<meta property=\"article:modified_time\" content=\"2026-02-24T06:54:37+00:00\" \/>\n<meta name=\"twitter:card\" content=\"summary_large_image\" \/>\n<meta name=\"twitter:label1\" content=\"Est. reading time\" \/>\n\t<meta name=\"twitter:data1\" content=\"4 minutes\" \/>\n<script type=\"application\/ld+json\" class=\"yoast-schema-graph\">{\"@context\":\"https:\/\/schema.org\",\"@graph\":[{\"@type\":\"WebPage\",\"@id\":\"https:\/\/www.vallox.com\/sv\/ansvar\/miljon\/scipdatabasen\/\",\"url\":\"https:\/\/www.vallox.com\/sv\/ansvar\/miljon\/scipdatabasen\/\",\"name\":\"Anm\u00e4lan av \u00e4mnen som inger mycket stora bet\u00e4nkligheter till SCIP-databasen - Vallox\",\"isPartOf\":{\"@id\":\"https:\/\/www.vallox.com\/sv\/#website\"},\"datePublished\":\"2026-01-28T08:33:11+00:00\",\"dateModified\":\"2026-02-24T06:54:37+00:00\",\"description\":\"Anm\u00e4lan av \u00e4mnen som inger mycket stora bet\u00e4nkligheter till SCIP-databasen\",\"breadcrumb\":{\"@id\":\"https:\/\/www.vallox.com\/sv\/ansvar\/miljon\/scipdatabasen\/#breadcrumb\"},\"inLanguage\":\"sv-SE\",\"potentialAction\":[{\"@type\":\"ReadAction\",\"target\":[\"https:\/\/www.vallox.com\/sv\/ansvar\/miljon\/scipdatabasen\/\"]}]},{\"@type\":\"BreadcrumbList\",\"@id\":\"https:\/\/www.vallox.com\/sv\/ansvar\/miljon\/scipdatabasen\/#breadcrumb\",\"itemListElement\":[{\"@type\":\"ListItem\",\"position\":1,\"name\":\"Home\",\"item\":\"https:\/\/www.vallox.com\/sv\/\"},{\"@type\":\"ListItem\",\"position\":2,\"name\":\"Ansvar\",\"item\":\"https:\/\/www.vallox.com\/sv\/ansvar\/\"},{\"@type\":\"ListItem\",\"position\":3,\"name\":\"Milj\u00f6\",\"item\":\"https:\/\/www.vallox.com\/sv\/ansvar\/miljon\/\"},{\"@type\":\"ListItem\",\"position\":4,\"name\":\"Anm\u00e4lan av \u00e4mnen som inger mycket stora bet\u00e4nkligheter till SCIP-databasen\"}]},{\"@type\":\"WebSite\",\"@id\":\"https:\/\/www.vallox.com\/sv\/#website\",\"url\":\"https:\/\/www.vallox.com\/sv\/\",\"name\":\"Vallox\",\"description\":\"\",\"potentialAction\":[{\"@type\":\"SearchAction\",\"target\":{\"@type\":\"EntryPoint\",\"urlTemplate\":\"https:\/\/www.vallox.com\/sv\/?s={search_term_string}\"},\"query-input\":{\"@type\":\"PropertyValueSpecification\",\"valueRequired\":true,\"valueName\":\"search_term_string\"}}],\"inLanguage\":\"sv-SE\"}]}<\/script>\n<!-- \/ Yoast SEO plugin. -->","yoast_head_json":{"title":"Anm\u00e4lan av \u00e4mnen som inger mycket stora bet\u00e4nkligheter till SCIP-databasen - Vallox","description":"Anm\u00e4lan av \u00e4mnen som inger mycket stora bet\u00e4nkligheter till SCIP-databasen","robots":{"index":"index","follow":"follow","max-snippet":"max-snippet:-1","max-image-preview":"max-image-preview:large","max-video-preview":"max-video-preview:-1"},"canonical":"https:\/\/www.vallox.com\/sv\/ansvar\/miljon\/scipdatabasen\/","og_locale":"sv_SE","og_type":"article","og_title":"Anm\u00e4lan av \u00e4mnen som inger mycket stora bet\u00e4nkligheter till SCIP-databasen - Vallox","og_description":"Anm\u00e4lan av \u00e4mnen som inger mycket stora bet\u00e4nkligheter till SCIP-databasen","og_url":"https:\/\/www.vallox.com\/sv\/ansvar\/miljon\/scipdatabasen\/","og_site_name":"Vallox","article_modified_time":"2026-02-24T06:54:37+00:00","twitter_card":"summary_large_image","twitter_misc":{"Est. reading time":"4 minutes"},"schema":{"@context":"https:\/\/schema.org","@graph":[{"@type":"WebPage","@id":"https:\/\/www.vallox.com\/sv\/ansvar\/miljon\/scipdatabasen\/","url":"https:\/\/www.vallox.com\/sv\/ansvar\/miljon\/scipdatabasen\/","name":"Anm\u00e4lan av \u00e4mnen som inger mycket stora bet\u00e4nkligheter till SCIP-databasen - Vallox","isPartOf":{"@id":"https:\/\/www.vallox.com\/sv\/#website"},"datePublished":"2026-01-28T08:33:11+00:00","dateModified":"2026-02-24T06:54:37+00:00","description":"Anm\u00e4lan av \u00e4mnen som inger mycket stora bet\u00e4nkligheter till SCIP-databasen","breadcrumb":{"@id":"https:\/\/www.vallox.com\/sv\/ansvar\/miljon\/scipdatabasen\/#breadcrumb"},"inLanguage":"sv-SE","potentialAction":[{"@type":"ReadAction","target":["https:\/\/www.vallox.com\/sv\/ansvar\/miljon\/scipdatabasen\/"]}]},{"@type":"BreadcrumbList","@id":"https:\/\/www.vallox.com\/sv\/ansvar\/miljon\/scipdatabasen\/#breadcrumb","itemListElement":[{"@type":"ListItem","position":1,"name":"Home","item":"https:\/\/www.vallox.com\/sv\/"},{"@type":"ListItem","position":2,"name":"Ansvar","item":"https:\/\/www.vallox.com\/sv\/ansvar\/"},{"@type":"ListItem","position":3,"name":"Milj\u00f6","item":"https:\/\/www.vallox.com\/sv\/ansvar\/miljon\/"},{"@type":"ListItem","position":4,"name":"Anm\u00e4lan av \u00e4mnen som inger mycket stora bet\u00e4nkligheter till SCIP-databasen"}]},{"@type":"WebSite","@id":"https:\/\/www.vallox.com\/sv\/#website","url":"https:\/\/www.vallox.com\/sv\/","name":"Vallox","description":"","potentialAction":[{"@type":"SearchAction","target":{"@type":"EntryPoint","urlTemplate":"https:\/\/www.vallox.com\/sv\/?s={search_term_string}"},"query-input":{"@type":"PropertyValueSpecification","valueRequired":true,"valueName":"search_term_string"}}],"inLanguage":"sv-SE"}]}},"_links":{"self":[{"href":"https:\/\/www.vallox.com\/sv\/wp-json\/wp\/v2\/pages\/28767","targetHints":{"allow":["GET"]}}],"collection":[{"href":"https:\/\/www.vallox.com\/sv\/wp-json\/wp\/v2\/pages"}],"about":[{"href":"https:\/\/www.vallox.com\/sv\/wp-json\/wp\/v2\/types\/page"}],"author":[{"embeddable":true,"href":"https:\/\/www.vallox.com\/sv\/wp-json\/wp\/v2\/users\/3"}],"replies":[{"embeddable":true,"href":"https:\/\/www.vallox.com\/sv\/wp-json\/wp\/v2\/comments?post=28767"}],"version-history":[{"count":2,"href":"https:\/\/www.vallox.com\/sv\/wp-json\/wp\/v2\/pages\/28767\/revisions"}],"predecessor-version":[{"id":28770,"href":"https:\/\/www.vallox.com\/sv\/wp-json\/wp\/v2\/pages\/28767\/revisions\/28770"}],"up":[{"embeddable":true,"href":"https:\/\/www.vallox.com\/sv\/wp-json\/wp\/v2\/pages\/24927"}],"wp:attachment":[{"href":"https:\/\/www.vallox.com\/sv\/wp-json\/wp\/v2\/media?parent=28767"}],"curies":[{"name":"wp","href":"https:\/\/api.w.org\/{rel}","templated":true}]}}