{"id":25990,"date":"2025-06-24T11:50:28","date_gmt":"2025-06-24T08:50:28","guid":{"rendered":"https:\/\/www.vallox.com\/?page_id=25990"},"modified":"2025-06-24T14:27:27","modified_gmt":"2025-06-24T11:27:27","slug":"underhallsanvisningar","status":"publish","type":"page","link":"https:\/\/www.vallox.com\/sv\/webbshop\/underhallsanvisningar\/","title":{"rendered":"underh\u00e5llsanvisningar"},"content":{"rendered":"\n<h2 class=\"wp-block-heading\">Byt maskinens filter regelbundet<\/h2>\n\n\n\n<p>F\u00f6r att ventilationssystemet ska fungera s\u00e5 effektivt som m\u00f6jligt b\u00f6r filtren i ventilationsaggregatet bytas ungef\u00e4r var sj\u00e4tte m\u00e5nad, minst tv\u00e5 g\u00e5nger per \u00e5r. Videor finns endast p\u00e5 finska<\/p>\n\n\n\n    <div  class=\"Video w-full h-auto mx-auto \" style=\"max-width:50%;\">\n        \n                            <iframe class=\"w-full h-auto aspect-video\" src=\"https:\/\/www.youtube-nocookie.com\/embed\/mX9kb3QSqEw\" title=\"YouTube video player\" frameborder=\"0\" allow=\"accelerometer; autoplay; clipboard-write; encrypted-media; gyroscope; picture-in-picture; web-share\" allowfullscreen><\/iframe>\n            \n            <\/div>\n","protected":false},"excerpt":{"rendered":"<p>Byt maskinens filter regelbundet F\u00f6r att ventilationssystemet ska fungera s\u00e5 effektivt som m\u00f6jligt b\u00f6r filtren i ventilationsaggregatet bytas ungef\u00e4r var sj\u00e4tte m\u00e5nad, minst tv\u00e5 g\u00e5nger per \u00e5r. Videor finns endast p\u00e5 finska<\/p>\n","protected":false},"author":1,"featured_media":0,"parent":25957,"menu_order":0,"comment_status":"closed","ping_status":"closed","template":"","meta":{"_acf_changed":false,"footnotes":""},"class_list":["post-25990","page","type-page","status-publish","hentry"],"acf":[],"yoast_head":"<!-- This site is optimized with the Yoast SEO plugin v26.9 - https:\/\/yoast.com\/product\/yoast-seo-wordpress\/ -->\n<title>underh\u00e5llsanvisningar - Vallox<\/title>\n<meta name=\"description\" content=\"underh\u00e5llsanvisningar\" \/>\n<meta name=\"robots\" content=\"index, follow, max-snippet:-1, max-image-preview:large, max-video-preview:-1\" \/>\n<link rel=\"canonical\" href=\"https:\/\/www.vallox.com\/sv\/webbshop\/underhallsanvisningar\/\" \/>\n<meta property=\"og:locale\" content=\"sv_SE\" \/>\n<meta property=\"og:type\" content=\"article\" \/>\n<meta property=\"og:title\" content=\"underh\u00e5llsanvisningar - Vallox\" \/>\n<meta property=\"og:description\" content=\"underh\u00e5llsanvisningar\" \/>\n<meta property=\"og:url\" content=\"https:\/\/www.vallox.com\/sv\/webbshop\/underhallsanvisningar\/\" \/>\n<meta property=\"og:site_name\" content=\"Vallox\" \/>\n<meta property=\"article:modified_time\" content=\"2025-06-24T11:27:27+00:00\" \/>\n<meta name=\"twitter:card\" content=\"summary_large_image\" \/>\n<meta name=\"twitter:label1\" content=\"Est. reading time\" \/>\n\t<meta name=\"twitter:data1\" content=\"1 minute\" \/>\n<script type=\"application\/ld+json\" class=\"yoast-schema-graph\">{\"@context\":\"https:\/\/schema.org\",\"@graph\":[{\"@type\":\"WebPage\",\"@id\":\"https:\/\/www.vallox.com\/sv\/webbshop\/underhallsanvisningar\/\",\"url\":\"https:\/\/www.vallox.com\/sv\/webbshop\/underhallsanvisningar\/\",\"name\":\"underh\u00e5llsanvisningar - Vallox\",\"isPartOf\":{\"@id\":\"https:\/\/www.vallox.com\/sv\/#website\"},\"datePublished\":\"2025-06-24T08:50:28+00:00\",\"dateModified\":\"2025-06-24T11:27:27+00:00\",\"description\":\"underh\u00e5llsanvisningar\",\"breadcrumb\":{\"@id\":\"https:\/\/www.vallox.com\/sv\/webbshop\/underhallsanvisningar\/#breadcrumb\"},\"inLanguage\":\"sv-SE\",\"potentialAction\":[{\"@type\":\"ReadAction\",\"target\":[\"https:\/\/www.vallox.com\/sv\/webbshop\/underhallsanvisningar\/\"]}]},{\"@type\":\"BreadcrumbList\",\"@id\":\"https:\/\/www.vallox.com\/sv\/webbshop\/underhallsanvisningar\/#breadcrumb\",\"itemListElement\":[{\"@type\":\"ListItem\",\"position\":1,\"name\":\"Home\",\"item\":\"https:\/\/www.vallox.com\/sv\/\"},{\"@type\":\"ListItem\",\"position\":2,\"name\":\"Webbshop\",\"item\":\"https:\/\/www.vallox.com\/sv\/webbshop\/\"},{\"@type\":\"ListItem\",\"position\":3,\"name\":\"underh\u00e5llsanvisningar\"}]},{\"@type\":\"WebSite\",\"@id\":\"https:\/\/www.vallox.com\/sv\/#website\",\"url\":\"https:\/\/www.vallox.com\/sv\/\",\"name\":\"Vallox\",\"description\":\"\",\"potentialAction\":[{\"@type\":\"SearchAction\",\"target\":{\"@type\":\"EntryPoint\",\"urlTemplate\":\"https:\/\/www.vallox.com\/sv\/?s={search_term_string}\"},\"query-input\":{\"@type\":\"PropertyValueSpecification\",\"valueRequired\":true,\"valueName\":\"search_term_string\"}}],\"inLanguage\":\"sv-SE\"}]}<\/script>\n<!-- \/ Yoast SEO plugin. -->","yoast_head_json":{"title":"underh\u00e5llsanvisningar - Vallox","description":"underh\u00e5llsanvisningar","robots":{"index":"index","follow":"follow","max-snippet":"max-snippet:-1","max-image-preview":"max-image-preview:large","max-video-preview":"max-video-preview:-1"},"canonical":"https:\/\/www.vallox.com\/sv\/webbshop\/underhallsanvisningar\/","og_locale":"sv_SE","og_type":"article","og_title":"underh\u00e5llsanvisningar - Vallox","og_description":"underh\u00e5llsanvisningar","og_url":"https:\/\/www.vallox.com\/sv\/webbshop\/underhallsanvisningar\/","og_site_name":"Vallox","article_modified_time":"2025-06-24T11:27:27+00:00","twitter_card":"summary_large_image","twitter_misc":{"Est. reading time":"1 minute"},"schema":{"@context":"https:\/\/schema.org","@graph":[{"@type":"WebPage","@id":"https:\/\/www.vallox.com\/sv\/webbshop\/underhallsanvisningar\/","url":"https:\/\/www.vallox.com\/sv\/webbshop\/underhallsanvisningar\/","name":"underh\u00e5llsanvisningar - Vallox","isPartOf":{"@id":"https:\/\/www.vallox.com\/sv\/#website"},"datePublished":"2025-06-24T08:50:28+00:00","dateModified":"2025-06-24T11:27:27+00:00","description":"underh\u00e5llsanvisningar","breadcrumb":{"@id":"https:\/\/www.vallox.com\/sv\/webbshop\/underhallsanvisningar\/#breadcrumb"},"inLanguage":"sv-SE","potentialAction":[{"@type":"ReadAction","target":["https:\/\/www.vallox.com\/sv\/webbshop\/underhallsanvisningar\/"]}]},{"@type":"BreadcrumbList","@id":"https:\/\/www.vallox.com\/sv\/webbshop\/underhallsanvisningar\/#breadcrumb","itemListElement":[{"@type":"ListItem","position":1,"name":"Home","item":"https:\/\/www.vallox.com\/sv\/"},{"@type":"ListItem","position":2,"name":"Webbshop","item":"https:\/\/www.vallox.com\/sv\/webbshop\/"},{"@type":"ListItem","position":3,"name":"underh\u00e5llsanvisningar"}]},{"@type":"WebSite","@id":"https:\/\/www.vallox.com\/sv\/#website","url":"https:\/\/www.vallox.com\/sv\/","name":"Vallox","description":"","potentialAction":[{"@type":"SearchAction","target":{"@type":"EntryPoint","urlTemplate":"https:\/\/www.vallox.com\/sv\/?s={search_term_string}"},"query-input":{"@type":"PropertyValueSpecification","valueRequired":true,"valueName":"search_term_string"}}],"inLanguage":"sv-SE"}]}},"_links":{"self":[{"href":"https:\/\/www.vallox.com\/sv\/wp-json\/wp\/v2\/pages\/25990","targetHints":{"allow":["GET"]}}],"collection":[{"href":"https:\/\/www.vallox.com\/sv\/wp-json\/wp\/v2\/pages"}],"about":[{"href":"https:\/\/www.vallox.com\/sv\/wp-json\/wp\/v2\/types\/page"}],"author":[{"embeddable":true,"href":"https:\/\/www.vallox.com\/sv\/wp-json\/wp\/v2\/users\/1"}],"replies":[{"embeddable":true,"href":"https:\/\/www.vallox.com\/sv\/wp-json\/wp\/v2\/comments?post=25990"}],"version-history":[{"count":1,"href":"https:\/\/www.vallox.com\/sv\/wp-json\/wp\/v2\/pages\/25990\/revisions"}],"predecessor-version":[{"id":25991,"href":"https:\/\/www.vallox.com\/sv\/wp-json\/wp\/v2\/pages\/25990\/revisions\/25991"}],"up":[{"embeddable":true,"href":"https:\/\/www.vallox.com\/sv\/wp-json\/wp\/v2\/pages\/25957"}],"wp:attachment":[{"href":"https:\/\/www.vallox.com\/sv\/wp-json\/wp\/v2\/media?parent=25990"}],"curies":[{"name":"wp","href":"https:\/\/api.w.org\/{rel}","templated":true}]}}