{"id":25980,"date":"2025-06-24T12:12:14","date_gmt":"2025-06-24T09:12:14","guid":{"rendered":"https:\/\/www.vallox.com\/?page_id=25980"},"modified":"2025-06-24T14:19:44","modified_gmt":"2025-06-24T11:19:44","slug":"faq","status":"publish","type":"page","link":"https:\/\/www.vallox.com\/sv\/webbshop\/faq\/","title":{"rendered":"FAQ"},"content":{"rendered":"                    \n<section class=\"AccordionContent FAQ mb-8 wrap\" >\n                <details\n            id=\"dca0a22dae9a1ac14dc635a463221c52\"\n            class=\"relative scroll-mt-32 border border-custom-gray-light overflow-hidden p-4  lg:p-8 mb-4 last:mb-0 rounded-xl flex flex-col \">\n                            <summary\n                    class=\"cursor-pointer\n                        flex\n                        text-black\n                        font-bold\n                    \"\n                    tabindex=\"0\"\n                >\n                    <h4 class=\"Title self-stretch justify-self-stretch flex-1 \">Var hittar jag n\u00e4rmaste servicecenter och \u00e5terf\u00f6rs\u00e4ljare?<\/h4>\n                                        <div class=\"link flex justify-center items-center\">\n                        <span class=\"faq-link-js\n                            bg-primary !bg-custom-gray-blueish-light\n                            text-custom-gray-blueish-light !text-primary text-sm\n                            rounded-full\n                            px-2 md:px-4 py-2\n                            cursor-pointer\n                            transition-all duration-300\n                        \">\n                            <span class=\"hidden md:block pointer-events-none\">Copy link<\/span>\n                            <span class=\"block md:hidden pointer-events-none w-6 h-6\"><svg xmlns=\"http:\/\/www.w3.org\/2000\/svg\" fill=\"none\" viewBox=\"0 0 24 24\" stroke-width=\"1.5\" stroke=\"currentColor\" width=\"100%\">\n  <path stroke-linecap=\"round\" stroke-linejoin=\"round\" d=\"M8.25 7.5V6.108c0-1.135.845-2.098 1.976-2.192.373-.03.748-.057 1.123-.08M15.75 18H18a2.25 2.25 0 002.25-2.25V6.108c0-1.135-.845-2.098-1.976-2.192a48.424 48.424 0 00-1.123-.08M15.75 18.75v-1.875a3.375 3.375 0 00-3.375-3.375h-1.5a1.125 1.125 0 01-1.125-1.125v-1.5A3.375 3.375 0 006.375 7.5H5.25m11.9-3.664A2.251 2.251 0 0015 2.25h-1.5a2.251 2.251 0 00-2.15 1.586m5.8 0c.065.21.1.433.1.664v.75h-6V4.5c0-.231.035-.454.1-.664M6.75 7.5H4.875c-.621 0-1.125.504-1.125 1.125v12c0 .621.504 1.125 1.125 1.125h9.75c.621 0 1.125-.504 1.125-1.125V16.5a9 9 0 00-9-9z\" \/>\n<\/svg>\n<\/span>\n                        <\/span>\n                                            <\/div>\n                                        <div class=\"icon ml-4 flex justify-center items-center\n                    transition-all duration-300\">\n                        <div class=\"w-6 h-6 fill-primary text-primary\"><svg xmlns=\"http:\/\/www.w3.org\/2000\/svg\" fill=\"none\" viewBox=\"0 0 24 24\" stroke-width=\"1.5\" stroke=\"currentColor\" class=\"w-6 h-6\">\n  <path stroke-linecap=\"round\" stroke-linejoin=\"round\" d=\"M19.5 8.25l-7.5 7.5-7.5-7.5\" \/>\n<\/svg>\n<\/div>\n                    <\/div>\n                <\/summary>\n            \n            <div class=\"content mt-4\">\n                                    <span class=\"Text\n                        block\n                        text-black\n                        font-normal\n                    \">\n                        <p>Du hittar de n\u00e4rmaste partners i v\u00e5r <a href=\"https:\/\/map.karttapalvelut.fi\/vallox\/sv\/filters\/valtuutetut-huoltoliikkeet\" target=\"_blank\" rel=\"noopener\">karttj\u00e4nst<\/a>.<\/p>\n<p>Du kan v\u00e4lja r\u00e4tt grupp bland f\u00f6ljande alternativ: installationsf\u00f6retag, planeraren, \u00e5terf\u00f6rs\u00e4ljare eller import\u00f6r.<\/p>\n\n                    <\/span>\n                            <\/div>\n        <\/details>\n                <details\n            id=\"37b736ae8053548e488720eccc607f2a\"\n            class=\"relative scroll-mt-32 border border-custom-gray-light overflow-hidden p-4  lg:p-8 mb-4 last:mb-0 rounded-xl flex flex-col \">\n                            <summary\n                    class=\"cursor-pointer\n                        flex\n                        text-black\n                        font-bold\n                    \"\n                    tabindex=\"0\"\n                >\n                    <h4 class=\"Title self-stretch justify-self-stretch flex-1 \">Var hittar jag typnumret f\u00f6r mitt aggregat?<\/h4>\n                                        <div class=\"link flex justify-center items-center\">\n                        <span class=\"faq-link-js\n                            bg-primary !bg-custom-gray-blueish-light\n                            text-custom-gray-blueish-light !text-primary text-sm\n                            rounded-full\n                            px-2 md:px-4 py-2\n                            cursor-pointer\n                            transition-all duration-300\n                        \">\n                            <span class=\"hidden md:block pointer-events-none\">Copy link<\/span>\n                            <span class=\"block md:hidden pointer-events-none w-6 h-6\"><svg xmlns=\"http:\/\/www.w3.org\/2000\/svg\" fill=\"none\" viewBox=\"0 0 24 24\" stroke-width=\"1.5\" stroke=\"currentColor\" width=\"100%\">\n  <path stroke-linecap=\"round\" stroke-linejoin=\"round\" d=\"M8.25 7.5V6.108c0-1.135.845-2.098 1.976-2.192.373-.03.748-.057 1.123-.08M15.75 18H18a2.25 2.25 0 002.25-2.25V6.108c0-1.135-.845-2.098-1.976-2.192a48.424 48.424 0 00-1.123-.08M15.75 18.75v-1.875a3.375 3.375 0 00-3.375-3.375h-1.5a1.125 1.125 0 01-1.125-1.125v-1.5A3.375 3.375 0 006.375 7.5H5.25m11.9-3.664A2.251 2.251 0 0015 2.25h-1.5a2.251 2.251 0 00-2.15 1.586m5.8 0c.065.21.1.433.1.664v.75h-6V4.5c0-.231.035-.454.1-.664M6.75 7.5H4.875c-.621 0-1.125.504-1.125 1.125v12c0 .621.504 1.125 1.125 1.125h9.75c.621 0 1.125-.504 1.125-1.125V16.5a9 9 0 00-9-9z\" \/>\n<\/svg>\n<\/span>\n                        <\/span>\n                                            <\/div>\n                                        <div class=\"icon ml-4 flex justify-center items-center\n                    transition-all duration-300\">\n                        <div class=\"w-6 h-6 fill-primary text-primary\"><svg xmlns=\"http:\/\/www.w3.org\/2000\/svg\" fill=\"none\" viewBox=\"0 0 24 24\" stroke-width=\"1.5\" stroke=\"currentColor\" class=\"w-6 h-6\">\n  <path stroke-linecap=\"round\" stroke-linejoin=\"round\" d=\"M19.5 8.25l-7.5 7.5-7.5-7.5\" \/>\n<\/svg>\n<\/div>\n                    <\/div>\n                <\/summary>\n            \n            <div class=\"content mt-4\">\n                                    <span class=\"Text\n                        block\n                        text-black\n                        font-normal\n                    \">\n                        <p>Aggregatets typnummer finns p\u00e5 typskylten p\u00e5 insidan av aggregatet.<\/p>\n<p>I ventilationsaggregat sitter typskylten p\u00e5 insidan av aggregatets v\u00e4gg. I spisk\u00e5por kan den antingen finnas p\u00e5 botten eller bakom fettfiltret.\u00a0 I MyVallox ventilationsaggregat finns typnummer \u00e4ven p\u00e5 MyVallox kontrollpanelen, i menyn Aggregatinformation.<\/p>\n\n                    <\/span>\n                            <\/div>\n        <\/details>\n    <\/section>\n","protected":false},"excerpt":{"rendered":"","protected":false},"author":1,"featured_media":0,"parent":25957,"menu_order":0,"comment_status":"closed","ping_status":"closed","template":"","meta":{"_acf_changed":false,"footnotes":""},"class_list":["post-25980","page","type-page","status-publish","hentry"],"acf":[],"yoast_head":"<!-- This site is optimized with the Yoast SEO plugin v26.9 - https:\/\/yoast.com\/product\/yoast-seo-wordpress\/ -->\n<title>FAQ - Vallox<\/title>\n<meta name=\"description\" content=\"FAQ\" \/>\n<meta name=\"robots\" content=\"index, follow, max-snippet:-1, max-image-preview:large, max-video-preview:-1\" \/>\n<link rel=\"canonical\" href=\"https:\/\/www.vallox.com\/sv\/webbshop\/faq\/\" \/>\n<meta property=\"og:locale\" content=\"sv_SE\" \/>\n<meta property=\"og:type\" content=\"article\" \/>\n<meta property=\"og:title\" content=\"FAQ - Vallox\" \/>\n<meta property=\"og:description\" content=\"FAQ\" \/>\n<meta property=\"og:url\" content=\"https:\/\/www.vallox.com\/sv\/webbshop\/faq\/\" \/>\n<meta property=\"og:site_name\" content=\"Vallox\" \/>\n<meta property=\"article:modified_time\" content=\"2025-06-24T11:19:44+00:00\" \/>\n<meta name=\"twitter:card\" content=\"summary_large_image\" \/>\n<script type=\"application\/ld+json\" class=\"yoast-schema-graph\">{\"@context\":\"https:\/\/schema.org\",\"@graph\":[{\"@type\":\"WebPage\",\"@id\":\"https:\/\/www.vallox.com\/sv\/webbshop\/faq\/\",\"url\":\"https:\/\/www.vallox.com\/sv\/webbshop\/faq\/\",\"name\":\"FAQ - Vallox\",\"isPartOf\":{\"@id\":\"https:\/\/www.vallox.com\/sv\/#website\"},\"datePublished\":\"2025-06-24T09:12:14+00:00\",\"dateModified\":\"2025-06-24T11:19:44+00:00\",\"description\":\"FAQ\",\"breadcrumb\":{\"@id\":\"https:\/\/www.vallox.com\/sv\/webbshop\/faq\/#breadcrumb\"},\"inLanguage\":\"sv-SE\",\"potentialAction\":[{\"@type\":\"ReadAction\",\"target\":[\"https:\/\/www.vallox.com\/sv\/webbshop\/faq\/\"]}]},{\"@type\":\"BreadcrumbList\",\"@id\":\"https:\/\/www.vallox.com\/sv\/webbshop\/faq\/#breadcrumb\",\"itemListElement\":[{\"@type\":\"ListItem\",\"position\":1,\"name\":\"Home\",\"item\":\"https:\/\/www.vallox.com\/sv\/\"},{\"@type\":\"ListItem\",\"position\":2,\"name\":\"Webbshop\",\"item\":\"https:\/\/www.vallox.com\/sv\/webbshop\/\"},{\"@type\":\"ListItem\",\"position\":3,\"name\":\"FAQ\"}]},{\"@type\":\"WebSite\",\"@id\":\"https:\/\/www.vallox.com\/sv\/#website\",\"url\":\"https:\/\/www.vallox.com\/sv\/\",\"name\":\"Vallox\",\"description\":\"\",\"potentialAction\":[{\"@type\":\"SearchAction\",\"target\":{\"@type\":\"EntryPoint\",\"urlTemplate\":\"https:\/\/www.vallox.com\/sv\/?s={search_term_string}\"},\"query-input\":{\"@type\":\"PropertyValueSpecification\",\"valueRequired\":true,\"valueName\":\"search_term_string\"}}],\"inLanguage\":\"sv-SE\"}]}<\/script>\n<!-- \/ Yoast SEO plugin. -->","yoast_head_json":{"title":"FAQ - Vallox","description":"FAQ","robots":{"index":"index","follow":"follow","max-snippet":"max-snippet:-1","max-image-preview":"max-image-preview:large","max-video-preview":"max-video-preview:-1"},"canonical":"https:\/\/www.vallox.com\/sv\/webbshop\/faq\/","og_locale":"sv_SE","og_type":"article","og_title":"FAQ - Vallox","og_description":"FAQ","og_url":"https:\/\/www.vallox.com\/sv\/webbshop\/faq\/","og_site_name":"Vallox","article_modified_time":"2025-06-24T11:19:44+00:00","twitter_card":"summary_large_image","schema":{"@context":"https:\/\/schema.org","@graph":[{"@type":"WebPage","@id":"https:\/\/www.vallox.com\/sv\/webbshop\/faq\/","url":"https:\/\/www.vallox.com\/sv\/webbshop\/faq\/","name":"FAQ - Vallox","isPartOf":{"@id":"https:\/\/www.vallox.com\/sv\/#website"},"datePublished":"2025-06-24T09:12:14+00:00","dateModified":"2025-06-24T11:19:44+00:00","description":"FAQ","breadcrumb":{"@id":"https:\/\/www.vallox.com\/sv\/webbshop\/faq\/#breadcrumb"},"inLanguage":"sv-SE","potentialAction":[{"@type":"ReadAction","target":["https:\/\/www.vallox.com\/sv\/webbshop\/faq\/"]}]},{"@type":"BreadcrumbList","@id":"https:\/\/www.vallox.com\/sv\/webbshop\/faq\/#breadcrumb","itemListElement":[{"@type":"ListItem","position":1,"name":"Home","item":"https:\/\/www.vallox.com\/sv\/"},{"@type":"ListItem","position":2,"name":"Webbshop","item":"https:\/\/www.vallox.com\/sv\/webbshop\/"},{"@type":"ListItem","position":3,"name":"FAQ"}]},{"@type":"WebSite","@id":"https:\/\/www.vallox.com\/sv\/#website","url":"https:\/\/www.vallox.com\/sv\/","name":"Vallox","description":"","potentialAction":[{"@type":"SearchAction","target":{"@type":"EntryPoint","urlTemplate":"https:\/\/www.vallox.com\/sv\/?s={search_term_string}"},"query-input":{"@type":"PropertyValueSpecification","valueRequired":true,"valueName":"search_term_string"}}],"inLanguage":"sv-SE"}]}},"_links":{"self":[{"href":"https:\/\/www.vallox.com\/sv\/wp-json\/wp\/v2\/pages\/25980","targetHints":{"allow":["GET"]}}],"collection":[{"href":"https:\/\/www.vallox.com\/sv\/wp-json\/wp\/v2\/pages"}],"about":[{"href":"https:\/\/www.vallox.com\/sv\/wp-json\/wp\/v2\/types\/page"}],"author":[{"embeddable":true,"href":"https:\/\/www.vallox.com\/sv\/wp-json\/wp\/v2\/users\/1"}],"replies":[{"embeddable":true,"href":"https:\/\/www.vallox.com\/sv\/wp-json\/wp\/v2\/comments?post=25980"}],"version-history":[{"count":1,"href":"https:\/\/www.vallox.com\/sv\/wp-json\/wp\/v2\/pages\/25980\/revisions"}],"predecessor-version":[{"id":25985,"href":"https:\/\/www.vallox.com\/sv\/wp-json\/wp\/v2\/pages\/25980\/revisions\/25985"}],"up":[{"embeddable":true,"href":"https:\/\/www.vallox.com\/sv\/wp-json\/wp\/v2\/pages\/25957"}],"wp:attachment":[{"href":"https:\/\/www.vallox.com\/sv\/wp-json\/wp\/v2\/media?parent=25980"}],"curies":[{"name":"wp","href":"https:\/\/api.w.org\/{rel}","templated":true}]}}