{"id":24838,"date":"2025-01-23T16:38:42","date_gmt":"2025-01-23T14:38:42","guid":{"rendered":"https:\/\/www.vallox.com\/ansvar\/governance\/"},"modified":"2025-03-31T10:48:38","modified_gmt":"2025-03-31T07:48:38","slug":"administration","status":"publish","type":"page","link":"https:\/\/www.vallox.com\/sv\/ansvar\/administration\/","title":{"rendered":"Administration"},"content":{"rendered":"    <div id=\"Section\" class=\"Block Section overflow-hidden w-full\">\n        <div class=\"Section-content relative max-w-[1088px] mx-auto w-full\">\n            \n\n<p class=\"has-medium-font-size\"><em><strong>Det \u00e4r viktigt f\u00f6r oss att bedriva ansvarsfull och laglig aff\u00e4rsverksamhet. F\u00f6r oss inneb\u00e4r ansvarsfullhet inom administrationen kontinuerlig utveckling, god hantering av pengar och riskhantering. N\u00e4r verksamhetens ekonomiska resultat har en stabil grund klarar vi ocks\u00e5 av delomr\u00e5dena f\u00f6r socialt ansvar och milj\u00f6ansvar.<\/strong><\/em><\/p>\n\n\n\n<p class=\"has-medium-font-size\"><em><strong>Policyer och standarder styr v\u00e5r verksamhet. Det finns ett betydande antal krav som i synnerhet g\u00e4ller produkter, och genom att f\u00f6lja dem s\u00e4kerst\u00e4ller vi att de produkter vi designar och tillverkar \u00e4r s\u00e4kra. N\u00e4r vi utvecklar v\u00e5rt produktsortiment beaktar vi v\u00e5ra kunders behov och \u00f6nskem\u00e5l. Vi arbetar med p\u00e5litliga leverant\u00f6rer och f\u00f6redrar f\u00f6retag som sk\u00f6ter sina samh\u00e4lleliga ansvar v\u00e4l.<\/strong><\/em><\/p>\n\n\n    <\/div>\n<\/div>\n\n\n\n<div style=\"height:40px\" aria-hidden=\"true\" class=\"wp-block-spacer\"><\/div>\n\n\n<section class=\"mb-8 w-full FiftyFiftyVisualWrapper\"  id=\"toimintapolitiikka\">\n    <div>\n        <div class=\"FiftyFiftyVisual relative flex w-full justify-between flex-col xl:flex-row\">\n            <div class=\"h-min\n                w-full xl:w-5\/12 3xl:w-7\/12\n                pt-4 sm:pt-8 md:pt-12 lg:pt-20  3xl:pt-20\n                px-0\n                \n            \">\n                <div class=\"bgElement calc(100vw \/ 2 * ((100vw - 1860px) * 0.1))\n                    absolute z-0 reversewrap\n                    bgElement-right\n                    left-0 right-0 xl:right-[50%] 3xl:right-[calc((40vw-((100vw-1860px)*-0.03)))] 3xl:min-w-[1200px] xl:rounded-tr-xl\n                    \n                    top-0\n                    bottom-24 xl:bottom-0\n                                        bg-[rgba(165,185,196,0.3)]\"\n                ><\/div>\n                                    <h2 class=\"Title Title-left relative z-10\n                        flex flex-col justify-start\n                        text-black\n                        text-2xl lg:text-3xl 2xl:text-4xl\n                        leading-7 lg:leading-8\n                        font-bold\n                        mb-4\n                        xl:pr-8\n                        \">\n                        Verksamhetspolicy\n                    <\/h2>\n                                                    <div class=\"Content Content-left flex flex-col justify-center relative z-10\n                        xl:pr-8\n                        \">\n                                                    <span class=\"Text text-black xl:text-custom-gray-dark pb-2\">\n                                <p>Vi f\u00f6ljer alltid god aff\u00e4rssed, kraven i lagstiftningen samt principerna f\u00f6r socialt ansvar och h\u00e5llbar utveckling. V\u00e5r personal f\u00f6rbinder sig till att utveckla v\u00e5ra verksamhetss\u00e4tt tillsammans med kunderna och andra intressentgrupper.<\/p>\n\n                            <\/span>\n                                                                        <div class=\"flex relative z-10\">\n                            \n\n\n\n    <a\n        href=\"https:\/\/www.vallox.com\/sv\/vallox-info\/policyer\/verksamhetspolicy\/\"\n        alt=\"\"\n        target=\"\"\n        class=\"\n            cursor-pointer\n            \n            \n            inline-flex\n            border-black\n            border-2\n            hover:border-primary\n            hover:text-primary\n            group\n            hover:bg-custom-gray-blueish-light\n            font-semibold\n            px-4\n            py-2\n            rounded-full\n            self-baseline\n        \"\n    >\n        Verksamhetspolicy\n        <span class=\"ml-2 w-3 h-auto fill-black group-hover:fill-primary flex justify-center items-center\"><svg clip-rule=\"evenodd\" fill-rule=\"evenodd\" stroke-linejoin=\"round\" stroke-miterlimit=\"2\" viewBox=\"0 0 24 24\" width=\"100%\" xmlns=\"http:\/\/www.w3.org\/2000\/svg\"><path d=\"m13.022 14.999v3.251c0 .412.335.75.752.75.188 0 .375-.071.518-.206 1.775-1.685 4.945-4.692 6.396-6.069.2-.189.312-.452.312-.725 0-.274-.112-.536-.312-.725-1.451-1.377-4.621-4.385-6.396-6.068-.143-.136-.33-.207-.518-.207-.417 0-.752.337-.752.75v3.251h-9.02c-.531 0-1.002.47-1.002 1v3.998c0 .53.471 1 1.002 1z\" fill-rule=\"nonzero\"\/><\/svg><\/span>\n    <\/a>\n                        <\/div>\n                                            <\/div>\n                            <\/div>\n\n                            <div class=\"ImgWrap ImgWrap-right mt-8 xl:mt-20\n                    w-full xl:w-7\/12 xl:max-w-[950px]\n                    z-10 bottom-0 rounded-tl-[5rem] rounded-br-[5rem] overflow-hidden right-0 aspect-video\n                    xl:justify-end\n                    ml-auto sm:-mr-2 md:-mr-12 lg:-mr-[4.5rem] xl:mr-0\n                \">\n                    <img decoding=\"async\"\n                    loading=\"lazy\"\n                    class=\"object-cover aspect-video w-full h-full\"\n                                            srcset=\"\n                            https:\/\/www.vallox.com\/app\/uploads\/2025\/01\/showroom_1694x953px-150x150.webp 150w,\n                            https:\/\/www.vallox.com\/app\/uploads\/2025\/01\/showroom_1694x953px-300x169.webp 300w,\n                            https:\/\/www.vallox.com\/app\/uploads\/2025\/01\/showroom_1694x953px-768x432.webp 768w,\n                            https:\/\/www.vallox.com\/app\/uploads\/2025\/01\/showroom_1694x953px-1024x576.webp 1024w,\n                            https:\/\/www.vallox.com\/app\/uploads\/2025\/01\/showroom_1694x953px.webp 1694w,\n                        \"\n                                        src=\"https:\/\/www.vallox.com\/app\/uploads\/2025\/01\/showroom_1694x953px-768x432.webp\"\n                    alt=\"Tyhj\u00e4 kokoushuone, jossa sein\u00e4ll\u00e4 iso kuva perheest\u00e4 aamiaisella. Toisella sein\u00e4ll\u00e4 Valloxin logo.\"\n                    \/>\n                <\/div>\n                    <\/div>\n    <\/div>\n<\/section>\n\n\n\n<div style=\"height:40px\" aria-hidden=\"true\" class=\"wp-block-spacer\"><\/div>\n\n\n<section class=\"mb-8 w-full FiftyFiftyVisualWrapper\"  id=\"Code of Conduct\">\n    <div>\n        <div class=\"FiftyFiftyVisual relative flex w-full justify-between flex-col xl:flex-row-reverse\">\n            <div class=\"h-min\n                w-full xl:w-5\/12 3xl:w-7\/12\n                pt-4 sm:pt-8 md:pt-12 lg:pt-20  3xl:pt-20\n                px-0\n                pl-8\n            \">\n                <div class=\"bgElement calc(100vw \/ 2 * ((100vw - 1860px) * 0.1))\n                    absolute z-0 reversewrap\n                    bgElement-left\n                    \n                    right-0 left-0 xl:left-[50%] 3xl:left-[calc((40vw+((100vw-1860px)*0.07)))] 3xl:min-w-[1200px] xl:rounded-tl-xl\n                    top-0\n                    bottom-24 xl:bottom-0\n                                        bg-[rgba(165,185,196,0.3)]\"\n                ><\/div>\n                                    <h2 class=\"Title Title-right relative z-10\n                        flex flex-col justify-start\n                        text-black\n                        text-2xl lg:text-3xl 2xl:text-4xl\n                        leading-7 lg:leading-8\n                        font-bold\n                        mb-4\n                        \n                        xl:pl-8\">\n                        Code of Conduct\n                    <\/h2>\n                                                    <div class=\"Content Content-right flex flex-col justify-center relative z-10\n                        \n                        xl:pl-8\">\n                                                    <span class=\"Text text-black xl:text-custom-gray-dark pb-2\">\n                                <p>V\u00e5ra etiska riktlinjer st\u00f6der verksamhet enligt v\u00e5ra v\u00e4rderingar genom att fr\u00e4mja god f\u00f6retagsmedborgarskap, r\u00e4ttvisa och respekt f\u00f6r de m\u00e4nskliga r\u00e4ttigheterna s\u00e5v\u00e4l i v\u00e5r egen verksamhet som i v\u00e5r leveranskedja.<\/p>\n\n                            <\/span>\n                                                                        <div class=\"flex relative z-10\">\n                            \n\n\n\n    <a\n        href=\"https:\/\/asset.cloudinary.com\/vallox\/6dc21e767e6ad9cc4b04cd2e2d8f526c\"\n        alt=\"\"\n        target=\"_blank\"\n        class=\"\n            cursor-pointer\n            \n            \n            inline-flex\n            border-black\n            border-2\n            hover:border-primary\n            hover:text-primary\n            group\n            hover:bg-custom-gray-blueish-light\n            font-semibold\n            px-4\n            py-2\n            rounded-full\n            self-baseline\n        \"\n    >\n        Code of Conduct-anvisning f\u00f6r leverant\u00f6rer\n        <span class=\"ml-2 w-3 h-auto fill-black group-hover:fill-primary flex justify-center items-center\"><svg clip-rule=\"evenodd\" fill-rule=\"evenodd\" stroke-linejoin=\"round\" stroke-miterlimit=\"2\" viewBox=\"0 0 24 24\" width=\"100%\" xmlns=\"http:\/\/www.w3.org\/2000\/svg\"><path d=\"m13.022 14.999v3.251c0 .412.335.75.752.75.188 0 .375-.071.518-.206 1.775-1.685 4.945-4.692 6.396-6.069.2-.189.312-.452.312-.725 0-.274-.112-.536-.312-.725-1.451-1.377-4.621-4.385-6.396-6.068-.143-.136-.33-.207-.518-.207-.417 0-.752.337-.752.75v3.251h-9.02c-.531 0-1.002.47-1.002 1v3.998c0 .53.471 1 1.002 1z\" fill-rule=\"nonzero\"\/><\/svg><\/span>\n    <\/a>\n                        <\/div>\n                                            <\/div>\n                            <\/div>\n\n                            <div class=\"ImgWrap ImgWrap-left mt-8 xl:mt-20\n                    w-full xl:w-7\/12 xl:max-w-[950px]\n                    z-10 bottom-0 rounded-tl-[5rem] rounded-br-[5rem] overflow-hidden left-0 aspect-video\n                    xl:justify-start\n                    -ml-8 md:-ml-16 lg:-ml-20 xl:ml-0\n                \">\n                    <img decoding=\"async\"\n                    loading=\"lazy\"\n                    class=\"object-cover aspect-video w-full h-full\"\n                                            srcset=\"\n                            https:\/\/www.vallox.com\/app\/uploads\/2025\/01\/kattelykuva_1694x953px-150x150.webp 150w,\n                            https:\/\/www.vallox.com\/app\/uploads\/2025\/01\/kattelykuva_1694x953px-300x169.webp 300w,\n                            https:\/\/www.vallox.com\/app\/uploads\/2025\/01\/kattelykuva_1694x953px-768x432.webp 768w,\n                            https:\/\/www.vallox.com\/app\/uploads\/2025\/01\/kattelykuva_1694x953px-1024x576.webp 1024w,\n                            https:\/\/www.vallox.com\/app\/uploads\/2025\/01\/kattelykuva_1694x953px.webp 1694w,\n                        \"\n                                        src=\"https:\/\/www.vallox.com\/app\/uploads\/2025\/01\/kattelykuva_1694x953px-768x432.webp\"\n                    alt=\"K\u00e4ttely\"\n                    \/>\n                <\/div>\n                    <\/div>\n    <\/div>\n<\/section>\n\n\n\n<div style=\"height:40px\" aria-hidden=\"true\" class=\"wp-block-spacer\"><\/div>\n\n\n<section class=\"mb-8 w-full FiftyFiftyVisualWrapper\"  id=\"Sertifiointi\">\n    <div>\n        <div class=\"FiftyFiftyVisual relative flex w-full justify-between flex-col xl:flex-row\">\n            <div class=\"h-min\n                w-full xl:w-5\/12 3xl:w-7\/12\n                pt-4 sm:pt-8 md:pt-12 lg:pt-20  3xl:pt-20\n                px-0\n                \n            \">\n                <div class=\"bgElement calc(100vw \/ 2 * ((100vw - 1860px) * 0.1))\n                    absolute z-0 reversewrap\n                    bgElement-right\n                    left-0 right-0 xl:right-[50%] 3xl:right-[calc((40vw-((100vw-1860px)*-0.03)))] 3xl:min-w-[1200px] xl:rounded-tr-xl\n                    \n                    top-0\n                    bottom-24 xl:bottom-0\n                                        bg-[rgba(165,185,196,0.3)]\"\n                ><\/div>\n                                    <h2 class=\"Title Title-left relative z-10\n                        flex flex-col justify-start\n                        text-black\n                        text-2xl lg:text-3xl 2xl:text-4xl\n                        leading-7 lg:leading-8\n                        font-bold\n                        mb-4\n                        xl:pr-8\n                        \">\n                        Certifiering\n                    <\/h2>\n                                                    <div class=\"Content Content-left flex flex-col justify-center relative z-10\n                        xl:pr-8\n                        \">\n                                                    <span class=\"Text text-black xl:text-custom-gray-dark pb-2\">\n                                <p>Vallox har certifierats enligt ISO 9001-kvalitets- och ISO 14001-milj\u00f6standarderna. I enlighet med dem granskar och f\u00f6rb\u00e4ttrar vi st\u00e4ndigt v\u00e5r verksamhet och v\u00e5ra produkter. Ut\u00f6ver v\u00e5r egen verksamhet \u00f6vervakar vi att v\u00e5ra samarbetspartner agerar enligt samma principer.<\/p>\n\n                            <\/span>\n                                                                        <div class=\"flex relative z-10\">\n                            \n\n\n\n    <a\n        href=\"https:\/\/www.vallox.com\/sv\/ansvar\/certifieringar\/\"\n        alt=\"\"\n        target=\"\"\n        class=\"\n            cursor-pointer\n            \n            \n            inline-flex\n            border-black\n            border-2\n            hover:border-primary\n            hover:text-primary\n            group\n            hover:bg-custom-gray-blueish-light\n            font-semibold\n            px-4\n            py-2\n            rounded-full\n            self-baseline\n        \"\n    >\n        Certifikat\n        <span class=\"ml-2 w-3 h-auto fill-black group-hover:fill-primary flex justify-center items-center\"><svg clip-rule=\"evenodd\" fill-rule=\"evenodd\" stroke-linejoin=\"round\" stroke-miterlimit=\"2\" viewBox=\"0 0 24 24\" width=\"100%\" xmlns=\"http:\/\/www.w3.org\/2000\/svg\"><path d=\"m13.022 14.999v3.251c0 .412.335.75.752.75.188 0 .375-.071.518-.206 1.775-1.685 4.945-4.692 6.396-6.069.2-.189.312-.452.312-.725 0-.274-.112-.536-.312-.725-1.451-1.377-4.621-4.385-6.396-6.068-.143-.136-.33-.207-.518-.207-.417 0-.752.337-.752.75v3.251h-9.02c-.531 0-1.002.47-1.002 1v3.998c0 .53.471 1 1.002 1z\" fill-rule=\"nonzero\"\/><\/svg><\/span>\n    <\/a>\n                        <\/div>\n                                            <\/div>\n                            <\/div>\n\n                            <div class=\"ImgWrap ImgWrap-right mt-8 xl:mt-20\n                    w-full xl:w-7\/12 xl:max-w-[950px]\n                    z-10 bottom-0 rounded-tl-[5rem] rounded-br-[5rem] overflow-hidden right-0 aspect-video\n                    xl:justify-end\n                    ml-auto sm:-mr-2 md:-mr-12 lg:-mr-[4.5rem] xl:mr-0\n                \">\n                    <img decoding=\"async\"\n                    loading=\"lazy\"\n                    class=\"object-cover aspect-video w-full h-full\"\n                                            srcset=\"\n                            https:\/\/www.vallox.com\/app\/uploads\/2023\/07\/ilmakuva_1694x953px-150x150.jpg 150w,\n                            https:\/\/www.vallox.com\/app\/uploads\/2023\/07\/ilmakuva_1694x953px-300x169.jpg 300w,\n                            https:\/\/www.vallox.com\/app\/uploads\/2023\/07\/ilmakuva_1694x953px-768x432.jpg 768w,\n                            https:\/\/www.vallox.com\/app\/uploads\/2023\/07\/ilmakuva_1694x953px-1024x576.jpg 1024w,\n                            https:\/\/www.vallox.com\/app\/uploads\/2023\/07\/ilmakuva_1694x953px.jpg 1694w,\n                        \"\n                                        src=\"https:\/\/www.vallox.com\/app\/uploads\/2023\/07\/ilmakuva_1694x953px-768x432.jpg\"\n                    alt=\"tehtaan ilmakuva\"\n                    \/>\n                <\/div>\n                    <\/div>\n    <\/div>\n<\/section>\n\n\n\n<div style=\"height:40px\" aria-hidden=\"true\" class=\"wp-block-spacer\"><\/div>\n","protected":false},"excerpt":{"rendered":"","protected":false},"author":3,"featured_media":0,"parent":9039,"menu_order":40,"comment_status":"closed","ping_status":"closed","template":"","meta":{"_acf_changed":false,"footnotes":""},"class_list":["post-24838","page","type-page","status-publish","hentry"],"acf":[],"yoast_head":"<!-- This site is optimized with the Yoast SEO plugin v26.9 - https:\/\/yoast.com\/product\/yoast-seo-wordpress\/ -->\n<title>Administration - Vallox<\/title>\n<meta name=\"description\" content=\"Administration\" \/>\n<meta name=\"robots\" content=\"index, follow, max-snippet:-1, max-image-preview:large, max-video-preview:-1\" \/>\n<link rel=\"canonical\" href=\"https:\/\/www.vallox.com\/sv\/ansvar\/administration\/\" \/>\n<meta property=\"og:locale\" content=\"sv_SE\" \/>\n<meta property=\"og:type\" content=\"article\" \/>\n<meta property=\"og:title\" content=\"Administration - Vallox\" \/>\n<meta property=\"og:description\" content=\"Administration\" \/>\n<meta property=\"og:url\" content=\"https:\/\/www.vallox.com\/sv\/ansvar\/administration\/\" \/>\n<meta property=\"og:site_name\" content=\"Vallox\" \/>\n<meta property=\"article:modified_time\" content=\"2025-03-31T07:48:38+00:00\" \/>\n<meta name=\"twitter:card\" content=\"summary_large_image\" \/>\n<meta name=\"twitter:label1\" content=\"Est. reading time\" \/>\n\t<meta name=\"twitter:data1\" content=\"2 minutes\" \/>\n<script type=\"application\/ld+json\" class=\"yoast-schema-graph\">{\"@context\":\"https:\/\/schema.org\",\"@graph\":[{\"@type\":\"WebPage\",\"@id\":\"https:\/\/www.vallox.com\/sv\/ansvar\/administration\/\",\"url\":\"https:\/\/www.vallox.com\/sv\/ansvar\/administration\/\",\"name\":\"Administration - Vallox\",\"isPartOf\":{\"@id\":\"https:\/\/www.vallox.com\/sv\/#website\"},\"datePublished\":\"2025-01-23T14:38:42+00:00\",\"dateModified\":\"2025-03-31T07:48:38+00:00\",\"description\":\"Administration\",\"breadcrumb\":{\"@id\":\"https:\/\/www.vallox.com\/sv\/ansvar\/administration\/#breadcrumb\"},\"inLanguage\":\"sv-SE\",\"potentialAction\":[{\"@type\":\"ReadAction\",\"target\":[\"https:\/\/www.vallox.com\/sv\/ansvar\/administration\/\"]}]},{\"@type\":\"BreadcrumbList\",\"@id\":\"https:\/\/www.vallox.com\/sv\/ansvar\/administration\/#breadcrumb\",\"itemListElement\":[{\"@type\":\"ListItem\",\"position\":1,\"name\":\"Home\",\"item\":\"https:\/\/www.vallox.com\/sv\/\"},{\"@type\":\"ListItem\",\"position\":2,\"name\":\"Ansvar\",\"item\":\"https:\/\/www.vallox.com\/sv\/ansvar\/\"},{\"@type\":\"ListItem\",\"position\":3,\"name\":\"Administration\"}]},{\"@type\":\"WebSite\",\"@id\":\"https:\/\/www.vallox.com\/sv\/#website\",\"url\":\"https:\/\/www.vallox.com\/sv\/\",\"name\":\"Vallox\",\"description\":\"\",\"potentialAction\":[{\"@type\":\"SearchAction\",\"target\":{\"@type\":\"EntryPoint\",\"urlTemplate\":\"https:\/\/www.vallox.com\/sv\/?s={search_term_string}\"},\"query-input\":{\"@type\":\"PropertyValueSpecification\",\"valueRequired\":true,\"valueName\":\"search_term_string\"}}],\"inLanguage\":\"sv-SE\"}]}<\/script>\n<!-- \/ Yoast SEO plugin. -->","yoast_head_json":{"title":"Administration - Vallox","description":"Administration","robots":{"index":"index","follow":"follow","max-snippet":"max-snippet:-1","max-image-preview":"max-image-preview:large","max-video-preview":"max-video-preview:-1"},"canonical":"https:\/\/www.vallox.com\/sv\/ansvar\/administration\/","og_locale":"sv_SE","og_type":"article","og_title":"Administration - Vallox","og_description":"Administration","og_url":"https:\/\/www.vallox.com\/sv\/ansvar\/administration\/","og_site_name":"Vallox","article_modified_time":"2025-03-31T07:48:38+00:00","twitter_card":"summary_large_image","twitter_misc":{"Est. reading time":"2 minutes"},"schema":{"@context":"https:\/\/schema.org","@graph":[{"@type":"WebPage","@id":"https:\/\/www.vallox.com\/sv\/ansvar\/administration\/","url":"https:\/\/www.vallox.com\/sv\/ansvar\/administration\/","name":"Administration - Vallox","isPartOf":{"@id":"https:\/\/www.vallox.com\/sv\/#website"},"datePublished":"2025-01-23T14:38:42+00:00","dateModified":"2025-03-31T07:48:38+00:00","description":"Administration","breadcrumb":{"@id":"https:\/\/www.vallox.com\/sv\/ansvar\/administration\/#breadcrumb"},"inLanguage":"sv-SE","potentialAction":[{"@type":"ReadAction","target":["https:\/\/www.vallox.com\/sv\/ansvar\/administration\/"]}]},{"@type":"BreadcrumbList","@id":"https:\/\/www.vallox.com\/sv\/ansvar\/administration\/#breadcrumb","itemListElement":[{"@type":"ListItem","position":1,"name":"Home","item":"https:\/\/www.vallox.com\/sv\/"},{"@type":"ListItem","position":2,"name":"Ansvar","item":"https:\/\/www.vallox.com\/sv\/ansvar\/"},{"@type":"ListItem","position":3,"name":"Administration"}]},{"@type":"WebSite","@id":"https:\/\/www.vallox.com\/sv\/#website","url":"https:\/\/www.vallox.com\/sv\/","name":"Vallox","description":"","potentialAction":[{"@type":"SearchAction","target":{"@type":"EntryPoint","urlTemplate":"https:\/\/www.vallox.com\/sv\/?s={search_term_string}"},"query-input":{"@type":"PropertyValueSpecification","valueRequired":true,"valueName":"search_term_string"}}],"inLanguage":"sv-SE"}]}},"_links":{"self":[{"href":"https:\/\/www.vallox.com\/sv\/wp-json\/wp\/v2\/pages\/24838","targetHints":{"allow":["GET"]}}],"collection":[{"href":"https:\/\/www.vallox.com\/sv\/wp-json\/wp\/v2\/pages"}],"about":[{"href":"https:\/\/www.vallox.com\/sv\/wp-json\/wp\/v2\/types\/page"}],"author":[{"embeddable":true,"href":"https:\/\/www.vallox.com\/sv\/wp-json\/wp\/v2\/users\/3"}],"replies":[{"embeddable":true,"href":"https:\/\/www.vallox.com\/sv\/wp-json\/wp\/v2\/comments?post=24838"}],"version-history":[{"count":2,"href":"https:\/\/www.vallox.com\/sv\/wp-json\/wp\/v2\/pages\/24838\/revisions"}],"predecessor-version":[{"id":25037,"href":"https:\/\/www.vallox.com\/sv\/wp-json\/wp\/v2\/pages\/24838\/revisions\/25037"}],"up":[{"embeddable":true,"href":"https:\/\/www.vallox.com\/sv\/wp-json\/wp\/v2\/pages\/9039"}],"wp:attachment":[{"href":"https:\/\/www.vallox.com\/sv\/wp-json\/wp\/v2\/media?parent=24838"}],"curies":[{"name":"wp","href":"https:\/\/api.w.org\/{rel}","templated":true}]}}