{"id":24832,"date":"2025-02-04T11:02:31","date_gmt":"2025-02-04T09:02:31","guid":{"rendered":"https:\/\/www.vallox.com\/carbon-handprint\/"},"modified":"2025-03-21T13:46:06","modified_gmt":"2025-03-21T11:46:06","slug":"kolhandavtryck","status":"publish","type":"page","link":"https:\/\/www.vallox.com\/sv\/ansvar\/miljon\/kolhandavtryck\/","title":{"rendered":"Kolhandavtryck"},"content":{"rendered":"    <div id=\"Section\" class=\"Block Section overflow-hidden w-full\">\n        <div class=\"Section-content relative max-w-[1088px] mx-auto w-full\">\n            \n<div  class=\"Image w-full h-auto mb-8\">\n    <img decoding=\"async\"\n        srcset=\"\n            https:\/\/www.vallox.com\/app\/uploads\/2025\/01\/Hiilikadenjalki-1024x576.webp 1024w,\n            https:\/\/www.vallox.com\/app\/uploads\/2025\/01\/Hiilikadenjalki-768x432.webp 768w,\n            https:\/\/www.vallox.com\/app\/uploads\/2025\/01\/Hiilikadenjalki-300x169.webp 300w,\n            https:\/\/www.vallox.com\/app\/uploads\/2025\/01\/Hiilikadenjalki-150x150.webp 150w,\n        \"\n        alt=\"Hiilik\u00e4denj\u00e4lki v\u00e4hent\u00e4\u00e4 hiilijalanj\u00e4lke\u00e4. Kuvassa vihre\u00e4 lehdist\u00e4 koostettu k\u00e4mmen peitt\u00e4\u00e4 harmaan jalanj\u00e4ljen.\"\n        src=\"https:\/\/www.vallox.com\/app\/uploads\/2025\/01\/Hiilikadenjalki-300x169.webp\"\n        class=\"object-cover w-full h-auto\"\n    \/>\n    <\/div>\n\n\n\n<p>Med kolhandavtryck avses f\u00f6retag som genom sin verksamhet \u00f6kar klimatf\u00f6rdelarna f\u00f6r sina kunder. S\u00e5ledes kan man fastst\u00e4lla hur mycket utsl\u00e4pp f\u00f6retagets verksamhet eller en viss l\u00f6sning minskar. Dessutom kan man inf\u00f6rliva styrning av konsumenter mot milj\u00f6v\u00e4nligare tj\u00e4nster och produkter i kolhandavtrycket. \u00c4ven om m\u00e5let av ansvariga instanser \u00e4r att minska p\u00e5 koldioxidavtrycket, dvs. koldioxidutsl\u00e4ppen, i sin egen verksamhet, definieras detta inte av kolhandtrycket, utan det fungerar som en separat indikator f\u00f6r f\u00f6retagets milj\u00f6konsekvenser.<\/p>\n\n\n\n<p>Kolhandavtrycket kan p\u00e5verkas p\u00e5 ett konkret s\u00e4tt genom att anv\u00e4nda r\u00e5varor eller energik\u00e4llor med mindre koldioxidavtryck. \u00c4ven f\u00f6rl\u00e4ngning av produktens livscykel, f\u00f6rb\u00e4ttring av prestandan under livscykeln, minskning av avfall och svinn samt \u00f6kad koldioxidbindning och -lagring p\u00e5verkar kolhandavtrycket. Ett kolhandavtryck kan ocks\u00e5 uppst\u00e5 om produktens koldioxidavtryck \u00e4r mindre \u00e4n koldioxidavtrycket av motsvarande produkter p\u00e5 marknaden.<\/p>\n\n\n\n<p>Vallox kolhandavtryck syns p\u00e5 m\u00e5nga s\u00e4tt. Vi f\u00f6rb\u00e4ttrar ansvarsfullheten hela tiden och f\u00f6ljer dess utveckling aktivt f\u00f6r att utveckla nya l\u00f6sningar. Milj\u00f6perspektivet beaktas redan n\u00e4r produkterna designas (DfE \u2013 Design for Environment), i ventilationens energieffektivitet samt i ventilationsaggregatens kvalitet.<\/p>\n\n\n\n<p>N\u00e4r ett aggregat \u00e4r designat att vara l\u00e5nglivat och energieffektivt, m\u00f6jligg\u00f6r det en sund inomhusluft. Dessutom h\u00e5lls fastighetens konstruktioner i skick med hj\u00e4lp av en fungerande ventilation, varvid fastighetens h\u00e5llbarhet f\u00f6rb\u00e4ttras och v\u00e4rde bibeh\u00e5lls. Ett energieffektivt ventilationsaggregat sparar energi genom att ta tillvara den och d\u00e4rmed m\u00f6jligg\u00f6ra ventilation som motsvarar behoven. D\u00e5 minskar den totala energif\u00f6rbrukningen, trots att energi f\u00f6rbrukas f\u00f6r aggregatets funktion under dess livscykel. Denna l\u00f6sning garanterar milj\u00f6f\u00f6rdelar j\u00e4mf\u00f6rt med traditionell sj\u00e4lvdragsventilation.<\/p>\n\n\n    <\/div>\n<\/div>\n","protected":false},"excerpt":{"rendered":"","protected":false},"author":3,"featured_media":0,"parent":24927,"menu_order":20,"comment_status":"closed","ping_status":"closed","template":"","meta":{"_acf_changed":false,"footnotes":""},"class_list":["post-24832","page","type-page","status-publish","hentry"],"acf":[],"yoast_head":"<!-- This site is optimized with the Yoast SEO plugin v26.9 - https:\/\/yoast.com\/product\/yoast-seo-wordpress\/ -->\n<title>Kolhandavtryck - Vallox<\/title>\n<meta name=\"description\" content=\"Kolhandavtryck Med kolhandavtryck avses f\u00f6retag som genom sin verksamhet \u00f6kar klimatf\u00f6rdelarna f\u00f6r sina kunder.\" \/>\n<meta name=\"robots\" content=\"index, follow, max-snippet:-1, max-image-preview:large, max-video-preview:-1\" \/>\n<link rel=\"canonical\" href=\"https:\/\/www.vallox.com\/sv\/ansvar\/miljon\/kolhandavtryck\/\" \/>\n<meta property=\"og:locale\" content=\"sv_SE\" \/>\n<meta property=\"og:type\" content=\"article\" \/>\n<meta property=\"og:title\" content=\"Kolhandavtryck - Vallox\" \/>\n<meta property=\"og:description\" content=\"Kolhandavtryck Med kolhandavtryck avses f\u00f6retag som genom sin verksamhet \u00f6kar klimatf\u00f6rdelarna f\u00f6r sina kunder.\" \/>\n<meta property=\"og:url\" content=\"https:\/\/www.vallox.com\/sv\/ansvar\/miljon\/kolhandavtryck\/\" \/>\n<meta property=\"og:site_name\" content=\"Vallox\" \/>\n<meta property=\"article:modified_time\" content=\"2025-03-21T11:46:06+00:00\" \/>\n<meta name=\"twitter:card\" content=\"summary_large_image\" \/>\n<meta name=\"twitter:label1\" content=\"Est. reading time\" \/>\n\t<meta name=\"twitter:data1\" content=\"4 minutes\" \/>\n<script type=\"application\/ld+json\" class=\"yoast-schema-graph\">{\"@context\":\"https:\/\/schema.org\",\"@graph\":[{\"@type\":\"WebPage\",\"@id\":\"https:\/\/www.vallox.com\/sv\/ansvar\/miljon\/kolhandavtryck\/\",\"url\":\"https:\/\/www.vallox.com\/sv\/ansvar\/miljon\/kolhandavtryck\/\",\"name\":\"Kolhandavtryck - Vallox\",\"isPartOf\":{\"@id\":\"https:\/\/www.vallox.com\/sv\/#website\"},\"datePublished\":\"2025-02-04T09:02:31+00:00\",\"dateModified\":\"2025-03-21T11:46:06+00:00\",\"description\":\"Kolhandavtryck Med kolhandavtryck avses f\u00f6retag som genom sin verksamhet \u00f6kar klimatf\u00f6rdelarna f\u00f6r sina kunder.\",\"breadcrumb\":{\"@id\":\"https:\/\/www.vallox.com\/sv\/ansvar\/miljon\/kolhandavtryck\/#breadcrumb\"},\"inLanguage\":\"sv-SE\",\"potentialAction\":[{\"@type\":\"ReadAction\",\"target\":[\"https:\/\/www.vallox.com\/sv\/ansvar\/miljon\/kolhandavtryck\/\"]}]},{\"@type\":\"BreadcrumbList\",\"@id\":\"https:\/\/www.vallox.com\/sv\/ansvar\/miljon\/kolhandavtryck\/#breadcrumb\",\"itemListElement\":[{\"@type\":\"ListItem\",\"position\":1,\"name\":\"Home\",\"item\":\"https:\/\/www.vallox.com\/sv\/\"},{\"@type\":\"ListItem\",\"position\":2,\"name\":\"Kolhandavtryck\"}]},{\"@type\":\"WebSite\",\"@id\":\"https:\/\/www.vallox.com\/sv\/#website\",\"url\":\"https:\/\/www.vallox.com\/sv\/\",\"name\":\"Vallox\",\"description\":\"\",\"potentialAction\":[{\"@type\":\"SearchAction\",\"target\":{\"@type\":\"EntryPoint\",\"urlTemplate\":\"https:\/\/www.vallox.com\/sv\/?s={search_term_string}\"},\"query-input\":{\"@type\":\"PropertyValueSpecification\",\"valueRequired\":true,\"valueName\":\"search_term_string\"}}],\"inLanguage\":\"sv-SE\"}]}<\/script>\n<!-- \/ Yoast SEO plugin. -->","yoast_head_json":{"title":"Kolhandavtryck - Vallox","description":"Kolhandavtryck Med kolhandavtryck avses f\u00f6retag som genom sin verksamhet \u00f6kar klimatf\u00f6rdelarna f\u00f6r sina kunder.","robots":{"index":"index","follow":"follow","max-snippet":"max-snippet:-1","max-image-preview":"max-image-preview:large","max-video-preview":"max-video-preview:-1"},"canonical":"https:\/\/www.vallox.com\/sv\/ansvar\/miljon\/kolhandavtryck\/","og_locale":"sv_SE","og_type":"article","og_title":"Kolhandavtryck - Vallox","og_description":"Kolhandavtryck Med kolhandavtryck avses f\u00f6retag som genom sin verksamhet \u00f6kar klimatf\u00f6rdelarna f\u00f6r sina kunder.","og_url":"https:\/\/www.vallox.com\/sv\/ansvar\/miljon\/kolhandavtryck\/","og_site_name":"Vallox","article_modified_time":"2025-03-21T11:46:06+00:00","twitter_card":"summary_large_image","twitter_misc":{"Est. reading time":"4 minutes"},"schema":{"@context":"https:\/\/schema.org","@graph":[{"@type":"WebPage","@id":"https:\/\/www.vallox.com\/sv\/ansvar\/miljon\/kolhandavtryck\/","url":"https:\/\/www.vallox.com\/sv\/ansvar\/miljon\/kolhandavtryck\/","name":"Kolhandavtryck - Vallox","isPartOf":{"@id":"https:\/\/www.vallox.com\/sv\/#website"},"datePublished":"2025-02-04T09:02:31+00:00","dateModified":"2025-03-21T11:46:06+00:00","description":"Kolhandavtryck Med kolhandavtryck avses f\u00f6retag som genom sin verksamhet \u00f6kar klimatf\u00f6rdelarna f\u00f6r sina kunder.","breadcrumb":{"@id":"https:\/\/www.vallox.com\/sv\/ansvar\/miljon\/kolhandavtryck\/#breadcrumb"},"inLanguage":"sv-SE","potentialAction":[{"@type":"ReadAction","target":["https:\/\/www.vallox.com\/sv\/ansvar\/miljon\/kolhandavtryck\/"]}]},{"@type":"BreadcrumbList","@id":"https:\/\/www.vallox.com\/sv\/ansvar\/miljon\/kolhandavtryck\/#breadcrumb","itemListElement":[{"@type":"ListItem","position":1,"name":"Home","item":"https:\/\/www.vallox.com\/sv\/"},{"@type":"ListItem","position":2,"name":"Kolhandavtryck"}]},{"@type":"WebSite","@id":"https:\/\/www.vallox.com\/sv\/#website","url":"https:\/\/www.vallox.com\/sv\/","name":"Vallox","description":"","potentialAction":[{"@type":"SearchAction","target":{"@type":"EntryPoint","urlTemplate":"https:\/\/www.vallox.com\/sv\/?s={search_term_string}"},"query-input":{"@type":"PropertyValueSpecification","valueRequired":true,"valueName":"search_term_string"}}],"inLanguage":"sv-SE"}]}},"_links":{"self":[{"href":"https:\/\/www.vallox.com\/sv\/wp-json\/wp\/v2\/pages\/24832","targetHints":{"allow":["GET"]}}],"collection":[{"href":"https:\/\/www.vallox.com\/sv\/wp-json\/wp\/v2\/pages"}],"about":[{"href":"https:\/\/www.vallox.com\/sv\/wp-json\/wp\/v2\/types\/page"}],"author":[{"embeddable":true,"href":"https:\/\/www.vallox.com\/sv\/wp-json\/wp\/v2\/users\/3"}],"replies":[{"embeddable":true,"href":"https:\/\/www.vallox.com\/sv\/wp-json\/wp\/v2\/comments?post=24832"}],"version-history":[{"count":1,"href":"https:\/\/www.vallox.com\/sv\/wp-json\/wp\/v2\/pages\/24832\/revisions"}],"predecessor-version":[{"id":24834,"href":"https:\/\/www.vallox.com\/sv\/wp-json\/wp\/v2\/pages\/24832\/revisions\/24834"}],"up":[{"embeddable":true,"href":"https:\/\/www.vallox.com\/sv\/wp-json\/wp\/v2\/pages\/24927"}],"wp:attachment":[{"href":"https:\/\/www.vallox.com\/sv\/wp-json\/wp\/v2\/media?parent=24832"}],"curies":[{"name":"wp","href":"https:\/\/api.w.org\/{rel}","templated":true}]}}