{"id":24452,"date":"2025-01-23T15:22:02","date_gmt":"2025-01-23T13:22:02","guid":{"rendered":"https:\/\/www.vallox.com\/epd\/"},"modified":"2025-05-05T11:07:58","modified_gmt":"2025-05-05T08:07:58","slug":"epd","status":"publish","type":"page","link":"https:\/\/www.vallox.com\/sv\/ansvar\/miljon\/epd\/","title":{"rendered":"Milj\u00f6varudeklarationer (EPD)"},"content":{"rendered":"    <div id=\"Section\" class=\"Block Section overflow-hidden w-full\">\n        <div class=\"Section-content relative max-w-[1088px] mx-auto w-full\">\n            \n\n<p>Milj\u00f6varudeklarationer \u00e4r dokument som verifierats av en tredje part och som beskriver v\u00e5ra produkters milj\u00f6p\u00e5verkan under hela deras livscykel. Med milj\u00f6varudeklarationerna kan vi f\u00e5 fram tillf\u00f6rlitlig information om vilka milj\u00f6konsekvenser v\u00e5ra produkter orsakar. En milj\u00f6varudeklaration utarbetas i enlighet med standarderna ISO&nbsp;14025 och EN&nbsp;ISO&nbsp;15804 samt med de specifika ber\u00e4kningsreglerna f\u00f6r respektive produktkategori (PCR, Product Category Rules). P\u00e5 s\u00e5 s\u00e4tt \u00e4r de data som ing\u00e5r i EPD j\u00e4mf\u00f6rbara med andra EPD-dokument utarbetade enligt samma ber\u00e4kningsregler. Ett f\u00e4rdigt EPD-dokument g\u00e4ller i fem \u00e5r och publiceras alltid i officiella kanaler. Utgivare av Vallox EPD-produktvarudeklarationer \u00e4r EPD International.<\/p>\n\n\n\n<p>Milj\u00f6varudeklarationerna finns p\u00e5 s\u00e5v\u00e4l\u00a0<a href=\"https:\/\/environdec.com\/library\" target=\"_blank\" rel=\"noreferrer noopener\">Environdecs<\/a>\u00a0sidor som p\u00e5 flikarna f\u00f6r nedladdningsbara filer p\u00e5 v\u00e5ra produktsidor.<\/p>\n\n\n\n\n<div  class=\"\n        image-cards\n        w-full\n        mb-8\n    \">\n    <div class=\"bg-custom-gray-blueish-light reversewrap py-16\">\n        <div class=\"w-full wrap mx-auto\">\n            <h2 class=\"Ttitle mb-8 font-bold text-center\">\n                EPD-samlingar p\u00e5 Environdecs webbplats\n            <\/h2>\n            <div class=\"w-full flex flex-wrap flex-col sm:flex-row\">\n                                  <div class=\"element mb-6 md:mb-4 w-full md:w-1\/2 lg:w-1\/4 overflow-hidden\">\n                                          <a href=\"https:\/\/environdec.com\/library\/collection\/col103\" target=\"_blank\" class=\"group\">\n                                        <div class=\"element-inner bg-white h-full mx-0 sm:mx-2 block\">\n                        <div class=\"image flex w-full bg-[#d0dbe0] aspect-[40\/25] relative group-hover:brightness-90 duration-300\">\n                            <div class=\"absolute inset-0 flex items-center justify-center w-full h-full p-4\">\n                                <img decoding=\"async\" srcset=\"\n                                  https:\/\/www.vallox.com\/app\/uploads\/2025\/05\/Ventilation-Unit-BLUE.webp 1024w,\n                                  https:\/\/www.vallox.com\/app\/uploads\/2025\/05\/Ventilation-Unit-BLUE.webp 768w,\n                                  https:\/\/www.vallox.com\/app\/uploads\/2025\/05\/Ventilation-Unit-BLUE.webp 300w,\n                                  https:\/\/www.vallox.com\/app\/uploads\/2025\/05\/Ventilation-Unit-BLUE-150x150.webp 150w\n                                  \"\n                                  alt=\"\"\n                                  src=\"https:\/\/www.vallox.com\/app\/uploads\/2025\/05\/Ventilation-Unit-BLUE.webp\"\n                                  class=\"w-auto h-2\/3 object-contain\"\n                                \/>\n                            <\/div>\n                        <\/div>\n                        <div class=\"texts flex flex-col justify-center py-8 px-6\">\n                            <h4 class=\"title p font-bold\">Ventilationsaggregat<\/h4>\n                                                    <\/div>\n                    <\/div>\n                                          <\/a>\n                                      <\/div>\n                                  <div class=\"element mb-6 md:mb-4 w-full md:w-1\/2 lg:w-1\/4 overflow-hidden\">\n                                          <a href=\"https:\/\/environdec.com\/library\/collection\/col296\" target=\"_blank\" class=\"group\">\n                                        <div class=\"element-inner bg-white h-full mx-0 sm:mx-2 block\">\n                        <div class=\"image flex w-full bg-[#d0dbe0] aspect-[40\/25] relative group-hover:brightness-90 duration-300\">\n                            <div class=\"absolute inset-0 flex items-center justify-center w-full h-full p-4\">\n                                <img decoding=\"async\" srcset=\"\n                                  https:\/\/www.vallox.com\/app\/uploads\/2025\/05\/CookerHood.webp 1024w,\n                                  https:\/\/www.vallox.com\/app\/uploads\/2025\/05\/CookerHood.webp 768w,\n                                  https:\/\/www.vallox.com\/app\/uploads\/2025\/05\/CookerHood.webp 300w,\n                                  https:\/\/www.vallox.com\/app\/uploads\/2025\/05\/CookerHood-150x150.webp 150w\n                                  \"\n                                  alt=\"\"\n                                  src=\"https:\/\/www.vallox.com\/app\/uploads\/2025\/05\/CookerHood.webp\"\n                                  class=\"w-auto h-2\/3 object-contain\"\n                                \/>\n                            <\/div>\n                        <\/div>\n                        <div class=\"texts flex flex-col justify-center py-8 px-6\">\n                            <h4 class=\"title p font-bold\">Spisfl\u00e4ktar<\/h4>\n                                                    <\/div>\n                    <\/div>\n                                          <\/a>\n                                      <\/div>\n                                  <div class=\"element  md:mb-4 w-full md:w-1\/2 lg:w-1\/4 overflow-hidden\">\n                                          <a href=\"https:\/\/environdec.com\/library\/collection\/col295\" target=\"_blank\" class=\"group\">\n                                        <div class=\"element-inner bg-white h-full mx-0 sm:mx-2 block\">\n                        <div class=\"image flex w-full bg-[#d0dbe0] aspect-[40\/25] relative group-hover:brightness-90 duration-300\">\n                            <div class=\"absolute inset-0 flex items-center justify-center w-full h-full p-4\">\n                                <img decoding=\"async\" srcset=\"\n                                  https:\/\/www.vallox.com\/app\/uploads\/2025\/05\/Roof-Ventilator-Exxeo-BLUE.webp 1024w,\n                                  https:\/\/www.vallox.com\/app\/uploads\/2025\/05\/Roof-Ventilator-Exxeo-BLUE.webp 768w,\n                                  https:\/\/www.vallox.com\/app\/uploads\/2025\/05\/Roof-Ventilator-Exxeo-BLUE.webp 300w,\n                                  https:\/\/www.vallox.com\/app\/uploads\/2025\/05\/Roof-Ventilator-Exxeo-BLUE-150x150.webp 150w\n                                  \"\n                                  alt=\"\"\n                                  src=\"https:\/\/www.vallox.com\/app\/uploads\/2025\/05\/Roof-Ventilator-Exxeo-BLUE.webp\"\n                                  class=\"w-auto h-2\/3 object-contain\"\n                                \/>\n                            <\/div>\n                        <\/div>\n                        <div class=\"texts flex flex-col justify-center py-8 px-6\">\n                            <h4 class=\"title p font-bold\">Vallox Exxeo takfl\u00e4ktar<\/h4>\n                                                    <\/div>\n                    <\/div>\n                                          <\/a>\n                                      <\/div>\n                            <\/div>\n\n        <\/div>\n    <\/div>\n<\/div>\n\n\n\n<h2 class=\"wp-block-heading\">Alla Vallox v\u00e4rmev\u00e4xlare har egna EPD<\/h2>\n\n\n\n<p>I det f\u00f6rsta skedet har vi utarbetat milj\u00f6varudeklarationer f\u00f6r Vallox v\u00e4rmev\u00e4xlare. Vallox \u00e4r bland de f\u00f6rsta inom branschen, eftersom motsvarande information om milj\u00f6p\u00e5verkan bara f\u00e5s f\u00f6r n\u00e5gra f\u00e5 ventilationsaggregatm\u00e4rken i Finland. Dessutom \u00e4r Vallox den f\u00f6rsta vars EPD-milj\u00f6varudeklarationer g\u00e4ller f\u00f6r en specifik aggregatmodell och inte en hel produktkategori.<\/p>\n\n\n\n<p>I milj\u00f6varudeklarationerna beaktas tillverkningen av v\u00e4rmev\u00e4xlarna, inklusive r\u00e5varor och anskaffningar, uppskattningsvis 2 filterbyten om \u00e5ret under aggregatets 25 \u00e5r l\u00e5nga livscykel samt livscykelns slut, det vill s\u00e4ga nedmontering, material\u00e5tervinning och kassering. Eftersom Vallox i egenskap av tillverkare inte kan p\u00e5verka hur den elektricitet som f\u00f6rbrukas under livscykeln \u00e4r producerad, till\u00e4mpas EU:s genomsnittliga elenergi och dess effekter i milj\u00f6varudeklarationerna f\u00f6r v\u00e5ra aggregat.<\/p>\n\n\n\n<p>Resultatet \u00e4r en helt\u00e4ckande rapport som redog\u00f6r f\u00f6r produktens milj\u00f6p\u00e5verkan under dess livscykel, exempelvis f\u00f6r m\u00e4ngden klimatuppv\u00e4rmande utsl\u00e4pp. Det b\u00f6r emellertid noteras att EPD-ber\u00e4kningarna inte alls beaktar att v\u00e5ra produkter i princip \u00e4r energisparande tack vare v\u00e4rme\u00e5tervinningsfunktionen.<\/p>\n\n\n\n<h3 class=\"wp-block-heading\">Vad ger EPD-deklarationerna v\u00e5ra kunder?<\/h3>\n\n\n\n<p>Milj\u00f6varudeklarationer ger byggherrar, planerare och byggfirmor tillf\u00f6rlitlig information om v\u00e5ra produkters milj\u00f6p\u00e5verkan. Milj\u00f6varudeklarationerna g\u00f6r det m\u00f6jligt att j\u00e4mf\u00f6ra skillnaderna mellan olika produkter i fr\u00e5ga om milj\u00f6p\u00e5verkan och h\u00e5llbar utveckling. Tack vare deklarationerna kan v\u00e5ra kunder g\u00f6ra val som \u00e4r f\u00f6renliga med h\u00e5llbar utveckling och rapportera om dem vidare till sina egna kunder och dem som anv\u00e4nder olika byggnader. V\u00e5ra kunder kan utnyttja milj\u00f6varudeklarationerna och f\u00e5 till\u00e4ggspo\u00e4ng n\u00e4r de ans\u00f6ker om certifiering f\u00f6r gr\u00f6nt byggande (bl.a. LEED och BREEAM).<\/p>\n\n\n\n<p>H\u00e5llbara val under produktens livscykel konkretiseras genom en j\u00e4mf\u00f6relse i Vallox EPD-deklarationer av milj\u00f6p\u00e5verkan av energi som producerats p\u00e5 olika s\u00e4tt. I kalkylerna till\u00e4mpas EU:s genomsnittliga elektricitet, men som framg\u00e5r av bilden nedan minskar utsl\u00e4ppen avsev\u00e4rt med f\u00f6rnybar energi. D\u00e4rf\u00f6r rekommenderar Vallox anv\u00e4ndning av energi med mindre milj\u00f6p\u00e5verkan d\u00e4r det \u00e4r m\u00f6jligt.<\/p>\n\n\n<div  class=\"Image w-full h-auto mb-8\">\n    <img decoding=\"async\"\n        srcset=\"\n            https:\/\/www.vallox.com\/app\/uploads\/2024\/04\/EnergyUseEmissions_Vallox110MV-1024x319.webp 1024w,\n            https:\/\/www.vallox.com\/app\/uploads\/2024\/04\/EnergyUseEmissions_Vallox110MV-768x239.webp 768w,\n            https:\/\/www.vallox.com\/app\/uploads\/2024\/04\/EnergyUseEmissions_Vallox110MV-300x93.webp 300w,\n            https:\/\/www.vallox.com\/app\/uploads\/2024\/04\/EnergyUseEmissions_Vallox110MV-150x150.webp 150w,\n        \"\n        alt=\"Energy use emissions, example diagram\"\n        src=\"https:\/\/www.vallox.com\/app\/uploads\/2024\/04\/EnergyUseEmissions_Vallox110MV-300x93.webp\"\n        class=\"object-cover w-full h-auto\"\n    \/>\n    <\/div>\n\n\n\n<h2 class=\"wp-block-heading\">EPD som verktyg f\u00f6r verksamhetsutveckling<\/h2>\n\n\n\n<p>En livscykelanalys ger Vallox mycket information om milj\u00f6p\u00e5verkan hos olika material och produktionsmetoder. Med denna information kan vi kontinuerligt f\u00f6rb\u00e4ttra v\u00e5r verksamhet och g\u00f6ra h\u00e5llbarare val till exempel i fr\u00e5ga om r\u00e5varor, f\u00f6rpackningsmaterial och energianv\u00e4ndning.<\/p>\n\n\n    <\/div>\n<\/div>\n","protected":false},"excerpt":{"rendered":"","protected":false},"author":3,"featured_media":0,"parent":24927,"menu_order":0,"comment_status":"closed","ping_status":"closed","template":"","meta":{"_acf_changed":false,"footnotes":""},"class_list":["post-24452","page","type-page","status-publish","hentry"],"acf":[],"yoast_head":"<!-- This site is optimized with the Yoast SEO plugin v26.9 - https:\/\/yoast.com\/product\/yoast-seo-wordpress\/ -->\n<title>Milj\u00f6varudeklarationer (EPD) - Vallox<\/title>\n<meta name=\"description\" content=\"EPDs are documents that describe the total life-cycle environmental impact of our products and they are verified by an accredited third party.\" \/>\n<meta name=\"robots\" content=\"index, follow, max-snippet:-1, max-image-preview:large, max-video-preview:-1\" \/>\n<link rel=\"canonical\" href=\"https:\/\/www.vallox.com\/sv\/ansvar\/miljon\/epd\/\" \/>\n<meta property=\"og:locale\" content=\"sv_SE\" \/>\n<meta property=\"og:type\" content=\"article\" \/>\n<meta property=\"og:title\" content=\"Milj\u00f6varudeklarationer (EPD) - Vallox\" \/>\n<meta property=\"og:description\" content=\"EPDs are documents that describe the total life-cycle environmental impact of our products and they are verified by an accredited third party.\" \/>\n<meta property=\"og:url\" content=\"https:\/\/www.vallox.com\/sv\/ansvar\/miljon\/epd\/\" \/>\n<meta property=\"og:site_name\" content=\"Vallox\" \/>\n<meta property=\"article:modified_time\" content=\"2025-05-05T08:07:58+00:00\" \/>\n<meta name=\"twitter:card\" content=\"summary_large_image\" \/>\n<meta name=\"twitter:label1\" content=\"Est. reading time\" \/>\n\t<meta name=\"twitter:data1\" content=\"8 minutes\" \/>\n<script type=\"application\/ld+json\" class=\"yoast-schema-graph\">{\"@context\":\"https:\/\/schema.org\",\"@graph\":[{\"@type\":\"WebPage\",\"@id\":\"https:\/\/www.vallox.com\/sv\/ansvar\/miljon\/epd\/\",\"url\":\"https:\/\/www.vallox.com\/sv\/ansvar\/miljon\/epd\/\",\"name\":\"Milj\u00f6varudeklarationer (EPD) - Vallox\",\"isPartOf\":{\"@id\":\"https:\/\/www.vallox.com\/sv\/#website\"},\"datePublished\":\"2025-01-23T13:22:02+00:00\",\"dateModified\":\"2025-05-05T08:07:58+00:00\",\"description\":\"EPDs are documents that describe the total life-cycle environmental impact of our products and they are verified by an accredited third party.\",\"breadcrumb\":{\"@id\":\"https:\/\/www.vallox.com\/sv\/ansvar\/miljon\/epd\/#breadcrumb\"},\"inLanguage\":\"sv-SE\",\"potentialAction\":[{\"@type\":\"ReadAction\",\"target\":[\"https:\/\/www.vallox.com\/sv\/ansvar\/miljon\/epd\/\"]}]},{\"@type\":\"BreadcrumbList\",\"@id\":\"https:\/\/www.vallox.com\/sv\/ansvar\/miljon\/epd\/#breadcrumb\",\"itemListElement\":[{\"@type\":\"ListItem\",\"position\":1,\"name\":\"Home\",\"item\":\"https:\/\/www.vallox.com\/sv\/\"},{\"@type\":\"ListItem\",\"position\":2,\"name\":\"Ansvar\",\"item\":\"https:\/\/www.vallox.com\/sv\/ansvar\/\"},{\"@type\":\"ListItem\",\"position\":3,\"name\":\"Milj\u00f6\",\"item\":\"https:\/\/www.vallox.com\/sv\/ansvar\/miljon\/\"},{\"@type\":\"ListItem\",\"position\":4,\"name\":\"Milj\u00f6varudeklarationer (EPD)\"}]},{\"@type\":\"WebSite\",\"@id\":\"https:\/\/www.vallox.com\/sv\/#website\",\"url\":\"https:\/\/www.vallox.com\/sv\/\",\"name\":\"Vallox\",\"description\":\"\",\"potentialAction\":[{\"@type\":\"SearchAction\",\"target\":{\"@type\":\"EntryPoint\",\"urlTemplate\":\"https:\/\/www.vallox.com\/sv\/?s={search_term_string}\"},\"query-input\":{\"@type\":\"PropertyValueSpecification\",\"valueRequired\":true,\"valueName\":\"search_term_string\"}}],\"inLanguage\":\"sv-SE\"}]}<\/script>\n<!-- \/ Yoast SEO plugin. -->","yoast_head_json":{"title":"Milj\u00f6varudeklarationer (EPD) - Vallox","description":"EPDs are documents that describe the total life-cycle environmental impact of our products and they are verified by an accredited third party.","robots":{"index":"index","follow":"follow","max-snippet":"max-snippet:-1","max-image-preview":"max-image-preview:large","max-video-preview":"max-video-preview:-1"},"canonical":"https:\/\/www.vallox.com\/sv\/ansvar\/miljon\/epd\/","og_locale":"sv_SE","og_type":"article","og_title":"Milj\u00f6varudeklarationer (EPD) - Vallox","og_description":"EPDs are documents that describe the total life-cycle environmental impact of our products and they are verified by an accredited third party.","og_url":"https:\/\/www.vallox.com\/sv\/ansvar\/miljon\/epd\/","og_site_name":"Vallox","article_modified_time":"2025-05-05T08:07:58+00:00","twitter_card":"summary_large_image","twitter_misc":{"Est. reading time":"8 minutes"},"schema":{"@context":"https:\/\/schema.org","@graph":[{"@type":"WebPage","@id":"https:\/\/www.vallox.com\/sv\/ansvar\/miljon\/epd\/","url":"https:\/\/www.vallox.com\/sv\/ansvar\/miljon\/epd\/","name":"Milj\u00f6varudeklarationer (EPD) - Vallox","isPartOf":{"@id":"https:\/\/www.vallox.com\/sv\/#website"},"datePublished":"2025-01-23T13:22:02+00:00","dateModified":"2025-05-05T08:07:58+00:00","description":"EPDs are documents that describe the total life-cycle environmental impact of our products and they are verified by an accredited third party.","breadcrumb":{"@id":"https:\/\/www.vallox.com\/sv\/ansvar\/miljon\/epd\/#breadcrumb"},"inLanguage":"sv-SE","potentialAction":[{"@type":"ReadAction","target":["https:\/\/www.vallox.com\/sv\/ansvar\/miljon\/epd\/"]}]},{"@type":"BreadcrumbList","@id":"https:\/\/www.vallox.com\/sv\/ansvar\/miljon\/epd\/#breadcrumb","itemListElement":[{"@type":"ListItem","position":1,"name":"Home","item":"https:\/\/www.vallox.com\/sv\/"},{"@type":"ListItem","position":2,"name":"Ansvar","item":"https:\/\/www.vallox.com\/sv\/ansvar\/"},{"@type":"ListItem","position":3,"name":"Milj\u00f6","item":"https:\/\/www.vallox.com\/sv\/ansvar\/miljon\/"},{"@type":"ListItem","position":4,"name":"Milj\u00f6varudeklarationer (EPD)"}]},{"@type":"WebSite","@id":"https:\/\/www.vallox.com\/sv\/#website","url":"https:\/\/www.vallox.com\/sv\/","name":"Vallox","description":"","potentialAction":[{"@type":"SearchAction","target":{"@type":"EntryPoint","urlTemplate":"https:\/\/www.vallox.com\/sv\/?s={search_term_string}"},"query-input":{"@type":"PropertyValueSpecification","valueRequired":true,"valueName":"search_term_string"}}],"inLanguage":"sv-SE"}]}},"_links":{"self":[{"href":"https:\/\/www.vallox.com\/sv\/wp-json\/wp\/v2\/pages\/24452","targetHints":{"allow":["GET"]}}],"collection":[{"href":"https:\/\/www.vallox.com\/sv\/wp-json\/wp\/v2\/pages"}],"about":[{"href":"https:\/\/www.vallox.com\/sv\/wp-json\/wp\/v2\/types\/page"}],"author":[{"embeddable":true,"href":"https:\/\/www.vallox.com\/sv\/wp-json\/wp\/v2\/users\/3"}],"replies":[{"embeddable":true,"href":"https:\/\/www.vallox.com\/sv\/wp-json\/wp\/v2\/comments?post=24452"}],"version-history":[{"count":3,"href":"https:\/\/www.vallox.com\/sv\/wp-json\/wp\/v2\/pages\/24452\/revisions"}],"predecessor-version":[{"id":25253,"href":"https:\/\/www.vallox.com\/sv\/wp-json\/wp\/v2\/pages\/24452\/revisions\/25253"}],"up":[{"embeddable":true,"href":"https:\/\/www.vallox.com\/sv\/wp-json\/wp\/v2\/pages\/24927"}],"wp:attachment":[{"href":"https:\/\/www.vallox.com\/sv\/wp-json\/wp\/v2\/media?parent=24452"}],"curies":[{"name":"wp","href":"https:\/\/api.w.org\/{rel}","templated":true}]}}