{"id":21654,"date":"2024-01-26T13:34:38","date_gmt":"2024-01-26T11:34:38","guid":{"rendered":"https:\/\/www.vallox.com\/ansvar\/ymparistostrategia\/"},"modified":"2025-03-31T09:57:03","modified_gmt":"2025-03-31T06:57:03","slug":"miljostrategi","status":"publish","type":"page","link":"https:\/\/www.vallox.com\/sv\/ansvar\/miljon\/miljostrategi\/","title":{"rendered":"Milj\u00f6strategi"},"content":{"rendered":"    <div id=\"Section\" class=\"Block Section overflow-hidden w-full\">\n        <div class=\"Section-content relative max-w-[1088px] mx-auto w-full\">\n            \n\n<h4 class=\"wp-block-heading\">Syftet med Vallox milj\u00f6strategi \u00e4r att ta ansvar f\u00f6r v\u00e5ra produkters hela livscykel, eftersom vi vill bidra till en h\u00e5llbar utveckling inom den byggda milj\u00f6n. VVS-l\u00f6sningar st\u00e5r ofta f\u00f6r en stor del av koldioxidavtrycket i byggnader under deras livscykel, och d\u00e4rf\u00f6r har vi utarbetat EPD-milj\u00f6varudeklarationer f\u00f6r v\u00e5ra v\u00e4rmev\u00e4xlaraggregat. Deklarationerna \u00e4r en viktig informationsk\u00e4lla f\u00f6r att man ska kunna g\u00f6ra val som fr\u00e4mjar en h\u00e5llbar utveckling.<\/h4>\n\n\n\n<p>H\u00e5llbar utveckling \u00e4r ett element i Vallox verksamhetspolicy och v\u00e5rt m\u00e5l \u00e4r att ta ansvar f\u00f6r v\u00e5ra produkter under hela deras livscykel \u00e4nda fr\u00e5n b\u00f6rjan och tills produkten tas ur bruk efter att den n\u00e5tt sin tekniska livsl\u00e4ngd. N\u00e4r vi inledde arbetet med milj\u00f6strategin kartlade vi s\u00e5v\u00e4l interna som externa intressentgruppers synpunkter p\u00e5 milj\u00f6fr\u00e5gor och respondenternas uppfattningar om hur Vallox b\u00f6r beakta milj\u00f6aspekter i sin verksamhet och i sina produkter. Resultaten av enk\u00e4ten hj\u00e4lpte oss att sl\u00e5 fast de huvudsakliga m\u00e5len i Vallox milj\u00f6strategi, s\u00e5som framg\u00e5r av bilden.<\/p>\n\n\n    <\/div>\n<\/div>\n\n\n<div  class=\"Image w-full h-auto mb-8\">\n    <img decoding=\"async\"\n        srcset=\"\n            https:\/\/www.vallox.com\/app\/uploads\/2024\/04\/Ymparistostrategia-SWE-WEBP-1024x576.webp 1024w,\n            https:\/\/www.vallox.com\/app\/uploads\/2024\/04\/Ymparistostrategia-SWE-WEBP-768x432.webp 768w,\n            https:\/\/www.vallox.com\/app\/uploads\/2024\/04\/Ymparistostrategia-SWE-WEBP-300x169.webp 300w,\n            https:\/\/www.vallox.com\/app\/uploads\/2024\/04\/Ymparistostrategia-SWE-WEBP-150x150.webp 150w,\n        \"\n        alt=\"Milj\u00f6strategi\"\n        src=\"https:\/\/www.vallox.com\/app\/uploads\/2024\/04\/Ymparistostrategia-SWE-WEBP-300x169.webp\"\n        class=\"object-cover w-full h-auto\"\n    \/>\n    <\/div>\n\n\n    <div id=\"Section\" class=\"Block Section overflow-hidden w-full\">\n        <div class=\"Section-content relative max-w-[1088px] mx-auto w-full\">\n            \n\n<p>Produkternas milj\u00f6varudeklarationer (Environmental Product Declaration, EPD) h\u00e4nger samman med och f\u00f6rverkligar de huvudsakliga m\u00e5len i milj\u00f6strategin. F\u00f6r att formulera milj\u00f6varudeklarationerna m\u00e5ste milj\u00f6konsekvenserna av respektive produktunder dess livscykel f\u00f6rst bed\u00f6mas genom en livscykelanalys (Lifecycle Assessment, LCA). Analysen g\u00f6r det m\u00f6jligt att identifiera de omr\u00e5den d\u00e4r vi kan minska v\u00e5r verksamhets eller v\u00e5ra produkters milj\u00f6p\u00e5verkan.<\/p>\n\n\n\n<p><\/p>\n\n\n    <\/div>\n<\/div>\n\n\n<section class=\"mb-8 w-full FiftyFiftyVisualWrapper\"  id=\"EPD\">\n    <div>\n        <div class=\"FiftyFiftyVisual relative flex w-full justify-between flex-col xl:flex-row\">\n            <div class=\"h-min\n                w-full xl:w-5\/12 3xl:w-7\/12\n                pt-4 sm:pt-8 md:pt-12 lg:pt-20  3xl:pt-20\n                px-0\n                \n            \">\n                <div class=\"bgElement calc(100vw \/ 2 * ((100vw - 1860px) * 0.1))\n                    absolute z-0 reversewrap\n                    bgElement-right\n                    left-0 right-0 xl:right-[50%] 3xl:right-[calc((40vw-((100vw-1860px)*-0.03)))] 3xl:min-w-[1200px] xl:rounded-tr-xl\n                    \n                    top-0\n                    bottom-24 xl:bottom-0\n                                        bg-[rgba(165,185,196,0.3)]\"\n                ><\/div>\n                                    <h2 class=\"Title Title-left relative z-10\n                        flex flex-col justify-start\n                        text-black\n                        text-2xl lg:text-3xl 2xl:text-4xl\n                        leading-7 lg:leading-8\n                        font-bold\n                        mb-4\n                        xl:pr-8\n                        \">\n                        Milj\u00f6varudeklarationer (EPD)\n                    <\/h2>\n                                                    <div class=\"Content Content-left flex flex-col justify-center relative z-10\n                        xl:pr-8\n                        \">\n                                                    <span class=\"Text text-black xl:text-custom-gray-dark pb-2\">\n                                <p>Milj\u00f6varudeklarationer \u00e4r dokument som verifierats av en tredje part och som beskriver v\u00e5ra produkters milj\u00f6p\u00e5verkan under hela deras livscykel. Med milj\u00f6varudeklarationerna kan vi f\u00e5 fram tillf\u00f6rlitlig information om vilka milj\u00f6konsekvenser v\u00e5ra produkter orsakar. En milj\u00f6varudeklaration utarbetas i enlighet med standarderna ISO\u00a014025 och EN\u00a0ISO\u00a015804 samt med de specifika ber\u00e4kningsreglerna f\u00f6r respektive produktkategori (PCR, Product Category Rules).<\/p>\n\n                            <\/span>\n                                                                        <div class=\"flex relative z-10\">\n                            \n\n\n\n    <a\n        href=\"https:\/\/www.vallox.com\/sv\/ansvar\/miljon\/epd\/\"\n        alt=\"\"\n        target=\"\"\n        class=\"\n            cursor-pointer\n            \n            \n            inline-flex\n            border-black\n            border-2\n            hover:border-primary\n            hover:text-primary\n            group\n            hover:bg-custom-gray-blueish-light\n            font-semibold\n            px-4\n            py-2\n            rounded-full\n            self-baseline\n        \"\n    >\n        Milj\u00f6varudeklarationer (EPD)\n        <span class=\"ml-2 w-3 h-auto fill-black group-hover:fill-primary flex justify-center items-center\"><svg clip-rule=\"evenodd\" fill-rule=\"evenodd\" stroke-linejoin=\"round\" stroke-miterlimit=\"2\" viewBox=\"0 0 24 24\" width=\"100%\" xmlns=\"http:\/\/www.w3.org\/2000\/svg\"><path d=\"m13.022 14.999v3.251c0 .412.335.75.752.75.188 0 .375-.071.518-.206 1.775-1.685 4.945-4.692 6.396-6.069.2-.189.312-.452.312-.725 0-.274-.112-.536-.312-.725-1.451-1.377-4.621-4.385-6.396-6.068-.143-.136-.33-.207-.518-.207-.417 0-.752.337-.752.75v3.251h-9.02c-.531 0-1.002.47-1.002 1v3.998c0 .53.471 1 1.002 1z\" fill-rule=\"nonzero\"\/><\/svg><\/span>\n    <\/a>\n                        <\/div>\n                                            <\/div>\n                            <\/div>\n\n                            <div class=\"ImgWrap ImgWrap-right mt-8 xl:mt-20\n                    w-full xl:w-7\/12 xl:max-w-[950px]\n                    z-10 bottom-0 rounded-tl-[5rem] rounded-br-[5rem] overflow-hidden right-0 aspect-video\n                    xl:justify-end\n                    ml-auto sm:-mr-2 md:-mr-12 lg:-mr-[4.5rem] xl:mr-0\n                \">\n                    <img decoding=\"async\"\n                    loading=\"lazy\"\n                    class=\"object-cover aspect-video w-full h-full\"\n                                            srcset=\"\n                            https:\/\/www.vallox.com\/app\/uploads\/2024\/04\/EPD-vastuullisuudenosana-150x150.webp 150w,\n                            https:\/\/www.vallox.com\/app\/uploads\/2024\/04\/EPD-vastuullisuudenosana-300x169.webp 300w,\n                            https:\/\/www.vallox.com\/app\/uploads\/2024\/04\/EPD-vastuullisuudenosana-768x432.webp 768w,\n                            https:\/\/www.vallox.com\/app\/uploads\/2024\/04\/EPD-vastuullisuudenosana-1024x576.webp 1024w,\n                            https:\/\/www.vallox.com\/app\/uploads\/2024\/04\/EPD-vastuullisuudenosana.webp 1694w,\n                        \"\n                                        src=\"https:\/\/www.vallox.com\/app\/uploads\/2024\/04\/EPD-vastuullisuudenosana-768x432.webp\"\n                    alt=\"vastuullisuus konkretisoituu EPD-dokumentissa\"\n                    \/>\n                <\/div>\n                    <\/div>\n    <\/div>\n<\/section>\n\n\n\n<p><\/p>\n\n\n    <div id=\"Section\" class=\"Block Section overflow-hidden w-full\">\n        <div class=\"Section-content relative max-w-[1088px] mx-auto w-full\">\n            \n\n<h2 class=\"wp-block-heading\">N\u00e4sta steg f\u00f6r att oms\u00e4tta milj\u00f6strategin i praktiken<\/h2>\n\n\n\n<p>I Vallox milj\u00f6strategi ing\u00e5r en f\u00e4rdplan f\u00f6r hur vi ska g\u00e5 vidare med v\u00e5rt ansvarsarbete. De \u00e5rliga \u00e5tg\u00e4rder som slagits fast v\u00e4gleder v\u00e5r verksamhet steg f\u00f6r steg mot st\u00f6rre h\u00e5llbarhet i milj\u00f6h\u00e4nseende.<\/p>\n\n\n\n<p><\/p>\n\n\n    <\/div>\n<\/div>\n\n\n<div  class=\"Image w-full h-auto mb-8\">\n    <img decoding=\"async\"\n        srcset=\"\n            https:\/\/www.vallox.com\/app\/uploads\/2024\/04\/Ymparistotiekartta-SWE-WEBP-1024x576.webp 1024w,\n            https:\/\/www.vallox.com\/app\/uploads\/2024\/04\/Ymparistotiekartta-SWE-WEBP-768x432.webp 768w,\n            https:\/\/www.vallox.com\/app\/uploads\/2024\/04\/Ymparistotiekartta-SWE-WEBP-300x169.webp 300w,\n            https:\/\/www.vallox.com\/app\/uploads\/2024\/04\/Ymparistotiekartta-SWE-WEBP-150x150.webp 150w,\n        \"\n        alt=\"Milj\u00f6f\u00e4rdplan\"\n        src=\"https:\/\/www.vallox.com\/app\/uploads\/2024\/04\/Ymparistotiekartta-SWE-WEBP-300x169.webp\"\n        class=\"object-cover w-full h-auto\"\n    \/>\n    <\/div>\n","protected":false},"excerpt":{"rendered":"","protected":false},"author":3,"featured_media":0,"parent":24927,"menu_order":20,"comment_status":"closed","ping_status":"closed","template":"","meta":{"_acf_changed":false,"footnotes":""},"class_list":["post-21654","page","type-page","status-publish","hentry"],"acf":[],"yoast_head":"<!-- This site is optimized with the Yoast SEO plugin v26.9 - https:\/\/yoast.com\/product\/yoast-seo-wordpress\/ -->\n<title>Milj\u00f6strategi - Vallox<\/title>\n<meta name=\"description\" content=\"Syftet med Vallox milj\u00f6strategi \u00e4r att ta ansvar f\u00f6r v\u00e5ra produkters hela livscykel, eftersom vi vill bidra till en h\u00e5llbar utveckling inom den byggda milj\u00f6n. VVS-l\u00f6sningar st\u00e5r ofta f\u00f6r en stor del av koldioxidavtrycket i byggnader under deras livscykel, och d\u00e4rf\u00f6r har vi utarbetat EPD-milj\u00f6varudeklarationer f\u00f6r v\u00e5ra v\u00e4rmev\u00e4xlaraggregat.\" \/>\n<meta name=\"robots\" content=\"index, follow, max-snippet:-1, max-image-preview:large, max-video-preview:-1\" \/>\n<link rel=\"canonical\" href=\"https:\/\/www.vallox.com\/sv\/ansvar\/miljon\/miljostrategi\/\" \/>\n<meta property=\"og:locale\" content=\"sv_SE\" \/>\n<meta property=\"og:type\" content=\"article\" \/>\n<meta property=\"og:title\" content=\"Milj\u00f6strategi - Vallox\" \/>\n<meta property=\"og:description\" content=\"Syftet med Vallox milj\u00f6strategi \u00e4r att ta ansvar f\u00f6r v\u00e5ra produkters hela livscykel, eftersom vi vill bidra till en h\u00e5llbar utveckling inom den byggda milj\u00f6n. VVS-l\u00f6sningar st\u00e5r ofta f\u00f6r en stor del av koldioxidavtrycket i byggnader under deras livscykel, och d\u00e4rf\u00f6r har vi utarbetat EPD-milj\u00f6varudeklarationer f\u00f6r v\u00e5ra v\u00e4rmev\u00e4xlaraggregat.\" \/>\n<meta property=\"og:url\" content=\"https:\/\/www.vallox.com\/sv\/ansvar\/miljon\/miljostrategi\/\" \/>\n<meta property=\"og:site_name\" content=\"Vallox\" \/>\n<meta property=\"article:modified_time\" content=\"2025-03-31T06:57:03+00:00\" \/>\n<meta name=\"twitter:card\" content=\"summary_large_image\" \/>\n<meta name=\"twitter:label1\" content=\"Est. reading time\" \/>\n\t<meta name=\"twitter:data1\" content=\"5 minutes\" \/>\n<script type=\"application\/ld+json\" class=\"yoast-schema-graph\">{\"@context\":\"https:\/\/schema.org\",\"@graph\":[{\"@type\":\"WebPage\",\"@id\":\"https:\/\/www.vallox.com\/sv\/ansvar\/miljon\/miljostrategi\/\",\"url\":\"https:\/\/www.vallox.com\/sv\/ansvar\/miljon\/miljostrategi\/\",\"name\":\"Milj\u00f6strategi - Vallox\",\"isPartOf\":{\"@id\":\"https:\/\/www.vallox.com\/sv\/#website\"},\"datePublished\":\"2024-01-26T11:34:38+00:00\",\"dateModified\":\"2025-03-31T06:57:03+00:00\",\"description\":\"Syftet med Vallox milj\u00f6strategi \u00e4r att ta ansvar f\u00f6r v\u00e5ra produkters hela livscykel, eftersom vi vill bidra till en h\u00e5llbar utveckling inom den byggda milj\u00f6n. VVS-l\u00f6sningar st\u00e5r ofta f\u00f6r en stor del av koldioxidavtrycket i byggnader under deras livscykel, och d\u00e4rf\u00f6r har vi utarbetat EPD-milj\u00f6varudeklarationer f\u00f6r v\u00e5ra v\u00e4rmev\u00e4xlaraggregat.\",\"breadcrumb\":{\"@id\":\"https:\/\/www.vallox.com\/sv\/ansvar\/miljon\/miljostrategi\/#breadcrumb\"},\"inLanguage\":\"sv-SE\",\"potentialAction\":[{\"@type\":\"ReadAction\",\"target\":[\"https:\/\/www.vallox.com\/sv\/ansvar\/miljon\/miljostrategi\/\"]}]},{\"@type\":\"BreadcrumbList\",\"@id\":\"https:\/\/www.vallox.com\/sv\/ansvar\/miljon\/miljostrategi\/#breadcrumb\",\"itemListElement\":[{\"@type\":\"ListItem\",\"position\":1,\"name\":\"Home\",\"item\":\"https:\/\/www.vallox.com\/sv\/\"},{\"@type\":\"ListItem\",\"position\":2,\"name\":\"Ansvar\",\"item\":\"https:\/\/www.vallox.com\/sv\/ansvar\/\"},{\"@type\":\"ListItem\",\"position\":3,\"name\":\"Milj\u00f6\",\"item\":\"https:\/\/www.vallox.com\/sv\/ansvar\/miljon\/\"},{\"@type\":\"ListItem\",\"position\":4,\"name\":\"Milj\u00f6strategi\"}]},{\"@type\":\"WebSite\",\"@id\":\"https:\/\/www.vallox.com\/sv\/#website\",\"url\":\"https:\/\/www.vallox.com\/sv\/\",\"name\":\"Vallox\",\"description\":\"\",\"potentialAction\":[{\"@type\":\"SearchAction\",\"target\":{\"@type\":\"EntryPoint\",\"urlTemplate\":\"https:\/\/www.vallox.com\/sv\/?s={search_term_string}\"},\"query-input\":{\"@type\":\"PropertyValueSpecification\",\"valueRequired\":true,\"valueName\":\"search_term_string\"}}],\"inLanguage\":\"sv-SE\"}]}<\/script>\n<!-- \/ Yoast SEO plugin. -->","yoast_head_json":{"title":"Milj\u00f6strategi - Vallox","description":"Syftet med Vallox milj\u00f6strategi \u00e4r att ta ansvar f\u00f6r v\u00e5ra produkters hela livscykel, eftersom vi vill bidra till en h\u00e5llbar utveckling inom den byggda milj\u00f6n. VVS-l\u00f6sningar st\u00e5r ofta f\u00f6r en stor del av koldioxidavtrycket i byggnader under deras livscykel, och d\u00e4rf\u00f6r har vi utarbetat EPD-milj\u00f6varudeklarationer f\u00f6r v\u00e5ra v\u00e4rmev\u00e4xlaraggregat.","robots":{"index":"index","follow":"follow","max-snippet":"max-snippet:-1","max-image-preview":"max-image-preview:large","max-video-preview":"max-video-preview:-1"},"canonical":"https:\/\/www.vallox.com\/sv\/ansvar\/miljon\/miljostrategi\/","og_locale":"sv_SE","og_type":"article","og_title":"Milj\u00f6strategi - Vallox","og_description":"Syftet med Vallox milj\u00f6strategi \u00e4r att ta ansvar f\u00f6r v\u00e5ra produkters hela livscykel, eftersom vi vill bidra till en h\u00e5llbar utveckling inom den byggda milj\u00f6n. VVS-l\u00f6sningar st\u00e5r ofta f\u00f6r en stor del av koldioxidavtrycket i byggnader under deras livscykel, och d\u00e4rf\u00f6r har vi utarbetat EPD-milj\u00f6varudeklarationer f\u00f6r v\u00e5ra v\u00e4rmev\u00e4xlaraggregat.","og_url":"https:\/\/www.vallox.com\/sv\/ansvar\/miljon\/miljostrategi\/","og_site_name":"Vallox","article_modified_time":"2025-03-31T06:57:03+00:00","twitter_card":"summary_large_image","twitter_misc":{"Est. reading time":"5 minutes"},"schema":{"@context":"https:\/\/schema.org","@graph":[{"@type":"WebPage","@id":"https:\/\/www.vallox.com\/sv\/ansvar\/miljon\/miljostrategi\/","url":"https:\/\/www.vallox.com\/sv\/ansvar\/miljon\/miljostrategi\/","name":"Milj\u00f6strategi - Vallox","isPartOf":{"@id":"https:\/\/www.vallox.com\/sv\/#website"},"datePublished":"2024-01-26T11:34:38+00:00","dateModified":"2025-03-31T06:57:03+00:00","description":"Syftet med Vallox milj\u00f6strategi \u00e4r att ta ansvar f\u00f6r v\u00e5ra produkters hela livscykel, eftersom vi vill bidra till en h\u00e5llbar utveckling inom den byggda milj\u00f6n. VVS-l\u00f6sningar st\u00e5r ofta f\u00f6r en stor del av koldioxidavtrycket i byggnader under deras livscykel, och d\u00e4rf\u00f6r har vi utarbetat EPD-milj\u00f6varudeklarationer f\u00f6r v\u00e5ra v\u00e4rmev\u00e4xlaraggregat.","breadcrumb":{"@id":"https:\/\/www.vallox.com\/sv\/ansvar\/miljon\/miljostrategi\/#breadcrumb"},"inLanguage":"sv-SE","potentialAction":[{"@type":"ReadAction","target":["https:\/\/www.vallox.com\/sv\/ansvar\/miljon\/miljostrategi\/"]}]},{"@type":"BreadcrumbList","@id":"https:\/\/www.vallox.com\/sv\/ansvar\/miljon\/miljostrategi\/#breadcrumb","itemListElement":[{"@type":"ListItem","position":1,"name":"Home","item":"https:\/\/www.vallox.com\/sv\/"},{"@type":"ListItem","position":2,"name":"Ansvar","item":"https:\/\/www.vallox.com\/sv\/ansvar\/"},{"@type":"ListItem","position":3,"name":"Milj\u00f6","item":"https:\/\/www.vallox.com\/sv\/ansvar\/miljon\/"},{"@type":"ListItem","position":4,"name":"Milj\u00f6strategi"}]},{"@type":"WebSite","@id":"https:\/\/www.vallox.com\/sv\/#website","url":"https:\/\/www.vallox.com\/sv\/","name":"Vallox","description":"","potentialAction":[{"@type":"SearchAction","target":{"@type":"EntryPoint","urlTemplate":"https:\/\/www.vallox.com\/sv\/?s={search_term_string}"},"query-input":{"@type":"PropertyValueSpecification","valueRequired":true,"valueName":"search_term_string"}}],"inLanguage":"sv-SE"}]}},"_links":{"self":[{"href":"https:\/\/www.vallox.com\/sv\/wp-json\/wp\/v2\/pages\/21654","targetHints":{"allow":["GET"]}}],"collection":[{"href":"https:\/\/www.vallox.com\/sv\/wp-json\/wp\/v2\/pages"}],"about":[{"href":"https:\/\/www.vallox.com\/sv\/wp-json\/wp\/v2\/types\/page"}],"author":[{"embeddable":true,"href":"https:\/\/www.vallox.com\/sv\/wp-json\/wp\/v2\/users\/3"}],"replies":[{"embeddable":true,"href":"https:\/\/www.vallox.com\/sv\/wp-json\/wp\/v2\/comments?post=21654"}],"version-history":[{"count":9,"href":"https:\/\/www.vallox.com\/sv\/wp-json\/wp\/v2\/pages\/21654\/revisions"}],"predecessor-version":[{"id":25032,"href":"https:\/\/www.vallox.com\/sv\/wp-json\/wp\/v2\/pages\/21654\/revisions\/25032"}],"up":[{"embeddable":true,"href":"https:\/\/www.vallox.com\/sv\/wp-json\/wp\/v2\/pages\/24927"}],"wp:attachment":[{"href":"https:\/\/www.vallox.com\/sv\/wp-json\/wp\/v2\/media?parent=21654"}],"curies":[{"name":"wp","href":"https:\/\/api.w.org\/{rel}","templated":true}]}}