{"id":20321,"date":"2023-12-21T13:24:21","date_gmt":"2023-12-21T11:24:21","guid":{"rendered":"https:\/\/www.vallox.com\/varfor-vallox\/myvallox-enkel-ventilationsstyrning\/myvallox-cloud-pilvipalvelu\/"},"modified":"2024-01-23T13:47:00","modified_gmt":"2024-01-23T11:47:00","slug":"myvallox-cloud-molntjanst","status":"publish","type":"page","link":"https:\/\/www.vallox.com\/sv\/varfor-vallox\/myvallox-enkel-ventilationsstyrning\/myvallox-cloud-molntjanst\/","title":{"rendered":"MyVallox Cloud-molntj\u00e4nst"},"content":{"rendered":"\n<p><\/p>\n\n\n\n<h2 class=\"wp-block-heading\">Enkel distansstyrning av ventilationen via internet<\/h2>\n\n\n\n<p>MyVallox Cloud \u00e4r en molntj\u00e4nst f\u00f6r styrning av MyVallox-ventilationsaggregat. Med molntj\u00e4nsten kan du styra ditt aggregat p\u00e5 distans via internet. MyVallox Cloud kan anv\u00e4ndas i telefon, p\u00e5 pekplatta eller med dator varifr\u00e5n som helst, f\u00f6rutsatt att anordningen har internetuppkoppling. MyVallox Cloud fungerar i webbl\u00e4saren, och s\u00e5ledes beh\u00f6ver du inte installera n\u00e5gon s\u00e4rskild app i telefonen f\u00f6r att kunna anv\u00e4nda tj\u00e4nsten. Tj\u00e4nsten \u00e4r avgiftsfri och kan anv\u00e4ndas av s\u00e5v\u00e4l privatpersoner som proffs med ansvar f\u00f6r installationstekniken i bostadsaktiebolag.<\/p>\n\n\n\n<p><\/p>\n\n\n\n<p><\/p>\n\n\n<section class=\"mb-8 w-full FiftyFiftyVisualWrapper\"  >\n    <div>\n        <div class=\"FiftyFiftyVisual relative flex w-full justify-between flex-col xl:flex-row-reverse\">\n            <div class=\"h-min\n                w-full xl:w-5\/12 3xl:w-7\/12\n                pt-4 sm:pt-8 md:pt-12 lg:pt-20  3xl:pt-20\n                px-0\n                pl-8\n            \">\n                <div class=\"bgElement calc(100vw \/ 2 * ((100vw - 1860px) * 0.1))\n                    absolute z-0 reversewrap\n                    bgElement-left\n                    \n                    right-0 left-0 xl:left-[50%] 3xl:left-[calc((40vw+((100vw-1860px)*0.07)))] 3xl:min-w-[1200px] xl:rounded-tl-xl\n                    top-0\n                    bottom-24 xl:bottom-0\n                                        bg-[rgba(165,185,196,0.3)]\"\n                ><\/div>\n                                    <h2 class=\"Title Title-right relative z-10\n                        flex flex-col justify-start\n                        text-black\n                        text-2xl lg:text-3xl 2xl:text-4xl\n                        leading-7 lg:leading-8\n                        font-bold\n                        mb-4\n                        \n                        xl:pl-8\">\n                        S\u00e5 h\u00e4r registrerar du ditt ventilationsaggregat i MyVallox Cloud\n                    <\/h2>\n                                                    <div class=\"Content Content-right flex flex-col justify-center relative z-10\n                        \n                        xl:pl-8\">\n                                                    <span class=\"Text text-black xl:text-custom-gray-dark pb-2\">\n                                <p>Registreringen g\u00f6rs i hemn\u00e4tet via MyVallox Home. MyVallox Home \u00e4r ett webbaserat program f\u00f6r anv\u00e4ndning i hemn\u00e4t. Det anv\u00e4nds f\u00f6r att ta i bruk och styra ett ventilationsaggregat.<\/p>\n<p>Registrering i molntj\u00e4nsten kr\u00e4ver att ventilationsaggregatet ansluts via en LAN-kabel till en router och d\u00e4rifr\u00e5n till internet. I samband med att aggregatet registreras skapar du ett eget MyVallox Cloud-konto.<\/p>\n<p>N\u00e4r du v\u00e4l registrerat dig i MyVallox Cloud kan du logga in i molntj\u00e4nsten p\u00e5 <strong><a href=\"https:\/\/cloud.vallox.com\/\" target=\"_blank\" rel=\"noopener\">https:\/\/cloud.vallox.com\/<\/a><\/strong><\/p>\n\n                            <\/span>\n                                                                        <div class=\"flex relative z-10\">\n                            \n\n\n\n    <a\n        href=\"https:\/\/asset.cloudinary.com\/vallox\/ec402bb1a2abea86719db35093c6834b\"\n        alt=\"\"\n        target=\"_blank\"\n        class=\"\n            cursor-pointer\n            \n            \n            inline-flex\n            border-black\n            border-2\n            hover:border-primary\n            hover:text-primary\n            group\n            hover:bg-custom-gray-blueish-light\n            font-semibold\n            px-4\n            py-2\n            rounded-full\n            self-baseline\n        \"\n    >\n        Se instruktionerna f\u00f6r anslutning av ventilationsaggregat\n        <span class=\"ml-2 w-3 h-auto fill-black group-hover:fill-primary flex justify-center items-center\"><svg clip-rule=\"evenodd\" fill-rule=\"evenodd\" stroke-linejoin=\"round\" stroke-miterlimit=\"2\" viewBox=\"0 0 24 24\" width=\"100%\" xmlns=\"http:\/\/www.w3.org\/2000\/svg\"><path d=\"m13.022 14.999v3.251c0 .412.335.75.752.75.188 0 .375-.071.518-.206 1.775-1.685 4.945-4.692 6.396-6.069.2-.189.312-.452.312-.725 0-.274-.112-.536-.312-.725-1.451-1.377-4.621-4.385-6.396-6.068-.143-.136-.33-.207-.518-.207-.417 0-.752.337-.752.75v3.251h-9.02c-.531 0-1.002.47-1.002 1v3.998c0 .53.471 1 1.002 1z\" fill-rule=\"nonzero\"\/><\/svg><\/span>\n    <\/a>\n                        <\/div>\n                                            <\/div>\n                            <\/div>\n\n                            <div class=\"ImgWrap ImgWrap-left mt-8 xl:mt-20\n                    w-full xl:w-7\/12 xl:max-w-[950px]\n                    z-10 bottom-0 rounded-tl-[5rem] rounded-br-[5rem] overflow-hidden left-0 aspect-video\n                    xl:justify-start\n                    -ml-8 md:-ml-16 lg:-ml-20 xl:ml-0\n                \">\n                    <img decoding=\"async\"\n                    loading=\"lazy\"\n                    class=\"object-cover aspect-video w-full h-full\"\n                                            srcset=\"\n                            https:\/\/www.vallox.com\/app\/uploads\/2023\/11\/MyValloxCloud_puhelin-ja-asukkaat_1694x953px.jpg-150x150.png 150w,\n                            https:\/\/www.vallox.com\/app\/uploads\/2023\/11\/MyValloxCloud_puhelin-ja-asukkaat_1694x953px.jpg-300x169.png 300w,\n                            https:\/\/www.vallox.com\/app\/uploads\/2023\/11\/MyValloxCloud_puhelin-ja-asukkaat_1694x953px.jpg-768x432.png 768w,\n                            https:\/\/www.vallox.com\/app\/uploads\/2023\/11\/MyValloxCloud_puhelin-ja-asukkaat_1694x953px.jpg-1024x576.png 1024w,\n                            https:\/\/www.vallox.com\/app\/uploads\/2023\/11\/MyValloxCloud_puhelin-ja-asukkaat_1694x953px.jpg.png 3000w,\n                        \"\n                                        src=\"https:\/\/www.vallox.com\/app\/uploads\/2023\/11\/MyValloxCloud_puhelin-ja-asukkaat_1694x953px.jpg-768x432.png\"\n                    alt=\"MyVallox Cloud -n\u00e4kym\u00e4 mobiilissa\"\n                    \/>\n                <\/div>\n                    <\/div>\n    <\/div>\n<\/section>\n\n\n\n<div style=\"height:50px\" aria-hidden=\"true\" class=\"wp-block-spacer\"><\/div>\n\n\n\n<h2 class=\"wp-block-heading\">Utforska ventilationsdata<\/h2>\n\n\n\n<p>I MyVallox Cloud kan du unders\u00f6ka de data som samlas in om ventilationen. Molntj\u00e4nsten sparar kontinuerligt historik om luftkvaliteten, exempelvis luftens fukthalt och koldioxidniv\u00e5er. I molntj\u00e4nsten kan du \u00e4ven enkelt kontrollera inomhustemperaturen och justera ventilationsinst\u00e4llningarna var och n\u00e4r som helst.<\/p>\n\n\n\n<h2 class=\"wp-block-heading\">Fj\u00e4rranslutning till den tekniska supporten ger hj\u00e4lp i fall av problem<\/h2>\n\n\n\n<p>Om en felsituation uppst\u00e5r i ventilationsaggregatet kan Vallox tekniska support eller ett auktoriserat servicef\u00f6retag med anv\u00e4ndarens tillst\u00e5nd etablera en fj\u00e4rranslutning till aggregatet. Detta g\u00f6r det l\u00e4ttare och snabbare att utreda felet. Ocks\u00e5 testk\u00f6rningar och sj\u00e4lvtest kan g\u00f6ras p\u00e5 distans.<\/p>\n\n\n\n<h2 class=\"wp-block-heading\">Ett aggregat som registrerats i molntj\u00e4nsten uppdateras automatiskt<\/h2>\n\n\n\n<p>Ett ventilationsaggregat som registrerats i MyVallox Cloud uppdateras automatiskt till den senaste programversionen. De nyaste egenskaperna aktiveras allts\u00e5 genast.<\/p>\n\n\n\n<div style=\"height:49px\" aria-hidden=\"true\" class=\"wp-block-spacer\"><\/div>\n\n\n<section class=\"bg-[rgba(165,185,196,0.3)]\" >\n    <div class=\"FiftyFifty\n\n        relative\n        flex\n        justify-between\n        flex-col-reverse lg:flex-row\n    \">\n        <div class=\"w-full lg:w-1\/2 p-4 sm:p-8 md:p-12 lg:p-28 xl:p-32 sm:!px-8\">\n                            <h2 class=\"Title\n                    flex flex-col justify-start\n                    text-black\n                    text-lg sm:text-2xl md:text-xl xl:text-2xl 2xl:text-3xl\n                    font-bold leading-6 xl:leading-7\n                    mb-4\n                \">\n                    L\u00e4s anv\u00e4ndarupplevelser av MyVallox Cloud\n                <\/h2>\n                                        <div class=\"flex flex-col justify-center\">\n                                            <span class=\"Text text-custom-gray-dark pb-2\">\n                            <p>\u201cMan beh\u00f6ver inte fundera p\u00e5 om kablarna sitter d\u00e4r de ska utan kan genast kontrollera systemets data. Som IT-proffs uppskattar jag ocks\u00e5 \u00e5sk\u00e5dligheten i Clouds anv\u00e4ndargr\u00e4nssnitt. Jag tycker att det har gjorts anv\u00e4ndarv\u00e4nligt och allt som beh\u00f6vs \u00e4r l\u00e4tt att hitta.\u201d<\/p>\n\n                        <\/span>\n                                                            <div class=\"flex mt-6\">\n                        \n\n\n\n    <a\n        href=\"https:\/\/www.vallox.com\/sv\/reference\/anvandarupplevelser-av-molntjansten-myvallox-cloud\/\"\n        alt=\"\"\n        target=\"_blank\"\n        class=\"\n            cursor-pointer\n            \n            \n            inline-flex\n            border-black\n            border-2\n            hover:border-primary\n            hover:text-primary\n            group\n            hover:bg-custom-gray-blueish-light\n            font-semibold\n            px-4\n            py-2\n            rounded-full\n            self-baseline\n        \"\n    >\n        Anv\u00e4ndarupplevelser av molntj\u00e4nsten MyVallox Cloud\n        <span class=\"ml-2 w-3 h-auto fill-black group-hover:fill-primary flex justify-center items-center\"><svg clip-rule=\"evenodd\" fill-rule=\"evenodd\" stroke-linejoin=\"round\" stroke-miterlimit=\"2\" viewBox=\"0 0 24 24\" width=\"100%\" xmlns=\"http:\/\/www.w3.org\/2000\/svg\"><path d=\"m13.022 14.999v3.251c0 .412.335.75.752.75.188 0 .375-.071.518-.206 1.775-1.685 4.945-4.692 6.396-6.069.2-.189.312-.452.312-.725 0-.274-.112-.536-.312-.725-1.451-1.377-4.621-4.385-6.396-6.068-.143-.136-.33-.207-.518-.207-.417 0-.752.337-.752.75v3.251h-9.02c-.531 0-1.002.47-1.002 1v3.998c0 .53.471 1 1.002 1z\" fill-rule=\"nonzero\"\/><\/svg><\/span>\n    <\/a>\n                    <\/div>\n                                    <\/div>\n                    <\/div>\n\n                    <div class=\"\n                self-stretch justify-self-stretch\n                w-full lg:w-1\/2\n                relative flex justify-center\n                lg:justify-end\n             \">\n                <img decoding=\"async\"\n                loading=\"lazy\"\n                class=\"object-cover h-full w-full\"\n                                    srcset=\"\n                        https:\/\/www.vallox.com\/app\/uploads\/2023\/07\/MyValloxCloud_listauskuva_940x628-150x150.jpg 150w,\n                        https:\/\/www.vallox.com\/app\/uploads\/2023\/07\/MyValloxCloud_listauskuva_940x628-300x200.jpg 300w,\n                        https:\/\/www.vallox.com\/app\/uploads\/2023\/07\/MyValloxCloud_listauskuva_940x628-768x513.jpg 768w,\n                        https:\/\/www.vallox.com\/app\/uploads\/2023\/07\/MyValloxCloud_listauskuva_940x628.jpg 941w,\n                        https:\/\/www.vallox.com\/app\/uploads\/2023\/07\/MyValloxCloud_listauskuva_940x628.jpg 941w,\n                    \"\n                                src=\"https:\/\/www.vallox.com\/app\/uploads\/2023\/07\/MyValloxCloud_listauskuva_940x628-768x513.jpg\"\n                alt=\"MyVallox Cloud -pilvipalvelu\"\n                \/>\n            <\/div>\n            <\/div>\n<\/section>\n\n\n<div  class=\"textThumbHighlight wrap w-full mb-8\">\n\t<div class=\"flex flex-col sm:flex-row max-w-[1088px] mx-auto bg-custom-gray-blueish-light p-8\">\n\t\t<img decoding=\"async\" alt=\"\" src=\"https:\/\/www.vallox.com\/app\/uploads\/2024\/01\/MyValloxCloud-150x150.png\" class=\"object-cover mb-8 sm:mb-unset mx-auto sm:mx-unset w-[150px] h-[150px] rounded-br-[3rem] rounded-tl-[3rem]\"\/>\n\t\t<div class=\"Texts sm:pl-8\">\n\t\t\t\t\t\t\t<p class=\"font-bold\">Testa demoversionen av MyVallox Cloud<\/p>\n\t\t\t\t\t\t<div class=\"Content\">\n\t\t\t\t<p>Du kan pr\u00f6va hur molntj\u00e4nsten anv\u00e4nds och vilka m\u00f6jligheter det ger genom att testa demoversionen p\u00e5 MyVallox Cloud-sidorna.<\/p>\n<p>Logga in i demoversionen med anv\u00e4ndarnamnet <strong>demo@example<\/strong><\/p>\n<p>och l\u00f6senordet <strong>demo<\/strong><\/p>\n<p><strong><a href=\"https:\/\/demo.vallox.com\/\">Testa demoversionen<\/a><\/strong><\/p>\n\n\t\t\t<\/div>\n\t\t<\/div>\n\t<\/div>\n<\/div>\n\n\n\n<h2 class=\"wp-block-heading\"><\/h2>\n\n\n\n<p><\/p>\n","protected":false},"excerpt":{"rendered":"<p>Enkel distansstyrning av ventilationen via internet MyVallox Cloud \u00e4r en molntj\u00e4nst f\u00f6r styrning av MyVallox-ventilationsaggregat. Med molntj\u00e4nsten kan du styra ditt aggregat p\u00e5 distans via internet. MyVallox Cloud kan anv\u00e4ndas i telefon, p\u00e5 pekplatta eller med dator varifr\u00e5n som helst, f\u00f6rutsatt att anordningen har internetuppkoppling. MyVallox Cloud fungerar i webbl\u00e4saren, och s\u00e5ledes beh\u00f6ver du inte [&hellip;]<\/p>\n","protected":false},"author":5,"featured_media":0,"parent":10917,"menu_order":0,"comment_status":"closed","ping_status":"closed","template":"","meta":{"_acf_changed":false,"footnotes":""},"class_list":["post-20321","page","type-page","status-publish","hentry"],"acf":[],"yoast_head":"<!-- This site is optimized with the Yoast SEO plugin v26.9 - https:\/\/yoast.com\/product\/yoast-seo-wordpress\/ -->\n<title>MyVallox Cloud-molntj\u00e4nst - Vallox<\/title>\n<meta name=\"description\" content=\"MyVallox Cloud molntj\u00e4nst \u00e4r gratis att anv\u00e4nda och den ger dig information om kvaliteten p\u00e5 inomhusluften\" \/>\n<meta name=\"robots\" content=\"index, follow, max-snippet:-1, max-image-preview:large, max-video-preview:-1\" \/>\n<link rel=\"canonical\" href=\"https:\/\/www.vallox.com\/sv\/varfor-vallox\/myvallox-enkel-ventilationsstyrning\/myvallox-cloud-molntjanst\/\" \/>\n<meta property=\"og:locale\" content=\"sv_SE\" \/>\n<meta property=\"og:type\" content=\"article\" \/>\n<meta property=\"og:title\" content=\"MyVallox Cloud-molntj\u00e4nst - Vallox\" \/>\n<meta property=\"og:description\" content=\"MyVallox Cloud molntj\u00e4nst \u00e4r gratis att anv\u00e4nda och den ger dig information om kvaliteten p\u00e5 inomhusluften\" \/>\n<meta property=\"og:url\" content=\"https:\/\/www.vallox.com\/sv\/varfor-vallox\/myvallox-enkel-ventilationsstyrning\/myvallox-cloud-molntjanst\/\" \/>\n<meta property=\"og:site_name\" content=\"Vallox\" \/>\n<meta property=\"article:modified_time\" content=\"2024-01-23T11:47:00+00:00\" \/>\n<meta name=\"twitter:card\" content=\"summary_large_image\" \/>\n<meta name=\"twitter:label1\" content=\"Est. reading time\" \/>\n\t<meta name=\"twitter:data1\" content=\"2 minutes\" \/>\n<script type=\"application\/ld+json\" class=\"yoast-schema-graph\">{\"@context\":\"https:\/\/schema.org\",\"@graph\":[{\"@type\":\"WebPage\",\"@id\":\"https:\/\/www.vallox.com\/sv\/varfor-vallox\/myvallox-enkel-ventilationsstyrning\/myvallox-cloud-molntjanst\/\",\"url\":\"https:\/\/www.vallox.com\/sv\/varfor-vallox\/myvallox-enkel-ventilationsstyrning\/myvallox-cloud-molntjanst\/\",\"name\":\"MyVallox Cloud-molntj\u00e4nst - Vallox\",\"isPartOf\":{\"@id\":\"https:\/\/www.vallox.com\/sv\/#website\"},\"datePublished\":\"2023-12-21T11:24:21+00:00\",\"dateModified\":\"2024-01-23T11:47:00+00:00\",\"description\":\"MyVallox Cloud molntj\u00e4nst \u00e4r gratis att anv\u00e4nda och den ger dig information om kvaliteten p\u00e5 inomhusluften\",\"breadcrumb\":{\"@id\":\"https:\/\/www.vallox.com\/sv\/varfor-vallox\/myvallox-enkel-ventilationsstyrning\/myvallox-cloud-molntjanst\/#breadcrumb\"},\"inLanguage\":\"sv-SE\",\"potentialAction\":[{\"@type\":\"ReadAction\",\"target\":[\"https:\/\/www.vallox.com\/sv\/varfor-vallox\/myvallox-enkel-ventilationsstyrning\/myvallox-cloud-molntjanst\/\"]}]},{\"@type\":\"BreadcrumbList\",\"@id\":\"https:\/\/www.vallox.com\/sv\/varfor-vallox\/myvallox-enkel-ventilationsstyrning\/myvallox-cloud-molntjanst\/#breadcrumb\",\"itemListElement\":[{\"@type\":\"ListItem\",\"position\":1,\"name\":\"Home\",\"item\":\"https:\/\/www.vallox.com\/sv\/\"},{\"@type\":\"ListItem\",\"position\":2,\"name\":\"Varf\u00f6r Vallox?\",\"item\":\"https:\/\/www.vallox.com\/sv\/varfor-vallox\/\"},{\"@type\":\"ListItem\",\"position\":3,\"name\":\"MyVallox &#8211; Enkel ventilationsstyrning\",\"item\":\"https:\/\/www.vallox.com\/sv\/varfor-vallox\/myvallox-enkel-ventilationsstyrning\/\"},{\"@type\":\"ListItem\",\"position\":4,\"name\":\"MyVallox Cloud-molntj\u00e4nst\"}]},{\"@type\":\"WebSite\",\"@id\":\"https:\/\/www.vallox.com\/sv\/#website\",\"url\":\"https:\/\/www.vallox.com\/sv\/\",\"name\":\"Vallox\",\"description\":\"\",\"potentialAction\":[{\"@type\":\"SearchAction\",\"target\":{\"@type\":\"EntryPoint\",\"urlTemplate\":\"https:\/\/www.vallox.com\/sv\/?s={search_term_string}\"},\"query-input\":{\"@type\":\"PropertyValueSpecification\",\"valueRequired\":true,\"valueName\":\"search_term_string\"}}],\"inLanguage\":\"sv-SE\"}]}<\/script>\n<!-- \/ Yoast SEO plugin. -->","yoast_head_json":{"title":"MyVallox Cloud-molntj\u00e4nst - Vallox","description":"MyVallox Cloud molntj\u00e4nst \u00e4r gratis att anv\u00e4nda och den ger dig information om kvaliteten p\u00e5 inomhusluften","robots":{"index":"index","follow":"follow","max-snippet":"max-snippet:-1","max-image-preview":"max-image-preview:large","max-video-preview":"max-video-preview:-1"},"canonical":"https:\/\/www.vallox.com\/sv\/varfor-vallox\/myvallox-enkel-ventilationsstyrning\/myvallox-cloud-molntjanst\/","og_locale":"sv_SE","og_type":"article","og_title":"MyVallox Cloud-molntj\u00e4nst - Vallox","og_description":"MyVallox Cloud molntj\u00e4nst \u00e4r gratis att anv\u00e4nda och den ger dig information om kvaliteten p\u00e5 inomhusluften","og_url":"https:\/\/www.vallox.com\/sv\/varfor-vallox\/myvallox-enkel-ventilationsstyrning\/myvallox-cloud-molntjanst\/","og_site_name":"Vallox","article_modified_time":"2024-01-23T11:47:00+00:00","twitter_card":"summary_large_image","twitter_misc":{"Est. reading time":"2 minutes"},"schema":{"@context":"https:\/\/schema.org","@graph":[{"@type":"WebPage","@id":"https:\/\/www.vallox.com\/sv\/varfor-vallox\/myvallox-enkel-ventilationsstyrning\/myvallox-cloud-molntjanst\/","url":"https:\/\/www.vallox.com\/sv\/varfor-vallox\/myvallox-enkel-ventilationsstyrning\/myvallox-cloud-molntjanst\/","name":"MyVallox Cloud-molntj\u00e4nst - Vallox","isPartOf":{"@id":"https:\/\/www.vallox.com\/sv\/#website"},"datePublished":"2023-12-21T11:24:21+00:00","dateModified":"2024-01-23T11:47:00+00:00","description":"MyVallox Cloud molntj\u00e4nst \u00e4r gratis att anv\u00e4nda och den ger dig information om kvaliteten p\u00e5 inomhusluften","breadcrumb":{"@id":"https:\/\/www.vallox.com\/sv\/varfor-vallox\/myvallox-enkel-ventilationsstyrning\/myvallox-cloud-molntjanst\/#breadcrumb"},"inLanguage":"sv-SE","potentialAction":[{"@type":"ReadAction","target":["https:\/\/www.vallox.com\/sv\/varfor-vallox\/myvallox-enkel-ventilationsstyrning\/myvallox-cloud-molntjanst\/"]}]},{"@type":"BreadcrumbList","@id":"https:\/\/www.vallox.com\/sv\/varfor-vallox\/myvallox-enkel-ventilationsstyrning\/myvallox-cloud-molntjanst\/#breadcrumb","itemListElement":[{"@type":"ListItem","position":1,"name":"Home","item":"https:\/\/www.vallox.com\/sv\/"},{"@type":"ListItem","position":2,"name":"Varf\u00f6r Vallox?","item":"https:\/\/www.vallox.com\/sv\/varfor-vallox\/"},{"@type":"ListItem","position":3,"name":"MyVallox &#8211; Enkel ventilationsstyrning","item":"https:\/\/www.vallox.com\/sv\/varfor-vallox\/myvallox-enkel-ventilationsstyrning\/"},{"@type":"ListItem","position":4,"name":"MyVallox Cloud-molntj\u00e4nst"}]},{"@type":"WebSite","@id":"https:\/\/www.vallox.com\/sv\/#website","url":"https:\/\/www.vallox.com\/sv\/","name":"Vallox","description":"","potentialAction":[{"@type":"SearchAction","target":{"@type":"EntryPoint","urlTemplate":"https:\/\/www.vallox.com\/sv\/?s={search_term_string}"},"query-input":{"@type":"PropertyValueSpecification","valueRequired":true,"valueName":"search_term_string"}}],"inLanguage":"sv-SE"}]}},"_links":{"self":[{"href":"https:\/\/www.vallox.com\/sv\/wp-json\/wp\/v2\/pages\/20321","targetHints":{"allow":["GET"]}}],"collection":[{"href":"https:\/\/www.vallox.com\/sv\/wp-json\/wp\/v2\/pages"}],"about":[{"href":"https:\/\/www.vallox.com\/sv\/wp-json\/wp\/v2\/types\/page"}],"author":[{"embeddable":true,"href":"https:\/\/www.vallox.com\/sv\/wp-json\/wp\/v2\/users\/5"}],"replies":[{"embeddable":true,"href":"https:\/\/www.vallox.com\/sv\/wp-json\/wp\/v2\/comments?post=20321"}],"version-history":[{"count":2,"href":"https:\/\/www.vallox.com\/sv\/wp-json\/wp\/v2\/pages\/20321\/revisions"}],"predecessor-version":[{"id":20324,"href":"https:\/\/www.vallox.com\/sv\/wp-json\/wp\/v2\/pages\/20321\/revisions\/20324"}],"up":[{"embeddable":true,"href":"https:\/\/www.vallox.com\/sv\/wp-json\/wp\/v2\/pages\/10917"}],"wp:attachment":[{"href":"https:\/\/www.vallox.com\/sv\/wp-json\/wp\/v2\/media?parent=20321"}],"curies":[{"name":"wp","href":"https:\/\/api.w.org\/{rel}","templated":true}]}}