{"id":16845,"date":"2023-09-11T10:45:38","date_gmt":"2023-09-11T07:45:38","guid":{"rendered":"https:\/\/vallox.com\/vallox-out-in-vario\/"},"modified":"2023-09-14T09:23:15","modified_gmt":"2023-09-14T06:23:15","slug":"vallox-out-in-vario","status":"publish","type":"page","link":"https:\/\/www.vallox.com\/sv\/vallox-out-in-vario\/","title":{"rendered":"Vallox Out\/in Vario"},"content":{"rendered":"<section class=\"mb-8 w-full FiftyFiftyVisualWrapper\"  >\n    <div>\n        <div class=\"FiftyFiftyVisual relative flex w-full justify-between flex-col xl:flex-row\">\n            <div class=\"h-min\n                w-full xl:w-5\/12 3xl:w-7\/12\n                pt-4 sm:pt-8 md:pt-12 lg:pt-20  3xl:pt-20\n                px-0\n                \n            \">\n                <div class=\"bgElement calc(100vw \/ 2 * ((100vw - 1860px) * 0.1))\n                    absolute z-0 reversewrap\n                    bgElement-right\n                    left-0 right-0 xl:right-[50%] 3xl:right-[calc((40vw-((100vw-1860px)*-0.03)))] 3xl:min-w-[1200px] xl:rounded-tr-xl\n                    \n                    top-0\n                    bottom-24 xl:bottom-0\n                                        bg-[rgba(165,185,196,0.3)]\"\n                ><\/div>\n                                    <h2 class=\"Title Title-left relative z-10\n                        flex flex-col justify-start\n                        text-black\n                        text-2xl lg:text-3xl 2xl:text-4xl\n                        leading-7 lg:leading-8\n                        font-bold\n                        mb-4\n                        xl:pr-8\n                        \">\n                        En ny patenterad l\u00f6sning f\u00f6r utbl\u00e5sning och intag av luft\n                    <\/h2>\n                                                    <div class=\"Content Content-left flex flex-col justify-center relative z-10\n                        xl:pr-8\n                        \">\n                                                    <span class=\"Text text-black xl:text-custom-gray-dark pb-2\">\n                                <p>Med Vallox Out\/in Vario-kombiv\u00e4gghuv f\u00f6r utbl\u00e5sning och intag av luft kan ventilationen i enskilda l\u00e4genheter realiseras enkelt i b\u00e5de nya och gamla flerv\u00e5ningshus och h\u00f6ga byggnader. D\u00e5 beh\u00f6vs inga vertikala r\u00f6rslitsar som tar utrymme i bost\u00e4derna p\u00e5 de h\u00f6gsta v\u00e5ningarna.<\/p>\n\n                            <\/span>\n                                                                    <\/div>\n                            <\/div>\n\n                            <div class=\"ImgWrap ImgWrap-right mt-8 xl:mt-20\n                    w-full xl:w-7\/12 xl:max-w-[950px]\n                    z-10 bottom-0 rounded-tl-[5rem] rounded-br-[5rem] overflow-hidden right-0 aspect-video\n                    xl:justify-end\n                    ml-auto sm:-mr-2 md:-mr-12 lg:-mr-[4.5rem] xl:mr-0\n                \">\n                    <img decoding=\"async\"\n                    loading=\"lazy\"\n                    class=\"object-cover aspect-video w-full h-full\"\n                                            srcset=\"\n                            https:\/\/www.vallox.com\/app\/uploads\/2023\/09\/outinvario_1694x953px-150x150.png 150w,\n                            https:\/\/www.vallox.com\/app\/uploads\/2023\/09\/outinvario_1694x953px-300x169.png 300w,\n                            https:\/\/www.vallox.com\/app\/uploads\/2023\/09\/outinvario_1694x953px-768x432.png 768w,\n                            https:\/\/www.vallox.com\/app\/uploads\/2023\/09\/outinvario_1694x953px-1024x576.png 1024w,\n                            https:\/\/www.vallox.com\/app\/uploads\/2023\/09\/outinvario_1694x953px.png 1694w,\n                        \"\n                                        src=\"https:\/\/www.vallox.com\/app\/uploads\/2023\/09\/outinvario_1694x953px-768x432.png\"\n                    alt=\"Vallox Out in Vario kerrostalon sein\u00e4ss\u00e4\"\n                    \/>\n                <\/div>\n                    <\/div>\n    <\/div>\n<\/section>\n\n\n\n<div style=\"height:30px\" aria-hidden=\"true\" class=\"wp-block-spacer\"><\/div>\n\n\n    <div id=\"\" class=\"Block Section overflow-hidden w-full\">\n        <div class=\"Section-content relative max-w-[1088px] mx-auto w-full\">\n            \n    <div id=\"\" class=\"Block Section overflow-hidden w-full\">\n        <div class=\"Section-content relative max-w-[1088px] mx-auto w-full\">\n            \n    <div id=\"\" class=\"Block Section overflow-hidden w-full\">\n        <div class=\"Section-content relative max-w-[1088px] mx-auto w-full\">\n            \n    <div id=\"\" class=\"Block Section overflow-hidden w-full\">\n        <div class=\"Section-content relative max-w-[1088px] mx-auto w-full\">\n            \n\n<h2 class=\"wp-block-heading\">Patenterad konstruktion &#8211; mindre tryckfall!<\/h2>\n\n\n\n<p>Anordningens patenterade konstruktion ger m\u00f6jlighet till flerstegsreglering av utbl\u00e5sningshastigheten, som kan st\u00e4llas in p\u00e5 olika niv\u00e5er. Denna nyhet minimerar tryckfallet. Tack vare sin konstruktion har anordningen bra vattenavskiljning och risken f\u00f6r att den fryser \u00e4r liten. Detta f\u00f6rb\u00e4ttrar ventilationsaggregatets funktion p\u00e5 ett betydande s\u00e4tt. Anordningen g\u00e5r l\u00e4tt och snabbt att installera och kr\u00e4ver ingen service.<\/p>\n\n\n\n<p><\/p>\n\n\n\n<h2 class=\"wp-block-heading\">Nya m\u00f6jligheter f\u00f6r byggkonstruktion<\/h2>\n\n\n\n<p>Vallox Out\/in Vario-huvens delar f\u00f6r avluft och uteluft kan placeras p\u00e5 olika st\u00e4llen, till och med i olika delar av byggnaden. Detta g\u00f6r byggnadsplaneringen mer flexibel och det blir l\u00e4ttare att uppn\u00e5 de minimiavst\u00e5nd som kr\u00e4vs fr\u00e5n objekt som f\u00f6rs\u00e4mrar luftkvaliteten (avfallscontainrar, bredvidliggande balkonger osv.). Anordningens h\u00f6ger-\/v\u00e4nsterutf\u00f6rande kan v\u00e4xlas.<\/p>\n\n\n\n<p>Anordningen finns i fyra olika f\u00e4rger. Eftersom kombiv\u00e4gghuven enligt f\u00f6rordningen inte kan placeras utom synh\u00e5ll i f\u00f6rdjupningar eller h\u00f6rn, ger de olika f\u00e4rgerna m\u00f6jlighet att v\u00e4lja ett alternativ som passar byggnadens fasad. Nu finns ut\u00f6ver vit, rostr\u00f6d och gr\u00e5 ocks\u00e5 svart, som efterfr\u00e5gats l\u00e4nge.<br><\/p>\n\n\n\n<div style=\"height:40px\" aria-hidden=\"true\" class=\"wp-block-spacer\"><\/div>\n\n\n<section class=\"bg-[rgba(165,185,196,0.3)]\" >\n    <div class=\"FiftyFifty\n\n        relative\n        flex\n        justify-between\n        flex-col-reverse lg:flex-row\n    \">\n        <div class=\"w-full lg:w-1\/2 p-4 sm:p-8 md:p-12 lg:p-28 xl:p-32 sm:!px-8\">\n                            <h2 class=\"Title\n                    flex flex-col justify-start\n                    text-black\n                    text-lg sm:text-2xl md:text-xl xl:text-2xl 2xl:text-3xl\n                    font-bold leading-6 xl:leading-7\n                    mb-4\n                \">\n                    Marknadens b\u00e4sta kombiv\u00e4gghuv f\u00f6r utbl\u00e5sning och intag av luft \n                <\/h2>\n                                        <div class=\"flex flex-col justify-center\">\n                                            <span class=\"Text text-custom-gray-dark pb-2\">\n                            <p>Vallox Out\/in Vario-kombiv\u00e4gghuv f\u00f6r utbl\u00e5sning och intag av luft \u00e4r marknadens b\u00e4sta system f\u00f6r utbl\u00e5sning. Anordningen har ett litet tryckfall och ett patenterat reglage av avluftshastigheten.<\/p>\n\n                        <\/span>\n                                                            <div class=\"flex mt-6\">\n                        \n\n\n\n    <a\n        href=\"https:\/\/www.vallox.com\/sv\/produkt\/vallox-out-in-vario-kombivagghuv-for-utblasning-och-intag-av-luft\/\"\n        alt=\"\"\n        target=\"_blank\"\n        class=\"\n            cursor-pointer\n            \n            \n            inline-flex\n            border-black\n            border-2\n            hover:border-primary\n            hover:text-primary\n            group\n            hover:bg-custom-gray-blueish-light\n            font-semibold\n            px-4\n            py-2\n            rounded-full\n            self-baseline\n        \"\n    >\n        L\u00e4r mera om Vallox Out\/in Varios produktinformation\n        <span class=\"ml-2 w-3 h-auto fill-black group-hover:fill-primary flex justify-center items-center\"><svg clip-rule=\"evenodd\" fill-rule=\"evenodd\" stroke-linejoin=\"round\" stroke-miterlimit=\"2\" viewBox=\"0 0 24 24\" width=\"100%\" xmlns=\"http:\/\/www.w3.org\/2000\/svg\"><path d=\"m13.022 14.999v3.251c0 .412.335.75.752.75.188 0 .375-.071.518-.206 1.775-1.685 4.945-4.692 6.396-6.069.2-.189.312-.452.312-.725 0-.274-.112-.536-.312-.725-1.451-1.377-4.621-4.385-6.396-6.068-.143-.136-.33-.207-.518-.207-.417 0-.752.337-.752.75v3.251h-9.02c-.531 0-1.002.47-1.002 1v3.998c0 .53.471 1 1.002 1z\" fill-rule=\"nonzero\"\/><\/svg><\/span>\n    <\/a>\n                    <\/div>\n                                    <\/div>\n                    <\/div>\n\n                    <div class=\"\n                self-stretch justify-self-stretch\n                w-full lg:w-1\/2\n                relative flex justify-center\n                lg:justify-end\n             \">\n                <img decoding=\"async\"\n                loading=\"lazy\"\n                class=\"object-cover h-full w-full\"\n                                    srcset=\"\n                        https:\/\/www.vallox.com\/app\/uploads\/2023\/09\/outinvariovarivaihtoehdot_1452x992px-150x150.png 150w,\n                        https:\/\/www.vallox.com\/app\/uploads\/2023\/09\/outinvariovarivaihtoehdot_1452x992px-300x205.png 300w,\n                        https:\/\/www.vallox.com\/app\/uploads\/2023\/09\/outinvariovarivaihtoehdot_1452x992px-768x525.png 768w,\n                        https:\/\/www.vallox.com\/app\/uploads\/2023\/09\/outinvariovarivaihtoehdot_1452x992px-1024x700.png 1024w,\n                        https:\/\/www.vallox.com\/app\/uploads\/2023\/09\/outinvariovarivaihtoehdot_1452x992px.png 1452w,\n                    \"\n                                src=\"https:\/\/www.vallox.com\/app\/uploads\/2023\/09\/outinvariovarivaihtoehdot_1452x992px-768x525.png\"\n                alt=\"Out\/In Vario v\u00e4rivaihtoehdot\"\n                \/>\n            <\/div>\n            <\/div>\n<\/section>\n\n\n    <\/div>\n<\/div>\n\n\n    <\/div>\n<\/div>\n\n\n    <\/div>\n<\/div>\n\n\n    <\/div>\n<\/div>\n","protected":false},"excerpt":{"rendered":"","protected":false},"author":5,"featured_media":17579,"parent":0,"menu_order":0,"comment_status":"closed","ping_status":"closed","template":"","meta":{"_acf_changed":false,"footnotes":""},"class_list":["post-16845","page","type-page","status-publish","has-post-thumbnail","hentry"],"acf":[],"yoast_head":"<!-- This site is optimized with the Yoast SEO plugin v26.9 - https:\/\/yoast.com\/product\/yoast-seo-wordpress\/ -->\n<title>Vallox Out\/in Vario - Vallox<\/title>\n<meta name=\"description\" content=\"Med Vallox Out\/in Vario-kombiv\u00e4gghuv f\u00f6r utbl\u00e5sning och intag av luft kan ventilationen i enskilda l\u00e4genheter realiseras enkelt i b\u00e5de nya och gamla flerv\u00e5ningshus och h\u00f6ga byggnader.\" \/>\n<meta name=\"robots\" content=\"index, follow, max-snippet:-1, max-image-preview:large, max-video-preview:-1\" \/>\n<link rel=\"canonical\" href=\"https:\/\/www.vallox.com\/sv\/vallox-out-in-vario\/\" \/>\n<meta property=\"og:locale\" content=\"sv_SE\" \/>\n<meta property=\"og:type\" content=\"article\" \/>\n<meta property=\"og:title\" content=\"Vallox Out\/in Vario - Vallox\" \/>\n<meta property=\"og:description\" content=\"Med Vallox Out\/in Vario-kombiv\u00e4gghuv f\u00f6r utbl\u00e5sning och intag av luft kan ventilationen i enskilda l\u00e4genheter realiseras enkelt i b\u00e5de nya och gamla flerv\u00e5ningshus och h\u00f6ga byggnader.\" \/>\n<meta property=\"og:url\" content=\"https:\/\/www.vallox.com\/sv\/vallox-out-in-vario\/\" \/>\n<meta property=\"og:site_name\" content=\"Vallox\" \/>\n<meta property=\"article:modified_time\" content=\"2023-09-14T06:23:15+00:00\" \/>\n<meta property=\"og:image\" content=\"https:\/\/www.vallox.com\/app\/uploads\/2023\/09\/outinvario_1694x953px-1024x576.png\" \/>\n\t<meta property=\"og:image:width\" content=\"1024\" \/>\n\t<meta property=\"og:image:height\" content=\"576\" \/>\n\t<meta property=\"og:image:type\" content=\"image\/png\" \/>\n<meta name=\"twitter:card\" content=\"summary_large_image\" \/>\n<meta name=\"twitter:label1\" content=\"Est. reading time\" \/>\n\t<meta name=\"twitter:data1\" content=\"1 minute\" \/>\n<script type=\"application\/ld+json\" class=\"yoast-schema-graph\">{\"@context\":\"https:\/\/schema.org\",\"@graph\":[{\"@type\":\"WebPage\",\"@id\":\"https:\/\/www.vallox.com\/sv\/vallox-out-in-vario\/\",\"url\":\"https:\/\/www.vallox.com\/sv\/vallox-out-in-vario\/\",\"name\":\"Vallox Out\/in Vario - Vallox\",\"isPartOf\":{\"@id\":\"https:\/\/www.vallox.com\/sv\/#website\"},\"primaryImageOfPage\":{\"@id\":\"https:\/\/www.vallox.com\/sv\/vallox-out-in-vario\/#primaryimage\"},\"image\":{\"@id\":\"https:\/\/www.vallox.com\/sv\/vallox-out-in-vario\/#primaryimage\"},\"thumbnailUrl\":\"https:\/\/www.vallox.com\/app\/uploads\/2023\/09\/outinvario_1694x953px.png\",\"datePublished\":\"2023-09-11T07:45:38+00:00\",\"dateModified\":\"2023-09-14T06:23:15+00:00\",\"description\":\"Med Vallox Out\/in Vario-kombiv\u00e4gghuv f\u00f6r utbl\u00e5sning och intag av luft kan ventilationen i enskilda l\u00e4genheter realiseras enkelt i b\u00e5de nya och gamla flerv\u00e5ningshus och h\u00f6ga byggnader.\",\"breadcrumb\":{\"@id\":\"https:\/\/www.vallox.com\/sv\/vallox-out-in-vario\/#breadcrumb\"},\"inLanguage\":\"sv-SE\",\"potentialAction\":[{\"@type\":\"ReadAction\",\"target\":[\"https:\/\/www.vallox.com\/sv\/vallox-out-in-vario\/\"]}]},{\"@type\":\"ImageObject\",\"inLanguage\":\"sv-SE\",\"@id\":\"https:\/\/www.vallox.com\/sv\/vallox-out-in-vario\/#primaryimage\",\"url\":\"https:\/\/www.vallox.com\/app\/uploads\/2023\/09\/outinvario_1694x953px.png\",\"contentUrl\":\"https:\/\/www.vallox.com\/app\/uploads\/2023\/09\/outinvario_1694x953px.png\",\"width\":1694,\"height\":953,\"caption\":\"kerrostalo\"},{\"@type\":\"BreadcrumbList\",\"@id\":\"https:\/\/www.vallox.com\/sv\/vallox-out-in-vario\/#breadcrumb\",\"itemListElement\":[{\"@type\":\"ListItem\",\"position\":1,\"name\":\"Home\",\"item\":\"https:\/\/www.vallox.com\/sv\/\"},{\"@type\":\"ListItem\",\"position\":2,\"name\":\"Vallox Out\/in Vario\"}]},{\"@type\":\"WebSite\",\"@id\":\"https:\/\/www.vallox.com\/sv\/#website\",\"url\":\"https:\/\/www.vallox.com\/sv\/\",\"name\":\"Vallox\",\"description\":\"\",\"potentialAction\":[{\"@type\":\"SearchAction\",\"target\":{\"@type\":\"EntryPoint\",\"urlTemplate\":\"https:\/\/www.vallox.com\/sv\/?s={search_term_string}\"},\"query-input\":{\"@type\":\"PropertyValueSpecification\",\"valueRequired\":true,\"valueName\":\"search_term_string\"}}],\"inLanguage\":\"sv-SE\"}]}<\/script>\n<!-- \/ Yoast SEO plugin. -->","yoast_head_json":{"title":"Vallox Out\/in Vario - Vallox","description":"Med Vallox Out\/in Vario-kombiv\u00e4gghuv f\u00f6r utbl\u00e5sning och intag av luft kan ventilationen i enskilda l\u00e4genheter realiseras enkelt i b\u00e5de nya och gamla flerv\u00e5ningshus och h\u00f6ga byggnader.","robots":{"index":"index","follow":"follow","max-snippet":"max-snippet:-1","max-image-preview":"max-image-preview:large","max-video-preview":"max-video-preview:-1"},"canonical":"https:\/\/www.vallox.com\/sv\/vallox-out-in-vario\/","og_locale":"sv_SE","og_type":"article","og_title":"Vallox Out\/in Vario - Vallox","og_description":"Med Vallox Out\/in Vario-kombiv\u00e4gghuv f\u00f6r utbl\u00e5sning och intag av luft kan ventilationen i enskilda l\u00e4genheter realiseras enkelt i b\u00e5de nya och gamla flerv\u00e5ningshus och h\u00f6ga byggnader.","og_url":"https:\/\/www.vallox.com\/sv\/vallox-out-in-vario\/","og_site_name":"Vallox","article_modified_time":"2023-09-14T06:23:15+00:00","og_image":[{"width":1024,"height":576,"url":"https:\/\/www.vallox.com\/app\/uploads\/2023\/09\/outinvario_1694x953px-1024x576.png","type":"image\/png"}],"twitter_card":"summary_large_image","twitter_misc":{"Est. reading time":"1 minute"},"schema":{"@context":"https:\/\/schema.org","@graph":[{"@type":"WebPage","@id":"https:\/\/www.vallox.com\/sv\/vallox-out-in-vario\/","url":"https:\/\/www.vallox.com\/sv\/vallox-out-in-vario\/","name":"Vallox Out\/in Vario - Vallox","isPartOf":{"@id":"https:\/\/www.vallox.com\/sv\/#website"},"primaryImageOfPage":{"@id":"https:\/\/www.vallox.com\/sv\/vallox-out-in-vario\/#primaryimage"},"image":{"@id":"https:\/\/www.vallox.com\/sv\/vallox-out-in-vario\/#primaryimage"},"thumbnailUrl":"https:\/\/www.vallox.com\/app\/uploads\/2023\/09\/outinvario_1694x953px.png","datePublished":"2023-09-11T07:45:38+00:00","dateModified":"2023-09-14T06:23:15+00:00","description":"Med Vallox Out\/in Vario-kombiv\u00e4gghuv f\u00f6r utbl\u00e5sning och intag av luft kan ventilationen i enskilda l\u00e4genheter realiseras enkelt i b\u00e5de nya och gamla flerv\u00e5ningshus och h\u00f6ga byggnader.","breadcrumb":{"@id":"https:\/\/www.vallox.com\/sv\/vallox-out-in-vario\/#breadcrumb"},"inLanguage":"sv-SE","potentialAction":[{"@type":"ReadAction","target":["https:\/\/www.vallox.com\/sv\/vallox-out-in-vario\/"]}]},{"@type":"ImageObject","inLanguage":"sv-SE","@id":"https:\/\/www.vallox.com\/sv\/vallox-out-in-vario\/#primaryimage","url":"https:\/\/www.vallox.com\/app\/uploads\/2023\/09\/outinvario_1694x953px.png","contentUrl":"https:\/\/www.vallox.com\/app\/uploads\/2023\/09\/outinvario_1694x953px.png","width":1694,"height":953,"caption":"kerrostalo"},{"@type":"BreadcrumbList","@id":"https:\/\/www.vallox.com\/sv\/vallox-out-in-vario\/#breadcrumb","itemListElement":[{"@type":"ListItem","position":1,"name":"Home","item":"https:\/\/www.vallox.com\/sv\/"},{"@type":"ListItem","position":2,"name":"Vallox Out\/in Vario"}]},{"@type":"WebSite","@id":"https:\/\/www.vallox.com\/sv\/#website","url":"https:\/\/www.vallox.com\/sv\/","name":"Vallox","description":"","potentialAction":[{"@type":"SearchAction","target":{"@type":"EntryPoint","urlTemplate":"https:\/\/www.vallox.com\/sv\/?s={search_term_string}"},"query-input":{"@type":"PropertyValueSpecification","valueRequired":true,"valueName":"search_term_string"}}],"inLanguage":"sv-SE"}]}},"_links":{"self":[{"href":"https:\/\/www.vallox.com\/sv\/wp-json\/wp\/v2\/pages\/16845","targetHints":{"allow":["GET"]}}],"collection":[{"href":"https:\/\/www.vallox.com\/sv\/wp-json\/wp\/v2\/pages"}],"about":[{"href":"https:\/\/www.vallox.com\/sv\/wp-json\/wp\/v2\/types\/page"}],"author":[{"embeddable":true,"href":"https:\/\/www.vallox.com\/sv\/wp-json\/wp\/v2\/users\/5"}],"replies":[{"embeddable":true,"href":"https:\/\/www.vallox.com\/sv\/wp-json\/wp\/v2\/comments?post=16845"}],"version-history":[{"count":9,"href":"https:\/\/www.vallox.com\/sv\/wp-json\/wp\/v2\/pages\/16845\/revisions"}],"predecessor-version":[{"id":17632,"href":"https:\/\/www.vallox.com\/sv\/wp-json\/wp\/v2\/pages\/16845\/revisions\/17632"}],"wp:featuredmedia":[{"embeddable":true,"href":"https:\/\/www.vallox.com\/sv\/wp-json\/wp\/v2\/media\/17579"}],"wp:attachment":[{"href":"https:\/\/www.vallox.com\/sv\/wp-json\/wp\/v2\/media?parent=16845"}],"curies":[{"name":"wp","href":"https:\/\/api.w.org\/{rel}","templated":true}]}}