{"id":16805,"date":"2023-08-15T11:16:09","date_gmt":"2023-08-15T08:16:09","guid":{"rendered":"https:\/\/vallox.com\/vallox-info\/policyer\/dataskyddspolicy\/cookie-policy\/"},"modified":"2024-01-05T12:21:14","modified_gmt":"2024-01-05T10:21:14","slug":"kakpolicy","status":"publish","type":"page","link":"https:\/\/www.vallox.com\/sv\/vallox-info\/policyer\/dataskyddspolicy\/kakpolicy\/","title":{"rendered":"Kakpolicy"},"content":{"rendered":"    <div id=\"Section\" class=\"Block Section overflow-hidden w-full\">\n        <div class=\"Section-content relative max-w-[1088px] mx-auto w-full\">\n            \n\n<p>Vi anv\u00e4nder cookies p\u00e5 v\u00e5r webbplats. Cookies \u00e4r sm\u00e5 datafiler som placeras p\u00e5 din dator n\u00e4r du \u00f6ppnar en webbplats. Cookies sparas med de filer som anv\u00e4nds av webbl\u00e4saren. Vissa cookies anv\u00e4nds under sessionen, andra l\u00e4ngre.<\/p>\n\n\n\n<p>Cookies kan delas in i fyra kategorier: n\u00f6dv\u00e4ndiga, funktionella, analyser och marknadsf\u00f6ringskakor. De n\u00f6dv\u00e4ndiga kakorna \u00e4r obligatoriska och beh\u00f6vs f\u00f6r att webbsidan ska fungera korrekt. Dessa kakor lagrar inte den typ av information f\u00f6r anv\u00e4ndare som kan anv\u00e4ndas vid marknadsf\u00f6ring.<\/p>\n\n\n\n<p>Funktionella cookies anv\u00e4nds f\u00f6r att f\u00f6rb\u00e4ttra anv\u00e4ndarens upplevelse av sidan. Analytics-cookies samlar anonymiserad information om sidanv\u00e4ndningen som anv\u00e4nds i statistik och webbplatsutveckling. Marknadsf\u00f6ringskakor kan till exempel anv\u00e4ndas f\u00f6r m\u00e5lmarknadsf\u00f6ring.<\/p>\n\n\n\n<p>Dessutom kan webbplatsen till exempel ha till\u00e4gg f\u00f6r sociala medier som du kan dra nytta av n\u00e4r du \u00e4r inloggad p\u00e5 ditt sociala mediekonto.<\/p>\n\n\n\n<h2 class=\"wp-block-heading\"><br>Cookies som anv\u00e4nds p\u00e5 denna webbplats och deras funktionstid<\/h2>\n\n\n\n<h3 class=\"wp-block-heading\">Analyticskakor<\/h3>\n\n\n\n<p><strong>Google Analytics<\/strong><\/p>\n\n\n\n<p>Dessa cookies samlar in anonyma uppgifter om anv\u00e4ndningen av webbplatsen f\u00f6r statistiska \u00e4ndam\u00e5l. <a href=\"https:\/\/developers.google.com\/analytics\/devguides\/collection\/analyticsjs\/cookie-usage\" target=\"_blank\" rel=\"noreferrer noopener\">L\u00e4s mer.<\/a><\/p>\n\n\n\n<ul class=\"wp-block-list\">\n<li>_ga, 2 years<\/li>\n\n\n\n<li>_gid, 1 day<\/li>\n\n\n\n<li>_gat, 1 minute<\/li>\n\n\n\n<li>_ga_5SBLX1CMEM, session<\/li>\n<\/ul>\n\n\n\n<p><\/p>\n\n\n\n<p><strong>Hotjar<\/strong><\/p>\n\n\n\n<p>Hotjar-verktyget anv\u00e4nds f\u00f6r att utveckla webbplatsen och f\u00f6rb\u00e4ttra anv\u00e4ndarupplevelsen. Hotjar samlar information om anv\u00e4ndarnas interaktion p\u00e5 webbplatsen, bland annat bes\u00f6kta sidor, sidrullning, klickade element och muspekarens r\u00f6relser. Dessa kakor samlar inte in n\u00e5gra uppgifter som skulle kunna anv\u00e4ndas f\u00f6r att direkt identifiera dig. De samlar endast in aggregerade uppgifter.<\/p>\n\n\n\n<p>Du hittar mer information om Hotjar-kakorna p\u00e5 sidan <a href=\"https:\/\/help.hotjar.com\/hc\/en-us\/articles\/360045420794-Privacy-FAQs\" target=\"_blank\" rel=\"noreferrer noopener\">https:\/\/help.hotjar.com\/hc\/en-us\/articles\/360045420794-Privacy-FAQs<\/a><\/p>\n\n\n\n<p><strong>Byggfakta Analytics Pro<\/strong><\/p>\n\n\n\n<p>Byggfakta Analytics Pro anv\u00e4nds f\u00f6r att analysera bes\u00f6kare p\u00e5 webbplatsen. Den samlar in information om anv\u00e4ndningen av webbplatsen och vilka sidor som bes\u00f6ks, hur bes\u00f6karna hittar dem och hur l\u00e4nge de stannar. Verktyget samlar in teknisk information om bes\u00f6karens enhet och internetuppkoppling, t.ex. operativsystem, webbl\u00e4sversion, IP-address, cookies och unika identifierare. <\/p>\n\n\n\n<h3 class=\"wp-block-heading\">Marknadsf\u00f6ringskakor<\/h3>\n\n\n\n<p><strong>LinkedIn<\/strong><\/p>\n\n\n\n<p>Dessa cookies anv\u00e4nds f\u00f6r att rikta marknadsf\u00f6ring. <a href=\"https:\/\/www.linkedin.com\/legal\/l\/cookie-table\" target=\"_blank\" rel=\"noreferrer noopener\">L\u00e4s mer.<\/a>&nbsp;<\/p>\n\n\n\n<ul class=\"wp-block-list\">\n<li>lissc, 1 year<\/li>\n\n\n\n<li>lang, session<\/li>\n\n\n\n<li>lidc, 1 day<\/li>\n\n\n\n<li>UserMatchHistory, 1 day<\/li>\n\n\n\n<li>li_mc, session<\/li>\n\n\n\n<li>li_gc, session<\/li>\n\n\n\n<li>bcookie, 2 years<\/li>\n\n\n\n<li>bscookie, 2 years<\/li>\n<\/ul>\n\n\n\n<p><\/p>\n\n\n\n<p><strong>Facebook Pixel<\/strong><\/p>\n\n\n\n<p><\/p>\n\n\n\n<p>Dessa cookies anv\u00e4nds f\u00f6r att rikta marknadsf\u00f6ring. <a href=\"https:\/\/www.facebook.com\/policies\/cookies\/\" target=\"_blank\" rel=\"noreferrer noopener\"><a href=\"https:\/\/www.facebook.com\/policies\/cookies\/\">L\u00e4s mer<\/a>.<\/a><\/p>\n\n\n\n<ul class=\"wp-block-list\">\n<li>&nbsp;_fbp, 2 months&nbsp;<\/li>\n\n\n\n<li>fr, 2 months<\/li>\n<\/ul>\n\n\n\n<p><br><strong>Adform<\/strong><\/p>\n\n\n\n<p>Dessa cookies anv\u00e4nds f\u00f6r att rikta marknadsf\u00f6ring. Dessutom kan Adform ibland placera andra liknande kakor.<\/p>\n\n\n\n<ul class=\"wp-block-list\">\n<li>C, 1 months<\/li>\n\n\n\n<li>UID, 2 months<\/li>\n<\/ul>\n\n\n\n<p><br><\/p>\n\n\n\n<p><\/p>\n\n\n\n<div id=\"cookiefirst-policy-page\"><\/div>\n<div>This cookie policy has been created and updated by <a href=\"https:\/\/cookiefirst.com\/cookie-policy-generator\/\">Cookie Policy Generator &#8211; CookieFirst<\/a>.<\/div>\n\n\n    <\/div>\n<\/div>\n","protected":false},"excerpt":{"rendered":"","protected":false},"author":3,"featured_media":19381,"parent":4579,"menu_order":0,"comment_status":"closed","ping_status":"closed","template":"","meta":{"_acf_changed":false,"footnotes":""},"class_list":["post-16805","page","type-page","status-publish","has-post-thumbnail","hentry"],"acf":[],"yoast_head":"<!-- This site is optimized with the Yoast SEO plugin v26.9 - https:\/\/yoast.com\/product\/yoast-seo-wordpress\/ -->\n<title>Kakpolicy - Vallox<\/title>\n<meta name=\"description\" content=\"Vallox kakpolicy.\" \/>\n<meta name=\"robots\" content=\"index, follow, max-snippet:-1, max-image-preview:large, max-video-preview:-1\" \/>\n<link rel=\"canonical\" href=\"https:\/\/www.vallox.com\/sv\/vallox-info\/policyer\/dataskyddspolicy\/kakpolicy\/\" \/>\n<meta property=\"og:locale\" content=\"sv_SE\" \/>\n<meta property=\"og:type\" content=\"article\" \/>\n<meta property=\"og:title\" content=\"Kakpolicy - Vallox\" \/>\n<meta property=\"og:description\" content=\"Vallox kakpolicy.\" \/>\n<meta property=\"og:url\" content=\"https:\/\/www.vallox.com\/sv\/vallox-info\/policyer\/dataskyddspolicy\/kakpolicy\/\" \/>\n<meta property=\"og:site_name\" content=\"Vallox\" \/>\n<meta property=\"article:modified_time\" content=\"2024-01-05T10:21:14+00:00\" \/>\n<meta property=\"og:image\" content=\"https:\/\/www.vallox.com\/app\/uploads\/2023\/11\/valloxlogoFetured_720x480px.png\" \/>\n\t<meta property=\"og:image:width\" content=\"720\" \/>\n\t<meta property=\"og:image:height\" content=\"480\" \/>\n\t<meta property=\"og:image:type\" content=\"image\/png\" \/>\n<meta name=\"twitter:card\" content=\"summary_large_image\" \/>\n<meta name=\"twitter:label1\" content=\"Est. reading time\" \/>\n\t<meta name=\"twitter:data1\" content=\"3 minutes\" \/>\n<script type=\"application\/ld+json\" class=\"yoast-schema-graph\">{\"@context\":\"https:\/\/schema.org\",\"@graph\":[{\"@type\":\"WebPage\",\"@id\":\"https:\/\/www.vallox.com\/sv\/vallox-info\/policyer\/dataskyddspolicy\/kakpolicy\/\",\"url\":\"https:\/\/www.vallox.com\/sv\/vallox-info\/policyer\/dataskyddspolicy\/kakpolicy\/\",\"name\":\"Kakpolicy - Vallox\",\"isPartOf\":{\"@id\":\"https:\/\/www.vallox.com\/sv\/#website\"},\"primaryImageOfPage\":{\"@id\":\"https:\/\/www.vallox.com\/sv\/vallox-info\/policyer\/dataskyddspolicy\/kakpolicy\/#primaryimage\"},\"image\":{\"@id\":\"https:\/\/www.vallox.com\/sv\/vallox-info\/policyer\/dataskyddspolicy\/kakpolicy\/#primaryimage\"},\"thumbnailUrl\":\"https:\/\/www.vallox.com\/app\/uploads\/2023\/11\/valloxlogoFetured_720x480px.png\",\"datePublished\":\"2023-08-15T08:16:09+00:00\",\"dateModified\":\"2024-01-05T10:21:14+00:00\",\"description\":\"Vallox kakpolicy.\",\"breadcrumb\":{\"@id\":\"https:\/\/www.vallox.com\/sv\/vallox-info\/policyer\/dataskyddspolicy\/kakpolicy\/#breadcrumb\"},\"inLanguage\":\"sv-SE\",\"potentialAction\":[{\"@type\":\"ReadAction\",\"target\":[\"https:\/\/www.vallox.com\/sv\/vallox-info\/policyer\/dataskyddspolicy\/kakpolicy\/\"]}]},{\"@type\":\"ImageObject\",\"inLanguage\":\"sv-SE\",\"@id\":\"https:\/\/www.vallox.com\/sv\/vallox-info\/policyer\/dataskyddspolicy\/kakpolicy\/#primaryimage\",\"url\":\"https:\/\/www.vallox.com\/app\/uploads\/2023\/11\/valloxlogoFetured_720x480px.png\",\"contentUrl\":\"https:\/\/www.vallox.com\/app\/uploads\/2023\/11\/valloxlogoFetured_720x480px.png\",\"width\":720,\"height\":480,\"caption\":\"Vallox logo\"},{\"@type\":\"BreadcrumbList\",\"@id\":\"https:\/\/www.vallox.com\/sv\/vallox-info\/policyer\/dataskyddspolicy\/kakpolicy\/#breadcrumb\",\"itemListElement\":[{\"@type\":\"ListItem\",\"position\":1,\"name\":\"Home\",\"item\":\"https:\/\/www.vallox.com\/sv\/\"},{\"@type\":\"ListItem\",\"position\":2,\"name\":\"Vallox info\",\"item\":\"https:\/\/www.vallox.com\/sv\/vallox-info\/\"},{\"@type\":\"ListItem\",\"position\":3,\"name\":\"Policyer\",\"item\":\"https:\/\/www.vallox.com\/sv\/vallox-info\/policyer\/\"},{\"@type\":\"ListItem\",\"position\":4,\"name\":\"Dataskyddspolicy\",\"item\":\"https:\/\/www.vallox.com\/sv\/vallox-info\/policyer\/dataskyddspolicy\/\"},{\"@type\":\"ListItem\",\"position\":5,\"name\":\"Kakpolicy\"}]},{\"@type\":\"WebSite\",\"@id\":\"https:\/\/www.vallox.com\/sv\/#website\",\"url\":\"https:\/\/www.vallox.com\/sv\/\",\"name\":\"Vallox\",\"description\":\"\",\"potentialAction\":[{\"@type\":\"SearchAction\",\"target\":{\"@type\":\"EntryPoint\",\"urlTemplate\":\"https:\/\/www.vallox.com\/sv\/?s={search_term_string}\"},\"query-input\":{\"@type\":\"PropertyValueSpecification\",\"valueRequired\":true,\"valueName\":\"search_term_string\"}}],\"inLanguage\":\"sv-SE\"}]}<\/script>\n<!-- \/ Yoast SEO plugin. -->","yoast_head_json":{"title":"Kakpolicy - Vallox","description":"Vallox kakpolicy.","robots":{"index":"index","follow":"follow","max-snippet":"max-snippet:-1","max-image-preview":"max-image-preview:large","max-video-preview":"max-video-preview:-1"},"canonical":"https:\/\/www.vallox.com\/sv\/vallox-info\/policyer\/dataskyddspolicy\/kakpolicy\/","og_locale":"sv_SE","og_type":"article","og_title":"Kakpolicy - Vallox","og_description":"Vallox kakpolicy.","og_url":"https:\/\/www.vallox.com\/sv\/vallox-info\/policyer\/dataskyddspolicy\/kakpolicy\/","og_site_name":"Vallox","article_modified_time":"2024-01-05T10:21:14+00:00","og_image":[{"width":720,"height":480,"url":"https:\/\/www.vallox.com\/app\/uploads\/2023\/11\/valloxlogoFetured_720x480px.png","type":"image\/png"}],"twitter_card":"summary_large_image","twitter_misc":{"Est. reading time":"3 minutes"},"schema":{"@context":"https:\/\/schema.org","@graph":[{"@type":"WebPage","@id":"https:\/\/www.vallox.com\/sv\/vallox-info\/policyer\/dataskyddspolicy\/kakpolicy\/","url":"https:\/\/www.vallox.com\/sv\/vallox-info\/policyer\/dataskyddspolicy\/kakpolicy\/","name":"Kakpolicy - Vallox","isPartOf":{"@id":"https:\/\/www.vallox.com\/sv\/#website"},"primaryImageOfPage":{"@id":"https:\/\/www.vallox.com\/sv\/vallox-info\/policyer\/dataskyddspolicy\/kakpolicy\/#primaryimage"},"image":{"@id":"https:\/\/www.vallox.com\/sv\/vallox-info\/policyer\/dataskyddspolicy\/kakpolicy\/#primaryimage"},"thumbnailUrl":"https:\/\/www.vallox.com\/app\/uploads\/2023\/11\/valloxlogoFetured_720x480px.png","datePublished":"2023-08-15T08:16:09+00:00","dateModified":"2024-01-05T10:21:14+00:00","description":"Vallox kakpolicy.","breadcrumb":{"@id":"https:\/\/www.vallox.com\/sv\/vallox-info\/policyer\/dataskyddspolicy\/kakpolicy\/#breadcrumb"},"inLanguage":"sv-SE","potentialAction":[{"@type":"ReadAction","target":["https:\/\/www.vallox.com\/sv\/vallox-info\/policyer\/dataskyddspolicy\/kakpolicy\/"]}]},{"@type":"ImageObject","inLanguage":"sv-SE","@id":"https:\/\/www.vallox.com\/sv\/vallox-info\/policyer\/dataskyddspolicy\/kakpolicy\/#primaryimage","url":"https:\/\/www.vallox.com\/app\/uploads\/2023\/11\/valloxlogoFetured_720x480px.png","contentUrl":"https:\/\/www.vallox.com\/app\/uploads\/2023\/11\/valloxlogoFetured_720x480px.png","width":720,"height":480,"caption":"Vallox logo"},{"@type":"BreadcrumbList","@id":"https:\/\/www.vallox.com\/sv\/vallox-info\/policyer\/dataskyddspolicy\/kakpolicy\/#breadcrumb","itemListElement":[{"@type":"ListItem","position":1,"name":"Home","item":"https:\/\/www.vallox.com\/sv\/"},{"@type":"ListItem","position":2,"name":"Vallox info","item":"https:\/\/www.vallox.com\/sv\/vallox-info\/"},{"@type":"ListItem","position":3,"name":"Policyer","item":"https:\/\/www.vallox.com\/sv\/vallox-info\/policyer\/"},{"@type":"ListItem","position":4,"name":"Dataskyddspolicy","item":"https:\/\/www.vallox.com\/sv\/vallox-info\/policyer\/dataskyddspolicy\/"},{"@type":"ListItem","position":5,"name":"Kakpolicy"}]},{"@type":"WebSite","@id":"https:\/\/www.vallox.com\/sv\/#website","url":"https:\/\/www.vallox.com\/sv\/","name":"Vallox","description":"","potentialAction":[{"@type":"SearchAction","target":{"@type":"EntryPoint","urlTemplate":"https:\/\/www.vallox.com\/sv\/?s={search_term_string}"},"query-input":{"@type":"PropertyValueSpecification","valueRequired":true,"valueName":"search_term_string"}}],"inLanguage":"sv-SE"}]}},"_links":{"self":[{"href":"https:\/\/www.vallox.com\/sv\/wp-json\/wp\/v2\/pages\/16805","targetHints":{"allow":["GET"]}}],"collection":[{"href":"https:\/\/www.vallox.com\/sv\/wp-json\/wp\/v2\/pages"}],"about":[{"href":"https:\/\/www.vallox.com\/sv\/wp-json\/wp\/v2\/types\/page"}],"author":[{"embeddable":true,"href":"https:\/\/www.vallox.com\/sv\/wp-json\/wp\/v2\/users\/3"}],"replies":[{"embeddable":true,"href":"https:\/\/www.vallox.com\/sv\/wp-json\/wp\/v2\/comments?post=16805"}],"version-history":[{"count":6,"href":"https:\/\/www.vallox.com\/sv\/wp-json\/wp\/v2\/pages\/16805\/revisions"}],"predecessor-version":[{"id":20295,"href":"https:\/\/www.vallox.com\/sv\/wp-json\/wp\/v2\/pages\/16805\/revisions\/20295"}],"up":[{"embeddable":true,"href":"https:\/\/www.vallox.com\/sv\/wp-json\/wp\/v2\/pages\/4579"}],"wp:featuredmedia":[{"embeddable":true,"href":"https:\/\/www.vallox.com\/sv\/wp-json\/wp\/v2\/media\/19381"}],"wp:attachment":[{"href":"https:\/\/www.vallox.com\/sv\/wp-json\/wp\/v2\/media?parent=16805"}],"curies":[{"name":"wp","href":"https:\/\/api.w.org\/{rel}","templated":true}]}}