{"id":16772,"date":"2023-09-08T16:21:11","date_gmt":"2023-09-08T13:21:11","guid":{"rendered":"https:\/\/vallox.com\/pro\/kontakta-oss\/tuotepalautukset\/"},"modified":"2023-11-29T11:04:17","modified_gmt":"2023-11-29T09:04:17","slug":"produktretur","status":"publish","type":"page","link":"https:\/\/www.vallox.com\/sv\/pro\/kontakta-oss\/produktretur\/","title":{"rendered":"Produktreturer"},"content":{"rendered":"    <div id=\"Section\" class=\"Block Section overflow-hidden w-full\">\n        <div class=\"Section-content relative max-w-[1088px] mx-auto w-full\">\n            \n\n<p>Kontakta alltid s\u00e4ljaren f\u00f6rst. Du hittar s\u00e4ljarens namn p\u00e5 f\u00f6ljesedeln under &#8216;Behandlare&#8217;. F\u00f6rhandla med s\u00e4ljaren om hur varan ska returneras. S\u00e4ljaren ger dig ocks\u00e5 det retur-id som kr\u00e4vs f\u00f6r returen.<\/p>\n\n\n\n<p>Anv\u00e4nd det bifogade formul\u00e4ret vid returen (vi behandlar inte returer utan formul\u00e4ret). Du kan fylla i formul\u00e4ret f\u00f6re utskrift. Du kan ocks\u00e5 ladda ner det till din dator.<\/p>\n\n\n\n<p>Bifoga formul\u00e4ret till returen.<\/p>\n\n\n\n<p>Mer detaljerade instruktioner om hur du ska packa och skicka tillbaka produkten finns p\u00e5 returformul\u00e4ret.<\/p>\n\n\n\n<p><a href=\"https:\/\/res.cloudinary.com\/vallox\/image\/upload\/v1695708120\/FileStock\/AttachmentsForWeb\/Asiakaspalautus-eng.pdf\">Kundreturf\u00f6rmul\u00e4r (.pdf)<\/a><\/p>\n\n\n    <\/div>\n<\/div>\n","protected":false},"excerpt":{"rendered":"","protected":false},"author":3,"featured_media":0,"parent":13440,"menu_order":2,"comment_status":"closed","ping_status":"closed","template":"","meta":{"_acf_changed":false,"footnotes":""},"class_list":["post-16772","page","type-page","status-publish","hentry"],"acf":[],"yoast_head":"<!-- This site is optimized with the Yoast SEO plugin v26.9 - https:\/\/yoast.com\/product\/yoast-seo-wordpress\/ -->\n<title>Produktreturer - Vallox<\/title>\n<meta name=\"description\" content=\"Kontakta alltid s\u00e4ljaren f\u00f6rst. Du hittar s\u00e4ljarens namn p\u00e5 f\u00f6ljesedeln under &#039;Behandlare&#039;. F\u00f6rhandla med s\u00e4ljaren om hur varan ska returneras.\" \/>\n<meta name=\"robots\" content=\"index, follow, max-snippet:-1, max-image-preview:large, max-video-preview:-1\" \/>\n<link rel=\"canonical\" href=\"https:\/\/www.vallox.com\/sv\/pro\/kontakta-oss\/produktretur\/\" \/>\n<meta property=\"og:locale\" content=\"sv_SE\" \/>\n<meta property=\"og:type\" content=\"article\" \/>\n<meta property=\"og:title\" content=\"Produktreturer - Vallox\" \/>\n<meta property=\"og:description\" content=\"Kontakta alltid s\u00e4ljaren f\u00f6rst. Du hittar s\u00e4ljarens namn p\u00e5 f\u00f6ljesedeln under &#039;Behandlare&#039;. F\u00f6rhandla med s\u00e4ljaren om hur varan ska returneras.\" \/>\n<meta property=\"og:url\" content=\"https:\/\/www.vallox.com\/sv\/pro\/kontakta-oss\/produktretur\/\" \/>\n<meta property=\"og:site_name\" content=\"Vallox\" \/>\n<meta property=\"article:modified_time\" content=\"2023-11-29T09:04:17+00:00\" \/>\n<meta name=\"twitter:card\" content=\"summary_large_image\" \/>\n<meta name=\"twitter:label1\" content=\"Est. reading time\" \/>\n\t<meta name=\"twitter:data1\" content=\"1 minute\" \/>\n<script type=\"application\/ld+json\" class=\"yoast-schema-graph\">{\"@context\":\"https:\/\/schema.org\",\"@graph\":[{\"@type\":\"WebPage\",\"@id\":\"https:\/\/www.vallox.com\/sv\/pro\/kontakta-oss\/produktretur\/\",\"url\":\"https:\/\/www.vallox.com\/sv\/pro\/kontakta-oss\/produktretur\/\",\"name\":\"Produktreturer - Vallox\",\"isPartOf\":{\"@id\":\"https:\/\/www.vallox.com\/sv\/#website\"},\"datePublished\":\"2023-09-08T13:21:11+00:00\",\"dateModified\":\"2023-11-29T09:04:17+00:00\",\"description\":\"Kontakta alltid s\u00e4ljaren f\u00f6rst. Du hittar s\u00e4ljarens namn p\u00e5 f\u00f6ljesedeln under 'Behandlare'. F\u00f6rhandla med s\u00e4ljaren om hur varan ska returneras.\",\"breadcrumb\":{\"@id\":\"https:\/\/www.vallox.com\/sv\/pro\/kontakta-oss\/produktretur\/#breadcrumb\"},\"inLanguage\":\"sv-SE\",\"potentialAction\":[{\"@type\":\"ReadAction\",\"target\":[\"https:\/\/www.vallox.com\/sv\/pro\/kontakta-oss\/produktretur\/\"]}]},{\"@type\":\"BreadcrumbList\",\"@id\":\"https:\/\/www.vallox.com\/sv\/pro\/kontakta-oss\/produktretur\/#breadcrumb\",\"itemListElement\":[{\"@type\":\"ListItem\",\"position\":1,\"name\":\"Home\",\"item\":\"https:\/\/www.vallox.com\/sv\/\"},{\"@type\":\"ListItem\",\"position\":2,\"name\":\"Pro\",\"item\":\"https:\/\/www.vallox.com\/sv\/pro\/\"},{\"@type\":\"ListItem\",\"position\":3,\"name\":\"Kontakta oss\",\"item\":\"https:\/\/www.vallox.com\/sv\/pro\/kontakta-oss\/\"},{\"@type\":\"ListItem\",\"position\":4,\"name\":\"Produktreturer\"}]},{\"@type\":\"WebSite\",\"@id\":\"https:\/\/www.vallox.com\/sv\/#website\",\"url\":\"https:\/\/www.vallox.com\/sv\/\",\"name\":\"Vallox\",\"description\":\"\",\"potentialAction\":[{\"@type\":\"SearchAction\",\"target\":{\"@type\":\"EntryPoint\",\"urlTemplate\":\"https:\/\/www.vallox.com\/sv\/?s={search_term_string}\"},\"query-input\":{\"@type\":\"PropertyValueSpecification\",\"valueRequired\":true,\"valueName\":\"search_term_string\"}}],\"inLanguage\":\"sv-SE\"}]}<\/script>\n<!-- \/ Yoast SEO plugin. -->","yoast_head_json":{"title":"Produktreturer - Vallox","description":"Kontakta alltid s\u00e4ljaren f\u00f6rst. Du hittar s\u00e4ljarens namn p\u00e5 f\u00f6ljesedeln under 'Behandlare'. F\u00f6rhandla med s\u00e4ljaren om hur varan ska returneras.","robots":{"index":"index","follow":"follow","max-snippet":"max-snippet:-1","max-image-preview":"max-image-preview:large","max-video-preview":"max-video-preview:-1"},"canonical":"https:\/\/www.vallox.com\/sv\/pro\/kontakta-oss\/produktretur\/","og_locale":"sv_SE","og_type":"article","og_title":"Produktreturer - Vallox","og_description":"Kontakta alltid s\u00e4ljaren f\u00f6rst. Du hittar s\u00e4ljarens namn p\u00e5 f\u00f6ljesedeln under 'Behandlare'. F\u00f6rhandla med s\u00e4ljaren om hur varan ska returneras.","og_url":"https:\/\/www.vallox.com\/sv\/pro\/kontakta-oss\/produktretur\/","og_site_name":"Vallox","article_modified_time":"2023-11-29T09:04:17+00:00","twitter_card":"summary_large_image","twitter_misc":{"Est. reading time":"1 minute"},"schema":{"@context":"https:\/\/schema.org","@graph":[{"@type":"WebPage","@id":"https:\/\/www.vallox.com\/sv\/pro\/kontakta-oss\/produktretur\/","url":"https:\/\/www.vallox.com\/sv\/pro\/kontakta-oss\/produktretur\/","name":"Produktreturer - Vallox","isPartOf":{"@id":"https:\/\/www.vallox.com\/sv\/#website"},"datePublished":"2023-09-08T13:21:11+00:00","dateModified":"2023-11-29T09:04:17+00:00","description":"Kontakta alltid s\u00e4ljaren f\u00f6rst. Du hittar s\u00e4ljarens namn p\u00e5 f\u00f6ljesedeln under 'Behandlare'. F\u00f6rhandla med s\u00e4ljaren om hur varan ska returneras.","breadcrumb":{"@id":"https:\/\/www.vallox.com\/sv\/pro\/kontakta-oss\/produktretur\/#breadcrumb"},"inLanguage":"sv-SE","potentialAction":[{"@type":"ReadAction","target":["https:\/\/www.vallox.com\/sv\/pro\/kontakta-oss\/produktretur\/"]}]},{"@type":"BreadcrumbList","@id":"https:\/\/www.vallox.com\/sv\/pro\/kontakta-oss\/produktretur\/#breadcrumb","itemListElement":[{"@type":"ListItem","position":1,"name":"Home","item":"https:\/\/www.vallox.com\/sv\/"},{"@type":"ListItem","position":2,"name":"Pro","item":"https:\/\/www.vallox.com\/sv\/pro\/"},{"@type":"ListItem","position":3,"name":"Kontakta oss","item":"https:\/\/www.vallox.com\/sv\/pro\/kontakta-oss\/"},{"@type":"ListItem","position":4,"name":"Produktreturer"}]},{"@type":"WebSite","@id":"https:\/\/www.vallox.com\/sv\/#website","url":"https:\/\/www.vallox.com\/sv\/","name":"Vallox","description":"","potentialAction":[{"@type":"SearchAction","target":{"@type":"EntryPoint","urlTemplate":"https:\/\/www.vallox.com\/sv\/?s={search_term_string}"},"query-input":{"@type":"PropertyValueSpecification","valueRequired":true,"valueName":"search_term_string"}}],"inLanguage":"sv-SE"}]}},"_links":{"self":[{"href":"https:\/\/www.vallox.com\/sv\/wp-json\/wp\/v2\/pages\/16772","targetHints":{"allow":["GET"]}}],"collection":[{"href":"https:\/\/www.vallox.com\/sv\/wp-json\/wp\/v2\/pages"}],"about":[{"href":"https:\/\/www.vallox.com\/sv\/wp-json\/wp\/v2\/types\/page"}],"author":[{"embeddable":true,"href":"https:\/\/www.vallox.com\/sv\/wp-json\/wp\/v2\/users\/3"}],"replies":[{"embeddable":true,"href":"https:\/\/www.vallox.com\/sv\/wp-json\/wp\/v2\/comments?post=16772"}],"version-history":[{"count":2,"href":"https:\/\/www.vallox.com\/sv\/wp-json\/wp\/v2\/pages\/16772\/revisions"}],"predecessor-version":[{"id":18076,"href":"https:\/\/www.vallox.com\/sv\/wp-json\/wp\/v2\/pages\/16772\/revisions\/18076"}],"up":[{"embeddable":true,"href":"https:\/\/www.vallox.com\/sv\/wp-json\/wp\/v2\/pages\/13440"}],"wp:attachment":[{"href":"https:\/\/www.vallox.com\/sv\/wp-json\/wp\/v2\/media?parent=16772"}],"curies":[{"name":"wp","href":"https:\/\/api.w.org\/{rel}","templated":true}]}}