{"id":12360,"date":"2023-08-21T08:46:39","date_gmt":"2023-08-21T05:46:39","guid":{"rendered":"https:\/\/vallox.com\/huolto\/takuuehdot\/"},"modified":"2026-02-27T15:59:33","modified_gmt":"2026-02-27T13:59:33","slug":"garantivillkor","status":"publish","type":"page","link":"https:\/\/www.vallox.com\/sv\/service\/garantivillkor\/","title":{"rendered":"Garantivillkor"},"content":{"rendered":"    <div id=\"Section\" class=\"Block Section overflow-hidden w-full\">\n        <div class=\"Section-content relative max-w-[1088px] mx-auto w-full\">\n            \n\n<h2 class=\"wp-block-heading\">1 TILL\u00c4MPNING<\/h2>\n\n\n\n<p>1.1 Dessa garantivillkor till\u00e4mpas p\u00e5 f\u00f6rs\u00e4ljning av alla produkter (Produkten eller Produkterna) som Vallox Oy (S\u00e4ljaren) s\u00e4ljer till sina kunder (K\u00f6paren). Avvikelser fr\u00e5n dessa garantivillkor kan endast avtalas skriftligt. <\/p>\n\n\n\n<p>1.2 Dessa garantivillkor kompletterar det separata avtalet (Avtalet) mellan S\u00e4ljaren och K\u00f6paren och garantivillkoren \u00e4r ett centralt element i Avtalet. Vid konflikt mellan Avtalet och dessa garantivillkor, till\u00e4mpas villkoren i Avtalet framf\u00f6r garantivillkoren.<\/p>\n\n\n\n<h2 class=\"wp-block-heading\">2 GARANTI<\/h2>\n\n\n\n<p>2.1 S\u00e4ljaren beviljar en tjugofyra (24) m\u00e5naders garanti f\u00f6r Produkterna och tolv (12) m\u00e5naders garanti f\u00f6r reservdelar r\u00e4knat fr\u00e5n leverans. S\u00e4ljarens garanti inkluderar \u00e4ven S\u00e4ljarens f\u00f6rs\u00e4kran om att Produkterna st\u00e4mmer \u00f6verens med S\u00e4ljarens till\u00e4mpliga produktspecifikationer vid normal handel, om inte annat avtalats skriftligen mellan K\u00f6paren och S\u00e4ljaren (Produktspecifikationer). Reparation av Produkten eller utbyte av en defekt Produkt f\u00f6rl\u00e4nger inte den ursprungliga Produktens garantitid.<\/p>\n\n\n\n<p>2.2 Som fel betraktas bland annat fabrikations- och konstruktionsfel och andra fel och brister som f\u00f6rs\u00e4mrar Produktens anv\u00e4ndbarhet och upptr\u00e4der under garantitiden. S\u00e4ljaren ansvarar dock inte f\u00f6r felet om hen p\u00e5visar sannolika sk\u00e4l f\u00f6r att avvikelsen fr\u00e5n Produktens normala kvalitet eller anv\u00e4ndbarhet beror p\u00e5 n\u00e5gon omst\u00e4ndighet p\u00e5 K\u00f6parens sida. Omst\u00e4ndigheten kan exempelvis vara olycksfall, anv\u00e4ndning i strid med de installations-, bruks- eller underh\u00e5llsanvisningar som getts K\u00f6paren eller annan felaktig hantering av Produkten. <\/p>\n\n\n\n<p>2.3 F\u00f6r \u00e5sidos\u00e4ttande av garantin \u00e4r K\u00f6parens enda r\u00e4ttsmedel och F\u00f6rs\u00e4ljarens enda skyldigheter f\u00f6ljande: (i) gottg\u00f6ra priset mot retur av den defekta Produkten, eller (ii) reparera Produkten eller ers\u00e4tta den defekta Produkten med en ny Produkt. <\/p>\n\n\n\n<p>2.4 F\u00f6r att Produkten ska repareras eller en defekt Produkt bytas ut mot en ny Produkt i enlighet med dessa garantivillkor f\u00f6ruts\u00e4tts att S\u00e4ljaren eller n\u00e5gon som S\u00e4ljaren utser ges tillg\u00e5ng till de lokaler och system som kr\u00e4vs f\u00f6r utf\u00f6randet av garantiservicen. Om detta krav inte uppfylls och garantiservicen inte kan utf\u00f6ras, ansvarar K\u00f6paren f\u00f6r till\u00e4ggskostnader som uppst\u00e5r p\u00e5 grund av detta. <\/p>\n\n\n\n<p>2.5 K\u00f6paren ska genast efter att ha tagit emot Produkterna granska dem och skriftligen reklamera dem till S\u00e4ljaren om de p\u00e5 n\u00e5got s\u00e4tt avviker fr\u00e5n Produktspecifikationerna eller \u00e4r defekta i f\u00f6rh\u00e5llande till dessa specifikationer. Avvikelser eller fel ska reklameras inom fjorton (14) dagar fr\u00e5n att de observerats eller borde ha observerats. Reklamationen ska inkludera en komplett lista \u00f6ver de Produkter som K\u00f6paren anser vara defekta samt detaljerade fotografier p\u00e5 felen. F\u00f6r varje Produkt ska anges produktmodell och serienummer. Innan S\u00e4ljaren efter eget gottfinnande godk\u00e4nner ett garantikrav har S\u00e4ljaren r\u00e4tt att enligt sitt gottfinnande granska de felaktiga Produkterna och de faktiska anv\u00e4ndningsf\u00f6rh\u00e5llandena under vilka felen observerades. Dolda fel ska reklameras skriftligen till S\u00e4ljaren inom fjorton (14) dagar fr\u00e5n att de observerats eller borde ha observerats. K\u00f6paren b\u00e4r bevisb\u00f6rdan f\u00f6r att det handlar om ett dolt fel. <\/p>\n\n\n\n<p>2.6 S\u00e4ljaren ansvarar inte med st\u00f6d av garantin f\u00f6r andra avgifter eller kostnader. En utbytt defekt Produkt ska \u00f6verl\u00e4mnas i S\u00e4ljarens besittning och \u00e4go. Om Produkter m\u00e5ste returneras till S\u00e4ljaren, f\u00f6rbeh\u00e5ller sig S\u00e4ljaren r\u00e4tten att f\u00e5 godk\u00e4nna transportkostnaderna p\u00e5 f\u00f6rhand. <\/p>\n\n\n\n<p>2.7 Om Produkterna misst\u00e4nks vara defekta eller inte st\u00e4mma \u00f6verens med Produktspecifikationerna, \u00e4ven om inget fel konstaterats, \u00e4r det absolut f\u00f6rbjudet att anv\u00e4nda dem. <\/p>\n\n\n\n<p>2.8 S\u00e4ljaren ansvarar inte f\u00f6r en Produkt eller del av Produkt som a) skadats under transport som sker i strid med S\u00e4ljarens leveransvillkor, b) skadas p\u00e5 grund av olycksfall efter leverans eller till f\u00f6ljd av f\u00f6rsumlighet eller ol\u00e4mplig f\u00f6rvaring, c) anv\u00e4nds i strid med anvisningarna f\u00f6r installation, anv\u00e4ndning och underh\u00e5ll eller p\u00e5 annat s\u00e4tt som \u00e4r ol\u00e4mpligt f\u00f6r sitt syfte eller om anv\u00e4ndningen av Produkten forts\u00e4tter trots underm\u00e5lig prestanda, eller d) utsatts f\u00f6r normalt slitage. Om K\u00f6paren f\u00f6rsummar ovann\u00e4mnda omsorgsskyldigheter, anses K\u00f6paren ha avst\u00e5tt fr\u00e5n alla sina anspr\u00e5k g\u00e4llande Produkterna. <\/p>\n\n\n\n<p>2.9. F\u00f6r att garantin ska g\u00e4lla kr\u00e4vs det att aggregattillverkarens originalfilter anv\u00e4nds i produkterna och att filtren byts i enlighet med serviceinstruktionerna.<\/p>\n\n\n\n<p>2.10 Om Produkten under garantireparationen konstateras vara felfri eller defekten inte omfattas av garantin, har S\u00e4ljaren r\u00e4tt att debitera en sk\u00e4lig ers\u00e4ttning f\u00f6r reparationsbes\u00f6ket, \u00e4ven om ingen egentlig reparation utf\u00f6rs. <\/p>\n\n\n\n<p>2.11 Ut\u00f6ver garantin i dessa Garantivillkor eller i Avtalet anses S\u00e4ljaren inte ha gett n\u00e5gra andra uttryckliga eller underf\u00f6rst\u00e5dda garantier, exempelvis relaterat till kommersialisering eller anv\u00e4ndningssyftet. F\u00f6r tydlighetens skull konstateras att denna garanti allts\u00e5 inte omfattar indirekta f\u00f6rluster eller skador som Produkten \u00e5samkar K\u00f6paren eller f\u00f6rluster eller skador p\u00e5 tredje parter.<\/p>\n\n\n    <\/div>\n<\/div>\n\n\n    <div id=\"Section\" class=\"Block Section overflow-hidden w-full\">\n        <div class=\"Section-content relative max-w-[1088px] mx-auto w-full\">\n            \n\n<p><\/p>\n\n\n    <\/div>\n<\/div>\n","protected":false},"excerpt":{"rendered":"","protected":false},"author":3,"featured_media":12168,"parent":9679,"menu_order":0,"comment_status":"closed","ping_status":"closed","template":"","meta":{"_acf_changed":false,"footnotes":""},"class_list":["post-12360","page","type-page","status-publish","has-post-thumbnail","hentry"],"acf":[],"yoast_head":"<!-- This site is optimized with the Yoast SEO plugin v26.9 - https:\/\/yoast.com\/product\/yoast-seo-wordpress\/ -->\n<title>Garantivillkor - Vallox<\/title>\n<meta name=\"description\" content=\"Vallox Oy beviljar alla sina produkter en 24 m\u00e5naders garanti fr\u00e5n och med produktens leveransdatum.\" \/>\n<meta name=\"robots\" content=\"index, follow, max-snippet:-1, max-image-preview:large, max-video-preview:-1\" \/>\n<link rel=\"canonical\" href=\"https:\/\/www.vallox.com\/sv\/service\/garantivillkor\/\" \/>\n<meta property=\"og:locale\" content=\"sv_SE\" \/>\n<meta property=\"og:type\" content=\"article\" \/>\n<meta property=\"og:title\" content=\"Garantivillkor - Vallox\" \/>\n<meta property=\"og:description\" content=\"Vallox Oy beviljar alla sina produkter en 24 m\u00e5naders garanti fr\u00e5n och med produktens leveransdatum.\" \/>\n<meta property=\"og:url\" content=\"https:\/\/www.vallox.com\/sv\/service\/garantivillkor\/\" \/>\n<meta property=\"og:site_name\" content=\"Vallox\" \/>\n<meta property=\"article:modified_time\" content=\"2026-02-27T13:59:33+00:00\" \/>\n<meta property=\"og:image\" content=\"https:\/\/www.vallox.com\/app\/uploads\/2023\/08\/Takuuhuoltokaytannot_featured.jpg\" \/>\n\t<meta property=\"og:image:width\" content=\"720\" \/>\n\t<meta property=\"og:image:height\" content=\"480\" \/>\n\t<meta property=\"og:image:type\" content=\"image\/jpeg\" \/>\n<meta name=\"twitter:card\" content=\"summary_large_image\" \/>\n<meta name=\"twitter:label1\" content=\"Est. reading time\" \/>\n\t<meta name=\"twitter:data1\" content=\"9 minutes\" \/>\n<script type=\"application\/ld+json\" class=\"yoast-schema-graph\">{\"@context\":\"https:\/\/schema.org\",\"@graph\":[{\"@type\":\"WebPage\",\"@id\":\"https:\/\/www.vallox.com\/sv\/service\/garantivillkor\/\",\"url\":\"https:\/\/www.vallox.com\/sv\/service\/garantivillkor\/\",\"name\":\"Garantivillkor - Vallox\",\"isPartOf\":{\"@id\":\"https:\/\/www.vallox.com\/sv\/#website\"},\"primaryImageOfPage\":{\"@id\":\"https:\/\/www.vallox.com\/sv\/service\/garantivillkor\/#primaryimage\"},\"image\":{\"@id\":\"https:\/\/www.vallox.com\/sv\/service\/garantivillkor\/#primaryimage\"},\"thumbnailUrl\":\"https:\/\/www.vallox.com\/app\/uploads\/2023\/08\/Takuuhuoltokaytannot_featured.jpg\",\"datePublished\":\"2023-08-21T05:46:39+00:00\",\"dateModified\":\"2026-02-27T13:59:33+00:00\",\"description\":\"Vallox Oy beviljar alla sina produkter en 24 m\u00e5naders garanti fr\u00e5n och med produktens leveransdatum.\",\"breadcrumb\":{\"@id\":\"https:\/\/www.vallox.com\/sv\/service\/garantivillkor\/#breadcrumb\"},\"inLanguage\":\"sv-SE\",\"potentialAction\":[{\"@type\":\"ReadAction\",\"target\":[\"https:\/\/www.vallox.com\/sv\/service\/garantivillkor\/\"]}]},{\"@type\":\"ImageObject\",\"inLanguage\":\"sv-SE\",\"@id\":\"https:\/\/www.vallox.com\/sv\/service\/garantivillkor\/#primaryimage\",\"url\":\"https:\/\/www.vallox.com\/app\/uploads\/2023\/08\/Takuuhuoltokaytannot_featured.jpg\",\"contentUrl\":\"https:\/\/www.vallox.com\/app\/uploads\/2023\/08\/Takuuhuoltokaytannot_featured.jpg\",\"width\":720,\"height\":480},{\"@type\":\"BreadcrumbList\",\"@id\":\"https:\/\/www.vallox.com\/sv\/service\/garantivillkor\/#breadcrumb\",\"itemListElement\":[{\"@type\":\"ListItem\",\"position\":1,\"name\":\"Home\",\"item\":\"https:\/\/www.vallox.com\/sv\/\"},{\"@type\":\"ListItem\",\"position\":2,\"name\":\"Service\",\"item\":\"https:\/\/www.vallox.com\/sv\/service\/\"},{\"@type\":\"ListItem\",\"position\":3,\"name\":\"Garantivillkor\"}]},{\"@type\":\"WebSite\",\"@id\":\"https:\/\/www.vallox.com\/sv\/#website\",\"url\":\"https:\/\/www.vallox.com\/sv\/\",\"name\":\"Vallox\",\"description\":\"\",\"potentialAction\":[{\"@type\":\"SearchAction\",\"target\":{\"@type\":\"EntryPoint\",\"urlTemplate\":\"https:\/\/www.vallox.com\/sv\/?s={search_term_string}\"},\"query-input\":{\"@type\":\"PropertyValueSpecification\",\"valueRequired\":true,\"valueName\":\"search_term_string\"}}],\"inLanguage\":\"sv-SE\"}]}<\/script>\n<!-- \/ Yoast SEO plugin. -->","yoast_head_json":{"title":"Garantivillkor - Vallox","description":"Vallox Oy beviljar alla sina produkter en 24 m\u00e5naders garanti fr\u00e5n och med produktens leveransdatum.","robots":{"index":"index","follow":"follow","max-snippet":"max-snippet:-1","max-image-preview":"max-image-preview:large","max-video-preview":"max-video-preview:-1"},"canonical":"https:\/\/www.vallox.com\/sv\/service\/garantivillkor\/","og_locale":"sv_SE","og_type":"article","og_title":"Garantivillkor - Vallox","og_description":"Vallox Oy beviljar alla sina produkter en 24 m\u00e5naders garanti fr\u00e5n och med produktens leveransdatum.","og_url":"https:\/\/www.vallox.com\/sv\/service\/garantivillkor\/","og_site_name":"Vallox","article_modified_time":"2026-02-27T13:59:33+00:00","og_image":[{"width":720,"height":480,"url":"https:\/\/www.vallox.com\/app\/uploads\/2023\/08\/Takuuhuoltokaytannot_featured.jpg","type":"image\/jpeg"}],"twitter_card":"summary_large_image","twitter_misc":{"Est. reading time":"9 minutes"},"schema":{"@context":"https:\/\/schema.org","@graph":[{"@type":"WebPage","@id":"https:\/\/www.vallox.com\/sv\/service\/garantivillkor\/","url":"https:\/\/www.vallox.com\/sv\/service\/garantivillkor\/","name":"Garantivillkor - Vallox","isPartOf":{"@id":"https:\/\/www.vallox.com\/sv\/#website"},"primaryImageOfPage":{"@id":"https:\/\/www.vallox.com\/sv\/service\/garantivillkor\/#primaryimage"},"image":{"@id":"https:\/\/www.vallox.com\/sv\/service\/garantivillkor\/#primaryimage"},"thumbnailUrl":"https:\/\/www.vallox.com\/app\/uploads\/2023\/08\/Takuuhuoltokaytannot_featured.jpg","datePublished":"2023-08-21T05:46:39+00:00","dateModified":"2026-02-27T13:59:33+00:00","description":"Vallox Oy beviljar alla sina produkter en 24 m\u00e5naders garanti fr\u00e5n och med produktens leveransdatum.","breadcrumb":{"@id":"https:\/\/www.vallox.com\/sv\/service\/garantivillkor\/#breadcrumb"},"inLanguage":"sv-SE","potentialAction":[{"@type":"ReadAction","target":["https:\/\/www.vallox.com\/sv\/service\/garantivillkor\/"]}]},{"@type":"ImageObject","inLanguage":"sv-SE","@id":"https:\/\/www.vallox.com\/sv\/service\/garantivillkor\/#primaryimage","url":"https:\/\/www.vallox.com\/app\/uploads\/2023\/08\/Takuuhuoltokaytannot_featured.jpg","contentUrl":"https:\/\/www.vallox.com\/app\/uploads\/2023\/08\/Takuuhuoltokaytannot_featured.jpg","width":720,"height":480},{"@type":"BreadcrumbList","@id":"https:\/\/www.vallox.com\/sv\/service\/garantivillkor\/#breadcrumb","itemListElement":[{"@type":"ListItem","position":1,"name":"Home","item":"https:\/\/www.vallox.com\/sv\/"},{"@type":"ListItem","position":2,"name":"Service","item":"https:\/\/www.vallox.com\/sv\/service\/"},{"@type":"ListItem","position":3,"name":"Garantivillkor"}]},{"@type":"WebSite","@id":"https:\/\/www.vallox.com\/sv\/#website","url":"https:\/\/www.vallox.com\/sv\/","name":"Vallox","description":"","potentialAction":[{"@type":"SearchAction","target":{"@type":"EntryPoint","urlTemplate":"https:\/\/www.vallox.com\/sv\/?s={search_term_string}"},"query-input":{"@type":"PropertyValueSpecification","valueRequired":true,"valueName":"search_term_string"}}],"inLanguage":"sv-SE"}]}},"_links":{"self":[{"href":"https:\/\/www.vallox.com\/sv\/wp-json\/wp\/v2\/pages\/12360","targetHints":{"allow":["GET"]}}],"collection":[{"href":"https:\/\/www.vallox.com\/sv\/wp-json\/wp\/v2\/pages"}],"about":[{"href":"https:\/\/www.vallox.com\/sv\/wp-json\/wp\/v2\/types\/page"}],"author":[{"embeddable":true,"href":"https:\/\/www.vallox.com\/sv\/wp-json\/wp\/v2\/users\/3"}],"replies":[{"embeddable":true,"href":"https:\/\/www.vallox.com\/sv\/wp-json\/wp\/v2\/comments?post=12360"}],"version-history":[{"count":4,"href":"https:\/\/www.vallox.com\/sv\/wp-json\/wp\/v2\/pages\/12360\/revisions"}],"predecessor-version":[{"id":28900,"href":"https:\/\/www.vallox.com\/sv\/wp-json\/wp\/v2\/pages\/12360\/revisions\/28900"}],"up":[{"embeddable":true,"href":"https:\/\/www.vallox.com\/sv\/wp-json\/wp\/v2\/pages\/9679"}],"wp:featuredmedia":[{"embeddable":true,"href":"https:\/\/www.vallox.com\/sv\/wp-json\/wp\/v2\/media\/12168"}],"wp:attachment":[{"href":"https:\/\/www.vallox.com\/sv\/wp-json\/wp\/v2\/media?parent=12360"}],"curies":[{"name":"wp","href":"https:\/\/api.w.org\/{rel}","templated":true}]}}