{"id":10917,"date":"2023-07-19T13:31:35","date_gmt":"2023-07-19T10:31:35","guid":{"rendered":"https:\/\/vallox.com\/miksi-vallox-ratkaisut\/myvallox-helppoa-ilman-hallintaa\/"},"modified":"2024-01-23T13:47:23","modified_gmt":"2024-01-23T11:47:23","slug":"myvallox-enkel-ventilationsstyrning","status":"publish","type":"page","link":"https:\/\/www.vallox.com\/sv\/varfor-vallox\/myvallox-enkel-ventilationsstyrning\/","title":{"rendered":"MyVallox &#8211; Enkel ventilationsstyrning"},"content":{"rendered":"    <div id=\"\" class=\"Block Section overflow-hidden w-full\">\n        <div class=\"Section-content relative max-w-[1088px] mx-auto w-full\">\n            \n\n<p><\/p>\n\n\n\n<p class=\"has-text-align-left\"><strong>MyVallox-ventilationsaggregaten sk\u00f6ter automatiserat om en frisk inomhusluft enligt dina behov. De \u00f6vervakar f\u00f6r\u00e4ndringar i luftens fuktighets- och koldioxidbalans och sk\u00f6ter vid behov om att forcera ventilationen. Det automatiserade ventilationssystemet g\u00f6r ventilationen enkel, diskret och energieffektiv!<\/strong><\/p>\n\n\n\n<p class=\"has-text-align-left\"><\/p>\n\n\n\n<h2 class=\"wp-block-heading\">M\u00e5ngsidiga styrfunktioner<\/h2>\n\n\n\n<p>Du kan styra ventilationen sj\u00e4lv eller l\u00e5ta den styras helt automatiserat. Det viktigaste \u00e4r att ventilationsaggregatet alltid \u00e4r p\u00e5slaget. Om du sj\u00e4lv vill reglera ventilationen kan du anv\u00e4nda MyVallox-ventilationsaggregatens m\u00e5ngsidiga styrningss\u00e4tt. Styrningen sker bland annat med aggregatets egen kontrollpanel och distansf\u00f6rbindelse i MyVallox Cloud-molntj\u00e4nsten. Om du vill kan du ocks\u00e5 ansluta ventilationsaggregatet till byggnadsautomationen eller till hemn\u00e4tet, vilket inneb\u00e4r att du kan styra aggregatet i MyVallox Home-tj\u00e4nsten med en terminal som anslutits till hemn\u00e4tet.<\/p>\n\n\n    <\/div>\n<\/div>\n\n\n\n<div style=\"height:40px\" aria-hidden=\"true\" class=\"wp-block-spacer\"><\/div>\n\n\n<section class=\"mb-8 w-full FiftyFiftyVisualWrapper\"  >\n    <div>\n        <div class=\"FiftyFiftyVisual relative flex w-full justify-between flex-col xl:flex-row\">\n            <div class=\"h-min\n                w-full xl:w-5\/12 3xl:w-7\/12\n                pt-4 sm:pt-8 md:pt-12 lg:pt-20  3xl:pt-20\n                px-0\n                \n            \">\n                <div class=\"bgElement calc(100vw \/ 2 * ((100vw - 1860px) * 0.1))\n                    absolute z-0 reversewrap\n                    bgElement-right\n                    left-0 right-0 xl:right-[50%] 3xl:right-[calc((40vw-((100vw-1860px)*-0.03)))] 3xl:min-w-[1200px] xl:rounded-tr-xl\n                    \n                    top-0\n                    bottom-24 xl:bottom-0\n                                        bg-[rgba(165,185,196,0.3)]\"\n                ><\/div>\n                                    <h2 class=\"Title Title-left relative z-10\n                        flex flex-col justify-start\n                        text-black\n                        text-2xl lg:text-3xl 2xl:text-4xl\n                        leading-7 lg:leading-8\n                        font-bold\n                        mb-4\n                        xl:pr-8\n                        \">\n                        MyVallox Cloud &#8211; enkel distansstyrning p\u00e5 n\u00e4tet \n                    <\/h2>\n                                                    <div class=\"Content Content-left flex flex-col justify-center relative z-10\n                        xl:pr-8\n                        \">\n                                                    <span class=\"Text text-black xl:text-custom-gray-dark pb-2\">\n                                <p>Via den avgiftsfria och webbaserade molntj\u00e4nsten MyVallox Cloud kan du styra ventilationen via n\u00e4tet var som helst. F\u00f6rutom styrningen kan du i molntj\u00e4nsten granska data som aggregatet samlat in om ventilationen och med anv\u00e4ndarens tillst\u00e5nd skapa en distansf\u00f6rbindelse till det tekniska st\u00f6det. Genom att registrera ditt ventilationsaggregat i molntj\u00e4nsten s\u00e4kerst\u00e4ller du att programvaran uppdateras automatiskt och att de senaste styrningsegenskaperna alltid \u00e4r till hands.<\/p>\n\n                            <\/span>\n                                                                        <div class=\"flex relative z-10\">\n                            \n\n\n\n    <a\n        href=\"https:\/\/www.vallox.com\/sv\/varfor-vallox\/myvallox-enkel-ventilationsstyrning\/myvallox-cloud-molntjanst\/\"\n        alt=\"\"\n        target=\"\"\n        class=\"\n            cursor-pointer\n            \n            \n            inline-flex\n            border-black\n            border-2\n            hover:border-primary\n            hover:text-primary\n            group\n            hover:bg-custom-gray-blueish-light\n            font-semibold\n            px-4\n            py-2\n            rounded-full\n            self-baseline\n        \"\n    >\n        l\u00e4s mer om MyVallox Cloud\n        <span class=\"ml-2 w-3 h-auto fill-black group-hover:fill-primary flex justify-center items-center\"><svg clip-rule=\"evenodd\" fill-rule=\"evenodd\" stroke-linejoin=\"round\" stroke-miterlimit=\"2\" viewBox=\"0 0 24 24\" width=\"100%\" xmlns=\"http:\/\/www.w3.org\/2000\/svg\"><path d=\"m13.022 14.999v3.251c0 .412.335.75.752.75.188 0 .375-.071.518-.206 1.775-1.685 4.945-4.692 6.396-6.069.2-.189.312-.452.312-.725 0-.274-.112-.536-.312-.725-1.451-1.377-4.621-4.385-6.396-6.068-.143-.136-.33-.207-.518-.207-.417 0-.752.337-.752.75v3.251h-9.02c-.531 0-1.002.47-1.002 1v3.998c0 .53.471 1 1.002 1z\" fill-rule=\"nonzero\"\/><\/svg><\/span>\n    <\/a>\n                        <\/div>\n                                            <\/div>\n                            <\/div>\n\n                            <div class=\"ImgWrap ImgWrap-right mt-8 xl:mt-20\n                    w-full xl:w-7\/12 xl:max-w-[950px]\n                    z-10 bottom-0 rounded-tl-[5rem] rounded-br-[5rem] overflow-hidden right-0 aspect-video\n                    xl:justify-end\n                    ml-auto sm:-mr-2 md:-mr-12 lg:-mr-[4.5rem] xl:mr-0\n                \">\n                    <img decoding=\"async\"\n                    loading=\"lazy\"\n                    class=\"object-cover aspect-video w-full h-full\"\n                                            srcset=\"\n                            https:\/\/www.vallox.com\/app\/uploads\/2023\/07\/MyValloxCloud_1694x953px-150x150.jpg 150w,\n                            https:\/\/www.vallox.com\/app\/uploads\/2023\/07\/MyValloxCloud_1694x953px-300x169.jpg 300w,\n                            https:\/\/www.vallox.com\/app\/uploads\/2023\/07\/MyValloxCloud_1694x953px-768x432.jpg 768w,\n                            https:\/\/www.vallox.com\/app\/uploads\/2023\/07\/MyValloxCloud_1694x953px-1024x576.jpg 1024w,\n                            https:\/\/www.vallox.com\/app\/uploads\/2023\/07\/MyValloxCloud_1694x953px.jpg 1694w,\n                        \"\n                                        src=\"https:\/\/www.vallox.com\/app\/uploads\/2023\/07\/MyValloxCloud_1694x953px-768x432.jpg\"\n                    alt=\"asukas k\u00e4ytt\u00e4\u00e4 ilmanvaihdon ohjaukseen tarkoitettua MyVallox Cloud -pilvipalvelua tabletilla\"\n                    \/>\n                <\/div>\n                    <\/div>\n    <\/div>\n<\/section>\n\n\n\n<div style=\"height:40px\" aria-hidden=\"true\" class=\"wp-block-spacer\"><\/div>\n\n\n    <div id=\"\" class=\"Block Section overflow-hidden w-full\">\n        <div class=\"Section-content relative max-w-[1088px] mx-auto w-full\">\n            \n\n<h2 class=\"wp-block-heading\">Njut av den beh\u00e4ndiga automatiken<\/h2>\n\n\n\n<p>MyVallox-ventilationsaggregaten har som standardutrustning inbyggda fukt- och koldioxidgivare som forcerar ventilationen automatiskt n\u00e4r fuktighetshalten eller koldioxidniv\u00e5n i inomhusluften \u00f6kar. N\u00e4r \u00f6verloppsfukten avl\u00e4gsnats eller koldioxidniv\u00e5n normaliserats minskar givarna ventilationseffekten.<\/p>\n\n\n\n<p>Givarna s\u00e4kerst\u00e4ller en frisk inomhusluft i alla situationer \u00e4ven om antalet personer i huset skulle variera. Det g\u00e5r ocks\u00e5 ansluta externa till\u00e4ggsgivare till ventilationsaggregatet vilka kan vara till nytta om till exempel anv\u00e4ndningsgraden varierar stort f\u00f6r olika rum. Till alla MyVallox-ventilationsaggregat finns ocks\u00e5 en VOC-givare att k\u00f6pas som till\u00e4ggsutrustning. Den observerar bland annat organiska orenheter som avdunstar fr\u00e5n byggmaterial, tv\u00e4ttmedel, kemikalier, m\u00e5larf\u00e4rger och m\u00f6bler. Om halterna stiger forcerar givaren ventilationen automatiskt.<\/p>\n\n\n\n<p><\/p>\n\n\n    <\/div>\n<\/div>\n\n\n\n<div style=\"height:50px\" aria-hidden=\"true\" class=\"wp-block-spacer\"><\/div>\n\n\n<section class=\"bg-[rgba(165,185,196,0.3)]\" >\n    <div class=\"FiftyFifty\n\n        relative\n        flex\n        justify-between\n        flex-col-reverse lg:flex-row-reverse\n    \">\n        <div class=\"w-full lg:w-1\/2 p-4 sm:p-8 md:p-12 lg:p-28 xl:p-32 sm:!px-8\">\n                            <h2 class=\"Title\n                    flex flex-col justify-start\n                    text-black\n                    text-lg sm:text-2xl md:text-xl xl:text-2xl 2xl:text-3xl\n                    font-bold leading-6 xl:leading-7\n                    mb-4\n                \">\n                    Automatiserad behovsanpassad ventilation \u00e4r enkel, diskret och energieffektiv\n                <\/h2>\n                                        <div class=\"flex flex-col justify-center\">\n                                                            <div class=\"flex mt-6\">\n                        \n\n\n\n    <a\n        href=\"https:\/\/vallox.com\/sv\/automatisk-ventilation\/\"\n        alt=\"\"\n        target=\"\"\n        class=\"\n            cursor-pointer\n            \n            \n            inline-flex\n            border-black\n            border-2\n            hover:border-primary\n            hover:text-primary\n            group\n            hover:bg-custom-gray-blueish-light\n            font-semibold\n            px-4\n            py-2\n            rounded-full\n            self-baseline\n        \"\n    >\n        L\u00e4s mer om automatiserad ventilation\n        <span class=\"ml-2 w-3 h-auto fill-black group-hover:fill-primary flex justify-center items-center\"><svg clip-rule=\"evenodd\" fill-rule=\"evenodd\" stroke-linejoin=\"round\" stroke-miterlimit=\"2\" viewBox=\"0 0 24 24\" width=\"100%\" xmlns=\"http:\/\/www.w3.org\/2000\/svg\"><path d=\"m13.022 14.999v3.251c0 .412.335.75.752.75.188 0 .375-.071.518-.206 1.775-1.685 4.945-4.692 6.396-6.069.2-.189.312-.452.312-.725 0-.274-.112-.536-.312-.725-1.451-1.377-4.621-4.385-6.396-6.068-.143-.136-.33-.207-.518-.207-.417 0-.752.337-.752.75v3.251h-9.02c-.531 0-1.002.47-1.002 1v3.998c0 .53.471 1 1.002 1z\" fill-rule=\"nonzero\"\/><\/svg><\/span>\n    <\/a>\n                    <\/div>\n                                    <\/div>\n                    <\/div>\n\n                    <div class=\"\n                self-stretch justify-self-stretch\n                w-full lg:w-1\/2\n                relative flex justify-center\n                lg:justify-start\n             \">\n                <img decoding=\"async\"\n                loading=\"lazy\"\n                class=\"object-cover h-full w-full\"\n                                    srcset=\"\n                        https:\/\/www.vallox.com\/app\/uploads\/2023\/07\/Artikkeli_IlmanvaihdonAutomatisointi_listauskuva_940x628px-150x150.jpg 150w,\n                        https:\/\/www.vallox.com\/app\/uploads\/2023\/07\/Artikkeli_IlmanvaihdonAutomatisointi_listauskuva_940x628px-300x200.jpg 300w,\n                        https:\/\/www.vallox.com\/app\/uploads\/2023\/07\/Artikkeli_IlmanvaihdonAutomatisointi_listauskuva_940x628px-768x513.jpg 768w,\n                        https:\/\/www.vallox.com\/app\/uploads\/2023\/07\/Artikkeli_IlmanvaihdonAutomatisointi_listauskuva_940x628px.jpg 940w,\n                        https:\/\/www.vallox.com\/app\/uploads\/2023\/07\/Artikkeli_IlmanvaihdonAutomatisointi_listauskuva_940x628px.jpg 940w,\n                    \"\n                                src=\"https:\/\/www.vallox.com\/app\/uploads\/2023\/07\/Artikkeli_IlmanvaihdonAutomatisointi_listauskuva_940x628px-768x513.jpg\"\n                alt=\"asukas nauttii raikkaasta sis\u00e4ilmasta\"\n                \/>\n            <\/div>\n            <\/div>\n<\/section>\n\n\n\n<div style=\"height:50px\" aria-hidden=\"true\" class=\"wp-block-spacer\"><\/div>\n\n\n    <div id=\"\" class=\"Block Section overflow-hidden w-full\">\n        <div class=\"Section-content relative max-w-[1088px] mx-auto w-full\">\n            \n\n<p><\/p>\n\n\n\n<h2 class=\"wp-block-heading\">Extra brytare efter dina behov<\/h2>\n\n\n\n<p>Till MyVallox-ventilationsaggregatet kan man ansluta till exempel en separat Hemma\/Borta-brytare eller en spisk\u00e5pa som g\u00f6r det m\u00f6jligt att justera ventilationseffekten via spisk\u00e5pan. Aggregatet kan \u00e4ven kopplas till byggnadsautomationen antingen via en Modbus- eller KNX-buss.<\/p>\n\n\n\n<p><\/p>\n\n\n\n<h2 class=\"wp-block-heading\">Ventilationsl\u00e4gen<\/h2>\n\n\n\n<p>Ventilationsjusteringen baserar sig p\u00e5 val av l\u00e4mpligt l\u00e4ge: Hemma, Borta och Forcering. MyVallox-aggregat har dessutom ett Anpassat-l\u00e4ge som g\u00f6r det l\u00e4ttare att till exempel t\u00e4nda en brasa.<\/p>\n\n\n    <\/div>\n<\/div>\n\n\n\n<div style=\"height:50px\" aria-hidden=\"true\" class=\"wp-block-spacer\"><\/div>\n\n\n<section class=\"bg-[rgba(165,185,196,0.3)]\" >\n    <div class=\"FiftyFifty\n\n        relative\n        flex\n        justify-between\n        flex-col-reverse lg:flex-row\n    \">\n        <div class=\"w-full lg:w-1\/2 p-4 sm:p-8 md:p-12 lg:p-28 xl:p-32 sm:!px-8\">\n                            <h2 class=\"Title\n                    flex flex-col justify-start\n                    text-black\n                    text-lg sm:text-2xl md:text-xl xl:text-2xl 2xl:text-3xl\n                    font-bold leading-6 xl:leading-7\n                    mb-4\n                \">\n                    Anv\u00e4nd var som helst\n                <\/h2>\n                                        <div class=\"flex flex-col justify-center\">\n                                            <span class=\"Text text-custom-gray-dark pb-2\">\n                            <p>Den webbaserade tj\u00e4nsten MyVallox Cloud kan anv\u00e4ndas p\u00e5 vilken som helst enhet med n\u00e4tuppkoppling \u2013 pekplatta, smarttelefon eller dator.<\/p>\n\n                        <\/span>\n                                                            <div class=\"flex mt-6\">\n                        \n\n\n\n    <a\n        href=\"https:\/\/vallox.com\/sv\/reference\/anvandarupplevelser-av-molntjansten-myvallox-cloud\/\"\n        alt=\"\"\n        target=\"\"\n        class=\"\n            cursor-pointer\n            \n            \n            inline-flex\n            border-black\n            border-2\n            hover:border-primary\n            hover:text-primary\n            group\n            hover:bg-custom-gray-blueish-light\n            font-semibold\n            px-4\n            py-2\n            rounded-full\n            self-baseline\n        \"\n    >\n        Anv\u00e4ndarupplevelser av molntj\u00e4nsten MyVallox Cloud\n        <span class=\"ml-2 w-3 h-auto fill-black group-hover:fill-primary flex justify-center items-center\"><svg clip-rule=\"evenodd\" fill-rule=\"evenodd\" stroke-linejoin=\"round\" stroke-miterlimit=\"2\" viewBox=\"0 0 24 24\" width=\"100%\" xmlns=\"http:\/\/www.w3.org\/2000\/svg\"><path d=\"m13.022 14.999v3.251c0 .412.335.75.752.75.188 0 .375-.071.518-.206 1.775-1.685 4.945-4.692 6.396-6.069.2-.189.312-.452.312-.725 0-.274-.112-.536-.312-.725-1.451-1.377-4.621-4.385-6.396-6.068-.143-.136-.33-.207-.518-.207-.417 0-.752.337-.752.75v3.251h-9.02c-.531 0-1.002.47-1.002 1v3.998c0 .53.471 1 1.002 1z\" fill-rule=\"nonzero\"\/><\/svg><\/span>\n    <\/a>\n                    <\/div>\n                                    <\/div>\n                    <\/div>\n\n                    <div class=\"\n                self-stretch justify-self-stretch\n                w-full lg:w-1\/2\n                relative flex justify-center\n                lg:justify-end\n             \">\n                <img decoding=\"async\"\n                loading=\"lazy\"\n                class=\"object-cover h-full w-full\"\n                                    srcset=\"\n                        https:\/\/www.vallox.com\/app\/uploads\/2023\/07\/MyValloxCloudperhe_1452x992px-150x150.jpg 150w,\n                        https:\/\/www.vallox.com\/app\/uploads\/2023\/07\/MyValloxCloudperhe_1452x992px-300x205.jpg 300w,\n                        https:\/\/www.vallox.com\/app\/uploads\/2023\/07\/MyValloxCloudperhe_1452x992px-768x525.jpg 768w,\n                        https:\/\/www.vallox.com\/app\/uploads\/2023\/07\/MyValloxCloudperhe_1452x992px-1024x700.jpg 1024w,\n                        https:\/\/www.vallox.com\/app\/uploads\/2023\/07\/MyValloxCloudperhe_1452x992px.jpg 1452w,\n                    \"\n                                src=\"https:\/\/www.vallox.com\/app\/uploads\/2023\/07\/MyValloxCloudperhe_1452x992px-768x525.jpg\"\n                alt=\"Perhe k\u00e4ytt\u00e4m\u00e4ss\u00e4 MyVallox Cloud -pilvipalvelua, jolla ilmavaihdon ohjaus voidaan tehd\u00e4 my\u00f6s et\u00e4n\u00e4\"\n                \/>\n            <\/div>\n            <\/div>\n<\/section>\n\n\n\n<div style=\"height:50px\" aria-hidden=\"true\" class=\"wp-block-spacer\"><\/div>\n","protected":false},"excerpt":{"rendered":"","protected":false},"author":5,"featured_media":19316,"parent":9297,"menu_order":0,"comment_status":"closed","ping_status":"closed","template":"","meta":{"_acf_changed":false,"footnotes":""},"class_list":["post-10917","page","type-page","status-publish","has-post-thumbnail","hentry"],"acf":[],"yoast_head":"<!-- This site is optimized with the Yoast SEO plugin v26.9 - https:\/\/yoast.com\/product\/yoast-seo-wordpress\/ -->\n<title>MyVallox - Enkel ventilationsstyrning - Vallox<\/title>\n<meta name=\"description\" content=\"MyVallox-ventilationsaggregaten sk\u00f6ter automatiserat om en frisk inomhusluft enligt dina behov.\" \/>\n<meta name=\"robots\" content=\"index, follow, max-snippet:-1, max-image-preview:large, max-video-preview:-1\" \/>\n<link rel=\"canonical\" href=\"https:\/\/www.vallox.com\/sv\/varfor-vallox\/myvallox-enkel-ventilationsstyrning\/\" \/>\n<meta property=\"og:locale\" content=\"sv_SE\" \/>\n<meta property=\"og:type\" content=\"article\" \/>\n<meta property=\"og:title\" content=\"MyVallox - Enkel ventilationsstyrning - Vallox\" \/>\n<meta property=\"og:description\" content=\"MyVallox-ventilationsaggregaten sk\u00f6ter automatiserat om en frisk inomhusluft enligt dina behov.\" \/>\n<meta property=\"og:url\" content=\"https:\/\/www.vallox.com\/sv\/varfor-vallox\/myvallox-enkel-ventilationsstyrning\/\" \/>\n<meta property=\"og:site_name\" content=\"Vallox\" \/>\n<meta property=\"article:modified_time\" content=\"2024-01-23T11:47:23+00:00\" \/>\n<meta property=\"og:image\" content=\"https:\/\/www.vallox.com\/app\/uploads\/2023\/11\/MyValloxFeatured_720x480px.png\" \/>\n\t<meta property=\"og:image:width\" content=\"720\" \/>\n\t<meta property=\"og:image:height\" content=\"480\" \/>\n\t<meta property=\"og:image:type\" content=\"image\/png\" \/>\n<meta name=\"twitter:card\" content=\"summary_large_image\" \/>\n<meta name=\"twitter:label1\" content=\"Est. reading time\" \/>\n\t<meta name=\"twitter:data1\" content=\"2 minutes\" \/>\n<script type=\"application\/ld+json\" class=\"yoast-schema-graph\">{\"@context\":\"https:\/\/schema.org\",\"@graph\":[{\"@type\":\"WebPage\",\"@id\":\"https:\/\/www.vallox.com\/sv\/varfor-vallox\/myvallox-enkel-ventilationsstyrning\/\",\"url\":\"https:\/\/www.vallox.com\/sv\/varfor-vallox\/myvallox-enkel-ventilationsstyrning\/\",\"name\":\"MyVallox - Enkel ventilationsstyrning - Vallox\",\"isPartOf\":{\"@id\":\"https:\/\/www.vallox.com\/sv\/#website\"},\"primaryImageOfPage\":{\"@id\":\"https:\/\/www.vallox.com\/sv\/varfor-vallox\/myvallox-enkel-ventilationsstyrning\/#primaryimage\"},\"image\":{\"@id\":\"https:\/\/www.vallox.com\/sv\/varfor-vallox\/myvallox-enkel-ventilationsstyrning\/#primaryimage\"},\"thumbnailUrl\":\"https:\/\/www.vallox.com\/app\/uploads\/2023\/11\/MyValloxFeatured_720x480px.png\",\"datePublished\":\"2023-07-19T10:31:35+00:00\",\"dateModified\":\"2024-01-23T11:47:23+00:00\",\"description\":\"MyVallox-ventilationsaggregaten sk\u00f6ter automatiserat om en frisk inomhusluft enligt dina behov.\",\"breadcrumb\":{\"@id\":\"https:\/\/www.vallox.com\/sv\/varfor-vallox\/myvallox-enkel-ventilationsstyrning\/#breadcrumb\"},\"inLanguage\":\"sv-SE\",\"potentialAction\":[{\"@type\":\"ReadAction\",\"target\":[\"https:\/\/www.vallox.com\/sv\/varfor-vallox\/myvallox-enkel-ventilationsstyrning\/\"]}]},{\"@type\":\"ImageObject\",\"inLanguage\":\"sv-SE\",\"@id\":\"https:\/\/www.vallox.com\/sv\/varfor-vallox\/myvallox-enkel-ventilationsstyrning\/#primaryimage\",\"url\":\"https:\/\/www.vallox.com\/app\/uploads\/2023\/11\/MyValloxFeatured_720x480px.png\",\"contentUrl\":\"https:\/\/www.vallox.com\/app\/uploads\/2023\/11\/MyValloxFeatured_720x480px.png\",\"width\":720,\"height\":480},{\"@type\":\"BreadcrumbList\",\"@id\":\"https:\/\/www.vallox.com\/sv\/varfor-vallox\/myvallox-enkel-ventilationsstyrning\/#breadcrumb\",\"itemListElement\":[{\"@type\":\"ListItem\",\"position\":1,\"name\":\"Home\",\"item\":\"https:\/\/www.vallox.com\/sv\/\"},{\"@type\":\"ListItem\",\"position\":2,\"name\":\"Varf\u00f6r Vallox?\",\"item\":\"https:\/\/www.vallox.com\/sv\/varfor-vallox\/\"},{\"@type\":\"ListItem\",\"position\":3,\"name\":\"MyVallox &#8211; Enkel ventilationsstyrning\"}]},{\"@type\":\"WebSite\",\"@id\":\"https:\/\/www.vallox.com\/sv\/#website\",\"url\":\"https:\/\/www.vallox.com\/sv\/\",\"name\":\"Vallox\",\"description\":\"\",\"potentialAction\":[{\"@type\":\"SearchAction\",\"target\":{\"@type\":\"EntryPoint\",\"urlTemplate\":\"https:\/\/www.vallox.com\/sv\/?s={search_term_string}\"},\"query-input\":{\"@type\":\"PropertyValueSpecification\",\"valueRequired\":true,\"valueName\":\"search_term_string\"}}],\"inLanguage\":\"sv-SE\"}]}<\/script>\n<!-- \/ Yoast SEO plugin. -->","yoast_head_json":{"title":"MyVallox - Enkel ventilationsstyrning - Vallox","description":"MyVallox-ventilationsaggregaten sk\u00f6ter automatiserat om en frisk inomhusluft enligt dina behov.","robots":{"index":"index","follow":"follow","max-snippet":"max-snippet:-1","max-image-preview":"max-image-preview:large","max-video-preview":"max-video-preview:-1"},"canonical":"https:\/\/www.vallox.com\/sv\/varfor-vallox\/myvallox-enkel-ventilationsstyrning\/","og_locale":"sv_SE","og_type":"article","og_title":"MyVallox - Enkel ventilationsstyrning - Vallox","og_description":"MyVallox-ventilationsaggregaten sk\u00f6ter automatiserat om en frisk inomhusluft enligt dina behov.","og_url":"https:\/\/www.vallox.com\/sv\/varfor-vallox\/myvallox-enkel-ventilationsstyrning\/","og_site_name":"Vallox","article_modified_time":"2024-01-23T11:47:23+00:00","og_image":[{"width":720,"height":480,"url":"https:\/\/www.vallox.com\/app\/uploads\/2023\/11\/MyValloxFeatured_720x480px.png","type":"image\/png"}],"twitter_card":"summary_large_image","twitter_misc":{"Est. reading time":"2 minutes"},"schema":{"@context":"https:\/\/schema.org","@graph":[{"@type":"WebPage","@id":"https:\/\/www.vallox.com\/sv\/varfor-vallox\/myvallox-enkel-ventilationsstyrning\/","url":"https:\/\/www.vallox.com\/sv\/varfor-vallox\/myvallox-enkel-ventilationsstyrning\/","name":"MyVallox - Enkel ventilationsstyrning - Vallox","isPartOf":{"@id":"https:\/\/www.vallox.com\/sv\/#website"},"primaryImageOfPage":{"@id":"https:\/\/www.vallox.com\/sv\/varfor-vallox\/myvallox-enkel-ventilationsstyrning\/#primaryimage"},"image":{"@id":"https:\/\/www.vallox.com\/sv\/varfor-vallox\/myvallox-enkel-ventilationsstyrning\/#primaryimage"},"thumbnailUrl":"https:\/\/www.vallox.com\/app\/uploads\/2023\/11\/MyValloxFeatured_720x480px.png","datePublished":"2023-07-19T10:31:35+00:00","dateModified":"2024-01-23T11:47:23+00:00","description":"MyVallox-ventilationsaggregaten sk\u00f6ter automatiserat om en frisk inomhusluft enligt dina behov.","breadcrumb":{"@id":"https:\/\/www.vallox.com\/sv\/varfor-vallox\/myvallox-enkel-ventilationsstyrning\/#breadcrumb"},"inLanguage":"sv-SE","potentialAction":[{"@type":"ReadAction","target":["https:\/\/www.vallox.com\/sv\/varfor-vallox\/myvallox-enkel-ventilationsstyrning\/"]}]},{"@type":"ImageObject","inLanguage":"sv-SE","@id":"https:\/\/www.vallox.com\/sv\/varfor-vallox\/myvallox-enkel-ventilationsstyrning\/#primaryimage","url":"https:\/\/www.vallox.com\/app\/uploads\/2023\/11\/MyValloxFeatured_720x480px.png","contentUrl":"https:\/\/www.vallox.com\/app\/uploads\/2023\/11\/MyValloxFeatured_720x480px.png","width":720,"height":480},{"@type":"BreadcrumbList","@id":"https:\/\/www.vallox.com\/sv\/varfor-vallox\/myvallox-enkel-ventilationsstyrning\/#breadcrumb","itemListElement":[{"@type":"ListItem","position":1,"name":"Home","item":"https:\/\/www.vallox.com\/sv\/"},{"@type":"ListItem","position":2,"name":"Varf\u00f6r Vallox?","item":"https:\/\/www.vallox.com\/sv\/varfor-vallox\/"},{"@type":"ListItem","position":3,"name":"MyVallox &#8211; Enkel ventilationsstyrning"}]},{"@type":"WebSite","@id":"https:\/\/www.vallox.com\/sv\/#website","url":"https:\/\/www.vallox.com\/sv\/","name":"Vallox","description":"","potentialAction":[{"@type":"SearchAction","target":{"@type":"EntryPoint","urlTemplate":"https:\/\/www.vallox.com\/sv\/?s={search_term_string}"},"query-input":{"@type":"PropertyValueSpecification","valueRequired":true,"valueName":"search_term_string"}}],"inLanguage":"sv-SE"}]}},"_links":{"self":[{"href":"https:\/\/www.vallox.com\/sv\/wp-json\/wp\/v2\/pages\/10917","targetHints":{"allow":["GET"]}}],"collection":[{"href":"https:\/\/www.vallox.com\/sv\/wp-json\/wp\/v2\/pages"}],"about":[{"href":"https:\/\/www.vallox.com\/sv\/wp-json\/wp\/v2\/types\/page"}],"author":[{"embeddable":true,"href":"https:\/\/www.vallox.com\/sv\/wp-json\/wp\/v2\/users\/5"}],"replies":[{"embeddable":true,"href":"https:\/\/www.vallox.com\/sv\/wp-json\/wp\/v2\/comments?post=10917"}],"version-history":[{"count":14,"href":"https:\/\/www.vallox.com\/sv\/wp-json\/wp\/v2\/pages\/10917\/revisions"}],"predecessor-version":[{"id":20472,"href":"https:\/\/www.vallox.com\/sv\/wp-json\/wp\/v2\/pages\/10917\/revisions\/20472"}],"up":[{"embeddable":true,"href":"https:\/\/www.vallox.com\/sv\/wp-json\/wp\/v2\/pages\/9297"}],"wp:featuredmedia":[{"embeddable":true,"href":"https:\/\/www.vallox.com\/sv\/wp-json\/wp\/v2\/media\/19316"}],"wp:attachment":[{"href":"https:\/\/www.vallox.com\/sv\/wp-json\/wp\/v2\/media?parent=10917"}],"curies":[{"name":"wp","href":"https:\/\/api.w.org\/{rel}","templated":true}]}}