{"id":10421,"date":"2023-08-16T14:35:12","date_gmt":"2023-08-16T11:35:12","guid":{"rendered":"https:\/\/vallox.com\/?page_id=10421"},"modified":"2026-02-27T15:34:42","modified_gmt":"2026-02-27T13:34:42","slug":"begaran-om-garantiservice","status":"publish","type":"page","link":"https:\/\/www.vallox.com\/sv\/pro\/service-pro\/begaran-om-garantiservice\/","title":{"rendered":"Beg\u00e4ran om garantiservice"},"content":{"rendered":"    <div id=\"Section\" class=\"Block Section overflow-hidden w-full\">\n        <div class=\"Section-content relative max-w-[1088px] mx-auto w-full\">\n            \n\n<p>Vallox Oy beviljar 24 m\u00e5naders garanti p\u00e5 produkter och 12 m\u00e5naders garanti p\u00e5 reservdelar r\u00e4knat fr\u00e5n leverans. <a href=\"https:\/\/vallox.com\/sv\/service\/garantivillkor\/\">Kontrollera villkoren innan du fyller i beg\u00e4ran<\/a>.<\/p>\n\n\n\n<div style=\"height:20px\" aria-hidden=\"true\" class=\"wp-block-spacer\"><\/div>\n\n\n\n<lime-form form-id=\"Dw5paP90fzi3TyINZJpN\"><\/lime-form>\n\n\n    <\/div>\n<\/div>\n","protected":false},"excerpt":{"rendered":"","protected":false},"author":1,"featured_media":19364,"parent":15466,"menu_order":0,"comment_status":"closed","ping_status":"closed","template":"","meta":{"_acf_changed":false,"footnotes":""},"class_list":["post-10421","page","type-page","status-publish","has-post-thumbnail","hentry"],"acf":[],"yoast_head":"<!-- This site is optimized with the Yoast SEO plugin v26.9 - https:\/\/yoast.com\/product\/yoast-seo-wordpress\/ -->\n<title>Beg\u00e4ran om garantiservice - Vallox<\/title>\n<meta name=\"description\" content=\"Vallox beviljar en 24 m\u00e5naders garanti f\u00f6r Produkterna r\u00e4knat fr\u00e5n leverans.\" \/>\n<meta name=\"robots\" content=\"index, follow, max-snippet:-1, max-image-preview:large, max-video-preview:-1\" \/>\n<link rel=\"canonical\" href=\"https:\/\/www.vallox.com\/sv\/pro\/service-pro\/begaran-om-garantiservice\/\" \/>\n<meta property=\"og:locale\" content=\"sv_SE\" \/>\n<meta property=\"og:type\" content=\"article\" \/>\n<meta property=\"og:title\" content=\"Beg\u00e4ran om garantiservice - Vallox\" \/>\n<meta property=\"og:description\" content=\"Vallox beviljar en 24 m\u00e5naders garanti f\u00f6r Produkterna r\u00e4knat fr\u00e5n leverans.\" \/>\n<meta property=\"og:url\" content=\"https:\/\/www.vallox.com\/sv\/pro\/service-pro\/begaran-om-garantiservice\/\" \/>\n<meta property=\"og:site_name\" content=\"Vallox\" \/>\n<meta property=\"article:modified_time\" content=\"2026-02-27T13:34:42+00:00\" \/>\n<meta property=\"og:image\" content=\"https:\/\/www.vallox.com\/app\/uploads\/2023\/11\/Takuuhuoltokaytannot_featured.jpg\" \/>\n\t<meta property=\"og:image:width\" content=\"720\" \/>\n\t<meta property=\"og:image:height\" content=\"480\" \/>\n\t<meta property=\"og:image:type\" content=\"image\/jpeg\" \/>\n<meta name=\"twitter:card\" content=\"summary_large_image\" \/>\n<meta name=\"twitter:label1\" content=\"Est. reading time\" \/>\n\t<meta name=\"twitter:data1\" content=\"1 minute\" \/>\n<script type=\"application\/ld+json\" class=\"yoast-schema-graph\">{\"@context\":\"https:\/\/schema.org\",\"@graph\":[{\"@type\":\"WebPage\",\"@id\":\"https:\/\/www.vallox.com\/sv\/pro\/service-pro\/begaran-om-garantiservice\/\",\"url\":\"https:\/\/www.vallox.com\/sv\/pro\/service-pro\/begaran-om-garantiservice\/\",\"name\":\"Beg\u00e4ran om garantiservice - Vallox\",\"isPartOf\":{\"@id\":\"https:\/\/www.vallox.com\/sv\/#website\"},\"primaryImageOfPage\":{\"@id\":\"https:\/\/www.vallox.com\/sv\/pro\/service-pro\/begaran-om-garantiservice\/#primaryimage\"},\"image\":{\"@id\":\"https:\/\/www.vallox.com\/sv\/pro\/service-pro\/begaran-om-garantiservice\/#primaryimage\"},\"thumbnailUrl\":\"https:\/\/www.vallox.com\/app\/uploads\/2023\/11\/Takuuhuoltokaytannot_featured.jpg\",\"datePublished\":\"2023-08-16T11:35:12+00:00\",\"dateModified\":\"2026-02-27T13:34:42+00:00\",\"description\":\"Vallox beviljar en 24 m\u00e5naders garanti f\u00f6r Produkterna r\u00e4knat fr\u00e5n leverans.\",\"breadcrumb\":{\"@id\":\"https:\/\/www.vallox.com\/sv\/pro\/service-pro\/begaran-om-garantiservice\/#breadcrumb\"},\"inLanguage\":\"sv-SE\",\"potentialAction\":[{\"@type\":\"ReadAction\",\"target\":[\"https:\/\/www.vallox.com\/sv\/pro\/service-pro\/begaran-om-garantiservice\/\"]}]},{\"@type\":\"ImageObject\",\"inLanguage\":\"sv-SE\",\"@id\":\"https:\/\/www.vallox.com\/sv\/pro\/service-pro\/begaran-om-garantiservice\/#primaryimage\",\"url\":\"https:\/\/www.vallox.com\/app\/uploads\/2023\/11\/Takuuhuoltokaytannot_featured.jpg\",\"contentUrl\":\"https:\/\/www.vallox.com\/app\/uploads\/2023\/11\/Takuuhuoltokaytannot_featured.jpg\",\"width\":720,\"height\":480},{\"@type\":\"BreadcrumbList\",\"@id\":\"https:\/\/www.vallox.com\/sv\/pro\/service-pro\/begaran-om-garantiservice\/#breadcrumb\",\"itemListElement\":[{\"@type\":\"ListItem\",\"position\":1,\"name\":\"Home\",\"item\":\"https:\/\/www.vallox.com\/sv\/\"},{\"@type\":\"ListItem\",\"position\":2,\"name\":\"Pro\",\"item\":\"https:\/\/www.vallox.com\/sv\/pro\/\"},{\"@type\":\"ListItem\",\"position\":3,\"name\":\"Service\",\"item\":\"https:\/\/www.vallox.com\/sv\/pro\/service-pro\/\"},{\"@type\":\"ListItem\",\"position\":4,\"name\":\"Beg\u00e4ran om garantiservice\"}]},{\"@type\":\"WebSite\",\"@id\":\"https:\/\/www.vallox.com\/sv\/#website\",\"url\":\"https:\/\/www.vallox.com\/sv\/\",\"name\":\"Vallox\",\"description\":\"\",\"potentialAction\":[{\"@type\":\"SearchAction\",\"target\":{\"@type\":\"EntryPoint\",\"urlTemplate\":\"https:\/\/www.vallox.com\/sv\/?s={search_term_string}\"},\"query-input\":{\"@type\":\"PropertyValueSpecification\",\"valueRequired\":true,\"valueName\":\"search_term_string\"}}],\"inLanguage\":\"sv-SE\"}]}<\/script>\n<!-- \/ Yoast SEO plugin. -->","yoast_head_json":{"title":"Beg\u00e4ran om garantiservice - Vallox","description":"Vallox beviljar en 24 m\u00e5naders garanti f\u00f6r Produkterna r\u00e4knat fr\u00e5n leverans.","robots":{"index":"index","follow":"follow","max-snippet":"max-snippet:-1","max-image-preview":"max-image-preview:large","max-video-preview":"max-video-preview:-1"},"canonical":"https:\/\/www.vallox.com\/sv\/pro\/service-pro\/begaran-om-garantiservice\/","og_locale":"sv_SE","og_type":"article","og_title":"Beg\u00e4ran om garantiservice - Vallox","og_description":"Vallox beviljar en 24 m\u00e5naders garanti f\u00f6r Produkterna r\u00e4knat fr\u00e5n leverans.","og_url":"https:\/\/www.vallox.com\/sv\/pro\/service-pro\/begaran-om-garantiservice\/","og_site_name":"Vallox","article_modified_time":"2026-02-27T13:34:42+00:00","og_image":[{"width":720,"height":480,"url":"https:\/\/www.vallox.com\/app\/uploads\/2023\/11\/Takuuhuoltokaytannot_featured.jpg","type":"image\/jpeg"}],"twitter_card":"summary_large_image","twitter_misc":{"Est. reading time":"1 minute"},"schema":{"@context":"https:\/\/schema.org","@graph":[{"@type":"WebPage","@id":"https:\/\/www.vallox.com\/sv\/pro\/service-pro\/begaran-om-garantiservice\/","url":"https:\/\/www.vallox.com\/sv\/pro\/service-pro\/begaran-om-garantiservice\/","name":"Beg\u00e4ran om garantiservice - Vallox","isPartOf":{"@id":"https:\/\/www.vallox.com\/sv\/#website"},"primaryImageOfPage":{"@id":"https:\/\/www.vallox.com\/sv\/pro\/service-pro\/begaran-om-garantiservice\/#primaryimage"},"image":{"@id":"https:\/\/www.vallox.com\/sv\/pro\/service-pro\/begaran-om-garantiservice\/#primaryimage"},"thumbnailUrl":"https:\/\/www.vallox.com\/app\/uploads\/2023\/11\/Takuuhuoltokaytannot_featured.jpg","datePublished":"2023-08-16T11:35:12+00:00","dateModified":"2026-02-27T13:34:42+00:00","description":"Vallox beviljar en 24 m\u00e5naders garanti f\u00f6r Produkterna r\u00e4knat fr\u00e5n leverans.","breadcrumb":{"@id":"https:\/\/www.vallox.com\/sv\/pro\/service-pro\/begaran-om-garantiservice\/#breadcrumb"},"inLanguage":"sv-SE","potentialAction":[{"@type":"ReadAction","target":["https:\/\/www.vallox.com\/sv\/pro\/service-pro\/begaran-om-garantiservice\/"]}]},{"@type":"ImageObject","inLanguage":"sv-SE","@id":"https:\/\/www.vallox.com\/sv\/pro\/service-pro\/begaran-om-garantiservice\/#primaryimage","url":"https:\/\/www.vallox.com\/app\/uploads\/2023\/11\/Takuuhuoltokaytannot_featured.jpg","contentUrl":"https:\/\/www.vallox.com\/app\/uploads\/2023\/11\/Takuuhuoltokaytannot_featured.jpg","width":720,"height":480},{"@type":"BreadcrumbList","@id":"https:\/\/www.vallox.com\/sv\/pro\/service-pro\/begaran-om-garantiservice\/#breadcrumb","itemListElement":[{"@type":"ListItem","position":1,"name":"Home","item":"https:\/\/www.vallox.com\/sv\/"},{"@type":"ListItem","position":2,"name":"Pro","item":"https:\/\/www.vallox.com\/sv\/pro\/"},{"@type":"ListItem","position":3,"name":"Service","item":"https:\/\/www.vallox.com\/sv\/pro\/service-pro\/"},{"@type":"ListItem","position":4,"name":"Beg\u00e4ran om garantiservice"}]},{"@type":"WebSite","@id":"https:\/\/www.vallox.com\/sv\/#website","url":"https:\/\/www.vallox.com\/sv\/","name":"Vallox","description":"","potentialAction":[{"@type":"SearchAction","target":{"@type":"EntryPoint","urlTemplate":"https:\/\/www.vallox.com\/sv\/?s={search_term_string}"},"query-input":{"@type":"PropertyValueSpecification","valueRequired":true,"valueName":"search_term_string"}}],"inLanguage":"sv-SE"}]}},"_links":{"self":[{"href":"https:\/\/www.vallox.com\/sv\/wp-json\/wp\/v2\/pages\/10421","targetHints":{"allow":["GET"]}}],"collection":[{"href":"https:\/\/www.vallox.com\/sv\/wp-json\/wp\/v2\/pages"}],"about":[{"href":"https:\/\/www.vallox.com\/sv\/wp-json\/wp\/v2\/types\/page"}],"author":[{"embeddable":true,"href":"https:\/\/www.vallox.com\/sv\/wp-json\/wp\/v2\/users\/1"}],"replies":[{"embeddable":true,"href":"https:\/\/www.vallox.com\/sv\/wp-json\/wp\/v2\/comments?post=10421"}],"version-history":[{"count":6,"href":"https:\/\/www.vallox.com\/sv\/wp-json\/wp\/v2\/pages\/10421\/revisions"}],"predecessor-version":[{"id":28878,"href":"https:\/\/www.vallox.com\/sv\/wp-json\/wp\/v2\/pages\/10421\/revisions\/28878"}],"up":[{"embeddable":true,"href":"https:\/\/www.vallox.com\/sv\/wp-json\/wp\/v2\/pages\/15466"}],"wp:featuredmedia":[{"embeddable":true,"href":"https:\/\/www.vallox.com\/sv\/wp-json\/wp\/v2\/media\/19364"}],"wp:attachment":[{"href":"https:\/\/www.vallox.com\/sv\/wp-json\/wp\/v2\/media?parent=10421"}],"curies":[{"name":"wp","href":"https:\/\/api.w.org\/{rel}","templated":true}]}}