{"id":10394,"date":"2023-08-16T14:01:27","date_gmt":"2023-08-16T11:01:27","guid":{"rendered":"https:\/\/vallox.com\/?page_id=10394"},"modified":"2023-11-29T11:03:33","modified_gmt":"2023-11-29T09:03:33","slug":"kontaktbegaran","status":"publish","type":"page","link":"https:\/\/www.vallox.com\/sv\/pro\/kontakta-oss\/kontaktbegaran\/","title":{"rendered":"Kontaktbeg\u00e4ran"},"content":{"rendered":"    <div id=\"Section\" class=\"Block Section overflow-hidden w-full\">\n        <div class=\"Section-content relative max-w-[1088px] mx-auto w-full\">\n            \n\n<lime-form form-id=\"ozHwqJR5RyEwAjhCAlG6\"><\/lime-form>\n\n\n    <\/div>\n<\/div>\n","protected":false},"excerpt":{"rendered":"","protected":false},"author":1,"featured_media":19344,"parent":13440,"menu_order":0,"comment_status":"closed","ping_status":"closed","template":"","meta":{"_acf_changed":false,"footnotes":""},"class_list":["post-10394","page","type-page","status-publish","has-post-thumbnail","hentry"],"acf":[],"yoast_head":"<!-- This site is optimized with the Yoast SEO plugin v26.9 - https:\/\/yoast.com\/product\/yoast-seo-wordpress\/ -->\n<title>Kontaktbeg\u00e4ran - Vallox<\/title>\n<meta name=\"description\" content=\"Beh\u00f6ver du hj\u00e4lp med att v\u00e4lja en ny produkt, st\u00f6d f\u00f6r f\u00f6rs\u00e4ljningen av produkter och reservdelar, handledning i anv\u00e4ndningen av v\u00e5ra produkter eller tekniskt st\u00f6d?\" \/>\n<meta name=\"robots\" content=\"index, follow, max-snippet:-1, max-image-preview:large, max-video-preview:-1\" \/>\n<link rel=\"canonical\" href=\"https:\/\/www.vallox.com\/sv\/pro\/kontakta-oss\/kontaktbegaran\/\" \/>\n<meta property=\"og:locale\" content=\"sv_SE\" \/>\n<meta property=\"og:type\" content=\"article\" \/>\n<meta property=\"og:title\" content=\"Kontaktbeg\u00e4ran - Vallox\" \/>\n<meta property=\"og:description\" content=\"Beh\u00f6ver du hj\u00e4lp med att v\u00e4lja en ny produkt, st\u00f6d f\u00f6r f\u00f6rs\u00e4ljningen av produkter och reservdelar, handledning i anv\u00e4ndningen av v\u00e5ra produkter eller tekniskt st\u00f6d?\" \/>\n<meta property=\"og:url\" content=\"https:\/\/www.vallox.com\/sv\/pro\/kontakta-oss\/kontaktbegaran\/\" \/>\n<meta property=\"og:site_name\" content=\"Vallox\" \/>\n<meta property=\"article:modified_time\" content=\"2023-11-29T09:03:33+00:00\" \/>\n<meta property=\"og:image\" content=\"https:\/\/www.vallox.com\/app\/uploads\/2023\/11\/ukkFeatured_720x480px.png\" \/>\n\t<meta property=\"og:image:width\" content=\"720\" \/>\n\t<meta property=\"og:image:height\" content=\"480\" \/>\n\t<meta property=\"og:image:type\" content=\"image\/png\" \/>\n<meta name=\"twitter:card\" content=\"summary_large_image\" \/>\n<script type=\"application\/ld+json\" class=\"yoast-schema-graph\">{\"@context\":\"https:\/\/schema.org\",\"@graph\":[{\"@type\":\"WebPage\",\"@id\":\"https:\/\/www.vallox.com\/sv\/pro\/kontakta-oss\/kontaktbegaran\/\",\"url\":\"https:\/\/www.vallox.com\/sv\/pro\/kontakta-oss\/kontaktbegaran\/\",\"name\":\"Kontaktbeg\u00e4ran - Vallox\",\"isPartOf\":{\"@id\":\"https:\/\/www.vallox.com\/sv\/#website\"},\"primaryImageOfPage\":{\"@id\":\"https:\/\/www.vallox.com\/sv\/pro\/kontakta-oss\/kontaktbegaran\/#primaryimage\"},\"image\":{\"@id\":\"https:\/\/www.vallox.com\/sv\/pro\/kontakta-oss\/kontaktbegaran\/#primaryimage\"},\"thumbnailUrl\":\"https:\/\/www.vallox.com\/app\/uploads\/2023\/11\/ukkFeatured_720x480px.png\",\"datePublished\":\"2023-08-16T11:01:27+00:00\",\"dateModified\":\"2023-11-29T09:03:33+00:00\",\"description\":\"Beh\u00f6ver du hj\u00e4lp med att v\u00e4lja en ny produkt, st\u00f6d f\u00f6r f\u00f6rs\u00e4ljningen av produkter och reservdelar, handledning i anv\u00e4ndningen av v\u00e5ra produkter eller tekniskt st\u00f6d?\",\"breadcrumb\":{\"@id\":\"https:\/\/www.vallox.com\/sv\/pro\/kontakta-oss\/kontaktbegaran\/#breadcrumb\"},\"inLanguage\":\"sv-SE\",\"potentialAction\":[{\"@type\":\"ReadAction\",\"target\":[\"https:\/\/www.vallox.com\/sv\/pro\/kontakta-oss\/kontaktbegaran\/\"]}]},{\"@type\":\"ImageObject\",\"inLanguage\":\"sv-SE\",\"@id\":\"https:\/\/www.vallox.com\/sv\/pro\/kontakta-oss\/kontaktbegaran\/#primaryimage\",\"url\":\"https:\/\/www.vallox.com\/app\/uploads\/2023\/11\/ukkFeatured_720x480px.png\",\"contentUrl\":\"https:\/\/www.vallox.com\/app\/uploads\/2023\/11\/ukkFeatured_720x480px.png\",\"width\":720,\"height\":480,\"caption\":\"asiantuntija neuvoo asiakasta\"},{\"@type\":\"BreadcrumbList\",\"@id\":\"https:\/\/www.vallox.com\/sv\/pro\/kontakta-oss\/kontaktbegaran\/#breadcrumb\",\"itemListElement\":[{\"@type\":\"ListItem\",\"position\":1,\"name\":\"Home\",\"item\":\"https:\/\/www.vallox.com\/sv\/\"},{\"@type\":\"ListItem\",\"position\":2,\"name\":\"Pro\",\"item\":\"https:\/\/www.vallox.com\/sv\/pro\/\"},{\"@type\":\"ListItem\",\"position\":3,\"name\":\"Kontakta oss\",\"item\":\"https:\/\/www.vallox.com\/sv\/pro\/kontakta-oss\/\"},{\"@type\":\"ListItem\",\"position\":4,\"name\":\"Kontaktbeg\u00e4ran\"}]},{\"@type\":\"WebSite\",\"@id\":\"https:\/\/www.vallox.com\/sv\/#website\",\"url\":\"https:\/\/www.vallox.com\/sv\/\",\"name\":\"Vallox\",\"description\":\"\",\"potentialAction\":[{\"@type\":\"SearchAction\",\"target\":{\"@type\":\"EntryPoint\",\"urlTemplate\":\"https:\/\/www.vallox.com\/sv\/?s={search_term_string}\"},\"query-input\":{\"@type\":\"PropertyValueSpecification\",\"valueRequired\":true,\"valueName\":\"search_term_string\"}}],\"inLanguage\":\"sv-SE\"}]}<\/script>\n<!-- \/ Yoast SEO plugin. -->","yoast_head_json":{"title":"Kontaktbeg\u00e4ran - Vallox","description":"Beh\u00f6ver du hj\u00e4lp med att v\u00e4lja en ny produkt, st\u00f6d f\u00f6r f\u00f6rs\u00e4ljningen av produkter och reservdelar, handledning i anv\u00e4ndningen av v\u00e5ra produkter eller tekniskt st\u00f6d?","robots":{"index":"index","follow":"follow","max-snippet":"max-snippet:-1","max-image-preview":"max-image-preview:large","max-video-preview":"max-video-preview:-1"},"canonical":"https:\/\/www.vallox.com\/sv\/pro\/kontakta-oss\/kontaktbegaran\/","og_locale":"sv_SE","og_type":"article","og_title":"Kontaktbeg\u00e4ran - Vallox","og_description":"Beh\u00f6ver du hj\u00e4lp med att v\u00e4lja en ny produkt, st\u00f6d f\u00f6r f\u00f6rs\u00e4ljningen av produkter och reservdelar, handledning i anv\u00e4ndningen av v\u00e5ra produkter eller tekniskt st\u00f6d?","og_url":"https:\/\/www.vallox.com\/sv\/pro\/kontakta-oss\/kontaktbegaran\/","og_site_name":"Vallox","article_modified_time":"2023-11-29T09:03:33+00:00","og_image":[{"width":720,"height":480,"url":"https:\/\/www.vallox.com\/app\/uploads\/2023\/11\/ukkFeatured_720x480px.png","type":"image\/png"}],"twitter_card":"summary_large_image","schema":{"@context":"https:\/\/schema.org","@graph":[{"@type":"WebPage","@id":"https:\/\/www.vallox.com\/sv\/pro\/kontakta-oss\/kontaktbegaran\/","url":"https:\/\/www.vallox.com\/sv\/pro\/kontakta-oss\/kontaktbegaran\/","name":"Kontaktbeg\u00e4ran - Vallox","isPartOf":{"@id":"https:\/\/www.vallox.com\/sv\/#website"},"primaryImageOfPage":{"@id":"https:\/\/www.vallox.com\/sv\/pro\/kontakta-oss\/kontaktbegaran\/#primaryimage"},"image":{"@id":"https:\/\/www.vallox.com\/sv\/pro\/kontakta-oss\/kontaktbegaran\/#primaryimage"},"thumbnailUrl":"https:\/\/www.vallox.com\/app\/uploads\/2023\/11\/ukkFeatured_720x480px.png","datePublished":"2023-08-16T11:01:27+00:00","dateModified":"2023-11-29T09:03:33+00:00","description":"Beh\u00f6ver du hj\u00e4lp med att v\u00e4lja en ny produkt, st\u00f6d f\u00f6r f\u00f6rs\u00e4ljningen av produkter och reservdelar, handledning i anv\u00e4ndningen av v\u00e5ra produkter eller tekniskt st\u00f6d?","breadcrumb":{"@id":"https:\/\/www.vallox.com\/sv\/pro\/kontakta-oss\/kontaktbegaran\/#breadcrumb"},"inLanguage":"sv-SE","potentialAction":[{"@type":"ReadAction","target":["https:\/\/www.vallox.com\/sv\/pro\/kontakta-oss\/kontaktbegaran\/"]}]},{"@type":"ImageObject","inLanguage":"sv-SE","@id":"https:\/\/www.vallox.com\/sv\/pro\/kontakta-oss\/kontaktbegaran\/#primaryimage","url":"https:\/\/www.vallox.com\/app\/uploads\/2023\/11\/ukkFeatured_720x480px.png","contentUrl":"https:\/\/www.vallox.com\/app\/uploads\/2023\/11\/ukkFeatured_720x480px.png","width":720,"height":480,"caption":"asiantuntija neuvoo asiakasta"},{"@type":"BreadcrumbList","@id":"https:\/\/www.vallox.com\/sv\/pro\/kontakta-oss\/kontaktbegaran\/#breadcrumb","itemListElement":[{"@type":"ListItem","position":1,"name":"Home","item":"https:\/\/www.vallox.com\/sv\/"},{"@type":"ListItem","position":2,"name":"Pro","item":"https:\/\/www.vallox.com\/sv\/pro\/"},{"@type":"ListItem","position":3,"name":"Kontakta oss","item":"https:\/\/www.vallox.com\/sv\/pro\/kontakta-oss\/"},{"@type":"ListItem","position":4,"name":"Kontaktbeg\u00e4ran"}]},{"@type":"WebSite","@id":"https:\/\/www.vallox.com\/sv\/#website","url":"https:\/\/www.vallox.com\/sv\/","name":"Vallox","description":"","potentialAction":[{"@type":"SearchAction","target":{"@type":"EntryPoint","urlTemplate":"https:\/\/www.vallox.com\/sv\/?s={search_term_string}"},"query-input":{"@type":"PropertyValueSpecification","valueRequired":true,"valueName":"search_term_string"}}],"inLanguage":"sv-SE"}]}},"_links":{"self":[{"href":"https:\/\/www.vallox.com\/sv\/wp-json\/wp\/v2\/pages\/10394","targetHints":{"allow":["GET"]}}],"collection":[{"href":"https:\/\/www.vallox.com\/sv\/wp-json\/wp\/v2\/pages"}],"about":[{"href":"https:\/\/www.vallox.com\/sv\/wp-json\/wp\/v2\/types\/page"}],"author":[{"embeddable":true,"href":"https:\/\/www.vallox.com\/sv\/wp-json\/wp\/v2\/users\/1"}],"replies":[{"embeddable":true,"href":"https:\/\/www.vallox.com\/sv\/wp-json\/wp\/v2\/comments?post=10394"}],"version-history":[{"count":1,"href":"https:\/\/www.vallox.com\/sv\/wp-json\/wp\/v2\/pages\/10394\/revisions"}],"predecessor-version":[{"id":10398,"href":"https:\/\/www.vallox.com\/sv\/wp-json\/wp\/v2\/pages\/10394\/revisions\/10398"}],"up":[{"embeddable":true,"href":"https:\/\/www.vallox.com\/sv\/wp-json\/wp\/v2\/pages\/13440"}],"wp:featuredmedia":[{"embeddable":true,"href":"https:\/\/www.vallox.com\/sv\/wp-json\/wp\/v2\/media\/19344"}],"wp:attachment":[{"href":"https:\/\/www.vallox.com\/sv\/wp-json\/wp\/v2\/media?parent=10394"}],"curies":[{"name":"wp","href":"https:\/\/api.w.org\/{rel}","templated":true}]}}