{"id":9331,"date":"2023-06-26T09:58:52","date_gmt":"2023-06-26T06:58:52","guid":{"rendered":"https:\/\/vallox.com\/tietoa-valloxista\/vallox-tyonantajana\/"},"modified":"2026-03-12T08:49:04","modified_gmt":"2026-03-12T06:49:04","slug":"working-at-vallox","status":"publish","type":"page","link":"https:\/\/www.vallox.com\/en\/vallox-info-eng\/working-at-vallox\/","title":{"rendered":"Working at Vallox"},"content":{"rendered":"<section class=\"mb-8 w-full FiftyFiftyVisualWrapper\"  >\n    <div>\n        <div class=\"FiftyFiftyVisual relative flex w-full justify-between flex-col xl:flex-row-reverse\">\n            <div class=\"h-min\n                w-full xl:w-5\/12 3xl:w-7\/12\n                pt-4 sm:pt-8 md:pt-12 lg:pt-20  3xl:pt-20\n                px-0\n                pl-8\n            \">\n                <div class=\"bgElement calc(100vw \/ 2 * ((100vw - 1860px) * 0.1))\n                    absolute z-0 reversewrap\n                    bgElement-left\n                    \n                    right-0 left-0 xl:left-[50%] 3xl:left-[calc((40vw+((100vw-1860px)*0.07)))] 3xl:min-w-[1200px] xl:rounded-tl-xl\n                    top-0\n                    bottom-24 xl:bottom-0\n                                        bg-[rgba(165,185,196,0.3)]\"\n                ><\/div>\n                                    <h2 class=\"Title Title-right relative z-10\n                        flex flex-col justify-start\n                        text-black\n                        text-2xl lg:text-3xl 2xl:text-4xl\n                        leading-7 lg:leading-8\n                        font-bold\n                        mb-4\n                        \n                        xl:pl-8\">\n                        What do we do?\n                    <\/h2>\n                                                    <div class=\"Content Content-right flex flex-col justify-center relative z-10\n                        \n                        xl:pl-8\">\n                                                    <span class=\"Text text-black xl:text-custom-gray-dark pb-2\">\n                                <p>Vallox is a well-known Finnish company with over 50 years of experience in the manufacture of ventilation systems. Quietly and unnoticed, Vallox takes care of ventilation in the building, keeping the indoor air fresh and clean to breathe.<\/p>\n<p>We design and manufacture products of a high technological and operational quality. Our products are safe to use and their environmental load is optimised. We listen to our customers and employees carefully to make sure that our products always meet the users\u2019 expectations and requirements.<\/p>\n<p>We ensure that the environmental impacts of our operations and products are under control throughout their life cycle.<\/p>\n\n                            <\/span>\n                                                                    <\/div>\n                            <\/div>\n\n                            <div class=\"ImgWrap ImgWrap-left mt-8 xl:mt-20\n                    w-full xl:w-7\/12 xl:max-w-[950px]\n                    z-10 bottom-0 rounded-tl-[5rem] rounded-br-[5rem] overflow-hidden left-0 aspect-video\n                    xl:justify-start\n                    -ml-8 md:-ml-16 lg:-ml-20 xl:ml-0\n                \">\n                    <img decoding=\"async\"\n                    loading=\"lazy\"\n                    class=\"object-cover aspect-video w-full h-full\"\n                                            srcset=\"\n                            https:\/\/www.vallox.com\/app\/uploads\/2026\/03\/TekninenTuki_1452x992px-150x150.webp 150w,\n                            https:\/\/www.vallox.com\/app\/uploads\/2026\/03\/TekninenTuki_1452x992px-300x205.webp 300w,\n                            https:\/\/www.vallox.com\/app\/uploads\/2026\/03\/TekninenTuki_1452x992px-768x525.webp 768w,\n                            https:\/\/www.vallox.com\/app\/uploads\/2026\/03\/TekninenTuki_1452x992px-1024x700.webp 1024w,\n                            https:\/\/www.vallox.com\/app\/uploads\/2026\/03\/TekninenTuki_1452x992px.webp 1452w,\n                        \"\n                                        src=\"https:\/\/www.vallox.com\/app\/uploads\/2026\/03\/TekninenTuki_1452x992px-768x525.webp\"\n                    alt=\"tekninen tuki tutkimassa asiakkaan viesti\u00e4.\"\n                    \/>\n                <\/div>\n                    <\/div>\n    <\/div>\n<\/section>\n\n\n    <div id=\"Section\" class=\"Block Section overflow-hidden w-full\">\n        <div class=\"Section-content relative max-w-[1088px] mx-auto w-full\">\n            \n\n<h2 class=\"wp-block-heading\">Who are we?<\/h2>\n\n\n\n<p>Vallox has approximately 135 employees. About two thirds of us work in production, manufacturing high-quality first-class products at the right time and the adequate volume. In addition, Vallox needs professionals for many other jobs, such as product development, procurement, domestic sales and export, marketing, customer service and technical support as well as information management, financial management and HR.<\/p>\n\n\n\n<p>These are our values: Appreciation and respect; Reliable partner; Quality of operations and products; and Continuous development.<\/p>\n\n\n\n<p>We ensure the safety and comfort of the workplace by being aware of risks and managing them. High-quality occupational healthcare, also covering costs of specialised care, promotes the wellbeing of the personnel. The employer provides support for the employees\u2019 cultural and sports activities and the use of wellbeing services to help everyone feel more energetic.<\/p>\n\n\n\n<p>Vallox invests in the personnel\u2019s opportunities to continuously develop their skills and competence. A positive and open atmosphere at the workplace makes daily work easier.<\/p>\n\n\n\n<p><\/p>\n\n\n\n<h2 class=\"wp-block-heading\">Where do we work?<\/h2>\n\n\n\n<p>Our production facilities and offices are located in Loimaa in Southwestern Finland. This is where most of our employees work. However, our regional managers around Finland ensure that Vallox is represented in all parts of the country.<\/p>\n\n\n\n<p>We have modern premises with the focus on Lean thinking in manufacturing.<\/p>\n\n\n\n<p>Company language is Finnish.<\/p>\n\n\n\n<div style=\"height:44px\" aria-hidden=\"true\" class=\"wp-block-spacer\"><\/div>\n\n\n\n    <div  class=\"Video w-full h-auto mx-auto \" style=\"\">\n        \n                            <iframe class=\"w-full h-auto aspect-video\" src=\"https:\/\/www.youtube-nocookie.com\/embed\/SRnjyDc-UnU\" title=\"YouTube video player\" frameborder=\"0\" allow=\"accelerometer; autoplay; clipboard-write; encrypted-media; gyroscope; picture-in-picture; web-share\" allowfullscreen><\/iframe>\n            \n            <\/div>\n\n\n    <\/div>\n<\/div>\n\n\n\n<div style=\"height:40px\" aria-hidden=\"true\" class=\"wp-block-spacer\"><\/div>\n\n\n<section class=\"mb-8 w-full FiftyFiftyVisualWrapper\"  >\n    <div>\n        <div class=\"FiftyFiftyVisual relative flex w-full justify-between flex-col xl:flex-row-reverse\">\n            <div class=\"h-min\n                w-full xl:w-5\/12 3xl:w-7\/12\n                pt-4 sm:pt-8 md:pt-12 lg:pt-20  3xl:pt-20\n                px-0\n                pl-8\n            \">\n                <div class=\"bgElement calc(100vw \/ 2 * ((100vw - 1860px) * 0.1))\n                    absolute z-0 reversewrap\n                    bgElement-left\n                    \n                    right-0 left-0 xl:left-[50%] 3xl:left-[calc((40vw+((100vw-1860px)*0.07)))] 3xl:min-w-[1200px] xl:rounded-tl-xl\n                    top-0\n                    bottom-24 xl:bottom-0\n                                        bg-[rgba(165,185,196,0.3)]\"\n                ><\/div>\n                                    <h2 class=\"Title Title-right relative z-10\n                        flex flex-col justify-start\n                        text-black\n                        text-2xl lg:text-3xl 2xl:text-4xl\n                        leading-7 lg:leading-8\n                        font-bold\n                        mb-4\n                        \n                        xl:pl-8\">\n                        A wide variety of career opportunities\n                    <\/h2>\n                                                    <div class=\"Content Content-right flex flex-col justify-center relative z-10\n                        \n                        xl:pl-8\">\n                                                    <span class=\"Text text-black xl:text-custom-gray-dark pb-2\">\n                                <p>Vallox offers a wide range of jobs: in the factory, you may work in ventilation unit assembly or other manufacturing jobs, while the office jobs include product development and design, customer service, administration, etc.<\/p>\n<p><!-- wp:paragraph --><\/p>\n\n                            <\/span>\n                                                                        <div class=\"flex relative z-10\">\n                            \n\n\n\n    <a\n        href=\"https:\/\/vallox.com\/en\/vallox-info-eng\/working-at-vallox\/jobs\/\"\n        alt=\"\"\n        target=\"\"\n        class=\"\n            cursor-pointer\n            \n            \n            inline-flex\n            border-black\n            border-2\n            hover:border-primary\n            hover:text-primary\n            group\n            hover:bg-custom-gray-blueish-light\n            font-semibold\n            px-4\n            py-2\n            rounded-full\n            self-baseline\n        \"\n    >\n        Apply for a job with us!\n        <span class=\"ml-2 w-3 h-auto fill-black group-hover:fill-primary flex justify-center items-center\"><svg clip-rule=\"evenodd\" fill-rule=\"evenodd\" stroke-linejoin=\"round\" stroke-miterlimit=\"2\" viewBox=\"0 0 24 24\" width=\"100%\" xmlns=\"http:\/\/www.w3.org\/2000\/svg\"><path d=\"m13.022 14.999v3.251c0 .412.335.75.752.75.188 0 .375-.071.518-.206 1.775-1.685 4.945-4.692 6.396-6.069.2-.189.312-.452.312-.725 0-.274-.112-.536-.312-.725-1.451-1.377-4.621-4.385-6.396-6.068-.143-.136-.33-.207-.518-.207-.417 0-.752.337-.752.75v3.251h-9.02c-.531 0-1.002.47-1.002 1v3.998c0 .53.471 1 1.002 1z\" fill-rule=\"nonzero\"\/><\/svg><\/span>\n    <\/a>\n                        <\/div>\n                                            <\/div>\n                            <\/div>\n\n                            <div class=\"ImgWrap ImgWrap-left mt-8 xl:mt-20\n                    w-full xl:w-7\/12 xl:max-w-[950px]\n                    z-10 bottom-0 rounded-tl-[5rem] rounded-br-[5rem] overflow-hidden left-0 aspect-video\n                    xl:justify-start\n                    -ml-8 md:-ml-16 lg:-ml-20 xl:ml-0\n                \">\n                    <img decoding=\"async\"\n                    loading=\"lazy\"\n                    class=\"object-cover aspect-video w-full h-full\"\n                                            srcset=\"\n                            https:\/\/www.vallox.com\/app\/uploads\/2026\/03\/Vallox_tehdas7_small-150x150.webp 150w,\n                            https:\/\/www.vallox.com\/app\/uploads\/2026\/03\/Vallox_tehdas7_small-300x206.webp 300w,\n                            https:\/\/www.vallox.com\/app\/uploads\/2026\/03\/Vallox_tehdas7_small-768x528.webp 768w,\n                            https:\/\/www.vallox.com\/app\/uploads\/2026\/03\/Vallox_tehdas7_small-1024x703.webp 1024w,\n                            https:\/\/www.vallox.com\/app\/uploads\/2026\/03\/Vallox_tehdas7_small.webp 1920w,\n                        \"\n                                        src=\"https:\/\/www.vallox.com\/app\/uploads\/2026\/03\/Vallox_tehdas7_small-768x528.webp\"\n                    alt=\"\"\n                    \/>\n                <\/div>\n                    <\/div>\n    <\/div>\n<\/section>\n\n\n\n<p><\/p>\n","protected":false},"excerpt":{"rendered":"","protected":false},"author":4,"featured_media":19390,"parent":3910,"menu_order":40,"comment_status":"closed","ping_status":"closed","template":"","meta":{"_acf_changed":false,"footnotes":""},"class_list":["post-9331","page","type-page","status-publish","has-post-thumbnail","hentry"],"acf":[],"yoast_head":"<!-- This site is optimized with the Yoast SEO plugin v26.9 - https:\/\/yoast.com\/product\/yoast-seo-wordpress\/ -->\n<title>Working at Vallox - Vallox<\/title>\n<meta name=\"description\" content=\"Vallox designs and manufactures ventilation products in Loimaa, Finland. We offer a wide variety of career opportunities.\" \/>\n<meta name=\"robots\" content=\"index, follow, max-snippet:-1, max-image-preview:large, max-video-preview:-1\" \/>\n<link rel=\"canonical\" href=\"https:\/\/www.vallox.com\/en\/vallox-info-eng\/working-at-vallox\/\" \/>\n<meta property=\"og:locale\" content=\"en_US\" \/>\n<meta property=\"og:type\" content=\"article\" \/>\n<meta property=\"og:title\" content=\"Working at Vallox - Vallox\" \/>\n<meta property=\"og:description\" content=\"Vallox designs and manufactures ventilation products in Loimaa, Finland. We offer a wide variety of career opportunities.\" \/>\n<meta property=\"og:url\" content=\"https:\/\/www.vallox.com\/en\/vallox-info-eng\/working-at-vallox\/\" \/>\n<meta property=\"og:site_name\" content=\"Vallox\" \/>\n<meta property=\"article:modified_time\" content=\"2026-03-12T06:49:04+00:00\" \/>\n<meta property=\"og:image\" content=\"https:\/\/www.vallox.com\/app\/uploads\/2023\/11\/MillaJaMaalaamoFeatured_720x480px.png\" \/>\n\t<meta property=\"og:image:width\" content=\"720\" \/>\n\t<meta property=\"og:image:height\" content=\"480\" \/>\n\t<meta property=\"og:image:type\" content=\"image\/png\" \/>\n<meta name=\"twitter:card\" content=\"summary_large_image\" \/>\n<meta name=\"twitter:label1\" content=\"Est. reading time\" \/>\n\t<meta name=\"twitter:data1\" content=\"5 minutes\" \/>\n<script type=\"application\/ld+json\" class=\"yoast-schema-graph\">{\"@context\":\"https:\/\/schema.org\",\"@graph\":[{\"@type\":\"WebPage\",\"@id\":\"https:\/\/www.vallox.com\/en\/vallox-info-eng\/working-at-vallox\/\",\"url\":\"https:\/\/www.vallox.com\/en\/vallox-info-eng\/working-at-vallox\/\",\"name\":\"Working at Vallox - Vallox\",\"isPartOf\":{\"@id\":\"https:\/\/www.vallox.com\/en\/#website\"},\"primaryImageOfPage\":{\"@id\":\"https:\/\/www.vallox.com\/en\/vallox-info-eng\/working-at-vallox\/#primaryimage\"},\"image\":{\"@id\":\"https:\/\/www.vallox.com\/en\/vallox-info-eng\/working-at-vallox\/#primaryimage\"},\"thumbnailUrl\":\"https:\/\/www.vallox.com\/app\/uploads\/2023\/11\/MillaJaMaalaamoFeatured_720x480px.png\",\"datePublished\":\"2023-06-26T06:58:52+00:00\",\"dateModified\":\"2026-03-12T06:49:04+00:00\",\"description\":\"Vallox designs and manufactures ventilation products in Loimaa, Finland. We offer a wide variety of career opportunities.\",\"breadcrumb\":{\"@id\":\"https:\/\/www.vallox.com\/en\/vallox-info-eng\/working-at-vallox\/#breadcrumb\"},\"inLanguage\":\"en-US\",\"potentialAction\":[{\"@type\":\"ReadAction\",\"target\":[\"https:\/\/www.vallox.com\/en\/vallox-info-eng\/working-at-vallox\/\"]}]},{\"@type\":\"ImageObject\",\"inLanguage\":\"en-US\",\"@id\":\"https:\/\/www.vallox.com\/en\/vallox-info-eng\/working-at-vallox\/#primaryimage\",\"url\":\"https:\/\/www.vallox.com\/app\/uploads\/2023\/11\/MillaJaMaalaamoFeatured_720x480px.png\",\"contentUrl\":\"https:\/\/www.vallox.com\/app\/uploads\/2023\/11\/MillaJaMaalaamoFeatured_720x480px.png\",\"width\":720,\"height\":480,\"caption\":\"Valloxin maalaamon ty\u00f6ntekij\u00e4 Milla ty\u00f6ss\u00e4\u00e4n\"},{\"@type\":\"BreadcrumbList\",\"@id\":\"https:\/\/www.vallox.com\/en\/vallox-info-eng\/working-at-vallox\/#breadcrumb\",\"itemListElement\":[{\"@type\":\"ListItem\",\"position\":1,\"name\":\"Home\",\"item\":\"https:\/\/www.vallox.com\/en\/\"},{\"@type\":\"ListItem\",\"position\":2,\"name\":\"Vallox info\",\"item\":\"https:\/\/www.vallox.com\/en\/vallox-info-eng\/\"},{\"@type\":\"ListItem\",\"position\":3,\"name\":\"Working at Vallox\"}]},{\"@type\":\"WebSite\",\"@id\":\"https:\/\/www.vallox.com\/en\/#website\",\"url\":\"https:\/\/www.vallox.com\/en\/\",\"name\":\"Vallox\",\"description\":\"\",\"potentialAction\":[{\"@type\":\"SearchAction\",\"target\":{\"@type\":\"EntryPoint\",\"urlTemplate\":\"https:\/\/www.vallox.com\/en\/?s={search_term_string}\"},\"query-input\":{\"@type\":\"PropertyValueSpecification\",\"valueRequired\":true,\"valueName\":\"search_term_string\"}}],\"inLanguage\":\"en-US\"}]}<\/script>\n<!-- \/ Yoast SEO plugin. -->","yoast_head_json":{"title":"Working at Vallox - Vallox","description":"Vallox designs and manufactures ventilation products in Loimaa, Finland. We offer a wide variety of career opportunities.","robots":{"index":"index","follow":"follow","max-snippet":"max-snippet:-1","max-image-preview":"max-image-preview:large","max-video-preview":"max-video-preview:-1"},"canonical":"https:\/\/www.vallox.com\/en\/vallox-info-eng\/working-at-vallox\/","og_locale":"en_US","og_type":"article","og_title":"Working at Vallox - Vallox","og_description":"Vallox designs and manufactures ventilation products in Loimaa, Finland. We offer a wide variety of career opportunities.","og_url":"https:\/\/www.vallox.com\/en\/vallox-info-eng\/working-at-vallox\/","og_site_name":"Vallox","article_modified_time":"2026-03-12T06:49:04+00:00","og_image":[{"width":720,"height":480,"url":"https:\/\/www.vallox.com\/app\/uploads\/2023\/11\/MillaJaMaalaamoFeatured_720x480px.png","type":"image\/png"}],"twitter_card":"summary_large_image","twitter_misc":{"Est. reading time":"5 minutes"},"schema":{"@context":"https:\/\/schema.org","@graph":[{"@type":"WebPage","@id":"https:\/\/www.vallox.com\/en\/vallox-info-eng\/working-at-vallox\/","url":"https:\/\/www.vallox.com\/en\/vallox-info-eng\/working-at-vallox\/","name":"Working at Vallox - Vallox","isPartOf":{"@id":"https:\/\/www.vallox.com\/en\/#website"},"primaryImageOfPage":{"@id":"https:\/\/www.vallox.com\/en\/vallox-info-eng\/working-at-vallox\/#primaryimage"},"image":{"@id":"https:\/\/www.vallox.com\/en\/vallox-info-eng\/working-at-vallox\/#primaryimage"},"thumbnailUrl":"https:\/\/www.vallox.com\/app\/uploads\/2023\/11\/MillaJaMaalaamoFeatured_720x480px.png","datePublished":"2023-06-26T06:58:52+00:00","dateModified":"2026-03-12T06:49:04+00:00","description":"Vallox designs and manufactures ventilation products in Loimaa, Finland. We offer a wide variety of career opportunities.","breadcrumb":{"@id":"https:\/\/www.vallox.com\/en\/vallox-info-eng\/working-at-vallox\/#breadcrumb"},"inLanguage":"en-US","potentialAction":[{"@type":"ReadAction","target":["https:\/\/www.vallox.com\/en\/vallox-info-eng\/working-at-vallox\/"]}]},{"@type":"ImageObject","inLanguage":"en-US","@id":"https:\/\/www.vallox.com\/en\/vallox-info-eng\/working-at-vallox\/#primaryimage","url":"https:\/\/www.vallox.com\/app\/uploads\/2023\/11\/MillaJaMaalaamoFeatured_720x480px.png","contentUrl":"https:\/\/www.vallox.com\/app\/uploads\/2023\/11\/MillaJaMaalaamoFeatured_720x480px.png","width":720,"height":480,"caption":"Valloxin maalaamon ty\u00f6ntekij\u00e4 Milla ty\u00f6ss\u00e4\u00e4n"},{"@type":"BreadcrumbList","@id":"https:\/\/www.vallox.com\/en\/vallox-info-eng\/working-at-vallox\/#breadcrumb","itemListElement":[{"@type":"ListItem","position":1,"name":"Home","item":"https:\/\/www.vallox.com\/en\/"},{"@type":"ListItem","position":2,"name":"Vallox info","item":"https:\/\/www.vallox.com\/en\/vallox-info-eng\/"},{"@type":"ListItem","position":3,"name":"Working at Vallox"}]},{"@type":"WebSite","@id":"https:\/\/www.vallox.com\/en\/#website","url":"https:\/\/www.vallox.com\/en\/","name":"Vallox","description":"","potentialAction":[{"@type":"SearchAction","target":{"@type":"EntryPoint","urlTemplate":"https:\/\/www.vallox.com\/en\/?s={search_term_string}"},"query-input":{"@type":"PropertyValueSpecification","valueRequired":true,"valueName":"search_term_string"}}],"inLanguage":"en-US"}]}},"_links":{"self":[{"href":"https:\/\/www.vallox.com\/en\/wp-json\/wp\/v2\/pages\/9331","targetHints":{"allow":["GET"]}}],"collection":[{"href":"https:\/\/www.vallox.com\/en\/wp-json\/wp\/v2\/pages"}],"about":[{"href":"https:\/\/www.vallox.com\/en\/wp-json\/wp\/v2\/types\/page"}],"author":[{"embeddable":true,"href":"https:\/\/www.vallox.com\/en\/wp-json\/wp\/v2\/users\/4"}],"replies":[{"embeddable":true,"href":"https:\/\/www.vallox.com\/en\/wp-json\/wp\/v2\/comments?post=9331"}],"version-history":[{"count":14,"href":"https:\/\/www.vallox.com\/en\/wp-json\/wp\/v2\/pages\/9331\/revisions"}],"predecessor-version":[{"id":29211,"href":"https:\/\/www.vallox.com\/en\/wp-json\/wp\/v2\/pages\/9331\/revisions\/29211"}],"up":[{"embeddable":true,"href":"https:\/\/www.vallox.com\/en\/wp-json\/wp\/v2\/pages\/3910"}],"wp:featuredmedia":[{"embeddable":true,"href":"https:\/\/www.vallox.com\/en\/wp-json\/wp\/v2\/media\/19390"}],"wp:attachment":[{"href":"https:\/\/www.vallox.com\/en\/wp-json\/wp\/v2\/media?parent=9331"}],"curies":[{"name":"wp","href":"https:\/\/api.w.org\/{rel}","templated":true}]}}