{"id":9314,"date":"2023-07-14T10:12:47","date_gmt":"2023-07-14T07:12:47","guid":{"rendered":"https:\/\/vallox.com\/miksi-vallox-ratkaisut\/oma-tuotekehitys\/"},"modified":"2023-09-12T17:00:58","modified_gmt":"2023-09-12T14:00:58","slug":"customer-driven-product-development","status":"publish","type":"page","link":"https:\/\/www.vallox.com\/en\/why-choose-vallox-solutions\/customer-driven-product-development\/","title":{"rendered":"Customer-driven product development"},"content":{"rendered":"    <div id=\"\" class=\"Block Section overflow-hidden w-full\">\n        <div class=\"Section-content relative max-w-[1088px] mx-auto w-full\">\n            \n\n<p><\/p>\n\n\n\n<h2 class=\"wp-block-heading\">Product development at Vallox is based on a customer-driven approach<\/h2>\n\n\n\n<p>The design of Vallox ventilation units is particularly focused on energy-efficiency and a low noise level. An energy-efficient, unnoticeable ventilation system serves customers\u2019 needs and improves people\u2019s wellbeing \u2013 this is essentially important for us at Vallox. In our design and development work, we listen carefully to our customers\u2019 wishes to ensure that our products meet the needs of installers, retailers, designers and end users alike.<\/p>\n\n\n\n<div style=\"height:40px\" aria-hidden=\"true\" class=\"wp-block-spacer\"><\/div>\n\n\n<section class=\"bg-[rgba(165,185,196,0.3)]\" >\n    <div class=\"FiftyFifty\n\n        relative\n        flex\n        justify-between\n        flex-col-reverse lg:flex-row-reverse\n    \">\n        <div class=\"w-full lg:w-1\/2 p-4 sm:p-8 md:p-12 lg:p-28 xl:p-32 sm:!px-8\">\n                                        <div class=\"flex flex-col justify-center\">\n                                            <span class=\"Text text-custom-gray-dark pb-2\">\n                            <p><em>&#8220;We serve many different target groups. For example, easy installation is important for installers, while the end users of the ventilation units appreciate the ease of use. In product development, we aim to take into account the needs of all target groups.&#8221; <\/em><\/p>\n<p><em>&#8211; <\/em>Petri Koivunen, Product Design Manager<\/p>\n\n                        <\/span>\n                                                        <\/div>\n                    <\/div>\n\n                    <div class=\"\n                self-stretch justify-self-stretch\n                w-full lg:w-1\/2\n                relative flex justify-center\n                lg:justify-start\n             \">\n                <img decoding=\"async\"\n                loading=\"lazy\"\n                class=\"object-cover h-full w-full\"\n                                    srcset=\"\n                        https:\/\/www.vallox.com\/app\/uploads\/2023\/07\/PetriKoivunen_1452x992px-150x150.jpg 150w,\n                        https:\/\/www.vallox.com\/app\/uploads\/2023\/07\/PetriKoivunen_1452x992px-300x205.jpg 300w,\n                        https:\/\/www.vallox.com\/app\/uploads\/2023\/07\/PetriKoivunen_1452x992px-768x525.jpg 768w,\n                        https:\/\/www.vallox.com\/app\/uploads\/2023\/07\/PetriKoivunen_1452x992px-1024x700.jpg 1024w,\n                        https:\/\/www.vallox.com\/app\/uploads\/2023\/07\/PetriKoivunen_1452x992px.jpg 1452w,\n                    \"\n                                src=\"https:\/\/www.vallox.com\/app\/uploads\/2023\/07\/PetriKoivunen_1452x992px-768x525.jpg\"\n                alt=\"Petri Koivunen \u00e4\u00e4nilaboratoriossa\"\n                \/>\n            <\/div>\n            <\/div>\n<\/section>\n\n\n\n<div style=\"height:60px\" aria-hidden=\"true\" class=\"wp-block-spacer\"><\/div>\n\n\n\n<h2 class=\"wp-block-heading\">Energy-efficient ventilation solutions<\/h2>\n\n\n\n<p>Our effort to provide energy-efficient solutions manifests itself in areas such as the components used in the Vallox ventilation units and the properties of the components. MyVallox units have an excellent heat recovery capacity, and their annual efficiency is nearly 80 per cent. The other characteristics of the units are also designed with consideration to low energy consumption. For instance, the ventilation units have integrated carbon dioxide and humidity sensors that boost the ventilation according to the need. When the unit adjusts the ventilation efficiency automatically, air is always exchanged at a rate that is suitable for the circumstances. Excessive ventilation means excessive energy consumption.<\/p>\n\n\n\n<p><\/p>\n\n\n\n<h2 class=\"wp-block-heading\">Fresh indoor air, quietly and unnoticed<\/h2>\n\n\n\n<p>Product development at Vallox pays a great deal of attention to the sound level and subdued appearance of the units. A low, non-disturbing sound level is important, because the ventilation is always on. Therefore, during the development of new products, the acoustic properties of the units are tested in the acoustic laboratory. Continuous product development enables the development of increasingly quiet ventilation units.<\/p>\n\n\n\n<div style=\"height:30px\" aria-hidden=\"true\" class=\"wp-block-spacer\"><\/div>\n\n\n    <\/div>\n<\/div>\n\n\n<section class=\"mb-8 w-full FiftyFiftyVisualWrapper\"  >\n    <div>\n        <div class=\"FiftyFiftyVisual relative flex w-full justify-between flex-col xl:flex-row\">\n            <div class=\"h-min\n                w-full xl:w-5\/12 3xl:w-7\/12\n                pt-4 sm:pt-8 md:pt-12 lg:pt-20  3xl:pt-20\n                px-0\n                \n            \">\n                <div class=\"bgElement calc(100vw \/ 2 * ((100vw - 1860px) * 0.1))\n                    absolute z-0 reversewrap\n                    bgElement-right\n                    left-0 right-0 xl:right-[50%] 3xl:right-[calc((40vw-((100vw-1860px)*-0.03)))] 3xl:min-w-[1200px] xl:rounded-tr-xl\n                    \n                    top-0\n                    bottom-24 xl:bottom-0\n                                        bg-[rgba(165,185,196,0.3)]\"\n                ><\/div>\n                                    <h2 class=\"Title Title-left relative z-10\n                        flex flex-col justify-start\n                        text-black\n                        text-2xl lg:text-3xl 2xl:text-4xl\n                        leading-7 lg:leading-8\n                        font-bold\n                        mb-4\n                        xl:pr-8\n                        \">\n                        Tested Finnish cutting-edge technology\n                    <\/h2>\n                                                    <div class=\"Content Content-left flex flex-col justify-center relative z-10\n                        xl:pr-8\n                        \">\n                                                    <span class=\"Text text-black xl:text-custom-gray-dark pb-2\">\n                                <p>Finnish Vallox ventilation units are designed and manufactured in Loimaa, Finland, in Vallox\u2019s own factory, with over 50 years of experience. All of their advanced properties are carefully considered, and each unit is thoroughly tested during the manufacturing process. The Vallox ventilation units are a result of Finnish top-notch expertise.<\/p>\n\n                            <\/span>\n                                                                        <div class=\"flex relative z-10\">\n                            \n\n\n\n    <a\n        href=\"https:\/\/vallox.com\/en\/why-choose-vallox-solutions\/customer-driven-product-development\/laboratory-facilities-and-testing\/\"\n        alt=\"\"\n        target=\"\"\n        class=\"\n            cursor-pointer\n            \n            \n            inline-flex\n            border-black\n            border-2\n            hover:border-primary\n            hover:text-primary\n            group\n            hover:bg-custom-gray-blueish-light\n            font-semibold\n            px-4\n            py-2\n            rounded-full\n            self-baseline\n        \"\n    >\n        Read more about laboratory facilities and testing\n        <span class=\"ml-2 w-3 h-auto fill-black group-hover:fill-primary flex justify-center items-center\"><svg clip-rule=\"evenodd\" fill-rule=\"evenodd\" stroke-linejoin=\"round\" stroke-miterlimit=\"2\" viewBox=\"0 0 24 24\" width=\"100%\" xmlns=\"http:\/\/www.w3.org\/2000\/svg\"><path d=\"m13.022 14.999v3.251c0 .412.335.75.752.75.188 0 .375-.071.518-.206 1.775-1.685 4.945-4.692 6.396-6.069.2-.189.312-.452.312-.725 0-.274-.112-.536-.312-.725-1.451-1.377-4.621-4.385-6.396-6.068-.143-.136-.33-.207-.518-.207-.417 0-.752.337-.752.75v3.251h-9.02c-.531 0-1.002.47-1.002 1v3.998c0 .53.471 1 1.002 1z\" fill-rule=\"nonzero\"\/><\/svg><\/span>\n    <\/a>\n                        <\/div>\n                                            <\/div>\n                            <\/div>\n\n                            <div class=\"ImgWrap ImgWrap-right mt-8 xl:mt-20\n                    w-full xl:w-7\/12 xl:max-w-[950px]\n                    z-10 bottom-0 rounded-tl-[5rem] rounded-br-[5rem] overflow-hidden right-0 aspect-video\n                    xl:justify-end\n                    ml-auto sm:-mr-2 md:-mr-12 lg:-mr-[4.5rem] xl:mr-0\n                \">\n                    <img decoding=\"async\"\n                    loading=\"lazy\"\n                    class=\"object-cover aspect-video w-full h-full\"\n                                            srcset=\"\n                            https:\/\/www.vallox.com\/app\/uploads\/2023\/07\/testaus_vaipantiiveysmittaus_1694x953px-150x150.jpg 150w,\n                            https:\/\/www.vallox.com\/app\/uploads\/2023\/07\/testaus_vaipantiiveysmittaus_1694x953px-300x169.jpg 300w,\n                            https:\/\/www.vallox.com\/app\/uploads\/2023\/07\/testaus_vaipantiiveysmittaus_1694x953px-768x432.jpg 768w,\n                            https:\/\/www.vallox.com\/app\/uploads\/2023\/07\/testaus_vaipantiiveysmittaus_1694x953px-1024x576.jpg 1024w,\n                            https:\/\/www.vallox.com\/app\/uploads\/2023\/07\/testaus_vaipantiiveysmittaus_1694x953px.jpg 1694w,\n                        \"\n                                        src=\"https:\/\/www.vallox.com\/app\/uploads\/2023\/07\/testaus_vaipantiiveysmittaus_1694x953px-768x432.jpg\"\n                    alt=\"Vallox-ilmanvaihtokone vaipan tiiveysmittauksessa\"\n                    \/>\n                <\/div>\n                    <\/div>\n    <\/div>\n<\/section>\n\n\n    <div id=\"\" class=\"Block Section overflow-hidden w-full\">\n        <div class=\"Section-content relative max-w-[1088px] mx-auto w-full\">\n            \n\n<div style=\"height:30px\" aria-hidden=\"true\" class=\"wp-block-spacer\"><\/div>\n\n\n\n<h2 class=\"wp-block-heading\">We respond to customers\u2019 needs<\/h2>\n\n\n\n<p>Vallox also co-operates with representatives of the building sector, developing products to meet their needs. For instance, the builder of a high-rise building wanted an apartment-specific ventilation system that minimises the adverse effects of wind in a high-rise building. Developed on the basis of customer needs, Vallox\u2019s product development team introduced the new advanced Vallox 99 MV CF ventilation unit, equipped with constant flow fans to minimise the effects of pressure differences.<\/p>\n\n\n\n<div style=\"height:40px\" aria-hidden=\"true\" class=\"wp-block-spacer\"><\/div>\n\n\n<section class=\"bg-[rgba(165,185,196,0.3)]\" >\n    <div class=\"FiftyFifty\n\n        relative\n        flex\n        justify-between\n        flex-col-reverse lg:flex-row\n    \">\n        <div class=\"w-full lg:w-1\/2 p-4 sm:p-8 md:p-12 lg:p-28 xl:p-32 sm:!px-8\">\n                                        <div class=\"flex flex-col justify-center\">\n                                            <span class=\"Text text-custom-gray-dark pb-2\">\n                            <p><em>&#8220;Vallox 99 MV CF is a good example of a product that was developed in co-operation with the customer. They had certain needs, and we responded to them. Co-operation with the customer is important to ensure that the product fulfils their wishes.&#8221; <\/em><\/p>\n<p>&#8211; Petri Koivunen, Product Design Manager<\/p>\n\n                        <\/span>\n                                                        <\/div>\n                    <\/div>\n\n                    <div class=\"\n                self-stretch justify-self-stretch\n                w-full lg:w-1\/2\n                relative flex justify-center\n                lg:justify-end\n             \">\n                <img decoding=\"async\"\n                loading=\"lazy\"\n                class=\"object-cover h-full w-full\"\n                                    srcset=\"\n                        https:\/\/www.vallox.com\/app\/uploads\/2023\/07\/tornitalovisio_1452x992px-150x150.jpg 150w,\n                        https:\/\/www.vallox.com\/app\/uploads\/2023\/07\/tornitalovisio_1452x992px-300x205.jpg 300w,\n                        https:\/\/www.vallox.com\/app\/uploads\/2023\/07\/tornitalovisio_1452x992px-768x525.jpg 768w,\n                        https:\/\/www.vallox.com\/app\/uploads\/2023\/07\/tornitalovisio_1452x992px-1024x700.jpg 1024w,\n                        https:\/\/www.vallox.com\/app\/uploads\/2023\/07\/tornitalovisio_1452x992px.jpg 1452w,\n                    \"\n                                src=\"https:\/\/www.vallox.com\/app\/uploads\/2023\/07\/tornitalovisio_1452x992px-768x525.jpg\"\n                alt=\"Kalasataman Visio -tornitalo\"\n                \/>\n            <\/div>\n            <\/div>\n<\/section>\n\n\n    <\/div>\n<\/div>\n","protected":false},"excerpt":{"rendered":"","protected":false},"author":5,"featured_media":19320,"parent":9295,"menu_order":0,"comment_status":"closed","ping_status":"closed","template":"","meta":{"_acf_changed":false,"footnotes":""},"class_list":["post-9314","page","type-page","status-publish","has-post-thumbnail","hentry"],"acf":[],"yoast_head":"<!-- This site is optimized with the Yoast SEO plugin v26.9 - https:\/\/yoast.com\/product\/yoast-seo-wordpress\/ -->\n<title>Customer-driven product development - Vallox<\/title>\n<meta name=\"description\" content=\"The design of Vallox ventilation units is particularly focused on energy-efficiency and a low noise level.\" \/>\n<meta name=\"robots\" content=\"index, follow, max-snippet:-1, max-image-preview:large, max-video-preview:-1\" \/>\n<link rel=\"canonical\" href=\"https:\/\/www.vallox.com\/en\/why-choose-vallox-solutions\/customer-driven-product-development\/\" \/>\n<meta property=\"og:locale\" content=\"en_US\" \/>\n<meta property=\"og:type\" content=\"article\" \/>\n<meta property=\"og:title\" content=\"Customer-driven product development - Vallox\" \/>\n<meta property=\"og:description\" content=\"The design of Vallox ventilation units is particularly focused on energy-efficiency and a low noise level.\" \/>\n<meta property=\"og:url\" content=\"https:\/\/www.vallox.com\/en\/why-choose-vallox-solutions\/customer-driven-product-development\/\" \/>\n<meta property=\"og:site_name\" content=\"Vallox\" \/>\n<meta property=\"article:modified_time\" content=\"2023-09-12T14:00:58+00:00\" \/>\n<meta property=\"og:image\" content=\"https:\/\/www.vallox.com\/app\/uploads\/2023\/07\/PetriKoivunen_1452x992px.jpg\" \/>\n\t<meta property=\"og:image:width\" content=\"1452\" \/>\n\t<meta property=\"og:image:height\" content=\"992\" \/>\n\t<meta property=\"og:image:type\" content=\"image\/jpeg\" \/>\n<meta name=\"twitter:card\" content=\"summary_large_image\" \/>\n<meta name=\"twitter:label1\" content=\"Est. reading time\" \/>\n\t<meta name=\"twitter:data1\" content=\"3 minutes\" \/>\n<script type=\"application\/ld+json\" class=\"yoast-schema-graph\">{\"@context\":\"https:\/\/schema.org\",\"@graph\":[{\"@type\":\"WebPage\",\"@id\":\"https:\/\/www.vallox.com\/en\/why-choose-vallox-solutions\/customer-driven-product-development\/\",\"url\":\"https:\/\/www.vallox.com\/en\/why-choose-vallox-solutions\/customer-driven-product-development\/\",\"name\":\"Customer-driven product development - Vallox\",\"isPartOf\":{\"@id\":\"https:\/\/www.vallox.com\/en\/#website\"},\"primaryImageOfPage\":{\"@id\":\"https:\/\/www.vallox.com\/en\/why-choose-vallox-solutions\/customer-driven-product-development\/#primaryimage\"},\"image\":{\"@id\":\"https:\/\/www.vallox.com\/en\/why-choose-vallox-solutions\/customer-driven-product-development\/#primaryimage\"},\"thumbnailUrl\":\"https:\/\/www.vallox.com\/app\/uploads\/2023\/11\/tuotekehitysFeatured_720x480px.png\",\"datePublished\":\"2023-07-14T07:12:47+00:00\",\"dateModified\":\"2023-09-12T14:00:58+00:00\",\"description\":\"The design of Vallox ventilation units is particularly focused on energy-efficiency and a low noise level.\",\"breadcrumb\":{\"@id\":\"https:\/\/www.vallox.com\/en\/why-choose-vallox-solutions\/customer-driven-product-development\/#breadcrumb\"},\"inLanguage\":\"en-US\",\"potentialAction\":[{\"@type\":\"ReadAction\",\"target\":[\"https:\/\/www.vallox.com\/en\/why-choose-vallox-solutions\/customer-driven-product-development\/\"]}]},{\"@type\":\"ImageObject\",\"inLanguage\":\"en-US\",\"@id\":\"https:\/\/www.vallox.com\/en\/why-choose-vallox-solutions\/customer-driven-product-development\/#primaryimage\",\"url\":\"https:\/\/www.vallox.com\/app\/uploads\/2023\/11\/tuotekehitysFeatured_720x480px.png\",\"contentUrl\":\"https:\/\/www.vallox.com\/app\/uploads\/2023\/11\/tuotekehitysFeatured_720x480px.png\",\"width\":720,\"height\":480,\"caption\":\"Tuotekehitysp\u00e4\u00e4llikk\u00f6 Petri Koivunen Valloxin \u00e4\u00e4nilaboratoriossa\"},{\"@type\":\"BreadcrumbList\",\"@id\":\"https:\/\/www.vallox.com\/en\/why-choose-vallox-solutions\/customer-driven-product-development\/#breadcrumb\",\"itemListElement\":[{\"@type\":\"ListItem\",\"position\":1,\"name\":\"Home\",\"item\":\"https:\/\/www.vallox.com\/en\/\"},{\"@type\":\"ListItem\",\"position\":2,\"name\":\"Why Vallox solutions?\",\"item\":\"https:\/\/www.vallox.com\/en\/why-choose-vallox-solutions\/\"},{\"@type\":\"ListItem\",\"position\":3,\"name\":\"Customer-driven product development\"}]},{\"@type\":\"WebSite\",\"@id\":\"https:\/\/www.vallox.com\/en\/#website\",\"url\":\"https:\/\/www.vallox.com\/en\/\",\"name\":\"Vallox\",\"description\":\"\",\"potentialAction\":[{\"@type\":\"SearchAction\",\"target\":{\"@type\":\"EntryPoint\",\"urlTemplate\":\"https:\/\/www.vallox.com\/en\/?s={search_term_string}\"},\"query-input\":{\"@type\":\"PropertyValueSpecification\",\"valueRequired\":true,\"valueName\":\"search_term_string\"}}],\"inLanguage\":\"en-US\"}]}<\/script>\n<!-- \/ Yoast SEO plugin. -->","yoast_head_json":{"title":"Customer-driven product development - Vallox","description":"The design of Vallox ventilation units is particularly focused on energy-efficiency and a low noise level.","robots":{"index":"index","follow":"follow","max-snippet":"max-snippet:-1","max-image-preview":"max-image-preview:large","max-video-preview":"max-video-preview:-1"},"canonical":"https:\/\/www.vallox.com\/en\/why-choose-vallox-solutions\/customer-driven-product-development\/","og_locale":"en_US","og_type":"article","og_title":"Customer-driven product development - Vallox","og_description":"The design of Vallox ventilation units is particularly focused on energy-efficiency and a low noise level.","og_url":"https:\/\/www.vallox.com\/en\/why-choose-vallox-solutions\/customer-driven-product-development\/","og_site_name":"Vallox","article_modified_time":"2023-09-12T14:00:58+00:00","og_image":[{"width":1452,"height":992,"url":"https:\/\/www.vallox.com\/app\/uploads\/2023\/07\/PetriKoivunen_1452x992px.jpg","type":"image\/jpeg"}],"twitter_card":"summary_large_image","twitter_misc":{"Est. reading time":"3 minutes"},"schema":{"@context":"https:\/\/schema.org","@graph":[{"@type":"WebPage","@id":"https:\/\/www.vallox.com\/en\/why-choose-vallox-solutions\/customer-driven-product-development\/","url":"https:\/\/www.vallox.com\/en\/why-choose-vallox-solutions\/customer-driven-product-development\/","name":"Customer-driven product development - Vallox","isPartOf":{"@id":"https:\/\/www.vallox.com\/en\/#website"},"primaryImageOfPage":{"@id":"https:\/\/www.vallox.com\/en\/why-choose-vallox-solutions\/customer-driven-product-development\/#primaryimage"},"image":{"@id":"https:\/\/www.vallox.com\/en\/why-choose-vallox-solutions\/customer-driven-product-development\/#primaryimage"},"thumbnailUrl":"https:\/\/www.vallox.com\/app\/uploads\/2023\/11\/tuotekehitysFeatured_720x480px.png","datePublished":"2023-07-14T07:12:47+00:00","dateModified":"2023-09-12T14:00:58+00:00","description":"The design of Vallox ventilation units is particularly focused on energy-efficiency and a low noise level.","breadcrumb":{"@id":"https:\/\/www.vallox.com\/en\/why-choose-vallox-solutions\/customer-driven-product-development\/#breadcrumb"},"inLanguage":"en-US","potentialAction":[{"@type":"ReadAction","target":["https:\/\/www.vallox.com\/en\/why-choose-vallox-solutions\/customer-driven-product-development\/"]}]},{"@type":"ImageObject","inLanguage":"en-US","@id":"https:\/\/www.vallox.com\/en\/why-choose-vallox-solutions\/customer-driven-product-development\/#primaryimage","url":"https:\/\/www.vallox.com\/app\/uploads\/2023\/11\/tuotekehitysFeatured_720x480px.png","contentUrl":"https:\/\/www.vallox.com\/app\/uploads\/2023\/11\/tuotekehitysFeatured_720x480px.png","width":720,"height":480,"caption":"Tuotekehitysp\u00e4\u00e4llikk\u00f6 Petri Koivunen Valloxin \u00e4\u00e4nilaboratoriossa"},{"@type":"BreadcrumbList","@id":"https:\/\/www.vallox.com\/en\/why-choose-vallox-solutions\/customer-driven-product-development\/#breadcrumb","itemListElement":[{"@type":"ListItem","position":1,"name":"Home","item":"https:\/\/www.vallox.com\/en\/"},{"@type":"ListItem","position":2,"name":"Why Vallox solutions?","item":"https:\/\/www.vallox.com\/en\/why-choose-vallox-solutions\/"},{"@type":"ListItem","position":3,"name":"Customer-driven product development"}]},{"@type":"WebSite","@id":"https:\/\/www.vallox.com\/en\/#website","url":"https:\/\/www.vallox.com\/en\/","name":"Vallox","description":"","potentialAction":[{"@type":"SearchAction","target":{"@type":"EntryPoint","urlTemplate":"https:\/\/www.vallox.com\/en\/?s={search_term_string}"},"query-input":{"@type":"PropertyValueSpecification","valueRequired":true,"valueName":"search_term_string"}}],"inLanguage":"en-US"}]}},"_links":{"self":[{"href":"https:\/\/www.vallox.com\/en\/wp-json\/wp\/v2\/pages\/9314","targetHints":{"allow":["GET"]}}],"collection":[{"href":"https:\/\/www.vallox.com\/en\/wp-json\/wp\/v2\/pages"}],"about":[{"href":"https:\/\/www.vallox.com\/en\/wp-json\/wp\/v2\/types\/page"}],"author":[{"embeddable":true,"href":"https:\/\/www.vallox.com\/en\/wp-json\/wp\/v2\/users\/5"}],"replies":[{"embeddable":true,"href":"https:\/\/www.vallox.com\/en\/wp-json\/wp\/v2\/comments?post=9314"}],"version-history":[{"count":9,"href":"https:\/\/www.vallox.com\/en\/wp-json\/wp\/v2\/pages\/9314\/revisions"}],"predecessor-version":[{"id":17289,"href":"https:\/\/www.vallox.com\/en\/wp-json\/wp\/v2\/pages\/9314\/revisions\/17289"}],"up":[{"embeddable":true,"href":"https:\/\/www.vallox.com\/en\/wp-json\/wp\/v2\/pages\/9295"}],"wp:featuredmedia":[{"embeddable":true,"href":"https:\/\/www.vallox.com\/en\/wp-json\/wp\/v2\/media\/19320"}],"wp:attachment":[{"href":"https:\/\/www.vallox.com\/en\/wp-json\/wp\/v2\/media?parent=9314"}],"curies":[{"name":"wp","href":"https:\/\/api.w.org\/{rel}","templated":true}]}}