{"id":8393,"date":"2023-06-19T09:47:01","date_gmt":"2023-06-19T06:47:01","guid":{"rendered":"https:\/\/vallox.com\/asiantuntija-lahella\/"},"modified":"2026-03-09T12:57:33","modified_gmt":"2026-03-09T10:57:33","slug":"expert-near-you","status":"publish","type":"page","link":"https:\/\/www.vallox.com\/en\/expert-near-you\/","title":{"rendered":"Professionals near you"},"content":{"rendered":"<div  class=\"Image w-full h-auto mb-8\">\n    <img decoding=\"async\"\n        srcset=\"\n            https:\/\/www.vallox.com\/app\/uploads\/2026\/03\/Asiantuntija_lahellasi_1920x720-1024x384.webp 1024w,\n            https:\/\/www.vallox.com\/app\/uploads\/2026\/03\/Asiantuntija_lahellasi_1920x720-768x288.webp 768w,\n            https:\/\/www.vallox.com\/app\/uploads\/2026\/03\/Asiantuntija_lahellasi_1920x720-300x113.webp 300w,\n            https:\/\/www.vallox.com\/app\/uploads\/2026\/03\/Asiantuntija_lahellasi_1920x720-150x150.webp 150w,\n        \"\n        alt=\"Kaksi Valloxlaista n\u00e4ytt\u00e4\u00e4 peukkua ilmanvaihtokoneen edess\u00e4\"\n        src=\"https:\/\/www.vallox.com\/app\/uploads\/2026\/03\/Asiantuntija_lahellasi_1920x720-300x113.webp\"\n        class=\"object-cover w-full h-auto\"\n    \/>\n    <\/div>\n\n\n\n<div style=\"height:40px\" aria-hidden=\"true\" class=\"wp-block-spacer\"><\/div>\n\n\n<section class=\"IconHighlights mb-8\" >\n    <div class=\"flex flex-wrap justify-between\">\n                    <div class=\"IconCard w-full sm:w-1\/2 md:w-1\/4 px-4 mx-auto mb-20 max-w-[20rem] md:max-w-none hover:bg-gray-200 py-8\">\n                <div class=\"Icon w-full flex justify-center px-2 pb-8\">\n                    <span class=\"Svg\n                        w-2\/5 aspect-square\n                        border-4 border-custom-orange\n                        text-custom-orange rounded-full\n                        flex justify-center items-center p-[7.5%]\">\n                        <svg xmlns=\"http:\/\/www.w3.org\/2000\/svg\" fill=\"none\" viewBox=\"0 0 24 24\" stroke-width=\"1.5\" stroke=\"currentColor\" width=\"100%\">\n  <path stroke-linecap=\"round\" stroke-linejoin=\"round\" d=\"M13.5 21v-7.5a.75.75 0 01.75-.75h3a.75.75 0 01.75.75V21m-4.5 0H2.36m11.14 0H18m0 0h3.64m-1.39 0V9.349m-16.5 11.65V9.35m0 0a3.001 3.001 0 003.75-.615A2.993 2.993 0 009.75 9.75c.896 0 1.7-.393 2.25-1.016a2.993 2.993 0 002.25 1.016c.896 0 1.7-.393 2.25-1.016a3.001 3.001 0 003.75.614m-16.5 0a3.004 3.004 0 01-.621-4.72L4.318 3.44A1.5 1.5 0 015.378 3h13.243a1.5 1.5 0 011.06.44l1.19 1.189a3 3 0 01-.621 4.72m-13.5 8.65h3.75a.75.75 0 00.75-.75V13.5a.75.75 0 00-.75-.75H6.75a.75.75 0 00-.75.75v3.75c0 .415.336.75.75.75z\" \/>\n<\/svg>\n\n                    <\/span>\n                <\/div>\n                <div class=\"Texts text-center\">\n                    <h2 class=\"Title font-bold text-lg sm:text-2xl md:text-xl xl:text-2xl 2xl:text-3xl mb-2\">I want to buy a product<\/h2>\n                    <div class=\"Text text-custom-gray-dark\"><p>Our products can be found from retailers and installation services around Finland.<\/p>\n<\/div>\n                <\/div>\n                <div class=\"Links mt-4\">\n                                                                        <a href=\"https:\/\/map.vallox.com\/?channels=J%C3%A4lleenmyyj%C3%A4&#038;countries=&#038;language=en\" alt=\"\" target=\"_blank\" class=\"text-link flex hover:text-link-hover font-bold p-small text-primary hover:text-black fill-primary justify-center text-center mb-3 group\">\n\t<fragment class=\"relative\">\n\t\tFind the nearest retailer\n\t\t\t\t\t<span class=\"absolute ml-1 text-center w-3 h-3 bottom-1 group-hover:fill-link-hover \"><svg clip-rule=\"evenodd\" fill-rule=\"evenodd\" stroke-linejoin=\"round\" stroke-miterlimit=\"2\" viewBox=\"0 0 24 24\" width=\"100%\" xmlns=\"http:\/\/www.w3.org\/2000\/svg\"><path d=\"m13.022 14.999v3.251c0 .412.335.75.752.75.188 0 .375-.071.518-.206 1.775-1.685 4.945-4.692 6.396-6.069.2-.189.312-.452.312-.725 0-.274-.112-.536-.312-.725-1.451-1.377-4.621-4.385-6.396-6.068-.143-.136-.33-.207-.518-.207-.417 0-.752.337-.752.75v3.251h-9.02c-.531 0-1.002.47-1.002 1v3.998c0 .53.471 1 1.002 1z\" fill-rule=\"nonzero\"\/><\/svg><\/span>\n\t\t\t<\/fragment>\n<\/a>\n                                                                                                <a href=\"https:\/\/map.vallox.com\/?channels=Asennusliike&#038;countries=&#038;language=en\" alt=\"\" target=\"_blank\" class=\"text-link flex hover:text-link-hover font-bold p-small text-primary hover:text-black fill-primary justify-center text-center mb-3 group\">\n\t<fragment class=\"relative\">\n\t\tFind installation service near You!\n\t\t\t\t\t<span class=\"absolute ml-1 text-center w-3 h-3 bottom-1 group-hover:fill-link-hover \"><svg clip-rule=\"evenodd\" fill-rule=\"evenodd\" stroke-linejoin=\"round\" stroke-miterlimit=\"2\" viewBox=\"0 0 24 24\" width=\"100%\" xmlns=\"http:\/\/www.w3.org\/2000\/svg\"><path d=\"m13.022 14.999v3.251c0 .412.335.75.752.75.188 0 .375-.071.518-.206 1.775-1.685 4.945-4.692 6.396-6.069.2-.189.312-.452.312-.725 0-.274-.112-.536-.312-.725-1.451-1.377-4.621-4.385-6.396-6.068-.143-.136-.33-.207-.518-.207-.417 0-.752.337-.752.75v3.251h-9.02c-.531 0-1.002.47-1.002 1v3.998c0 .53.471 1 1.002 1z\" fill-rule=\"nonzero\"\/><\/svg><\/span>\n\t\t\t<\/fragment>\n<\/a>\n                                                            <\/div>\n            <\/div>\n                    <div class=\"IconCard w-full sm:w-1\/2 md:w-1\/4 px-4 mx-auto mb-20 max-w-[20rem] md:max-w-none hover:bg-gray-200 py-8\">\n                <div class=\"Icon w-full flex justify-center px-2 pb-8\">\n                    <span class=\"Svg\n                        w-2\/5 aspect-square\n                        border-4 border-custom-orange\n                        text-custom-orange rounded-full\n                        flex justify-center items-center p-[7.5%]\">\n                        <svg xmlns=\"http:\/\/www.w3.org\/2000\/svg\" fill=\"none\" viewBox=\"0 0 24 24\" stroke-width=\"1.5\" stroke=\"currentColor\" width=\"100%\">\n  <path stroke-linecap=\"round\" stroke-linejoin=\"round\" d=\"M11.42 15.17L17.25 21A2.652 2.652 0 0021 17.25l-5.877-5.877M11.42 15.17l2.496-3.03c.317-.384.74-.626 1.208-.766M11.42 15.17l-4.655 5.653a2.548 2.548 0 11-3.586-3.586l6.837-5.63m5.108-.233c.55-.164 1.163-.188 1.743-.14a4.5 4.5 0 004.486-6.336l-3.276 3.277a3.004 3.004 0 01-2.25-2.25l3.276-3.276a4.5 4.5 0 00-6.336 4.486c.091 1.076-.071 2.264-.904 2.95l-.102.085m-1.745 1.437L5.909 7.5H4.5L2.25 3.75l1.5-1.5L7.5 4.5v1.409l4.26 4.26m-1.745 1.437l1.745-1.437m6.615 8.206L15.75 15.75M4.867 19.125h.008v.008h-.008v-.008z\" \/>\n<\/svg>\n\n                    <\/span>\n                <\/div>\n                <div class=\"Texts text-center\">\n                    <h2 class=\"Title font-bold text-lg sm:text-2xl md:text-xl xl:text-2xl 2xl:text-3xl mb-2\">I want to order service<\/h2>\n                    <div class=\"Text text-custom-gray-dark\"><p>We have an extensive service centre network to help you.<\/p>\n<\/div>\n                <\/div>\n                <div class=\"Links mt-4\">\n                                                                        <a href=\"https:\/\/map.vallox.com\/?channels=Valtuutettu+huoltoliike&#038;countries=&#038;language=en\" alt=\"\" target=\"_blank\" class=\"text-link flex hover:text-link-hover font-bold p-small text-primary hover:text-black fill-primary justify-center text-center mb-3 group\">\n\t<fragment class=\"relative\">\n\t\tFind your nearest maintenance service centre\n\t\t\t\t\t<span class=\"absolute ml-1 text-center w-3 h-3 bottom-1 group-hover:fill-link-hover \"><svg clip-rule=\"evenodd\" fill-rule=\"evenodd\" stroke-linejoin=\"round\" stroke-miterlimit=\"2\" viewBox=\"0 0 24 24\" width=\"100%\" xmlns=\"http:\/\/www.w3.org\/2000\/svg\"><path d=\"m13.022 14.999v3.251c0 .412.335.75.752.75.188 0 .375-.071.518-.206 1.775-1.685 4.945-4.692 6.396-6.069.2-.189.312-.452.312-.725 0-.274-.112-.536-.312-.725-1.451-1.377-4.621-4.385-6.396-6.068-.143-.136-.33-.207-.518-.207-.417 0-.752.337-.752.75v3.251h-9.02c-.531 0-1.002.47-1.002 1v3.998c0 .53.471 1 1.002 1z\" fill-rule=\"nonzero\"\/><\/svg><\/span>\n\t\t\t<\/fragment>\n<\/a>\n                                                            <\/div>\n            <\/div>\n                    <div class=\"IconCard w-full sm:w-1\/2 md:w-1\/4 px-4 mx-auto mb-20 max-w-[20rem] md:max-w-none hover:bg-gray-200 py-8\">\n                <div class=\"Icon w-full flex justify-center px-2 pb-8\">\n                    <span class=\"Svg\n                        w-2\/5 aspect-square\n                        border-4 border-custom-orange\n                        text-custom-orange rounded-full\n                        flex justify-center items-center p-[7.5%]\">\n                        <svg xmlns=\"http:\/\/www.w3.org\/2000\/svg\" fill=\"none\" viewBox=\"0 0 24 24\" stroke-width=\"1.5\" width=\"100%\" stroke=\"currentColor\">\n  <path stroke-linecap=\"round\" stroke-linejoin=\"round\" d=\"M7.5 21L3 16.5m0 0L7.5 12M3 16.5h13.5m0-13.5L21 7.5m0 0L16.5 12M21 7.5H7.5\" \/>\n<\/svg>\n\n                    <\/span>\n                <\/div>\n                <div class=\"Texts text-center\">\n                    <h2 class=\"Title font-bold text-lg sm:text-2xl md:text-xl xl:text-2xl 2xl:text-3xl mb-2\">I want to order filters<\/h2>\n                    <div class=\"Text text-custom-gray-dark\"><p>In the link, you can find contact information for stores that sell original filters. You can order original Vallox Filters also from our webshop. <strong>Please note that at the moment we deliver filters only in Finland!<\/strong><\/p>\n<\/div>\n                <\/div>\n                <div class=\"Links mt-4\">\n                                                                        <a href=\"https:\/\/map.vallox.com\/?channels=Suodatinmyyj%C3%A4&#038;countries=&#038;language=en\" alt=\"\" target=\"_blank\" class=\"text-link flex hover:text-link-hover font-bold p-small text-primary hover:text-black fill-primary justify-center text-center mb-3 group\">\n\t<fragment class=\"relative\">\n\t\tFilter retailers\n\t\t\t\t\t<span class=\"absolute ml-1 text-center w-3 h-3 bottom-1 group-hover:fill-link-hover \"><svg clip-rule=\"evenodd\" fill-rule=\"evenodd\" stroke-linejoin=\"round\" stroke-miterlimit=\"2\" viewBox=\"0 0 24 24\" width=\"100%\" xmlns=\"http:\/\/www.w3.org\/2000\/svg\"><path d=\"m13.022 14.999v3.251c0 .412.335.75.752.75.188 0 .375-.071.518-.206 1.775-1.685 4.945-4.692 6.396-6.069.2-.189.312-.452.312-.725 0-.274-.112-.536-.312-.725-1.451-1.377-4.621-4.385-6.396-6.068-.143-.136-.33-.207-.518-.207-.417 0-.752.337-.752.75v3.251h-9.02c-.531 0-1.002.47-1.002 1v3.998c0 .53.471 1 1.002 1z\" fill-rule=\"nonzero\"\/><\/svg><\/span>\n\t\t\t<\/fragment>\n<\/a>\n                                                                                                <a href=\"https:\/\/valloxsuodattimet.fi\/en\/\" alt=\"\" target=\"_blank\" class=\"text-link flex hover:text-link-hover font-bold p-small text-primary hover:text-black fill-primary justify-center text-center mb-3 group\">\n\t<fragment class=\"relative\">\n\t\tOrder filters from Vallox webshop\n\t\t\t\t\t<span class=\"absolute ml-1 text-center w-3 h-3 bottom-1 group-hover:fill-link-hover \"><svg clip-rule=\"evenodd\" fill-rule=\"evenodd\" stroke-linejoin=\"round\" stroke-miterlimit=\"2\" viewBox=\"0 0 24 24\" width=\"100%\" xmlns=\"http:\/\/www.w3.org\/2000\/svg\"><path d=\"m13.022 14.999v3.251c0 .412.335.75.752.75.188 0 .375-.071.518-.206 1.775-1.685 4.945-4.692 6.396-6.069.2-.189.312-.452.312-.725 0-.274-.112-.536-.312-.725-1.451-1.377-4.621-4.385-6.396-6.068-.143-.136-.33-.207-.518-.207-.417 0-.752.337-.752.75v3.251h-9.02c-.531 0-1.002.47-1.002 1v3.998c0 .53.471 1 1.002 1z\" fill-rule=\"nonzero\"\/><\/svg><\/span>\n\t\t\t<\/fragment>\n<\/a>\n                                                            <\/div>\n            <\/div>\n            <\/div>\n<\/section>\n\n\n\n<div style=\"height:40px\" aria-hidden=\"true\" class=\"wp-block-spacer\"><\/div>\n\n\n<section class=\"bg-[rgba(165,185,196,0.3)]\" >\n    <div class=\"FiftyFifty\n\n        relative\n        flex\n        justify-between\n        flex-col-reverse lg:flex-row\n    \">\n        <div class=\"w-full lg:w-1\/2 p-4 sm:p-8 md:p-12 lg:p-28 xl:p-32 sm:!px-8\">\n                            <h2 class=\"Title\n                    flex flex-col justify-start\n                    text-black\n                    text-lg sm:text-2xl md:text-xl xl:text-2xl 2xl:text-3xl\n                    font-bold leading-6 xl:leading-7\n                    mb-4\n                \">\n                    Are You planning ventilation renovation or building a new one? \n                <\/h2>\n                                        <div class=\"flex flex-col justify-center\">\n                                            <span class=\"Text text-custom-gray-dark pb-2\">\n                            <p>The planning of ventilation affects the energy-efficiency and indoor air quality of your home. Before building or renovating ventilation in the home, the first step is to hire a HVAC designer.<\/p>\n<p>When preparing the ventilation plan, the designer observes the requirements related to ventilation of the building. For instance, the plan describes the airflows in the apartment, the implementation of soundproofing and the type of a suitable ventilation unit. Builders of their own homes and those renovating ventilation are advised to contact an HVAC designer to discuss the automation and control options to find the best ventilation solution to suit their needs and preferences.<\/p>\n\n                        <\/span>\n                                                            <div class=\"flex mt-6\">\n                        \n\n\n\n    <a\n        href=\"https:\/\/locator.maplet.com\/public\/en\/valloxmap\/\"\n        alt=\"\"\n        target=\"_blank\"\n        class=\"\n            cursor-pointer\n            \n            \n            inline-flex\n            border-black\n            border-2\n            hover:border-primary\n            hover:text-primary\n            group\n            hover:bg-custom-gray-blueish-light\n            font-semibold\n            px-4\n            py-2\n            rounded-full\n            self-baseline\n        \"\n    >\n        Contact information for HVAC designers in Your area\n        <span class=\"ml-2 w-3 h-auto fill-black group-hover:fill-primary flex justify-center items-center\"><svg clip-rule=\"evenodd\" fill-rule=\"evenodd\" stroke-linejoin=\"round\" stroke-miterlimit=\"2\" viewBox=\"0 0 24 24\" width=\"100%\" xmlns=\"http:\/\/www.w3.org\/2000\/svg\"><path d=\"m13.022 14.999v3.251c0 .412.335.75.752.75.188 0 .375-.071.518-.206 1.775-1.685 4.945-4.692 6.396-6.069.2-.189.312-.452.312-.725 0-.274-.112-.536-.312-.725-1.451-1.377-4.621-4.385-6.396-6.068-.143-.136-.33-.207-.518-.207-.417 0-.752.337-.752.75v3.251h-9.02c-.531 0-1.002.47-1.002 1v3.998c0 .53.471 1 1.002 1z\" fill-rule=\"nonzero\"\/><\/svg><\/span>\n    <\/a>\n                    <\/div>\n                                    <\/div>\n                    <\/div>\n\n                    <div class=\"\n                self-stretch justify-self-stretch\n                w-full lg:w-1\/2\n                relative flex justify-center\n                lg:justify-end\n             \">\n                <img decoding=\"async\"\n                loading=\"lazy\"\n                class=\"object-cover h-full w-full\"\n                                    srcset=\"\n                        https:\/\/www.vallox.com\/app\/uploads\/2023\/07\/Suunnittelijanpoydalla_1452x992px-150x150.jpg 150w,\n                        https:\/\/www.vallox.com\/app\/uploads\/2023\/07\/Suunnittelijanpoydalla_1452x992px-300x205.jpg 300w,\n                        https:\/\/www.vallox.com\/app\/uploads\/2023\/07\/Suunnittelijanpoydalla_1452x992px-768x525.jpg 768w,\n                        https:\/\/www.vallox.com\/app\/uploads\/2023\/07\/Suunnittelijanpoydalla_1452x992px-1024x700.jpg 1024w,\n                        https:\/\/www.vallox.com\/app\/uploads\/2023\/07\/Suunnittelijanpoydalla_1452x992px.jpg 1452w,\n                    \"\n                                src=\"https:\/\/www.vallox.com\/app\/uploads\/2023\/07\/Suunnittelijanpoydalla_1452x992px-768x525.jpg\"\n                alt=\"LVI-suunnittelija ty\u00f6ss\u00e4\u00e4n\"\n                \/>\n            <\/div>\n            <\/div>\n<\/section>\n\n\n\n<p><\/p>\n","protected":false},"excerpt":{"rendered":"","protected":false},"author":1,"featured_media":0,"parent":0,"menu_order":60,"comment_status":"closed","ping_status":"closed","template":"","meta":{"_acf_changed":false,"footnotes":""},"class_list":["post-8393","page","type-page","status-publish","hentry"],"acf":[],"yoast_head":"<!-- This site is optimized with the Yoast SEO plugin v26.9 - https:\/\/yoast.com\/product\/yoast-seo-wordpress\/ -->\n<title>Professionals near you - Vallox<\/title>\n<meta name=\"description\" content=\"Are You looking for service or installation service? Or maybe retailer of filters? Do you need help with a product? Find contact information for professionals here.\" \/>\n<meta name=\"robots\" content=\"index, follow, max-snippet:-1, max-image-preview:large, max-video-preview:-1\" \/>\n<link rel=\"canonical\" href=\"https:\/\/www.vallox.com\/en\/expert-near-you\/\" \/>\n<meta property=\"og:locale\" content=\"en_US\" \/>\n<meta property=\"og:type\" content=\"article\" \/>\n<meta property=\"og:title\" content=\"Professionals near you - Vallox\" \/>\n<meta property=\"og:description\" content=\"Are You looking for service or installation service? Or maybe retailer of filters? Do you need help with a product? Find contact information for professionals here.\" \/>\n<meta property=\"og:url\" content=\"https:\/\/www.vallox.com\/en\/expert-near-you\/\" \/>\n<meta property=\"og:site_name\" content=\"Vallox\" \/>\n<meta property=\"article:modified_time\" content=\"2026-03-09T10:57:33+00:00\" \/>\n<meta property=\"og:image\" content=\"https:\/\/www.vallox.com\/app\/uploads\/2023\/11\/asiantuntijalahellaFeatured_720x480px.png\" \/>\n\t<meta property=\"og:image:width\" content=\"720\" \/>\n\t<meta property=\"og:image:height\" content=\"480\" \/>\n\t<meta property=\"og:image:type\" content=\"image\/png\" \/>\n<meta name=\"twitter:card\" content=\"summary_large_image\" \/>\n<meta name=\"twitter:label1\" content=\"Est. reading time\" \/>\n\t<meta name=\"twitter:data1\" content=\"2 minutes\" \/>\n<script type=\"application\/ld+json\" class=\"yoast-schema-graph\">{\"@context\":\"https:\/\/schema.org\",\"@graph\":[{\"@type\":\"WebPage\",\"@id\":\"https:\/\/www.vallox.com\/en\/expert-near-you\/\",\"url\":\"https:\/\/www.vallox.com\/en\/expert-near-you\/\",\"name\":\"Professionals near you - Vallox\",\"isPartOf\":{\"@id\":\"https:\/\/www.vallox.com\/en\/#website\"},\"datePublished\":\"2023-06-19T06:47:01+00:00\",\"dateModified\":\"2026-03-09T10:57:33+00:00\",\"description\":\"Are You looking for service or installation service? Or maybe retailer of filters? Do you need help with a product? Find contact information for professionals here.\",\"breadcrumb\":{\"@id\":\"https:\/\/www.vallox.com\/en\/expert-near-you\/#breadcrumb\"},\"inLanguage\":\"en-US\",\"potentialAction\":[{\"@type\":\"ReadAction\",\"target\":[\"https:\/\/www.vallox.com\/en\/expert-near-you\/\"]}]},{\"@type\":\"BreadcrumbList\",\"@id\":\"https:\/\/www.vallox.com\/en\/expert-near-you\/#breadcrumb\",\"itemListElement\":[{\"@type\":\"ListItem\",\"position\":1,\"name\":\"Home\",\"item\":\"https:\/\/www.vallox.com\/en\/\"},{\"@type\":\"ListItem\",\"position\":2,\"name\":\"Professionals near you\"}]},{\"@type\":\"WebSite\",\"@id\":\"https:\/\/www.vallox.com\/en\/#website\",\"url\":\"https:\/\/www.vallox.com\/en\/\",\"name\":\"Vallox\",\"description\":\"\",\"potentialAction\":[{\"@type\":\"SearchAction\",\"target\":{\"@type\":\"EntryPoint\",\"urlTemplate\":\"https:\/\/www.vallox.com\/en\/?s={search_term_string}\"},\"query-input\":{\"@type\":\"PropertyValueSpecification\",\"valueRequired\":true,\"valueName\":\"search_term_string\"}}],\"inLanguage\":\"en-US\"}]}<\/script>\n<!-- \/ Yoast SEO plugin. -->","yoast_head_json":{"title":"Professionals near you - Vallox","description":"Are You looking for service or installation service? Or maybe retailer of filters? Do you need help with a product? Find contact information for professionals here.","robots":{"index":"index","follow":"follow","max-snippet":"max-snippet:-1","max-image-preview":"max-image-preview:large","max-video-preview":"max-video-preview:-1"},"canonical":"https:\/\/www.vallox.com\/en\/expert-near-you\/","og_locale":"en_US","og_type":"article","og_title":"Professionals near you - Vallox","og_description":"Are You looking for service or installation service? Or maybe retailer of filters? Do you need help with a product? Find contact information for professionals here.","og_url":"https:\/\/www.vallox.com\/en\/expert-near-you\/","og_site_name":"Vallox","article_modified_time":"2026-03-09T10:57:33+00:00","og_image":[{"width":720,"height":480,"url":"https:\/\/www.vallox.com\/app\/uploads\/2023\/11\/asiantuntijalahellaFeatured_720x480px.png","type":"image\/png"}],"twitter_card":"summary_large_image","twitter_misc":{"Est. reading time":"2 minutes"},"schema":{"@context":"https:\/\/schema.org","@graph":[{"@type":"WebPage","@id":"https:\/\/www.vallox.com\/en\/expert-near-you\/","url":"https:\/\/www.vallox.com\/en\/expert-near-you\/","name":"Professionals near you - Vallox","isPartOf":{"@id":"https:\/\/www.vallox.com\/en\/#website"},"datePublished":"2023-06-19T06:47:01+00:00","dateModified":"2026-03-09T10:57:33+00:00","description":"Are You looking for service or installation service? Or maybe retailer of filters? Do you need help with a product? Find contact information for professionals here.","breadcrumb":{"@id":"https:\/\/www.vallox.com\/en\/expert-near-you\/#breadcrumb"},"inLanguage":"en-US","potentialAction":[{"@type":"ReadAction","target":["https:\/\/www.vallox.com\/en\/expert-near-you\/"]}]},{"@type":"BreadcrumbList","@id":"https:\/\/www.vallox.com\/en\/expert-near-you\/#breadcrumb","itemListElement":[{"@type":"ListItem","position":1,"name":"Home","item":"https:\/\/www.vallox.com\/en\/"},{"@type":"ListItem","position":2,"name":"Professionals near you"}]},{"@type":"WebSite","@id":"https:\/\/www.vallox.com\/en\/#website","url":"https:\/\/www.vallox.com\/en\/","name":"Vallox","description":"","potentialAction":[{"@type":"SearchAction","target":{"@type":"EntryPoint","urlTemplate":"https:\/\/www.vallox.com\/en\/?s={search_term_string}"},"query-input":{"@type":"PropertyValueSpecification","valueRequired":true,"valueName":"search_term_string"}}],"inLanguage":"en-US"}]}},"_links":{"self":[{"href":"https:\/\/www.vallox.com\/en\/wp-json\/wp\/v2\/pages\/8393","targetHints":{"allow":["GET"]}}],"collection":[{"href":"https:\/\/www.vallox.com\/en\/wp-json\/wp\/v2\/pages"}],"about":[{"href":"https:\/\/www.vallox.com\/en\/wp-json\/wp\/v2\/types\/page"}],"author":[{"embeddable":true,"href":"https:\/\/www.vallox.com\/en\/wp-json\/wp\/v2\/users\/1"}],"replies":[{"embeddable":true,"href":"https:\/\/www.vallox.com\/en\/wp-json\/wp\/v2\/comments?post=8393"}],"version-history":[{"count":39,"href":"https:\/\/www.vallox.com\/en\/wp-json\/wp\/v2\/pages\/8393\/revisions"}],"predecessor-version":[{"id":29144,"href":"https:\/\/www.vallox.com\/en\/wp-json\/wp\/v2\/pages\/8393\/revisions\/29144"}],"wp:attachment":[{"href":"https:\/\/www.vallox.com\/en\/wp-json\/wp\/v2\/media?parent=8393"}],"curies":[{"name":"wp","href":"https:\/\/api.w.org\/{rel}","templated":true}]}}