{"id":24835,"date":"2025-01-23T16:38:42","date_gmt":"2025-01-23T14:38:42","guid":{"rendered":"https:\/\/www.vallox.com\/corporate-responsibility\/hallinto\/"},"modified":"2026-04-07T11:47:04","modified_gmt":"2026-04-07T08:47:04","slug":"governance","status":"publish","type":"page","link":"https:\/\/www.vallox.com\/en\/vastuullisuus\/governance\/","title":{"rendered":"Governance"},"content":{"rendered":"    <div id=\"Section\" class=\"Block Section overflow-hidden w-full\">\n        <div class=\"Section-content relative max-w-[1088px] mx-auto w-full\">\n            \n\n<p class=\"has-medium-font-size\"><em>We value responsible and legal business practices. To us, responsible governance means constant development, good management of financial affairs and proactive risk management. Sound financial performance enables us to operate in a socially and environmentally responsible manner.<\/em><\/p>\n\n\n\n<p class=\"has-medium-font-size\"><em>Our operations are guided by various policies and standards. In particular, our products are subject to a significant number of regulations. By following these regulations, we can ensure that the products we design and manufacture are safe. We take the needs and special wishes of our customers into account in product development. We cooperate with reliable suppliers and favour socially responsible companies.<\/em><\/p>\n\n\n    <\/div>\n<\/div>\n\n\n\n<div style=\"height:40px\" aria-hidden=\"true\" class=\"wp-block-spacer\"><\/div>\n\n\n<section class=\"mb-8 w-full FiftyFiftyVisualWrapper\"  id=\"toimintapolitiikka\">\n    <div>\n        <div class=\"FiftyFiftyVisual relative flex w-full justify-between flex-col xl:flex-row\">\n            <div class=\"h-min\n                w-full xl:w-5\/12 3xl:w-7\/12\n                pt-4 sm:pt-8 md:pt-12 lg:pt-20  3xl:pt-20\n                px-0\n                \n            \">\n                <div class=\"bgElement calc(100vw \/ 2 * ((100vw - 1860px) * 0.1))\n                    absolute z-0 reversewrap\n                    bgElement-right\n                    left-0 right-0 xl:right-[50%] 3xl:right-[calc((40vw-((100vw-1860px)*-0.03)))] 3xl:min-w-[1200px] xl:rounded-tr-xl\n                    \n                    top-0\n                    bottom-24 xl:bottom-0\n                                        bg-[rgba(165,185,196,0.3)]\"\n                ><\/div>\n                                    <h2 class=\"Title Title-left relative z-10\n                        flex flex-col justify-start\n                        text-black\n                        text-2xl lg:text-3xl 2xl:text-4xl\n                        leading-7 lg:leading-8\n                        font-bold\n                        mb-4\n                        xl:pr-8\n                        \">\n                        Operating policy\n                    <\/h2>\n                                                    <div class=\"Content Content-left flex flex-col justify-center relative z-10\n                        xl:pr-8\n                        \">\n                                                    <span class=\"Text text-black xl:text-custom-gray-dark pb-2\">\n                                <p>We always comply with good business practices, laws and regulations as well as the principles of social responsibility and sustainable development. Our personnel is actively involved in the development of our practices together with our customers and other stakeholders.<\/p>\n\n                            <\/span>\n                                                                        <div class=\"flex relative z-10\">\n                            \n\n\n\n    <a\n        href=\"https:\/\/www.vallox.com\/en\/vallox-info-eng\/policies\/our-operating-policy\/\"\n        alt=\"\"\n        target=\"\"\n        class=\"\n            cursor-pointer\n            \n            \n            inline-flex\n            border-black\n            border-2\n            hover:border-primary\n            hover:text-primary\n            group\n            hover:bg-custom-gray-blueish-light\n            font-semibold\n            px-4\n            py-2\n            rounded-full\n            self-baseline\n        \"\n    >\n        Operating policy\n        <span class=\"ml-2 w-3 h-auto fill-black group-hover:fill-primary flex justify-center items-center\"><svg clip-rule=\"evenodd\" fill-rule=\"evenodd\" stroke-linejoin=\"round\" stroke-miterlimit=\"2\" viewBox=\"0 0 24 24\" width=\"100%\" xmlns=\"http:\/\/www.w3.org\/2000\/svg\"><path d=\"m13.022 14.999v3.251c0 .412.335.75.752.75.188 0 .375-.071.518-.206 1.775-1.685 4.945-4.692 6.396-6.069.2-.189.312-.452.312-.725 0-.274-.112-.536-.312-.725-1.451-1.377-4.621-4.385-6.396-6.068-.143-.136-.33-.207-.518-.207-.417 0-.752.337-.752.75v3.251h-9.02c-.531 0-1.002.47-1.002 1v3.998c0 .53.471 1 1.002 1z\" fill-rule=\"nonzero\"\/><\/svg><\/span>\n    <\/a>\n                        <\/div>\n                                            <\/div>\n                            <\/div>\n\n                            <div class=\"ImgWrap ImgWrap-right mt-8 xl:mt-20\n                    w-full xl:w-7\/12 xl:max-w-[950px]\n                    z-10 bottom-0 rounded-tl-[5rem] rounded-br-[5rem] overflow-hidden right-0 aspect-video\n                    xl:justify-end\n                    ml-auto sm:-mr-2 md:-mr-12 lg:-mr-[4.5rem] xl:mr-0\n                \">\n                    <img decoding=\"async\"\n                    loading=\"lazy\"\n                    class=\"object-cover aspect-video w-full h-full\"\n                                            srcset=\"\n                            https:\/\/www.vallox.com\/app\/uploads\/2025\/01\/showroom_1694x953px-150x150.webp 150w,\n                            https:\/\/www.vallox.com\/app\/uploads\/2025\/01\/showroom_1694x953px-300x169.webp 300w,\n                            https:\/\/www.vallox.com\/app\/uploads\/2025\/01\/showroom_1694x953px-768x432.webp 768w,\n                            https:\/\/www.vallox.com\/app\/uploads\/2025\/01\/showroom_1694x953px-1024x576.webp 1024w,\n                            https:\/\/www.vallox.com\/app\/uploads\/2025\/01\/showroom_1694x953px.webp 1694w,\n                        \"\n                                        src=\"https:\/\/www.vallox.com\/app\/uploads\/2025\/01\/showroom_1694x953px-768x432.webp\"\n                    alt=\"Tyhj\u00e4 kokoushuone, jossa sein\u00e4ll\u00e4 iso kuva perheest\u00e4 aamiaisella. Toisella sein\u00e4ll\u00e4 Valloxin logo.\"\n                    \/>\n                <\/div>\n                    <\/div>\n    <\/div>\n<\/section>\n\n\n\n<div style=\"height:40px\" aria-hidden=\"true\" class=\"wp-block-spacer\"><\/div>\n\n\n<section class=\"mb-8 w-full FiftyFiftyVisualWrapper\"  id=\"Code of Conduct\">\n    <div>\n        <div class=\"FiftyFiftyVisual relative flex w-full justify-between flex-col xl:flex-row-reverse\">\n            <div class=\"h-min\n                w-full xl:w-5\/12 3xl:w-7\/12\n                pt-4 sm:pt-8 md:pt-12 lg:pt-20  3xl:pt-20\n                px-0\n                pl-8\n            \">\n                <div class=\"bgElement calc(100vw \/ 2 * ((100vw - 1860px) * 0.1))\n                    absolute z-0 reversewrap\n                    bgElement-left\n                    \n                    right-0 left-0 xl:left-[50%] 3xl:left-[calc((40vw+((100vw-1860px)*0.07)))] 3xl:min-w-[1200px] xl:rounded-tl-xl\n                    top-0\n                    bottom-24 xl:bottom-0\n                                        bg-[rgba(165,185,196,0.3)]\"\n                ><\/div>\n                                    <h2 class=\"Title Title-right relative z-10\n                        flex flex-col justify-start\n                        text-black\n                        text-2xl lg:text-3xl 2xl:text-4xl\n                        leading-7 lg:leading-8\n                        font-bold\n                        mb-4\n                        \n                        xl:pl-8\">\n                        Code of Conduct\n                    <\/h2>\n                                                    <div class=\"Content Content-right flex flex-col justify-center relative z-10\n                        \n                        xl:pl-8\">\n                                                    <span class=\"Text text-black xl:text-custom-gray-dark pb-2\">\n                                <p>Our Code of Conduct supports operations in line with our values and promotes good corporate citizenship, justice, and respect for human rights both in our own operations and across our supply chain.<\/p>\n\n                            <\/span>\n                                                                        <div class=\"flex relative z-10\">\n                            \n\n\n\n    <a\n        href=\"https:\/\/asset.cloudinary.com\/vallox\/81138e5dd51236eacf690aff9698624c\"\n        alt=\"\"\n        target=\"_blank\"\n        class=\"\n            cursor-pointer\n            \n            \n            inline-flex\n            border-black\n            border-2\n            hover:border-primary\n            hover:text-primary\n            group\n            hover:bg-custom-gray-blueish-light\n            font-semibold\n            px-4\n            py-2\n            rounded-full\n            self-baseline\n        \"\n    >\n        Code of Conduct for suppliers\n        <span class=\"ml-2 w-3 h-auto fill-black group-hover:fill-primary flex justify-center items-center\"><svg clip-rule=\"evenodd\" fill-rule=\"evenodd\" stroke-linejoin=\"round\" stroke-miterlimit=\"2\" viewBox=\"0 0 24 24\" width=\"100%\" xmlns=\"http:\/\/www.w3.org\/2000\/svg\"><path d=\"m13.022 14.999v3.251c0 .412.335.75.752.75.188 0 .375-.071.518-.206 1.775-1.685 4.945-4.692 6.396-6.069.2-.189.312-.452.312-.725 0-.274-.112-.536-.312-.725-1.451-1.377-4.621-4.385-6.396-6.068-.143-.136-.33-.207-.518-.207-.417 0-.752.337-.752.75v3.251h-9.02c-.531 0-1.002.47-1.002 1v3.998c0 .53.471 1 1.002 1z\" fill-rule=\"nonzero\"\/><\/svg><\/span>\n    <\/a>\n                        <\/div>\n                                            <\/div>\n                            <\/div>\n\n                            <div class=\"ImgWrap ImgWrap-left mt-8 xl:mt-20\n                    w-full xl:w-7\/12 xl:max-w-[950px]\n                    z-10 bottom-0 rounded-tl-[5rem] rounded-br-[5rem] overflow-hidden left-0 aspect-video\n                    xl:justify-start\n                    -ml-8 md:-ml-16 lg:-ml-20 xl:ml-0\n                \">\n                    <img decoding=\"async\"\n                    loading=\"lazy\"\n                    class=\"object-cover aspect-video w-full h-full\"\n                                            srcset=\"\n                            https:\/\/www.vallox.com\/app\/uploads\/2025\/01\/kattelykuva_1694x953px-150x150.webp 150w,\n                            https:\/\/www.vallox.com\/app\/uploads\/2025\/01\/kattelykuva_1694x953px-300x169.webp 300w,\n                            https:\/\/www.vallox.com\/app\/uploads\/2025\/01\/kattelykuva_1694x953px-768x432.webp 768w,\n                            https:\/\/www.vallox.com\/app\/uploads\/2025\/01\/kattelykuva_1694x953px-1024x576.webp 1024w,\n                            https:\/\/www.vallox.com\/app\/uploads\/2025\/01\/kattelykuva_1694x953px.webp 1694w,\n                        \"\n                                        src=\"https:\/\/www.vallox.com\/app\/uploads\/2025\/01\/kattelykuva_1694x953px-768x432.webp\"\n                    alt=\"K\u00e4ttely\"\n                    \/>\n                <\/div>\n                    <\/div>\n    <\/div>\n<\/section>\n\n\n\n<div style=\"height:40px\" aria-hidden=\"true\" class=\"wp-block-spacer\"><\/div>\n\n\n<section class=\"mb-8 w-full FiftyFiftyVisualWrapper\"  id=\"Sertifiointi\">\n    <div>\n        <div class=\"FiftyFiftyVisual relative flex w-full justify-between flex-col xl:flex-row\">\n            <div class=\"h-min\n                w-full xl:w-5\/12 3xl:w-7\/12\n                pt-4 sm:pt-8 md:pt-12 lg:pt-20  3xl:pt-20\n                px-0\n                \n            \">\n                <div class=\"bgElement calc(100vw \/ 2 * ((100vw - 1860px) * 0.1))\n                    absolute z-0 reversewrap\n                    bgElement-right\n                    left-0 right-0 xl:right-[50%] 3xl:right-[calc((40vw-((100vw-1860px)*-0.03)))] 3xl:min-w-[1200px] xl:rounded-tr-xl\n                    \n                    top-0\n                    bottom-24 xl:bottom-0\n                                        bg-[rgba(165,185,196,0.3)]\"\n                ><\/div>\n                                    <h2 class=\"Title Title-left relative z-10\n                        flex flex-col justify-start\n                        text-black\n                        text-2xl lg:text-3xl 2xl:text-4xl\n                        leading-7 lg:leading-8\n                        font-bold\n                        mb-4\n                        xl:pr-8\n                        \">\n                        Certification\n                    <\/h2>\n                                                    <div class=\"Content Content-left flex flex-col justify-center relative z-10\n                        xl:pr-8\n                        \">\n                                                    <span class=\"Text text-black xl:text-custom-gray-dark pb-2\">\n                                <p>Vallox has been certified according to the ISO 9001 quality standard and ISO 14001 environmental standard. We review and constantly improve our operations and products in compliance with these standards. In addition to monitoring our own operations, we ensure that our partners follow these principles.<\/p>\n\n                            <\/span>\n                                                                        <div class=\"flex relative z-10\">\n                            \n\n\n\n    <a\n        href=\"https:\/\/www.vallox.com\/en\/corporate-responsibility\/certifications\/\"\n        alt=\"\"\n        target=\"\"\n        class=\"\n            cursor-pointer\n            \n            \n            inline-flex\n            border-black\n            border-2\n            hover:border-primary\n            hover:text-primary\n            group\n            hover:bg-custom-gray-blueish-light\n            font-semibold\n            px-4\n            py-2\n            rounded-full\n            self-baseline\n        \"\n    >\n        Certificates\n        <span class=\"ml-2 w-3 h-auto fill-black group-hover:fill-primary flex justify-center items-center\"><svg clip-rule=\"evenodd\" fill-rule=\"evenodd\" stroke-linejoin=\"round\" stroke-miterlimit=\"2\" viewBox=\"0 0 24 24\" width=\"100%\" xmlns=\"http:\/\/www.w3.org\/2000\/svg\"><path d=\"m13.022 14.999v3.251c0 .412.335.75.752.75.188 0 .375-.071.518-.206 1.775-1.685 4.945-4.692 6.396-6.069.2-.189.312-.452.312-.725 0-.274-.112-.536-.312-.725-1.451-1.377-4.621-4.385-6.396-6.068-.143-.136-.33-.207-.518-.207-.417 0-.752.337-.752.75v3.251h-9.02c-.531 0-1.002.47-1.002 1v3.998c0 .53.471 1 1.002 1z\" fill-rule=\"nonzero\"\/><\/svg><\/span>\n    <\/a>\n                        <\/div>\n                                            <\/div>\n                            <\/div>\n\n                            <div class=\"ImgWrap ImgWrap-right mt-8 xl:mt-20\n                    w-full xl:w-7\/12 xl:max-w-[950px]\n                    z-10 bottom-0 rounded-tl-[5rem] rounded-br-[5rem] overflow-hidden right-0 aspect-video\n                    xl:justify-end\n                    ml-auto sm:-mr-2 md:-mr-12 lg:-mr-[4.5rem] xl:mr-0\n                \">\n                    <img decoding=\"async\"\n                    loading=\"lazy\"\n                    class=\"object-cover aspect-video w-full h-full\"\n                                            srcset=\"\n                            https:\/\/www.vallox.com\/app\/uploads\/2023\/07\/ilmakuva_1694x953px-150x150.jpg 150w,\n                            https:\/\/www.vallox.com\/app\/uploads\/2023\/07\/ilmakuva_1694x953px-300x169.jpg 300w,\n                            https:\/\/www.vallox.com\/app\/uploads\/2023\/07\/ilmakuva_1694x953px-768x432.jpg 768w,\n                            https:\/\/www.vallox.com\/app\/uploads\/2023\/07\/ilmakuva_1694x953px-1024x576.jpg 1024w,\n                            https:\/\/www.vallox.com\/app\/uploads\/2023\/07\/ilmakuva_1694x953px.jpg 1694w,\n                        \"\n                                        src=\"https:\/\/www.vallox.com\/app\/uploads\/2023\/07\/ilmakuva_1694x953px-768x432.jpg\"\n                    alt=\"tehtaan ilmakuva\"\n                    \/>\n                <\/div>\n                    <\/div>\n    <\/div>\n<\/section>\n\n\n\n<div style=\"height:40px\" aria-hidden=\"true\" class=\"wp-block-spacer\"><\/div>\n","protected":false},"excerpt":{"rendered":"","protected":false},"author":3,"featured_media":0,"parent":9038,"menu_order":40,"comment_status":"closed","ping_status":"closed","template":"","meta":{"_acf_changed":false,"footnotes":""},"class_list":["post-24835","page","type-page","status-publish","hentry"],"acf":[],"yoast_head":"<!-- This site is optimized with the Yoast SEO plugin v26.9 - https:\/\/yoast.com\/product\/yoast-seo-wordpress\/ -->\n<title>Governance - Vallox<\/title>\n<meta name=\"description\" content=\"Governance\" \/>\n<meta name=\"robots\" content=\"index, follow, max-snippet:-1, max-image-preview:large, max-video-preview:-1\" \/>\n<link rel=\"canonical\" href=\"https:\/\/www.vallox.com\/en\/vastuullisuus\/governance\/\" \/>\n<meta property=\"og:locale\" content=\"en_US\" \/>\n<meta property=\"og:type\" content=\"article\" \/>\n<meta property=\"og:title\" content=\"Governance - Vallox\" \/>\n<meta property=\"og:description\" content=\"Governance\" \/>\n<meta property=\"og:url\" content=\"https:\/\/www.vallox.com\/en\/vastuullisuus\/governance\/\" \/>\n<meta property=\"og:site_name\" content=\"Vallox\" \/>\n<meta property=\"article:modified_time\" content=\"2026-04-07T08:47:04+00:00\" \/>\n<meta name=\"twitter:card\" content=\"summary_large_image\" \/>\n<meta name=\"twitter:label1\" content=\"Est. reading time\" \/>\n\t<meta name=\"twitter:data1\" content=\"3 minutes\" \/>\n<script type=\"application\/ld+json\" class=\"yoast-schema-graph\">{\"@context\":\"https:\/\/schema.org\",\"@graph\":[{\"@type\":\"WebPage\",\"@id\":\"https:\/\/www.vallox.com\/en\/vastuullisuus\/governance\/\",\"url\":\"https:\/\/www.vallox.com\/en\/vastuullisuus\/governance\/\",\"name\":\"Governance - Vallox\",\"isPartOf\":{\"@id\":\"https:\/\/www.vallox.com\/en\/#website\"},\"datePublished\":\"2025-01-23T14:38:42+00:00\",\"dateModified\":\"2026-04-07T08:47:04+00:00\",\"description\":\"Governance\",\"breadcrumb\":{\"@id\":\"https:\/\/www.vallox.com\/en\/vastuullisuus\/governance\/#breadcrumb\"},\"inLanguage\":\"en-US\",\"potentialAction\":[{\"@type\":\"ReadAction\",\"target\":[\"https:\/\/www.vallox.com\/en\/vastuullisuus\/governance\/\"]}]},{\"@type\":\"BreadcrumbList\",\"@id\":\"https:\/\/www.vallox.com\/en\/vastuullisuus\/governance\/#breadcrumb\",\"itemListElement\":[{\"@type\":\"ListItem\",\"position\":1,\"name\":\"Home\",\"item\":\"https:\/\/www.vallox.com\/en\/\"},{\"@type\":\"ListItem\",\"position\":2,\"name\":\"Sustainability\",\"item\":\"https:\/\/www.vallox.com\/en\/vastuullisuus\/\"},{\"@type\":\"ListItem\",\"position\":3,\"name\":\"Governance\"}]},{\"@type\":\"WebSite\",\"@id\":\"https:\/\/www.vallox.com\/en\/#website\",\"url\":\"https:\/\/www.vallox.com\/en\/\",\"name\":\"Vallox\",\"description\":\"\",\"potentialAction\":[{\"@type\":\"SearchAction\",\"target\":{\"@type\":\"EntryPoint\",\"urlTemplate\":\"https:\/\/www.vallox.com\/en\/?s={search_term_string}\"},\"query-input\":{\"@type\":\"PropertyValueSpecification\",\"valueRequired\":true,\"valueName\":\"search_term_string\"}}],\"inLanguage\":\"en-US\"}]}<\/script>\n<!-- \/ Yoast SEO plugin. -->","yoast_head_json":{"title":"Governance - Vallox","description":"Governance","robots":{"index":"index","follow":"follow","max-snippet":"max-snippet:-1","max-image-preview":"max-image-preview:large","max-video-preview":"max-video-preview:-1"},"canonical":"https:\/\/www.vallox.com\/en\/vastuullisuus\/governance\/","og_locale":"en_US","og_type":"article","og_title":"Governance - Vallox","og_description":"Governance","og_url":"https:\/\/www.vallox.com\/en\/vastuullisuus\/governance\/","og_site_name":"Vallox","article_modified_time":"2026-04-07T08:47:04+00:00","twitter_card":"summary_large_image","twitter_misc":{"Est. reading time":"3 minutes"},"schema":{"@context":"https:\/\/schema.org","@graph":[{"@type":"WebPage","@id":"https:\/\/www.vallox.com\/en\/vastuullisuus\/governance\/","url":"https:\/\/www.vallox.com\/en\/vastuullisuus\/governance\/","name":"Governance - Vallox","isPartOf":{"@id":"https:\/\/www.vallox.com\/en\/#website"},"datePublished":"2025-01-23T14:38:42+00:00","dateModified":"2026-04-07T08:47:04+00:00","description":"Governance","breadcrumb":{"@id":"https:\/\/www.vallox.com\/en\/vastuullisuus\/governance\/#breadcrumb"},"inLanguage":"en-US","potentialAction":[{"@type":"ReadAction","target":["https:\/\/www.vallox.com\/en\/vastuullisuus\/governance\/"]}]},{"@type":"BreadcrumbList","@id":"https:\/\/www.vallox.com\/en\/vastuullisuus\/governance\/#breadcrumb","itemListElement":[{"@type":"ListItem","position":1,"name":"Home","item":"https:\/\/www.vallox.com\/en\/"},{"@type":"ListItem","position":2,"name":"Sustainability","item":"https:\/\/www.vallox.com\/en\/vastuullisuus\/"},{"@type":"ListItem","position":3,"name":"Governance"}]},{"@type":"WebSite","@id":"https:\/\/www.vallox.com\/en\/#website","url":"https:\/\/www.vallox.com\/en\/","name":"Vallox","description":"","potentialAction":[{"@type":"SearchAction","target":{"@type":"EntryPoint","urlTemplate":"https:\/\/www.vallox.com\/en\/?s={search_term_string}"},"query-input":{"@type":"PropertyValueSpecification","valueRequired":true,"valueName":"search_term_string"}}],"inLanguage":"en-US"}]}},"_links":{"self":[{"href":"https:\/\/www.vallox.com\/en\/wp-json\/wp\/v2\/pages\/24835","targetHints":{"allow":["GET"]}}],"collection":[{"href":"https:\/\/www.vallox.com\/en\/wp-json\/wp\/v2\/pages"}],"about":[{"href":"https:\/\/www.vallox.com\/en\/wp-json\/wp\/v2\/types\/page"}],"author":[{"embeddable":true,"href":"https:\/\/www.vallox.com\/en\/wp-json\/wp\/v2\/users\/3"}],"replies":[{"embeddable":true,"href":"https:\/\/www.vallox.com\/en\/wp-json\/wp\/v2\/comments?post=24835"}],"version-history":[{"count":3,"href":"https:\/\/www.vallox.com\/en\/wp-json\/wp\/v2\/pages\/24835\/revisions"}],"predecessor-version":[{"id":29406,"href":"https:\/\/www.vallox.com\/en\/wp-json\/wp\/v2\/pages\/24835\/revisions\/29406"}],"up":[{"embeddable":true,"href":"https:\/\/www.vallox.com\/en\/wp-json\/wp\/v2\/pages\/9038"}],"wp:attachment":[{"href":"https:\/\/www.vallox.com\/en\/wp-json\/wp\/v2\/media?parent=24835"}],"curies":[{"name":"wp","href":"https:\/\/api.w.org\/{rel}","templated":true}]}}