{"id":24829,"date":"2025-02-04T11:02:31","date_gmt":"2025-02-04T09:02:31","guid":{"rendered":"https:\/\/www.vallox.com\/hiilikadenjalki\/"},"modified":"2025-03-21T13:43:36","modified_gmt":"2025-03-21T11:43:36","slug":"carbon-handprint","status":"publish","type":"page","link":"https:\/\/www.vallox.com\/en\/vastuullisuus\/environment\/carbon-handprint\/","title":{"rendered":"Carbon handprint"},"content":{"rendered":"    <div id=\"Section\" class=\"Block Section overflow-hidden w-full\">\n        <div class=\"Section-content relative max-w-[1088px] mx-auto w-full\">\n            \n<div  class=\"Image w-full h-auto mb-8\">\n    <img decoding=\"async\"\n        srcset=\"\n            https:\/\/www.vallox.com\/app\/uploads\/2025\/01\/Hiilikadenjalki-1024x576.webp 1024w,\n            https:\/\/www.vallox.com\/app\/uploads\/2025\/01\/Hiilikadenjalki-768x432.webp 768w,\n            https:\/\/www.vallox.com\/app\/uploads\/2025\/01\/Hiilikadenjalki-300x169.webp 300w,\n            https:\/\/www.vallox.com\/app\/uploads\/2025\/01\/Hiilikadenjalki-150x150.webp 150w,\n        \"\n        alt=\"Hiilik\u00e4denj\u00e4lki v\u00e4hent\u00e4\u00e4 hiilijalanj\u00e4lke\u00e4. Kuvassa vihre\u00e4 lehdist\u00e4 koostettu k\u00e4mmen peitt\u00e4\u00e4 harmaan jalanj\u00e4ljen.\"\n        src=\"https:\/\/www.vallox.com\/app\/uploads\/2025\/01\/Hiilikadenjalki-300x169.webp\"\n        class=\"object-cover w-full h-auto\"\n    \/>\n    <\/div>\n\n\n\n<p>Carbon handprint refers to companies whose activities increase positive climate impacts for customers. This determines the amount of emissions saved by a company\u2019s operations or solutions. The carbon handprint also includes guiding consumers to purchase more environmentally friendly services and products. Although the aim is to reduce the company\u2019s carbon footprint, i.e. carbon dioxide emissions from the company\u2019s own operations, the carbon handprint serves as a separate indicator that measures the company\u2019s climate impacts.<\/p>\n\n\n\n<p>Concrete ways of contributing to the carbon handprint include the use of raw materials or energy sources with a smaller carbon footprint. The carbon handprint can also be increased by extending product lifetime, improving a product\u2019s life-cycle performance, reducing the amount of waste generated by the company, and promoting carbon assimilation and sequestration. If a product\u2019s carbon footprint is smaller than the carbon footprint of other similar products on the market, this also contributes to the carbon handprint.<\/p>\n\n\n\n<p>Vallox increases its carbon handprint in many ways. We are constantly becoming more responsible, and the development is actively monitored to develop new solutions. An environmental dimension is considered in product design (DfE \u2013 Design for Environment), the energy efficiency of ventilation, and the quality of ventilation units.<\/p>\n\n\n\n<p>A product designed to be durable and energy-efficient ensures healthy indoor air. In addition, good ventilation keeps building structures in good condition, improving their durability and maintaining the building\u2019s value. An energy-efficient ventilation unit saves energy by recovering it and ventilating the space according to need. This reduces the total energy consumption, even though energy is used to operate the unit during the product\u2019s life cycle. This solution provides more positive environmental impacts compared to a traditional, natural ventilation system.<\/p>\n\n\n    <\/div>\n<\/div>\n","protected":false},"excerpt":{"rendered":"","protected":false},"author":3,"featured_media":0,"parent":24923,"menu_order":20,"comment_status":"closed","ping_status":"closed","template":"","meta":{"_acf_changed":false,"footnotes":""},"class_list":["post-24829","page","type-page","status-publish","hentry"],"acf":[],"yoast_head":"<!-- This site is optimized with the Yoast SEO plugin v26.9 - https:\/\/yoast.com\/product\/yoast-seo-wordpress\/ -->\n<title>Carbon handprint - Vallox<\/title>\n<meta name=\"description\" content=\"Carbon handprint Carbon handprint refers to companies whose activities increase positive climate impacts for customers.\" \/>\n<meta name=\"robots\" content=\"index, follow, max-snippet:-1, max-image-preview:large, max-video-preview:-1\" \/>\n<link rel=\"canonical\" href=\"https:\/\/www.vallox.com\/en\/vastuullisuus\/environment\/carbon-handprint\/\" \/>\n<meta property=\"og:locale\" content=\"en_US\" \/>\n<meta property=\"og:type\" content=\"article\" \/>\n<meta property=\"og:title\" content=\"Carbon handprint - Vallox\" \/>\n<meta property=\"og:description\" content=\"Carbon handprint Carbon handprint refers to companies whose activities increase positive climate impacts for customers.\" \/>\n<meta property=\"og:url\" content=\"https:\/\/www.vallox.com\/en\/vastuullisuus\/environment\/carbon-handprint\/\" \/>\n<meta property=\"og:site_name\" content=\"Vallox\" \/>\n<meta property=\"article:modified_time\" content=\"2025-03-21T11:43:36+00:00\" \/>\n<meta name=\"twitter:card\" content=\"summary_large_image\" \/>\n<meta name=\"twitter:label1\" content=\"Est. reading time\" \/>\n\t<meta name=\"twitter:data1\" content=\"4 minutes\" \/>\n<script type=\"application\/ld+json\" class=\"yoast-schema-graph\">{\"@context\":\"https:\/\/schema.org\",\"@graph\":[{\"@type\":\"WebPage\",\"@id\":\"https:\/\/www.vallox.com\/en\/vastuullisuus\/environment\/carbon-handprint\/\",\"url\":\"https:\/\/www.vallox.com\/en\/vastuullisuus\/environment\/carbon-handprint\/\",\"name\":\"Carbon handprint - Vallox\",\"isPartOf\":{\"@id\":\"https:\/\/www.vallox.com\/en\/#website\"},\"datePublished\":\"2025-02-04T09:02:31+00:00\",\"dateModified\":\"2025-03-21T11:43:36+00:00\",\"description\":\"Carbon handprint Carbon handprint refers to companies whose activities increase positive climate impacts for customers.\",\"breadcrumb\":{\"@id\":\"https:\/\/www.vallox.com\/en\/vastuullisuus\/environment\/carbon-handprint\/#breadcrumb\"},\"inLanguage\":\"en-US\",\"potentialAction\":[{\"@type\":\"ReadAction\",\"target\":[\"https:\/\/www.vallox.com\/en\/vastuullisuus\/environment\/carbon-handprint\/\"]}]},{\"@type\":\"BreadcrumbList\",\"@id\":\"https:\/\/www.vallox.com\/en\/vastuullisuus\/environment\/carbon-handprint\/#breadcrumb\",\"itemListElement\":[{\"@type\":\"ListItem\",\"position\":1,\"name\":\"Home\",\"item\":\"https:\/\/www.vallox.com\/en\/\"},{\"@type\":\"ListItem\",\"position\":2,\"name\":\"Carbon handprint\"}]},{\"@type\":\"WebSite\",\"@id\":\"https:\/\/www.vallox.com\/en\/#website\",\"url\":\"https:\/\/www.vallox.com\/en\/\",\"name\":\"Vallox\",\"description\":\"\",\"potentialAction\":[{\"@type\":\"SearchAction\",\"target\":{\"@type\":\"EntryPoint\",\"urlTemplate\":\"https:\/\/www.vallox.com\/en\/?s={search_term_string}\"},\"query-input\":{\"@type\":\"PropertyValueSpecification\",\"valueRequired\":true,\"valueName\":\"search_term_string\"}}],\"inLanguage\":\"en-US\"}]}<\/script>\n<!-- \/ Yoast SEO plugin. -->","yoast_head_json":{"title":"Carbon handprint - Vallox","description":"Carbon handprint Carbon handprint refers to companies whose activities increase positive climate impacts for customers.","robots":{"index":"index","follow":"follow","max-snippet":"max-snippet:-1","max-image-preview":"max-image-preview:large","max-video-preview":"max-video-preview:-1"},"canonical":"https:\/\/www.vallox.com\/en\/vastuullisuus\/environment\/carbon-handprint\/","og_locale":"en_US","og_type":"article","og_title":"Carbon handprint - Vallox","og_description":"Carbon handprint Carbon handprint refers to companies whose activities increase positive climate impacts for customers.","og_url":"https:\/\/www.vallox.com\/en\/vastuullisuus\/environment\/carbon-handprint\/","og_site_name":"Vallox","article_modified_time":"2025-03-21T11:43:36+00:00","twitter_card":"summary_large_image","twitter_misc":{"Est. reading time":"4 minutes"},"schema":{"@context":"https:\/\/schema.org","@graph":[{"@type":"WebPage","@id":"https:\/\/www.vallox.com\/en\/vastuullisuus\/environment\/carbon-handprint\/","url":"https:\/\/www.vallox.com\/en\/vastuullisuus\/environment\/carbon-handprint\/","name":"Carbon handprint - Vallox","isPartOf":{"@id":"https:\/\/www.vallox.com\/en\/#website"},"datePublished":"2025-02-04T09:02:31+00:00","dateModified":"2025-03-21T11:43:36+00:00","description":"Carbon handprint Carbon handprint refers to companies whose activities increase positive climate impacts for customers.","breadcrumb":{"@id":"https:\/\/www.vallox.com\/en\/vastuullisuus\/environment\/carbon-handprint\/#breadcrumb"},"inLanguage":"en-US","potentialAction":[{"@type":"ReadAction","target":["https:\/\/www.vallox.com\/en\/vastuullisuus\/environment\/carbon-handprint\/"]}]},{"@type":"BreadcrumbList","@id":"https:\/\/www.vallox.com\/en\/vastuullisuus\/environment\/carbon-handprint\/#breadcrumb","itemListElement":[{"@type":"ListItem","position":1,"name":"Home","item":"https:\/\/www.vallox.com\/en\/"},{"@type":"ListItem","position":2,"name":"Carbon handprint"}]},{"@type":"WebSite","@id":"https:\/\/www.vallox.com\/en\/#website","url":"https:\/\/www.vallox.com\/en\/","name":"Vallox","description":"","potentialAction":[{"@type":"SearchAction","target":{"@type":"EntryPoint","urlTemplate":"https:\/\/www.vallox.com\/en\/?s={search_term_string}"},"query-input":{"@type":"PropertyValueSpecification","valueRequired":true,"valueName":"search_term_string"}}],"inLanguage":"en-US"}]}},"_links":{"self":[{"href":"https:\/\/www.vallox.com\/en\/wp-json\/wp\/v2\/pages\/24829","targetHints":{"allow":["GET"]}}],"collection":[{"href":"https:\/\/www.vallox.com\/en\/wp-json\/wp\/v2\/pages"}],"about":[{"href":"https:\/\/www.vallox.com\/en\/wp-json\/wp\/v2\/types\/page"}],"author":[{"embeddable":true,"href":"https:\/\/www.vallox.com\/en\/wp-json\/wp\/v2\/users\/3"}],"replies":[{"embeddable":true,"href":"https:\/\/www.vallox.com\/en\/wp-json\/wp\/v2\/comments?post=24829"}],"version-history":[{"count":1,"href":"https:\/\/www.vallox.com\/en\/wp-json\/wp\/v2\/pages\/24829\/revisions"}],"predecessor-version":[{"id":24831,"href":"https:\/\/www.vallox.com\/en\/wp-json\/wp\/v2\/pages\/24829\/revisions\/24831"}],"up":[{"embeddable":true,"href":"https:\/\/www.vallox.com\/en\/wp-json\/wp\/v2\/pages\/24923"}],"wp:attachment":[{"href":"https:\/\/www.vallox.com\/en\/wp-json\/wp\/v2\/media?parent=24829"}],"curies":[{"name":"wp","href":"https:\/\/api.w.org\/{rel}","templated":true}]}}